{"id":55604,"date":"2026-05-12T21:44:04","date_gmt":"2026-05-12T19:44:04","guid":{"rendered":"https:\/\/rapidomotosport.hr\/?post_type=product&#038;p=55604"},"modified":"2026-05-12T21:44:47","modified_gmt":"2026-05-12T19:44:47","slug":"yamaha-tenere-700-rally-edition-ohlins-ar-x-40-adventure-shock-absorber-2023-2024","status":"publish","type":"product","link":"https:\/\/rapidomotosport.hr\/en\/proizvod\/yamaha-tenere-700-rally-edition-ohlins-ar-x-40-adventure-shock-absorber-2023-2024\/","title":{"rendered":"YAMAHA TENERE 700 RALLY EDITION \u00d6HLINS AR-X 40 ADVENTURE SHOCK ABSORBER 2023-2024"},"content":{"rendered":"","protected":false},"excerpt":{"rendered":"<p>Predstavljamo novu generaciju twin-tube stra\u017enjeg amortizera za adventure motocikle koji pru\u017ea znatno pove\u0107anu udobnost na cesti i pobolj\u0161ane off-road performanse. Novi \u00d6hlins TTX AR-X 40 amortizer tako\u0111er je vrlo prikladan za ve\u0107a optere\u0107enja i druge radne zahtjeve street i hyper naked motocikala.<\/p>\n<p>TTX AR-X 40 ima klip promjera 40 mm opremljen visokobrzinskim blow-off ventilom koji pove\u0107ava udobnost i kontrolu kroz iznimno \u0161irok raspon sila prigu\u0161enja. Novi amortizer opremljen je integriranim hidrauli\u010dnim pode\u0161iva\u010dem prednaprezanja koji odr\u017eava \u017eeljenu visinu motocikla pri pove\u0107anom optere\u0107enju te omogu\u0107uje voza\u010dima pove\u0107anje prednaprezanja amortizera do 20 mm, \u010dime se visina sjedala mo\u017ee podesiti i do 50 mm, ovisno o primjeni.<\/p>\n<p>TEHNI\u010cKI PODACI<\/p>\n<p>Duljina: 371 mm<br \/>\nHod: 96 mm<br \/>\nTvrdo\u0107a opruge: 70 N\/mm<br \/>\nPozicija: stra\u017enja<br \/>\nUgra\u0111ena opruga: 00698-19<br \/>\nSerija opruge: 00698<br \/>\nPolo\u017eaj ugradnje: stra\u017enji mono<\/p>\n","protected":false},"featured_media":55589,"template":"","meta":[],"product_brand":[],"product_cat":[1254],"product_tag":[],"class_list":{"0":"post-55604","1":"product","2":"type-product","3":"status-publish","4":"has-post-thumbnail","6":"product_cat-ohlins","8":"first","9":"instock","10":"sale","11":"shipping-taxable","12":"purchasable","13":"product-type-simple"},"yoast_head":"<!-- This site is optimized with the Yoast SEO plugin v27.5 - https:\/\/yoast.com\/product\/yoast-seo-wordpress\/ -->\n<title>YAMAHA TENERE 700 RALLY EDITION \u00d6HLINS AR-X 40 ADVENTURE SHOCK ABSORBER 2023-2024 - Rapido Motosport<\/title>\n<meta name=\"robots\" content=\"index, follow, max-snippet:-1, max-image-preview:large, max-video-preview:-1\" \/>\n<link rel=\"canonical\" href=\"https:\/\/rapidomotosport.hr\/en\/proizvod\/yamaha-tenere-700-rally-edition-ohlins-ar-x-40-adventure-shock-absorber-2023-2024\/\" \/>\n<meta property=\"og:locale\" content=\"en_US\" \/>\n<meta property=\"og:type\" content=\"article\" \/>\n<meta property=\"og:title\" content=\"YAMAHA TENERE 700 RALLY EDITION \u00d6HLINS AR-X 40 ADVENTURE SHOCK ABSORBER 2023-2024 - Rapido Motosport\" \/>\n<meta property=\"og:description\" content=\"Predstavljamo novu generaciju twin-tube stra\u017enjeg amortizera za adventure motocikle koji pru\u017ea znatno pove\u0107anu udobnost na cesti i pobolj\u0161ane off-road performanse. Novi \u00d6hlins TTX AR-X 40 amortizer tako\u0111er je vrlo prikladan za ve\u0107a optere\u0107enja i druge radne zahtjeve street i hyper naked motocikala.  TTX AR-X 40 ima klip promjera 40 mm opremljen visokobrzinskim blow-off ventilom koji pove\u0107ava udobnost i kontrolu kroz iznimno \u0161irok raspon sila prigu\u0161enja. Novi amortizer opremljen je integriranim hidrauli\u010dnim pode\u0161iva\u010dem prednaprezanja koji odr\u017eava \u017eeljenu visinu motocikla pri pove\u0107anom optere\u0107enju te omogu\u0107uje voza\u010dima pove\u0107anje prednaprezanja amortizera do 20 mm, \u010dime se visina sjedala mo\u017ee podesiti i do 50 mm, ovisno o primjeni.  TEHNI\u010cKI PODACI  Duljina: 371 mm Hod: 96 mm Tvrdo\u0107a opruge: 70 N\/mm Pozicija: stra\u017enja Ugra\u0111ena opruga: 00698-19 Serija opruge: 00698 Polo\u017eaj ugradnje: stra\u017enji mono\" \/>\n<meta property=\"og:url\" content=\"https:\/\/rapidomotosport.hr\/en\/proizvod\/yamaha-tenere-700-rally-edition-ohlins-ar-x-40-adventure-shock-absorber-2023-2024\/\" \/>\n<meta property=\"og:site_name\" content=\"Rapido Motosport\" \/>\n<meta property=\"article:modified_time\" content=\"2026-05-12T19:44:47+00:00\" \/>\n<meta property=\"og:image\" content=\"https:\/\/rapidomotosport.hr\/wp-content\/uploads\/2026\/05\/arbo-2-36.png\" \/>\n\t<meta property=\"og:image:width\" content=\"2048\" \/>\n\t<meta property=\"og:image:height\" content=\"1536\" \/>\n\t<meta property=\"og:image:type\" content=\"image\/png\" \/>\n<meta name=\"twitter:card\" content=\"summary_large_image\" \/>\n<meta name=\"twitter:label1\" content=\"Est. reading time\" \/>\n\t<meta name=\"twitter:data1\" content=\"1 minute\" \/>\n<script type=\"application\/ld+json\" class=\"yoast-schema-graph\">{\"@context\":\"https:\\\/\\\/schema.org\",\"@graph\":[{\"@type\":\"WebPage\",\"@id\":\"https:\\\/\\\/rapidomotosport.hr\\\/en\\\/proizvod\\\/yamaha-tenere-700-rally-edition-ohlins-ar-x-40-adventure-shock-absorber-2023-2024\\\/\",\"url\":\"https:\\\/\\\/rapidomotosport.hr\\\/en\\\/proizvod\\\/yamaha-tenere-700-rally-edition-ohlins-ar-x-40-adventure-shock-absorber-2023-2024\\\/\",\"name\":\"YAMAHA TENERE 700 RALLY EDITION \u00d6HLINS AR-X 40 ADVENTURE SHOCK ABSORBER 2023-2024 - Rapido Motosport\",\"isPartOf\":{\"@id\":\"https:\\\/\\\/rapidomotosport.hr\\\/en\\\/#website\"},\"primaryImageOfPage\":{\"@id\":\"https:\\\/\\\/rapidomotosport.hr\\\/en\\\/proizvod\\\/yamaha-tenere-700-rally-edition-ohlins-ar-x-40-adventure-shock-absorber-2023-2024\\\/#primaryimage\"},\"image\":{\"@id\":\"https:\\\/\\\/rapidomotosport.hr\\\/en\\\/proizvod\\\/yamaha-tenere-700-rally-edition-ohlins-ar-x-40-adventure-shock-absorber-2023-2024\\\/#primaryimage\"},\"thumbnailUrl\":\"https:\\\/\\\/rapidomotosport.hr\\\/wp-content\\\/uploads\\\/2026\\\/05\\\/arbo-2-36.png\",\"datePublished\":\"2026-05-12T19:44:04+00:00\",\"dateModified\":\"2026-05-12T19:44:47+00:00\",\"breadcrumb\":{\"@id\":\"https:\\\/\\\/rapidomotosport.hr\\\/en\\\/proizvod\\\/yamaha-tenere-700-rally-edition-ohlins-ar-x-40-adventure-shock-absorber-2023-2024\\\/#breadcrumb\"},\"inLanguage\":\"en-US\",\"potentialAction\":[{\"@type\":\"ReadAction\",\"target\":[\"https:\\\/\\\/rapidomotosport.hr\\\/en\\\/proizvod\\\/yamaha-tenere-700-rally-edition-ohlins-ar-x-40-adventure-shock-absorber-2023-2024\\\/\"]}]},{\"@type\":\"ImageObject\",\"inLanguage\":\"en-US\",\"@id\":\"https:\\\/\\\/rapidomotosport.hr\\\/en\\\/proizvod\\\/yamaha-tenere-700-rally-edition-ohlins-ar-x-40-adventure-shock-absorber-2023-2024\\\/#primaryimage\",\"url\":\"https:\\\/\\\/rapidomotosport.hr\\\/wp-content\\\/uploads\\\/2026\\\/05\\\/arbo-2-36.png\",\"contentUrl\":\"https:\\\/\\\/rapidomotosport.hr\\\/wp-content\\\/uploads\\\/2026\\\/05\\\/arbo-2-36.png\",\"width\":2048,\"height\":1536},{\"@type\":\"BreadcrumbList\",\"@id\":\"https:\\\/\\\/rapidomotosport.hr\\\/en\\\/proizvod\\\/yamaha-tenere-700-rally-edition-ohlins-ar-x-40-adventure-shock-absorber-2023-2024\\\/#breadcrumb\",\"itemListElement\":[{\"@type\":\"ListItem\",\"position\":1,\"name\":\"Po\u010detna stranica\",\"item\":\"https:\\\/\\\/rapidomotosport.hr\\\/en\\\/\"},{\"@type\":\"ListItem\",\"position\":2,\"name\":\"Shop\",\"item\":\"https:\\\/\\\/rapidomotosport.hr\\\/en\\\/shop\\\/\"},{\"@type\":\"ListItem\",\"position\":3,\"name\":\"YAMAHA TENERE 700 RALLY EDITION \u00d6HLINS AR-X 40 ADVENTURE SHOCK ABSORBER 2023-2024\"}]},{\"@type\":\"WebSite\",\"@id\":\"https:\\\/\\\/rapidomotosport.hr\\\/en\\\/#website\",\"url\":\"https:\\\/\\\/rapidomotosport.hr\\\/en\\\/\",\"name\":\"Rapido Motosport\",\"description\":\"\",\"potentialAction\":[{\"@type\":\"SearchAction\",\"target\":{\"@type\":\"EntryPoint\",\"urlTemplate\":\"https:\\\/\\\/rapidomotosport.hr\\\/en\\\/?s={search_term_string}\"},\"query-input\":{\"@type\":\"PropertyValueSpecification\",\"valueRequired\":true,\"valueName\":\"search_term_string\"}}],\"inLanguage\":\"en-US\"}]}<\/script>\n<!-- \/ Yoast SEO plugin. -->","yoast_head_json":{"title":"YAMAHA TENERE 700 RALLY EDITION \u00d6HLINS AR-X 40 ADVENTURE SHOCK ABSORBER 2023-2024 - Rapido Motosport","robots":{"index":"index","follow":"follow","max-snippet":"max-snippet:-1","max-image-preview":"max-image-preview:large","max-video-preview":"max-video-preview:-1"},"canonical":"https:\/\/rapidomotosport.hr\/en\/proizvod\/yamaha-tenere-700-rally-edition-ohlins-ar-x-40-adventure-shock-absorber-2023-2024\/","og_locale":"en_US","og_type":"article","og_title":"YAMAHA TENERE 700 RALLY EDITION \u00d6HLINS AR-X 40 ADVENTURE SHOCK ABSORBER 2023-2024 - Rapido Motosport","og_description":"Predstavljamo novu generaciju twin-tube stra\u017enjeg amortizera za adventure motocikle koji pru\u017ea znatno pove\u0107anu udobnost na cesti i pobolj\u0161ane off-road performanse. Novi \u00d6hlins TTX AR-X 40 amortizer tako\u0111er je vrlo prikladan za ve\u0107a optere\u0107enja i druge radne zahtjeve street i hyper naked motocikala.  TTX AR-X 40 ima klip promjera 40 mm opremljen visokobrzinskim blow-off ventilom koji pove\u0107ava udobnost i kontrolu kroz iznimno \u0161irok raspon sila prigu\u0161enja. Novi amortizer opremljen je integriranim hidrauli\u010dnim pode\u0161iva\u010dem prednaprezanja koji odr\u017eava \u017eeljenu visinu motocikla pri pove\u0107anom optere\u0107enju te omogu\u0107uje voza\u010dima pove\u0107anje prednaprezanja amortizera do 20 mm, \u010dime se visina sjedala mo\u017ee podesiti i do 50 mm, ovisno o primjeni.  TEHNI\u010cKI PODACI  Duljina: 371 mm Hod: 96 mm Tvrdo\u0107a opruge: 70 N\/mm Pozicija: stra\u017enja Ugra\u0111ena opruga: 00698-19 Serija opruge: 00698 Polo\u017eaj ugradnje: stra\u017enji mono","og_url":"https:\/\/rapidomotosport.hr\/en\/proizvod\/yamaha-tenere-700-rally-edition-ohlins-ar-x-40-adventure-shock-absorber-2023-2024\/","og_site_name":"Rapido Motosport","article_modified_time":"2026-05-12T19:44:47+00:00","og_image":[{"width":2048,"height":1536,"url":"https:\/\/rapidomotosport.hr\/wp-content\/uploads\/2026\/05\/arbo-2-36.png","type":"image\/png"}],"twitter_card":"summary_large_image","twitter_misc":{"Est. reading time":"1 minute"},"schema":{"@context":"https:\/\/schema.org","@graph":[{"@type":"WebPage","@id":"https:\/\/rapidomotosport.hr\/en\/proizvod\/yamaha-tenere-700-rally-edition-ohlins-ar-x-40-adventure-shock-absorber-2023-2024\/","url":"https:\/\/rapidomotosport.hr\/en\/proizvod\/yamaha-tenere-700-rally-edition-ohlins-ar-x-40-adventure-shock-absorber-2023-2024\/","name":"YAMAHA TENERE 700 RALLY EDITION \u00d6HLINS AR-X 40 ADVENTURE SHOCK ABSORBER 2023-2024 - Rapido Motosport","isPartOf":{"@id":"https:\/\/rapidomotosport.hr\/en\/#website"},"primaryImageOfPage":{"@id":"https:\/\/rapidomotosport.hr\/en\/proizvod\/yamaha-tenere-700-rally-edition-ohlins-ar-x-40-adventure-shock-absorber-2023-2024\/#primaryimage"},"image":{"@id":"https:\/\/rapidomotosport.hr\/en\/proizvod\/yamaha-tenere-700-rally-edition-ohlins-ar-x-40-adventure-shock-absorber-2023-2024\/#primaryimage"},"thumbnailUrl":"https:\/\/rapidomotosport.hr\/wp-content\/uploads\/2026\/05\/arbo-2-36.png","datePublished":"2026-05-12T19:44:04+00:00","dateModified":"2026-05-12T19:44:47+00:00","breadcrumb":{"@id":"https:\/\/rapidomotosport.hr\/en\/proizvod\/yamaha-tenere-700-rally-edition-ohlins-ar-x-40-adventure-shock-absorber-2023-2024\/#breadcrumb"},"inLanguage":"en-US","potentialAction":[{"@type":"ReadAction","target":["https:\/\/rapidomotosport.hr\/en\/proizvod\/yamaha-tenere-700-rally-edition-ohlins-ar-x-40-adventure-shock-absorber-2023-2024\/"]}]},{"@type":"ImageObject","inLanguage":"en-US","@id":"https:\/\/rapidomotosport.hr\/en\/proizvod\/yamaha-tenere-700-rally-edition-ohlins-ar-x-40-adventure-shock-absorber-2023-2024\/#primaryimage","url":"https:\/\/rapidomotosport.hr\/wp-content\/uploads\/2026\/05\/arbo-2-36.png","contentUrl":"https:\/\/rapidomotosport.hr\/wp-content\/uploads\/2026\/05\/arbo-2-36.png","width":2048,"height":1536},{"@type":"BreadcrumbList","@id":"https:\/\/rapidomotosport.hr\/en\/proizvod\/yamaha-tenere-700-rally-edition-ohlins-ar-x-40-adventure-shock-absorber-2023-2024\/#breadcrumb","itemListElement":[{"@type":"ListItem","position":1,"name":"Po\u010detna stranica","item":"https:\/\/rapidomotosport.hr\/en\/"},{"@type":"ListItem","position":2,"name":"Shop","item":"https:\/\/rapidomotosport.hr\/en\/shop\/"},{"@type":"ListItem","position":3,"name":"YAMAHA TENERE 700 RALLY EDITION \u00d6HLINS AR-X 40 ADVENTURE SHOCK ABSORBER 2023-2024"}]},{"@type":"WebSite","@id":"https:\/\/rapidomotosport.hr\/en\/#website","url":"https:\/\/rapidomotosport.hr\/en\/","name":"Rapido Motosport","description":"","potentialAction":[{"@type":"SearchAction","target":{"@type":"EntryPoint","urlTemplate":"https:\/\/rapidomotosport.hr\/en\/?s={search_term_string}"},"query-input":{"@type":"PropertyValueSpecification","valueRequired":true,"valueName":"search_term_string"}}],"inLanguage":"en-US"}]}},"_links":{"self":[{"href":"https:\/\/rapidomotosport.hr\/en\/wp-json\/wp\/v2\/product\/55604","targetHints":{"allow":["GET"]}}],"collection":[{"href":"https:\/\/rapidomotosport.hr\/en\/wp-json\/wp\/v2\/product"}],"about":[{"href":"https:\/\/rapidomotosport.hr\/en\/wp-json\/wp\/v2\/types\/product"}],"wp:featuredmedia":[{"embeddable":true,"href":"https:\/\/rapidomotosport.hr\/en\/wp-json\/wp\/v2\/media\/55589"}],"wp:attachment":[{"href":"https:\/\/rapidomotosport.hr\/en\/wp-json\/wp\/v2\/media?parent=55604"}],"wp:term":[{"taxonomy":"product_brand","embeddable":true,"href":"https:\/\/rapidomotosport.hr\/en\/wp-json\/wp\/v2\/product_brand?post=55604"},{"taxonomy":"product_cat","embeddable":true,"href":"https:\/\/rapidomotosport.hr\/en\/wp-json\/wp\/v2\/product_cat?post=55604"},{"taxonomy":"product_tag","embeddable":true,"href":"https:\/\/rapidomotosport.hr\/en\/wp-json\/wp\/v2\/product_tag?post=55604"}],"curies":[{"name":"wp","href":"https:\/\/api.w.org\/{rel}","templated":true}]}}