{"id":55612,"date":"2026-05-12T21:58:07","date_gmt":"2026-05-12T19:58:07","guid":{"rendered":"https:\/\/rapidomotosport.hr\/?post_type=product&#038;p=55612"},"modified":"2026-05-12T21:58:27","modified_gmt":"2026-05-12T19:58:27","slug":"yamaha-xv-950-r-ohlins-stx-36-twin-shock-absorber-2014-2021","status":"publish","type":"product","link":"https:\/\/rapidomotosport.hr\/en\/proizvod\/yamaha-xv-950-r-ohlins-stx-36-twin-shock-absorber-2014-2021\/","title":{"rendered":"YAMAHA XV 950 R \u00d6HLINS STX 36 TWIN SHOCK ABSORBER 2014-2021"},"content":{"rendered":"","protected":false},"excerpt":{"rendered":"<p data-start=\"0\" data-end=\"351\"><span class=\"hover:entity-accent entity-underline inline cursor-pointer align-baseline\"><span class=\"whitespace-normal\">\u00d6hlins<\/span><\/span> STX36 Twin Custom &amp; Heritage amortizeri dizajnirani su za pobolj\u0161anje performansi i udobnosti na cesti. Od kruzera do caf\u00e9 racera, ovi twin amortizeri prikladni su za razli\u010dite modele. Nudimo emulzijske, piggyback, hose i inline verzije amortizera, sve izra\u0111ene po mjeri i testirane da odgovaraju va\u0161em motociklu.<\/p>\n<p data-start=\"353\" data-end=\"490\">Ovi STX36 Twin Custom &amp; Heritage amortizeri izra\u0111eni su za <span class=\"hover:entity-accent entity-underline inline cursor-pointer align-baseline\"><span class=\"whitespace-normal\">Yamaha XV 950 Bolt<\/span><\/span> i <span class=\"hover:entity-accent entity-underline inline cursor-pointer align-baseline\"><span class=\"whitespace-normal\">Yamaha XV 950R<\/span><\/span>.<\/p>\n<p data-start=\"492\" data-end=\"781\">Temeljeni na na\u0161em STX monotube dizajnu, amortizeri su opremljeni sustavom prigu\u0161enja pod tlakom plina i vanjskim piggyback spremnicima. Prednost piggyback spremnika je ve\u0107i volumen ulja, \u0161to odr\u017eava amortizere hladnijima i osigurava dosljedne performanse prigu\u0161enja u ekstremnim uvjetima.<\/p>\n<p data-start=\"783\" data-end=\"1058\">Uz podesivo kompresijsko i povratno prigu\u0161enje, mo\u017eete fino prilagoditi pona\u0161anje amortizera prema svojim preferencijama vo\u017enje. Podesivo prednaprezanje opruge omogu\u0107uje prilagodbu promjenama optere\u0107enja kako bi se osigurala pravilna geometrija upravljanja pri svakoj vo\u017enji.<\/p>\n<p data-start=\"1060\" data-end=\"1192\" data-is-last-node=\"\" data-is-only-node=\"\">Amortizeri su tako\u0111er podesivi po duljini, \u0161to omogu\u0107uje prilagodbu visine motocikla i dodatno pode\u0161avanje postavki va\u0161eg motocikla.<\/p>\n<p>TEHNI\u010cKI PODACI<\/p>\n<p>Duljina: 255 mm<br \/>\nHod: 50 mm<br \/>\nTvrdo\u0107a opruge: 40 N\/mm<br \/>\nPozicija: stra\u017enja<br \/>\nUgra\u0111ena opruga: 60281-27<br \/>\nJedinica pakiranja: par<\/p>\n","protected":false},"featured_media":55554,"template":"","meta":[],"product_brand":[],"product_cat":[1254],"product_tag":[],"class_list":{"0":"post-55612","1":"product","2":"type-product","3":"status-publish","4":"has-post-thumbnail","6":"product_cat-ohlins","8":"first","9":"instock","10":"sale","11":"shipping-taxable","12":"purchasable","13":"product-type-simple"},"yoast_head":"<!-- This site is optimized with the Yoast SEO plugin v27.5 - https:\/\/yoast.com\/product\/yoast-seo-wordpress\/ -->\n<title>YAMAHA XV 950 R \u00d6HLINS STX 36 TWIN SHOCK ABSORBER 2014-2021 - Rapido Motosport<\/title>\n<meta name=\"robots\" content=\"index, follow, max-snippet:-1, max-image-preview:large, max-video-preview:-1\" \/>\n<link rel=\"canonical\" href=\"https:\/\/rapidomotosport.hr\/en\/proizvod\/yamaha-xv-950-r-ohlins-stx-36-twin-shock-absorber-2014-2021\/\" \/>\n<meta property=\"og:locale\" content=\"en_US\" \/>\n<meta property=\"og:type\" content=\"article\" \/>\n<meta property=\"og:title\" content=\"YAMAHA XV 950 R \u00d6HLINS STX 36 TWIN SHOCK ABSORBER 2014-2021 - Rapido Motosport\" \/>\n<meta property=\"og:description\" content=\"\u00d6hlins STX36 Twin Custom &amp; Heritage amortizeri dizajnirani su za pobolj\u0161anje performansi i udobnosti na cesti. Od kruzera do caf\u00e9 racera, ovi twin amortizeri prikladni su za razli\u010dite modele. Nudimo emulzijske, piggyback, hose i inline verzije amortizera, sve izra\u0111ene po mjeri i testirane da odgovaraju va\u0161em motociklu. Ovi STX36 Twin Custom &amp; Heritage amortizeri izra\u0111eni su za Yamaha XV 950 Bolt i Yamaha XV 950R. Temeljeni na na\u0161em STX monotube dizajnu, amortizeri su opremljeni sustavom prigu\u0161enja pod tlakom plina i vanjskim piggyback spremnicima. Prednost piggyback spremnika je ve\u0107i volumen ulja, \u0161to odr\u017eava amortizere hladnijima i osigurava dosljedne performanse prigu\u0161enja u ekstremnim uvjetima. Uz podesivo kompresijsko i povratno prigu\u0161enje, mo\u017eete fino prilagoditi pona\u0161anje amortizera prema svojim preferencijama vo\u017enje. Podesivo prednaprezanje opruge omogu\u0107uje prilagodbu promjenama optere\u0107enja kako bi se osigurala pravilna geometrija upravljanja pri svakoj vo\u017enji. Amortizeri su tako\u0111er podesivi po duljini, \u0161to omogu\u0107uje prilagodbu visine motocikla i dodatno pode\u0161avanje postavki va\u0161eg motocikla. TEHNI\u010cKI PODACI  Duljina: 255 mm Hod: 50 mm Tvrdo\u0107a opruge: 40 N\/mm Pozicija: stra\u017enja Ugra\u0111ena opruga: 60281-27 Jedinica pakiranja: par\" \/>\n<meta property=\"og:url\" content=\"https:\/\/rapidomotosport.hr\/en\/proizvod\/yamaha-xv-950-r-ohlins-stx-36-twin-shock-absorber-2014-2021\/\" \/>\n<meta property=\"og:site_name\" content=\"Rapido Motosport\" \/>\n<meta property=\"article:modified_time\" content=\"2026-05-12T19:58:27+00:00\" \/>\n<meta property=\"og:image\" content=\"https:\/\/rapidomotosport.hr\/wp-content\/uploads\/2026\/05\/arbo-2-33.png\" \/>\n\t<meta property=\"og:image:width\" content=\"2048\" \/>\n\t<meta property=\"og:image:height\" content=\"1536\" \/>\n\t<meta property=\"og:image:type\" content=\"image\/png\" \/>\n<meta name=\"twitter:card\" content=\"summary_large_image\" \/>\n<meta name=\"twitter:label1\" content=\"Est. reading time\" \/>\n\t<meta name=\"twitter:data1\" content=\"1 minute\" \/>\n<script type=\"application\/ld+json\" class=\"yoast-schema-graph\">{\"@context\":\"https:\\\/\\\/schema.org\",\"@graph\":[{\"@type\":\"WebPage\",\"@id\":\"https:\\\/\\\/rapidomotosport.hr\\\/en\\\/proizvod\\\/yamaha-xv-950-r-ohlins-stx-36-twin-shock-absorber-2014-2021\\\/\",\"url\":\"https:\\\/\\\/rapidomotosport.hr\\\/en\\\/proizvod\\\/yamaha-xv-950-r-ohlins-stx-36-twin-shock-absorber-2014-2021\\\/\",\"name\":\"YAMAHA XV 950 R \u00d6HLINS STX 36 TWIN SHOCK ABSORBER 2014-2021 - Rapido Motosport\",\"isPartOf\":{\"@id\":\"https:\\\/\\\/rapidomotosport.hr\\\/en\\\/#website\"},\"primaryImageOfPage\":{\"@id\":\"https:\\\/\\\/rapidomotosport.hr\\\/en\\\/proizvod\\\/yamaha-xv-950-r-ohlins-stx-36-twin-shock-absorber-2014-2021\\\/#primaryimage\"},\"image\":{\"@id\":\"https:\\\/\\\/rapidomotosport.hr\\\/en\\\/proizvod\\\/yamaha-xv-950-r-ohlins-stx-36-twin-shock-absorber-2014-2021\\\/#primaryimage\"},\"thumbnailUrl\":\"https:\\\/\\\/rapidomotosport.hr\\\/wp-content\\\/uploads\\\/2026\\\/05\\\/arbo-2-33.png\",\"datePublished\":\"2026-05-12T19:58:07+00:00\",\"dateModified\":\"2026-05-12T19:58:27+00:00\",\"breadcrumb\":{\"@id\":\"https:\\\/\\\/rapidomotosport.hr\\\/en\\\/proizvod\\\/yamaha-xv-950-r-ohlins-stx-36-twin-shock-absorber-2014-2021\\\/#breadcrumb\"},\"inLanguage\":\"en-US\",\"potentialAction\":[{\"@type\":\"ReadAction\",\"target\":[\"https:\\\/\\\/rapidomotosport.hr\\\/en\\\/proizvod\\\/yamaha-xv-950-r-ohlins-stx-36-twin-shock-absorber-2014-2021\\\/\"]}]},{\"@type\":\"ImageObject\",\"inLanguage\":\"en-US\",\"@id\":\"https:\\\/\\\/rapidomotosport.hr\\\/en\\\/proizvod\\\/yamaha-xv-950-r-ohlins-stx-36-twin-shock-absorber-2014-2021\\\/#primaryimage\",\"url\":\"https:\\\/\\\/rapidomotosport.hr\\\/wp-content\\\/uploads\\\/2026\\\/05\\\/arbo-2-33.png\",\"contentUrl\":\"https:\\\/\\\/rapidomotosport.hr\\\/wp-content\\\/uploads\\\/2026\\\/05\\\/arbo-2-33.png\",\"width\":2048,\"height\":1536},{\"@type\":\"BreadcrumbList\",\"@id\":\"https:\\\/\\\/rapidomotosport.hr\\\/en\\\/proizvod\\\/yamaha-xv-950-r-ohlins-stx-36-twin-shock-absorber-2014-2021\\\/#breadcrumb\",\"itemListElement\":[{\"@type\":\"ListItem\",\"position\":1,\"name\":\"Po\u010detna stranica\",\"item\":\"https:\\\/\\\/rapidomotosport.hr\\\/en\\\/\"},{\"@type\":\"ListItem\",\"position\":2,\"name\":\"Shop\",\"item\":\"https:\\\/\\\/rapidomotosport.hr\\\/en\\\/shop\\\/\"},{\"@type\":\"ListItem\",\"position\":3,\"name\":\"YAMAHA XV 950 R \u00d6HLINS STX 36 TWIN SHOCK ABSORBER 2014-2021\"}]},{\"@type\":\"WebSite\",\"@id\":\"https:\\\/\\\/rapidomotosport.hr\\\/en\\\/#website\",\"url\":\"https:\\\/\\\/rapidomotosport.hr\\\/en\\\/\",\"name\":\"Rapido Motosport\",\"description\":\"\",\"potentialAction\":[{\"@type\":\"SearchAction\",\"target\":{\"@type\":\"EntryPoint\",\"urlTemplate\":\"https:\\\/\\\/rapidomotosport.hr\\\/en\\\/?s={search_term_string}\"},\"query-input\":{\"@type\":\"PropertyValueSpecification\",\"valueRequired\":true,\"valueName\":\"search_term_string\"}}],\"inLanguage\":\"en-US\"}]}<\/script>\n<!-- \/ Yoast SEO plugin. -->","yoast_head_json":{"title":"YAMAHA XV 950 R \u00d6HLINS STX 36 TWIN SHOCK ABSORBER 2014-2021 - Rapido Motosport","robots":{"index":"index","follow":"follow","max-snippet":"max-snippet:-1","max-image-preview":"max-image-preview:large","max-video-preview":"max-video-preview:-1"},"canonical":"https:\/\/rapidomotosport.hr\/en\/proizvod\/yamaha-xv-950-r-ohlins-stx-36-twin-shock-absorber-2014-2021\/","og_locale":"en_US","og_type":"article","og_title":"YAMAHA XV 950 R \u00d6HLINS STX 36 TWIN SHOCK ABSORBER 2014-2021 - Rapido Motosport","og_description":"\u00d6hlins STX36 Twin Custom &amp; Heritage amortizeri dizajnirani su za pobolj\u0161anje performansi i udobnosti na cesti. Od kruzera do caf\u00e9 racera, ovi twin amortizeri prikladni su za razli\u010dite modele. Nudimo emulzijske, piggyback, hose i inline verzije amortizera, sve izra\u0111ene po mjeri i testirane da odgovaraju va\u0161em motociklu. Ovi STX36 Twin Custom &amp; Heritage amortizeri izra\u0111eni su za Yamaha XV 950 Bolt i Yamaha XV 950R. Temeljeni na na\u0161em STX monotube dizajnu, amortizeri su opremljeni sustavom prigu\u0161enja pod tlakom plina i vanjskim piggyback spremnicima. Prednost piggyback spremnika je ve\u0107i volumen ulja, \u0161to odr\u017eava amortizere hladnijima i osigurava dosljedne performanse prigu\u0161enja u ekstremnim uvjetima. Uz podesivo kompresijsko i povratno prigu\u0161enje, mo\u017eete fino prilagoditi pona\u0161anje amortizera prema svojim preferencijama vo\u017enje. Podesivo prednaprezanje opruge omogu\u0107uje prilagodbu promjenama optere\u0107enja kako bi se osigurala pravilna geometrija upravljanja pri svakoj vo\u017enji. Amortizeri su tako\u0111er podesivi po duljini, \u0161to omogu\u0107uje prilagodbu visine motocikla i dodatno pode\u0161avanje postavki va\u0161eg motocikla. TEHNI\u010cKI PODACI  Duljina: 255 mm Hod: 50 mm Tvrdo\u0107a opruge: 40 N\/mm Pozicija: stra\u017enja Ugra\u0111ena opruga: 60281-27 Jedinica pakiranja: par","og_url":"https:\/\/rapidomotosport.hr\/en\/proizvod\/yamaha-xv-950-r-ohlins-stx-36-twin-shock-absorber-2014-2021\/","og_site_name":"Rapido Motosport","article_modified_time":"2026-05-12T19:58:27+00:00","og_image":[{"width":2048,"height":1536,"url":"https:\/\/rapidomotosport.hr\/wp-content\/uploads\/2026\/05\/arbo-2-33.png","type":"image\/png"}],"twitter_card":"summary_large_image","twitter_misc":{"Est. reading time":"1 minute"},"schema":{"@context":"https:\/\/schema.org","@graph":[{"@type":"WebPage","@id":"https:\/\/rapidomotosport.hr\/en\/proizvod\/yamaha-xv-950-r-ohlins-stx-36-twin-shock-absorber-2014-2021\/","url":"https:\/\/rapidomotosport.hr\/en\/proizvod\/yamaha-xv-950-r-ohlins-stx-36-twin-shock-absorber-2014-2021\/","name":"YAMAHA XV 950 R \u00d6HLINS STX 36 TWIN SHOCK ABSORBER 2014-2021 - Rapido Motosport","isPartOf":{"@id":"https:\/\/rapidomotosport.hr\/en\/#website"},"primaryImageOfPage":{"@id":"https:\/\/rapidomotosport.hr\/en\/proizvod\/yamaha-xv-950-r-ohlins-stx-36-twin-shock-absorber-2014-2021\/#primaryimage"},"image":{"@id":"https:\/\/rapidomotosport.hr\/en\/proizvod\/yamaha-xv-950-r-ohlins-stx-36-twin-shock-absorber-2014-2021\/#primaryimage"},"thumbnailUrl":"https:\/\/rapidomotosport.hr\/wp-content\/uploads\/2026\/05\/arbo-2-33.png","datePublished":"2026-05-12T19:58:07+00:00","dateModified":"2026-05-12T19:58:27+00:00","breadcrumb":{"@id":"https:\/\/rapidomotosport.hr\/en\/proizvod\/yamaha-xv-950-r-ohlins-stx-36-twin-shock-absorber-2014-2021\/#breadcrumb"},"inLanguage":"en-US","potentialAction":[{"@type":"ReadAction","target":["https:\/\/rapidomotosport.hr\/en\/proizvod\/yamaha-xv-950-r-ohlins-stx-36-twin-shock-absorber-2014-2021\/"]}]},{"@type":"ImageObject","inLanguage":"en-US","@id":"https:\/\/rapidomotosport.hr\/en\/proizvod\/yamaha-xv-950-r-ohlins-stx-36-twin-shock-absorber-2014-2021\/#primaryimage","url":"https:\/\/rapidomotosport.hr\/wp-content\/uploads\/2026\/05\/arbo-2-33.png","contentUrl":"https:\/\/rapidomotosport.hr\/wp-content\/uploads\/2026\/05\/arbo-2-33.png","width":2048,"height":1536},{"@type":"BreadcrumbList","@id":"https:\/\/rapidomotosport.hr\/en\/proizvod\/yamaha-xv-950-r-ohlins-stx-36-twin-shock-absorber-2014-2021\/#breadcrumb","itemListElement":[{"@type":"ListItem","position":1,"name":"Po\u010detna stranica","item":"https:\/\/rapidomotosport.hr\/en\/"},{"@type":"ListItem","position":2,"name":"Shop","item":"https:\/\/rapidomotosport.hr\/en\/shop\/"},{"@type":"ListItem","position":3,"name":"YAMAHA XV 950 R \u00d6HLINS STX 36 TWIN SHOCK ABSORBER 2014-2021"}]},{"@type":"WebSite","@id":"https:\/\/rapidomotosport.hr\/en\/#website","url":"https:\/\/rapidomotosport.hr\/en\/","name":"Rapido Motosport","description":"","potentialAction":[{"@type":"SearchAction","target":{"@type":"EntryPoint","urlTemplate":"https:\/\/rapidomotosport.hr\/en\/?s={search_term_string}"},"query-input":{"@type":"PropertyValueSpecification","valueRequired":true,"valueName":"search_term_string"}}],"inLanguage":"en-US"}]}},"_links":{"self":[{"href":"https:\/\/rapidomotosport.hr\/en\/wp-json\/wp\/v2\/product\/55612","targetHints":{"allow":["GET"]}}],"collection":[{"href":"https:\/\/rapidomotosport.hr\/en\/wp-json\/wp\/v2\/product"}],"about":[{"href":"https:\/\/rapidomotosport.hr\/en\/wp-json\/wp\/v2\/types\/product"}],"wp:featuredmedia":[{"embeddable":true,"href":"https:\/\/rapidomotosport.hr\/en\/wp-json\/wp\/v2\/media\/55554"}],"wp:attachment":[{"href":"https:\/\/rapidomotosport.hr\/en\/wp-json\/wp\/v2\/media?parent=55612"}],"wp:term":[{"taxonomy":"product_brand","embeddable":true,"href":"https:\/\/rapidomotosport.hr\/en\/wp-json\/wp\/v2\/product_brand?post=55612"},{"taxonomy":"product_cat","embeddable":true,"href":"https:\/\/rapidomotosport.hr\/en\/wp-json\/wp\/v2\/product_cat?post=55612"},{"taxonomy":"product_tag","embeddable":true,"href":"https:\/\/rapidomotosport.hr\/en\/wp-json\/wp\/v2\/product_tag?post=55612"}],"curies":[{"name":"wp","href":"https:\/\/api.w.org\/{rel}","templated":true}]}}