{"id":55643,"date":"2026-05-12T22:44:36","date_gmt":"2026-05-12T20:44:36","guid":{"rendered":"https:\/\/rapidomotosport.hr\/?post_type=product&#038;p=55643"},"modified":"2026-05-12T22:47:17","modified_gmt":"2026-05-12T20:47:17","slug":"yamaha-r1-ohlins-ttx-gp-shock-absorber-2009-2014","status":"publish","type":"product","link":"https:\/\/rapidomotosport.hr\/en\/proizvod\/yamaha-r1-ohlins-ttx-gp-shock-absorber-2009-2014\/","title":{"rendered":"YAMAHA R1 \u00d6HLINS TTX GP SHOCK ABSORBER 2009-2014"},"content":{"rendered":"","protected":false},"excerpt":{"rendered":"<p>Na temelju performansi va\u0161eg motocikla, njegove cijene i dostupnog prostora za ugradnju, osmislili smo amortizer za koji smatramo da mu odgovara, kako u pogledu cijene tako i u pogledu performansi. Po\u010dinjemo odabirom tipa koji izra\u0111ujemo po mjeri za va\u0161 specifi\u010dni motocikl. Osnovna postavka, dizajn shim paketa i kalibracija pode\u0161iva\u010da testirani su i na cesti i na stazi. To su rezultati stvarnih testiranja s va\u0161im motociklom i bez ikakvog naga\u0111anja.<\/p>\n<p>\u00d6hlins proizvodi vi\u0161e od 300 razli\u010ditih modela amortizera, pri \u010demu je svaki model izra\u0111en po mjeri za jedan specifi\u010dan motocikl. Koncept svih \u00d6hlins proizvoda nije tajna \u2013 to je preciznost. Preciznost omogu\u0107uje vrhunsku kontrolu sile prigu\u0161enja i klju\u010d je na\u0161eg uspjeha.<\/p>\n<p>TEHNI\u010cKI PODACI<\/p>\n<p>Duljina: 297 +4\/-2 mm<br \/>\nHod: 60 mm<br \/>\nTvrdo\u0107a opruge: 80 N\/mm<br \/>\nPozicija: stra\u017enja<br \/>\nUgra\u0111ena opruga: 21040-29<\/p>\n","protected":false},"featured_media":55644,"template":"","meta":[],"product_brand":[],"product_cat":[1254],"product_tag":[],"class_list":{"0":"post-55643","1":"product","2":"type-product","3":"status-publish","4":"has-post-thumbnail","6":"product_cat-ohlins","8":"first","9":"instock","10":"sale","11":"shipping-taxable","12":"purchasable","13":"product-type-simple"},"yoast_head":"<!-- This site is optimized with the Yoast SEO plugin v27.5 - https:\/\/yoast.com\/product\/yoast-seo-wordpress\/ -->\n<title>YAMAHA R1 \u00d6HLINS TTX GP SHOCK ABSORBER 2009-2014 - Rapido Motosport<\/title>\n<meta name=\"robots\" content=\"index, follow, max-snippet:-1, max-image-preview:large, max-video-preview:-1\" \/>\n<link rel=\"canonical\" href=\"https:\/\/rapidomotosport.hr\/en\/proizvod\/yamaha-r1-ohlins-ttx-gp-shock-absorber-2009-2014\/\" \/>\n<meta property=\"og:locale\" content=\"en_US\" \/>\n<meta property=\"og:type\" content=\"article\" \/>\n<meta property=\"og:title\" content=\"YAMAHA R1 \u00d6HLINS TTX GP SHOCK ABSORBER 2009-2014 - Rapido Motosport\" \/>\n<meta property=\"og:description\" content=\"Na temelju performansi va\u0161eg motocikla, njegove cijene i dostupnog prostora za ugradnju, osmislili smo amortizer za koji smatramo da mu odgovara, kako u pogledu cijene tako i u pogledu performansi. Po\u010dinjemo odabirom tipa koji izra\u0111ujemo po mjeri za va\u0161 specifi\u010dni motocikl. Osnovna postavka, dizajn shim paketa i kalibracija pode\u0161iva\u010da testirani su i na cesti i na stazi. To su rezultati stvarnih testiranja s va\u0161im motociklom i bez ikakvog naga\u0111anja.  \u00d6hlins proizvodi vi\u0161e od 300 razli\u010ditih modela amortizera, pri \u010demu je svaki model izra\u0111en po mjeri za jedan specifi\u010dan motocikl. Koncept svih \u00d6hlins proizvoda nije tajna \u2013 to je preciznost. Preciznost omogu\u0107uje vrhunsku kontrolu sile prigu\u0161enja i klju\u010d je na\u0161eg uspjeha.  TEHNI\u010cKI PODACI  Duljina: 297 +4\/-2 mm Hod: 60 mm Tvrdo\u0107a opruge: 80 N\/mm Pozicija: stra\u017enja Ugra\u0111ena opruga: 21040-29\" \/>\n<meta property=\"og:url\" content=\"https:\/\/rapidomotosport.hr\/en\/proizvod\/yamaha-r1-ohlins-ttx-gp-shock-absorber-2009-2014\/\" \/>\n<meta property=\"og:site_name\" content=\"Rapido Motosport\" \/>\n<meta property=\"article:modified_time\" content=\"2026-05-12T20:47:17+00:00\" \/>\n<meta property=\"og:image\" content=\"https:\/\/rapidomotosport.hr\/wp-content\/uploads\/2026\/05\/arbo-2-42.png\" \/>\n\t<meta property=\"og:image:width\" content=\"2048\" \/>\n\t<meta property=\"og:image:height\" content=\"1536\" \/>\n\t<meta property=\"og:image:type\" content=\"image\/png\" \/>\n<meta name=\"twitter:card\" content=\"summary_large_image\" \/>\n<script type=\"application\/ld+json\" class=\"yoast-schema-graph\">{\"@context\":\"https:\\\/\\\/schema.org\",\"@graph\":[{\"@type\":\"WebPage\",\"@id\":\"https:\\\/\\\/rapidomotosport.hr\\\/en\\\/proizvod\\\/yamaha-r1-ohlins-ttx-gp-shock-absorber-2009-2014\\\/\",\"url\":\"https:\\\/\\\/rapidomotosport.hr\\\/en\\\/proizvod\\\/yamaha-r1-ohlins-ttx-gp-shock-absorber-2009-2014\\\/\",\"name\":\"YAMAHA R1 \u00d6HLINS TTX GP SHOCK ABSORBER 2009-2014 - Rapido Motosport\",\"isPartOf\":{\"@id\":\"https:\\\/\\\/rapidomotosport.hr\\\/en\\\/#website\"},\"primaryImageOfPage\":{\"@id\":\"https:\\\/\\\/rapidomotosport.hr\\\/en\\\/proizvod\\\/yamaha-r1-ohlins-ttx-gp-shock-absorber-2009-2014\\\/#primaryimage\"},\"image\":{\"@id\":\"https:\\\/\\\/rapidomotosport.hr\\\/en\\\/proizvod\\\/yamaha-r1-ohlins-ttx-gp-shock-absorber-2009-2014\\\/#primaryimage\"},\"thumbnailUrl\":\"https:\\\/\\\/rapidomotosport.hr\\\/wp-content\\\/uploads\\\/2026\\\/05\\\/arbo-2-42.png\",\"datePublished\":\"2026-05-12T20:44:36+00:00\",\"dateModified\":\"2026-05-12T20:47:17+00:00\",\"breadcrumb\":{\"@id\":\"https:\\\/\\\/rapidomotosport.hr\\\/en\\\/proizvod\\\/yamaha-r1-ohlins-ttx-gp-shock-absorber-2009-2014\\\/#breadcrumb\"},\"inLanguage\":\"en-US\",\"potentialAction\":[{\"@type\":\"ReadAction\",\"target\":[\"https:\\\/\\\/rapidomotosport.hr\\\/en\\\/proizvod\\\/yamaha-r1-ohlins-ttx-gp-shock-absorber-2009-2014\\\/\"]}]},{\"@type\":\"ImageObject\",\"inLanguage\":\"en-US\",\"@id\":\"https:\\\/\\\/rapidomotosport.hr\\\/en\\\/proizvod\\\/yamaha-r1-ohlins-ttx-gp-shock-absorber-2009-2014\\\/#primaryimage\",\"url\":\"https:\\\/\\\/rapidomotosport.hr\\\/wp-content\\\/uploads\\\/2026\\\/05\\\/arbo-2-42.png\",\"contentUrl\":\"https:\\\/\\\/rapidomotosport.hr\\\/wp-content\\\/uploads\\\/2026\\\/05\\\/arbo-2-42.png\",\"width\":2048,\"height\":1536},{\"@type\":\"BreadcrumbList\",\"@id\":\"https:\\\/\\\/rapidomotosport.hr\\\/en\\\/proizvod\\\/yamaha-r1-ohlins-ttx-gp-shock-absorber-2009-2014\\\/#breadcrumb\",\"itemListElement\":[{\"@type\":\"ListItem\",\"position\":1,\"name\":\"Po\u010detna stranica\",\"item\":\"https:\\\/\\\/rapidomotosport.hr\\\/en\\\/\"},{\"@type\":\"ListItem\",\"position\":2,\"name\":\"Shop\",\"item\":\"https:\\\/\\\/rapidomotosport.hr\\\/en\\\/shop\\\/\"},{\"@type\":\"ListItem\",\"position\":3,\"name\":\"YAMAHA R1 \u00d6HLINS TTX GP SHOCK ABSORBER 2009-2014\"}]},{\"@type\":\"WebSite\",\"@id\":\"https:\\\/\\\/rapidomotosport.hr\\\/en\\\/#website\",\"url\":\"https:\\\/\\\/rapidomotosport.hr\\\/en\\\/\",\"name\":\"Rapido Motosport\",\"description\":\"\",\"potentialAction\":[{\"@type\":\"SearchAction\",\"target\":{\"@type\":\"EntryPoint\",\"urlTemplate\":\"https:\\\/\\\/rapidomotosport.hr\\\/en\\\/?s={search_term_string}\"},\"query-input\":{\"@type\":\"PropertyValueSpecification\",\"valueRequired\":true,\"valueName\":\"search_term_string\"}}],\"inLanguage\":\"en-US\"}]}<\/script>\n<!-- \/ Yoast SEO plugin. -->","yoast_head_json":{"title":"YAMAHA R1 \u00d6HLINS TTX GP SHOCK ABSORBER 2009-2014 - Rapido Motosport","robots":{"index":"index","follow":"follow","max-snippet":"max-snippet:-1","max-image-preview":"max-image-preview:large","max-video-preview":"max-video-preview:-1"},"canonical":"https:\/\/rapidomotosport.hr\/en\/proizvod\/yamaha-r1-ohlins-ttx-gp-shock-absorber-2009-2014\/","og_locale":"en_US","og_type":"article","og_title":"YAMAHA R1 \u00d6HLINS TTX GP SHOCK ABSORBER 2009-2014 - Rapido Motosport","og_description":"Na temelju performansi va\u0161eg motocikla, njegove cijene i dostupnog prostora za ugradnju, osmislili smo amortizer za koji smatramo da mu odgovara, kako u pogledu cijene tako i u pogledu performansi. Po\u010dinjemo odabirom tipa koji izra\u0111ujemo po mjeri za va\u0161 specifi\u010dni motocikl. Osnovna postavka, dizajn shim paketa i kalibracija pode\u0161iva\u010da testirani su i na cesti i na stazi. To su rezultati stvarnih testiranja s va\u0161im motociklom i bez ikakvog naga\u0111anja.  \u00d6hlins proizvodi vi\u0161e od 300 razli\u010ditih modela amortizera, pri \u010demu je svaki model izra\u0111en po mjeri za jedan specifi\u010dan motocikl. Koncept svih \u00d6hlins proizvoda nije tajna \u2013 to je preciznost. Preciznost omogu\u0107uje vrhunsku kontrolu sile prigu\u0161enja i klju\u010d je na\u0161eg uspjeha.  TEHNI\u010cKI PODACI  Duljina: 297 +4\/-2 mm Hod: 60 mm Tvrdo\u0107a opruge: 80 N\/mm Pozicija: stra\u017enja Ugra\u0111ena opruga: 21040-29","og_url":"https:\/\/rapidomotosport.hr\/en\/proizvod\/yamaha-r1-ohlins-ttx-gp-shock-absorber-2009-2014\/","og_site_name":"Rapido Motosport","article_modified_time":"2026-05-12T20:47:17+00:00","og_image":[{"width":2048,"height":1536,"url":"https:\/\/rapidomotosport.hr\/wp-content\/uploads\/2026\/05\/arbo-2-42.png","type":"image\/png"}],"twitter_card":"summary_large_image","schema":{"@context":"https:\/\/schema.org","@graph":[{"@type":"WebPage","@id":"https:\/\/rapidomotosport.hr\/en\/proizvod\/yamaha-r1-ohlins-ttx-gp-shock-absorber-2009-2014\/","url":"https:\/\/rapidomotosport.hr\/en\/proizvod\/yamaha-r1-ohlins-ttx-gp-shock-absorber-2009-2014\/","name":"YAMAHA R1 \u00d6HLINS TTX GP SHOCK ABSORBER 2009-2014 - Rapido Motosport","isPartOf":{"@id":"https:\/\/rapidomotosport.hr\/en\/#website"},"primaryImageOfPage":{"@id":"https:\/\/rapidomotosport.hr\/en\/proizvod\/yamaha-r1-ohlins-ttx-gp-shock-absorber-2009-2014\/#primaryimage"},"image":{"@id":"https:\/\/rapidomotosport.hr\/en\/proizvod\/yamaha-r1-ohlins-ttx-gp-shock-absorber-2009-2014\/#primaryimage"},"thumbnailUrl":"https:\/\/rapidomotosport.hr\/wp-content\/uploads\/2026\/05\/arbo-2-42.png","datePublished":"2026-05-12T20:44:36+00:00","dateModified":"2026-05-12T20:47:17+00:00","breadcrumb":{"@id":"https:\/\/rapidomotosport.hr\/en\/proizvod\/yamaha-r1-ohlins-ttx-gp-shock-absorber-2009-2014\/#breadcrumb"},"inLanguage":"en-US","potentialAction":[{"@type":"ReadAction","target":["https:\/\/rapidomotosport.hr\/en\/proizvod\/yamaha-r1-ohlins-ttx-gp-shock-absorber-2009-2014\/"]}]},{"@type":"ImageObject","inLanguage":"en-US","@id":"https:\/\/rapidomotosport.hr\/en\/proizvod\/yamaha-r1-ohlins-ttx-gp-shock-absorber-2009-2014\/#primaryimage","url":"https:\/\/rapidomotosport.hr\/wp-content\/uploads\/2026\/05\/arbo-2-42.png","contentUrl":"https:\/\/rapidomotosport.hr\/wp-content\/uploads\/2026\/05\/arbo-2-42.png","width":2048,"height":1536},{"@type":"BreadcrumbList","@id":"https:\/\/rapidomotosport.hr\/en\/proizvod\/yamaha-r1-ohlins-ttx-gp-shock-absorber-2009-2014\/#breadcrumb","itemListElement":[{"@type":"ListItem","position":1,"name":"Po\u010detna stranica","item":"https:\/\/rapidomotosport.hr\/en\/"},{"@type":"ListItem","position":2,"name":"Shop","item":"https:\/\/rapidomotosport.hr\/en\/shop\/"},{"@type":"ListItem","position":3,"name":"YAMAHA R1 \u00d6HLINS TTX GP SHOCK ABSORBER 2009-2014"}]},{"@type":"WebSite","@id":"https:\/\/rapidomotosport.hr\/en\/#website","url":"https:\/\/rapidomotosport.hr\/en\/","name":"Rapido Motosport","description":"","potentialAction":[{"@type":"SearchAction","target":{"@type":"EntryPoint","urlTemplate":"https:\/\/rapidomotosport.hr\/en\/?s={search_term_string}"},"query-input":{"@type":"PropertyValueSpecification","valueRequired":true,"valueName":"search_term_string"}}],"inLanguage":"en-US"}]}},"_links":{"self":[{"href":"https:\/\/rapidomotosport.hr\/en\/wp-json\/wp\/v2\/product\/55643","targetHints":{"allow":["GET"]}}],"collection":[{"href":"https:\/\/rapidomotosport.hr\/en\/wp-json\/wp\/v2\/product"}],"about":[{"href":"https:\/\/rapidomotosport.hr\/en\/wp-json\/wp\/v2\/types\/product"}],"wp:featuredmedia":[{"embeddable":true,"href":"https:\/\/rapidomotosport.hr\/en\/wp-json\/wp\/v2\/media\/55644"}],"wp:attachment":[{"href":"https:\/\/rapidomotosport.hr\/en\/wp-json\/wp\/v2\/media?parent=55643"}],"wp:term":[{"taxonomy":"product_brand","embeddable":true,"href":"https:\/\/rapidomotosport.hr\/en\/wp-json\/wp\/v2\/product_brand?post=55643"},{"taxonomy":"product_cat","embeddable":true,"href":"https:\/\/rapidomotosport.hr\/en\/wp-json\/wp\/v2\/product_cat?post=55643"},{"taxonomy":"product_tag","embeddable":true,"href":"https:\/\/rapidomotosport.hr\/en\/wp-json\/wp\/v2\/product_tag?post=55643"}],"curies":[{"name":"wp","href":"https:\/\/api.w.org\/{rel}","templated":true}]}}