{"id":55658,"date":"2026-05-12T23:20:56","date_gmt":"2026-05-12T21:20:56","guid":{"rendered":"https:\/\/rapidomotosport.hr\/?post_type=product&#038;p=55658"},"modified":"2026-05-12T23:22:23","modified_gmt":"2026-05-12T21:22:23","slug":"yamaha-r1-ohlins-ttx-25-cartridge-kit-2025","status":"publish","type":"product","link":"https:\/\/rapidomotosport.hr\/en\/proizvod\/yamaha-r1-ohlins-ttx-25-cartridge-kit-2025\/","title":{"rendered":"YAMAHA R1 \u00d6HLINS TTX 25 CARTRIDGE KIT 2025"},"content":{"rendered":"","protected":false},"excerpt":{"rendered":"<p>Trka\u0107i inspirirani FKR cartridge kit ima tehnologiju izravno izvedenu iz Moto3, Moto2 i Superbike World Championship prvenstava, razvijenu od strane na\u0161ih in\u017eenjera u \u0160vedskoj i dizajniranu za vrhunske trka\u0107e primjene.<\/p>\n<p>\u00d6hlins FKR Cartridge kit koristi sustav tla\u010denja oprugom, za razliku od starog sustava tla\u010denja plinom. Tlak opruge omogu\u0107uje jednostavniji i korisniku pristupa\u010dniji dizajn koji tako\u0111er olak\u0161ava odr\u017eavanje. Dodatno, sustav s opru\u017enim tla\u010denjem nema rizik od curenja plina, daje dosljedniju krivulju performansi te omogu\u0107uje kompaktniji dizajn.<\/p>\n<p>Uz \u00d6hlins TTX tehnologiju, novo dizajnirani klip i osovinu klipa od 8 mm smanjujemo porast tlaka i stvaramo br\u017ei odziv prigu\u0161enja. To rezultira \u201elinearnim\u201d karakterom prigu\u0161enja koji omogu\u0107uje vi\u0161e mogu\u0107nosti pode\u0161avanja, pove\u0107ava grip, pobolj\u0161ava apsorpciju neravnina te stabilnost \u0161asije.<\/p>\n<p>TEHNI\u010cKI PODACI<\/p>\n<p>Pozicija: prednja<br \/>\nSerija opruge: 04744-Serie<br \/>\nPolo\u017eaj ugradnje: prednja<br \/>\nPreporu\u010deno ulje: 01309<br \/>\nRazina ulja: 180 mm<br \/>\nU pakiranju: opruge 9,0 \/ 9,5 \/ 10,0 N\/mm<br \/>\nJedinica pakiranja: kit<\/p>\n","protected":false},"featured_media":54915,"template":"","meta":[],"product_brand":[],"product_cat":[1254],"product_tag":[],"class_list":{"0":"post-55658","1":"product","2":"type-product","3":"status-publish","4":"has-post-thumbnail","6":"product_cat-ohlins","8":"first","9":"instock","10":"sale","11":"shipping-taxable","12":"purchasable","13":"product-type-simple"},"yoast_head":"<!-- This site is optimized with the Yoast SEO plugin v27.5 - https:\/\/yoast.com\/product\/yoast-seo-wordpress\/ -->\n<title>YAMAHA R1 \u00d6HLINS TTX 25 CARTRIDGE KIT 2025 - Rapido Motosport<\/title>\n<meta name=\"robots\" content=\"index, follow, max-snippet:-1, max-image-preview:large, max-video-preview:-1\" \/>\n<link rel=\"canonical\" href=\"https:\/\/rapidomotosport.hr\/en\/proizvod\/yamaha-r1-ohlins-ttx-25-cartridge-kit-2025\/\" \/>\n<meta property=\"og:locale\" content=\"en_US\" \/>\n<meta property=\"og:type\" content=\"article\" \/>\n<meta property=\"og:title\" content=\"YAMAHA R1 \u00d6HLINS TTX 25 CARTRIDGE KIT 2025 - Rapido Motosport\" \/>\n<meta property=\"og:description\" content=\"Trka\u0107i inspirirani FKR cartridge kit ima tehnologiju izravno izvedenu iz Moto3, Moto2 i Superbike World Championship prvenstava, razvijenu od strane na\u0161ih in\u017eenjera u \u0160vedskoj i dizajniranu za vrhunske trka\u0107e primjene.  \u00d6hlins FKR Cartridge kit koristi sustav tla\u010denja oprugom, za razliku od starog sustava tla\u010denja plinom. Tlak opruge omogu\u0107uje jednostavniji i korisniku pristupa\u010dniji dizajn koji tako\u0111er olak\u0161ava odr\u017eavanje. Dodatno, sustav s opru\u017enim tla\u010denjem nema rizik od curenja plina, daje dosljedniju krivulju performansi te omogu\u0107uje kompaktniji dizajn.  Uz \u00d6hlins TTX tehnologiju, novo dizajnirani klip i osovinu klipa od 8 mm smanjujemo porast tlaka i stvaramo br\u017ei odziv prigu\u0161enja. To rezultira \u201elinearnim\u201d karakterom prigu\u0161enja koji omogu\u0107uje vi\u0161e mogu\u0107nosti pode\u0161avanja, pove\u0107ava grip, pobolj\u0161ava apsorpciju neravnina te stabilnost \u0161asije.  TEHNI\u010cKI PODACI  Pozicija: prednja Serija opruge: 04744-Serie Polo\u017eaj ugradnje: prednja Preporu\u010deno ulje: 01309 Razina ulja: 180 mm U pakiranju: opruge 9,0 \/ 9,5 \/ 10,0 N\/mm Jedinica pakiranja: kit\" \/>\n<meta property=\"og:url\" content=\"https:\/\/rapidomotosport.hr\/en\/proizvod\/yamaha-r1-ohlins-ttx-25-cartridge-kit-2025\/\" \/>\n<meta property=\"og:site_name\" content=\"Rapido Motosport\" \/>\n<meta property=\"article:modified_time\" content=\"2026-05-12T21:22:23+00:00\" \/>\n<meta property=\"og:image\" content=\"https:\/\/rapidomotosport.hr\/wp-content\/uploads\/2026\/04\/arbo-81.png\" \/>\n\t<meta property=\"og:image:width\" content=\"2048\" \/>\n\t<meta property=\"og:image:height\" content=\"1536\" \/>\n\t<meta property=\"og:image:type\" content=\"image\/png\" \/>\n<meta name=\"twitter:card\" content=\"summary_large_image\" \/>\n<script type=\"application\/ld+json\" class=\"yoast-schema-graph\">{\"@context\":\"https:\\\/\\\/schema.org\",\"@graph\":[{\"@type\":\"WebPage\",\"@id\":\"https:\\\/\\\/rapidomotosport.hr\\\/en\\\/proizvod\\\/yamaha-r1-ohlins-ttx-25-cartridge-kit-2025\\\/\",\"url\":\"https:\\\/\\\/rapidomotosport.hr\\\/en\\\/proizvod\\\/yamaha-r1-ohlins-ttx-25-cartridge-kit-2025\\\/\",\"name\":\"YAMAHA R1 \u00d6HLINS TTX 25 CARTRIDGE KIT 2025 - Rapido Motosport\",\"isPartOf\":{\"@id\":\"https:\\\/\\\/rapidomotosport.hr\\\/en\\\/#website\"},\"primaryImageOfPage\":{\"@id\":\"https:\\\/\\\/rapidomotosport.hr\\\/en\\\/proizvod\\\/yamaha-r1-ohlins-ttx-25-cartridge-kit-2025\\\/#primaryimage\"},\"image\":{\"@id\":\"https:\\\/\\\/rapidomotosport.hr\\\/en\\\/proizvod\\\/yamaha-r1-ohlins-ttx-25-cartridge-kit-2025\\\/#primaryimage\"},\"thumbnailUrl\":\"https:\\\/\\\/rapidomotosport.hr\\\/wp-content\\\/uploads\\\/2026\\\/04\\\/arbo-81.png\",\"datePublished\":\"2026-05-12T21:20:56+00:00\",\"dateModified\":\"2026-05-12T21:22:23+00:00\",\"breadcrumb\":{\"@id\":\"https:\\\/\\\/rapidomotosport.hr\\\/en\\\/proizvod\\\/yamaha-r1-ohlins-ttx-25-cartridge-kit-2025\\\/#breadcrumb\"},\"inLanguage\":\"en-US\",\"potentialAction\":[{\"@type\":\"ReadAction\",\"target\":[\"https:\\\/\\\/rapidomotosport.hr\\\/en\\\/proizvod\\\/yamaha-r1-ohlins-ttx-25-cartridge-kit-2025\\\/\"]}]},{\"@type\":\"ImageObject\",\"inLanguage\":\"en-US\",\"@id\":\"https:\\\/\\\/rapidomotosport.hr\\\/en\\\/proizvod\\\/yamaha-r1-ohlins-ttx-25-cartridge-kit-2025\\\/#primaryimage\",\"url\":\"https:\\\/\\\/rapidomotosport.hr\\\/wp-content\\\/uploads\\\/2026\\\/04\\\/arbo-81.png\",\"contentUrl\":\"https:\\\/\\\/rapidomotosport.hr\\\/wp-content\\\/uploads\\\/2026\\\/04\\\/arbo-81.png\",\"width\":2048,\"height\":1536},{\"@type\":\"BreadcrumbList\",\"@id\":\"https:\\\/\\\/rapidomotosport.hr\\\/en\\\/proizvod\\\/yamaha-r1-ohlins-ttx-25-cartridge-kit-2025\\\/#breadcrumb\",\"itemListElement\":[{\"@type\":\"ListItem\",\"position\":1,\"name\":\"Po\u010detna stranica\",\"item\":\"https:\\\/\\\/rapidomotosport.hr\\\/en\\\/\"},{\"@type\":\"ListItem\",\"position\":2,\"name\":\"Shop\",\"item\":\"https:\\\/\\\/rapidomotosport.hr\\\/en\\\/shop\\\/\"},{\"@type\":\"ListItem\",\"position\":3,\"name\":\"YAMAHA R1 \u00d6HLINS TTX 25 CARTRIDGE KIT 2025\"}]},{\"@type\":\"WebSite\",\"@id\":\"https:\\\/\\\/rapidomotosport.hr\\\/en\\\/#website\",\"url\":\"https:\\\/\\\/rapidomotosport.hr\\\/en\\\/\",\"name\":\"Rapido Motosport\",\"description\":\"\",\"potentialAction\":[{\"@type\":\"SearchAction\",\"target\":{\"@type\":\"EntryPoint\",\"urlTemplate\":\"https:\\\/\\\/rapidomotosport.hr\\\/en\\\/?s={search_term_string}\"},\"query-input\":{\"@type\":\"PropertyValueSpecification\",\"valueRequired\":true,\"valueName\":\"search_term_string\"}}],\"inLanguage\":\"en-US\"}]}<\/script>\n<!-- \/ Yoast SEO plugin. -->","yoast_head_json":{"title":"YAMAHA R1 \u00d6HLINS TTX 25 CARTRIDGE KIT 2025 - Rapido Motosport","robots":{"index":"index","follow":"follow","max-snippet":"max-snippet:-1","max-image-preview":"max-image-preview:large","max-video-preview":"max-video-preview:-1"},"canonical":"https:\/\/rapidomotosport.hr\/en\/proizvod\/yamaha-r1-ohlins-ttx-25-cartridge-kit-2025\/","og_locale":"en_US","og_type":"article","og_title":"YAMAHA R1 \u00d6HLINS TTX 25 CARTRIDGE KIT 2025 - Rapido Motosport","og_description":"Trka\u0107i inspirirani FKR cartridge kit ima tehnologiju izravno izvedenu iz Moto3, Moto2 i Superbike World Championship prvenstava, razvijenu od strane na\u0161ih in\u017eenjera u \u0160vedskoj i dizajniranu za vrhunske trka\u0107e primjene.  \u00d6hlins FKR Cartridge kit koristi sustav tla\u010denja oprugom, za razliku od starog sustava tla\u010denja plinom. Tlak opruge omogu\u0107uje jednostavniji i korisniku pristupa\u010dniji dizajn koji tako\u0111er olak\u0161ava odr\u017eavanje. Dodatno, sustav s opru\u017enim tla\u010denjem nema rizik od curenja plina, daje dosljedniju krivulju performansi te omogu\u0107uje kompaktniji dizajn.  Uz \u00d6hlins TTX tehnologiju, novo dizajnirani klip i osovinu klipa od 8 mm smanjujemo porast tlaka i stvaramo br\u017ei odziv prigu\u0161enja. To rezultira \u201elinearnim\u201d karakterom prigu\u0161enja koji omogu\u0107uje vi\u0161e mogu\u0107nosti pode\u0161avanja, pove\u0107ava grip, pobolj\u0161ava apsorpciju neravnina te stabilnost \u0161asije.  TEHNI\u010cKI PODACI  Pozicija: prednja Serija opruge: 04744-Serie Polo\u017eaj ugradnje: prednja Preporu\u010deno ulje: 01309 Razina ulja: 180 mm U pakiranju: opruge 9,0 \/ 9,5 \/ 10,0 N\/mm Jedinica pakiranja: kit","og_url":"https:\/\/rapidomotosport.hr\/en\/proizvod\/yamaha-r1-ohlins-ttx-25-cartridge-kit-2025\/","og_site_name":"Rapido Motosport","article_modified_time":"2026-05-12T21:22:23+00:00","og_image":[{"width":2048,"height":1536,"url":"https:\/\/rapidomotosport.hr\/wp-content\/uploads\/2026\/04\/arbo-81.png","type":"image\/png"}],"twitter_card":"summary_large_image","schema":{"@context":"https:\/\/schema.org","@graph":[{"@type":"WebPage","@id":"https:\/\/rapidomotosport.hr\/en\/proizvod\/yamaha-r1-ohlins-ttx-25-cartridge-kit-2025\/","url":"https:\/\/rapidomotosport.hr\/en\/proizvod\/yamaha-r1-ohlins-ttx-25-cartridge-kit-2025\/","name":"YAMAHA R1 \u00d6HLINS TTX 25 CARTRIDGE KIT 2025 - Rapido Motosport","isPartOf":{"@id":"https:\/\/rapidomotosport.hr\/en\/#website"},"primaryImageOfPage":{"@id":"https:\/\/rapidomotosport.hr\/en\/proizvod\/yamaha-r1-ohlins-ttx-25-cartridge-kit-2025\/#primaryimage"},"image":{"@id":"https:\/\/rapidomotosport.hr\/en\/proizvod\/yamaha-r1-ohlins-ttx-25-cartridge-kit-2025\/#primaryimage"},"thumbnailUrl":"https:\/\/rapidomotosport.hr\/wp-content\/uploads\/2026\/04\/arbo-81.png","datePublished":"2026-05-12T21:20:56+00:00","dateModified":"2026-05-12T21:22:23+00:00","breadcrumb":{"@id":"https:\/\/rapidomotosport.hr\/en\/proizvod\/yamaha-r1-ohlins-ttx-25-cartridge-kit-2025\/#breadcrumb"},"inLanguage":"en-US","potentialAction":[{"@type":"ReadAction","target":["https:\/\/rapidomotosport.hr\/en\/proizvod\/yamaha-r1-ohlins-ttx-25-cartridge-kit-2025\/"]}]},{"@type":"ImageObject","inLanguage":"en-US","@id":"https:\/\/rapidomotosport.hr\/en\/proizvod\/yamaha-r1-ohlins-ttx-25-cartridge-kit-2025\/#primaryimage","url":"https:\/\/rapidomotosport.hr\/wp-content\/uploads\/2026\/04\/arbo-81.png","contentUrl":"https:\/\/rapidomotosport.hr\/wp-content\/uploads\/2026\/04\/arbo-81.png","width":2048,"height":1536},{"@type":"BreadcrumbList","@id":"https:\/\/rapidomotosport.hr\/en\/proizvod\/yamaha-r1-ohlins-ttx-25-cartridge-kit-2025\/#breadcrumb","itemListElement":[{"@type":"ListItem","position":1,"name":"Po\u010detna stranica","item":"https:\/\/rapidomotosport.hr\/en\/"},{"@type":"ListItem","position":2,"name":"Shop","item":"https:\/\/rapidomotosport.hr\/en\/shop\/"},{"@type":"ListItem","position":3,"name":"YAMAHA R1 \u00d6HLINS TTX 25 CARTRIDGE KIT 2025"}]},{"@type":"WebSite","@id":"https:\/\/rapidomotosport.hr\/en\/#website","url":"https:\/\/rapidomotosport.hr\/en\/","name":"Rapido Motosport","description":"","potentialAction":[{"@type":"SearchAction","target":{"@type":"EntryPoint","urlTemplate":"https:\/\/rapidomotosport.hr\/en\/?s={search_term_string}"},"query-input":{"@type":"PropertyValueSpecification","valueRequired":true,"valueName":"search_term_string"}}],"inLanguage":"en-US"}]}},"_links":{"self":[{"href":"https:\/\/rapidomotosport.hr\/en\/wp-json\/wp\/v2\/product\/55658","targetHints":{"allow":["GET"]}}],"collection":[{"href":"https:\/\/rapidomotosport.hr\/en\/wp-json\/wp\/v2\/product"}],"about":[{"href":"https:\/\/rapidomotosport.hr\/en\/wp-json\/wp\/v2\/types\/product"}],"wp:featuredmedia":[{"embeddable":true,"href":"https:\/\/rapidomotosport.hr\/en\/wp-json\/wp\/v2\/media\/54915"}],"wp:attachment":[{"href":"https:\/\/rapidomotosport.hr\/en\/wp-json\/wp\/v2\/media?parent=55658"}],"wp:term":[{"taxonomy":"product_brand","embeddable":true,"href":"https:\/\/rapidomotosport.hr\/en\/wp-json\/wp\/v2\/product_brand?post=55658"},{"taxonomy":"product_cat","embeddable":true,"href":"https:\/\/rapidomotosport.hr\/en\/wp-json\/wp\/v2\/product_cat?post=55658"},{"taxonomy":"product_tag","embeddable":true,"href":"https:\/\/rapidomotosport.hr\/en\/wp-json\/wp\/v2\/product_tag?post=55658"}],"curies":[{"name":"wp","href":"https:\/\/api.w.org\/{rel}","templated":true}]}}