{"id":9546,"date":"2025-01-21T16:46:56","date_gmt":"2025-01-21T15:46:56","guid":{"rendered":"https:\/\/rapidomotosport.hr\/?post_type=product&#038;p=9546"},"modified":"2026-05-13T00:35:28","modified_gmt":"2026-05-12T22:35:28","slug":"yamaha-r1-akrapovic-evolution-line-titanium-2015-2025","status":"publish","type":"product","link":"https:\/\/rapidomotosport.hr\/en\/proizvod\/yamaha-r1-akrapovic-evolution-line-titanium-2015-2025\/","title":{"rendered":"YAMAHA R1 Akrapovi\u010d Evolution Line (Titanium) 2015-2026"},"content":{"rendered":"","protected":false},"excerpt":{"rendered":"<p>Ovo je vrhunski kompletni sustav, prekrasno izra\u0111en od visokokvalitetnog, ultralaganog titana. To je najlak\u0161i Akrapovi\u010d kompletni auspuh, te\u017eine samo 5,2 kg \u2013 \u0161to je vi\u0161e od 50% lak\u0161e od tvorni\u010dkog sustava. Prigu\u0161iva\u010d i kolektori potpuno su izra\u0111eni od titana. Njegov prepoznatljiv oblik posebno je razvijen za Yamaha YZF-R1, temeljen na ogromnom trka\u0107em iskustvu tvrtke Akrapovi\u010d. Pove\u0107ava snagu i okretni moment kroz cijeli raspon okretaja, posebno u srednjem i gornjem dijelu, \u010dine\u0107i ovaj auspuh najboljim Akrapovi\u010d nadogradnjom za performanse. Dubok, pravi trka\u0107i zvuk savr\u0161eno je uskla\u0111en s pove\u0107anom snagom. Monta\u017ea je jednostavna.<\/p>\n<p>Sustav se tako\u0111er mo\u017ee montirati na model YZF-R1M.<\/p>\n<p>Za optimalne performanse, odziv gasa i dugotrajnost preporu\u010duje se premapiranje ECU-a.<\/p>\n<p>NAPOMENA: NIJE HOMOLOGIRANO<\/p>\n","protected":false},"featured_media":9547,"template":"","meta":[],"product_brand":[],"product_cat":[42,17],"product_tag":[],"class_list":{"0":"post-9546","1":"product","2":"type-product","3":"status-publish","4":"has-post-thumbnail","6":"product_cat-yamaha","7":"product_cat-ispusni-sustavi","9":"first","10":"instock","11":"sale","12":"shipping-taxable","13":"purchasable","14":"product-type-simple"},"yoast_head":"<!-- This site is optimized with the Yoast SEO plugin v27.5 - https:\/\/yoast.com\/product\/yoast-seo-wordpress\/ -->\n<title>YAMAHA R1 Akrapovi\u010d Evolution Line (Titanium) 2015-2026 - Rapido Motosport<\/title>\n<meta name=\"robots\" content=\"index, follow, max-snippet:-1, max-image-preview:large, max-video-preview:-1\" \/>\n<link rel=\"canonical\" href=\"https:\/\/rapidomotosport.hr\/en\/proizvod\/yamaha-r1-akrapovic-evolution-line-titanium-2015-2025\/\" \/>\n<meta property=\"og:locale\" content=\"en_US\" \/>\n<meta property=\"og:type\" content=\"article\" \/>\n<meta property=\"og:title\" content=\"YAMAHA R1 Akrapovi\u010d Evolution Line (Titanium) 2015-2026 - Rapido Motosport\" \/>\n<meta property=\"og:description\" content=\"Ovo je vrhunski kompletni sustav, prekrasno izra\u0111en od visokokvalitetnog, ultralaganog titana. To je najlak\u0161i Akrapovi\u010d kompletni auspuh, te\u017eine samo 5,2 kg \u2013 \u0161to je vi\u0161e od 50% lak\u0161e od tvorni\u010dkog sustava. Prigu\u0161iva\u010d i kolektori potpuno su izra\u0111eni od titana. Njegov prepoznatljiv oblik posebno je razvijen za Yamaha YZF-R1, temeljen na ogromnom trka\u0107em iskustvu tvrtke Akrapovi\u010d. Pove\u0107ava snagu i okretni moment kroz cijeli raspon okretaja, posebno u srednjem i gornjem dijelu, \u010dine\u0107i ovaj auspuh najboljim Akrapovi\u010d nadogradnjom za performanse. Dubok, pravi trka\u0107i zvuk savr\u0161eno je uskla\u0111en s pove\u0107anom snagom. Monta\u017ea je jednostavna.  Sustav se tako\u0111er mo\u017ee montirati na model YZF-R1M.  Za optimalne performanse, odziv gasa i dugotrajnost preporu\u010duje se premapiranje ECU-a.  NAPOMENA: NIJE HOMOLOGIRANO\" \/>\n<meta property=\"og:url\" content=\"https:\/\/rapidomotosport.hr\/en\/proizvod\/yamaha-r1-akrapovic-evolution-line-titanium-2015-2025\/\" \/>\n<meta property=\"og:site_name\" content=\"Rapido Motosport\" \/>\n<meta property=\"article:modified_time\" content=\"2026-05-12T22:35:28+00:00\" \/>\n<meta property=\"og:image\" content=\"https:\/\/rapidomotosport.hr\/wp-content\/uploads\/2025\/01\/7b0c3035-7c3f-4c30-a771-51e1905c497f-min.png\" \/>\n\t<meta property=\"og:image:width\" content=\"2362\" \/>\n\t<meta property=\"og:image:height\" content=\"1772\" \/>\n\t<meta property=\"og:image:type\" content=\"image\/png\" \/>\n<meta name=\"twitter:card\" content=\"summary_large_image\" \/>\n<meta name=\"twitter:label1\" content=\"Est. reading time\" \/>\n\t<meta name=\"twitter:data1\" content=\"1 minute\" \/>\n<script type=\"application\/ld+json\" class=\"yoast-schema-graph\">{\"@context\":\"https:\\\/\\\/schema.org\",\"@graph\":[{\"@type\":\"WebPage\",\"@id\":\"https:\\\/\\\/rapidomotosport.hr\\\/en\\\/proizvod\\\/yamaha-r1-akrapovic-evolution-line-titanium-2015-2025\\\/\",\"url\":\"https:\\\/\\\/rapidomotosport.hr\\\/en\\\/proizvod\\\/yamaha-r1-akrapovic-evolution-line-titanium-2015-2025\\\/\",\"name\":\"YAMAHA R1 Akrapovi\u010d Evolution Line (Titanium) 2015-2026 - Rapido Motosport\",\"isPartOf\":{\"@id\":\"https:\\\/\\\/rapidomotosport.hr\\\/en\\\/#website\"},\"primaryImageOfPage\":{\"@id\":\"https:\\\/\\\/rapidomotosport.hr\\\/en\\\/proizvod\\\/yamaha-r1-akrapovic-evolution-line-titanium-2015-2025\\\/#primaryimage\"},\"image\":{\"@id\":\"https:\\\/\\\/rapidomotosport.hr\\\/en\\\/proizvod\\\/yamaha-r1-akrapovic-evolution-line-titanium-2015-2025\\\/#primaryimage\"},\"thumbnailUrl\":\"https:\\\/\\\/rapidomotosport.hr\\\/wp-content\\\/uploads\\\/2025\\\/01\\\/7b0c3035-7c3f-4c30-a771-51e1905c497f-min.png\",\"datePublished\":\"2025-01-21T15:46:56+00:00\",\"dateModified\":\"2026-05-12T22:35:28+00:00\",\"breadcrumb\":{\"@id\":\"https:\\\/\\\/rapidomotosport.hr\\\/en\\\/proizvod\\\/yamaha-r1-akrapovic-evolution-line-titanium-2015-2025\\\/#breadcrumb\"},\"inLanguage\":\"en-US\",\"potentialAction\":[{\"@type\":\"ReadAction\",\"target\":[\"https:\\\/\\\/rapidomotosport.hr\\\/en\\\/proizvod\\\/yamaha-r1-akrapovic-evolution-line-titanium-2015-2025\\\/\"]}]},{\"@type\":\"ImageObject\",\"inLanguage\":\"en-US\",\"@id\":\"https:\\\/\\\/rapidomotosport.hr\\\/en\\\/proizvod\\\/yamaha-r1-akrapovic-evolution-line-titanium-2015-2025\\\/#primaryimage\",\"url\":\"https:\\\/\\\/rapidomotosport.hr\\\/wp-content\\\/uploads\\\/2025\\\/01\\\/7b0c3035-7c3f-4c30-a771-51e1905c497f-min.png\",\"contentUrl\":\"https:\\\/\\\/rapidomotosport.hr\\\/wp-content\\\/uploads\\\/2025\\\/01\\\/7b0c3035-7c3f-4c30-a771-51e1905c497f-min.png\",\"width\":2362,\"height\":1772},{\"@type\":\"BreadcrumbList\",\"@id\":\"https:\\\/\\\/rapidomotosport.hr\\\/en\\\/proizvod\\\/yamaha-r1-akrapovic-evolution-line-titanium-2015-2025\\\/#breadcrumb\",\"itemListElement\":[{\"@type\":\"ListItem\",\"position\":1,\"name\":\"Po\u010detna stranica\",\"item\":\"https:\\\/\\\/rapidomotosport.hr\\\/en\\\/\"},{\"@type\":\"ListItem\",\"position\":2,\"name\":\"Shop\",\"item\":\"https:\\\/\\\/rapidomotosport.hr\\\/en\\\/shop\\\/\"},{\"@type\":\"ListItem\",\"position\":3,\"name\":\"YAMAHA R1 Akrapovi\u010d Evolution Line (Titanium) 2015-2026\"}]},{\"@type\":\"WebSite\",\"@id\":\"https:\\\/\\\/rapidomotosport.hr\\\/en\\\/#website\",\"url\":\"https:\\\/\\\/rapidomotosport.hr\\\/en\\\/\",\"name\":\"Rapido Motosport\",\"description\":\"\",\"potentialAction\":[{\"@type\":\"SearchAction\",\"target\":{\"@type\":\"EntryPoint\",\"urlTemplate\":\"https:\\\/\\\/rapidomotosport.hr\\\/en\\\/?s={search_term_string}\"},\"query-input\":{\"@type\":\"PropertyValueSpecification\",\"valueRequired\":true,\"valueName\":\"search_term_string\"}}],\"inLanguage\":\"en-US\"}]}<\/script>\n<!-- \/ Yoast SEO plugin. -->","yoast_head_json":{"title":"YAMAHA R1 Akrapovi\u010d Evolution Line (Titanium) 2015-2026 - Rapido Motosport","robots":{"index":"index","follow":"follow","max-snippet":"max-snippet:-1","max-image-preview":"max-image-preview:large","max-video-preview":"max-video-preview:-1"},"canonical":"https:\/\/rapidomotosport.hr\/en\/proizvod\/yamaha-r1-akrapovic-evolution-line-titanium-2015-2025\/","og_locale":"en_US","og_type":"article","og_title":"YAMAHA R1 Akrapovi\u010d Evolution Line (Titanium) 2015-2026 - Rapido Motosport","og_description":"Ovo je vrhunski kompletni sustav, prekrasno izra\u0111en od visokokvalitetnog, ultralaganog titana. To je najlak\u0161i Akrapovi\u010d kompletni auspuh, te\u017eine samo 5,2 kg \u2013 \u0161to je vi\u0161e od 50% lak\u0161e od tvorni\u010dkog sustava. Prigu\u0161iva\u010d i kolektori potpuno su izra\u0111eni od titana. Njegov prepoznatljiv oblik posebno je razvijen za Yamaha YZF-R1, temeljen na ogromnom trka\u0107em iskustvu tvrtke Akrapovi\u010d. Pove\u0107ava snagu i okretni moment kroz cijeli raspon okretaja, posebno u srednjem i gornjem dijelu, \u010dine\u0107i ovaj auspuh najboljim Akrapovi\u010d nadogradnjom za performanse. Dubok, pravi trka\u0107i zvuk savr\u0161eno je uskla\u0111en s pove\u0107anom snagom. Monta\u017ea je jednostavna.  Sustav se tako\u0111er mo\u017ee montirati na model YZF-R1M.  Za optimalne performanse, odziv gasa i dugotrajnost preporu\u010duje se premapiranje ECU-a.  NAPOMENA: NIJE HOMOLOGIRANO","og_url":"https:\/\/rapidomotosport.hr\/en\/proizvod\/yamaha-r1-akrapovic-evolution-line-titanium-2015-2025\/","og_site_name":"Rapido Motosport","article_modified_time":"2026-05-12T22:35:28+00:00","og_image":[{"width":2362,"height":1772,"url":"https:\/\/rapidomotosport.hr\/wp-content\/uploads\/2025\/01\/7b0c3035-7c3f-4c30-a771-51e1905c497f-min.png","type":"image\/png"}],"twitter_card":"summary_large_image","twitter_misc":{"Est. reading time":"1 minute"},"schema":{"@context":"https:\/\/schema.org","@graph":[{"@type":"WebPage","@id":"https:\/\/rapidomotosport.hr\/en\/proizvod\/yamaha-r1-akrapovic-evolution-line-titanium-2015-2025\/","url":"https:\/\/rapidomotosport.hr\/en\/proizvod\/yamaha-r1-akrapovic-evolution-line-titanium-2015-2025\/","name":"YAMAHA R1 Akrapovi\u010d Evolution Line (Titanium) 2015-2026 - Rapido Motosport","isPartOf":{"@id":"https:\/\/rapidomotosport.hr\/en\/#website"},"primaryImageOfPage":{"@id":"https:\/\/rapidomotosport.hr\/en\/proizvod\/yamaha-r1-akrapovic-evolution-line-titanium-2015-2025\/#primaryimage"},"image":{"@id":"https:\/\/rapidomotosport.hr\/en\/proizvod\/yamaha-r1-akrapovic-evolution-line-titanium-2015-2025\/#primaryimage"},"thumbnailUrl":"https:\/\/rapidomotosport.hr\/wp-content\/uploads\/2025\/01\/7b0c3035-7c3f-4c30-a771-51e1905c497f-min.png","datePublished":"2025-01-21T15:46:56+00:00","dateModified":"2026-05-12T22:35:28+00:00","breadcrumb":{"@id":"https:\/\/rapidomotosport.hr\/en\/proizvod\/yamaha-r1-akrapovic-evolution-line-titanium-2015-2025\/#breadcrumb"},"inLanguage":"en-US","potentialAction":[{"@type":"ReadAction","target":["https:\/\/rapidomotosport.hr\/en\/proizvod\/yamaha-r1-akrapovic-evolution-line-titanium-2015-2025\/"]}]},{"@type":"ImageObject","inLanguage":"en-US","@id":"https:\/\/rapidomotosport.hr\/en\/proizvod\/yamaha-r1-akrapovic-evolution-line-titanium-2015-2025\/#primaryimage","url":"https:\/\/rapidomotosport.hr\/wp-content\/uploads\/2025\/01\/7b0c3035-7c3f-4c30-a771-51e1905c497f-min.png","contentUrl":"https:\/\/rapidomotosport.hr\/wp-content\/uploads\/2025\/01\/7b0c3035-7c3f-4c30-a771-51e1905c497f-min.png","width":2362,"height":1772},{"@type":"BreadcrumbList","@id":"https:\/\/rapidomotosport.hr\/en\/proizvod\/yamaha-r1-akrapovic-evolution-line-titanium-2015-2025\/#breadcrumb","itemListElement":[{"@type":"ListItem","position":1,"name":"Po\u010detna stranica","item":"https:\/\/rapidomotosport.hr\/en\/"},{"@type":"ListItem","position":2,"name":"Shop","item":"https:\/\/rapidomotosport.hr\/en\/shop\/"},{"@type":"ListItem","position":3,"name":"YAMAHA R1 Akrapovi\u010d Evolution Line (Titanium) 2015-2026"}]},{"@type":"WebSite","@id":"https:\/\/rapidomotosport.hr\/en\/#website","url":"https:\/\/rapidomotosport.hr\/en\/","name":"Rapido Motosport","description":"","potentialAction":[{"@type":"SearchAction","target":{"@type":"EntryPoint","urlTemplate":"https:\/\/rapidomotosport.hr\/en\/?s={search_term_string}"},"query-input":{"@type":"PropertyValueSpecification","valueRequired":true,"valueName":"search_term_string"}}],"inLanguage":"en-US"}]}},"_links":{"self":[{"href":"https:\/\/rapidomotosport.hr\/en\/wp-json\/wp\/v2\/product\/9546","targetHints":{"allow":["GET"]}}],"collection":[{"href":"https:\/\/rapidomotosport.hr\/en\/wp-json\/wp\/v2\/product"}],"about":[{"href":"https:\/\/rapidomotosport.hr\/en\/wp-json\/wp\/v2\/types\/product"}],"wp:featuredmedia":[{"embeddable":true,"href":"https:\/\/rapidomotosport.hr\/en\/wp-json\/wp\/v2\/media\/9547"}],"wp:attachment":[{"href":"https:\/\/rapidomotosport.hr\/en\/wp-json\/wp\/v2\/media?parent=9546"}],"wp:term":[{"taxonomy":"product_brand","embeddable":true,"href":"https:\/\/rapidomotosport.hr\/en\/wp-json\/wp\/v2\/product_brand?post=9546"},{"taxonomy":"product_cat","embeddable":true,"href":"https:\/\/rapidomotosport.hr\/en\/wp-json\/wp\/v2\/product_cat?post=9546"},{"taxonomy":"product_tag","embeddable":true,"href":"https:\/\/rapidomotosport.hr\/en\/wp-json\/wp\/v2\/product_tag?post=9546"}],"curies":[{"name":"wp","href":"https:\/\/api.w.org\/{rel}","templated":true}]}}