{"id":13041,"date":"2025-02-03T11:06:07","date_gmt":"2025-02-03T10:06:07","guid":{"rendered":"https:\/\/rapidomotosport.hr\/?post_type=product&#038;p=13041"},"modified":"2026-03-29T15:03:48","modified_gmt":"2026-03-29T13:03:48","slug":"bmw-s-1000-xr-arrow-exhaust-race-tech-aluminium-dark-silencer-2020-2023","status":"publish","type":"product","link":"https:\/\/rapidomotosport.hr\/it\/proizvod\/bmw-s-1000-xr-arrow-exhaust-race-tech-aluminium-dark-silencer-2020-2023\/","title":{"rendered":"BMW S 1000 XR ARROW Exhaust Race-Tech Aluminium &#8220;Dark&#8221; Silencer 2020-2023"},"content":{"rendered":"","protected":false},"excerpt":{"rendered":"<p class=\"p1\"><span class=\"s1\">Race-Tech raspon ispu\u0161nih sustava<\/span><span class=\"s2\"> prva je serija prigu\u0161iva\u010da dizajnirana s novim dijamantnim presjekom. Ovaj dizajn je u proteklim godinama u velikoj mjeri zamijenio starije oblike prigu\u0161iva\u010da, poput ovalnih i cilindri\u010dnih. Napredni profil (izgleda poput dijamanta, s glatkim kutovima) omogu\u0107uje smanjenje dimenzija u usporedbi s ispu\u0161nim sustavima tradicionalnijeg oblika, ali s jednakom povr\u0161inom presjeka. Ova zna\u010dajka je va\u017ena za smanjenje te\u017eine i dimenzija, pove\u0107avaju\u0107i unutarnji volumen, \u0161to donosi izvrsne prednosti u smanjenju buke i pove\u0107anju performansi.<\/span><\/p>\n<p class=\"p1\"><span class=\"s2\">Unutarnja struktura op\u0107enito je izra\u0111ena od nehr\u0111aju\u0107eg \u010delika s TIG zavarivanjem. Unutarnji dijelovi, presjeci, izlazna cijev i stra\u017enji zavr\u0161etak dizajnirani su kako bi omogu\u0107ili \u0161to gla\u0111i protok ispu\u0161nih plinova, \u010dime se smanjuju gubici uzrokovani povratnim tlakom.<\/span><\/p>\n<p><em>*Slike su objavljene isklju\u010divo u ilustrativne svrhe.<\/em><\/p>\n","protected":false},"featured_media":11817,"template":"","meta":[],"product_brand":[],"product_cat":[17,19],"product_tag":[],"class_list":{"0":"post-13041","1":"product","2":"type-product","3":"status-publish","4":"has-post-thumbnail","6":"product_cat-ispusni-sustavi","7":"product_cat-bmw","9":"first","10":"instock","11":"sale","12":"shipping-taxable","13":"purchasable","14":"product-type-simple"},"yoast_head":"<!-- This site is optimized with the Yoast SEO plugin v27.5 - https:\/\/yoast.com\/product\/yoast-seo-wordpress\/ -->\n<title>BMW S 1000 XR ARROW Exhaust Race-Tech Aluminium &quot;Dark&quot; Silencer 2020-2023 - Rapido Motosport<\/title>\n<meta name=\"robots\" content=\"index, follow, max-snippet:-1, max-image-preview:large, max-video-preview:-1\" \/>\n<link rel=\"canonical\" href=\"https:\/\/rapidomotosport.hr\/it\/proizvod\/bmw-s-1000-xr-arrow-exhaust-race-tech-aluminium-dark-silencer-2020-2023\/\" \/>\n<meta property=\"og:locale\" content=\"it_IT\" \/>\n<meta property=\"og:type\" content=\"article\" \/>\n<meta property=\"og:title\" content=\"BMW S 1000 XR ARROW Exhaust Race-Tech Aluminium &quot;Dark&quot; Silencer 2020-2023 - Rapido Motosport\" \/>\n<meta property=\"og:description\" content=\"Race-Tech raspon ispu\u0161nih sustava prva je serija prigu\u0161iva\u010da dizajnirana s novim dijamantnim presjekom. Ovaj dizajn je u proteklim godinama u velikoj mjeri zamijenio starije oblike prigu\u0161iva\u010da, poput ovalnih i cilindri\u010dnih. Napredni profil (izgleda poput dijamanta, s glatkim kutovima) omogu\u0107uje smanjenje dimenzija u usporedbi s ispu\u0161nim sustavima tradicionalnijeg oblika, ali s jednakom povr\u0161inom presjeka. Ova zna\u010dajka je va\u017ena za smanjenje te\u017eine i dimenzija, pove\u0107avaju\u0107i unutarnji volumen, \u0161to donosi izvrsne prednosti u smanjenju buke i pove\u0107anju performansi. Unutarnja struktura op\u0107enito je izra\u0111ena od nehr\u0111aju\u0107eg \u010delika s TIG zavarivanjem. Unutarnji dijelovi, presjeci, izlazna cijev i stra\u017enji zavr\u0161etak dizajnirani su kako bi omogu\u0107ili \u0161to gla\u0111i protok ispu\u0161nih plinova, \u010dime se smanjuju gubici uzrokovani povratnim tlakom. *Slike su objavljene isklju\u010divo u ilustrativne svrhe.\" \/>\n<meta property=\"og:url\" content=\"https:\/\/rapidomotosport.hr\/it\/proizvod\/bmw-s-1000-xr-arrow-exhaust-race-tech-aluminium-dark-silencer-2020-2023\/\" \/>\n<meta property=\"og:site_name\" content=\"Rapido Motosport\" \/>\n<meta property=\"article:modified_time\" content=\"2026-03-29T13:03:48+00:00\" \/>\n<meta property=\"og:image\" content=\"https:\/\/rapidomotosport.hr\/wp-content\/uploads\/2025\/01\/RACE-TECH-DARK-min.png\" \/>\n\t<meta property=\"og:image:width\" content=\"2048\" \/>\n\t<meta property=\"og:image:height\" content=\"1536\" \/>\n\t<meta property=\"og:image:type\" content=\"image\/png\" \/>\n<meta name=\"twitter:card\" content=\"summary_large_image\" \/>\n<meta name=\"twitter:label1\" content=\"Tempo di lettura stimato\" \/>\n\t<meta name=\"twitter:data1\" content=\"1 minuto\" \/>\n<script type=\"application\/ld+json\" class=\"yoast-schema-graph\">{\"@context\":\"https:\\\/\\\/schema.org\",\"@graph\":[{\"@type\":\"WebPage\",\"@id\":\"https:\\\/\\\/rapidomotosport.hr\\\/it\\\/proizvod\\\/bmw-s-1000-xr-arrow-exhaust-race-tech-aluminium-dark-silencer-2020-2023\\\/\",\"url\":\"https:\\\/\\\/rapidomotosport.hr\\\/it\\\/proizvod\\\/bmw-s-1000-xr-arrow-exhaust-race-tech-aluminium-dark-silencer-2020-2023\\\/\",\"name\":\"BMW S 1000 XR ARROW Exhaust Race-Tech Aluminium \\\"Dark\\\" Silencer 2020-2023 - Rapido Motosport\",\"isPartOf\":{\"@id\":\"https:\\\/\\\/rapidomotosport.hr\\\/it\\\/#website\"},\"primaryImageOfPage\":{\"@id\":\"https:\\\/\\\/rapidomotosport.hr\\\/it\\\/proizvod\\\/bmw-s-1000-xr-arrow-exhaust-race-tech-aluminium-dark-silencer-2020-2023\\\/#primaryimage\"},\"image\":{\"@id\":\"https:\\\/\\\/rapidomotosport.hr\\\/it\\\/proizvod\\\/bmw-s-1000-xr-arrow-exhaust-race-tech-aluminium-dark-silencer-2020-2023\\\/#primaryimage\"},\"thumbnailUrl\":\"https:\\\/\\\/rapidomotosport.hr\\\/wp-content\\\/uploads\\\/2025\\\/01\\\/RACE-TECH-DARK-min.png\",\"datePublished\":\"2025-02-03T10:06:07+00:00\",\"dateModified\":\"2026-03-29T13:03:48+00:00\",\"breadcrumb\":{\"@id\":\"https:\\\/\\\/rapidomotosport.hr\\\/it\\\/proizvod\\\/bmw-s-1000-xr-arrow-exhaust-race-tech-aluminium-dark-silencer-2020-2023\\\/#breadcrumb\"},\"inLanguage\":\"it-IT\",\"potentialAction\":[{\"@type\":\"ReadAction\",\"target\":[\"https:\\\/\\\/rapidomotosport.hr\\\/it\\\/proizvod\\\/bmw-s-1000-xr-arrow-exhaust-race-tech-aluminium-dark-silencer-2020-2023\\\/\"]}]},{\"@type\":\"ImageObject\",\"inLanguage\":\"it-IT\",\"@id\":\"https:\\\/\\\/rapidomotosport.hr\\\/it\\\/proizvod\\\/bmw-s-1000-xr-arrow-exhaust-race-tech-aluminium-dark-silencer-2020-2023\\\/#primaryimage\",\"url\":\"https:\\\/\\\/rapidomotosport.hr\\\/wp-content\\\/uploads\\\/2025\\\/01\\\/RACE-TECH-DARK-min.png\",\"contentUrl\":\"https:\\\/\\\/rapidomotosport.hr\\\/wp-content\\\/uploads\\\/2025\\\/01\\\/RACE-TECH-DARK-min.png\",\"width\":2048,\"height\":1536},{\"@type\":\"BreadcrumbList\",\"@id\":\"https:\\\/\\\/rapidomotosport.hr\\\/it\\\/proizvod\\\/bmw-s-1000-xr-arrow-exhaust-race-tech-aluminium-dark-silencer-2020-2023\\\/#breadcrumb\",\"itemListElement\":[{\"@type\":\"ListItem\",\"position\":1,\"name\":\"Po\u010detna stranica\",\"item\":\"https:\\\/\\\/rapidomotosport.hr\\\/it\\\/\"},{\"@type\":\"ListItem\",\"position\":2,\"name\":\"Negozio\",\"item\":\"https:\\\/\\\/rapidomotosport.hr\\\/it\\\/negozio\\\/\"},{\"@type\":\"ListItem\",\"position\":3,\"name\":\"BMW S 1000 XR ARROW Exhaust Race-Tech Aluminium &#8220;Dark&#8221; Silencer 2020-2023\"}]},{\"@type\":\"WebSite\",\"@id\":\"https:\\\/\\\/rapidomotosport.hr\\\/it\\\/#website\",\"url\":\"https:\\\/\\\/rapidomotosport.hr\\\/it\\\/\",\"name\":\"Rapido Motosport\",\"description\":\"\",\"potentialAction\":[{\"@type\":\"SearchAction\",\"target\":{\"@type\":\"EntryPoint\",\"urlTemplate\":\"https:\\\/\\\/rapidomotosport.hr\\\/it\\\/?s={search_term_string}\"},\"query-input\":{\"@type\":\"PropertyValueSpecification\",\"valueRequired\":true,\"valueName\":\"search_term_string\"}}],\"inLanguage\":\"it-IT\"}]}<\/script>\n<!-- \/ Yoast SEO plugin. -->","yoast_head_json":{"title":"BMW S 1000 XR ARROW Exhaust Race-Tech Aluminium \"Dark\" Silencer 2020-2023 - Rapido Motosport","robots":{"index":"index","follow":"follow","max-snippet":"max-snippet:-1","max-image-preview":"max-image-preview:large","max-video-preview":"max-video-preview:-1"},"canonical":"https:\/\/rapidomotosport.hr\/it\/proizvod\/bmw-s-1000-xr-arrow-exhaust-race-tech-aluminium-dark-silencer-2020-2023\/","og_locale":"it_IT","og_type":"article","og_title":"BMW S 1000 XR ARROW Exhaust Race-Tech Aluminium \"Dark\" Silencer 2020-2023 - Rapido Motosport","og_description":"Race-Tech raspon ispu\u0161nih sustava prva je serija prigu\u0161iva\u010da dizajnirana s novim dijamantnim presjekom. Ovaj dizajn je u proteklim godinama u velikoj mjeri zamijenio starije oblike prigu\u0161iva\u010da, poput ovalnih i cilindri\u010dnih. Napredni profil (izgleda poput dijamanta, s glatkim kutovima) omogu\u0107uje smanjenje dimenzija u usporedbi s ispu\u0161nim sustavima tradicionalnijeg oblika, ali s jednakom povr\u0161inom presjeka. Ova zna\u010dajka je va\u017ena za smanjenje te\u017eine i dimenzija, pove\u0107avaju\u0107i unutarnji volumen, \u0161to donosi izvrsne prednosti u smanjenju buke i pove\u0107anju performansi. Unutarnja struktura op\u0107enito je izra\u0111ena od nehr\u0111aju\u0107eg \u010delika s TIG zavarivanjem. Unutarnji dijelovi, presjeci, izlazna cijev i stra\u017enji zavr\u0161etak dizajnirani su kako bi omogu\u0107ili \u0161to gla\u0111i protok ispu\u0161nih plinova, \u010dime se smanjuju gubici uzrokovani povratnim tlakom. *Slike su objavljene isklju\u010divo u ilustrativne svrhe.","og_url":"https:\/\/rapidomotosport.hr\/it\/proizvod\/bmw-s-1000-xr-arrow-exhaust-race-tech-aluminium-dark-silencer-2020-2023\/","og_site_name":"Rapido Motosport","article_modified_time":"2026-03-29T13:03:48+00:00","og_image":[{"width":2048,"height":1536,"url":"https:\/\/rapidomotosport.hr\/wp-content\/uploads\/2025\/01\/RACE-TECH-DARK-min.png","type":"image\/png"}],"twitter_card":"summary_large_image","twitter_misc":{"Tempo di lettura stimato":"1 minuto"},"schema":{"@context":"https:\/\/schema.org","@graph":[{"@type":"WebPage","@id":"https:\/\/rapidomotosport.hr\/it\/proizvod\/bmw-s-1000-xr-arrow-exhaust-race-tech-aluminium-dark-silencer-2020-2023\/","url":"https:\/\/rapidomotosport.hr\/it\/proizvod\/bmw-s-1000-xr-arrow-exhaust-race-tech-aluminium-dark-silencer-2020-2023\/","name":"BMW S 1000 XR ARROW Exhaust Race-Tech Aluminium \"Dark\" Silencer 2020-2023 - Rapido Motosport","isPartOf":{"@id":"https:\/\/rapidomotosport.hr\/it\/#website"},"primaryImageOfPage":{"@id":"https:\/\/rapidomotosport.hr\/it\/proizvod\/bmw-s-1000-xr-arrow-exhaust-race-tech-aluminium-dark-silencer-2020-2023\/#primaryimage"},"image":{"@id":"https:\/\/rapidomotosport.hr\/it\/proizvod\/bmw-s-1000-xr-arrow-exhaust-race-tech-aluminium-dark-silencer-2020-2023\/#primaryimage"},"thumbnailUrl":"https:\/\/rapidomotosport.hr\/wp-content\/uploads\/2025\/01\/RACE-TECH-DARK-min.png","datePublished":"2025-02-03T10:06:07+00:00","dateModified":"2026-03-29T13:03:48+00:00","breadcrumb":{"@id":"https:\/\/rapidomotosport.hr\/it\/proizvod\/bmw-s-1000-xr-arrow-exhaust-race-tech-aluminium-dark-silencer-2020-2023\/#breadcrumb"},"inLanguage":"it-IT","potentialAction":[{"@type":"ReadAction","target":["https:\/\/rapidomotosport.hr\/it\/proizvod\/bmw-s-1000-xr-arrow-exhaust-race-tech-aluminium-dark-silencer-2020-2023\/"]}]},{"@type":"ImageObject","inLanguage":"it-IT","@id":"https:\/\/rapidomotosport.hr\/it\/proizvod\/bmw-s-1000-xr-arrow-exhaust-race-tech-aluminium-dark-silencer-2020-2023\/#primaryimage","url":"https:\/\/rapidomotosport.hr\/wp-content\/uploads\/2025\/01\/RACE-TECH-DARK-min.png","contentUrl":"https:\/\/rapidomotosport.hr\/wp-content\/uploads\/2025\/01\/RACE-TECH-DARK-min.png","width":2048,"height":1536},{"@type":"BreadcrumbList","@id":"https:\/\/rapidomotosport.hr\/it\/proizvod\/bmw-s-1000-xr-arrow-exhaust-race-tech-aluminium-dark-silencer-2020-2023\/#breadcrumb","itemListElement":[{"@type":"ListItem","position":1,"name":"Po\u010detna stranica","item":"https:\/\/rapidomotosport.hr\/it\/"},{"@type":"ListItem","position":2,"name":"Negozio","item":"https:\/\/rapidomotosport.hr\/it\/negozio\/"},{"@type":"ListItem","position":3,"name":"BMW S 1000 XR ARROW Exhaust Race-Tech Aluminium &#8220;Dark&#8221; Silencer 2020-2023"}]},{"@type":"WebSite","@id":"https:\/\/rapidomotosport.hr\/it\/#website","url":"https:\/\/rapidomotosport.hr\/it\/","name":"Rapido Motosport","description":"","potentialAction":[{"@type":"SearchAction","target":{"@type":"EntryPoint","urlTemplate":"https:\/\/rapidomotosport.hr\/it\/?s={search_term_string}"},"query-input":{"@type":"PropertyValueSpecification","valueRequired":true,"valueName":"search_term_string"}}],"inLanguage":"it-IT"}]}},"_links":{"self":[{"href":"https:\/\/rapidomotosport.hr\/it\/wp-json\/wp\/v2\/product\/13041","targetHints":{"allow":["GET"]}}],"collection":[{"href":"https:\/\/rapidomotosport.hr\/it\/wp-json\/wp\/v2\/product"}],"about":[{"href":"https:\/\/rapidomotosport.hr\/it\/wp-json\/wp\/v2\/types\/product"}],"wp:featuredmedia":[{"embeddable":true,"href":"https:\/\/rapidomotosport.hr\/it\/wp-json\/wp\/v2\/media\/11817"}],"wp:attachment":[{"href":"https:\/\/rapidomotosport.hr\/it\/wp-json\/wp\/v2\/media?parent=13041"}],"wp:term":[{"taxonomy":"product_brand","embeddable":true,"href":"https:\/\/rapidomotosport.hr\/it\/wp-json\/wp\/v2\/product_brand?post=13041"},{"taxonomy":"product_cat","embeddable":true,"href":"https:\/\/rapidomotosport.hr\/it\/wp-json\/wp\/v2\/product_cat?post=13041"},{"taxonomy":"product_tag","embeddable":true,"href":"https:\/\/rapidomotosport.hr\/it\/wp-json\/wp\/v2\/product_tag?post=13041"}],"curies":[{"name":"wp","href":"https:\/\/api.w.org\/{rel}","templated":true}]}}