{"id":17113,"date":"2025-02-26T16:43:01","date_gmt":"2025-02-26T15:43:01","guid":{"rendered":"https:\/\/rapidomotosport.hr\/?post_type=product&#038;p=17113"},"modified":"2026-04-16T22:59:35","modified_gmt":"2026-04-16T20:59:35","slug":"bmw-m-1000-rr-akrapovic-racing-line-titanium-2019-2024","status":"publish","type":"product","link":"https:\/\/rapidomotosport.hr\/it\/proizvod\/bmw-m-1000-rr-akrapovic-racing-line-titanium-2019-2024\/","title":{"rendered":"BMW M 1000 RR Akrapovi\u010d Racing Line (Titanium) 2019-2024"},"content":{"rendered":"","protected":false},"excerpt":{"rendered":"<p class=\"p1\"><span class=\"s2\">Akrapovi\u010d Racing sustav dizajniran je za voza\u010de koji zahtijevaju maksimalne performanse. Racing sustav je lak\u0161i u usporedbi s tvorni\u010dkim ispu\u0161nim sustavom i odlikuje se izuzetnom kvalitetom izrade, visokotehnolo\u0161kim materijalima te, naravno, pove\u0107anim performansama motora u kombinaciji s \u010distim trka\u0107im zvukom.<\/span><\/p>\n<p class=\"p1\"><span class=\"s2\">Jedinstveni oblik prigu\u0161iva\u010da, s utisnutim uzorkom koji se prote\u017ee cijelom du\u017einom ispuha i besprijekorno se stapa s ru\u010dno izra\u0111enim zavr\u0161etkom od karbonskih vlakana, podi\u017ee dizajn na novu razinu.<\/span><\/p>\n<p class=\"p1\"><span class=\"s2\">Za savr\u0161ene performanse, odaziv na gas i izdr\u017eljivost preporu\u010duje se remapiranje ECU-a.<\/span><\/p>\n<p class=\"p1\"><span class=\"s2\">Na slici proizvoda sustav je prikazan zajedno s opcijskim karbonskim \u0161titnikom od topline <\/span><span class=\"s1\">P-HSB10E3<\/span><span class=\"s2\">. Karbonski nosa\u010d prigu\u0161iva\u010da (potreban za monta\u017eu ako se uklanjaju oslonci za suvoza\u010da) ve\u0107 je uklju\u010den u sustav.<\/span><\/p>\n<p class=\"p1\">NAPOMENA: NIJE HOMOLOGIRANO<\/p>\n","protected":false},"featured_media":17114,"template":"","meta":[],"product_brand":[],"product_cat":[17,19],"product_tag":[],"class_list":{"0":"post-17113","1":"product","2":"type-product","3":"status-publish","4":"has-post-thumbnail","6":"product_cat-ispusni-sustavi","7":"product_cat-bmw","9":"first","10":"instock","11":"sale","12":"shipping-taxable","13":"purchasable","14":"product-type-simple"},"yoast_head":"<!-- This site is optimized with the Yoast SEO plugin v27.5 - https:\/\/yoast.com\/product\/yoast-seo-wordpress\/ -->\n<title>BMW M 1000 RR Akrapovi\u010d Racing Line (Titanium) 2019-2024 - Rapido Motosport<\/title>\n<meta name=\"robots\" content=\"index, follow, max-snippet:-1, max-image-preview:large, max-video-preview:-1\" \/>\n<link rel=\"canonical\" href=\"https:\/\/rapidomotosport.hr\/it\/proizvod\/bmw-m-1000-rr-akrapovic-racing-line-titanium-2019-2024\/\" \/>\n<meta property=\"og:locale\" content=\"it_IT\" \/>\n<meta property=\"og:type\" content=\"article\" \/>\n<meta property=\"og:title\" content=\"BMW M 1000 RR Akrapovi\u010d Racing Line (Titanium) 2019-2024 - Rapido Motosport\" \/>\n<meta property=\"og:description\" content=\"Akrapovi\u010d Racing sustav dizajniran je za voza\u010de koji zahtijevaju maksimalne performanse. Racing sustav je lak\u0161i u usporedbi s tvorni\u010dkim ispu\u0161nim sustavom i odlikuje se izuzetnom kvalitetom izrade, visokotehnolo\u0161kim materijalima te, naravno, pove\u0107anim performansama motora u kombinaciji s \u010distim trka\u0107im zvukom. Jedinstveni oblik prigu\u0161iva\u010da, s utisnutim uzorkom koji se prote\u017ee cijelom du\u017einom ispuha i besprijekorno se stapa s ru\u010dno izra\u0111enim zavr\u0161etkom od karbonskih vlakana, podi\u017ee dizajn na novu razinu. Za savr\u0161ene performanse, odaziv na gas i izdr\u017eljivost preporu\u010duje se remapiranje ECU-a. Na slici proizvoda sustav je prikazan zajedno s opcijskim karbonskim \u0161titnikom od topline P-HSB10E3. Karbonski nosa\u010d prigu\u0161iva\u010da (potreban za monta\u017eu ako se uklanjaju oslonci za suvoza\u010da) ve\u0107 je uklju\u010den u sustav. NAPOMENA: NIJE HOMOLOGIRANO\" \/>\n<meta property=\"og:url\" content=\"https:\/\/rapidomotosport.hr\/it\/proizvod\/bmw-m-1000-rr-akrapovic-racing-line-titanium-2019-2024\/\" \/>\n<meta property=\"og:site_name\" content=\"Rapido Motosport\" \/>\n<meta property=\"article:modified_time\" content=\"2026-04-16T20:59:35+00:00\" \/>\n<meta property=\"og:image\" content=\"https:\/\/rapidomotosport.hr\/wp-content\/uploads\/2025\/02\/ac0f5cae-c6b2-4d5c-b57f-81945ee6a95e.png\" \/>\n\t<meta property=\"og:image:width\" content=\"2362\" \/>\n\t<meta property=\"og:image:height\" content=\"1772\" \/>\n\t<meta property=\"og:image:type\" content=\"image\/png\" \/>\n<meta name=\"twitter:card\" content=\"summary_large_image\" \/>\n<meta name=\"twitter:label1\" content=\"Tempo di lettura stimato\" \/>\n\t<meta name=\"twitter:data1\" content=\"1 minuto\" \/>\n<script type=\"application\/ld+json\" class=\"yoast-schema-graph\">{\"@context\":\"https:\\\/\\\/schema.org\",\"@graph\":[{\"@type\":\"WebPage\",\"@id\":\"https:\\\/\\\/rapidomotosport.hr\\\/it\\\/proizvod\\\/bmw-m-1000-rr-akrapovic-racing-line-titanium-2019-2024\\\/\",\"url\":\"https:\\\/\\\/rapidomotosport.hr\\\/it\\\/proizvod\\\/bmw-m-1000-rr-akrapovic-racing-line-titanium-2019-2024\\\/\",\"name\":\"BMW M 1000 RR Akrapovi\u010d Racing Line (Titanium) 2019-2024 - Rapido Motosport\",\"isPartOf\":{\"@id\":\"https:\\\/\\\/rapidomotosport.hr\\\/it\\\/#website\"},\"primaryImageOfPage\":{\"@id\":\"https:\\\/\\\/rapidomotosport.hr\\\/it\\\/proizvod\\\/bmw-m-1000-rr-akrapovic-racing-line-titanium-2019-2024\\\/#primaryimage\"},\"image\":{\"@id\":\"https:\\\/\\\/rapidomotosport.hr\\\/it\\\/proizvod\\\/bmw-m-1000-rr-akrapovic-racing-line-titanium-2019-2024\\\/#primaryimage\"},\"thumbnailUrl\":\"https:\\\/\\\/rapidomotosport.hr\\\/wp-content\\\/uploads\\\/2025\\\/02\\\/ac0f5cae-c6b2-4d5c-b57f-81945ee6a95e.png\",\"datePublished\":\"2025-02-26T15:43:01+00:00\",\"dateModified\":\"2026-04-16T20:59:35+00:00\",\"breadcrumb\":{\"@id\":\"https:\\\/\\\/rapidomotosport.hr\\\/it\\\/proizvod\\\/bmw-m-1000-rr-akrapovic-racing-line-titanium-2019-2024\\\/#breadcrumb\"},\"inLanguage\":\"it-IT\",\"potentialAction\":[{\"@type\":\"ReadAction\",\"target\":[\"https:\\\/\\\/rapidomotosport.hr\\\/it\\\/proizvod\\\/bmw-m-1000-rr-akrapovic-racing-line-titanium-2019-2024\\\/\"]}]},{\"@type\":\"ImageObject\",\"inLanguage\":\"it-IT\",\"@id\":\"https:\\\/\\\/rapidomotosport.hr\\\/it\\\/proizvod\\\/bmw-m-1000-rr-akrapovic-racing-line-titanium-2019-2024\\\/#primaryimage\",\"url\":\"https:\\\/\\\/rapidomotosport.hr\\\/wp-content\\\/uploads\\\/2025\\\/02\\\/ac0f5cae-c6b2-4d5c-b57f-81945ee6a95e.png\",\"contentUrl\":\"https:\\\/\\\/rapidomotosport.hr\\\/wp-content\\\/uploads\\\/2025\\\/02\\\/ac0f5cae-c6b2-4d5c-b57f-81945ee6a95e.png\",\"width\":2362,\"height\":1772},{\"@type\":\"BreadcrumbList\",\"@id\":\"https:\\\/\\\/rapidomotosport.hr\\\/it\\\/proizvod\\\/bmw-m-1000-rr-akrapovic-racing-line-titanium-2019-2024\\\/#breadcrumb\",\"itemListElement\":[{\"@type\":\"ListItem\",\"position\":1,\"name\":\"Po\u010detna stranica\",\"item\":\"https:\\\/\\\/rapidomotosport.hr\\\/it\\\/\"},{\"@type\":\"ListItem\",\"position\":2,\"name\":\"Negozio\",\"item\":\"https:\\\/\\\/rapidomotosport.hr\\\/it\\\/negozio\\\/\"},{\"@type\":\"ListItem\",\"position\":3,\"name\":\"BMW M 1000 RR Akrapovi\u010d Racing Line (Titanium) 2019-2024\"}]},{\"@type\":\"WebSite\",\"@id\":\"https:\\\/\\\/rapidomotosport.hr\\\/it\\\/#website\",\"url\":\"https:\\\/\\\/rapidomotosport.hr\\\/it\\\/\",\"name\":\"Rapido Motosport\",\"description\":\"\",\"potentialAction\":[{\"@type\":\"SearchAction\",\"target\":{\"@type\":\"EntryPoint\",\"urlTemplate\":\"https:\\\/\\\/rapidomotosport.hr\\\/it\\\/?s={search_term_string}\"},\"query-input\":{\"@type\":\"PropertyValueSpecification\",\"valueRequired\":true,\"valueName\":\"search_term_string\"}}],\"inLanguage\":\"it-IT\"}]}<\/script>\n<!-- \/ Yoast SEO plugin. -->","yoast_head_json":{"title":"BMW M 1000 RR Akrapovi\u010d Racing Line (Titanium) 2019-2024 - Rapido Motosport","robots":{"index":"index","follow":"follow","max-snippet":"max-snippet:-1","max-image-preview":"max-image-preview:large","max-video-preview":"max-video-preview:-1"},"canonical":"https:\/\/rapidomotosport.hr\/it\/proizvod\/bmw-m-1000-rr-akrapovic-racing-line-titanium-2019-2024\/","og_locale":"it_IT","og_type":"article","og_title":"BMW M 1000 RR Akrapovi\u010d Racing Line (Titanium) 2019-2024 - Rapido Motosport","og_description":"Akrapovi\u010d Racing sustav dizajniran je za voza\u010de koji zahtijevaju maksimalne performanse. Racing sustav je lak\u0161i u usporedbi s tvorni\u010dkim ispu\u0161nim sustavom i odlikuje se izuzetnom kvalitetom izrade, visokotehnolo\u0161kim materijalima te, naravno, pove\u0107anim performansama motora u kombinaciji s \u010distim trka\u0107im zvukom. Jedinstveni oblik prigu\u0161iva\u010da, s utisnutim uzorkom koji se prote\u017ee cijelom du\u017einom ispuha i besprijekorno se stapa s ru\u010dno izra\u0111enim zavr\u0161etkom od karbonskih vlakana, podi\u017ee dizajn na novu razinu. Za savr\u0161ene performanse, odaziv na gas i izdr\u017eljivost preporu\u010duje se remapiranje ECU-a. Na slici proizvoda sustav je prikazan zajedno s opcijskim karbonskim \u0161titnikom od topline P-HSB10E3. Karbonski nosa\u010d prigu\u0161iva\u010da (potreban za monta\u017eu ako se uklanjaju oslonci za suvoza\u010da) ve\u0107 je uklju\u010den u sustav. NAPOMENA: NIJE HOMOLOGIRANO","og_url":"https:\/\/rapidomotosport.hr\/it\/proizvod\/bmw-m-1000-rr-akrapovic-racing-line-titanium-2019-2024\/","og_site_name":"Rapido Motosport","article_modified_time":"2026-04-16T20:59:35+00:00","og_image":[{"width":2362,"height":1772,"url":"https:\/\/rapidomotosport.hr\/wp-content\/uploads\/2025\/02\/ac0f5cae-c6b2-4d5c-b57f-81945ee6a95e.png","type":"image\/png"}],"twitter_card":"summary_large_image","twitter_misc":{"Tempo di lettura stimato":"1 minuto"},"schema":{"@context":"https:\/\/schema.org","@graph":[{"@type":"WebPage","@id":"https:\/\/rapidomotosport.hr\/it\/proizvod\/bmw-m-1000-rr-akrapovic-racing-line-titanium-2019-2024\/","url":"https:\/\/rapidomotosport.hr\/it\/proizvod\/bmw-m-1000-rr-akrapovic-racing-line-titanium-2019-2024\/","name":"BMW M 1000 RR Akrapovi\u010d Racing Line (Titanium) 2019-2024 - Rapido Motosport","isPartOf":{"@id":"https:\/\/rapidomotosport.hr\/it\/#website"},"primaryImageOfPage":{"@id":"https:\/\/rapidomotosport.hr\/it\/proizvod\/bmw-m-1000-rr-akrapovic-racing-line-titanium-2019-2024\/#primaryimage"},"image":{"@id":"https:\/\/rapidomotosport.hr\/it\/proizvod\/bmw-m-1000-rr-akrapovic-racing-line-titanium-2019-2024\/#primaryimage"},"thumbnailUrl":"https:\/\/rapidomotosport.hr\/wp-content\/uploads\/2025\/02\/ac0f5cae-c6b2-4d5c-b57f-81945ee6a95e.png","datePublished":"2025-02-26T15:43:01+00:00","dateModified":"2026-04-16T20:59:35+00:00","breadcrumb":{"@id":"https:\/\/rapidomotosport.hr\/it\/proizvod\/bmw-m-1000-rr-akrapovic-racing-line-titanium-2019-2024\/#breadcrumb"},"inLanguage":"it-IT","potentialAction":[{"@type":"ReadAction","target":["https:\/\/rapidomotosport.hr\/it\/proizvod\/bmw-m-1000-rr-akrapovic-racing-line-titanium-2019-2024\/"]}]},{"@type":"ImageObject","inLanguage":"it-IT","@id":"https:\/\/rapidomotosport.hr\/it\/proizvod\/bmw-m-1000-rr-akrapovic-racing-line-titanium-2019-2024\/#primaryimage","url":"https:\/\/rapidomotosport.hr\/wp-content\/uploads\/2025\/02\/ac0f5cae-c6b2-4d5c-b57f-81945ee6a95e.png","contentUrl":"https:\/\/rapidomotosport.hr\/wp-content\/uploads\/2025\/02\/ac0f5cae-c6b2-4d5c-b57f-81945ee6a95e.png","width":2362,"height":1772},{"@type":"BreadcrumbList","@id":"https:\/\/rapidomotosport.hr\/it\/proizvod\/bmw-m-1000-rr-akrapovic-racing-line-titanium-2019-2024\/#breadcrumb","itemListElement":[{"@type":"ListItem","position":1,"name":"Po\u010detna stranica","item":"https:\/\/rapidomotosport.hr\/it\/"},{"@type":"ListItem","position":2,"name":"Negozio","item":"https:\/\/rapidomotosport.hr\/it\/negozio\/"},{"@type":"ListItem","position":3,"name":"BMW M 1000 RR Akrapovi\u010d Racing Line (Titanium) 2019-2024"}]},{"@type":"WebSite","@id":"https:\/\/rapidomotosport.hr\/it\/#website","url":"https:\/\/rapidomotosport.hr\/it\/","name":"Rapido Motosport","description":"","potentialAction":[{"@type":"SearchAction","target":{"@type":"EntryPoint","urlTemplate":"https:\/\/rapidomotosport.hr\/it\/?s={search_term_string}"},"query-input":{"@type":"PropertyValueSpecification","valueRequired":true,"valueName":"search_term_string"}}],"inLanguage":"it-IT"}]}},"_links":{"self":[{"href":"https:\/\/rapidomotosport.hr\/it\/wp-json\/wp\/v2\/product\/17113","targetHints":{"allow":["GET"]}}],"collection":[{"href":"https:\/\/rapidomotosport.hr\/it\/wp-json\/wp\/v2\/product"}],"about":[{"href":"https:\/\/rapidomotosport.hr\/it\/wp-json\/wp\/v2\/types\/product"}],"wp:featuredmedia":[{"embeddable":true,"href":"https:\/\/rapidomotosport.hr\/it\/wp-json\/wp\/v2\/media\/17114"}],"wp:attachment":[{"href":"https:\/\/rapidomotosport.hr\/it\/wp-json\/wp\/v2\/media?parent=17113"}],"wp:term":[{"taxonomy":"product_brand","embeddable":true,"href":"https:\/\/rapidomotosport.hr\/it\/wp-json\/wp\/v2\/product_brand?post=17113"},{"taxonomy":"product_cat","embeddable":true,"href":"https:\/\/rapidomotosport.hr\/it\/wp-json\/wp\/v2\/product_cat?post=17113"},{"taxonomy":"product_tag","embeddable":true,"href":"https:\/\/rapidomotosport.hr\/it\/wp-json\/wp\/v2\/product_tag?post=17113"}],"curies":[{"name":"wp","href":"https:\/\/api.w.org\/{rel}","templated":true}]}}