{"id":20299,"date":"2025-03-08T18:23:52","date_gmt":"2025-03-08T17:23:52","guid":{"rendered":"https:\/\/rapidomotosport.hr\/?post_type=product&#038;p=20299"},"modified":"2026-05-12T20:41:15","modified_gmt":"2026-05-12T18:41:15","slug":"yamaha-tenere-700-arrow-exhaust-indy-race-evo-aluminium-dark-silencer-2019-2020","status":"publish","type":"product","link":"https:\/\/rapidomotosport.hr\/it\/proizvod\/yamaha-tenere-700-arrow-exhaust-indy-race-evo-aluminium-dark-silencer-2019-2020\/","title":{"rendered":"YAMAHA TENERE 700 ARROW Exhaust Indy Race EVO Aluminium &#8220;Dark&#8221; Silencer 2019-2020"},"content":{"rendered":"","protected":false},"excerpt":{"rendered":"<div class=\"woocommerce-product-details__short-description\">\n<div class=\"woocommerce-product-details__short-description\">\n<div class=\"woocommerce-product-details__short-description\">\n<p class=\"p1\"><span class=\"s2\">Jedan od najprepoznatljivijih Arrow prigu\u0161iva\u010da obnovljen je kako bi postao apsolutna, vi\u0161enamjenska ikona pogodna za kori\u0161tenje na svakom tipu motocikla.<\/span><\/p>\n<p class=\"p1\"><span class=\"s2\">Oblik, inspiriran ovalnim trka\u0107im stazama Formule Indy (po \u010demu je i dobio ime!), redizajniran je kako bi se uvele nove zna\u010dajke, poput udubljenja na bo\u010dnoj strani koje pru\u017ea fantasti\u010dan izgled te pove\u0107ava \u010dvrsto\u0107u i otpornost prigu\u0161iva\u010da.<\/span><\/p>\n<p><em>*<\/em><em>Slike su objavljene isklju\u010divo u ilustrativne svrhe.<\/em><\/p>\n<\/div>\n<form class=\"cart\" action=\"https:\/\/rapidomotosport.hr\/proizvod\/ktm-rc-390-arrow-exhaust-indy-race-evo-aluminium-dark-silencer-2022-2024\/\" enctype=\"multipart\/form-data\" method=\"post\"><\/form>\n<\/div>\n<\/div>\n","protected":false},"featured_media":19958,"template":"","meta":[],"product_brand":[],"product_cat":[42,17],"product_tag":[],"class_list":{"0":"post-20299","1":"product","2":"type-product","3":"status-publish","4":"has-post-thumbnail","6":"product_cat-yamaha","7":"product_cat-ispusni-sustavi","9":"first","10":"instock","11":"sale","12":"shipping-taxable","13":"purchasable","14":"product-type-simple"},"yoast_head":"<!-- This site is optimized with the Yoast SEO plugin v27.5 - https:\/\/yoast.com\/product\/yoast-seo-wordpress\/ -->\n<title>YAMAHA TENERE 700 ARROW Exhaust Indy Race EVO Aluminium &quot;Dark&quot; Silencer 2019-2020 - Rapido Motosport<\/title>\n<meta name=\"robots\" content=\"index, follow, max-snippet:-1, max-image-preview:large, max-video-preview:-1\" \/>\n<link rel=\"canonical\" href=\"https:\/\/rapidomotosport.hr\/it\/proizvod\/yamaha-tenere-700-arrow-exhaust-indy-race-evo-aluminium-dark-silencer-2019-2020\/\" \/>\n<meta property=\"og:locale\" content=\"it_IT\" \/>\n<meta property=\"og:type\" content=\"article\" \/>\n<meta property=\"og:title\" content=\"YAMAHA TENERE 700 ARROW Exhaust Indy Race EVO Aluminium &quot;Dark&quot; Silencer 2019-2020 - Rapido Motosport\" \/>\n<meta property=\"og:description\" content=\"Jedan od najprepoznatljivijih Arrow prigu\u0161iva\u010da obnovljen je kako bi postao apsolutna, vi\u0161enamjenska ikona pogodna za kori\u0161tenje na svakom tipu motocikla. Oblik, inspiriran ovalnim trka\u0107im stazama Formule Indy (po \u010demu je i dobio ime!), redizajniran je kako bi se uvele nove zna\u010dajke, poput udubljenja na bo\u010dnoj strani koje pru\u017ea fantasti\u010dan izgled te pove\u0107ava \u010dvrsto\u0107u i otpornost prigu\u0161iva\u010da. *Slike su objavljene isklju\u010divo u ilustrativne svrhe.\" \/>\n<meta property=\"og:url\" content=\"https:\/\/rapidomotosport.hr\/it\/proizvod\/yamaha-tenere-700-arrow-exhaust-indy-race-evo-aluminium-dark-silencer-2019-2020\/\" \/>\n<meta property=\"og:site_name\" content=\"Rapido Motosport\" \/>\n<meta property=\"article:modified_time\" content=\"2026-05-12T18:41:15+00:00\" \/>\n<meta property=\"og:image\" content=\"https:\/\/rapidomotosport.hr\/wp-content\/uploads\/2025\/03\/INDY-RACE-2-min-1.png\" \/>\n\t<meta property=\"og:image:width\" content=\"2048\" \/>\n\t<meta property=\"og:image:height\" content=\"1536\" \/>\n\t<meta property=\"og:image:type\" content=\"image\/png\" \/>\n<meta name=\"twitter:card\" content=\"summary_large_image\" \/>\n<meta name=\"twitter:label1\" content=\"Tempo di lettura stimato\" \/>\n\t<meta name=\"twitter:data1\" content=\"1 minuto\" \/>\n<script type=\"application\/ld+json\" class=\"yoast-schema-graph\">{\"@context\":\"https:\\\/\\\/schema.org\",\"@graph\":[{\"@type\":\"WebPage\",\"@id\":\"https:\\\/\\\/rapidomotosport.hr\\\/it\\\/proizvod\\\/yamaha-tenere-700-arrow-exhaust-indy-race-evo-aluminium-dark-silencer-2019-2020\\\/\",\"url\":\"https:\\\/\\\/rapidomotosport.hr\\\/it\\\/proizvod\\\/yamaha-tenere-700-arrow-exhaust-indy-race-evo-aluminium-dark-silencer-2019-2020\\\/\",\"name\":\"YAMAHA TENERE 700 ARROW Exhaust Indy Race EVO Aluminium \\\"Dark\\\" Silencer 2019-2020 - Rapido Motosport\",\"isPartOf\":{\"@id\":\"https:\\\/\\\/rapidomotosport.hr\\\/it\\\/#website\"},\"primaryImageOfPage\":{\"@id\":\"https:\\\/\\\/rapidomotosport.hr\\\/it\\\/proizvod\\\/yamaha-tenere-700-arrow-exhaust-indy-race-evo-aluminium-dark-silencer-2019-2020\\\/#primaryimage\"},\"image\":{\"@id\":\"https:\\\/\\\/rapidomotosport.hr\\\/it\\\/proizvod\\\/yamaha-tenere-700-arrow-exhaust-indy-race-evo-aluminium-dark-silencer-2019-2020\\\/#primaryimage\"},\"thumbnailUrl\":\"https:\\\/\\\/rapidomotosport.hr\\\/wp-content\\\/uploads\\\/2025\\\/03\\\/INDY-RACE-2-min-1.png\",\"datePublished\":\"2025-03-08T17:23:52+00:00\",\"dateModified\":\"2026-05-12T18:41:15+00:00\",\"breadcrumb\":{\"@id\":\"https:\\\/\\\/rapidomotosport.hr\\\/it\\\/proizvod\\\/yamaha-tenere-700-arrow-exhaust-indy-race-evo-aluminium-dark-silencer-2019-2020\\\/#breadcrumb\"},\"inLanguage\":\"it-IT\",\"potentialAction\":[{\"@type\":\"ReadAction\",\"target\":[\"https:\\\/\\\/rapidomotosport.hr\\\/it\\\/proizvod\\\/yamaha-tenere-700-arrow-exhaust-indy-race-evo-aluminium-dark-silencer-2019-2020\\\/\"]}]},{\"@type\":\"ImageObject\",\"inLanguage\":\"it-IT\",\"@id\":\"https:\\\/\\\/rapidomotosport.hr\\\/it\\\/proizvod\\\/yamaha-tenere-700-arrow-exhaust-indy-race-evo-aluminium-dark-silencer-2019-2020\\\/#primaryimage\",\"url\":\"https:\\\/\\\/rapidomotosport.hr\\\/wp-content\\\/uploads\\\/2025\\\/03\\\/INDY-RACE-2-min-1.png\",\"contentUrl\":\"https:\\\/\\\/rapidomotosport.hr\\\/wp-content\\\/uploads\\\/2025\\\/03\\\/INDY-RACE-2-min-1.png\",\"width\":2048,\"height\":1536},{\"@type\":\"BreadcrumbList\",\"@id\":\"https:\\\/\\\/rapidomotosport.hr\\\/it\\\/proizvod\\\/yamaha-tenere-700-arrow-exhaust-indy-race-evo-aluminium-dark-silencer-2019-2020\\\/#breadcrumb\",\"itemListElement\":[{\"@type\":\"ListItem\",\"position\":1,\"name\":\"Po\u010detna stranica\",\"item\":\"https:\\\/\\\/rapidomotosport.hr\\\/it\\\/\"},{\"@type\":\"ListItem\",\"position\":2,\"name\":\"Negozio\",\"item\":\"https:\\\/\\\/rapidomotosport.hr\\\/it\\\/negozio\\\/\"},{\"@type\":\"ListItem\",\"position\":3,\"name\":\"YAMAHA TENERE 700 ARROW Exhaust Indy Race EVO Aluminium &#8220;Dark&#8221; Silencer 2019-2020\"}]},{\"@type\":\"WebSite\",\"@id\":\"https:\\\/\\\/rapidomotosport.hr\\\/it\\\/#website\",\"url\":\"https:\\\/\\\/rapidomotosport.hr\\\/it\\\/\",\"name\":\"Rapido Motosport\",\"description\":\"\",\"potentialAction\":[{\"@type\":\"SearchAction\",\"target\":{\"@type\":\"EntryPoint\",\"urlTemplate\":\"https:\\\/\\\/rapidomotosport.hr\\\/it\\\/?s={search_term_string}\"},\"query-input\":{\"@type\":\"PropertyValueSpecification\",\"valueRequired\":true,\"valueName\":\"search_term_string\"}}],\"inLanguage\":\"it-IT\"}]}<\/script>\n<!-- \/ Yoast SEO plugin. -->","yoast_head_json":{"title":"YAMAHA TENERE 700 ARROW Exhaust Indy Race EVO Aluminium \"Dark\" Silencer 2019-2020 - Rapido Motosport","robots":{"index":"index","follow":"follow","max-snippet":"max-snippet:-1","max-image-preview":"max-image-preview:large","max-video-preview":"max-video-preview:-1"},"canonical":"https:\/\/rapidomotosport.hr\/it\/proizvod\/yamaha-tenere-700-arrow-exhaust-indy-race-evo-aluminium-dark-silencer-2019-2020\/","og_locale":"it_IT","og_type":"article","og_title":"YAMAHA TENERE 700 ARROW Exhaust Indy Race EVO Aluminium \"Dark\" Silencer 2019-2020 - Rapido Motosport","og_description":"Jedan od najprepoznatljivijih Arrow prigu\u0161iva\u010da obnovljen je kako bi postao apsolutna, vi\u0161enamjenska ikona pogodna za kori\u0161tenje na svakom tipu motocikla. Oblik, inspiriran ovalnim trka\u0107im stazama Formule Indy (po \u010demu je i dobio ime!), redizajniran je kako bi se uvele nove zna\u010dajke, poput udubljenja na bo\u010dnoj strani koje pru\u017ea fantasti\u010dan izgled te pove\u0107ava \u010dvrsto\u0107u i otpornost prigu\u0161iva\u010da. *Slike su objavljene isklju\u010divo u ilustrativne svrhe.","og_url":"https:\/\/rapidomotosport.hr\/it\/proizvod\/yamaha-tenere-700-arrow-exhaust-indy-race-evo-aluminium-dark-silencer-2019-2020\/","og_site_name":"Rapido Motosport","article_modified_time":"2026-05-12T18:41:15+00:00","og_image":[{"width":2048,"height":1536,"url":"https:\/\/rapidomotosport.hr\/wp-content\/uploads\/2025\/03\/INDY-RACE-2-min-1.png","type":"image\/png"}],"twitter_card":"summary_large_image","twitter_misc":{"Tempo di lettura stimato":"1 minuto"},"schema":{"@context":"https:\/\/schema.org","@graph":[{"@type":"WebPage","@id":"https:\/\/rapidomotosport.hr\/it\/proizvod\/yamaha-tenere-700-arrow-exhaust-indy-race-evo-aluminium-dark-silencer-2019-2020\/","url":"https:\/\/rapidomotosport.hr\/it\/proizvod\/yamaha-tenere-700-arrow-exhaust-indy-race-evo-aluminium-dark-silencer-2019-2020\/","name":"YAMAHA TENERE 700 ARROW Exhaust Indy Race EVO Aluminium \"Dark\" Silencer 2019-2020 - Rapido Motosport","isPartOf":{"@id":"https:\/\/rapidomotosport.hr\/it\/#website"},"primaryImageOfPage":{"@id":"https:\/\/rapidomotosport.hr\/it\/proizvod\/yamaha-tenere-700-arrow-exhaust-indy-race-evo-aluminium-dark-silencer-2019-2020\/#primaryimage"},"image":{"@id":"https:\/\/rapidomotosport.hr\/it\/proizvod\/yamaha-tenere-700-arrow-exhaust-indy-race-evo-aluminium-dark-silencer-2019-2020\/#primaryimage"},"thumbnailUrl":"https:\/\/rapidomotosport.hr\/wp-content\/uploads\/2025\/03\/INDY-RACE-2-min-1.png","datePublished":"2025-03-08T17:23:52+00:00","dateModified":"2026-05-12T18:41:15+00:00","breadcrumb":{"@id":"https:\/\/rapidomotosport.hr\/it\/proizvod\/yamaha-tenere-700-arrow-exhaust-indy-race-evo-aluminium-dark-silencer-2019-2020\/#breadcrumb"},"inLanguage":"it-IT","potentialAction":[{"@type":"ReadAction","target":["https:\/\/rapidomotosport.hr\/it\/proizvod\/yamaha-tenere-700-arrow-exhaust-indy-race-evo-aluminium-dark-silencer-2019-2020\/"]}]},{"@type":"ImageObject","inLanguage":"it-IT","@id":"https:\/\/rapidomotosport.hr\/it\/proizvod\/yamaha-tenere-700-arrow-exhaust-indy-race-evo-aluminium-dark-silencer-2019-2020\/#primaryimage","url":"https:\/\/rapidomotosport.hr\/wp-content\/uploads\/2025\/03\/INDY-RACE-2-min-1.png","contentUrl":"https:\/\/rapidomotosport.hr\/wp-content\/uploads\/2025\/03\/INDY-RACE-2-min-1.png","width":2048,"height":1536},{"@type":"BreadcrumbList","@id":"https:\/\/rapidomotosport.hr\/it\/proizvod\/yamaha-tenere-700-arrow-exhaust-indy-race-evo-aluminium-dark-silencer-2019-2020\/#breadcrumb","itemListElement":[{"@type":"ListItem","position":1,"name":"Po\u010detna stranica","item":"https:\/\/rapidomotosport.hr\/it\/"},{"@type":"ListItem","position":2,"name":"Negozio","item":"https:\/\/rapidomotosport.hr\/it\/negozio\/"},{"@type":"ListItem","position":3,"name":"YAMAHA TENERE 700 ARROW Exhaust Indy Race EVO Aluminium &#8220;Dark&#8221; Silencer 2019-2020"}]},{"@type":"WebSite","@id":"https:\/\/rapidomotosport.hr\/it\/#website","url":"https:\/\/rapidomotosport.hr\/it\/","name":"Rapido Motosport","description":"","potentialAction":[{"@type":"SearchAction","target":{"@type":"EntryPoint","urlTemplate":"https:\/\/rapidomotosport.hr\/it\/?s={search_term_string}"},"query-input":{"@type":"PropertyValueSpecification","valueRequired":true,"valueName":"search_term_string"}}],"inLanguage":"it-IT"}]}},"_links":{"self":[{"href":"https:\/\/rapidomotosport.hr\/it\/wp-json\/wp\/v2\/product\/20299","targetHints":{"allow":["GET"]}}],"collection":[{"href":"https:\/\/rapidomotosport.hr\/it\/wp-json\/wp\/v2\/product"}],"about":[{"href":"https:\/\/rapidomotosport.hr\/it\/wp-json\/wp\/v2\/types\/product"}],"wp:featuredmedia":[{"embeddable":true,"href":"https:\/\/rapidomotosport.hr\/it\/wp-json\/wp\/v2\/media\/19958"}],"wp:attachment":[{"href":"https:\/\/rapidomotosport.hr\/it\/wp-json\/wp\/v2\/media?parent=20299"}],"wp:term":[{"taxonomy":"product_brand","embeddable":true,"href":"https:\/\/rapidomotosport.hr\/it\/wp-json\/wp\/v2\/product_brand?post=20299"},{"taxonomy":"product_cat","embeddable":true,"href":"https:\/\/rapidomotosport.hr\/it\/wp-json\/wp\/v2\/product_cat?post=20299"},{"taxonomy":"product_tag","embeddable":true,"href":"https:\/\/rapidomotosport.hr\/it\/wp-json\/wp\/v2\/product_tag?post=20299"}],"curies":[{"name":"wp","href":"https:\/\/api.w.org\/{rel}","templated":true}]}}