{"id":24746,"date":"2025-10-28T17:46:55","date_gmt":"2025-10-28T16:46:55","guid":{"rendered":"https:\/\/rapidomotosport.hr\/?post_type=product&#038;p=24746"},"modified":"2026-01-15T23:15:32","modified_gmt":"2026-01-15T22:15:32","slug":"bmw-bmw-f-800-gs-f-900-gs-adventure-akrapovic-optional-link-pipe-ss-2024-2025","status":"publish","type":"product","link":"https:\/\/rapidomotosport.hr\/it\/proizvod\/bmw-bmw-f-800-gs-f-900-gs-adventure-akrapovic-optional-link-pipe-ss-2024-2025\/","title":{"rendered":"BMW BMW F 800 GS \/ F 900 GS Adventure Akrapovi\u010d Optional Link Pipe (SS) 2024-2026"},"content":{"rendered":"","protected":false},"excerpt":{"rendered":"<p>Ovaj je proizvod razvijen za uporabu zajedno sa Slip-On Line (Titanium) ispu\u0161nim sustavom za BMW F 800 GS \/ F 900 GS Adventure te je namijenjen isklju\u010divo za vo\u017enju na trka\u0107im stazama i zatvorenim prostorima. Izra\u0111en je od visokokvalitetnog nehr\u0111aju\u0107eg \u010delika, a ugradnjom opcionalne me\u0111ucijevi uklanja se serijski predprigu\u0161iva\u010d, \u010dime se posti\u017ee impresivno smanjenje mase od 82,9 % (2,9 kg) u odnosu na originalnu izvedbu. Sustav proizvodi dubok trka\u0107i ton, a tijekom ugradnje preporu\u010duje se remapiranje ECU-a.<\/p>\n<p>Pri ugradnji Racing Line ispu\u0161nog sustava na Euro 5+ motocikle (s dva lambda senzora), kontrolna lampica motora \u0107e se upaliti nakon \u0161to sustav prepozna odstupanje u parametrima serijskog katalizatora.<\/p>\n<p>NAPOMENA: NIJE HOMOLOGIRANO<\/p>\n","protected":false},"featured_media":24747,"template":"","meta":[],"product_brand":[],"product_cat":[17],"product_tag":[],"class_list":{"0":"post-24746","1":"product","2":"type-product","3":"status-publish","4":"has-post-thumbnail","6":"product_cat-ispusni-sustavi","8":"first","9":"instock","10":"sale","11":"shipping-taxable","12":"purchasable","13":"product-type-simple"},"yoast_head":"<!-- This site is optimized with the Yoast SEO plugin v27.5 - https:\/\/yoast.com\/product\/yoast-seo-wordpress\/ -->\n<title>BMW BMW F 800 GS \/ F 900 GS Adventure Akrapovi\u010d Optional Link Pipe (SS) 2024-2026 - Rapido Motosport<\/title>\n<meta name=\"robots\" content=\"index, follow, max-snippet:-1, max-image-preview:large, max-video-preview:-1\" \/>\n<link rel=\"canonical\" href=\"https:\/\/rapidomotosport.hr\/it\/proizvod\/bmw-bmw-f-800-gs-f-900-gs-adventure-akrapovic-optional-link-pipe-ss-2024-2025\/\" \/>\n<meta property=\"og:locale\" content=\"it_IT\" \/>\n<meta property=\"og:type\" content=\"article\" \/>\n<meta property=\"og:title\" content=\"BMW BMW F 800 GS \/ F 900 GS Adventure Akrapovi\u010d Optional Link Pipe (SS) 2024-2026 - Rapido Motosport\" \/>\n<meta property=\"og:description\" content=\"Ovaj je proizvod razvijen za uporabu zajedno sa Slip-On Line (Titanium) ispu\u0161nim sustavom za BMW F 800 GS \/ F 900 GS Adventure te je namijenjen isklju\u010divo za vo\u017enju na trka\u0107im stazama i zatvorenim prostorima. Izra\u0111en je od visokokvalitetnog nehr\u0111aju\u0107eg \u010delika, a ugradnjom opcionalne me\u0111ucijevi uklanja se serijski predprigu\u0161iva\u010d, \u010dime se posti\u017ee impresivno smanjenje mase od 82,9 % (2,9 kg) u odnosu na originalnu izvedbu. Sustav proizvodi dubok trka\u0107i ton, a tijekom ugradnje preporu\u010duje se remapiranje ECU-a.  Pri ugradnji Racing Line ispu\u0161nog sustava na Euro 5+ motocikle (s dva lambda senzora), kontrolna lampica motora \u0107e se upaliti nakon \u0161to sustav prepozna odstupanje u parametrima serijskog katalizatora.  NAPOMENA: NIJE HOMOLOGIRANO\" \/>\n<meta property=\"og:url\" content=\"https:\/\/rapidomotosport.hr\/it\/proizvod\/bmw-bmw-f-800-gs-f-900-gs-adventure-akrapovic-optional-link-pipe-ss-2024-2025\/\" \/>\n<meta property=\"og:site_name\" content=\"Rapido Motosport\" \/>\n<meta property=\"article:modified_time\" content=\"2026-01-15T22:15:32+00:00\" \/>\n<meta property=\"og:image\" content=\"https:\/\/rapidomotosport.hr\/wp-content\/uploads\/2025\/10\/18c25036-ece3-4ca2-98be-36453814ea75-min.png\" \/>\n\t<meta property=\"og:image:width\" content=\"2362\" \/>\n\t<meta property=\"og:image:height\" content=\"1769\" \/>\n\t<meta property=\"og:image:type\" content=\"image\/png\" \/>\n<meta name=\"twitter:card\" content=\"summary_large_image\" \/>\n<meta name=\"twitter:label1\" content=\"Tempo di lettura stimato\" \/>\n\t<meta name=\"twitter:data1\" content=\"1 minuto\" \/>\n<script type=\"application\/ld+json\" class=\"yoast-schema-graph\">{\"@context\":\"https:\\\/\\\/schema.org\",\"@graph\":[{\"@type\":\"WebPage\",\"@id\":\"https:\\\/\\\/rapidomotosport.hr\\\/it\\\/proizvod\\\/bmw-bmw-f-800-gs-f-900-gs-adventure-akrapovic-optional-link-pipe-ss-2024-2025\\\/\",\"url\":\"https:\\\/\\\/rapidomotosport.hr\\\/it\\\/proizvod\\\/bmw-bmw-f-800-gs-f-900-gs-adventure-akrapovic-optional-link-pipe-ss-2024-2025\\\/\",\"name\":\"BMW BMW F 800 GS \\\/ F 900 GS Adventure Akrapovi\u010d Optional Link Pipe (SS) 2024-2026 - Rapido Motosport\",\"isPartOf\":{\"@id\":\"https:\\\/\\\/rapidomotosport.hr\\\/it\\\/#website\"},\"primaryImageOfPage\":{\"@id\":\"https:\\\/\\\/rapidomotosport.hr\\\/it\\\/proizvod\\\/bmw-bmw-f-800-gs-f-900-gs-adventure-akrapovic-optional-link-pipe-ss-2024-2025\\\/#primaryimage\"},\"image\":{\"@id\":\"https:\\\/\\\/rapidomotosport.hr\\\/it\\\/proizvod\\\/bmw-bmw-f-800-gs-f-900-gs-adventure-akrapovic-optional-link-pipe-ss-2024-2025\\\/#primaryimage\"},\"thumbnailUrl\":\"https:\\\/\\\/rapidomotosport.hr\\\/wp-content\\\/uploads\\\/2025\\\/10\\\/18c25036-ece3-4ca2-98be-36453814ea75-min.png\",\"datePublished\":\"2025-10-28T16:46:55+00:00\",\"dateModified\":\"2026-01-15T22:15:32+00:00\",\"breadcrumb\":{\"@id\":\"https:\\\/\\\/rapidomotosport.hr\\\/it\\\/proizvod\\\/bmw-bmw-f-800-gs-f-900-gs-adventure-akrapovic-optional-link-pipe-ss-2024-2025\\\/#breadcrumb\"},\"inLanguage\":\"it-IT\",\"potentialAction\":[{\"@type\":\"ReadAction\",\"target\":[\"https:\\\/\\\/rapidomotosport.hr\\\/it\\\/proizvod\\\/bmw-bmw-f-800-gs-f-900-gs-adventure-akrapovic-optional-link-pipe-ss-2024-2025\\\/\"]}]},{\"@type\":\"ImageObject\",\"inLanguage\":\"it-IT\",\"@id\":\"https:\\\/\\\/rapidomotosport.hr\\\/it\\\/proizvod\\\/bmw-bmw-f-800-gs-f-900-gs-adventure-akrapovic-optional-link-pipe-ss-2024-2025\\\/#primaryimage\",\"url\":\"https:\\\/\\\/rapidomotosport.hr\\\/wp-content\\\/uploads\\\/2025\\\/10\\\/18c25036-ece3-4ca2-98be-36453814ea75-min.png\",\"contentUrl\":\"https:\\\/\\\/rapidomotosport.hr\\\/wp-content\\\/uploads\\\/2025\\\/10\\\/18c25036-ece3-4ca2-98be-36453814ea75-min.png\",\"width\":2362,\"height\":1769},{\"@type\":\"BreadcrumbList\",\"@id\":\"https:\\\/\\\/rapidomotosport.hr\\\/it\\\/proizvod\\\/bmw-bmw-f-800-gs-f-900-gs-adventure-akrapovic-optional-link-pipe-ss-2024-2025\\\/#breadcrumb\",\"itemListElement\":[{\"@type\":\"ListItem\",\"position\":1,\"name\":\"Po\u010detna stranica\",\"item\":\"https:\\\/\\\/rapidomotosport.hr\\\/it\\\/\"},{\"@type\":\"ListItem\",\"position\":2,\"name\":\"Negozio\",\"item\":\"https:\\\/\\\/rapidomotosport.hr\\\/it\\\/negozio\\\/\"},{\"@type\":\"ListItem\",\"position\":3,\"name\":\"BMW BMW F 800 GS \\\/ F 900 GS Adventure Akrapovi\u010d Optional Link Pipe (SS) 2024-2026\"}]},{\"@type\":\"WebSite\",\"@id\":\"https:\\\/\\\/rapidomotosport.hr\\\/it\\\/#website\",\"url\":\"https:\\\/\\\/rapidomotosport.hr\\\/it\\\/\",\"name\":\"Rapido Motosport\",\"description\":\"\",\"potentialAction\":[{\"@type\":\"SearchAction\",\"target\":{\"@type\":\"EntryPoint\",\"urlTemplate\":\"https:\\\/\\\/rapidomotosport.hr\\\/it\\\/?s={search_term_string}\"},\"query-input\":{\"@type\":\"PropertyValueSpecification\",\"valueRequired\":true,\"valueName\":\"search_term_string\"}}],\"inLanguage\":\"it-IT\"}]}<\/script>\n<!-- \/ Yoast SEO plugin. -->","yoast_head_json":{"title":"BMW BMW F 800 GS \/ F 900 GS Adventure Akrapovi\u010d Optional Link Pipe (SS) 2024-2026 - Rapido Motosport","robots":{"index":"index","follow":"follow","max-snippet":"max-snippet:-1","max-image-preview":"max-image-preview:large","max-video-preview":"max-video-preview:-1"},"canonical":"https:\/\/rapidomotosport.hr\/it\/proizvod\/bmw-bmw-f-800-gs-f-900-gs-adventure-akrapovic-optional-link-pipe-ss-2024-2025\/","og_locale":"it_IT","og_type":"article","og_title":"BMW BMW F 800 GS \/ F 900 GS Adventure Akrapovi\u010d Optional Link Pipe (SS) 2024-2026 - Rapido Motosport","og_description":"Ovaj je proizvod razvijen za uporabu zajedno sa Slip-On Line (Titanium) ispu\u0161nim sustavom za BMW F 800 GS \/ F 900 GS Adventure te je namijenjen isklju\u010divo za vo\u017enju na trka\u0107im stazama i zatvorenim prostorima. Izra\u0111en je od visokokvalitetnog nehr\u0111aju\u0107eg \u010delika, a ugradnjom opcionalne me\u0111ucijevi uklanja se serijski predprigu\u0161iva\u010d, \u010dime se posti\u017ee impresivno smanjenje mase od 82,9 % (2,9 kg) u odnosu na originalnu izvedbu. Sustav proizvodi dubok trka\u0107i ton, a tijekom ugradnje preporu\u010duje se remapiranje ECU-a.  Pri ugradnji Racing Line ispu\u0161nog sustava na Euro 5+ motocikle (s dva lambda senzora), kontrolna lampica motora \u0107e se upaliti nakon \u0161to sustav prepozna odstupanje u parametrima serijskog katalizatora.  NAPOMENA: NIJE HOMOLOGIRANO","og_url":"https:\/\/rapidomotosport.hr\/it\/proizvod\/bmw-bmw-f-800-gs-f-900-gs-adventure-akrapovic-optional-link-pipe-ss-2024-2025\/","og_site_name":"Rapido Motosport","article_modified_time":"2026-01-15T22:15:32+00:00","og_image":[{"width":2362,"height":1769,"url":"https:\/\/rapidomotosport.hr\/wp-content\/uploads\/2025\/10\/18c25036-ece3-4ca2-98be-36453814ea75-min.png","type":"image\/png"}],"twitter_card":"summary_large_image","twitter_misc":{"Tempo di lettura stimato":"1 minuto"},"schema":{"@context":"https:\/\/schema.org","@graph":[{"@type":"WebPage","@id":"https:\/\/rapidomotosport.hr\/it\/proizvod\/bmw-bmw-f-800-gs-f-900-gs-adventure-akrapovic-optional-link-pipe-ss-2024-2025\/","url":"https:\/\/rapidomotosport.hr\/it\/proizvod\/bmw-bmw-f-800-gs-f-900-gs-adventure-akrapovic-optional-link-pipe-ss-2024-2025\/","name":"BMW BMW F 800 GS \/ F 900 GS Adventure Akrapovi\u010d Optional Link Pipe (SS) 2024-2026 - Rapido Motosport","isPartOf":{"@id":"https:\/\/rapidomotosport.hr\/it\/#website"},"primaryImageOfPage":{"@id":"https:\/\/rapidomotosport.hr\/it\/proizvod\/bmw-bmw-f-800-gs-f-900-gs-adventure-akrapovic-optional-link-pipe-ss-2024-2025\/#primaryimage"},"image":{"@id":"https:\/\/rapidomotosport.hr\/it\/proizvod\/bmw-bmw-f-800-gs-f-900-gs-adventure-akrapovic-optional-link-pipe-ss-2024-2025\/#primaryimage"},"thumbnailUrl":"https:\/\/rapidomotosport.hr\/wp-content\/uploads\/2025\/10\/18c25036-ece3-4ca2-98be-36453814ea75-min.png","datePublished":"2025-10-28T16:46:55+00:00","dateModified":"2026-01-15T22:15:32+00:00","breadcrumb":{"@id":"https:\/\/rapidomotosport.hr\/it\/proizvod\/bmw-bmw-f-800-gs-f-900-gs-adventure-akrapovic-optional-link-pipe-ss-2024-2025\/#breadcrumb"},"inLanguage":"it-IT","potentialAction":[{"@type":"ReadAction","target":["https:\/\/rapidomotosport.hr\/it\/proizvod\/bmw-bmw-f-800-gs-f-900-gs-adventure-akrapovic-optional-link-pipe-ss-2024-2025\/"]}]},{"@type":"ImageObject","inLanguage":"it-IT","@id":"https:\/\/rapidomotosport.hr\/it\/proizvod\/bmw-bmw-f-800-gs-f-900-gs-adventure-akrapovic-optional-link-pipe-ss-2024-2025\/#primaryimage","url":"https:\/\/rapidomotosport.hr\/wp-content\/uploads\/2025\/10\/18c25036-ece3-4ca2-98be-36453814ea75-min.png","contentUrl":"https:\/\/rapidomotosport.hr\/wp-content\/uploads\/2025\/10\/18c25036-ece3-4ca2-98be-36453814ea75-min.png","width":2362,"height":1769},{"@type":"BreadcrumbList","@id":"https:\/\/rapidomotosport.hr\/it\/proizvod\/bmw-bmw-f-800-gs-f-900-gs-adventure-akrapovic-optional-link-pipe-ss-2024-2025\/#breadcrumb","itemListElement":[{"@type":"ListItem","position":1,"name":"Po\u010detna stranica","item":"https:\/\/rapidomotosport.hr\/it\/"},{"@type":"ListItem","position":2,"name":"Negozio","item":"https:\/\/rapidomotosport.hr\/it\/negozio\/"},{"@type":"ListItem","position":3,"name":"BMW BMW F 800 GS \/ F 900 GS Adventure Akrapovi\u010d Optional Link Pipe (SS) 2024-2026"}]},{"@type":"WebSite","@id":"https:\/\/rapidomotosport.hr\/it\/#website","url":"https:\/\/rapidomotosport.hr\/it\/","name":"Rapido Motosport","description":"","potentialAction":[{"@type":"SearchAction","target":{"@type":"EntryPoint","urlTemplate":"https:\/\/rapidomotosport.hr\/it\/?s={search_term_string}"},"query-input":{"@type":"PropertyValueSpecification","valueRequired":true,"valueName":"search_term_string"}}],"inLanguage":"it-IT"}]}},"_links":{"self":[{"href":"https:\/\/rapidomotosport.hr\/it\/wp-json\/wp\/v2\/product\/24746","targetHints":{"allow":["GET"]}}],"collection":[{"href":"https:\/\/rapidomotosport.hr\/it\/wp-json\/wp\/v2\/product"}],"about":[{"href":"https:\/\/rapidomotosport.hr\/it\/wp-json\/wp\/v2\/types\/product"}],"wp:featuredmedia":[{"embeddable":true,"href":"https:\/\/rapidomotosport.hr\/it\/wp-json\/wp\/v2\/media\/24747"}],"wp:attachment":[{"href":"https:\/\/rapidomotosport.hr\/it\/wp-json\/wp\/v2\/media?parent=24746"}],"wp:term":[{"taxonomy":"product_brand","embeddable":true,"href":"https:\/\/rapidomotosport.hr\/it\/wp-json\/wp\/v2\/product_brand?post=24746"},{"taxonomy":"product_cat","embeddable":true,"href":"https:\/\/rapidomotosport.hr\/it\/wp-json\/wp\/v2\/product_cat?post=24746"},{"taxonomy":"product_tag","embeddable":true,"href":"https:\/\/rapidomotosport.hr\/it\/wp-json\/wp\/v2\/product_tag?post=24746"}],"curies":[{"name":"wp","href":"https:\/\/api.w.org\/{rel}","templated":true}]}}