{"id":25247,"date":"2025-11-05T17:27:51","date_gmt":"2025-11-05T16:27:51","guid":{"rendered":"https:\/\/rapidomotosport.hr\/?post_type=product&#038;p=25247"},"modified":"2026-04-08T17:44:05","modified_gmt":"2026-04-08T15:44:05","slug":"aprilia-pegaso-strada-650-mivv-exhaust-oval-silencers-2005-2011","status":"publish","type":"product","link":"https:\/\/rapidomotosport.hr\/it\/proizvod\/aprilia-pegaso-strada-650-mivv-exhaust-oval-silencers-2005-2011\/","title":{"rendered":"APRILIA PEGASO STRADA 650 MIVV Exhaust OVAL Slip-On Silencers 2005-2011"},"content":{"rendered":"","protected":false},"excerpt":{"rendered":"<p>Izra\u0111en kako bi pobolj\u0161ao estetiku, zvuk i performanse motocikla, Mivv slip-on ispu\u0161ni sustav nastao je iz najve\u0107e pa\u017enje prema dizajnu, s ciljem da zadovolji one koji se \u017eele istaknuti \u2013 \u010dak i kroz izgled vlastitog motocikla.<\/p>\n<p>Ispu\u0161ni sustavi iz linije OVAL savr\u0161eno se prilago\u0111avaju svakoj vrsti motocikla. Zavr\u0161etak Oval, izra\u0111en s velikom pa\u017enjom prema detaljima, predstavlja najbolji kompromis izme\u0111u dizajna i performansi.<\/p>\n<p>Odlikuje se tijelom i zavr\u0161nim \u010depom izra\u0111enima od karbona visoke toplinske otpornosti, a ispu\u0161ni sustav ima otvore na zavr\u0161nom \u010depu \u2013 detalj koji zavr\u0161etku daje jo\u0161 sportskiji izgled.<\/p>\n<p>NAPOMENA: HOMOLOGIRANO SAMO S UGRA\u0110ENIM KATALIZATOROM<\/p>\n","protected":false},"featured_media":25248,"template":"","meta":[],"product_brand":[],"product_cat":[17,18],"product_tag":[],"class_list":{"0":"post-25247","1":"product","2":"type-product","3":"status-publish","4":"has-post-thumbnail","6":"product_cat-ispusni-sustavi","7":"product_cat-aprilia","9":"first","10":"instock","11":"sale","12":"shipping-taxable","13":"purchasable","14":"product-type-simple"},"yoast_head":"<!-- This site is optimized with the Yoast SEO plugin v27.5 - https:\/\/yoast.com\/product\/yoast-seo-wordpress\/ -->\n<title>APRILIA PEGASO STRADA 650 MIVV Exhaust OVAL Slip-On Silencers 2005-2011 - Rapido Motosport<\/title>\n<meta name=\"robots\" content=\"index, follow, max-snippet:-1, max-image-preview:large, max-video-preview:-1\" \/>\n<link rel=\"canonical\" href=\"https:\/\/rapidomotosport.hr\/it\/proizvod\/aprilia-pegaso-strada-650-mivv-exhaust-oval-silencers-2005-2011\/\" \/>\n<meta property=\"og:locale\" content=\"it_IT\" \/>\n<meta property=\"og:type\" content=\"article\" \/>\n<meta property=\"og:title\" content=\"APRILIA PEGASO STRADA 650 MIVV Exhaust OVAL Slip-On Silencers 2005-2011 - Rapido Motosport\" \/>\n<meta property=\"og:description\" content=\"Izra\u0111en kako bi pobolj\u0161ao estetiku, zvuk i performanse motocikla, Mivv slip-on ispu\u0161ni sustav nastao je iz najve\u0107e pa\u017enje prema dizajnu, s ciljem da zadovolji one koji se \u017eele istaknuti \u2013 \u010dak i kroz izgled vlastitog motocikla.  Ispu\u0161ni sustavi iz linije OVAL savr\u0161eno se prilago\u0111avaju svakoj vrsti motocikla. Zavr\u0161etak Oval, izra\u0111en s velikom pa\u017enjom prema detaljima, predstavlja najbolji kompromis izme\u0111u dizajna i performansi.  Odlikuje se tijelom i zavr\u0161nim \u010depom izra\u0111enima od karbona visoke toplinske otpornosti, a ispu\u0161ni sustav ima otvore na zavr\u0161nom \u010depu \u2013 detalj koji zavr\u0161etku daje jo\u0161 sportskiji izgled.  NAPOMENA: HOMOLOGIRANO SAMO S UGRA\u0110ENIM KATALIZATOROM\" \/>\n<meta property=\"og:url\" content=\"https:\/\/rapidomotosport.hr\/it\/proizvod\/aprilia-pegaso-strada-650-mivv-exhaust-oval-silencers-2005-2011\/\" \/>\n<meta property=\"og:site_name\" content=\"Rapido Motosport\" \/>\n<meta property=\"article:modified_time\" content=\"2026-04-08T15:44:05+00:00\" \/>\n<meta property=\"og:image\" content=\"https:\/\/rapidomotosport.hr\/wp-content\/uploads\/2025\/11\/terminali-mivv-oval-inox-aprilia-pegaso-strada-650-2005-2011-min.jpg\" \/>\n\t<meta property=\"og:image:width\" content=\"1200\" \/>\n\t<meta property=\"og:image:height\" content=\"900\" \/>\n\t<meta property=\"og:image:type\" content=\"image\/jpeg\" \/>\n<meta name=\"twitter:card\" content=\"summary_large_image\" \/>\n<meta name=\"twitter:label1\" content=\"Tempo di lettura stimato\" \/>\n\t<meta name=\"twitter:data1\" content=\"1 minuto\" \/>\n<script type=\"application\/ld+json\" class=\"yoast-schema-graph\">{\"@context\":\"https:\\\/\\\/schema.org\",\"@graph\":[{\"@type\":\"WebPage\",\"@id\":\"https:\\\/\\\/rapidomotosport.hr\\\/it\\\/proizvod\\\/aprilia-pegaso-strada-650-mivv-exhaust-oval-silencers-2005-2011\\\/\",\"url\":\"https:\\\/\\\/rapidomotosport.hr\\\/it\\\/proizvod\\\/aprilia-pegaso-strada-650-mivv-exhaust-oval-silencers-2005-2011\\\/\",\"name\":\"APRILIA PEGASO STRADA 650 MIVV Exhaust OVAL Slip-On Silencers 2005-2011 - Rapido Motosport\",\"isPartOf\":{\"@id\":\"https:\\\/\\\/rapidomotosport.hr\\\/it\\\/#website\"},\"primaryImageOfPage\":{\"@id\":\"https:\\\/\\\/rapidomotosport.hr\\\/it\\\/proizvod\\\/aprilia-pegaso-strada-650-mivv-exhaust-oval-silencers-2005-2011\\\/#primaryimage\"},\"image\":{\"@id\":\"https:\\\/\\\/rapidomotosport.hr\\\/it\\\/proizvod\\\/aprilia-pegaso-strada-650-mivv-exhaust-oval-silencers-2005-2011\\\/#primaryimage\"},\"thumbnailUrl\":\"https:\\\/\\\/rapidomotosport.hr\\\/wp-content\\\/uploads\\\/2025\\\/11\\\/terminali-mivv-oval-inox-aprilia-pegaso-strada-650-2005-2011-min.jpg\",\"datePublished\":\"2025-11-05T16:27:51+00:00\",\"dateModified\":\"2026-04-08T15:44:05+00:00\",\"breadcrumb\":{\"@id\":\"https:\\\/\\\/rapidomotosport.hr\\\/it\\\/proizvod\\\/aprilia-pegaso-strada-650-mivv-exhaust-oval-silencers-2005-2011\\\/#breadcrumb\"},\"inLanguage\":\"it-IT\",\"potentialAction\":[{\"@type\":\"ReadAction\",\"target\":[\"https:\\\/\\\/rapidomotosport.hr\\\/it\\\/proizvod\\\/aprilia-pegaso-strada-650-mivv-exhaust-oval-silencers-2005-2011\\\/\"]}]},{\"@type\":\"ImageObject\",\"inLanguage\":\"it-IT\",\"@id\":\"https:\\\/\\\/rapidomotosport.hr\\\/it\\\/proizvod\\\/aprilia-pegaso-strada-650-mivv-exhaust-oval-silencers-2005-2011\\\/#primaryimage\",\"url\":\"https:\\\/\\\/rapidomotosport.hr\\\/wp-content\\\/uploads\\\/2025\\\/11\\\/terminali-mivv-oval-inox-aprilia-pegaso-strada-650-2005-2011-min.jpg\",\"contentUrl\":\"https:\\\/\\\/rapidomotosport.hr\\\/wp-content\\\/uploads\\\/2025\\\/11\\\/terminali-mivv-oval-inox-aprilia-pegaso-strada-650-2005-2011-min.jpg\",\"width\":1200,\"height\":900},{\"@type\":\"BreadcrumbList\",\"@id\":\"https:\\\/\\\/rapidomotosport.hr\\\/it\\\/proizvod\\\/aprilia-pegaso-strada-650-mivv-exhaust-oval-silencers-2005-2011\\\/#breadcrumb\",\"itemListElement\":[{\"@type\":\"ListItem\",\"position\":1,\"name\":\"Po\u010detna stranica\",\"item\":\"https:\\\/\\\/rapidomotosport.hr\\\/it\\\/\"},{\"@type\":\"ListItem\",\"position\":2,\"name\":\"Negozio\",\"item\":\"https:\\\/\\\/rapidomotosport.hr\\\/it\\\/negozio\\\/\"},{\"@type\":\"ListItem\",\"position\":3,\"name\":\"APRILIA PEGASO STRADA 650 MIVV Exhaust OVAL Slip-On Silencers 2005-2011\"}]},{\"@type\":\"WebSite\",\"@id\":\"https:\\\/\\\/rapidomotosport.hr\\\/it\\\/#website\",\"url\":\"https:\\\/\\\/rapidomotosport.hr\\\/it\\\/\",\"name\":\"Rapido Motosport\",\"description\":\"\",\"potentialAction\":[{\"@type\":\"SearchAction\",\"target\":{\"@type\":\"EntryPoint\",\"urlTemplate\":\"https:\\\/\\\/rapidomotosport.hr\\\/it\\\/?s={search_term_string}\"},\"query-input\":{\"@type\":\"PropertyValueSpecification\",\"valueRequired\":true,\"valueName\":\"search_term_string\"}}],\"inLanguage\":\"it-IT\"}]}<\/script>\n<!-- \/ Yoast SEO plugin. -->","yoast_head_json":{"title":"APRILIA PEGASO STRADA 650 MIVV Exhaust OVAL Slip-On Silencers 2005-2011 - Rapido Motosport","robots":{"index":"index","follow":"follow","max-snippet":"max-snippet:-1","max-image-preview":"max-image-preview:large","max-video-preview":"max-video-preview:-1"},"canonical":"https:\/\/rapidomotosport.hr\/it\/proizvod\/aprilia-pegaso-strada-650-mivv-exhaust-oval-silencers-2005-2011\/","og_locale":"it_IT","og_type":"article","og_title":"APRILIA PEGASO STRADA 650 MIVV Exhaust OVAL Slip-On Silencers 2005-2011 - Rapido Motosport","og_description":"Izra\u0111en kako bi pobolj\u0161ao estetiku, zvuk i performanse motocikla, Mivv slip-on ispu\u0161ni sustav nastao je iz najve\u0107e pa\u017enje prema dizajnu, s ciljem da zadovolji one koji se \u017eele istaknuti \u2013 \u010dak i kroz izgled vlastitog motocikla.  Ispu\u0161ni sustavi iz linije OVAL savr\u0161eno se prilago\u0111avaju svakoj vrsti motocikla. Zavr\u0161etak Oval, izra\u0111en s velikom pa\u017enjom prema detaljima, predstavlja najbolji kompromis izme\u0111u dizajna i performansi.  Odlikuje se tijelom i zavr\u0161nim \u010depom izra\u0111enima od karbona visoke toplinske otpornosti, a ispu\u0161ni sustav ima otvore na zavr\u0161nom \u010depu \u2013 detalj koji zavr\u0161etku daje jo\u0161 sportskiji izgled.  NAPOMENA: HOMOLOGIRANO SAMO S UGRA\u0110ENIM KATALIZATOROM","og_url":"https:\/\/rapidomotosport.hr\/it\/proizvod\/aprilia-pegaso-strada-650-mivv-exhaust-oval-silencers-2005-2011\/","og_site_name":"Rapido Motosport","article_modified_time":"2026-04-08T15:44:05+00:00","og_image":[{"width":1200,"height":900,"url":"https:\/\/rapidomotosport.hr\/wp-content\/uploads\/2025\/11\/terminali-mivv-oval-inox-aprilia-pegaso-strada-650-2005-2011-min.jpg","type":"image\/jpeg"}],"twitter_card":"summary_large_image","twitter_misc":{"Tempo di lettura stimato":"1 minuto"},"schema":{"@context":"https:\/\/schema.org","@graph":[{"@type":"WebPage","@id":"https:\/\/rapidomotosport.hr\/it\/proizvod\/aprilia-pegaso-strada-650-mivv-exhaust-oval-silencers-2005-2011\/","url":"https:\/\/rapidomotosport.hr\/it\/proizvod\/aprilia-pegaso-strada-650-mivv-exhaust-oval-silencers-2005-2011\/","name":"APRILIA PEGASO STRADA 650 MIVV Exhaust OVAL Slip-On Silencers 2005-2011 - Rapido Motosport","isPartOf":{"@id":"https:\/\/rapidomotosport.hr\/it\/#website"},"primaryImageOfPage":{"@id":"https:\/\/rapidomotosport.hr\/it\/proizvod\/aprilia-pegaso-strada-650-mivv-exhaust-oval-silencers-2005-2011\/#primaryimage"},"image":{"@id":"https:\/\/rapidomotosport.hr\/it\/proizvod\/aprilia-pegaso-strada-650-mivv-exhaust-oval-silencers-2005-2011\/#primaryimage"},"thumbnailUrl":"https:\/\/rapidomotosport.hr\/wp-content\/uploads\/2025\/11\/terminali-mivv-oval-inox-aprilia-pegaso-strada-650-2005-2011-min.jpg","datePublished":"2025-11-05T16:27:51+00:00","dateModified":"2026-04-08T15:44:05+00:00","breadcrumb":{"@id":"https:\/\/rapidomotosport.hr\/it\/proizvod\/aprilia-pegaso-strada-650-mivv-exhaust-oval-silencers-2005-2011\/#breadcrumb"},"inLanguage":"it-IT","potentialAction":[{"@type":"ReadAction","target":["https:\/\/rapidomotosport.hr\/it\/proizvod\/aprilia-pegaso-strada-650-mivv-exhaust-oval-silencers-2005-2011\/"]}]},{"@type":"ImageObject","inLanguage":"it-IT","@id":"https:\/\/rapidomotosport.hr\/it\/proizvod\/aprilia-pegaso-strada-650-mivv-exhaust-oval-silencers-2005-2011\/#primaryimage","url":"https:\/\/rapidomotosport.hr\/wp-content\/uploads\/2025\/11\/terminali-mivv-oval-inox-aprilia-pegaso-strada-650-2005-2011-min.jpg","contentUrl":"https:\/\/rapidomotosport.hr\/wp-content\/uploads\/2025\/11\/terminali-mivv-oval-inox-aprilia-pegaso-strada-650-2005-2011-min.jpg","width":1200,"height":900},{"@type":"BreadcrumbList","@id":"https:\/\/rapidomotosport.hr\/it\/proizvod\/aprilia-pegaso-strada-650-mivv-exhaust-oval-silencers-2005-2011\/#breadcrumb","itemListElement":[{"@type":"ListItem","position":1,"name":"Po\u010detna stranica","item":"https:\/\/rapidomotosport.hr\/it\/"},{"@type":"ListItem","position":2,"name":"Negozio","item":"https:\/\/rapidomotosport.hr\/it\/negozio\/"},{"@type":"ListItem","position":3,"name":"APRILIA PEGASO STRADA 650 MIVV Exhaust OVAL Slip-On Silencers 2005-2011"}]},{"@type":"WebSite","@id":"https:\/\/rapidomotosport.hr\/it\/#website","url":"https:\/\/rapidomotosport.hr\/it\/","name":"Rapido Motosport","description":"","potentialAction":[{"@type":"SearchAction","target":{"@type":"EntryPoint","urlTemplate":"https:\/\/rapidomotosport.hr\/it\/?s={search_term_string}"},"query-input":{"@type":"PropertyValueSpecification","valueRequired":true,"valueName":"search_term_string"}}],"inLanguage":"it-IT"}]}},"_links":{"self":[{"href":"https:\/\/rapidomotosport.hr\/it\/wp-json\/wp\/v2\/product\/25247","targetHints":{"allow":["GET"]}}],"collection":[{"href":"https:\/\/rapidomotosport.hr\/it\/wp-json\/wp\/v2\/product"}],"about":[{"href":"https:\/\/rapidomotosport.hr\/it\/wp-json\/wp\/v2\/types\/product"}],"wp:featuredmedia":[{"embeddable":true,"href":"https:\/\/rapidomotosport.hr\/it\/wp-json\/wp\/v2\/media\/25248"}],"wp:attachment":[{"href":"https:\/\/rapidomotosport.hr\/it\/wp-json\/wp\/v2\/media?parent=25247"}],"wp:term":[{"taxonomy":"product_brand","embeddable":true,"href":"https:\/\/rapidomotosport.hr\/it\/wp-json\/wp\/v2\/product_brand?post=25247"},{"taxonomy":"product_cat","embeddable":true,"href":"https:\/\/rapidomotosport.hr\/it\/wp-json\/wp\/v2\/product_cat?post=25247"},{"taxonomy":"product_tag","embeddable":true,"href":"https:\/\/rapidomotosport.hr\/it\/wp-json\/wp\/v2\/product_tag?post=25247"}],"curies":[{"name":"wp","href":"https:\/\/api.w.org\/{rel}","templated":true}]}}