{"id":25293,"date":"2025-11-05T18:17:28","date_gmt":"2025-11-05T17:17:28","guid":{"rendered":"https:\/\/rapidomotosport.hr\/?post_type=product&#038;p=25293"},"modified":"2026-01-03T19:13:11","modified_gmt":"2026-01-03T18:13:11","slug":"aprilia-rs-125-mivv-exhaust-delta-race-black-complete-system-2021-2024","status":"publish","type":"product","link":"https:\/\/rapidomotosport.hr\/it\/proizvod\/aprilia-rs-125-mivv-exhaust-delta-race-black-complete-system-2021-2024\/","title":{"rendered":"APRILIA RS 125 MIVV Exhaust Complete System with DELTA RACE Black Silencer 2021-2024"},"content":{"rendered":"","protected":false},"excerpt":{"rendered":"<p>Izra\u0111en kako bi pobolj\u0161ao estetiku, zvuk i performanse motocikla, Mivv slip-on ispu\u0161ni sustav nastao je iz najve\u0107e pa\u017enje prema dizajnu, s ciljem da zadovolji one koji se \u017eele istaknuti \u2013 \u010dak i kroz izgled vlastitog motocikla.<\/p>\n<p>Ispu\u0161ni sustav DELTA RACE odlikuje se jedinstvenim oblikom koji se postupno mijenja \u2013 od koni\u010dnog prema \u0161esterokutnom. Njegov jedinstveni stil nagla\u0161avaju brojni detalji, poput zavr\u0161nog \u010depa izra\u0111enog od karbonskog twilla 3K, obodne trake s dvostrukim zakovicama te ulazne \u010daure izra\u0111ene iz punog komada metala, \u0161to osigurava maksimalnu preciznost spoja. Na zavr\u0161etku se nalazi prepoznatljiv Mivv logotip izveden laserskom tehnikom.<\/p>\n<p>Karakterizira ga tijelo izra\u0111eno od bru\u0161enog nehr\u0111aju\u0107eg \u010delika s efektom \u201epearled\u201c, postignutim posebnim postupkom zavr\u0161ne obrade koji proizvodu daje neponovljiv izgled.<\/p>\n<p>NAPOMENA: HOMOLOGIRANO SAMO SA UGRA\u0110ENIM KATALIZATOROM<\/p>\n","protected":false},"featured_media":43922,"template":"","meta":[],"product_brand":[],"product_cat":[17,18],"product_tag":[],"class_list":{"0":"post-25293","1":"product","2":"type-product","3":"status-publish","4":"has-post-thumbnail","6":"product_cat-ispusni-sustavi","7":"product_cat-aprilia","9":"first","10":"instock","11":"sale","12":"shipping-taxable","13":"purchasable","14":"product-type-simple"},"yoast_head":"<!-- This site is optimized with the Yoast SEO plugin v27.5 - https:\/\/yoast.com\/product\/yoast-seo-wordpress\/ -->\n<title>APRILIA RS 125 MIVV Exhaust Complete System with DELTA RACE Black Silencer 2021-2024 - Rapido Motosport<\/title>\n<meta name=\"robots\" content=\"index, follow, max-snippet:-1, max-image-preview:large, max-video-preview:-1\" \/>\n<link rel=\"canonical\" href=\"https:\/\/rapidomotosport.hr\/it\/proizvod\/aprilia-rs-125-mivv-exhaust-delta-race-black-complete-system-2021-2024\/\" \/>\n<meta property=\"og:locale\" content=\"it_IT\" \/>\n<meta property=\"og:type\" content=\"article\" \/>\n<meta property=\"og:title\" content=\"APRILIA RS 125 MIVV Exhaust Complete System with DELTA RACE Black Silencer 2021-2024 - Rapido Motosport\" \/>\n<meta property=\"og:description\" content=\"Izra\u0111en kako bi pobolj\u0161ao estetiku, zvuk i performanse motocikla, Mivv slip-on ispu\u0161ni sustav nastao je iz najve\u0107e pa\u017enje prema dizajnu, s ciljem da zadovolji one koji se \u017eele istaknuti \u2013 \u010dak i kroz izgled vlastitog motocikla.  Ispu\u0161ni sustav DELTA RACE odlikuje se jedinstvenim oblikom koji se postupno mijenja \u2013 od koni\u010dnog prema \u0161esterokutnom. Njegov jedinstveni stil nagla\u0161avaju brojni detalji, poput zavr\u0161nog \u010depa izra\u0111enog od karbonskog twilla 3K, obodne trake s dvostrukim zakovicama te ulazne \u010daure izra\u0111ene iz punog komada metala, \u0161to osigurava maksimalnu preciznost spoja. Na zavr\u0161etku se nalazi prepoznatljiv Mivv logotip izveden laserskom tehnikom.  Karakterizira ga tijelo izra\u0111eno od bru\u0161enog nehr\u0111aju\u0107eg \u010delika s efektom \u201epearled\u201c, postignutim posebnim postupkom zavr\u0161ne obrade koji proizvodu daje neponovljiv izgled.  NAPOMENA: HOMOLOGIRANO SAMO SA UGRA\u0110ENIM KATALIZATOROM\" \/>\n<meta property=\"og:url\" content=\"https:\/\/rapidomotosport.hr\/it\/proizvod\/aprilia-rs-125-mivv-exhaust-delta-race-black-complete-system-2021-2024\/\" \/>\n<meta property=\"og:site_name\" content=\"Rapido Motosport\" \/>\n<meta property=\"article:modified_time\" content=\"2026-01-03T18:13:11+00:00\" \/>\n<meta property=\"og:image\" content=\"https:\/\/rapidomotosport.hr\/wp-content\/uploads\/2025\/11\/APRILIA-RS-125-MIVV-Exhaust-DELTA-RACE-Black-Slip-On-Silencer-2017-2020-min-21.png\" \/>\n\t<meta property=\"og:image:width\" content=\"2048\" \/>\n\t<meta property=\"og:image:height\" content=\"1536\" \/>\n\t<meta property=\"og:image:type\" content=\"image\/png\" \/>\n<meta name=\"twitter:card\" content=\"summary_large_image\" \/>\n<meta name=\"twitter:label1\" content=\"Tempo di lettura stimato\" \/>\n\t<meta name=\"twitter:data1\" content=\"1 minuto\" \/>\n<script type=\"application\/ld+json\" class=\"yoast-schema-graph\">{\"@context\":\"https:\\\/\\\/schema.org\",\"@graph\":[{\"@type\":\"WebPage\",\"@id\":\"https:\\\/\\\/rapidomotosport.hr\\\/it\\\/proizvod\\\/aprilia-rs-125-mivv-exhaust-delta-race-black-complete-system-2021-2024\\\/\",\"url\":\"https:\\\/\\\/rapidomotosport.hr\\\/it\\\/proizvod\\\/aprilia-rs-125-mivv-exhaust-delta-race-black-complete-system-2021-2024\\\/\",\"name\":\"APRILIA RS 125 MIVV Exhaust Complete System with DELTA RACE Black Silencer 2021-2024 - Rapido Motosport\",\"isPartOf\":{\"@id\":\"https:\\\/\\\/rapidomotosport.hr\\\/it\\\/#website\"},\"primaryImageOfPage\":{\"@id\":\"https:\\\/\\\/rapidomotosport.hr\\\/it\\\/proizvod\\\/aprilia-rs-125-mivv-exhaust-delta-race-black-complete-system-2021-2024\\\/#primaryimage\"},\"image\":{\"@id\":\"https:\\\/\\\/rapidomotosport.hr\\\/it\\\/proizvod\\\/aprilia-rs-125-mivv-exhaust-delta-race-black-complete-system-2021-2024\\\/#primaryimage\"},\"thumbnailUrl\":\"https:\\\/\\\/rapidomotosport.hr\\\/wp-content\\\/uploads\\\/2025\\\/11\\\/APRILIA-RS-125-MIVV-Exhaust-DELTA-RACE-Black-Slip-On-Silencer-2017-2020-min-21.png\",\"datePublished\":\"2025-11-05T17:17:28+00:00\",\"dateModified\":\"2026-01-03T18:13:11+00:00\",\"breadcrumb\":{\"@id\":\"https:\\\/\\\/rapidomotosport.hr\\\/it\\\/proizvod\\\/aprilia-rs-125-mivv-exhaust-delta-race-black-complete-system-2021-2024\\\/#breadcrumb\"},\"inLanguage\":\"it-IT\",\"potentialAction\":[{\"@type\":\"ReadAction\",\"target\":[\"https:\\\/\\\/rapidomotosport.hr\\\/it\\\/proizvod\\\/aprilia-rs-125-mivv-exhaust-delta-race-black-complete-system-2021-2024\\\/\"]}]},{\"@type\":\"ImageObject\",\"inLanguage\":\"it-IT\",\"@id\":\"https:\\\/\\\/rapidomotosport.hr\\\/it\\\/proizvod\\\/aprilia-rs-125-mivv-exhaust-delta-race-black-complete-system-2021-2024\\\/#primaryimage\",\"url\":\"https:\\\/\\\/rapidomotosport.hr\\\/wp-content\\\/uploads\\\/2025\\\/11\\\/APRILIA-RS-125-MIVV-Exhaust-DELTA-RACE-Black-Slip-On-Silencer-2017-2020-min-21.png\",\"contentUrl\":\"https:\\\/\\\/rapidomotosport.hr\\\/wp-content\\\/uploads\\\/2025\\\/11\\\/APRILIA-RS-125-MIVV-Exhaust-DELTA-RACE-Black-Slip-On-Silencer-2017-2020-min-21.png\",\"width\":2048,\"height\":1536},{\"@type\":\"BreadcrumbList\",\"@id\":\"https:\\\/\\\/rapidomotosport.hr\\\/it\\\/proizvod\\\/aprilia-rs-125-mivv-exhaust-delta-race-black-complete-system-2021-2024\\\/#breadcrumb\",\"itemListElement\":[{\"@type\":\"ListItem\",\"position\":1,\"name\":\"Po\u010detna stranica\",\"item\":\"https:\\\/\\\/rapidomotosport.hr\\\/it\\\/\"},{\"@type\":\"ListItem\",\"position\":2,\"name\":\"Negozio\",\"item\":\"https:\\\/\\\/rapidomotosport.hr\\\/it\\\/negozio\\\/\"},{\"@type\":\"ListItem\",\"position\":3,\"name\":\"APRILIA RS 125 MIVV Exhaust Complete System with DELTA RACE Black Silencer 2021-2024\"}]},{\"@type\":\"WebSite\",\"@id\":\"https:\\\/\\\/rapidomotosport.hr\\\/it\\\/#website\",\"url\":\"https:\\\/\\\/rapidomotosport.hr\\\/it\\\/\",\"name\":\"Rapido Motosport\",\"description\":\"\",\"potentialAction\":[{\"@type\":\"SearchAction\",\"target\":{\"@type\":\"EntryPoint\",\"urlTemplate\":\"https:\\\/\\\/rapidomotosport.hr\\\/it\\\/?s={search_term_string}\"},\"query-input\":{\"@type\":\"PropertyValueSpecification\",\"valueRequired\":true,\"valueName\":\"search_term_string\"}}],\"inLanguage\":\"it-IT\"}]}<\/script>\n<!-- \/ Yoast SEO plugin. -->","yoast_head_json":{"title":"APRILIA RS 125 MIVV Exhaust Complete System with DELTA RACE Black Silencer 2021-2024 - Rapido Motosport","robots":{"index":"index","follow":"follow","max-snippet":"max-snippet:-1","max-image-preview":"max-image-preview:large","max-video-preview":"max-video-preview:-1"},"canonical":"https:\/\/rapidomotosport.hr\/it\/proizvod\/aprilia-rs-125-mivv-exhaust-delta-race-black-complete-system-2021-2024\/","og_locale":"it_IT","og_type":"article","og_title":"APRILIA RS 125 MIVV Exhaust Complete System with DELTA RACE Black Silencer 2021-2024 - Rapido Motosport","og_description":"Izra\u0111en kako bi pobolj\u0161ao estetiku, zvuk i performanse motocikla, Mivv slip-on ispu\u0161ni sustav nastao je iz najve\u0107e pa\u017enje prema dizajnu, s ciljem da zadovolji one koji se \u017eele istaknuti \u2013 \u010dak i kroz izgled vlastitog motocikla.  Ispu\u0161ni sustav DELTA RACE odlikuje se jedinstvenim oblikom koji se postupno mijenja \u2013 od koni\u010dnog prema \u0161esterokutnom. Njegov jedinstveni stil nagla\u0161avaju brojni detalji, poput zavr\u0161nog \u010depa izra\u0111enog od karbonskog twilla 3K, obodne trake s dvostrukim zakovicama te ulazne \u010daure izra\u0111ene iz punog komada metala, \u0161to osigurava maksimalnu preciznost spoja. Na zavr\u0161etku se nalazi prepoznatljiv Mivv logotip izveden laserskom tehnikom.  Karakterizira ga tijelo izra\u0111eno od bru\u0161enog nehr\u0111aju\u0107eg \u010delika s efektom \u201epearled\u201c, postignutim posebnim postupkom zavr\u0161ne obrade koji proizvodu daje neponovljiv izgled.  NAPOMENA: HOMOLOGIRANO SAMO SA UGRA\u0110ENIM KATALIZATOROM","og_url":"https:\/\/rapidomotosport.hr\/it\/proizvod\/aprilia-rs-125-mivv-exhaust-delta-race-black-complete-system-2021-2024\/","og_site_name":"Rapido Motosport","article_modified_time":"2026-01-03T18:13:11+00:00","og_image":[{"width":2048,"height":1536,"url":"https:\/\/rapidomotosport.hr\/wp-content\/uploads\/2025\/11\/APRILIA-RS-125-MIVV-Exhaust-DELTA-RACE-Black-Slip-On-Silencer-2017-2020-min-21.png","type":"image\/png"}],"twitter_card":"summary_large_image","twitter_misc":{"Tempo di lettura stimato":"1 minuto"},"schema":{"@context":"https:\/\/schema.org","@graph":[{"@type":"WebPage","@id":"https:\/\/rapidomotosport.hr\/it\/proizvod\/aprilia-rs-125-mivv-exhaust-delta-race-black-complete-system-2021-2024\/","url":"https:\/\/rapidomotosport.hr\/it\/proizvod\/aprilia-rs-125-mivv-exhaust-delta-race-black-complete-system-2021-2024\/","name":"APRILIA RS 125 MIVV Exhaust Complete System with DELTA RACE Black Silencer 2021-2024 - Rapido Motosport","isPartOf":{"@id":"https:\/\/rapidomotosport.hr\/it\/#website"},"primaryImageOfPage":{"@id":"https:\/\/rapidomotosport.hr\/it\/proizvod\/aprilia-rs-125-mivv-exhaust-delta-race-black-complete-system-2021-2024\/#primaryimage"},"image":{"@id":"https:\/\/rapidomotosport.hr\/it\/proizvod\/aprilia-rs-125-mivv-exhaust-delta-race-black-complete-system-2021-2024\/#primaryimage"},"thumbnailUrl":"https:\/\/rapidomotosport.hr\/wp-content\/uploads\/2025\/11\/APRILIA-RS-125-MIVV-Exhaust-DELTA-RACE-Black-Slip-On-Silencer-2017-2020-min-21.png","datePublished":"2025-11-05T17:17:28+00:00","dateModified":"2026-01-03T18:13:11+00:00","breadcrumb":{"@id":"https:\/\/rapidomotosport.hr\/it\/proizvod\/aprilia-rs-125-mivv-exhaust-delta-race-black-complete-system-2021-2024\/#breadcrumb"},"inLanguage":"it-IT","potentialAction":[{"@type":"ReadAction","target":["https:\/\/rapidomotosport.hr\/it\/proizvod\/aprilia-rs-125-mivv-exhaust-delta-race-black-complete-system-2021-2024\/"]}]},{"@type":"ImageObject","inLanguage":"it-IT","@id":"https:\/\/rapidomotosport.hr\/it\/proizvod\/aprilia-rs-125-mivv-exhaust-delta-race-black-complete-system-2021-2024\/#primaryimage","url":"https:\/\/rapidomotosport.hr\/wp-content\/uploads\/2025\/11\/APRILIA-RS-125-MIVV-Exhaust-DELTA-RACE-Black-Slip-On-Silencer-2017-2020-min-21.png","contentUrl":"https:\/\/rapidomotosport.hr\/wp-content\/uploads\/2025\/11\/APRILIA-RS-125-MIVV-Exhaust-DELTA-RACE-Black-Slip-On-Silencer-2017-2020-min-21.png","width":2048,"height":1536},{"@type":"BreadcrumbList","@id":"https:\/\/rapidomotosport.hr\/it\/proizvod\/aprilia-rs-125-mivv-exhaust-delta-race-black-complete-system-2021-2024\/#breadcrumb","itemListElement":[{"@type":"ListItem","position":1,"name":"Po\u010detna stranica","item":"https:\/\/rapidomotosport.hr\/it\/"},{"@type":"ListItem","position":2,"name":"Negozio","item":"https:\/\/rapidomotosport.hr\/it\/negozio\/"},{"@type":"ListItem","position":3,"name":"APRILIA RS 125 MIVV Exhaust Complete System with DELTA RACE Black Silencer 2021-2024"}]},{"@type":"WebSite","@id":"https:\/\/rapidomotosport.hr\/it\/#website","url":"https:\/\/rapidomotosport.hr\/it\/","name":"Rapido Motosport","description":"","potentialAction":[{"@type":"SearchAction","target":{"@type":"EntryPoint","urlTemplate":"https:\/\/rapidomotosport.hr\/it\/?s={search_term_string}"},"query-input":{"@type":"PropertyValueSpecification","valueRequired":true,"valueName":"search_term_string"}}],"inLanguage":"it-IT"}]}},"_links":{"self":[{"href":"https:\/\/rapidomotosport.hr\/it\/wp-json\/wp\/v2\/product\/25293","targetHints":{"allow":["GET"]}}],"collection":[{"href":"https:\/\/rapidomotosport.hr\/it\/wp-json\/wp\/v2\/product"}],"about":[{"href":"https:\/\/rapidomotosport.hr\/it\/wp-json\/wp\/v2\/types\/product"}],"wp:featuredmedia":[{"embeddable":true,"href":"https:\/\/rapidomotosport.hr\/it\/wp-json\/wp\/v2\/media\/43922"}],"wp:attachment":[{"href":"https:\/\/rapidomotosport.hr\/it\/wp-json\/wp\/v2\/media?parent=25293"}],"wp:term":[{"taxonomy":"product_brand","embeddable":true,"href":"https:\/\/rapidomotosport.hr\/it\/wp-json\/wp\/v2\/product_brand?post=25293"},{"taxonomy":"product_cat","embeddable":true,"href":"https:\/\/rapidomotosport.hr\/it\/wp-json\/wp\/v2\/product_cat?post=25293"},{"taxonomy":"product_tag","embeddable":true,"href":"https:\/\/rapidomotosport.hr\/it\/wp-json\/wp\/v2\/product_tag?post=25293"}],"curies":[{"name":"wp","href":"https:\/\/api.w.org\/{rel}","templated":true}]}}