{"id":25333,"date":"2025-11-07T18:49:10","date_gmt":"2025-11-07T17:49:10","guid":{"rendered":"https:\/\/rapidomotosport.hr\/?post_type=product&#038;p=25333"},"modified":"2026-04-08T18:28:20","modified_gmt":"2026-04-08T16:28:20","slug":"aprilia-rs-660-mivv-exhaust-delta-race-carbon-complete-system-2020-2024","status":"publish","type":"product","link":"https:\/\/rapidomotosport.hr\/it\/proizvod\/aprilia-rs-660-mivv-exhaust-delta-race-carbon-complete-system-2020-2024\/","title":{"rendered":"APRILIA RS 660 MIVV Exhaust Complete System with DELTA RACE Carbon Silencer 2020-2024"},"content":{"rendered":"","protected":false},"excerpt":{"rendered":"<p>Izra\u0111en radi pobolj\u0161anja estetike, zvuka i performansi motocikla, Mivv slip-on ispu\u0161ni sustav nastao je iz maksimalne pa\u017enje posve\u0107ene dizajnu, s ciljem da zadovolji one koji se \u017eele istaknuti \u2014 \u010dak i izgledom vlastitog motocikla.<\/p>\n<p>DELTA RACE ispu\u0161ni sustav odlikuje se ekskluzivnim oblikom koji se postupno transformira iz koni\u010dnog u \u0161esterokutni. Brojni su detalji koji njegov stil \u010dine jedinstvenim, poput zavr\u0161etka izra\u0111enog od 3K twill karbona, perimetralne trake s dvostrukim zakovicama, te ulazne \u010dahure izra\u0111ene iz punog materijala radi postizanja maksimalne preciznosti spoja. Na zavr\u0161etku ispuha nalazi se prepoznatljiv Mivv logo, izra\u0111en laserskim graviranjem.<\/p>\n<p>Sredi\u0161nje tijelo izra\u0111eno je od karbona s sjajnom zavr\u0161nom obradom. To je idealan proizvod za one koji zahtijevaju vrhunski izgled i tehnologiju.<\/p>\n<p>NAPOMENA: HOMOLOGIRANO SAMO UZ UGRA\u0110EN KATALIZATOR<\/p>\n","protected":false},"featured_media":25334,"template":"","meta":[],"product_brand":[],"product_cat":[17,18],"product_tag":[],"class_list":{"0":"post-25333","1":"product","2":"type-product","3":"status-publish","4":"has-post-thumbnail","6":"product_cat-ispusni-sustavi","7":"product_cat-aprilia","9":"first","10":"instock","11":"sale","12":"shipping-taxable","13":"purchasable","14":"product-type-simple"},"yoast_head":"<!-- This site is optimized with the Yoast SEO plugin v27.5 - https:\/\/yoast.com\/product\/yoast-seo-wordpress\/ -->\n<title>APRILIA RS 660 MIVV Exhaust Complete System with DELTA RACE Carbon Silencer 2020-2024 - Rapido Motosport<\/title>\n<meta name=\"robots\" content=\"index, follow, max-snippet:-1, max-image-preview:large, max-video-preview:-1\" \/>\n<link rel=\"canonical\" href=\"https:\/\/rapidomotosport.hr\/it\/proizvod\/aprilia-rs-660-mivv-exhaust-delta-race-carbon-complete-system-2020-2024\/\" \/>\n<meta property=\"og:locale\" content=\"it_IT\" \/>\n<meta property=\"og:type\" content=\"article\" \/>\n<meta property=\"og:title\" content=\"APRILIA RS 660 MIVV Exhaust Complete System with DELTA RACE Carbon Silencer 2020-2024 - Rapido Motosport\" \/>\n<meta property=\"og:description\" content=\"Izra\u0111en radi pobolj\u0161anja estetike, zvuka i performansi motocikla, Mivv slip-on ispu\u0161ni sustav nastao je iz maksimalne pa\u017enje posve\u0107ene dizajnu, s ciljem da zadovolji one koji se \u017eele istaknuti \u2014 \u010dak i izgledom vlastitog motocikla.  DELTA RACE ispu\u0161ni sustav odlikuje se ekskluzivnim oblikom koji se postupno transformira iz koni\u010dnog u \u0161esterokutni. Brojni su detalji koji njegov stil \u010dine jedinstvenim, poput zavr\u0161etka izra\u0111enog od 3K twill karbona, perimetralne trake s dvostrukim zakovicama, te ulazne \u010dahure izra\u0111ene iz punog materijala radi postizanja maksimalne preciznosti spoja. Na zavr\u0161etku ispuha nalazi se prepoznatljiv Mivv logo, izra\u0111en laserskim graviranjem.  Sredi\u0161nje tijelo izra\u0111eno je od karbona s sjajnom zavr\u0161nom obradom. To je idealan proizvod za one koji zahtijevaju vrhunski izgled i tehnologiju.  NAPOMENA: HOMOLOGIRANO SAMO UZ UGRA\u0110EN KATALIZATOR\" \/>\n<meta property=\"og:url\" content=\"https:\/\/rapidomotosport.hr\/it\/proizvod\/aprilia-rs-660-mivv-exhaust-delta-race-carbon-complete-system-2020-2024\/\" \/>\n<meta property=\"og:site_name\" content=\"Rapido Motosport\" \/>\n<meta property=\"article:modified_time\" content=\"2026-04-08T16:28:20+00:00\" \/>\n<meta property=\"og:image\" content=\"https:\/\/rapidomotosport.hr\/wp-content\/uploads\/2025\/11\/mivv-complete-exhaust-delta-race-carbon-high-aprilia-rs-660-2020-2024-min.jpg\" \/>\n\t<meta property=\"og:image:width\" content=\"1200\" \/>\n\t<meta property=\"og:image:height\" content=\"900\" \/>\n\t<meta property=\"og:image:type\" content=\"image\/jpeg\" \/>\n<meta name=\"twitter:card\" content=\"summary_large_image\" \/>\n<meta name=\"twitter:label1\" content=\"Tempo di lettura stimato\" \/>\n\t<meta name=\"twitter:data1\" content=\"1 minuto\" \/>\n<script type=\"application\/ld+json\" class=\"yoast-schema-graph\">{\"@context\":\"https:\\\/\\\/schema.org\",\"@graph\":[{\"@type\":\"WebPage\",\"@id\":\"https:\\\/\\\/rapidomotosport.hr\\\/it\\\/proizvod\\\/aprilia-rs-660-mivv-exhaust-delta-race-carbon-complete-system-2020-2024\\\/\",\"url\":\"https:\\\/\\\/rapidomotosport.hr\\\/it\\\/proizvod\\\/aprilia-rs-660-mivv-exhaust-delta-race-carbon-complete-system-2020-2024\\\/\",\"name\":\"APRILIA RS 660 MIVV Exhaust Complete System with DELTA RACE Carbon Silencer 2020-2024 - Rapido Motosport\",\"isPartOf\":{\"@id\":\"https:\\\/\\\/rapidomotosport.hr\\\/it\\\/#website\"},\"primaryImageOfPage\":{\"@id\":\"https:\\\/\\\/rapidomotosport.hr\\\/it\\\/proizvod\\\/aprilia-rs-660-mivv-exhaust-delta-race-carbon-complete-system-2020-2024\\\/#primaryimage\"},\"image\":{\"@id\":\"https:\\\/\\\/rapidomotosport.hr\\\/it\\\/proizvod\\\/aprilia-rs-660-mivv-exhaust-delta-race-carbon-complete-system-2020-2024\\\/#primaryimage\"},\"thumbnailUrl\":\"https:\\\/\\\/rapidomotosport.hr\\\/wp-content\\\/uploads\\\/2025\\\/11\\\/mivv-complete-exhaust-delta-race-carbon-high-aprilia-rs-660-2020-2024-min.jpg\",\"datePublished\":\"2025-11-07T17:49:10+00:00\",\"dateModified\":\"2026-04-08T16:28:20+00:00\",\"breadcrumb\":{\"@id\":\"https:\\\/\\\/rapidomotosport.hr\\\/it\\\/proizvod\\\/aprilia-rs-660-mivv-exhaust-delta-race-carbon-complete-system-2020-2024\\\/#breadcrumb\"},\"inLanguage\":\"it-IT\",\"potentialAction\":[{\"@type\":\"ReadAction\",\"target\":[\"https:\\\/\\\/rapidomotosport.hr\\\/it\\\/proizvod\\\/aprilia-rs-660-mivv-exhaust-delta-race-carbon-complete-system-2020-2024\\\/\"]}]},{\"@type\":\"ImageObject\",\"inLanguage\":\"it-IT\",\"@id\":\"https:\\\/\\\/rapidomotosport.hr\\\/it\\\/proizvod\\\/aprilia-rs-660-mivv-exhaust-delta-race-carbon-complete-system-2020-2024\\\/#primaryimage\",\"url\":\"https:\\\/\\\/rapidomotosport.hr\\\/wp-content\\\/uploads\\\/2025\\\/11\\\/mivv-complete-exhaust-delta-race-carbon-high-aprilia-rs-660-2020-2024-min.jpg\",\"contentUrl\":\"https:\\\/\\\/rapidomotosport.hr\\\/wp-content\\\/uploads\\\/2025\\\/11\\\/mivv-complete-exhaust-delta-race-carbon-high-aprilia-rs-660-2020-2024-min.jpg\",\"width\":1200,\"height\":900},{\"@type\":\"BreadcrumbList\",\"@id\":\"https:\\\/\\\/rapidomotosport.hr\\\/it\\\/proizvod\\\/aprilia-rs-660-mivv-exhaust-delta-race-carbon-complete-system-2020-2024\\\/#breadcrumb\",\"itemListElement\":[{\"@type\":\"ListItem\",\"position\":1,\"name\":\"Po\u010detna stranica\",\"item\":\"https:\\\/\\\/rapidomotosport.hr\\\/it\\\/\"},{\"@type\":\"ListItem\",\"position\":2,\"name\":\"Negozio\",\"item\":\"https:\\\/\\\/rapidomotosport.hr\\\/it\\\/negozio\\\/\"},{\"@type\":\"ListItem\",\"position\":3,\"name\":\"APRILIA RS 660 MIVV Exhaust Complete System with DELTA RACE Carbon Silencer 2020-2024\"}]},{\"@type\":\"WebSite\",\"@id\":\"https:\\\/\\\/rapidomotosport.hr\\\/it\\\/#website\",\"url\":\"https:\\\/\\\/rapidomotosport.hr\\\/it\\\/\",\"name\":\"Rapido Motosport\",\"description\":\"\",\"potentialAction\":[{\"@type\":\"SearchAction\",\"target\":{\"@type\":\"EntryPoint\",\"urlTemplate\":\"https:\\\/\\\/rapidomotosport.hr\\\/it\\\/?s={search_term_string}\"},\"query-input\":{\"@type\":\"PropertyValueSpecification\",\"valueRequired\":true,\"valueName\":\"search_term_string\"}}],\"inLanguage\":\"it-IT\"}]}<\/script>\n<!-- \/ Yoast SEO plugin. -->","yoast_head_json":{"title":"APRILIA RS 660 MIVV Exhaust Complete System with DELTA RACE Carbon Silencer 2020-2024 - Rapido Motosport","robots":{"index":"index","follow":"follow","max-snippet":"max-snippet:-1","max-image-preview":"max-image-preview:large","max-video-preview":"max-video-preview:-1"},"canonical":"https:\/\/rapidomotosport.hr\/it\/proizvod\/aprilia-rs-660-mivv-exhaust-delta-race-carbon-complete-system-2020-2024\/","og_locale":"it_IT","og_type":"article","og_title":"APRILIA RS 660 MIVV Exhaust Complete System with DELTA RACE Carbon Silencer 2020-2024 - Rapido Motosport","og_description":"Izra\u0111en radi pobolj\u0161anja estetike, zvuka i performansi motocikla, Mivv slip-on ispu\u0161ni sustav nastao je iz maksimalne pa\u017enje posve\u0107ene dizajnu, s ciljem da zadovolji one koji se \u017eele istaknuti \u2014 \u010dak i izgledom vlastitog motocikla.  DELTA RACE ispu\u0161ni sustav odlikuje se ekskluzivnim oblikom koji se postupno transformira iz koni\u010dnog u \u0161esterokutni. Brojni su detalji koji njegov stil \u010dine jedinstvenim, poput zavr\u0161etka izra\u0111enog od 3K twill karbona, perimetralne trake s dvostrukim zakovicama, te ulazne \u010dahure izra\u0111ene iz punog materijala radi postizanja maksimalne preciznosti spoja. Na zavr\u0161etku ispuha nalazi se prepoznatljiv Mivv logo, izra\u0111en laserskim graviranjem.  Sredi\u0161nje tijelo izra\u0111eno je od karbona s sjajnom zavr\u0161nom obradom. To je idealan proizvod za one koji zahtijevaju vrhunski izgled i tehnologiju.  NAPOMENA: HOMOLOGIRANO SAMO UZ UGRA\u0110EN KATALIZATOR","og_url":"https:\/\/rapidomotosport.hr\/it\/proizvod\/aprilia-rs-660-mivv-exhaust-delta-race-carbon-complete-system-2020-2024\/","og_site_name":"Rapido Motosport","article_modified_time":"2026-04-08T16:28:20+00:00","og_image":[{"width":1200,"height":900,"url":"https:\/\/rapidomotosport.hr\/wp-content\/uploads\/2025\/11\/mivv-complete-exhaust-delta-race-carbon-high-aprilia-rs-660-2020-2024-min.jpg","type":"image\/jpeg"}],"twitter_card":"summary_large_image","twitter_misc":{"Tempo di lettura stimato":"1 minuto"},"schema":{"@context":"https:\/\/schema.org","@graph":[{"@type":"WebPage","@id":"https:\/\/rapidomotosport.hr\/it\/proizvod\/aprilia-rs-660-mivv-exhaust-delta-race-carbon-complete-system-2020-2024\/","url":"https:\/\/rapidomotosport.hr\/it\/proizvod\/aprilia-rs-660-mivv-exhaust-delta-race-carbon-complete-system-2020-2024\/","name":"APRILIA RS 660 MIVV Exhaust Complete System with DELTA RACE Carbon Silencer 2020-2024 - Rapido Motosport","isPartOf":{"@id":"https:\/\/rapidomotosport.hr\/it\/#website"},"primaryImageOfPage":{"@id":"https:\/\/rapidomotosport.hr\/it\/proizvod\/aprilia-rs-660-mivv-exhaust-delta-race-carbon-complete-system-2020-2024\/#primaryimage"},"image":{"@id":"https:\/\/rapidomotosport.hr\/it\/proizvod\/aprilia-rs-660-mivv-exhaust-delta-race-carbon-complete-system-2020-2024\/#primaryimage"},"thumbnailUrl":"https:\/\/rapidomotosport.hr\/wp-content\/uploads\/2025\/11\/mivv-complete-exhaust-delta-race-carbon-high-aprilia-rs-660-2020-2024-min.jpg","datePublished":"2025-11-07T17:49:10+00:00","dateModified":"2026-04-08T16:28:20+00:00","breadcrumb":{"@id":"https:\/\/rapidomotosport.hr\/it\/proizvod\/aprilia-rs-660-mivv-exhaust-delta-race-carbon-complete-system-2020-2024\/#breadcrumb"},"inLanguage":"it-IT","potentialAction":[{"@type":"ReadAction","target":["https:\/\/rapidomotosport.hr\/it\/proizvod\/aprilia-rs-660-mivv-exhaust-delta-race-carbon-complete-system-2020-2024\/"]}]},{"@type":"ImageObject","inLanguage":"it-IT","@id":"https:\/\/rapidomotosport.hr\/it\/proizvod\/aprilia-rs-660-mivv-exhaust-delta-race-carbon-complete-system-2020-2024\/#primaryimage","url":"https:\/\/rapidomotosport.hr\/wp-content\/uploads\/2025\/11\/mivv-complete-exhaust-delta-race-carbon-high-aprilia-rs-660-2020-2024-min.jpg","contentUrl":"https:\/\/rapidomotosport.hr\/wp-content\/uploads\/2025\/11\/mivv-complete-exhaust-delta-race-carbon-high-aprilia-rs-660-2020-2024-min.jpg","width":1200,"height":900},{"@type":"BreadcrumbList","@id":"https:\/\/rapidomotosport.hr\/it\/proizvod\/aprilia-rs-660-mivv-exhaust-delta-race-carbon-complete-system-2020-2024\/#breadcrumb","itemListElement":[{"@type":"ListItem","position":1,"name":"Po\u010detna stranica","item":"https:\/\/rapidomotosport.hr\/it\/"},{"@type":"ListItem","position":2,"name":"Negozio","item":"https:\/\/rapidomotosport.hr\/it\/negozio\/"},{"@type":"ListItem","position":3,"name":"APRILIA RS 660 MIVV Exhaust Complete System with DELTA RACE Carbon Silencer 2020-2024"}]},{"@type":"WebSite","@id":"https:\/\/rapidomotosport.hr\/it\/#website","url":"https:\/\/rapidomotosport.hr\/it\/","name":"Rapido Motosport","description":"","potentialAction":[{"@type":"SearchAction","target":{"@type":"EntryPoint","urlTemplate":"https:\/\/rapidomotosport.hr\/it\/?s={search_term_string}"},"query-input":{"@type":"PropertyValueSpecification","valueRequired":true,"valueName":"search_term_string"}}],"inLanguage":"it-IT"}]}},"_links":{"self":[{"href":"https:\/\/rapidomotosport.hr\/it\/wp-json\/wp\/v2\/product\/25333","targetHints":{"allow":["GET"]}}],"collection":[{"href":"https:\/\/rapidomotosport.hr\/it\/wp-json\/wp\/v2\/product"}],"about":[{"href":"https:\/\/rapidomotosport.hr\/it\/wp-json\/wp\/v2\/types\/product"}],"wp:featuredmedia":[{"embeddable":true,"href":"https:\/\/rapidomotosport.hr\/it\/wp-json\/wp\/v2\/media\/25334"}],"wp:attachment":[{"href":"https:\/\/rapidomotosport.hr\/it\/wp-json\/wp\/v2\/media?parent=25333"}],"wp:term":[{"taxonomy":"product_brand","embeddable":true,"href":"https:\/\/rapidomotosport.hr\/it\/wp-json\/wp\/v2\/product_brand?post=25333"},{"taxonomy":"product_cat","embeddable":true,"href":"https:\/\/rapidomotosport.hr\/it\/wp-json\/wp\/v2\/product_cat?post=25333"},{"taxonomy":"product_tag","embeddable":true,"href":"https:\/\/rapidomotosport.hr\/it\/wp-json\/wp\/v2\/product_tag?post=25333"}],"curies":[{"name":"wp","href":"https:\/\/api.w.org\/{rel}","templated":true}]}}