{"id":25445,"date":"2025-11-07T22:59:20","date_gmt":"2025-11-07T21:59:20","guid":{"rendered":"https:\/\/rapidomotosport.hr\/?post_type=product&#038;p=25445"},"modified":"2026-04-06T21:52:02","modified_gmt":"2026-04-06T19:52:02","slug":"aprilia-rsv4-mivv-exhaust-sr-1-black-titanium-slip-on-silencer-2021-2024","status":"publish","type":"product","link":"https:\/\/rapidomotosport.hr\/it\/proizvod\/aprilia-rsv4-mivv-exhaust-sr-1-black-titanium-slip-on-silencer-2021-2024\/","title":{"rendered":"APRILIA RSV4 MIVV Exhaust SR-1 Black Titanium Slip-On Silencer 2021-2024"},"content":{"rendered":"","protected":false},"excerpt":{"rendered":"<p>Izra\u0111en radi pobolj\u0161anja estetike, zvuka i performansi motocikla, Mivv slip-on ispu\u0161ni sustav nastao je iz maksimalne pa\u017enje posve\u0107ene dizajnu, s ciljem da zadovolji one koji se \u017eele istaknuti, \u010dak i izgledom vlastitog motocikla.<\/p>\n<p>Ispu\u0161ni sustavi linije SR-1 namijenjeni su prvenstveno superbike i hypernaked motociklima. SR-1 naslje\u0111uje sve iskustvo ste\u010deno u raznim svjetskim prvenstvima MotoGP, Moto2 i Moto3. Izra\u0111en s velikom pa\u017enjom prema detaljima, osigurava pobolj\u0161anje izgleda i performansi motocikla.<\/p>\n<p>Ova verzija odlikuje se sredi\u0161njim tijelom od titana heksagonalnog oblika i prisutno\u0161\u0107u karbonske \u010dahure s T-will teksturom, sposobne izdr\u017eati visoke temperaturne napore tipi\u010dne za racing svijet. U usporedbi s tvorni\u010dkim ispu\u0161nim sustavom, SR-1 od titana osigurava zna\u010dajno smanjenje te\u017eine.<\/p>\n<p>NAPOMENA: NIJE HOMOLOGIRANO<\/p>\n","protected":false},"featured_media":25479,"template":"","meta":[],"product_brand":[],"product_cat":[17,18],"product_tag":[],"class_list":{"0":"post-25445","1":"product","2":"type-product","3":"status-publish","4":"has-post-thumbnail","6":"product_cat-ispusni-sustavi","7":"product_cat-aprilia","9":"first","10":"instock","11":"sale","12":"shipping-taxable","13":"purchasable","14":"product-type-simple"},"yoast_head":"<!-- This site is optimized with the Yoast SEO plugin v27.5 - https:\/\/yoast.com\/product\/yoast-seo-wordpress\/ -->\n<title>APRILIA RSV4 MIVV Exhaust SR-1 Black Titanium Slip-On Silencer 2021-2024 - Rapido Motosport<\/title>\n<meta name=\"robots\" content=\"index, follow, max-snippet:-1, max-image-preview:large, max-video-preview:-1\" \/>\n<link rel=\"canonical\" href=\"https:\/\/rapidomotosport.hr\/it\/proizvod\/aprilia-rsv4-mivv-exhaust-sr-1-black-titanium-slip-on-silencer-2021-2024\/\" \/>\n<meta property=\"og:locale\" content=\"it_IT\" \/>\n<meta property=\"og:type\" content=\"article\" \/>\n<meta property=\"og:title\" content=\"APRILIA RSV4 MIVV Exhaust SR-1 Black Titanium Slip-On Silencer 2021-2024 - Rapido Motosport\" \/>\n<meta property=\"og:description\" content=\"Izra\u0111en radi pobolj\u0161anja estetike, zvuka i performansi motocikla, Mivv slip-on ispu\u0161ni sustav nastao je iz maksimalne pa\u017enje posve\u0107ene dizajnu, s ciljem da zadovolji one koji se \u017eele istaknuti, \u010dak i izgledom vlastitog motocikla.  Ispu\u0161ni sustavi linije SR-1 namijenjeni su prvenstveno superbike i hypernaked motociklima. SR-1 naslje\u0111uje sve iskustvo ste\u010deno u raznim svjetskim prvenstvima MotoGP, Moto2 i Moto3. Izra\u0111en s velikom pa\u017enjom prema detaljima, osigurava pobolj\u0161anje izgleda i performansi motocikla.  Ova verzija odlikuje se sredi\u0161njim tijelom od titana heksagonalnog oblika i prisutno\u0161\u0107u karbonske \u010dahure s T-will teksturom, sposobne izdr\u017eati visoke temperaturne napore tipi\u010dne za racing svijet. U usporedbi s tvorni\u010dkim ispu\u0161nim sustavom, SR-1 od titana osigurava zna\u010dajno smanjenje te\u017eine.  NAPOMENA: NIJE HOMOLOGIRANO\" \/>\n<meta property=\"og:url\" content=\"https:\/\/rapidomotosport.hr\/it\/proizvod\/aprilia-rsv4-mivv-exhaust-sr-1-black-titanium-slip-on-silencer-2021-2024\/\" \/>\n<meta property=\"og:site_name\" content=\"Rapido Motosport\" \/>\n<meta property=\"article:modified_time\" content=\"2026-04-06T19:52:02+00:00\" \/>\n<meta property=\"og:image\" content=\"https:\/\/rapidomotosport.hr\/wp-content\/uploads\/2025\/11\/APRILIA-RSV4-MIVV-Exhaust-SR-1-Black-Titanium-Slip-On-Silencer-2021-2024-min-1.png\" \/>\n\t<meta property=\"og:image:width\" content=\"2048\" \/>\n\t<meta property=\"og:image:height\" content=\"1536\" \/>\n\t<meta property=\"og:image:type\" content=\"image\/png\" \/>\n<meta name=\"twitter:card\" content=\"summary_large_image\" \/>\n<meta name=\"twitter:label1\" content=\"Tempo di lettura stimato\" \/>\n\t<meta name=\"twitter:data1\" content=\"1 minuto\" \/>\n<script type=\"application\/ld+json\" class=\"yoast-schema-graph\">{\"@context\":\"https:\\\/\\\/schema.org\",\"@graph\":[{\"@type\":\"WebPage\",\"@id\":\"https:\\\/\\\/rapidomotosport.hr\\\/it\\\/proizvod\\\/aprilia-rsv4-mivv-exhaust-sr-1-black-titanium-slip-on-silencer-2021-2024\\\/\",\"url\":\"https:\\\/\\\/rapidomotosport.hr\\\/it\\\/proizvod\\\/aprilia-rsv4-mivv-exhaust-sr-1-black-titanium-slip-on-silencer-2021-2024\\\/\",\"name\":\"APRILIA RSV4 MIVV Exhaust SR-1 Black Titanium Slip-On Silencer 2021-2024 - Rapido Motosport\",\"isPartOf\":{\"@id\":\"https:\\\/\\\/rapidomotosport.hr\\\/it\\\/#website\"},\"primaryImageOfPage\":{\"@id\":\"https:\\\/\\\/rapidomotosport.hr\\\/it\\\/proizvod\\\/aprilia-rsv4-mivv-exhaust-sr-1-black-titanium-slip-on-silencer-2021-2024\\\/#primaryimage\"},\"image\":{\"@id\":\"https:\\\/\\\/rapidomotosport.hr\\\/it\\\/proizvod\\\/aprilia-rsv4-mivv-exhaust-sr-1-black-titanium-slip-on-silencer-2021-2024\\\/#primaryimage\"},\"thumbnailUrl\":\"https:\\\/\\\/rapidomotosport.hr\\\/wp-content\\\/uploads\\\/2025\\\/11\\\/APRILIA-RSV4-MIVV-Exhaust-SR-1-Black-Titanium-Slip-On-Silencer-2021-2024-min-1.png\",\"datePublished\":\"2025-11-07T21:59:20+00:00\",\"dateModified\":\"2026-04-06T19:52:02+00:00\",\"breadcrumb\":{\"@id\":\"https:\\\/\\\/rapidomotosport.hr\\\/it\\\/proizvod\\\/aprilia-rsv4-mivv-exhaust-sr-1-black-titanium-slip-on-silencer-2021-2024\\\/#breadcrumb\"},\"inLanguage\":\"it-IT\",\"potentialAction\":[{\"@type\":\"ReadAction\",\"target\":[\"https:\\\/\\\/rapidomotosport.hr\\\/it\\\/proizvod\\\/aprilia-rsv4-mivv-exhaust-sr-1-black-titanium-slip-on-silencer-2021-2024\\\/\"]}]},{\"@type\":\"ImageObject\",\"inLanguage\":\"it-IT\",\"@id\":\"https:\\\/\\\/rapidomotosport.hr\\\/it\\\/proizvod\\\/aprilia-rsv4-mivv-exhaust-sr-1-black-titanium-slip-on-silencer-2021-2024\\\/#primaryimage\",\"url\":\"https:\\\/\\\/rapidomotosport.hr\\\/wp-content\\\/uploads\\\/2025\\\/11\\\/APRILIA-RSV4-MIVV-Exhaust-SR-1-Black-Titanium-Slip-On-Silencer-2021-2024-min-1.png\",\"contentUrl\":\"https:\\\/\\\/rapidomotosport.hr\\\/wp-content\\\/uploads\\\/2025\\\/11\\\/APRILIA-RSV4-MIVV-Exhaust-SR-1-Black-Titanium-Slip-On-Silencer-2021-2024-min-1.png\",\"width\":2048,\"height\":1536},{\"@type\":\"BreadcrumbList\",\"@id\":\"https:\\\/\\\/rapidomotosport.hr\\\/it\\\/proizvod\\\/aprilia-rsv4-mivv-exhaust-sr-1-black-titanium-slip-on-silencer-2021-2024\\\/#breadcrumb\",\"itemListElement\":[{\"@type\":\"ListItem\",\"position\":1,\"name\":\"Po\u010detna stranica\",\"item\":\"https:\\\/\\\/rapidomotosport.hr\\\/it\\\/\"},{\"@type\":\"ListItem\",\"position\":2,\"name\":\"Negozio\",\"item\":\"https:\\\/\\\/rapidomotosport.hr\\\/it\\\/negozio\\\/\"},{\"@type\":\"ListItem\",\"position\":3,\"name\":\"APRILIA RSV4 MIVV Exhaust SR-1 Black Titanium Slip-On Silencer 2021-2024\"}]},{\"@type\":\"WebSite\",\"@id\":\"https:\\\/\\\/rapidomotosport.hr\\\/it\\\/#website\",\"url\":\"https:\\\/\\\/rapidomotosport.hr\\\/it\\\/\",\"name\":\"Rapido Motosport\",\"description\":\"\",\"potentialAction\":[{\"@type\":\"SearchAction\",\"target\":{\"@type\":\"EntryPoint\",\"urlTemplate\":\"https:\\\/\\\/rapidomotosport.hr\\\/it\\\/?s={search_term_string}\"},\"query-input\":{\"@type\":\"PropertyValueSpecification\",\"valueRequired\":true,\"valueName\":\"search_term_string\"}}],\"inLanguage\":\"it-IT\"}]}<\/script>\n<!-- \/ Yoast SEO plugin. -->","yoast_head_json":{"title":"APRILIA RSV4 MIVV Exhaust SR-1 Black Titanium Slip-On Silencer 2021-2024 - Rapido Motosport","robots":{"index":"index","follow":"follow","max-snippet":"max-snippet:-1","max-image-preview":"max-image-preview:large","max-video-preview":"max-video-preview:-1"},"canonical":"https:\/\/rapidomotosport.hr\/it\/proizvod\/aprilia-rsv4-mivv-exhaust-sr-1-black-titanium-slip-on-silencer-2021-2024\/","og_locale":"it_IT","og_type":"article","og_title":"APRILIA RSV4 MIVV Exhaust SR-1 Black Titanium Slip-On Silencer 2021-2024 - Rapido Motosport","og_description":"Izra\u0111en radi pobolj\u0161anja estetike, zvuka i performansi motocikla, Mivv slip-on ispu\u0161ni sustav nastao je iz maksimalne pa\u017enje posve\u0107ene dizajnu, s ciljem da zadovolji one koji se \u017eele istaknuti, \u010dak i izgledom vlastitog motocikla.  Ispu\u0161ni sustavi linije SR-1 namijenjeni su prvenstveno superbike i hypernaked motociklima. SR-1 naslje\u0111uje sve iskustvo ste\u010deno u raznim svjetskim prvenstvima MotoGP, Moto2 i Moto3. Izra\u0111en s velikom pa\u017enjom prema detaljima, osigurava pobolj\u0161anje izgleda i performansi motocikla.  Ova verzija odlikuje se sredi\u0161njim tijelom od titana heksagonalnog oblika i prisutno\u0161\u0107u karbonske \u010dahure s T-will teksturom, sposobne izdr\u017eati visoke temperaturne napore tipi\u010dne za racing svijet. U usporedbi s tvorni\u010dkim ispu\u0161nim sustavom, SR-1 od titana osigurava zna\u010dajno smanjenje te\u017eine.  NAPOMENA: NIJE HOMOLOGIRANO","og_url":"https:\/\/rapidomotosport.hr\/it\/proizvod\/aprilia-rsv4-mivv-exhaust-sr-1-black-titanium-slip-on-silencer-2021-2024\/","og_site_name":"Rapido Motosport","article_modified_time":"2026-04-06T19:52:02+00:00","og_image":[{"width":2048,"height":1536,"url":"https:\/\/rapidomotosport.hr\/wp-content\/uploads\/2025\/11\/APRILIA-RSV4-MIVV-Exhaust-SR-1-Black-Titanium-Slip-On-Silencer-2021-2024-min-1.png","type":"image\/png"}],"twitter_card":"summary_large_image","twitter_misc":{"Tempo di lettura stimato":"1 minuto"},"schema":{"@context":"https:\/\/schema.org","@graph":[{"@type":"WebPage","@id":"https:\/\/rapidomotosport.hr\/it\/proizvod\/aprilia-rsv4-mivv-exhaust-sr-1-black-titanium-slip-on-silencer-2021-2024\/","url":"https:\/\/rapidomotosport.hr\/it\/proizvod\/aprilia-rsv4-mivv-exhaust-sr-1-black-titanium-slip-on-silencer-2021-2024\/","name":"APRILIA RSV4 MIVV Exhaust SR-1 Black Titanium Slip-On Silencer 2021-2024 - Rapido Motosport","isPartOf":{"@id":"https:\/\/rapidomotosport.hr\/it\/#website"},"primaryImageOfPage":{"@id":"https:\/\/rapidomotosport.hr\/it\/proizvod\/aprilia-rsv4-mivv-exhaust-sr-1-black-titanium-slip-on-silencer-2021-2024\/#primaryimage"},"image":{"@id":"https:\/\/rapidomotosport.hr\/it\/proizvod\/aprilia-rsv4-mivv-exhaust-sr-1-black-titanium-slip-on-silencer-2021-2024\/#primaryimage"},"thumbnailUrl":"https:\/\/rapidomotosport.hr\/wp-content\/uploads\/2025\/11\/APRILIA-RSV4-MIVV-Exhaust-SR-1-Black-Titanium-Slip-On-Silencer-2021-2024-min-1.png","datePublished":"2025-11-07T21:59:20+00:00","dateModified":"2026-04-06T19:52:02+00:00","breadcrumb":{"@id":"https:\/\/rapidomotosport.hr\/it\/proizvod\/aprilia-rsv4-mivv-exhaust-sr-1-black-titanium-slip-on-silencer-2021-2024\/#breadcrumb"},"inLanguage":"it-IT","potentialAction":[{"@type":"ReadAction","target":["https:\/\/rapidomotosport.hr\/it\/proizvod\/aprilia-rsv4-mivv-exhaust-sr-1-black-titanium-slip-on-silencer-2021-2024\/"]}]},{"@type":"ImageObject","inLanguage":"it-IT","@id":"https:\/\/rapidomotosport.hr\/it\/proizvod\/aprilia-rsv4-mivv-exhaust-sr-1-black-titanium-slip-on-silencer-2021-2024\/#primaryimage","url":"https:\/\/rapidomotosport.hr\/wp-content\/uploads\/2025\/11\/APRILIA-RSV4-MIVV-Exhaust-SR-1-Black-Titanium-Slip-On-Silencer-2021-2024-min-1.png","contentUrl":"https:\/\/rapidomotosport.hr\/wp-content\/uploads\/2025\/11\/APRILIA-RSV4-MIVV-Exhaust-SR-1-Black-Titanium-Slip-On-Silencer-2021-2024-min-1.png","width":2048,"height":1536},{"@type":"BreadcrumbList","@id":"https:\/\/rapidomotosport.hr\/it\/proizvod\/aprilia-rsv4-mivv-exhaust-sr-1-black-titanium-slip-on-silencer-2021-2024\/#breadcrumb","itemListElement":[{"@type":"ListItem","position":1,"name":"Po\u010detna stranica","item":"https:\/\/rapidomotosport.hr\/it\/"},{"@type":"ListItem","position":2,"name":"Negozio","item":"https:\/\/rapidomotosport.hr\/it\/negozio\/"},{"@type":"ListItem","position":3,"name":"APRILIA RSV4 MIVV Exhaust SR-1 Black Titanium Slip-On Silencer 2021-2024"}]},{"@type":"WebSite","@id":"https:\/\/rapidomotosport.hr\/it\/#website","url":"https:\/\/rapidomotosport.hr\/it\/","name":"Rapido Motosport","description":"","potentialAction":[{"@type":"SearchAction","target":{"@type":"EntryPoint","urlTemplate":"https:\/\/rapidomotosport.hr\/it\/?s={search_term_string}"},"query-input":{"@type":"PropertyValueSpecification","valueRequired":true,"valueName":"search_term_string"}}],"inLanguage":"it-IT"}]}},"_links":{"self":[{"href":"https:\/\/rapidomotosport.hr\/it\/wp-json\/wp\/v2\/product\/25445","targetHints":{"allow":["GET"]}}],"collection":[{"href":"https:\/\/rapidomotosport.hr\/it\/wp-json\/wp\/v2\/product"}],"about":[{"href":"https:\/\/rapidomotosport.hr\/it\/wp-json\/wp\/v2\/types\/product"}],"wp:featuredmedia":[{"embeddable":true,"href":"https:\/\/rapidomotosport.hr\/it\/wp-json\/wp\/v2\/media\/25479"}],"wp:attachment":[{"href":"https:\/\/rapidomotosport.hr\/it\/wp-json\/wp\/v2\/media?parent=25445"}],"wp:term":[{"taxonomy":"product_brand","embeddable":true,"href":"https:\/\/rapidomotosport.hr\/it\/wp-json\/wp\/v2\/product_brand?post=25445"},{"taxonomy":"product_cat","embeddable":true,"href":"https:\/\/rapidomotosport.hr\/it\/wp-json\/wp\/v2\/product_cat?post=25445"},{"taxonomy":"product_tag","embeddable":true,"href":"https:\/\/rapidomotosport.hr\/it\/wp-json\/wp\/v2\/product_tag?post=25445"}],"curies":[{"name":"wp","href":"https:\/\/api.w.org\/{rel}","templated":true}]}}