{"id":25503,"date":"2025-11-08T12:36:46","date_gmt":"2025-11-08T11:36:46","guid":{"rendered":"https:\/\/rapidomotosport.hr\/?post_type=product&#038;p=25503"},"modified":"2026-01-03T19:54:34","modified_gmt":"2026-01-03T18:54:34","slug":"aprilia-scarabeo-500-mivv-exhaust-urban-slip-on-silencer-2006-2007","status":"publish","type":"product","link":"https:\/\/rapidomotosport.hr\/it\/proizvod\/aprilia-scarabeo-500-mivv-exhaust-urban-slip-on-silencer-2006-2007\/","title":{"rendered":"APRILIA SCARABEO 500 MIVV Exhaust URBAN Slip-On Silencer 2006-2007"},"content":{"rendered":"","protected":false},"excerpt":{"rendered":"<p>Mivv ispu\u0161ni sustavi za skutere izra\u0111eni su s ciljem pobolj\u0161anja zvuka, pove\u0107anja performansi i oboga\u0107ivanja izgleda skutera. Savr\u0161en spoj za postizanje potpuno posebnog skutera.<\/p>\n<p>URBAN je linija koja se izdvaja izgledom i tehni\u010dkim karakteristikama. U potpunosti izra\u0111en od bru\u0161enog nehr\u0111aju\u0107eg \u010delika, ovaj ispu\u0161ni sustav uspje\u0161no spaja stil i pristupa\u010dnu cijenu.<\/p>\n","protected":false},"featured_media":25504,"template":"","meta":[],"product_brand":[],"product_cat":[17,18],"product_tag":[],"class_list":{"0":"post-25503","1":"product","2":"type-product","3":"status-publish","4":"has-post-thumbnail","6":"product_cat-ispusni-sustavi","7":"product_cat-aprilia","9":"first","10":"instock","11":"sale","12":"shipping-taxable","13":"purchasable","14":"product-type-simple"},"yoast_head":"<!-- This site is optimized with the Yoast SEO plugin v27.5 - https:\/\/yoast.com\/product\/yoast-seo-wordpress\/ -->\n<title>APRILIA SCARABEO 500 MIVV Exhaust URBAN Slip-On Silencer 2006-2007 - Rapido Motosport<\/title>\n<meta name=\"robots\" content=\"index, follow, max-snippet:-1, max-image-preview:large, max-video-preview:-1\" \/>\n<link rel=\"canonical\" href=\"https:\/\/rapidomotosport.hr\/it\/proizvod\/aprilia-scarabeo-500-mivv-exhaust-urban-slip-on-silencer-2006-2007\/\" \/>\n<meta property=\"og:locale\" content=\"it_IT\" \/>\n<meta property=\"og:type\" content=\"article\" \/>\n<meta property=\"og:title\" content=\"APRILIA SCARABEO 500 MIVV Exhaust URBAN Slip-On Silencer 2006-2007 - Rapido Motosport\" \/>\n<meta property=\"og:description\" content=\"Mivv ispu\u0161ni sustavi za skutere izra\u0111eni su s ciljem pobolj\u0161anja zvuka, pove\u0107anja performansi i oboga\u0107ivanja izgleda skutera. Savr\u0161en spoj za postizanje potpuno posebnog skutera.  URBAN je linija koja se izdvaja izgledom i tehni\u010dkim karakteristikama. U potpunosti izra\u0111en od bru\u0161enog nehr\u0111aju\u0107eg \u010delika, ovaj ispu\u0161ni sustav uspje\u0161no spaja stil i pristupa\u010dnu cijenu.\" \/>\n<meta property=\"og:url\" content=\"https:\/\/rapidomotosport.hr\/it\/proizvod\/aprilia-scarabeo-500-mivv-exhaust-urban-slip-on-silencer-2006-2007\/\" \/>\n<meta property=\"og:site_name\" content=\"Rapido Motosport\" \/>\n<meta property=\"article:modified_time\" content=\"2026-01-03T18:54:34+00:00\" \/>\n<meta property=\"og:image\" content=\"https:\/\/rapidomotosport.hr\/wp-content\/uploads\/2025\/11\/APRILIA-SCARABEO-500-MIVV-Exhaust-URBAN-Slip-On-Silencer-2006-2007-min.png\" \/>\n\t<meta property=\"og:image:width\" content=\"2048\" \/>\n\t<meta property=\"og:image:height\" content=\"1536\" \/>\n\t<meta property=\"og:image:type\" content=\"image\/png\" \/>\n<meta name=\"twitter:card\" content=\"summary_large_image\" \/>\n<meta name=\"twitter:label1\" content=\"Tempo di lettura stimato\" \/>\n\t<meta name=\"twitter:data1\" content=\"1 minuto\" \/>\n<script type=\"application\/ld+json\" class=\"yoast-schema-graph\">{\"@context\":\"https:\\\/\\\/schema.org\",\"@graph\":[{\"@type\":\"WebPage\",\"@id\":\"https:\\\/\\\/rapidomotosport.hr\\\/it\\\/proizvod\\\/aprilia-scarabeo-500-mivv-exhaust-urban-slip-on-silencer-2006-2007\\\/\",\"url\":\"https:\\\/\\\/rapidomotosport.hr\\\/it\\\/proizvod\\\/aprilia-scarabeo-500-mivv-exhaust-urban-slip-on-silencer-2006-2007\\\/\",\"name\":\"APRILIA SCARABEO 500 MIVV Exhaust URBAN Slip-On Silencer 2006-2007 - Rapido Motosport\",\"isPartOf\":{\"@id\":\"https:\\\/\\\/rapidomotosport.hr\\\/it\\\/#website\"},\"primaryImageOfPage\":{\"@id\":\"https:\\\/\\\/rapidomotosport.hr\\\/it\\\/proizvod\\\/aprilia-scarabeo-500-mivv-exhaust-urban-slip-on-silencer-2006-2007\\\/#primaryimage\"},\"image\":{\"@id\":\"https:\\\/\\\/rapidomotosport.hr\\\/it\\\/proizvod\\\/aprilia-scarabeo-500-mivv-exhaust-urban-slip-on-silencer-2006-2007\\\/#primaryimage\"},\"thumbnailUrl\":\"https:\\\/\\\/rapidomotosport.hr\\\/wp-content\\\/uploads\\\/2025\\\/11\\\/APRILIA-SCARABEO-500-MIVV-Exhaust-URBAN-Slip-On-Silencer-2006-2007-min.png\",\"datePublished\":\"2025-11-08T11:36:46+00:00\",\"dateModified\":\"2026-01-03T18:54:34+00:00\",\"breadcrumb\":{\"@id\":\"https:\\\/\\\/rapidomotosport.hr\\\/it\\\/proizvod\\\/aprilia-scarabeo-500-mivv-exhaust-urban-slip-on-silencer-2006-2007\\\/#breadcrumb\"},\"inLanguage\":\"it-IT\",\"potentialAction\":[{\"@type\":\"ReadAction\",\"target\":[\"https:\\\/\\\/rapidomotosport.hr\\\/it\\\/proizvod\\\/aprilia-scarabeo-500-mivv-exhaust-urban-slip-on-silencer-2006-2007\\\/\"]}]},{\"@type\":\"ImageObject\",\"inLanguage\":\"it-IT\",\"@id\":\"https:\\\/\\\/rapidomotosport.hr\\\/it\\\/proizvod\\\/aprilia-scarabeo-500-mivv-exhaust-urban-slip-on-silencer-2006-2007\\\/#primaryimage\",\"url\":\"https:\\\/\\\/rapidomotosport.hr\\\/wp-content\\\/uploads\\\/2025\\\/11\\\/APRILIA-SCARABEO-500-MIVV-Exhaust-URBAN-Slip-On-Silencer-2006-2007-min.png\",\"contentUrl\":\"https:\\\/\\\/rapidomotosport.hr\\\/wp-content\\\/uploads\\\/2025\\\/11\\\/APRILIA-SCARABEO-500-MIVV-Exhaust-URBAN-Slip-On-Silencer-2006-2007-min.png\",\"width\":2048,\"height\":1536},{\"@type\":\"BreadcrumbList\",\"@id\":\"https:\\\/\\\/rapidomotosport.hr\\\/it\\\/proizvod\\\/aprilia-scarabeo-500-mivv-exhaust-urban-slip-on-silencer-2006-2007\\\/#breadcrumb\",\"itemListElement\":[{\"@type\":\"ListItem\",\"position\":1,\"name\":\"Po\u010detna stranica\",\"item\":\"https:\\\/\\\/rapidomotosport.hr\\\/it\\\/\"},{\"@type\":\"ListItem\",\"position\":2,\"name\":\"Negozio\",\"item\":\"https:\\\/\\\/rapidomotosport.hr\\\/it\\\/negozio\\\/\"},{\"@type\":\"ListItem\",\"position\":3,\"name\":\"APRILIA SCARABEO 500 MIVV Exhaust URBAN Slip-On Silencer 2006-2007\"}]},{\"@type\":\"WebSite\",\"@id\":\"https:\\\/\\\/rapidomotosport.hr\\\/it\\\/#website\",\"url\":\"https:\\\/\\\/rapidomotosport.hr\\\/it\\\/\",\"name\":\"Rapido Motosport\",\"description\":\"\",\"potentialAction\":[{\"@type\":\"SearchAction\",\"target\":{\"@type\":\"EntryPoint\",\"urlTemplate\":\"https:\\\/\\\/rapidomotosport.hr\\\/it\\\/?s={search_term_string}\"},\"query-input\":{\"@type\":\"PropertyValueSpecification\",\"valueRequired\":true,\"valueName\":\"search_term_string\"}}],\"inLanguage\":\"it-IT\"}]}<\/script>\n<!-- \/ Yoast SEO plugin. -->","yoast_head_json":{"title":"APRILIA SCARABEO 500 MIVV Exhaust URBAN Slip-On Silencer 2006-2007 - Rapido Motosport","robots":{"index":"index","follow":"follow","max-snippet":"max-snippet:-1","max-image-preview":"max-image-preview:large","max-video-preview":"max-video-preview:-1"},"canonical":"https:\/\/rapidomotosport.hr\/it\/proizvod\/aprilia-scarabeo-500-mivv-exhaust-urban-slip-on-silencer-2006-2007\/","og_locale":"it_IT","og_type":"article","og_title":"APRILIA SCARABEO 500 MIVV Exhaust URBAN Slip-On Silencer 2006-2007 - Rapido Motosport","og_description":"Mivv ispu\u0161ni sustavi za skutere izra\u0111eni su s ciljem pobolj\u0161anja zvuka, pove\u0107anja performansi i oboga\u0107ivanja izgleda skutera. Savr\u0161en spoj za postizanje potpuno posebnog skutera.  URBAN je linija koja se izdvaja izgledom i tehni\u010dkim karakteristikama. U potpunosti izra\u0111en od bru\u0161enog nehr\u0111aju\u0107eg \u010delika, ovaj ispu\u0161ni sustav uspje\u0161no spaja stil i pristupa\u010dnu cijenu.","og_url":"https:\/\/rapidomotosport.hr\/it\/proizvod\/aprilia-scarabeo-500-mivv-exhaust-urban-slip-on-silencer-2006-2007\/","og_site_name":"Rapido Motosport","article_modified_time":"2026-01-03T18:54:34+00:00","og_image":[{"width":2048,"height":1536,"url":"https:\/\/rapidomotosport.hr\/wp-content\/uploads\/2025\/11\/APRILIA-SCARABEO-500-MIVV-Exhaust-URBAN-Slip-On-Silencer-2006-2007-min.png","type":"image\/png"}],"twitter_card":"summary_large_image","twitter_misc":{"Tempo di lettura stimato":"1 minuto"},"schema":{"@context":"https:\/\/schema.org","@graph":[{"@type":"WebPage","@id":"https:\/\/rapidomotosport.hr\/it\/proizvod\/aprilia-scarabeo-500-mivv-exhaust-urban-slip-on-silencer-2006-2007\/","url":"https:\/\/rapidomotosport.hr\/it\/proizvod\/aprilia-scarabeo-500-mivv-exhaust-urban-slip-on-silencer-2006-2007\/","name":"APRILIA SCARABEO 500 MIVV Exhaust URBAN Slip-On Silencer 2006-2007 - Rapido Motosport","isPartOf":{"@id":"https:\/\/rapidomotosport.hr\/it\/#website"},"primaryImageOfPage":{"@id":"https:\/\/rapidomotosport.hr\/it\/proizvod\/aprilia-scarabeo-500-mivv-exhaust-urban-slip-on-silencer-2006-2007\/#primaryimage"},"image":{"@id":"https:\/\/rapidomotosport.hr\/it\/proizvod\/aprilia-scarabeo-500-mivv-exhaust-urban-slip-on-silencer-2006-2007\/#primaryimage"},"thumbnailUrl":"https:\/\/rapidomotosport.hr\/wp-content\/uploads\/2025\/11\/APRILIA-SCARABEO-500-MIVV-Exhaust-URBAN-Slip-On-Silencer-2006-2007-min.png","datePublished":"2025-11-08T11:36:46+00:00","dateModified":"2026-01-03T18:54:34+00:00","breadcrumb":{"@id":"https:\/\/rapidomotosport.hr\/it\/proizvod\/aprilia-scarabeo-500-mivv-exhaust-urban-slip-on-silencer-2006-2007\/#breadcrumb"},"inLanguage":"it-IT","potentialAction":[{"@type":"ReadAction","target":["https:\/\/rapidomotosport.hr\/it\/proizvod\/aprilia-scarabeo-500-mivv-exhaust-urban-slip-on-silencer-2006-2007\/"]}]},{"@type":"ImageObject","inLanguage":"it-IT","@id":"https:\/\/rapidomotosport.hr\/it\/proizvod\/aprilia-scarabeo-500-mivv-exhaust-urban-slip-on-silencer-2006-2007\/#primaryimage","url":"https:\/\/rapidomotosport.hr\/wp-content\/uploads\/2025\/11\/APRILIA-SCARABEO-500-MIVV-Exhaust-URBAN-Slip-On-Silencer-2006-2007-min.png","contentUrl":"https:\/\/rapidomotosport.hr\/wp-content\/uploads\/2025\/11\/APRILIA-SCARABEO-500-MIVV-Exhaust-URBAN-Slip-On-Silencer-2006-2007-min.png","width":2048,"height":1536},{"@type":"BreadcrumbList","@id":"https:\/\/rapidomotosport.hr\/it\/proizvod\/aprilia-scarabeo-500-mivv-exhaust-urban-slip-on-silencer-2006-2007\/#breadcrumb","itemListElement":[{"@type":"ListItem","position":1,"name":"Po\u010detna stranica","item":"https:\/\/rapidomotosport.hr\/it\/"},{"@type":"ListItem","position":2,"name":"Negozio","item":"https:\/\/rapidomotosport.hr\/it\/negozio\/"},{"@type":"ListItem","position":3,"name":"APRILIA SCARABEO 500 MIVV Exhaust URBAN Slip-On Silencer 2006-2007"}]},{"@type":"WebSite","@id":"https:\/\/rapidomotosport.hr\/it\/#website","url":"https:\/\/rapidomotosport.hr\/it\/","name":"Rapido Motosport","description":"","potentialAction":[{"@type":"SearchAction","target":{"@type":"EntryPoint","urlTemplate":"https:\/\/rapidomotosport.hr\/it\/?s={search_term_string}"},"query-input":{"@type":"PropertyValueSpecification","valueRequired":true,"valueName":"search_term_string"}}],"inLanguage":"it-IT"}]}},"_links":{"self":[{"href":"https:\/\/rapidomotosport.hr\/it\/wp-json\/wp\/v2\/product\/25503","targetHints":{"allow":["GET"]}}],"collection":[{"href":"https:\/\/rapidomotosport.hr\/it\/wp-json\/wp\/v2\/product"}],"about":[{"href":"https:\/\/rapidomotosport.hr\/it\/wp-json\/wp\/v2\/types\/product"}],"wp:featuredmedia":[{"embeddable":true,"href":"https:\/\/rapidomotosport.hr\/it\/wp-json\/wp\/v2\/media\/25504"}],"wp:attachment":[{"href":"https:\/\/rapidomotosport.hr\/it\/wp-json\/wp\/v2\/media?parent=25503"}],"wp:term":[{"taxonomy":"product_brand","embeddable":true,"href":"https:\/\/rapidomotosport.hr\/it\/wp-json\/wp\/v2\/product_brand?post=25503"},{"taxonomy":"product_cat","embeddable":true,"href":"https:\/\/rapidomotosport.hr\/it\/wp-json\/wp\/v2\/product_cat?post=25503"},{"taxonomy":"product_tag","embeddable":true,"href":"https:\/\/rapidomotosport.hr\/it\/wp-json\/wp\/v2\/product_tag?post=25503"}],"curies":[{"name":"wp","href":"https:\/\/api.w.org\/{rel}","templated":true}]}}