{"id":26477,"date":"2025-11-11T19:01:03","date_gmt":"2025-11-11T18:01:03","guid":{"rendered":"https:\/\/rapidomotosport.hr\/?post_type=product&#038;p=26477"},"modified":"2026-04-18T17:16:35","modified_gmt":"2026-04-18T15:16:35","slug":"bmw-f-900-r-mivv-exhaust-gp-pro-carbon-slip-on-silencer-2020-2024","status":"publish","type":"product","link":"https:\/\/rapidomotosport.hr\/it\/proizvod\/bmw-f-900-r-mivv-exhaust-gp-pro-carbon-slip-on-silencer-2020-2024\/","title":{"rendered":"BMW F 900 R MIVV Exhaust GP PRO Carbon Slip-On Silencer 2020-2026"},"content":{"rendered":"","protected":false},"excerpt":{"rendered":"<p>Dizajnirani za pobolj\u0161anje estetike, zvuka i performansi motocikla, Mivv slip-on ispu\u0161ni sustavi rezultat su maksimalne pa\u017enje posve\u0107ene dizajnu, s ciljem zadovoljiti one koji \u017eele istaknuti se izgledom svog motocikla.<\/p>\n<p>GP PRO odlikuje se poluru\u010dno izra\u0111enim TIG zavarima, kompaktnim i \u010distim dizajnom te agresivnim zvukom. Inspiriran svijetom natjecanja, izlazna cijev ispuha opremljena je uklonjivom za\u0161titnom mre\u017eicom koja skriva dB-killer. Na zavr\u0161etku se nalazi karakteristi\u010dni Mivv logo izra\u0111en laserskim graviranjem.<\/p>\n<p>Ispu\u0161ni sustav ima sredi\u0161nji dio izra\u0111en od karbona s sjajnom zavr\u0161nom obradom. Idealan je izbor za one koji tra\u017ee vrhunski izgled i tehnologiju.<\/p>\n","protected":false},"featured_media":26478,"template":"","meta":[],"product_brand":[],"product_cat":[17,19],"product_tag":[],"class_list":{"0":"post-26477","1":"product","2":"type-product","3":"status-publish","4":"has-post-thumbnail","6":"product_cat-ispusni-sustavi","7":"product_cat-bmw","9":"first","10":"instock","11":"sale","12":"shipping-taxable","13":"purchasable","14":"product-type-simple"},"yoast_head":"<!-- This site is optimized with the Yoast SEO plugin v27.5 - https:\/\/yoast.com\/product\/yoast-seo-wordpress\/ -->\n<title>BMW F 900 R MIVV Exhaust GP PRO Carbon Slip-On Silencer 2020-2026 - Rapido Motosport<\/title>\n<meta name=\"robots\" content=\"index, follow, max-snippet:-1, max-image-preview:large, max-video-preview:-1\" \/>\n<link rel=\"canonical\" href=\"https:\/\/rapidomotosport.hr\/it\/proizvod\/bmw-f-900-r-mivv-exhaust-gp-pro-carbon-slip-on-silencer-2020-2024\/\" \/>\n<meta property=\"og:locale\" content=\"it_IT\" \/>\n<meta property=\"og:type\" content=\"article\" \/>\n<meta property=\"og:title\" content=\"BMW F 900 R MIVV Exhaust GP PRO Carbon Slip-On Silencer 2020-2026 - Rapido Motosport\" \/>\n<meta property=\"og:description\" content=\"Dizajnirani za pobolj\u0161anje estetike, zvuka i performansi motocikla, Mivv slip-on ispu\u0161ni sustavi rezultat su maksimalne pa\u017enje posve\u0107ene dizajnu, s ciljem zadovoljiti one koji \u017eele istaknuti se izgledom svog motocikla.  GP PRO odlikuje se poluru\u010dno izra\u0111enim TIG zavarima, kompaktnim i \u010distim dizajnom te agresivnim zvukom. Inspiriran svijetom natjecanja, izlazna cijev ispuha opremljena je uklonjivom za\u0161titnom mre\u017eicom koja skriva dB-killer. Na zavr\u0161etku se nalazi karakteristi\u010dni Mivv logo izra\u0111en laserskim graviranjem.  Ispu\u0161ni sustav ima sredi\u0161nji dio izra\u0111en od karbona s sjajnom zavr\u0161nom obradom. Idealan je izbor za one koji tra\u017ee vrhunski izgled i tehnologiju.\" \/>\n<meta property=\"og:url\" content=\"https:\/\/rapidomotosport.hr\/it\/proizvod\/bmw-f-900-r-mivv-exhaust-gp-pro-carbon-slip-on-silencer-2020-2024\/\" \/>\n<meta property=\"og:site_name\" content=\"Rapido Motosport\" \/>\n<meta property=\"article:modified_time\" content=\"2026-04-18T15:16:35+00:00\" \/>\n<meta property=\"og:image\" content=\"https:\/\/rapidomotosport.hr\/wp-content\/uploads\/2025\/11\/1-min-kopija-2-2.png\" \/>\n\t<meta property=\"og:image:width\" content=\"2048\" \/>\n\t<meta property=\"og:image:height\" content=\"1536\" \/>\n\t<meta property=\"og:image:type\" content=\"image\/png\" \/>\n<meta name=\"twitter:card\" content=\"summary_large_image\" \/>\n<meta name=\"twitter:label1\" content=\"Tempo di lettura stimato\" \/>\n\t<meta name=\"twitter:data1\" content=\"1 minuto\" \/>\n<script type=\"application\/ld+json\" class=\"yoast-schema-graph\">{\"@context\":\"https:\\\/\\\/schema.org\",\"@graph\":[{\"@type\":\"WebPage\",\"@id\":\"https:\\\/\\\/rapidomotosport.hr\\\/it\\\/proizvod\\\/bmw-f-900-r-mivv-exhaust-gp-pro-carbon-slip-on-silencer-2020-2024\\\/\",\"url\":\"https:\\\/\\\/rapidomotosport.hr\\\/it\\\/proizvod\\\/bmw-f-900-r-mivv-exhaust-gp-pro-carbon-slip-on-silencer-2020-2024\\\/\",\"name\":\"BMW F 900 R MIVV Exhaust GP PRO Carbon Slip-On Silencer 2020-2026 - Rapido Motosport\",\"isPartOf\":{\"@id\":\"https:\\\/\\\/rapidomotosport.hr\\\/it\\\/#website\"},\"primaryImageOfPage\":{\"@id\":\"https:\\\/\\\/rapidomotosport.hr\\\/it\\\/proizvod\\\/bmw-f-900-r-mivv-exhaust-gp-pro-carbon-slip-on-silencer-2020-2024\\\/#primaryimage\"},\"image\":{\"@id\":\"https:\\\/\\\/rapidomotosport.hr\\\/it\\\/proizvod\\\/bmw-f-900-r-mivv-exhaust-gp-pro-carbon-slip-on-silencer-2020-2024\\\/#primaryimage\"},\"thumbnailUrl\":\"https:\\\/\\\/rapidomotosport.hr\\\/wp-content\\\/uploads\\\/2025\\\/11\\\/1-min-kopija-2-2.png\",\"datePublished\":\"2025-11-11T18:01:03+00:00\",\"dateModified\":\"2026-04-18T15:16:35+00:00\",\"breadcrumb\":{\"@id\":\"https:\\\/\\\/rapidomotosport.hr\\\/it\\\/proizvod\\\/bmw-f-900-r-mivv-exhaust-gp-pro-carbon-slip-on-silencer-2020-2024\\\/#breadcrumb\"},\"inLanguage\":\"it-IT\",\"potentialAction\":[{\"@type\":\"ReadAction\",\"target\":[\"https:\\\/\\\/rapidomotosport.hr\\\/it\\\/proizvod\\\/bmw-f-900-r-mivv-exhaust-gp-pro-carbon-slip-on-silencer-2020-2024\\\/\"]}]},{\"@type\":\"ImageObject\",\"inLanguage\":\"it-IT\",\"@id\":\"https:\\\/\\\/rapidomotosport.hr\\\/it\\\/proizvod\\\/bmw-f-900-r-mivv-exhaust-gp-pro-carbon-slip-on-silencer-2020-2024\\\/#primaryimage\",\"url\":\"https:\\\/\\\/rapidomotosport.hr\\\/wp-content\\\/uploads\\\/2025\\\/11\\\/1-min-kopija-2-2.png\",\"contentUrl\":\"https:\\\/\\\/rapidomotosport.hr\\\/wp-content\\\/uploads\\\/2025\\\/11\\\/1-min-kopija-2-2.png\",\"width\":2048,\"height\":1536},{\"@type\":\"BreadcrumbList\",\"@id\":\"https:\\\/\\\/rapidomotosport.hr\\\/it\\\/proizvod\\\/bmw-f-900-r-mivv-exhaust-gp-pro-carbon-slip-on-silencer-2020-2024\\\/#breadcrumb\",\"itemListElement\":[{\"@type\":\"ListItem\",\"position\":1,\"name\":\"Po\u010detna stranica\",\"item\":\"https:\\\/\\\/rapidomotosport.hr\\\/it\\\/\"},{\"@type\":\"ListItem\",\"position\":2,\"name\":\"Negozio\",\"item\":\"https:\\\/\\\/rapidomotosport.hr\\\/it\\\/negozio\\\/\"},{\"@type\":\"ListItem\",\"position\":3,\"name\":\"BMW F 900 R MIVV Exhaust GP PRO Carbon Slip-On Silencer 2020-2026\"}]},{\"@type\":\"WebSite\",\"@id\":\"https:\\\/\\\/rapidomotosport.hr\\\/it\\\/#website\",\"url\":\"https:\\\/\\\/rapidomotosport.hr\\\/it\\\/\",\"name\":\"Rapido Motosport\",\"description\":\"\",\"potentialAction\":[{\"@type\":\"SearchAction\",\"target\":{\"@type\":\"EntryPoint\",\"urlTemplate\":\"https:\\\/\\\/rapidomotosport.hr\\\/it\\\/?s={search_term_string}\"},\"query-input\":{\"@type\":\"PropertyValueSpecification\",\"valueRequired\":true,\"valueName\":\"search_term_string\"}}],\"inLanguage\":\"it-IT\"}]}<\/script>\n<!-- \/ Yoast SEO plugin. -->","yoast_head_json":{"title":"BMW F 900 R MIVV Exhaust GP PRO Carbon Slip-On Silencer 2020-2026 - Rapido Motosport","robots":{"index":"index","follow":"follow","max-snippet":"max-snippet:-1","max-image-preview":"max-image-preview:large","max-video-preview":"max-video-preview:-1"},"canonical":"https:\/\/rapidomotosport.hr\/it\/proizvod\/bmw-f-900-r-mivv-exhaust-gp-pro-carbon-slip-on-silencer-2020-2024\/","og_locale":"it_IT","og_type":"article","og_title":"BMW F 900 R MIVV Exhaust GP PRO Carbon Slip-On Silencer 2020-2026 - Rapido Motosport","og_description":"Dizajnirani za pobolj\u0161anje estetike, zvuka i performansi motocikla, Mivv slip-on ispu\u0161ni sustavi rezultat su maksimalne pa\u017enje posve\u0107ene dizajnu, s ciljem zadovoljiti one koji \u017eele istaknuti se izgledom svog motocikla.  GP PRO odlikuje se poluru\u010dno izra\u0111enim TIG zavarima, kompaktnim i \u010distim dizajnom te agresivnim zvukom. Inspiriran svijetom natjecanja, izlazna cijev ispuha opremljena je uklonjivom za\u0161titnom mre\u017eicom koja skriva dB-killer. Na zavr\u0161etku se nalazi karakteristi\u010dni Mivv logo izra\u0111en laserskim graviranjem.  Ispu\u0161ni sustav ima sredi\u0161nji dio izra\u0111en od karbona s sjajnom zavr\u0161nom obradom. Idealan je izbor za one koji tra\u017ee vrhunski izgled i tehnologiju.","og_url":"https:\/\/rapidomotosport.hr\/it\/proizvod\/bmw-f-900-r-mivv-exhaust-gp-pro-carbon-slip-on-silencer-2020-2024\/","og_site_name":"Rapido Motosport","article_modified_time":"2026-04-18T15:16:35+00:00","og_image":[{"width":2048,"height":1536,"url":"https:\/\/rapidomotosport.hr\/wp-content\/uploads\/2025\/11\/1-min-kopija-2-2.png","type":"image\/png"}],"twitter_card":"summary_large_image","twitter_misc":{"Tempo di lettura stimato":"1 minuto"},"schema":{"@context":"https:\/\/schema.org","@graph":[{"@type":"WebPage","@id":"https:\/\/rapidomotosport.hr\/it\/proizvod\/bmw-f-900-r-mivv-exhaust-gp-pro-carbon-slip-on-silencer-2020-2024\/","url":"https:\/\/rapidomotosport.hr\/it\/proizvod\/bmw-f-900-r-mivv-exhaust-gp-pro-carbon-slip-on-silencer-2020-2024\/","name":"BMW F 900 R MIVV Exhaust GP PRO Carbon Slip-On Silencer 2020-2026 - Rapido Motosport","isPartOf":{"@id":"https:\/\/rapidomotosport.hr\/it\/#website"},"primaryImageOfPage":{"@id":"https:\/\/rapidomotosport.hr\/it\/proizvod\/bmw-f-900-r-mivv-exhaust-gp-pro-carbon-slip-on-silencer-2020-2024\/#primaryimage"},"image":{"@id":"https:\/\/rapidomotosport.hr\/it\/proizvod\/bmw-f-900-r-mivv-exhaust-gp-pro-carbon-slip-on-silencer-2020-2024\/#primaryimage"},"thumbnailUrl":"https:\/\/rapidomotosport.hr\/wp-content\/uploads\/2025\/11\/1-min-kopija-2-2.png","datePublished":"2025-11-11T18:01:03+00:00","dateModified":"2026-04-18T15:16:35+00:00","breadcrumb":{"@id":"https:\/\/rapidomotosport.hr\/it\/proizvod\/bmw-f-900-r-mivv-exhaust-gp-pro-carbon-slip-on-silencer-2020-2024\/#breadcrumb"},"inLanguage":"it-IT","potentialAction":[{"@type":"ReadAction","target":["https:\/\/rapidomotosport.hr\/it\/proizvod\/bmw-f-900-r-mivv-exhaust-gp-pro-carbon-slip-on-silencer-2020-2024\/"]}]},{"@type":"ImageObject","inLanguage":"it-IT","@id":"https:\/\/rapidomotosport.hr\/it\/proizvod\/bmw-f-900-r-mivv-exhaust-gp-pro-carbon-slip-on-silencer-2020-2024\/#primaryimage","url":"https:\/\/rapidomotosport.hr\/wp-content\/uploads\/2025\/11\/1-min-kopija-2-2.png","contentUrl":"https:\/\/rapidomotosport.hr\/wp-content\/uploads\/2025\/11\/1-min-kopija-2-2.png","width":2048,"height":1536},{"@type":"BreadcrumbList","@id":"https:\/\/rapidomotosport.hr\/it\/proizvod\/bmw-f-900-r-mivv-exhaust-gp-pro-carbon-slip-on-silencer-2020-2024\/#breadcrumb","itemListElement":[{"@type":"ListItem","position":1,"name":"Po\u010detna stranica","item":"https:\/\/rapidomotosport.hr\/it\/"},{"@type":"ListItem","position":2,"name":"Negozio","item":"https:\/\/rapidomotosport.hr\/it\/negozio\/"},{"@type":"ListItem","position":3,"name":"BMW F 900 R MIVV Exhaust GP PRO Carbon Slip-On Silencer 2020-2026"}]},{"@type":"WebSite","@id":"https:\/\/rapidomotosport.hr\/it\/#website","url":"https:\/\/rapidomotosport.hr\/it\/","name":"Rapido Motosport","description":"","potentialAction":[{"@type":"SearchAction","target":{"@type":"EntryPoint","urlTemplate":"https:\/\/rapidomotosport.hr\/it\/?s={search_term_string}"},"query-input":{"@type":"PropertyValueSpecification","valueRequired":true,"valueName":"search_term_string"}}],"inLanguage":"it-IT"}]}},"_links":{"self":[{"href":"https:\/\/rapidomotosport.hr\/it\/wp-json\/wp\/v2\/product\/26477","targetHints":{"allow":["GET"]}}],"collection":[{"href":"https:\/\/rapidomotosport.hr\/it\/wp-json\/wp\/v2\/product"}],"about":[{"href":"https:\/\/rapidomotosport.hr\/it\/wp-json\/wp\/v2\/types\/product"}],"wp:featuredmedia":[{"embeddable":true,"href":"https:\/\/rapidomotosport.hr\/it\/wp-json\/wp\/v2\/media\/26478"}],"wp:attachment":[{"href":"https:\/\/rapidomotosport.hr\/it\/wp-json\/wp\/v2\/media?parent=26477"}],"wp:term":[{"taxonomy":"product_brand","embeddable":true,"href":"https:\/\/rapidomotosport.hr\/it\/wp-json\/wp\/v2\/product_brand?post=26477"},{"taxonomy":"product_cat","embeddable":true,"href":"https:\/\/rapidomotosport.hr\/it\/wp-json\/wp\/v2\/product_cat?post=26477"},{"taxonomy":"product_tag","embeddable":true,"href":"https:\/\/rapidomotosport.hr\/it\/wp-json\/wp\/v2\/product_tag?post=26477"}],"curies":[{"name":"wp","href":"https:\/\/api.w.org\/{rel}","templated":true}]}}