{"id":27455,"date":"2025-11-14T15:15:05","date_gmt":"2025-11-14T14:15:05","guid":{"rendered":"https:\/\/rapidomotosport.hr\/?post_type=product&#038;p=27455"},"modified":"2026-04-17T23:41:53","modified_gmt":"2026-04-17T21:41:53","slug":"bmw-s-1000-rr-mivv-exhaust-complete-system-titanium-2015-2016","status":"publish","type":"product","link":"https:\/\/rapidomotosport.hr\/it\/proizvod\/bmw-s-1000-rr-mivv-exhaust-complete-system-titanium-2015-2016\/","title":{"rendered":"BMW S 1000 RR MIVV Exhaust Complete System Titanium 2015-2016"},"content":{"rendered":"","protected":false},"excerpt":{"rendered":"<p>Kompletni ispu\u0161ni sustavi predstavljaju najvi\u0161i izraz Mivv tehnologije. Svaki pojedini proizvod ispituje se na na\u0161im ispitnim stolovima uz posebnu pa\u017enju posve\u0107enu performansama motora, s ciljem postizanja najve\u0107ih mogu\u0107ih performansi.<\/p>\n<p>EVO verzija, namijenjena svijetu utrkivanja, predstavlja liniju izvrsnosti me\u0111u Mivv kompletnim ispu\u0161nim sustavima, nastalu kako bi zadovoljila potrebe timova uklju\u010denih u razna prvenstva. Razvijena zahvaljuju\u0107i iskustvu ste\u010denom u svijetu natjecanja na najvi\u0161oj razini, poput MotoGP-a, verzija EVO u potpunosti je izra\u0111ena od titana razreda 1, pri \u010demu su spojevi komponenti izvedeni isklju\u010divo TIG zavarivanjem. Prednosti na\u0161ih kompletnih ispu\u0161nih sustava su: maksimalne performanse; materijali najvi\u0161e pouzdanosti; smanjenje mase; jednostavna ugradnja.<\/p>\n<p>NAPOMENA: NIJE HOMOLOGIRANO<\/p>\n","protected":false},"featured_media":27451,"template":"","meta":[],"product_brand":[],"product_cat":[17,19],"product_tag":[],"class_list":{"0":"post-27455","1":"product","2":"type-product","3":"status-publish","4":"has-post-thumbnail","6":"product_cat-ispusni-sustavi","7":"product_cat-bmw","9":"first","10":"instock","11":"sale","12":"shipping-taxable","13":"purchasable","14":"product-type-simple"},"yoast_head":"<!-- This site is optimized with the Yoast SEO plugin v27.5 - https:\/\/yoast.com\/product\/yoast-seo-wordpress\/ -->\n<title>BMW S 1000 RR MIVV Exhaust Complete System Titanium 2015-2016 - Rapido Motosport<\/title>\n<meta name=\"robots\" content=\"index, follow, max-snippet:-1, max-image-preview:large, max-video-preview:-1\" \/>\n<link rel=\"canonical\" href=\"https:\/\/rapidomotosport.hr\/it\/proizvod\/bmw-s-1000-rr-mivv-exhaust-complete-system-titanium-2015-2016\/\" \/>\n<meta property=\"og:locale\" content=\"it_IT\" \/>\n<meta property=\"og:type\" content=\"article\" \/>\n<meta property=\"og:title\" content=\"BMW S 1000 RR MIVV Exhaust Complete System Titanium 2015-2016 - Rapido Motosport\" \/>\n<meta property=\"og:description\" content=\"Kompletni ispu\u0161ni sustavi predstavljaju najvi\u0161i izraz Mivv tehnologije. Svaki pojedini proizvod ispituje se na na\u0161im ispitnim stolovima uz posebnu pa\u017enju posve\u0107enu performansama motora, s ciljem postizanja najve\u0107ih mogu\u0107ih performansi.  EVO verzija, namijenjena svijetu utrkivanja, predstavlja liniju izvrsnosti me\u0111u Mivv kompletnim ispu\u0161nim sustavima, nastalu kako bi zadovoljila potrebe timova uklju\u010denih u razna prvenstva. Razvijena zahvaljuju\u0107i iskustvu ste\u010denom u svijetu natjecanja na najvi\u0161oj razini, poput MotoGP-a, verzija EVO u potpunosti je izra\u0111ena od titana razreda 1, pri \u010demu su spojevi komponenti izvedeni isklju\u010divo TIG zavarivanjem. Prednosti na\u0161ih kompletnih ispu\u0161nih sustava su: maksimalne performanse; materijali najvi\u0161e pouzdanosti; smanjenje mase; jednostavna ugradnja.  NAPOMENA: NIJE HOMOLOGIRANO\" \/>\n<meta property=\"og:url\" content=\"https:\/\/rapidomotosport.hr\/it\/proizvod\/bmw-s-1000-rr-mivv-exhaust-complete-system-titanium-2015-2016\/\" \/>\n<meta property=\"og:site_name\" content=\"Rapido Motosport\" \/>\n<meta property=\"article:modified_time\" content=\"2026-04-17T21:41:53+00:00\" \/>\n<meta property=\"og:image\" content=\"https:\/\/rapidomotosport.hr\/wp-content\/uploads\/2025\/11\/Dizajn-bez-naslova-min-32.png\" \/>\n\t<meta property=\"og:image:width\" content=\"2048\" \/>\n\t<meta property=\"og:image:height\" content=\"1536\" \/>\n\t<meta property=\"og:image:type\" content=\"image\/png\" \/>\n<meta name=\"twitter:card\" content=\"summary_large_image\" \/>\n<meta name=\"twitter:label1\" content=\"Tempo di lettura stimato\" \/>\n\t<meta name=\"twitter:data1\" content=\"1 minuto\" \/>\n<script type=\"application\/ld+json\" class=\"yoast-schema-graph\">{\"@context\":\"https:\\\/\\\/schema.org\",\"@graph\":[{\"@type\":\"WebPage\",\"@id\":\"https:\\\/\\\/rapidomotosport.hr\\\/it\\\/proizvod\\\/bmw-s-1000-rr-mivv-exhaust-complete-system-titanium-2015-2016\\\/\",\"url\":\"https:\\\/\\\/rapidomotosport.hr\\\/it\\\/proizvod\\\/bmw-s-1000-rr-mivv-exhaust-complete-system-titanium-2015-2016\\\/\",\"name\":\"BMW S 1000 RR MIVV Exhaust Complete System Titanium 2015-2016 - Rapido Motosport\",\"isPartOf\":{\"@id\":\"https:\\\/\\\/rapidomotosport.hr\\\/it\\\/#website\"},\"primaryImageOfPage\":{\"@id\":\"https:\\\/\\\/rapidomotosport.hr\\\/it\\\/proizvod\\\/bmw-s-1000-rr-mivv-exhaust-complete-system-titanium-2015-2016\\\/#primaryimage\"},\"image\":{\"@id\":\"https:\\\/\\\/rapidomotosport.hr\\\/it\\\/proizvod\\\/bmw-s-1000-rr-mivv-exhaust-complete-system-titanium-2015-2016\\\/#primaryimage\"},\"thumbnailUrl\":\"https:\\\/\\\/rapidomotosport.hr\\\/wp-content\\\/uploads\\\/2025\\\/11\\\/Dizajn-bez-naslova-min-32.png\",\"datePublished\":\"2025-11-14T14:15:05+00:00\",\"dateModified\":\"2026-04-17T21:41:53+00:00\",\"breadcrumb\":{\"@id\":\"https:\\\/\\\/rapidomotosport.hr\\\/it\\\/proizvod\\\/bmw-s-1000-rr-mivv-exhaust-complete-system-titanium-2015-2016\\\/#breadcrumb\"},\"inLanguage\":\"it-IT\",\"potentialAction\":[{\"@type\":\"ReadAction\",\"target\":[\"https:\\\/\\\/rapidomotosport.hr\\\/it\\\/proizvod\\\/bmw-s-1000-rr-mivv-exhaust-complete-system-titanium-2015-2016\\\/\"]}]},{\"@type\":\"ImageObject\",\"inLanguage\":\"it-IT\",\"@id\":\"https:\\\/\\\/rapidomotosport.hr\\\/it\\\/proizvod\\\/bmw-s-1000-rr-mivv-exhaust-complete-system-titanium-2015-2016\\\/#primaryimage\",\"url\":\"https:\\\/\\\/rapidomotosport.hr\\\/wp-content\\\/uploads\\\/2025\\\/11\\\/Dizajn-bez-naslova-min-32.png\",\"contentUrl\":\"https:\\\/\\\/rapidomotosport.hr\\\/wp-content\\\/uploads\\\/2025\\\/11\\\/Dizajn-bez-naslova-min-32.png\",\"width\":2048,\"height\":1536},{\"@type\":\"BreadcrumbList\",\"@id\":\"https:\\\/\\\/rapidomotosport.hr\\\/it\\\/proizvod\\\/bmw-s-1000-rr-mivv-exhaust-complete-system-titanium-2015-2016\\\/#breadcrumb\",\"itemListElement\":[{\"@type\":\"ListItem\",\"position\":1,\"name\":\"Po\u010detna stranica\",\"item\":\"https:\\\/\\\/rapidomotosport.hr\\\/it\\\/\"},{\"@type\":\"ListItem\",\"position\":2,\"name\":\"Negozio\",\"item\":\"https:\\\/\\\/rapidomotosport.hr\\\/it\\\/negozio\\\/\"},{\"@type\":\"ListItem\",\"position\":3,\"name\":\"BMW S 1000 RR MIVV Exhaust Complete System Titanium 2015-2016\"}]},{\"@type\":\"WebSite\",\"@id\":\"https:\\\/\\\/rapidomotosport.hr\\\/it\\\/#website\",\"url\":\"https:\\\/\\\/rapidomotosport.hr\\\/it\\\/\",\"name\":\"Rapido Motosport\",\"description\":\"\",\"potentialAction\":[{\"@type\":\"SearchAction\",\"target\":{\"@type\":\"EntryPoint\",\"urlTemplate\":\"https:\\\/\\\/rapidomotosport.hr\\\/it\\\/?s={search_term_string}\"},\"query-input\":{\"@type\":\"PropertyValueSpecification\",\"valueRequired\":true,\"valueName\":\"search_term_string\"}}],\"inLanguage\":\"it-IT\"}]}<\/script>\n<!-- \/ Yoast SEO plugin. -->","yoast_head_json":{"title":"BMW S 1000 RR MIVV Exhaust Complete System Titanium 2015-2016 - Rapido Motosport","robots":{"index":"index","follow":"follow","max-snippet":"max-snippet:-1","max-image-preview":"max-image-preview:large","max-video-preview":"max-video-preview:-1"},"canonical":"https:\/\/rapidomotosport.hr\/it\/proizvod\/bmw-s-1000-rr-mivv-exhaust-complete-system-titanium-2015-2016\/","og_locale":"it_IT","og_type":"article","og_title":"BMW S 1000 RR MIVV Exhaust Complete System Titanium 2015-2016 - Rapido Motosport","og_description":"Kompletni ispu\u0161ni sustavi predstavljaju najvi\u0161i izraz Mivv tehnologije. Svaki pojedini proizvod ispituje se na na\u0161im ispitnim stolovima uz posebnu pa\u017enju posve\u0107enu performansama motora, s ciljem postizanja najve\u0107ih mogu\u0107ih performansi.  EVO verzija, namijenjena svijetu utrkivanja, predstavlja liniju izvrsnosti me\u0111u Mivv kompletnim ispu\u0161nim sustavima, nastalu kako bi zadovoljila potrebe timova uklju\u010denih u razna prvenstva. Razvijena zahvaljuju\u0107i iskustvu ste\u010denom u svijetu natjecanja na najvi\u0161oj razini, poput MotoGP-a, verzija EVO u potpunosti je izra\u0111ena od titana razreda 1, pri \u010demu su spojevi komponenti izvedeni isklju\u010divo TIG zavarivanjem. Prednosti na\u0161ih kompletnih ispu\u0161nih sustava su: maksimalne performanse; materijali najvi\u0161e pouzdanosti; smanjenje mase; jednostavna ugradnja.  NAPOMENA: NIJE HOMOLOGIRANO","og_url":"https:\/\/rapidomotosport.hr\/it\/proizvod\/bmw-s-1000-rr-mivv-exhaust-complete-system-titanium-2015-2016\/","og_site_name":"Rapido Motosport","article_modified_time":"2026-04-17T21:41:53+00:00","og_image":[{"width":2048,"height":1536,"url":"https:\/\/rapidomotosport.hr\/wp-content\/uploads\/2025\/11\/Dizajn-bez-naslova-min-32.png","type":"image\/png"}],"twitter_card":"summary_large_image","twitter_misc":{"Tempo di lettura stimato":"1 minuto"},"schema":{"@context":"https:\/\/schema.org","@graph":[{"@type":"WebPage","@id":"https:\/\/rapidomotosport.hr\/it\/proizvod\/bmw-s-1000-rr-mivv-exhaust-complete-system-titanium-2015-2016\/","url":"https:\/\/rapidomotosport.hr\/it\/proizvod\/bmw-s-1000-rr-mivv-exhaust-complete-system-titanium-2015-2016\/","name":"BMW S 1000 RR MIVV Exhaust Complete System Titanium 2015-2016 - Rapido Motosport","isPartOf":{"@id":"https:\/\/rapidomotosport.hr\/it\/#website"},"primaryImageOfPage":{"@id":"https:\/\/rapidomotosport.hr\/it\/proizvod\/bmw-s-1000-rr-mivv-exhaust-complete-system-titanium-2015-2016\/#primaryimage"},"image":{"@id":"https:\/\/rapidomotosport.hr\/it\/proizvod\/bmw-s-1000-rr-mivv-exhaust-complete-system-titanium-2015-2016\/#primaryimage"},"thumbnailUrl":"https:\/\/rapidomotosport.hr\/wp-content\/uploads\/2025\/11\/Dizajn-bez-naslova-min-32.png","datePublished":"2025-11-14T14:15:05+00:00","dateModified":"2026-04-17T21:41:53+00:00","breadcrumb":{"@id":"https:\/\/rapidomotosport.hr\/it\/proizvod\/bmw-s-1000-rr-mivv-exhaust-complete-system-titanium-2015-2016\/#breadcrumb"},"inLanguage":"it-IT","potentialAction":[{"@type":"ReadAction","target":["https:\/\/rapidomotosport.hr\/it\/proizvod\/bmw-s-1000-rr-mivv-exhaust-complete-system-titanium-2015-2016\/"]}]},{"@type":"ImageObject","inLanguage":"it-IT","@id":"https:\/\/rapidomotosport.hr\/it\/proizvod\/bmw-s-1000-rr-mivv-exhaust-complete-system-titanium-2015-2016\/#primaryimage","url":"https:\/\/rapidomotosport.hr\/wp-content\/uploads\/2025\/11\/Dizajn-bez-naslova-min-32.png","contentUrl":"https:\/\/rapidomotosport.hr\/wp-content\/uploads\/2025\/11\/Dizajn-bez-naslova-min-32.png","width":2048,"height":1536},{"@type":"BreadcrumbList","@id":"https:\/\/rapidomotosport.hr\/it\/proizvod\/bmw-s-1000-rr-mivv-exhaust-complete-system-titanium-2015-2016\/#breadcrumb","itemListElement":[{"@type":"ListItem","position":1,"name":"Po\u010detna stranica","item":"https:\/\/rapidomotosport.hr\/it\/"},{"@type":"ListItem","position":2,"name":"Negozio","item":"https:\/\/rapidomotosport.hr\/it\/negozio\/"},{"@type":"ListItem","position":3,"name":"BMW S 1000 RR MIVV Exhaust Complete System Titanium 2015-2016"}]},{"@type":"WebSite","@id":"https:\/\/rapidomotosport.hr\/it\/#website","url":"https:\/\/rapidomotosport.hr\/it\/","name":"Rapido Motosport","description":"","potentialAction":[{"@type":"SearchAction","target":{"@type":"EntryPoint","urlTemplate":"https:\/\/rapidomotosport.hr\/it\/?s={search_term_string}"},"query-input":{"@type":"PropertyValueSpecification","valueRequired":true,"valueName":"search_term_string"}}],"inLanguage":"it-IT"}]}},"_links":{"self":[{"href":"https:\/\/rapidomotosport.hr\/it\/wp-json\/wp\/v2\/product\/27455","targetHints":{"allow":["GET"]}}],"collection":[{"href":"https:\/\/rapidomotosport.hr\/it\/wp-json\/wp\/v2\/product"}],"about":[{"href":"https:\/\/rapidomotosport.hr\/it\/wp-json\/wp\/v2\/types\/product"}],"wp:featuredmedia":[{"embeddable":true,"href":"https:\/\/rapidomotosport.hr\/it\/wp-json\/wp\/v2\/media\/27451"}],"wp:attachment":[{"href":"https:\/\/rapidomotosport.hr\/it\/wp-json\/wp\/v2\/media?parent=27455"}],"wp:term":[{"taxonomy":"product_brand","embeddable":true,"href":"https:\/\/rapidomotosport.hr\/it\/wp-json\/wp\/v2\/product_brand?post=27455"},{"taxonomy":"product_cat","embeddable":true,"href":"https:\/\/rapidomotosport.hr\/it\/wp-json\/wp\/v2\/product_cat?post=27455"},{"taxonomy":"product_tag","embeddable":true,"href":"https:\/\/rapidomotosport.hr\/it\/wp-json\/wp\/v2\/product_tag?post=27455"}],"curies":[{"name":"wp","href":"https:\/\/api.w.org\/{rel}","templated":true}]}}