{"id":27469,"date":"2025-11-14T17:47:21","date_gmt":"2025-11-14T16:47:21","guid":{"rendered":"https:\/\/rapidomotosport.hr\/?post_type=product&#038;p=27469"},"modified":"2026-04-17T23:39:49","modified_gmt":"2026-04-17T21:39:49","slug":"bmw-s-1000-rr-mivv-exhaust-complete-system-2017-2018","status":"publish","type":"product","link":"https:\/\/rapidomotosport.hr\/it\/proizvod\/bmw-s-1000-rr-mivv-exhaust-complete-system-2017-2018\/","title":{"rendered":"BMW S 1000 RR MIVV Exhaust Complete System 2017-2018"},"content":{"rendered":"","protected":false},"excerpt":{"rendered":"<p>Kompletni ispu\u0161ni sustavi predstavljaju najvi\u0161i izraz Mivv tehnologije. Svaki pojedini proizvod testira se na na\u0161im ispitnim stolovima uz posebnu pa\u017enju posve\u0107enu performansama motora, kako bi se postigle maksimalne mogu\u0107e vrijednosti.<\/p>\n<p>Verzija STEEL je linija Mivv kompletnih ispu\u0161nih sustava koja se od verzije Evo razlikuje isklju\u010divo po upotrijebljenom materijalu. Naime, izra\u0111ena je od nehr\u0111aju\u0107eg \u010delika debljine 1 mm, umjesto od titana. Ovo su prednosti na\u0161ih kompletnih ispuha: maksimalne performanse; materijali iznimne pouzdanosti; u\u0161teda na te\u017eini; jednostavna ugradnja.<\/p>\n<p>NAPOMENA: NIJE HOMOLOGIRANO<\/p>\n","protected":false},"featured_media":27470,"template":"","meta":[],"product_brand":[],"product_cat":[17,19],"product_tag":[],"class_list":{"0":"post-27469","1":"product","2":"type-product","3":"status-publish","4":"has-post-thumbnail","6":"product_cat-ispusni-sustavi","7":"product_cat-bmw","9":"first","10":"instock","11":"sale","12":"shipping-taxable","13":"purchasable","14":"product-type-simple"},"yoast_head":"<!-- This site is optimized with the Yoast SEO plugin v27.5 - https:\/\/yoast.com\/product\/yoast-seo-wordpress\/ -->\n<title>BMW S 1000 RR MIVV Exhaust Complete System 2017-2018 - Rapido Motosport<\/title>\n<meta name=\"robots\" content=\"index, follow, max-snippet:-1, max-image-preview:large, max-video-preview:-1\" \/>\n<link rel=\"canonical\" href=\"https:\/\/rapidomotosport.hr\/it\/proizvod\/bmw-s-1000-rr-mivv-exhaust-complete-system-2017-2018\/\" \/>\n<meta property=\"og:locale\" content=\"it_IT\" \/>\n<meta property=\"og:type\" content=\"article\" \/>\n<meta property=\"og:title\" content=\"BMW S 1000 RR MIVV Exhaust Complete System 2017-2018 - Rapido Motosport\" \/>\n<meta property=\"og:description\" content=\"Kompletni ispu\u0161ni sustavi predstavljaju najvi\u0161i izraz Mivv tehnologije. Svaki pojedini proizvod testira se na na\u0161im ispitnim stolovima uz posebnu pa\u017enju posve\u0107enu performansama motora, kako bi se postigle maksimalne mogu\u0107e vrijednosti.  Verzija STEEL je linija Mivv kompletnih ispu\u0161nih sustava koja se od verzije Evo razlikuje isklju\u010divo po upotrijebljenom materijalu. Naime, izra\u0111ena je od nehr\u0111aju\u0107eg \u010delika debljine 1 mm, umjesto od titana. Ovo su prednosti na\u0161ih kompletnih ispuha: maksimalne performanse; materijali iznimne pouzdanosti; u\u0161teda na te\u017eini; jednostavna ugradnja.  NAPOMENA: NIJE HOMOLOGIRANO\" \/>\n<meta property=\"og:url\" content=\"https:\/\/rapidomotosport.hr\/it\/proizvod\/bmw-s-1000-rr-mivv-exhaust-complete-system-2017-2018\/\" \/>\n<meta property=\"og:site_name\" content=\"Rapido Motosport\" \/>\n<meta property=\"article:modified_time\" content=\"2026-04-17T21:39:49+00:00\" \/>\n<meta property=\"og:image\" content=\"https:\/\/rapidomotosport.hr\/wp-content\/uploads\/2025\/11\/Dizajn-bez-naslova-min-33.png\" \/>\n\t<meta property=\"og:image:width\" content=\"2048\" \/>\n\t<meta property=\"og:image:height\" content=\"1536\" \/>\n\t<meta property=\"og:image:type\" content=\"image\/png\" \/>\n<meta name=\"twitter:card\" content=\"summary_large_image\" \/>\n<meta name=\"twitter:label1\" content=\"Tempo di lettura stimato\" \/>\n\t<meta name=\"twitter:data1\" content=\"1 minuto\" \/>\n<script type=\"application\/ld+json\" class=\"yoast-schema-graph\">{\"@context\":\"https:\\\/\\\/schema.org\",\"@graph\":[{\"@type\":\"WebPage\",\"@id\":\"https:\\\/\\\/rapidomotosport.hr\\\/it\\\/proizvod\\\/bmw-s-1000-rr-mivv-exhaust-complete-system-2017-2018\\\/\",\"url\":\"https:\\\/\\\/rapidomotosport.hr\\\/it\\\/proizvod\\\/bmw-s-1000-rr-mivv-exhaust-complete-system-2017-2018\\\/\",\"name\":\"BMW S 1000 RR MIVV Exhaust Complete System 2017-2018 - Rapido Motosport\",\"isPartOf\":{\"@id\":\"https:\\\/\\\/rapidomotosport.hr\\\/it\\\/#website\"},\"primaryImageOfPage\":{\"@id\":\"https:\\\/\\\/rapidomotosport.hr\\\/it\\\/proizvod\\\/bmw-s-1000-rr-mivv-exhaust-complete-system-2017-2018\\\/#primaryimage\"},\"image\":{\"@id\":\"https:\\\/\\\/rapidomotosport.hr\\\/it\\\/proizvod\\\/bmw-s-1000-rr-mivv-exhaust-complete-system-2017-2018\\\/#primaryimage\"},\"thumbnailUrl\":\"https:\\\/\\\/rapidomotosport.hr\\\/wp-content\\\/uploads\\\/2025\\\/11\\\/Dizajn-bez-naslova-min-33.png\",\"datePublished\":\"2025-11-14T16:47:21+00:00\",\"dateModified\":\"2026-04-17T21:39:49+00:00\",\"breadcrumb\":{\"@id\":\"https:\\\/\\\/rapidomotosport.hr\\\/it\\\/proizvod\\\/bmw-s-1000-rr-mivv-exhaust-complete-system-2017-2018\\\/#breadcrumb\"},\"inLanguage\":\"it-IT\",\"potentialAction\":[{\"@type\":\"ReadAction\",\"target\":[\"https:\\\/\\\/rapidomotosport.hr\\\/it\\\/proizvod\\\/bmw-s-1000-rr-mivv-exhaust-complete-system-2017-2018\\\/\"]}]},{\"@type\":\"ImageObject\",\"inLanguage\":\"it-IT\",\"@id\":\"https:\\\/\\\/rapidomotosport.hr\\\/it\\\/proizvod\\\/bmw-s-1000-rr-mivv-exhaust-complete-system-2017-2018\\\/#primaryimage\",\"url\":\"https:\\\/\\\/rapidomotosport.hr\\\/wp-content\\\/uploads\\\/2025\\\/11\\\/Dizajn-bez-naslova-min-33.png\",\"contentUrl\":\"https:\\\/\\\/rapidomotosport.hr\\\/wp-content\\\/uploads\\\/2025\\\/11\\\/Dizajn-bez-naslova-min-33.png\",\"width\":2048,\"height\":1536},{\"@type\":\"BreadcrumbList\",\"@id\":\"https:\\\/\\\/rapidomotosport.hr\\\/it\\\/proizvod\\\/bmw-s-1000-rr-mivv-exhaust-complete-system-2017-2018\\\/#breadcrumb\",\"itemListElement\":[{\"@type\":\"ListItem\",\"position\":1,\"name\":\"Po\u010detna stranica\",\"item\":\"https:\\\/\\\/rapidomotosport.hr\\\/it\\\/\"},{\"@type\":\"ListItem\",\"position\":2,\"name\":\"Negozio\",\"item\":\"https:\\\/\\\/rapidomotosport.hr\\\/it\\\/negozio\\\/\"},{\"@type\":\"ListItem\",\"position\":3,\"name\":\"BMW S 1000 RR MIVV Exhaust Complete System 2017-2018\"}]},{\"@type\":\"WebSite\",\"@id\":\"https:\\\/\\\/rapidomotosport.hr\\\/it\\\/#website\",\"url\":\"https:\\\/\\\/rapidomotosport.hr\\\/it\\\/\",\"name\":\"Rapido Motosport\",\"description\":\"\",\"potentialAction\":[{\"@type\":\"SearchAction\",\"target\":{\"@type\":\"EntryPoint\",\"urlTemplate\":\"https:\\\/\\\/rapidomotosport.hr\\\/it\\\/?s={search_term_string}\"},\"query-input\":{\"@type\":\"PropertyValueSpecification\",\"valueRequired\":true,\"valueName\":\"search_term_string\"}}],\"inLanguage\":\"it-IT\"}]}<\/script>\n<!-- \/ Yoast SEO plugin. -->","yoast_head_json":{"title":"BMW S 1000 RR MIVV Exhaust Complete System 2017-2018 - Rapido Motosport","robots":{"index":"index","follow":"follow","max-snippet":"max-snippet:-1","max-image-preview":"max-image-preview:large","max-video-preview":"max-video-preview:-1"},"canonical":"https:\/\/rapidomotosport.hr\/it\/proizvod\/bmw-s-1000-rr-mivv-exhaust-complete-system-2017-2018\/","og_locale":"it_IT","og_type":"article","og_title":"BMW S 1000 RR MIVV Exhaust Complete System 2017-2018 - Rapido Motosport","og_description":"Kompletni ispu\u0161ni sustavi predstavljaju najvi\u0161i izraz Mivv tehnologije. Svaki pojedini proizvod testira se na na\u0161im ispitnim stolovima uz posebnu pa\u017enju posve\u0107enu performansama motora, kako bi se postigle maksimalne mogu\u0107e vrijednosti.  Verzija STEEL je linija Mivv kompletnih ispu\u0161nih sustava koja se od verzije Evo razlikuje isklju\u010divo po upotrijebljenom materijalu. Naime, izra\u0111ena je od nehr\u0111aju\u0107eg \u010delika debljine 1 mm, umjesto od titana. Ovo su prednosti na\u0161ih kompletnih ispuha: maksimalne performanse; materijali iznimne pouzdanosti; u\u0161teda na te\u017eini; jednostavna ugradnja.  NAPOMENA: NIJE HOMOLOGIRANO","og_url":"https:\/\/rapidomotosport.hr\/it\/proizvod\/bmw-s-1000-rr-mivv-exhaust-complete-system-2017-2018\/","og_site_name":"Rapido Motosport","article_modified_time":"2026-04-17T21:39:49+00:00","og_image":[{"width":2048,"height":1536,"url":"https:\/\/rapidomotosport.hr\/wp-content\/uploads\/2025\/11\/Dizajn-bez-naslova-min-33.png","type":"image\/png"}],"twitter_card":"summary_large_image","twitter_misc":{"Tempo di lettura stimato":"1 minuto"},"schema":{"@context":"https:\/\/schema.org","@graph":[{"@type":"WebPage","@id":"https:\/\/rapidomotosport.hr\/it\/proizvod\/bmw-s-1000-rr-mivv-exhaust-complete-system-2017-2018\/","url":"https:\/\/rapidomotosport.hr\/it\/proizvod\/bmw-s-1000-rr-mivv-exhaust-complete-system-2017-2018\/","name":"BMW S 1000 RR MIVV Exhaust Complete System 2017-2018 - Rapido Motosport","isPartOf":{"@id":"https:\/\/rapidomotosport.hr\/it\/#website"},"primaryImageOfPage":{"@id":"https:\/\/rapidomotosport.hr\/it\/proizvod\/bmw-s-1000-rr-mivv-exhaust-complete-system-2017-2018\/#primaryimage"},"image":{"@id":"https:\/\/rapidomotosport.hr\/it\/proizvod\/bmw-s-1000-rr-mivv-exhaust-complete-system-2017-2018\/#primaryimage"},"thumbnailUrl":"https:\/\/rapidomotosport.hr\/wp-content\/uploads\/2025\/11\/Dizajn-bez-naslova-min-33.png","datePublished":"2025-11-14T16:47:21+00:00","dateModified":"2026-04-17T21:39:49+00:00","breadcrumb":{"@id":"https:\/\/rapidomotosport.hr\/it\/proizvod\/bmw-s-1000-rr-mivv-exhaust-complete-system-2017-2018\/#breadcrumb"},"inLanguage":"it-IT","potentialAction":[{"@type":"ReadAction","target":["https:\/\/rapidomotosport.hr\/it\/proizvod\/bmw-s-1000-rr-mivv-exhaust-complete-system-2017-2018\/"]}]},{"@type":"ImageObject","inLanguage":"it-IT","@id":"https:\/\/rapidomotosport.hr\/it\/proizvod\/bmw-s-1000-rr-mivv-exhaust-complete-system-2017-2018\/#primaryimage","url":"https:\/\/rapidomotosport.hr\/wp-content\/uploads\/2025\/11\/Dizajn-bez-naslova-min-33.png","contentUrl":"https:\/\/rapidomotosport.hr\/wp-content\/uploads\/2025\/11\/Dizajn-bez-naslova-min-33.png","width":2048,"height":1536},{"@type":"BreadcrumbList","@id":"https:\/\/rapidomotosport.hr\/it\/proizvod\/bmw-s-1000-rr-mivv-exhaust-complete-system-2017-2018\/#breadcrumb","itemListElement":[{"@type":"ListItem","position":1,"name":"Po\u010detna stranica","item":"https:\/\/rapidomotosport.hr\/it\/"},{"@type":"ListItem","position":2,"name":"Negozio","item":"https:\/\/rapidomotosport.hr\/it\/negozio\/"},{"@type":"ListItem","position":3,"name":"BMW S 1000 RR MIVV Exhaust Complete System 2017-2018"}]},{"@type":"WebSite","@id":"https:\/\/rapidomotosport.hr\/it\/#website","url":"https:\/\/rapidomotosport.hr\/it\/","name":"Rapido Motosport","description":"","potentialAction":[{"@type":"SearchAction","target":{"@type":"EntryPoint","urlTemplate":"https:\/\/rapidomotosport.hr\/it\/?s={search_term_string}"},"query-input":{"@type":"PropertyValueSpecification","valueRequired":true,"valueName":"search_term_string"}}],"inLanguage":"it-IT"}]}},"_links":{"self":[{"href":"https:\/\/rapidomotosport.hr\/it\/wp-json\/wp\/v2\/product\/27469","targetHints":{"allow":["GET"]}}],"collection":[{"href":"https:\/\/rapidomotosport.hr\/it\/wp-json\/wp\/v2\/product"}],"about":[{"href":"https:\/\/rapidomotosport.hr\/it\/wp-json\/wp\/v2\/types\/product"}],"wp:featuredmedia":[{"embeddable":true,"href":"https:\/\/rapidomotosport.hr\/it\/wp-json\/wp\/v2\/media\/27470"}],"wp:attachment":[{"href":"https:\/\/rapidomotosport.hr\/it\/wp-json\/wp\/v2\/media?parent=27469"}],"wp:term":[{"taxonomy":"product_brand","embeddable":true,"href":"https:\/\/rapidomotosport.hr\/it\/wp-json\/wp\/v2\/product_brand?post=27469"},{"taxonomy":"product_cat","embeddable":true,"href":"https:\/\/rapidomotosport.hr\/it\/wp-json\/wp\/v2\/product_cat?post=27469"},{"taxonomy":"product_tag","embeddable":true,"href":"https:\/\/rapidomotosport.hr\/it\/wp-json\/wp\/v2\/product_tag?post=27469"}],"curies":[{"name":"wp","href":"https:\/\/api.w.org\/{rel}","templated":true}]}}