{"id":27480,"date":"2025-11-14T17:54:06","date_gmt":"2025-11-14T16:54:06","guid":{"rendered":"https:\/\/rapidomotosport.hr\/?post_type=product&#038;p=27480"},"modified":"2026-04-17T23:51:48","modified_gmt":"2026-04-17T21:51:48","slug":"bmw-s-1000-rr-mivv-exhaust-mk3-carbon-slip-on-silencer-2019-2024","status":"publish","type":"product","link":"https:\/\/rapidomotosport.hr\/it\/proizvod\/bmw-s-1000-rr-mivv-exhaust-mk3-carbon-slip-on-silencer-2019-2024\/","title":{"rendered":"BMW S 1000 RR MIVV Exhaust MK3 Carbon Slip-On Silencer 2019-2024"},"content":{"rendered":"","protected":false},"excerpt":{"rendered":"<p>Izra\u0111en kako bi pobolj\u0161ao estetiku, zvuk i performanse motocikla, Mivv slip-on ispu\u0161ni sustav nastaje iz maksimalne pa\u017enje posve\u0107ene dizajnu, s ciljem zadovoljavanja onih koji se \u017eele istaknuti i putem izgleda svojeg motocikla.<\/p>\n<p>Linija MK3, proiza\u0161la iz iskustva ste\u010denog u svjetskim prvenstvima Moto3 i Moto2, savr\u0161ena je sinteza performansi i tehnologije. S dizajnom sli\u010dnim ispu\u0161nim sustavima razvijenima za Moto3 svjetsko prvenstvo, zavr\u0161ni dio MK3 nudi kompaktne dimenzije i sposobnost osloba\u0111anja privla\u010dnog MIVV zvuka.<\/p>\n<p>Verzija Carbonio odlikuje se sredi\u0161njim tijelom od sjajnog karbona koje, zajedno s za\u0161titnom re\u0161etkom na izlaznom dijelu, proizvodu daje izrazito high-tech izgled.<\/p>\n","protected":false},"featured_media":27481,"template":"","meta":[],"product_brand":[],"product_cat":[17,19],"product_tag":[],"class_list":{"0":"post-27480","1":"product","2":"type-product","3":"status-publish","4":"has-post-thumbnail","6":"product_cat-ispusni-sustavi","7":"product_cat-bmw","9":"first","10":"instock","11":"sale","12":"shipping-taxable","13":"purchasable","14":"product-type-simple"},"yoast_head":"<!-- This site is optimized with the Yoast SEO plugin v27.5 - https:\/\/yoast.com\/product\/yoast-seo-wordpress\/ -->\n<title>BMW S 1000 RR MIVV Exhaust MK3 Carbon Slip-On Silencer 2019-2024 - Rapido Motosport<\/title>\n<meta name=\"robots\" content=\"index, follow, max-snippet:-1, max-image-preview:large, max-video-preview:-1\" \/>\n<link rel=\"canonical\" href=\"https:\/\/rapidomotosport.hr\/it\/proizvod\/bmw-s-1000-rr-mivv-exhaust-mk3-carbon-slip-on-silencer-2019-2024\/\" \/>\n<meta property=\"og:locale\" content=\"it_IT\" \/>\n<meta property=\"og:type\" content=\"article\" \/>\n<meta property=\"og:title\" content=\"BMW S 1000 RR MIVV Exhaust MK3 Carbon Slip-On Silencer 2019-2024 - Rapido Motosport\" \/>\n<meta property=\"og:description\" content=\"Izra\u0111en kako bi pobolj\u0161ao estetiku, zvuk i performanse motocikla, Mivv slip-on ispu\u0161ni sustav nastaje iz maksimalne pa\u017enje posve\u0107ene dizajnu, s ciljem zadovoljavanja onih koji se \u017eele istaknuti i putem izgleda svojeg motocikla.  Linija MK3, proiza\u0161la iz iskustva ste\u010denog u svjetskim prvenstvima Moto3 i Moto2, savr\u0161ena je sinteza performansi i tehnologije. S dizajnom sli\u010dnim ispu\u0161nim sustavima razvijenima za Moto3 svjetsko prvenstvo, zavr\u0161ni dio MK3 nudi kompaktne dimenzije i sposobnost osloba\u0111anja privla\u010dnog MIVV zvuka.  Verzija Carbonio odlikuje se sredi\u0161njim tijelom od sjajnog karbona koje, zajedno s za\u0161titnom re\u0161etkom na izlaznom dijelu, proizvodu daje izrazito high-tech izgled.\" \/>\n<meta property=\"og:url\" content=\"https:\/\/rapidomotosport.hr\/it\/proizvod\/bmw-s-1000-rr-mivv-exhaust-mk3-carbon-slip-on-silencer-2019-2024\/\" \/>\n<meta property=\"og:site_name\" content=\"Rapido Motosport\" \/>\n<meta property=\"article:modified_time\" content=\"2026-04-17T21:51:48+00:00\" \/>\n<meta property=\"og:image\" content=\"https:\/\/rapidomotosport.hr\/wp-content\/uploads\/2025\/11\/APRILIA-RSV4-MIVV-Exhaust-MK3-Carbon-Slip-On-Silencer-2017-2020-min-7.png\" \/>\n\t<meta property=\"og:image:width\" content=\"2048\" \/>\n\t<meta property=\"og:image:height\" content=\"1536\" \/>\n\t<meta property=\"og:image:type\" content=\"image\/png\" \/>\n<meta name=\"twitter:card\" content=\"summary_large_image\" \/>\n<meta name=\"twitter:label1\" content=\"Tempo di lettura stimato\" \/>\n\t<meta name=\"twitter:data1\" content=\"1 minuto\" \/>\n<script type=\"application\/ld+json\" class=\"yoast-schema-graph\">{\"@context\":\"https:\\\/\\\/schema.org\",\"@graph\":[{\"@type\":\"WebPage\",\"@id\":\"https:\\\/\\\/rapidomotosport.hr\\\/it\\\/proizvod\\\/bmw-s-1000-rr-mivv-exhaust-mk3-carbon-slip-on-silencer-2019-2024\\\/\",\"url\":\"https:\\\/\\\/rapidomotosport.hr\\\/it\\\/proizvod\\\/bmw-s-1000-rr-mivv-exhaust-mk3-carbon-slip-on-silencer-2019-2024\\\/\",\"name\":\"BMW S 1000 RR MIVV Exhaust MK3 Carbon Slip-On Silencer 2019-2024 - Rapido Motosport\",\"isPartOf\":{\"@id\":\"https:\\\/\\\/rapidomotosport.hr\\\/it\\\/#website\"},\"primaryImageOfPage\":{\"@id\":\"https:\\\/\\\/rapidomotosport.hr\\\/it\\\/proizvod\\\/bmw-s-1000-rr-mivv-exhaust-mk3-carbon-slip-on-silencer-2019-2024\\\/#primaryimage\"},\"image\":{\"@id\":\"https:\\\/\\\/rapidomotosport.hr\\\/it\\\/proizvod\\\/bmw-s-1000-rr-mivv-exhaust-mk3-carbon-slip-on-silencer-2019-2024\\\/#primaryimage\"},\"thumbnailUrl\":\"https:\\\/\\\/rapidomotosport.hr\\\/wp-content\\\/uploads\\\/2025\\\/11\\\/APRILIA-RSV4-MIVV-Exhaust-MK3-Carbon-Slip-On-Silencer-2017-2020-min-7.png\",\"datePublished\":\"2025-11-14T16:54:06+00:00\",\"dateModified\":\"2026-04-17T21:51:48+00:00\",\"breadcrumb\":{\"@id\":\"https:\\\/\\\/rapidomotosport.hr\\\/it\\\/proizvod\\\/bmw-s-1000-rr-mivv-exhaust-mk3-carbon-slip-on-silencer-2019-2024\\\/#breadcrumb\"},\"inLanguage\":\"it-IT\",\"potentialAction\":[{\"@type\":\"ReadAction\",\"target\":[\"https:\\\/\\\/rapidomotosport.hr\\\/it\\\/proizvod\\\/bmw-s-1000-rr-mivv-exhaust-mk3-carbon-slip-on-silencer-2019-2024\\\/\"]}]},{\"@type\":\"ImageObject\",\"inLanguage\":\"it-IT\",\"@id\":\"https:\\\/\\\/rapidomotosport.hr\\\/it\\\/proizvod\\\/bmw-s-1000-rr-mivv-exhaust-mk3-carbon-slip-on-silencer-2019-2024\\\/#primaryimage\",\"url\":\"https:\\\/\\\/rapidomotosport.hr\\\/wp-content\\\/uploads\\\/2025\\\/11\\\/APRILIA-RSV4-MIVV-Exhaust-MK3-Carbon-Slip-On-Silencer-2017-2020-min-7.png\",\"contentUrl\":\"https:\\\/\\\/rapidomotosport.hr\\\/wp-content\\\/uploads\\\/2025\\\/11\\\/APRILIA-RSV4-MIVV-Exhaust-MK3-Carbon-Slip-On-Silencer-2017-2020-min-7.png\",\"width\":2048,\"height\":1536},{\"@type\":\"BreadcrumbList\",\"@id\":\"https:\\\/\\\/rapidomotosport.hr\\\/it\\\/proizvod\\\/bmw-s-1000-rr-mivv-exhaust-mk3-carbon-slip-on-silencer-2019-2024\\\/#breadcrumb\",\"itemListElement\":[{\"@type\":\"ListItem\",\"position\":1,\"name\":\"Po\u010detna stranica\",\"item\":\"https:\\\/\\\/rapidomotosport.hr\\\/it\\\/\"},{\"@type\":\"ListItem\",\"position\":2,\"name\":\"Negozio\",\"item\":\"https:\\\/\\\/rapidomotosport.hr\\\/it\\\/negozio\\\/\"},{\"@type\":\"ListItem\",\"position\":3,\"name\":\"BMW S 1000 RR MIVV Exhaust MK3 Carbon Slip-On Silencer 2019-2024\"}]},{\"@type\":\"WebSite\",\"@id\":\"https:\\\/\\\/rapidomotosport.hr\\\/it\\\/#website\",\"url\":\"https:\\\/\\\/rapidomotosport.hr\\\/it\\\/\",\"name\":\"Rapido Motosport\",\"description\":\"\",\"potentialAction\":[{\"@type\":\"SearchAction\",\"target\":{\"@type\":\"EntryPoint\",\"urlTemplate\":\"https:\\\/\\\/rapidomotosport.hr\\\/it\\\/?s={search_term_string}\"},\"query-input\":{\"@type\":\"PropertyValueSpecification\",\"valueRequired\":true,\"valueName\":\"search_term_string\"}}],\"inLanguage\":\"it-IT\"}]}<\/script>\n<!-- \/ Yoast SEO plugin. -->","yoast_head_json":{"title":"BMW S 1000 RR MIVV Exhaust MK3 Carbon Slip-On Silencer 2019-2024 - Rapido Motosport","robots":{"index":"index","follow":"follow","max-snippet":"max-snippet:-1","max-image-preview":"max-image-preview:large","max-video-preview":"max-video-preview:-1"},"canonical":"https:\/\/rapidomotosport.hr\/it\/proizvod\/bmw-s-1000-rr-mivv-exhaust-mk3-carbon-slip-on-silencer-2019-2024\/","og_locale":"it_IT","og_type":"article","og_title":"BMW S 1000 RR MIVV Exhaust MK3 Carbon Slip-On Silencer 2019-2024 - Rapido Motosport","og_description":"Izra\u0111en kako bi pobolj\u0161ao estetiku, zvuk i performanse motocikla, Mivv slip-on ispu\u0161ni sustav nastaje iz maksimalne pa\u017enje posve\u0107ene dizajnu, s ciljem zadovoljavanja onih koji se \u017eele istaknuti i putem izgleda svojeg motocikla.  Linija MK3, proiza\u0161la iz iskustva ste\u010denog u svjetskim prvenstvima Moto3 i Moto2, savr\u0161ena je sinteza performansi i tehnologije. S dizajnom sli\u010dnim ispu\u0161nim sustavima razvijenima za Moto3 svjetsko prvenstvo, zavr\u0161ni dio MK3 nudi kompaktne dimenzije i sposobnost osloba\u0111anja privla\u010dnog MIVV zvuka.  Verzija Carbonio odlikuje se sredi\u0161njim tijelom od sjajnog karbona koje, zajedno s za\u0161titnom re\u0161etkom na izlaznom dijelu, proizvodu daje izrazito high-tech izgled.","og_url":"https:\/\/rapidomotosport.hr\/it\/proizvod\/bmw-s-1000-rr-mivv-exhaust-mk3-carbon-slip-on-silencer-2019-2024\/","og_site_name":"Rapido Motosport","article_modified_time":"2026-04-17T21:51:48+00:00","og_image":[{"width":2048,"height":1536,"url":"https:\/\/rapidomotosport.hr\/wp-content\/uploads\/2025\/11\/APRILIA-RSV4-MIVV-Exhaust-MK3-Carbon-Slip-On-Silencer-2017-2020-min-7.png","type":"image\/png"}],"twitter_card":"summary_large_image","twitter_misc":{"Tempo di lettura stimato":"1 minuto"},"schema":{"@context":"https:\/\/schema.org","@graph":[{"@type":"WebPage","@id":"https:\/\/rapidomotosport.hr\/it\/proizvod\/bmw-s-1000-rr-mivv-exhaust-mk3-carbon-slip-on-silencer-2019-2024\/","url":"https:\/\/rapidomotosport.hr\/it\/proizvod\/bmw-s-1000-rr-mivv-exhaust-mk3-carbon-slip-on-silencer-2019-2024\/","name":"BMW S 1000 RR MIVV Exhaust MK3 Carbon Slip-On Silencer 2019-2024 - Rapido Motosport","isPartOf":{"@id":"https:\/\/rapidomotosport.hr\/it\/#website"},"primaryImageOfPage":{"@id":"https:\/\/rapidomotosport.hr\/it\/proizvod\/bmw-s-1000-rr-mivv-exhaust-mk3-carbon-slip-on-silencer-2019-2024\/#primaryimage"},"image":{"@id":"https:\/\/rapidomotosport.hr\/it\/proizvod\/bmw-s-1000-rr-mivv-exhaust-mk3-carbon-slip-on-silencer-2019-2024\/#primaryimage"},"thumbnailUrl":"https:\/\/rapidomotosport.hr\/wp-content\/uploads\/2025\/11\/APRILIA-RSV4-MIVV-Exhaust-MK3-Carbon-Slip-On-Silencer-2017-2020-min-7.png","datePublished":"2025-11-14T16:54:06+00:00","dateModified":"2026-04-17T21:51:48+00:00","breadcrumb":{"@id":"https:\/\/rapidomotosport.hr\/it\/proizvod\/bmw-s-1000-rr-mivv-exhaust-mk3-carbon-slip-on-silencer-2019-2024\/#breadcrumb"},"inLanguage":"it-IT","potentialAction":[{"@type":"ReadAction","target":["https:\/\/rapidomotosport.hr\/it\/proizvod\/bmw-s-1000-rr-mivv-exhaust-mk3-carbon-slip-on-silencer-2019-2024\/"]}]},{"@type":"ImageObject","inLanguage":"it-IT","@id":"https:\/\/rapidomotosport.hr\/it\/proizvod\/bmw-s-1000-rr-mivv-exhaust-mk3-carbon-slip-on-silencer-2019-2024\/#primaryimage","url":"https:\/\/rapidomotosport.hr\/wp-content\/uploads\/2025\/11\/APRILIA-RSV4-MIVV-Exhaust-MK3-Carbon-Slip-On-Silencer-2017-2020-min-7.png","contentUrl":"https:\/\/rapidomotosport.hr\/wp-content\/uploads\/2025\/11\/APRILIA-RSV4-MIVV-Exhaust-MK3-Carbon-Slip-On-Silencer-2017-2020-min-7.png","width":2048,"height":1536},{"@type":"BreadcrumbList","@id":"https:\/\/rapidomotosport.hr\/it\/proizvod\/bmw-s-1000-rr-mivv-exhaust-mk3-carbon-slip-on-silencer-2019-2024\/#breadcrumb","itemListElement":[{"@type":"ListItem","position":1,"name":"Po\u010detna stranica","item":"https:\/\/rapidomotosport.hr\/it\/"},{"@type":"ListItem","position":2,"name":"Negozio","item":"https:\/\/rapidomotosport.hr\/it\/negozio\/"},{"@type":"ListItem","position":3,"name":"BMW S 1000 RR MIVV Exhaust MK3 Carbon Slip-On Silencer 2019-2024"}]},{"@type":"WebSite","@id":"https:\/\/rapidomotosport.hr\/it\/#website","url":"https:\/\/rapidomotosport.hr\/it\/","name":"Rapido Motosport","description":"","potentialAction":[{"@type":"SearchAction","target":{"@type":"EntryPoint","urlTemplate":"https:\/\/rapidomotosport.hr\/it\/?s={search_term_string}"},"query-input":{"@type":"PropertyValueSpecification","valueRequired":true,"valueName":"search_term_string"}}],"inLanguage":"it-IT"}]}},"_links":{"self":[{"href":"https:\/\/rapidomotosport.hr\/it\/wp-json\/wp\/v2\/product\/27480","targetHints":{"allow":["GET"]}}],"collection":[{"href":"https:\/\/rapidomotosport.hr\/it\/wp-json\/wp\/v2\/product"}],"about":[{"href":"https:\/\/rapidomotosport.hr\/it\/wp-json\/wp\/v2\/types\/product"}],"wp:featuredmedia":[{"embeddable":true,"href":"https:\/\/rapidomotosport.hr\/it\/wp-json\/wp\/v2\/media\/27481"}],"wp:attachment":[{"href":"https:\/\/rapidomotosport.hr\/it\/wp-json\/wp\/v2\/media?parent=27480"}],"wp:term":[{"taxonomy":"product_brand","embeddable":true,"href":"https:\/\/rapidomotosport.hr\/it\/wp-json\/wp\/v2\/product_brand?post=27480"},{"taxonomy":"product_cat","embeddable":true,"href":"https:\/\/rapidomotosport.hr\/it\/wp-json\/wp\/v2\/product_cat?post=27480"},{"taxonomy":"product_tag","embeddable":true,"href":"https:\/\/rapidomotosport.hr\/it\/wp-json\/wp\/v2\/product_tag?post=27480"}],"curies":[{"name":"wp","href":"https:\/\/api.w.org\/{rel}","templated":true}]}}