{"id":27503,"date":"2025-11-14T18:30:58","date_gmt":"2025-11-14T17:30:58","guid":{"rendered":"https:\/\/rapidomotosport.hr\/?post_type=product&#038;p=27503"},"modified":"2026-01-04T16:42:24","modified_gmt":"2026-01-04T15:42:24","slug":"bmw-s-1000-xr-mivv-exhaust-delta-race-black-slip-on-silencer-2020-2024","status":"publish","type":"product","link":"https:\/\/rapidomotosport.hr\/it\/proizvod\/bmw-s-1000-xr-mivv-exhaust-delta-race-black-slip-on-silencer-2020-2024\/","title":{"rendered":"BMW S 1000 XR MIVV Exhaust DELTA RACE Black Slip-On Silencer 2020-2024"},"content":{"rendered":"","protected":false},"excerpt":{"rendered":"<p>Izra\u0111en kako bi pobolj\u0161ao estetiku, zvuk i performanse motocikla, Mivv slip-on ispu\u0161ni sustav nastaje iz maksimalne pa\u017enje posve\u0107ene dizajnu, s ciljem zadovoljavanja onih koji se \u017eele istaknuti i putem izgleda svojeg motocikla.<\/p>\n<p>Ispu\u0161ni sustav DELTA RACE karakterizira ekskluzivan oblik koji se postupnom transformacijom iz koni\u010dnog pretvara u \u0161esterokutni. Mnogi detalji \u010dine njegov stil jedinstvenim, poput zavr\u0161nog dijela od 3K twill karbona, obodne trake s dvostrukim zakovicama te ulazne \u010daure izra\u0111ene iz punog materijala za maksimalnu preciznost spoja. Na terminalu se nalazi karakteristi\u010dni Mivv logo izveden laserom.<\/p>\n<p>Odlikuje se sredi\u0161njim tijelom od crnog nehr\u0111aju\u0107eg \u010delika s efektom \u201cBlack Moon\u201d, dobivenim posebnim procesom kerami\u010dkog lakiranja koji proizvodu daje agresivniji izgled.<\/p>\n","protected":false},"featured_media":27504,"template":"","meta":[],"product_brand":[],"product_cat":[17,19],"product_tag":[],"class_list":{"0":"post-27503","1":"product","2":"type-product","3":"status-publish","4":"has-post-thumbnail","6":"product_cat-ispusni-sustavi","7":"product_cat-bmw","9":"first","10":"instock","11":"sale","12":"shipping-taxable","13":"purchasable","14":"product-type-simple"},"yoast_head":"<!-- This site is optimized with the Yoast SEO plugin v27.5 - https:\/\/yoast.com\/product\/yoast-seo-wordpress\/ -->\n<title>BMW S 1000 XR MIVV Exhaust DELTA RACE Black Slip-On Silencer 2020-2024 - Rapido Motosport<\/title>\n<meta name=\"robots\" content=\"index, follow, max-snippet:-1, max-image-preview:large, max-video-preview:-1\" \/>\n<link rel=\"canonical\" href=\"https:\/\/rapidomotosport.hr\/it\/proizvod\/bmw-s-1000-xr-mivv-exhaust-delta-race-black-slip-on-silencer-2020-2024\/\" \/>\n<meta property=\"og:locale\" content=\"it_IT\" \/>\n<meta property=\"og:type\" content=\"article\" \/>\n<meta property=\"og:title\" content=\"BMW S 1000 XR MIVV Exhaust DELTA RACE Black Slip-On Silencer 2020-2024 - Rapido Motosport\" \/>\n<meta property=\"og:description\" content=\"Izra\u0111en kako bi pobolj\u0161ao estetiku, zvuk i performanse motocikla, Mivv slip-on ispu\u0161ni sustav nastaje iz maksimalne pa\u017enje posve\u0107ene dizajnu, s ciljem zadovoljavanja onih koji se \u017eele istaknuti i putem izgleda svojeg motocikla.  Ispu\u0161ni sustav DELTA RACE karakterizira ekskluzivan oblik koji se postupnom transformacijom iz koni\u010dnog pretvara u \u0161esterokutni. Mnogi detalji \u010dine njegov stil jedinstvenim, poput zavr\u0161nog dijela od 3K twill karbona, obodne trake s dvostrukim zakovicama te ulazne \u010daure izra\u0111ene iz punog materijala za maksimalnu preciznost spoja. Na terminalu se nalazi karakteristi\u010dni Mivv logo izveden laserom.  Odlikuje se sredi\u0161njim tijelom od crnog nehr\u0111aju\u0107eg \u010delika s efektom \u201cBlack Moon\u201d, dobivenim posebnim procesom kerami\u010dkog lakiranja koji proizvodu daje agresivniji izgled.\" \/>\n<meta property=\"og:url\" content=\"https:\/\/rapidomotosport.hr\/it\/proizvod\/bmw-s-1000-xr-mivv-exhaust-delta-race-black-slip-on-silencer-2020-2024\/\" \/>\n<meta property=\"og:site_name\" content=\"Rapido Motosport\" \/>\n<meta property=\"article:modified_time\" content=\"2026-01-04T15:42:24+00:00\" \/>\n<meta property=\"og:image\" content=\"https:\/\/rapidomotosport.hr\/wp-content\/uploads\/2025\/11\/APRILIA-RS-125-MIVV-Exhaust-DELTA-RACE-Black-Slip-On-Silencer-2017-2020-min-6.png\" \/>\n\t<meta property=\"og:image:width\" content=\"2048\" \/>\n\t<meta property=\"og:image:height\" content=\"1536\" \/>\n\t<meta property=\"og:image:type\" content=\"image\/png\" \/>\n<meta name=\"twitter:card\" content=\"summary_large_image\" \/>\n<meta name=\"twitter:label1\" content=\"Tempo di lettura stimato\" \/>\n\t<meta name=\"twitter:data1\" content=\"1 minuto\" \/>\n<script type=\"application\/ld+json\" class=\"yoast-schema-graph\">{\"@context\":\"https:\\\/\\\/schema.org\",\"@graph\":[{\"@type\":\"WebPage\",\"@id\":\"https:\\\/\\\/rapidomotosport.hr\\\/it\\\/proizvod\\\/bmw-s-1000-xr-mivv-exhaust-delta-race-black-slip-on-silencer-2020-2024\\\/\",\"url\":\"https:\\\/\\\/rapidomotosport.hr\\\/it\\\/proizvod\\\/bmw-s-1000-xr-mivv-exhaust-delta-race-black-slip-on-silencer-2020-2024\\\/\",\"name\":\"BMW S 1000 XR MIVV Exhaust DELTA RACE Black Slip-On Silencer 2020-2024 - Rapido Motosport\",\"isPartOf\":{\"@id\":\"https:\\\/\\\/rapidomotosport.hr\\\/it\\\/#website\"},\"primaryImageOfPage\":{\"@id\":\"https:\\\/\\\/rapidomotosport.hr\\\/it\\\/proizvod\\\/bmw-s-1000-xr-mivv-exhaust-delta-race-black-slip-on-silencer-2020-2024\\\/#primaryimage\"},\"image\":{\"@id\":\"https:\\\/\\\/rapidomotosport.hr\\\/it\\\/proizvod\\\/bmw-s-1000-xr-mivv-exhaust-delta-race-black-slip-on-silencer-2020-2024\\\/#primaryimage\"},\"thumbnailUrl\":\"https:\\\/\\\/rapidomotosport.hr\\\/wp-content\\\/uploads\\\/2025\\\/11\\\/APRILIA-RS-125-MIVV-Exhaust-DELTA-RACE-Black-Slip-On-Silencer-2017-2020-min-6.png\",\"datePublished\":\"2025-11-14T17:30:58+00:00\",\"dateModified\":\"2026-01-04T15:42:24+00:00\",\"breadcrumb\":{\"@id\":\"https:\\\/\\\/rapidomotosport.hr\\\/it\\\/proizvod\\\/bmw-s-1000-xr-mivv-exhaust-delta-race-black-slip-on-silencer-2020-2024\\\/#breadcrumb\"},\"inLanguage\":\"it-IT\",\"potentialAction\":[{\"@type\":\"ReadAction\",\"target\":[\"https:\\\/\\\/rapidomotosport.hr\\\/it\\\/proizvod\\\/bmw-s-1000-xr-mivv-exhaust-delta-race-black-slip-on-silencer-2020-2024\\\/\"]}]},{\"@type\":\"ImageObject\",\"inLanguage\":\"it-IT\",\"@id\":\"https:\\\/\\\/rapidomotosport.hr\\\/it\\\/proizvod\\\/bmw-s-1000-xr-mivv-exhaust-delta-race-black-slip-on-silencer-2020-2024\\\/#primaryimage\",\"url\":\"https:\\\/\\\/rapidomotosport.hr\\\/wp-content\\\/uploads\\\/2025\\\/11\\\/APRILIA-RS-125-MIVV-Exhaust-DELTA-RACE-Black-Slip-On-Silencer-2017-2020-min-6.png\",\"contentUrl\":\"https:\\\/\\\/rapidomotosport.hr\\\/wp-content\\\/uploads\\\/2025\\\/11\\\/APRILIA-RS-125-MIVV-Exhaust-DELTA-RACE-Black-Slip-On-Silencer-2017-2020-min-6.png\",\"width\":2048,\"height\":1536},{\"@type\":\"BreadcrumbList\",\"@id\":\"https:\\\/\\\/rapidomotosport.hr\\\/it\\\/proizvod\\\/bmw-s-1000-xr-mivv-exhaust-delta-race-black-slip-on-silencer-2020-2024\\\/#breadcrumb\",\"itemListElement\":[{\"@type\":\"ListItem\",\"position\":1,\"name\":\"Po\u010detna stranica\",\"item\":\"https:\\\/\\\/rapidomotosport.hr\\\/it\\\/\"},{\"@type\":\"ListItem\",\"position\":2,\"name\":\"Negozio\",\"item\":\"https:\\\/\\\/rapidomotosport.hr\\\/it\\\/negozio\\\/\"},{\"@type\":\"ListItem\",\"position\":3,\"name\":\"BMW S 1000 XR MIVV Exhaust DELTA RACE Black Slip-On Silencer 2020-2024\"}]},{\"@type\":\"WebSite\",\"@id\":\"https:\\\/\\\/rapidomotosport.hr\\\/it\\\/#website\",\"url\":\"https:\\\/\\\/rapidomotosport.hr\\\/it\\\/\",\"name\":\"Rapido Motosport\",\"description\":\"\",\"potentialAction\":[{\"@type\":\"SearchAction\",\"target\":{\"@type\":\"EntryPoint\",\"urlTemplate\":\"https:\\\/\\\/rapidomotosport.hr\\\/it\\\/?s={search_term_string}\"},\"query-input\":{\"@type\":\"PropertyValueSpecification\",\"valueRequired\":true,\"valueName\":\"search_term_string\"}}],\"inLanguage\":\"it-IT\"}]}<\/script>\n<!-- \/ Yoast SEO plugin. -->","yoast_head_json":{"title":"BMW S 1000 XR MIVV Exhaust DELTA RACE Black Slip-On Silencer 2020-2024 - Rapido Motosport","robots":{"index":"index","follow":"follow","max-snippet":"max-snippet:-1","max-image-preview":"max-image-preview:large","max-video-preview":"max-video-preview:-1"},"canonical":"https:\/\/rapidomotosport.hr\/it\/proizvod\/bmw-s-1000-xr-mivv-exhaust-delta-race-black-slip-on-silencer-2020-2024\/","og_locale":"it_IT","og_type":"article","og_title":"BMW S 1000 XR MIVV Exhaust DELTA RACE Black Slip-On Silencer 2020-2024 - Rapido Motosport","og_description":"Izra\u0111en kako bi pobolj\u0161ao estetiku, zvuk i performanse motocikla, Mivv slip-on ispu\u0161ni sustav nastaje iz maksimalne pa\u017enje posve\u0107ene dizajnu, s ciljem zadovoljavanja onih koji se \u017eele istaknuti i putem izgleda svojeg motocikla.  Ispu\u0161ni sustav DELTA RACE karakterizira ekskluzivan oblik koji se postupnom transformacijom iz koni\u010dnog pretvara u \u0161esterokutni. Mnogi detalji \u010dine njegov stil jedinstvenim, poput zavr\u0161nog dijela od 3K twill karbona, obodne trake s dvostrukim zakovicama te ulazne \u010daure izra\u0111ene iz punog materijala za maksimalnu preciznost spoja. Na terminalu se nalazi karakteristi\u010dni Mivv logo izveden laserom.  Odlikuje se sredi\u0161njim tijelom od crnog nehr\u0111aju\u0107eg \u010delika s efektom \u201cBlack Moon\u201d, dobivenim posebnim procesom kerami\u010dkog lakiranja koji proizvodu daje agresivniji izgled.","og_url":"https:\/\/rapidomotosport.hr\/it\/proizvod\/bmw-s-1000-xr-mivv-exhaust-delta-race-black-slip-on-silencer-2020-2024\/","og_site_name":"Rapido Motosport","article_modified_time":"2026-01-04T15:42:24+00:00","og_image":[{"width":2048,"height":1536,"url":"https:\/\/rapidomotosport.hr\/wp-content\/uploads\/2025\/11\/APRILIA-RS-125-MIVV-Exhaust-DELTA-RACE-Black-Slip-On-Silencer-2017-2020-min-6.png","type":"image\/png"}],"twitter_card":"summary_large_image","twitter_misc":{"Tempo di lettura stimato":"1 minuto"},"schema":{"@context":"https:\/\/schema.org","@graph":[{"@type":"WebPage","@id":"https:\/\/rapidomotosport.hr\/it\/proizvod\/bmw-s-1000-xr-mivv-exhaust-delta-race-black-slip-on-silencer-2020-2024\/","url":"https:\/\/rapidomotosport.hr\/it\/proizvod\/bmw-s-1000-xr-mivv-exhaust-delta-race-black-slip-on-silencer-2020-2024\/","name":"BMW S 1000 XR MIVV Exhaust DELTA RACE Black Slip-On Silencer 2020-2024 - Rapido Motosport","isPartOf":{"@id":"https:\/\/rapidomotosport.hr\/it\/#website"},"primaryImageOfPage":{"@id":"https:\/\/rapidomotosport.hr\/it\/proizvod\/bmw-s-1000-xr-mivv-exhaust-delta-race-black-slip-on-silencer-2020-2024\/#primaryimage"},"image":{"@id":"https:\/\/rapidomotosport.hr\/it\/proizvod\/bmw-s-1000-xr-mivv-exhaust-delta-race-black-slip-on-silencer-2020-2024\/#primaryimage"},"thumbnailUrl":"https:\/\/rapidomotosport.hr\/wp-content\/uploads\/2025\/11\/APRILIA-RS-125-MIVV-Exhaust-DELTA-RACE-Black-Slip-On-Silencer-2017-2020-min-6.png","datePublished":"2025-11-14T17:30:58+00:00","dateModified":"2026-01-04T15:42:24+00:00","breadcrumb":{"@id":"https:\/\/rapidomotosport.hr\/it\/proizvod\/bmw-s-1000-xr-mivv-exhaust-delta-race-black-slip-on-silencer-2020-2024\/#breadcrumb"},"inLanguage":"it-IT","potentialAction":[{"@type":"ReadAction","target":["https:\/\/rapidomotosport.hr\/it\/proizvod\/bmw-s-1000-xr-mivv-exhaust-delta-race-black-slip-on-silencer-2020-2024\/"]}]},{"@type":"ImageObject","inLanguage":"it-IT","@id":"https:\/\/rapidomotosport.hr\/it\/proizvod\/bmw-s-1000-xr-mivv-exhaust-delta-race-black-slip-on-silencer-2020-2024\/#primaryimage","url":"https:\/\/rapidomotosport.hr\/wp-content\/uploads\/2025\/11\/APRILIA-RS-125-MIVV-Exhaust-DELTA-RACE-Black-Slip-On-Silencer-2017-2020-min-6.png","contentUrl":"https:\/\/rapidomotosport.hr\/wp-content\/uploads\/2025\/11\/APRILIA-RS-125-MIVV-Exhaust-DELTA-RACE-Black-Slip-On-Silencer-2017-2020-min-6.png","width":2048,"height":1536},{"@type":"BreadcrumbList","@id":"https:\/\/rapidomotosport.hr\/it\/proizvod\/bmw-s-1000-xr-mivv-exhaust-delta-race-black-slip-on-silencer-2020-2024\/#breadcrumb","itemListElement":[{"@type":"ListItem","position":1,"name":"Po\u010detna stranica","item":"https:\/\/rapidomotosport.hr\/it\/"},{"@type":"ListItem","position":2,"name":"Negozio","item":"https:\/\/rapidomotosport.hr\/it\/negozio\/"},{"@type":"ListItem","position":3,"name":"BMW S 1000 XR MIVV Exhaust DELTA RACE Black Slip-On Silencer 2020-2024"}]},{"@type":"WebSite","@id":"https:\/\/rapidomotosport.hr\/it\/#website","url":"https:\/\/rapidomotosport.hr\/it\/","name":"Rapido Motosport","description":"","potentialAction":[{"@type":"SearchAction","target":{"@type":"EntryPoint","urlTemplate":"https:\/\/rapidomotosport.hr\/it\/?s={search_term_string}"},"query-input":{"@type":"PropertyValueSpecification","valueRequired":true,"valueName":"search_term_string"}}],"inLanguage":"it-IT"}]}},"_links":{"self":[{"href":"https:\/\/rapidomotosport.hr\/it\/wp-json\/wp\/v2\/product\/27503","targetHints":{"allow":["GET"]}}],"collection":[{"href":"https:\/\/rapidomotosport.hr\/it\/wp-json\/wp\/v2\/product"}],"about":[{"href":"https:\/\/rapidomotosport.hr\/it\/wp-json\/wp\/v2\/types\/product"}],"wp:featuredmedia":[{"embeddable":true,"href":"https:\/\/rapidomotosport.hr\/it\/wp-json\/wp\/v2\/media\/27504"}],"wp:attachment":[{"href":"https:\/\/rapidomotosport.hr\/it\/wp-json\/wp\/v2\/media?parent=27503"}],"wp:term":[{"taxonomy":"product_brand","embeddable":true,"href":"https:\/\/rapidomotosport.hr\/it\/wp-json\/wp\/v2\/product_brand?post=27503"},{"taxonomy":"product_cat","embeddable":true,"href":"https:\/\/rapidomotosport.hr\/it\/wp-json\/wp\/v2\/product_cat?post=27503"},{"taxonomy":"product_tag","embeddable":true,"href":"https:\/\/rapidomotosport.hr\/it\/wp-json\/wp\/v2\/product_tag?post=27503"}],"curies":[{"name":"wp","href":"https:\/\/api.w.org\/{rel}","templated":true}]}}