{"id":3204,"date":"2025-01-10T17:07:38","date_gmt":"2025-01-10T16:07:38","guid":{"rendered":"https:\/\/rapidomotosport.hr\/?post_type=product&#038;p=3204"},"modified":"2026-04-03T14:36:14","modified_gmt":"2026-04-03T12:36:14","slug":"aprilia-rsv4-akrapovic-slip-on-line-carbon-2","status":"publish","type":"product","link":"https:\/\/rapidomotosport.hr\/it\/proizvod\/aprilia-rsv4-akrapovic-slip-on-line-carbon-2\/","title":{"rendered":"APRILIA RSV4 Akrapovi\u010d Slip-On Line (Carbon) 2015-2016"},"content":{"rendered":"","protected":false},"excerpt":{"rendered":"<p class=\"p1\"><span class=\"s1\">Slip-On ispu\u0161ni sustavi predstavljaju prvi korak u procesu pode\u0161avanja ispu\u0161nog sustava, pru\u017eaju\u0107i izvrstan omjer cijene i performansi. Sportski i lagani Slip-On Line ispu\u0161ni sustavi savr\u0161eno odgovaraju ovom vrhunskom Aprilia motociklu. Instalacija je jednostavna. Vizualna promjena dolazi sa elegantno oblikovanim prigu\u0161iva\u010dem od karbonskih vlakana i zavr\u0161nim poklopcem. Osim dizajnerskog efekta i pobolj\u0161ane isporuke snage, Slip-On sustavi dodatno pobolj\u0161avaju zvuk Aprilia motocikla. U\u010dinite da se va\u0161 motocikl istakne s vi\u0161e snage, prekrasnim dizajnom i jedinstvenim Akrapovi\u010d zvukom Slip-On sustava.<\/span><\/p>\n<p class=\"p1\">NAPOMENA: NIJE HOMOLOGIRANO<\/p>\n","protected":false},"featured_media":3205,"template":"","meta":[],"product_brand":[],"product_cat":[17,18],"product_tag":[],"class_list":{"0":"post-3204","1":"product","2":"type-product","3":"status-publish","4":"has-post-thumbnail","6":"product_cat-ispusni-sustavi","7":"product_cat-aprilia","9":"first","10":"instock","11":"sale","12":"shipping-taxable","13":"purchasable","14":"product-type-simple"},"yoast_head":"<!-- This site is optimized with the Yoast SEO plugin v27.5 - https:\/\/yoast.com\/product\/yoast-seo-wordpress\/ -->\n<title>APRILIA RSV4 Akrapovi\u010d Slip-On Line (Carbon) 2015-2016 - Rapido Motosport<\/title>\n<meta name=\"robots\" content=\"index, follow, max-snippet:-1, max-image-preview:large, max-video-preview:-1\" \/>\n<link rel=\"canonical\" href=\"https:\/\/rapidomotosport.hr\/it\/proizvod\/aprilia-rsv4-akrapovic-slip-on-line-carbon-2\/\" \/>\n<meta property=\"og:locale\" content=\"it_IT\" \/>\n<meta property=\"og:type\" content=\"article\" \/>\n<meta property=\"og:title\" content=\"APRILIA RSV4 Akrapovi\u010d Slip-On Line (Carbon) 2015-2016 - Rapido Motosport\" \/>\n<meta property=\"og:description\" content=\"Slip-On ispu\u0161ni sustavi predstavljaju prvi korak u procesu pode\u0161avanja ispu\u0161nog sustava, pru\u017eaju\u0107i izvrstan omjer cijene i performansi. Sportski i lagani Slip-On Line ispu\u0161ni sustavi savr\u0161eno odgovaraju ovom vrhunskom Aprilia motociklu. Instalacija je jednostavna. Vizualna promjena dolazi sa elegantno oblikovanim prigu\u0161iva\u010dem od karbonskih vlakana i zavr\u0161nim poklopcem. Osim dizajnerskog efekta i pobolj\u0161ane isporuke snage, Slip-On sustavi dodatno pobolj\u0161avaju zvuk Aprilia motocikla. U\u010dinite da se va\u0161 motocikl istakne s vi\u0161e snage, prekrasnim dizajnom i jedinstvenim Akrapovi\u010d zvukom Slip-On sustava. NAPOMENA: NIJE HOMOLOGIRANO\" \/>\n<meta property=\"og:url\" content=\"https:\/\/rapidomotosport.hr\/it\/proizvod\/aprilia-rsv4-akrapovic-slip-on-line-carbon-2\/\" \/>\n<meta property=\"og:site_name\" content=\"Rapido Motosport\" \/>\n<meta property=\"article:modified_time\" content=\"2026-04-03T12:36:14+00:00\" \/>\n<meta property=\"og:image\" content=\"https:\/\/rapidomotosport.hr\/wp-content\/uploads\/2025\/01\/78a9174d373d4498bac11e3be11731e9-min.png\" \/>\n\t<meta property=\"og:image:width\" content=\"1600\" \/>\n\t<meta property=\"og:image:height\" content=\"1200\" \/>\n\t<meta property=\"og:image:type\" content=\"image\/png\" \/>\n<meta name=\"twitter:card\" content=\"summary_large_image\" \/>\n<meta name=\"twitter:label1\" content=\"Tempo di lettura stimato\" \/>\n\t<meta name=\"twitter:data1\" content=\"1 minuto\" \/>\n<script type=\"application\/ld+json\" class=\"yoast-schema-graph\">{\"@context\":\"https:\\\/\\\/schema.org\",\"@graph\":[{\"@type\":\"WebPage\",\"@id\":\"https:\\\/\\\/rapidomotosport.hr\\\/it\\\/proizvod\\\/aprilia-rsv4-akrapovic-slip-on-line-carbon-2\\\/\",\"url\":\"https:\\\/\\\/rapidomotosport.hr\\\/it\\\/proizvod\\\/aprilia-rsv4-akrapovic-slip-on-line-carbon-2\\\/\",\"name\":\"APRILIA RSV4 Akrapovi\u010d Slip-On Line (Carbon) 2015-2016 - Rapido Motosport\",\"isPartOf\":{\"@id\":\"https:\\\/\\\/rapidomotosport.hr\\\/it\\\/#website\"},\"primaryImageOfPage\":{\"@id\":\"https:\\\/\\\/rapidomotosport.hr\\\/it\\\/proizvod\\\/aprilia-rsv4-akrapovic-slip-on-line-carbon-2\\\/#primaryimage\"},\"image\":{\"@id\":\"https:\\\/\\\/rapidomotosport.hr\\\/it\\\/proizvod\\\/aprilia-rsv4-akrapovic-slip-on-line-carbon-2\\\/#primaryimage\"},\"thumbnailUrl\":\"https:\\\/\\\/rapidomotosport.hr\\\/wp-content\\\/uploads\\\/2025\\\/01\\\/78a9174d373d4498bac11e3be11731e9-min.png\",\"datePublished\":\"2025-01-10T16:07:38+00:00\",\"dateModified\":\"2026-04-03T12:36:14+00:00\",\"breadcrumb\":{\"@id\":\"https:\\\/\\\/rapidomotosport.hr\\\/it\\\/proizvod\\\/aprilia-rsv4-akrapovic-slip-on-line-carbon-2\\\/#breadcrumb\"},\"inLanguage\":\"it-IT\",\"potentialAction\":[{\"@type\":\"ReadAction\",\"target\":[\"https:\\\/\\\/rapidomotosport.hr\\\/it\\\/proizvod\\\/aprilia-rsv4-akrapovic-slip-on-line-carbon-2\\\/\"]}]},{\"@type\":\"ImageObject\",\"inLanguage\":\"it-IT\",\"@id\":\"https:\\\/\\\/rapidomotosport.hr\\\/it\\\/proizvod\\\/aprilia-rsv4-akrapovic-slip-on-line-carbon-2\\\/#primaryimage\",\"url\":\"https:\\\/\\\/rapidomotosport.hr\\\/wp-content\\\/uploads\\\/2025\\\/01\\\/78a9174d373d4498bac11e3be11731e9-min.png\",\"contentUrl\":\"https:\\\/\\\/rapidomotosport.hr\\\/wp-content\\\/uploads\\\/2025\\\/01\\\/78a9174d373d4498bac11e3be11731e9-min.png\",\"width\":1600,\"height\":1200},{\"@type\":\"BreadcrumbList\",\"@id\":\"https:\\\/\\\/rapidomotosport.hr\\\/it\\\/proizvod\\\/aprilia-rsv4-akrapovic-slip-on-line-carbon-2\\\/#breadcrumb\",\"itemListElement\":[{\"@type\":\"ListItem\",\"position\":1,\"name\":\"Po\u010detna stranica\",\"item\":\"https:\\\/\\\/rapidomotosport.hr\\\/it\\\/\"},{\"@type\":\"ListItem\",\"position\":2,\"name\":\"Negozio\",\"item\":\"https:\\\/\\\/rapidomotosport.hr\\\/it\\\/negozio\\\/\"},{\"@type\":\"ListItem\",\"position\":3,\"name\":\"APRILIA RSV4 Akrapovi\u010d Slip-On Line (Carbon) 2015-2016\"}]},{\"@type\":\"WebSite\",\"@id\":\"https:\\\/\\\/rapidomotosport.hr\\\/it\\\/#website\",\"url\":\"https:\\\/\\\/rapidomotosport.hr\\\/it\\\/\",\"name\":\"Rapido Motosport\",\"description\":\"\",\"potentialAction\":[{\"@type\":\"SearchAction\",\"target\":{\"@type\":\"EntryPoint\",\"urlTemplate\":\"https:\\\/\\\/rapidomotosport.hr\\\/it\\\/?s={search_term_string}\"},\"query-input\":{\"@type\":\"PropertyValueSpecification\",\"valueRequired\":true,\"valueName\":\"search_term_string\"}}],\"inLanguage\":\"it-IT\"}]}<\/script>\n<!-- \/ Yoast SEO plugin. -->","yoast_head_json":{"title":"APRILIA RSV4 Akrapovi\u010d Slip-On Line (Carbon) 2015-2016 - Rapido Motosport","robots":{"index":"index","follow":"follow","max-snippet":"max-snippet:-1","max-image-preview":"max-image-preview:large","max-video-preview":"max-video-preview:-1"},"canonical":"https:\/\/rapidomotosport.hr\/it\/proizvod\/aprilia-rsv4-akrapovic-slip-on-line-carbon-2\/","og_locale":"it_IT","og_type":"article","og_title":"APRILIA RSV4 Akrapovi\u010d Slip-On Line (Carbon) 2015-2016 - Rapido Motosport","og_description":"Slip-On ispu\u0161ni sustavi predstavljaju prvi korak u procesu pode\u0161avanja ispu\u0161nog sustava, pru\u017eaju\u0107i izvrstan omjer cijene i performansi. Sportski i lagani Slip-On Line ispu\u0161ni sustavi savr\u0161eno odgovaraju ovom vrhunskom Aprilia motociklu. Instalacija je jednostavna. Vizualna promjena dolazi sa elegantno oblikovanim prigu\u0161iva\u010dem od karbonskih vlakana i zavr\u0161nim poklopcem. Osim dizajnerskog efekta i pobolj\u0161ane isporuke snage, Slip-On sustavi dodatno pobolj\u0161avaju zvuk Aprilia motocikla. U\u010dinite da se va\u0161 motocikl istakne s vi\u0161e snage, prekrasnim dizajnom i jedinstvenim Akrapovi\u010d zvukom Slip-On sustava. NAPOMENA: NIJE HOMOLOGIRANO","og_url":"https:\/\/rapidomotosport.hr\/it\/proizvod\/aprilia-rsv4-akrapovic-slip-on-line-carbon-2\/","og_site_name":"Rapido Motosport","article_modified_time":"2026-04-03T12:36:14+00:00","og_image":[{"width":1600,"height":1200,"url":"https:\/\/rapidomotosport.hr\/wp-content\/uploads\/2025\/01\/78a9174d373d4498bac11e3be11731e9-min.png","type":"image\/png"}],"twitter_card":"summary_large_image","twitter_misc":{"Tempo di lettura stimato":"1 minuto"},"schema":{"@context":"https:\/\/schema.org","@graph":[{"@type":"WebPage","@id":"https:\/\/rapidomotosport.hr\/it\/proizvod\/aprilia-rsv4-akrapovic-slip-on-line-carbon-2\/","url":"https:\/\/rapidomotosport.hr\/it\/proizvod\/aprilia-rsv4-akrapovic-slip-on-line-carbon-2\/","name":"APRILIA RSV4 Akrapovi\u010d Slip-On Line (Carbon) 2015-2016 - Rapido Motosport","isPartOf":{"@id":"https:\/\/rapidomotosport.hr\/it\/#website"},"primaryImageOfPage":{"@id":"https:\/\/rapidomotosport.hr\/it\/proizvod\/aprilia-rsv4-akrapovic-slip-on-line-carbon-2\/#primaryimage"},"image":{"@id":"https:\/\/rapidomotosport.hr\/it\/proizvod\/aprilia-rsv4-akrapovic-slip-on-line-carbon-2\/#primaryimage"},"thumbnailUrl":"https:\/\/rapidomotosport.hr\/wp-content\/uploads\/2025\/01\/78a9174d373d4498bac11e3be11731e9-min.png","datePublished":"2025-01-10T16:07:38+00:00","dateModified":"2026-04-03T12:36:14+00:00","breadcrumb":{"@id":"https:\/\/rapidomotosport.hr\/it\/proizvod\/aprilia-rsv4-akrapovic-slip-on-line-carbon-2\/#breadcrumb"},"inLanguage":"it-IT","potentialAction":[{"@type":"ReadAction","target":["https:\/\/rapidomotosport.hr\/it\/proizvod\/aprilia-rsv4-akrapovic-slip-on-line-carbon-2\/"]}]},{"@type":"ImageObject","inLanguage":"it-IT","@id":"https:\/\/rapidomotosport.hr\/it\/proizvod\/aprilia-rsv4-akrapovic-slip-on-line-carbon-2\/#primaryimage","url":"https:\/\/rapidomotosport.hr\/wp-content\/uploads\/2025\/01\/78a9174d373d4498bac11e3be11731e9-min.png","contentUrl":"https:\/\/rapidomotosport.hr\/wp-content\/uploads\/2025\/01\/78a9174d373d4498bac11e3be11731e9-min.png","width":1600,"height":1200},{"@type":"BreadcrumbList","@id":"https:\/\/rapidomotosport.hr\/it\/proizvod\/aprilia-rsv4-akrapovic-slip-on-line-carbon-2\/#breadcrumb","itemListElement":[{"@type":"ListItem","position":1,"name":"Po\u010detna stranica","item":"https:\/\/rapidomotosport.hr\/it\/"},{"@type":"ListItem","position":2,"name":"Negozio","item":"https:\/\/rapidomotosport.hr\/it\/negozio\/"},{"@type":"ListItem","position":3,"name":"APRILIA RSV4 Akrapovi\u010d Slip-On Line (Carbon) 2015-2016"}]},{"@type":"WebSite","@id":"https:\/\/rapidomotosport.hr\/it\/#website","url":"https:\/\/rapidomotosport.hr\/it\/","name":"Rapido Motosport","description":"","potentialAction":[{"@type":"SearchAction","target":{"@type":"EntryPoint","urlTemplate":"https:\/\/rapidomotosport.hr\/it\/?s={search_term_string}"},"query-input":{"@type":"PropertyValueSpecification","valueRequired":true,"valueName":"search_term_string"}}],"inLanguage":"it-IT"}]}},"_links":{"self":[{"href":"https:\/\/rapidomotosport.hr\/it\/wp-json\/wp\/v2\/product\/3204","targetHints":{"allow":["GET"]}}],"collection":[{"href":"https:\/\/rapidomotosport.hr\/it\/wp-json\/wp\/v2\/product"}],"about":[{"href":"https:\/\/rapidomotosport.hr\/it\/wp-json\/wp\/v2\/types\/product"}],"wp:featuredmedia":[{"embeddable":true,"href":"https:\/\/rapidomotosport.hr\/it\/wp-json\/wp\/v2\/media\/3205"}],"wp:attachment":[{"href":"https:\/\/rapidomotosport.hr\/it\/wp-json\/wp\/v2\/media?parent=3204"}],"wp:term":[{"taxonomy":"product_brand","embeddable":true,"href":"https:\/\/rapidomotosport.hr\/it\/wp-json\/wp\/v2\/product_brand?post=3204"},{"taxonomy":"product_cat","embeddable":true,"href":"https:\/\/rapidomotosport.hr\/it\/wp-json\/wp\/v2\/product_cat?post=3204"},{"taxonomy":"product_tag","embeddable":true,"href":"https:\/\/rapidomotosport.hr\/it\/wp-json\/wp\/v2\/product_tag?post=3204"}],"curies":[{"name":"wp","href":"https:\/\/api.w.org\/{rel}","templated":true}]}}