{"id":3292,"date":"2025-01-10T18:09:09","date_gmt":"2025-01-10T17:09:09","guid":{"rendered":"https:\/\/rapidomotosport.hr\/?post_type=product&#038;p=3292"},"modified":"2026-04-06T21:23:04","modified_gmt":"2026-04-06T19:23:04","slug":"aprilia-rsv4-akrapovic-evolution-line-carbon-3","status":"publish","type":"product","link":"https:\/\/rapidomotosport.hr\/it\/proizvod\/aprilia-rsv4-akrapovic-evolution-line-carbon-3\/","title":{"rendered":"APRILIA RSV4 Akrapovi\u010d Evolution Line (Carbon) 2021-2024"},"content":{"rendered":"","protected":false},"excerpt":{"rendered":"<p class=\"p1\"><span class=\"s1\">Kombinacija trka\u0107im iskustvom dokazanih laganih materijala, izvanredne proizvodne kvalitete, savr\u0161enog dizajna, nevjerojatnog zvuka i vrhunskih performansi \u010dini ovaj ispu\u0161ni sustav nezaobilaznim izborom za zahtjevne voza\u010de koji tra\u017ee najbolje. Izra\u0111en je s vanjskom oblogom i zavr\u0161nim poklopcem prigu\u0161iva\u010da od karbonskih vlakana, potpuno titaniumskom spojnom cijevi i unutarnjom strukturom prigu\u0161iva\u010da, u kombinaciji s visokokvalitetnim titanijskim legurama za granje i kolektore, \u0161to rezultira kompletnim sustavom koji je 44% lak\u0161i od originalnog.<\/span><\/p>\n<p class=\"p1\"><span class=\"s1\">Razvijen za kori\u0161tenje na natjecateljskim stazama zatvorenog tipa, ovaj trka\u0107i sustav zahtijeva obavezno remapiranje i uklanjanje oslonca za suvoza\u010da. Pru\u017ea pove\u0107anje snage i okretnog momenta od 4,0 kW (5,4 KS) na 13.000 okr\/min i 3,8 Nm na 7.700 okr\/min, mjereno usporedno s Aprilia RSV4 s originalnim ispu\u0161nim sustavom na vlastitoj dyno stanici. Ovaj sustav razvijen za utrke pru\u017ea prepoznatljiv dubok, sportski zvuk, savr\u0161eno nagla\u0161avaju\u0107i Akrapovi\u010d karakter.<\/span><\/p>\n<p class=\"p1\"><span class=\"s2\">NAPOMENA: NIJE HOMOLOGIRANO<\/span><\/p>\n","protected":false},"featured_media":3293,"template":"","meta":[],"product_brand":[],"product_cat":[17,18],"product_tag":[],"class_list":{"0":"post-3292","1":"product","2":"type-product","3":"status-publish","4":"has-post-thumbnail","6":"product_cat-ispusni-sustavi","7":"product_cat-aprilia","9":"first","10":"instock","11":"sale","12":"shipping-taxable","13":"purchasable","14":"product-type-simple"},"yoast_head":"<!-- This site is optimized with the Yoast SEO plugin v27.5 - https:\/\/yoast.com\/product\/yoast-seo-wordpress\/ -->\n<title>APRILIA RSV4 Akrapovi\u010d Evolution Line (Carbon) 2021-2024 - Rapido Motosport<\/title>\n<meta name=\"robots\" content=\"index, follow, max-snippet:-1, max-image-preview:large, max-video-preview:-1\" \/>\n<link rel=\"canonical\" href=\"https:\/\/rapidomotosport.hr\/it\/proizvod\/aprilia-rsv4-akrapovic-evolution-line-carbon-3\/\" \/>\n<meta property=\"og:locale\" content=\"it_IT\" \/>\n<meta property=\"og:type\" content=\"article\" \/>\n<meta property=\"og:title\" content=\"APRILIA RSV4 Akrapovi\u010d Evolution Line (Carbon) 2021-2024 - Rapido Motosport\" \/>\n<meta property=\"og:description\" content=\"Kombinacija trka\u0107im iskustvom dokazanih laganih materijala, izvanredne proizvodne kvalitete, savr\u0161enog dizajna, nevjerojatnog zvuka i vrhunskih performansi \u010dini ovaj ispu\u0161ni sustav nezaobilaznim izborom za zahtjevne voza\u010de koji tra\u017ee najbolje. Izra\u0111en je s vanjskom oblogom i zavr\u0161nim poklopcem prigu\u0161iva\u010da od karbonskih vlakana, potpuno titaniumskom spojnom cijevi i unutarnjom strukturom prigu\u0161iva\u010da, u kombinaciji s visokokvalitetnim titanijskim legurama za granje i kolektore, \u0161to rezultira kompletnim sustavom koji je 44% lak\u0161i od originalnog. Razvijen za kori\u0161tenje na natjecateljskim stazama zatvorenog tipa, ovaj trka\u0107i sustav zahtijeva obavezno remapiranje i uklanjanje oslonca za suvoza\u010da. Pru\u017ea pove\u0107anje snage i okretnog momenta od 4,0 kW (5,4 KS) na 13.000 okr\/min i 3,8 Nm na 7.700 okr\/min, mjereno usporedno s Aprilia RSV4 s originalnim ispu\u0161nim sustavom na vlastitoj dyno stanici. Ovaj sustav razvijen za utrke pru\u017ea prepoznatljiv dubok, sportski zvuk, savr\u0161eno nagla\u0161avaju\u0107i Akrapovi\u010d karakter. NAPOMENA: NIJE HOMOLOGIRANO\" \/>\n<meta property=\"og:url\" content=\"https:\/\/rapidomotosport.hr\/it\/proizvod\/aprilia-rsv4-akrapovic-evolution-line-carbon-3\/\" \/>\n<meta property=\"og:site_name\" content=\"Rapido Motosport\" \/>\n<meta property=\"article:modified_time\" content=\"2026-04-06T19:23:04+00:00\" \/>\n<meta property=\"og:image\" content=\"https:\/\/rapidomotosport.hr\/wp-content\/uploads\/2025\/01\/6ea5c6fe-abc6-4a9b-b77b-da72c2ed8e1d-min.png\" \/>\n\t<meta property=\"og:image:width\" content=\"2362\" \/>\n\t<meta property=\"og:image:height\" content=\"1772\" \/>\n\t<meta property=\"og:image:type\" content=\"image\/png\" \/>\n<meta name=\"twitter:card\" content=\"summary_large_image\" \/>\n<meta name=\"twitter:label1\" content=\"Tempo di lettura stimato\" \/>\n\t<meta name=\"twitter:data1\" content=\"1 minuto\" \/>\n<script type=\"application\/ld+json\" class=\"yoast-schema-graph\">{\"@context\":\"https:\\\/\\\/schema.org\",\"@graph\":[{\"@type\":\"WebPage\",\"@id\":\"https:\\\/\\\/rapidomotosport.hr\\\/it\\\/proizvod\\\/aprilia-rsv4-akrapovic-evolution-line-carbon-3\\\/\",\"url\":\"https:\\\/\\\/rapidomotosport.hr\\\/it\\\/proizvod\\\/aprilia-rsv4-akrapovic-evolution-line-carbon-3\\\/\",\"name\":\"APRILIA RSV4 Akrapovi\u010d Evolution Line (Carbon) 2021-2024 - Rapido Motosport\",\"isPartOf\":{\"@id\":\"https:\\\/\\\/rapidomotosport.hr\\\/it\\\/#website\"},\"primaryImageOfPage\":{\"@id\":\"https:\\\/\\\/rapidomotosport.hr\\\/it\\\/proizvod\\\/aprilia-rsv4-akrapovic-evolution-line-carbon-3\\\/#primaryimage\"},\"image\":{\"@id\":\"https:\\\/\\\/rapidomotosport.hr\\\/it\\\/proizvod\\\/aprilia-rsv4-akrapovic-evolution-line-carbon-3\\\/#primaryimage\"},\"thumbnailUrl\":\"https:\\\/\\\/rapidomotosport.hr\\\/wp-content\\\/uploads\\\/2025\\\/01\\\/6ea5c6fe-abc6-4a9b-b77b-da72c2ed8e1d-min.png\",\"datePublished\":\"2025-01-10T17:09:09+00:00\",\"dateModified\":\"2026-04-06T19:23:04+00:00\",\"breadcrumb\":{\"@id\":\"https:\\\/\\\/rapidomotosport.hr\\\/it\\\/proizvod\\\/aprilia-rsv4-akrapovic-evolution-line-carbon-3\\\/#breadcrumb\"},\"inLanguage\":\"it-IT\",\"potentialAction\":[{\"@type\":\"ReadAction\",\"target\":[\"https:\\\/\\\/rapidomotosport.hr\\\/it\\\/proizvod\\\/aprilia-rsv4-akrapovic-evolution-line-carbon-3\\\/\"]}]},{\"@type\":\"ImageObject\",\"inLanguage\":\"it-IT\",\"@id\":\"https:\\\/\\\/rapidomotosport.hr\\\/it\\\/proizvod\\\/aprilia-rsv4-akrapovic-evolution-line-carbon-3\\\/#primaryimage\",\"url\":\"https:\\\/\\\/rapidomotosport.hr\\\/wp-content\\\/uploads\\\/2025\\\/01\\\/6ea5c6fe-abc6-4a9b-b77b-da72c2ed8e1d-min.png\",\"contentUrl\":\"https:\\\/\\\/rapidomotosport.hr\\\/wp-content\\\/uploads\\\/2025\\\/01\\\/6ea5c6fe-abc6-4a9b-b77b-da72c2ed8e1d-min.png\",\"width\":2362,\"height\":1772},{\"@type\":\"BreadcrumbList\",\"@id\":\"https:\\\/\\\/rapidomotosport.hr\\\/it\\\/proizvod\\\/aprilia-rsv4-akrapovic-evolution-line-carbon-3\\\/#breadcrumb\",\"itemListElement\":[{\"@type\":\"ListItem\",\"position\":1,\"name\":\"Po\u010detna stranica\",\"item\":\"https:\\\/\\\/rapidomotosport.hr\\\/it\\\/\"},{\"@type\":\"ListItem\",\"position\":2,\"name\":\"Negozio\",\"item\":\"https:\\\/\\\/rapidomotosport.hr\\\/it\\\/negozio\\\/\"},{\"@type\":\"ListItem\",\"position\":3,\"name\":\"APRILIA RSV4 Akrapovi\u010d Evolution Line (Carbon) 2021-2024\"}]},{\"@type\":\"WebSite\",\"@id\":\"https:\\\/\\\/rapidomotosport.hr\\\/it\\\/#website\",\"url\":\"https:\\\/\\\/rapidomotosport.hr\\\/it\\\/\",\"name\":\"Rapido Motosport\",\"description\":\"\",\"potentialAction\":[{\"@type\":\"SearchAction\",\"target\":{\"@type\":\"EntryPoint\",\"urlTemplate\":\"https:\\\/\\\/rapidomotosport.hr\\\/it\\\/?s={search_term_string}\"},\"query-input\":{\"@type\":\"PropertyValueSpecification\",\"valueRequired\":true,\"valueName\":\"search_term_string\"}}],\"inLanguage\":\"it-IT\"}]}<\/script>\n<!-- \/ Yoast SEO plugin. -->","yoast_head_json":{"title":"APRILIA RSV4 Akrapovi\u010d Evolution Line (Carbon) 2021-2024 - Rapido Motosport","robots":{"index":"index","follow":"follow","max-snippet":"max-snippet:-1","max-image-preview":"max-image-preview:large","max-video-preview":"max-video-preview:-1"},"canonical":"https:\/\/rapidomotosport.hr\/it\/proizvod\/aprilia-rsv4-akrapovic-evolution-line-carbon-3\/","og_locale":"it_IT","og_type":"article","og_title":"APRILIA RSV4 Akrapovi\u010d Evolution Line (Carbon) 2021-2024 - Rapido Motosport","og_description":"Kombinacija trka\u0107im iskustvom dokazanih laganih materijala, izvanredne proizvodne kvalitete, savr\u0161enog dizajna, nevjerojatnog zvuka i vrhunskih performansi \u010dini ovaj ispu\u0161ni sustav nezaobilaznim izborom za zahtjevne voza\u010de koji tra\u017ee najbolje. Izra\u0111en je s vanjskom oblogom i zavr\u0161nim poklopcem prigu\u0161iva\u010da od karbonskih vlakana, potpuno titaniumskom spojnom cijevi i unutarnjom strukturom prigu\u0161iva\u010da, u kombinaciji s visokokvalitetnim titanijskim legurama za granje i kolektore, \u0161to rezultira kompletnim sustavom koji je 44% lak\u0161i od originalnog. Razvijen za kori\u0161tenje na natjecateljskim stazama zatvorenog tipa, ovaj trka\u0107i sustav zahtijeva obavezno remapiranje i uklanjanje oslonca za suvoza\u010da. Pru\u017ea pove\u0107anje snage i okretnog momenta od 4,0 kW (5,4 KS) na 13.000 okr\/min i 3,8 Nm na 7.700 okr\/min, mjereno usporedno s Aprilia RSV4 s originalnim ispu\u0161nim sustavom na vlastitoj dyno stanici. Ovaj sustav razvijen za utrke pru\u017ea prepoznatljiv dubok, sportski zvuk, savr\u0161eno nagla\u0161avaju\u0107i Akrapovi\u010d karakter. NAPOMENA: NIJE HOMOLOGIRANO","og_url":"https:\/\/rapidomotosport.hr\/it\/proizvod\/aprilia-rsv4-akrapovic-evolution-line-carbon-3\/","og_site_name":"Rapido Motosport","article_modified_time":"2026-04-06T19:23:04+00:00","og_image":[{"width":2362,"height":1772,"url":"https:\/\/rapidomotosport.hr\/wp-content\/uploads\/2025\/01\/6ea5c6fe-abc6-4a9b-b77b-da72c2ed8e1d-min.png","type":"image\/png"}],"twitter_card":"summary_large_image","twitter_misc":{"Tempo di lettura stimato":"1 minuto"},"schema":{"@context":"https:\/\/schema.org","@graph":[{"@type":"WebPage","@id":"https:\/\/rapidomotosport.hr\/it\/proizvod\/aprilia-rsv4-akrapovic-evolution-line-carbon-3\/","url":"https:\/\/rapidomotosport.hr\/it\/proizvod\/aprilia-rsv4-akrapovic-evolution-line-carbon-3\/","name":"APRILIA RSV4 Akrapovi\u010d Evolution Line (Carbon) 2021-2024 - Rapido Motosport","isPartOf":{"@id":"https:\/\/rapidomotosport.hr\/it\/#website"},"primaryImageOfPage":{"@id":"https:\/\/rapidomotosport.hr\/it\/proizvod\/aprilia-rsv4-akrapovic-evolution-line-carbon-3\/#primaryimage"},"image":{"@id":"https:\/\/rapidomotosport.hr\/it\/proizvod\/aprilia-rsv4-akrapovic-evolution-line-carbon-3\/#primaryimage"},"thumbnailUrl":"https:\/\/rapidomotosport.hr\/wp-content\/uploads\/2025\/01\/6ea5c6fe-abc6-4a9b-b77b-da72c2ed8e1d-min.png","datePublished":"2025-01-10T17:09:09+00:00","dateModified":"2026-04-06T19:23:04+00:00","breadcrumb":{"@id":"https:\/\/rapidomotosport.hr\/it\/proizvod\/aprilia-rsv4-akrapovic-evolution-line-carbon-3\/#breadcrumb"},"inLanguage":"it-IT","potentialAction":[{"@type":"ReadAction","target":["https:\/\/rapidomotosport.hr\/it\/proizvod\/aprilia-rsv4-akrapovic-evolution-line-carbon-3\/"]}]},{"@type":"ImageObject","inLanguage":"it-IT","@id":"https:\/\/rapidomotosport.hr\/it\/proizvod\/aprilia-rsv4-akrapovic-evolution-line-carbon-3\/#primaryimage","url":"https:\/\/rapidomotosport.hr\/wp-content\/uploads\/2025\/01\/6ea5c6fe-abc6-4a9b-b77b-da72c2ed8e1d-min.png","contentUrl":"https:\/\/rapidomotosport.hr\/wp-content\/uploads\/2025\/01\/6ea5c6fe-abc6-4a9b-b77b-da72c2ed8e1d-min.png","width":2362,"height":1772},{"@type":"BreadcrumbList","@id":"https:\/\/rapidomotosport.hr\/it\/proizvod\/aprilia-rsv4-akrapovic-evolution-line-carbon-3\/#breadcrumb","itemListElement":[{"@type":"ListItem","position":1,"name":"Po\u010detna stranica","item":"https:\/\/rapidomotosport.hr\/it\/"},{"@type":"ListItem","position":2,"name":"Negozio","item":"https:\/\/rapidomotosport.hr\/it\/negozio\/"},{"@type":"ListItem","position":3,"name":"APRILIA RSV4 Akrapovi\u010d Evolution Line (Carbon) 2021-2024"}]},{"@type":"WebSite","@id":"https:\/\/rapidomotosport.hr\/it\/#website","url":"https:\/\/rapidomotosport.hr\/it\/","name":"Rapido Motosport","description":"","potentialAction":[{"@type":"SearchAction","target":{"@type":"EntryPoint","urlTemplate":"https:\/\/rapidomotosport.hr\/it\/?s={search_term_string}"},"query-input":{"@type":"PropertyValueSpecification","valueRequired":true,"valueName":"search_term_string"}}],"inLanguage":"it-IT"}]}},"_links":{"self":[{"href":"https:\/\/rapidomotosport.hr\/it\/wp-json\/wp\/v2\/product\/3292","targetHints":{"allow":["GET"]}}],"collection":[{"href":"https:\/\/rapidomotosport.hr\/it\/wp-json\/wp\/v2\/product"}],"about":[{"href":"https:\/\/rapidomotosport.hr\/it\/wp-json\/wp\/v2\/types\/product"}],"wp:featuredmedia":[{"embeddable":true,"href":"https:\/\/rapidomotosport.hr\/it\/wp-json\/wp\/v2\/media\/3293"}],"wp:attachment":[{"href":"https:\/\/rapidomotosport.hr\/it\/wp-json\/wp\/v2\/media?parent=3292"}],"wp:term":[{"taxonomy":"product_brand","embeddable":true,"href":"https:\/\/rapidomotosport.hr\/it\/wp-json\/wp\/v2\/product_brand?post=3292"},{"taxonomy":"product_cat","embeddable":true,"href":"https:\/\/rapidomotosport.hr\/it\/wp-json\/wp\/v2\/product_cat?post=3292"},{"taxonomy":"product_tag","embeddable":true,"href":"https:\/\/rapidomotosport.hr\/it\/wp-json\/wp\/v2\/product_tag?post=3292"}],"curies":[{"name":"wp","href":"https:\/\/api.w.org\/{rel}","templated":true}]}}