{"id":3338,"date":"2025-01-10T18:46:28","date_gmt":"2025-01-10T17:46:28","guid":{"rendered":"https:\/\/rapidomotosport.hr\/?post_type=product&#038;p=3338"},"modified":"2026-01-15T10:18:05","modified_gmt":"2026-01-15T09:18:05","slug":"aprilia-srv-850-akrapovic-slip-on-line-ss-2012-2016","status":"publish","type":"product","link":"https:\/\/rapidomotosport.hr\/it\/proizvod\/aprilia-srv-850-akrapovic-slip-on-line-ss-2012-2016\/","title":{"rendered":"APRILIA SRV 850 Akrapovi\u010d Slip-On Line (SS) 2012-2016"},"content":{"rendered":"","protected":false},"excerpt":{"rendered":"<p class=\"p1\"><span class=\"s1\">Slip-On ispu\u0161ni sustav predstavlja prvi korak u pode\u0161avanju ispu\u0161nog sustava. Jednostavan je za instalaciju i zamjenjuje standardni prigu\u0161iva\u010d. Tako\u0111er nudi najbolju kombinaciju cijene i performansi.<\/span><\/p>\n<p class=\"p1\"><span class=\"s1\">S Akrapovi\u010d Slip-On sustavom dobivate vi\u0161e snage, vi\u0161e okretnog momenta i manju te\u017einu. Slip-On sustav va\u0161em skuteru daje prepoznatljiv duboki rezonantni Akrapovi\u010d zvuk i dramati\u010dno mijenja njegov vizualni izgled. Svaki proizvod ima zavr\u0161ne poklopce izra\u0111ene od najfinijih karbonskih vlakana, karakteristi\u010dne za Akrapovi\u010d.<\/span><\/p>\n","protected":false},"featured_media":3339,"template":"","meta":[],"product_brand":[],"product_cat":[17,18],"product_tag":[],"class_list":{"0":"post-3338","1":"product","2":"type-product","3":"status-publish","4":"has-post-thumbnail","6":"product_cat-ispusni-sustavi","7":"product_cat-aprilia","9":"first","10":"instock","11":"sale","12":"shipping-taxable","13":"purchasable","14":"product-type-simple"},"yoast_head":"<!-- This site is optimized with the Yoast SEO plugin v27.5 - https:\/\/yoast.com\/product\/yoast-seo-wordpress\/ -->\n<title>APRILIA SRV 850 Akrapovi\u010d Slip-On Line (SS) 2012-2016 - Rapido Motosport<\/title>\n<meta name=\"robots\" content=\"index, follow, max-snippet:-1, max-image-preview:large, max-video-preview:-1\" \/>\n<link rel=\"canonical\" href=\"https:\/\/rapidomotosport.hr\/it\/proizvod\/aprilia-srv-850-akrapovic-slip-on-line-ss-2012-2016\/\" \/>\n<meta property=\"og:locale\" content=\"it_IT\" \/>\n<meta property=\"og:type\" content=\"article\" \/>\n<meta property=\"og:title\" content=\"APRILIA SRV 850 Akrapovi\u010d Slip-On Line (SS) 2012-2016 - Rapido Motosport\" \/>\n<meta property=\"og:description\" content=\"Slip-On ispu\u0161ni sustav predstavlja prvi korak u pode\u0161avanju ispu\u0161nog sustava. Jednostavan je za instalaciju i zamjenjuje standardni prigu\u0161iva\u010d. Tako\u0111er nudi najbolju kombinaciju cijene i performansi. S Akrapovi\u010d Slip-On sustavom dobivate vi\u0161e snage, vi\u0161e okretnog momenta i manju te\u017einu. Slip-On sustav va\u0161em skuteru daje prepoznatljiv duboki rezonantni Akrapovi\u010d zvuk i dramati\u010dno mijenja njegov vizualni izgled. Svaki proizvod ima zavr\u0161ne poklopce izra\u0111ene od najfinijih karbonskih vlakana, karakteristi\u010dne za Akrapovi\u010d.\" \/>\n<meta property=\"og:url\" content=\"https:\/\/rapidomotosport.hr\/it\/proizvod\/aprilia-srv-850-akrapovic-slip-on-line-ss-2012-2016\/\" \/>\n<meta property=\"og:site_name\" content=\"Rapido Motosport\" \/>\n<meta property=\"article:modified_time\" content=\"2026-01-15T09:18:05+00:00\" \/>\n<meta property=\"og:image\" content=\"https:\/\/rapidomotosport.hr\/wp-content\/uploads\/2025\/01\/410d895ca31c4cb7955d7ca93caf02a6-min.png\" \/>\n\t<meta property=\"og:image:width\" content=\"1600\" \/>\n\t<meta property=\"og:image:height\" content=\"1200\" \/>\n\t<meta property=\"og:image:type\" content=\"image\/png\" \/>\n<meta name=\"twitter:card\" content=\"summary_large_image\" \/>\n<meta name=\"twitter:label1\" content=\"Tempo di lettura stimato\" \/>\n\t<meta name=\"twitter:data1\" content=\"1 minuto\" \/>\n<script type=\"application\/ld+json\" class=\"yoast-schema-graph\">{\"@context\":\"https:\\\/\\\/schema.org\",\"@graph\":[{\"@type\":\"WebPage\",\"@id\":\"https:\\\/\\\/rapidomotosport.hr\\\/it\\\/proizvod\\\/aprilia-srv-850-akrapovic-slip-on-line-ss-2012-2016\\\/\",\"url\":\"https:\\\/\\\/rapidomotosport.hr\\\/it\\\/proizvod\\\/aprilia-srv-850-akrapovic-slip-on-line-ss-2012-2016\\\/\",\"name\":\"APRILIA SRV 850 Akrapovi\u010d Slip-On Line (SS) 2012-2016 - Rapido Motosport\",\"isPartOf\":{\"@id\":\"https:\\\/\\\/rapidomotosport.hr\\\/it\\\/#website\"},\"primaryImageOfPage\":{\"@id\":\"https:\\\/\\\/rapidomotosport.hr\\\/it\\\/proizvod\\\/aprilia-srv-850-akrapovic-slip-on-line-ss-2012-2016\\\/#primaryimage\"},\"image\":{\"@id\":\"https:\\\/\\\/rapidomotosport.hr\\\/it\\\/proizvod\\\/aprilia-srv-850-akrapovic-slip-on-line-ss-2012-2016\\\/#primaryimage\"},\"thumbnailUrl\":\"https:\\\/\\\/rapidomotosport.hr\\\/wp-content\\\/uploads\\\/2025\\\/01\\\/410d895ca31c4cb7955d7ca93caf02a6-min.png\",\"datePublished\":\"2025-01-10T17:46:28+00:00\",\"dateModified\":\"2026-01-15T09:18:05+00:00\",\"breadcrumb\":{\"@id\":\"https:\\\/\\\/rapidomotosport.hr\\\/it\\\/proizvod\\\/aprilia-srv-850-akrapovic-slip-on-line-ss-2012-2016\\\/#breadcrumb\"},\"inLanguage\":\"it-IT\",\"potentialAction\":[{\"@type\":\"ReadAction\",\"target\":[\"https:\\\/\\\/rapidomotosport.hr\\\/it\\\/proizvod\\\/aprilia-srv-850-akrapovic-slip-on-line-ss-2012-2016\\\/\"]}]},{\"@type\":\"ImageObject\",\"inLanguage\":\"it-IT\",\"@id\":\"https:\\\/\\\/rapidomotosport.hr\\\/it\\\/proizvod\\\/aprilia-srv-850-akrapovic-slip-on-line-ss-2012-2016\\\/#primaryimage\",\"url\":\"https:\\\/\\\/rapidomotosport.hr\\\/wp-content\\\/uploads\\\/2025\\\/01\\\/410d895ca31c4cb7955d7ca93caf02a6-min.png\",\"contentUrl\":\"https:\\\/\\\/rapidomotosport.hr\\\/wp-content\\\/uploads\\\/2025\\\/01\\\/410d895ca31c4cb7955d7ca93caf02a6-min.png\",\"width\":1600,\"height\":1200},{\"@type\":\"BreadcrumbList\",\"@id\":\"https:\\\/\\\/rapidomotosport.hr\\\/it\\\/proizvod\\\/aprilia-srv-850-akrapovic-slip-on-line-ss-2012-2016\\\/#breadcrumb\",\"itemListElement\":[{\"@type\":\"ListItem\",\"position\":1,\"name\":\"Po\u010detna stranica\",\"item\":\"https:\\\/\\\/rapidomotosport.hr\\\/it\\\/\"},{\"@type\":\"ListItem\",\"position\":2,\"name\":\"Negozio\",\"item\":\"https:\\\/\\\/rapidomotosport.hr\\\/it\\\/negozio\\\/\"},{\"@type\":\"ListItem\",\"position\":3,\"name\":\"APRILIA SRV 850 Akrapovi\u010d Slip-On Line (SS) 2012-2016\"}]},{\"@type\":\"WebSite\",\"@id\":\"https:\\\/\\\/rapidomotosport.hr\\\/it\\\/#website\",\"url\":\"https:\\\/\\\/rapidomotosport.hr\\\/it\\\/\",\"name\":\"Rapido Motosport\",\"description\":\"\",\"potentialAction\":[{\"@type\":\"SearchAction\",\"target\":{\"@type\":\"EntryPoint\",\"urlTemplate\":\"https:\\\/\\\/rapidomotosport.hr\\\/it\\\/?s={search_term_string}\"},\"query-input\":{\"@type\":\"PropertyValueSpecification\",\"valueRequired\":true,\"valueName\":\"search_term_string\"}}],\"inLanguage\":\"it-IT\"}]}<\/script>\n<!-- \/ Yoast SEO plugin. -->","yoast_head_json":{"title":"APRILIA SRV 850 Akrapovi\u010d Slip-On Line (SS) 2012-2016 - Rapido Motosport","robots":{"index":"index","follow":"follow","max-snippet":"max-snippet:-1","max-image-preview":"max-image-preview:large","max-video-preview":"max-video-preview:-1"},"canonical":"https:\/\/rapidomotosport.hr\/it\/proizvod\/aprilia-srv-850-akrapovic-slip-on-line-ss-2012-2016\/","og_locale":"it_IT","og_type":"article","og_title":"APRILIA SRV 850 Akrapovi\u010d Slip-On Line (SS) 2012-2016 - Rapido Motosport","og_description":"Slip-On ispu\u0161ni sustav predstavlja prvi korak u pode\u0161avanju ispu\u0161nog sustava. Jednostavan je za instalaciju i zamjenjuje standardni prigu\u0161iva\u010d. Tako\u0111er nudi najbolju kombinaciju cijene i performansi. S Akrapovi\u010d Slip-On sustavom dobivate vi\u0161e snage, vi\u0161e okretnog momenta i manju te\u017einu. Slip-On sustav va\u0161em skuteru daje prepoznatljiv duboki rezonantni Akrapovi\u010d zvuk i dramati\u010dno mijenja njegov vizualni izgled. Svaki proizvod ima zavr\u0161ne poklopce izra\u0111ene od najfinijih karbonskih vlakana, karakteristi\u010dne za Akrapovi\u010d.","og_url":"https:\/\/rapidomotosport.hr\/it\/proizvod\/aprilia-srv-850-akrapovic-slip-on-line-ss-2012-2016\/","og_site_name":"Rapido Motosport","article_modified_time":"2026-01-15T09:18:05+00:00","og_image":[{"width":1600,"height":1200,"url":"https:\/\/rapidomotosport.hr\/wp-content\/uploads\/2025\/01\/410d895ca31c4cb7955d7ca93caf02a6-min.png","type":"image\/png"}],"twitter_card":"summary_large_image","twitter_misc":{"Tempo di lettura stimato":"1 minuto"},"schema":{"@context":"https:\/\/schema.org","@graph":[{"@type":"WebPage","@id":"https:\/\/rapidomotosport.hr\/it\/proizvod\/aprilia-srv-850-akrapovic-slip-on-line-ss-2012-2016\/","url":"https:\/\/rapidomotosport.hr\/it\/proizvod\/aprilia-srv-850-akrapovic-slip-on-line-ss-2012-2016\/","name":"APRILIA SRV 850 Akrapovi\u010d Slip-On Line (SS) 2012-2016 - Rapido Motosport","isPartOf":{"@id":"https:\/\/rapidomotosport.hr\/it\/#website"},"primaryImageOfPage":{"@id":"https:\/\/rapidomotosport.hr\/it\/proizvod\/aprilia-srv-850-akrapovic-slip-on-line-ss-2012-2016\/#primaryimage"},"image":{"@id":"https:\/\/rapidomotosport.hr\/it\/proizvod\/aprilia-srv-850-akrapovic-slip-on-line-ss-2012-2016\/#primaryimage"},"thumbnailUrl":"https:\/\/rapidomotosport.hr\/wp-content\/uploads\/2025\/01\/410d895ca31c4cb7955d7ca93caf02a6-min.png","datePublished":"2025-01-10T17:46:28+00:00","dateModified":"2026-01-15T09:18:05+00:00","breadcrumb":{"@id":"https:\/\/rapidomotosport.hr\/it\/proizvod\/aprilia-srv-850-akrapovic-slip-on-line-ss-2012-2016\/#breadcrumb"},"inLanguage":"it-IT","potentialAction":[{"@type":"ReadAction","target":["https:\/\/rapidomotosport.hr\/it\/proizvod\/aprilia-srv-850-akrapovic-slip-on-line-ss-2012-2016\/"]}]},{"@type":"ImageObject","inLanguage":"it-IT","@id":"https:\/\/rapidomotosport.hr\/it\/proizvod\/aprilia-srv-850-akrapovic-slip-on-line-ss-2012-2016\/#primaryimage","url":"https:\/\/rapidomotosport.hr\/wp-content\/uploads\/2025\/01\/410d895ca31c4cb7955d7ca93caf02a6-min.png","contentUrl":"https:\/\/rapidomotosport.hr\/wp-content\/uploads\/2025\/01\/410d895ca31c4cb7955d7ca93caf02a6-min.png","width":1600,"height":1200},{"@type":"BreadcrumbList","@id":"https:\/\/rapidomotosport.hr\/it\/proizvod\/aprilia-srv-850-akrapovic-slip-on-line-ss-2012-2016\/#breadcrumb","itemListElement":[{"@type":"ListItem","position":1,"name":"Po\u010detna stranica","item":"https:\/\/rapidomotosport.hr\/it\/"},{"@type":"ListItem","position":2,"name":"Negozio","item":"https:\/\/rapidomotosport.hr\/it\/negozio\/"},{"@type":"ListItem","position":3,"name":"APRILIA SRV 850 Akrapovi\u010d Slip-On Line (SS) 2012-2016"}]},{"@type":"WebSite","@id":"https:\/\/rapidomotosport.hr\/it\/#website","url":"https:\/\/rapidomotosport.hr\/it\/","name":"Rapido Motosport","description":"","potentialAction":[{"@type":"SearchAction","target":{"@type":"EntryPoint","urlTemplate":"https:\/\/rapidomotosport.hr\/it\/?s={search_term_string}"},"query-input":{"@type":"PropertyValueSpecification","valueRequired":true,"valueName":"search_term_string"}}],"inLanguage":"it-IT"}]}},"_links":{"self":[{"href":"https:\/\/rapidomotosport.hr\/it\/wp-json\/wp\/v2\/product\/3338","targetHints":{"allow":["GET"]}}],"collection":[{"href":"https:\/\/rapidomotosport.hr\/it\/wp-json\/wp\/v2\/product"}],"about":[{"href":"https:\/\/rapidomotosport.hr\/it\/wp-json\/wp\/v2\/types\/product"}],"wp:featuredmedia":[{"embeddable":true,"href":"https:\/\/rapidomotosport.hr\/it\/wp-json\/wp\/v2\/media\/3339"}],"wp:attachment":[{"href":"https:\/\/rapidomotosport.hr\/it\/wp-json\/wp\/v2\/media?parent=3338"}],"wp:term":[{"taxonomy":"product_brand","embeddable":true,"href":"https:\/\/rapidomotosport.hr\/it\/wp-json\/wp\/v2\/product_brand?post=3338"},{"taxonomy":"product_cat","embeddable":true,"href":"https:\/\/rapidomotosport.hr\/it\/wp-json\/wp\/v2\/product_cat?post=3338"},{"taxonomy":"product_tag","embeddable":true,"href":"https:\/\/rapidomotosport.hr\/it\/wp-json\/wp\/v2\/product_tag?post=3338"}],"curies":[{"name":"wp","href":"https:\/\/api.w.org\/{rel}","templated":true}]}}