{"id":3502,"date":"2025-01-11T10:27:18","date_gmt":"2025-01-11T09:27:18","guid":{"rendered":"https:\/\/rapidomotosport.hr\/?post_type=product&#038;p=3502"},"modified":"2026-01-15T23:07:49","modified_gmt":"2026-01-15T22:07:49","slug":"bmw-f-650-gs-akrapovic-slip-on-line-titanium-2008-2012","status":"publish","type":"product","link":"https:\/\/rapidomotosport.hr\/it\/proizvod\/bmw-f-650-gs-akrapovic-slip-on-line-titanium-2008-2012\/","title":{"rendered":"BMW F 650 GS Akrapovi\u010d Slip-On Line (Titanium) 2008-2012"},"content":{"rendered":"","protected":false},"excerpt":{"rendered":"<p class=\"p1\"><span class=\"s1\">Slip-Ons predstavljaju prvi korak u procesu pode\u0161avanja ispu\u0161nog sustava i nude odli\u010dan balans izme\u0111u cijene i performansi. Promijenite karakter svog motocikla dodavanjem vi\u0161e snage, pobolj\u0161anih performansi i jedinstvenog Akrapovi\u010d zvuka. Sve to zapakirano u stilski dizajnirane Slip-On ispu\u0161ne sustave. Rezultat ozbiljnog pristupa dizajnu je vrhunski izra\u0111en ispu\u0161ni sustav. Vanjska obloga prigu\u0161iva\u010da izra\u0111ena je od titana, dok je zavr\u0161na kapa izra\u0111ena od karbonskih vlakana. Materijali provjereni u utrkama. Ispu\u0161ni sustav kompatibilan je s BMW bo\u010dnim koferima.<\/span><\/p>\n","protected":false},"featured_media":3503,"template":"","meta":[],"product_brand":[],"product_cat":[17,19],"product_tag":[],"class_list":{"0":"post-3502","1":"product","2":"type-product","3":"status-publish","4":"has-post-thumbnail","6":"product_cat-ispusni-sustavi","7":"product_cat-bmw","9":"first","10":"instock","11":"sale","12":"shipping-taxable","13":"purchasable","14":"product-type-simple"},"yoast_head":"<!-- This site is optimized with the Yoast SEO plugin v27.3 - https:\/\/yoast.com\/product\/yoast-seo-wordpress\/ -->\n<title>BMW F 650 GS Akrapovi\u010d Slip-On Line (Titanium) 2008-2012 - Rapido Motosport<\/title>\n<meta name=\"robots\" content=\"index, follow, max-snippet:-1, max-image-preview:large, max-video-preview:-1\" \/>\n<link rel=\"canonical\" href=\"https:\/\/rapidomotosport.hr\/it\/proizvod\/bmw-f-650-gs-akrapovic-slip-on-line-titanium-2008-2012\/\" \/>\n<meta property=\"og:locale\" content=\"it_IT\" \/>\n<meta property=\"og:type\" content=\"article\" \/>\n<meta property=\"og:title\" content=\"BMW F 650 GS Akrapovi\u010d Slip-On Line (Titanium) 2008-2012 - Rapido Motosport\" \/>\n<meta property=\"og:description\" content=\"Slip-Ons predstavljaju prvi korak u procesu pode\u0161avanja ispu\u0161nog sustava i nude odli\u010dan balans izme\u0111u cijene i performansi. Promijenite karakter svog motocikla dodavanjem vi\u0161e snage, pobolj\u0161anih performansi i jedinstvenog Akrapovi\u010d zvuka. Sve to zapakirano u stilski dizajnirane Slip-On ispu\u0161ne sustave. Rezultat ozbiljnog pristupa dizajnu je vrhunski izra\u0111en ispu\u0161ni sustav. Vanjska obloga prigu\u0161iva\u010da izra\u0111ena je od titana, dok je zavr\u0161na kapa izra\u0111ena od karbonskih vlakana. Materijali provjereni u utrkama. Ispu\u0161ni sustav kompatibilan je s BMW bo\u010dnim koferima.\" \/>\n<meta property=\"og:url\" content=\"https:\/\/rapidomotosport.hr\/it\/proizvod\/bmw-f-650-gs-akrapovic-slip-on-line-titanium-2008-2012\/\" \/>\n<meta property=\"og:site_name\" content=\"Rapido Motosport\" \/>\n<meta property=\"article:modified_time\" content=\"2026-01-15T22:07:49+00:00\" \/>\n<meta property=\"og:image\" content=\"https:\/\/rapidomotosport.hr\/wp-content\/uploads\/2025\/01\/d649ff5b88ad464a8dad4e8eb2e01307-min.png\" \/>\n\t<meta property=\"og:image:width\" content=\"2362\" \/>\n\t<meta property=\"og:image:height\" content=\"1772\" \/>\n\t<meta property=\"og:image:type\" content=\"image\/png\" \/>\n<meta name=\"twitter:card\" content=\"summary_large_image\" \/>\n<meta name=\"twitter:label1\" content=\"Tempo di lettura stimato\" \/>\n\t<meta name=\"twitter:data1\" content=\"1 minuto\" \/>\n<script type=\"application\/ld+json\" class=\"yoast-schema-graph\">{\"@context\":\"https:\\\/\\\/schema.org\",\"@graph\":[{\"@type\":\"WebPage\",\"@id\":\"https:\\\/\\\/rapidomotosport.hr\\\/it\\\/proizvod\\\/bmw-f-650-gs-akrapovic-slip-on-line-titanium-2008-2012\\\/\",\"url\":\"https:\\\/\\\/rapidomotosport.hr\\\/it\\\/proizvod\\\/bmw-f-650-gs-akrapovic-slip-on-line-titanium-2008-2012\\\/\",\"name\":\"BMW F 650 GS Akrapovi\u010d Slip-On Line (Titanium) 2008-2012 - Rapido Motosport\",\"isPartOf\":{\"@id\":\"https:\\\/\\\/rapidomotosport.hr\\\/it\\\/#website\"},\"primaryImageOfPage\":{\"@id\":\"https:\\\/\\\/rapidomotosport.hr\\\/it\\\/proizvod\\\/bmw-f-650-gs-akrapovic-slip-on-line-titanium-2008-2012\\\/#primaryimage\"},\"image\":{\"@id\":\"https:\\\/\\\/rapidomotosport.hr\\\/it\\\/proizvod\\\/bmw-f-650-gs-akrapovic-slip-on-line-titanium-2008-2012\\\/#primaryimage\"},\"thumbnailUrl\":\"https:\\\/\\\/rapidomotosport.hr\\\/wp-content\\\/uploads\\\/2025\\\/01\\\/d649ff5b88ad464a8dad4e8eb2e01307-min.png\",\"datePublished\":\"2025-01-11T09:27:18+00:00\",\"dateModified\":\"2026-01-15T22:07:49+00:00\",\"breadcrumb\":{\"@id\":\"https:\\\/\\\/rapidomotosport.hr\\\/it\\\/proizvod\\\/bmw-f-650-gs-akrapovic-slip-on-line-titanium-2008-2012\\\/#breadcrumb\"},\"inLanguage\":\"it-IT\",\"potentialAction\":[{\"@type\":\"ReadAction\",\"target\":[\"https:\\\/\\\/rapidomotosport.hr\\\/it\\\/proizvod\\\/bmw-f-650-gs-akrapovic-slip-on-line-titanium-2008-2012\\\/\"]}]},{\"@type\":\"ImageObject\",\"inLanguage\":\"it-IT\",\"@id\":\"https:\\\/\\\/rapidomotosport.hr\\\/it\\\/proizvod\\\/bmw-f-650-gs-akrapovic-slip-on-line-titanium-2008-2012\\\/#primaryimage\",\"url\":\"https:\\\/\\\/rapidomotosport.hr\\\/wp-content\\\/uploads\\\/2025\\\/01\\\/d649ff5b88ad464a8dad4e8eb2e01307-min.png\",\"contentUrl\":\"https:\\\/\\\/rapidomotosport.hr\\\/wp-content\\\/uploads\\\/2025\\\/01\\\/d649ff5b88ad464a8dad4e8eb2e01307-min.png\",\"width\":2362,\"height\":1772},{\"@type\":\"BreadcrumbList\",\"@id\":\"https:\\\/\\\/rapidomotosport.hr\\\/it\\\/proizvod\\\/bmw-f-650-gs-akrapovic-slip-on-line-titanium-2008-2012\\\/#breadcrumb\",\"itemListElement\":[{\"@type\":\"ListItem\",\"position\":1,\"name\":\"Po\u010detna stranica\",\"item\":\"https:\\\/\\\/rapidomotosport.hr\\\/it\\\/\"},{\"@type\":\"ListItem\",\"position\":2,\"name\":\"Negozio\",\"item\":\"https:\\\/\\\/rapidomotosport.hr\\\/it\\\/negozio\\\/\"},{\"@type\":\"ListItem\",\"position\":3,\"name\":\"BMW F 650 GS Akrapovi\u010d Slip-On Line (Titanium) 2008-2012\"}]},{\"@type\":\"WebSite\",\"@id\":\"https:\\\/\\\/rapidomotosport.hr\\\/it\\\/#website\",\"url\":\"https:\\\/\\\/rapidomotosport.hr\\\/it\\\/\",\"name\":\"Rapido Motosport\",\"description\":\"\",\"potentialAction\":[{\"@type\":\"SearchAction\",\"target\":{\"@type\":\"EntryPoint\",\"urlTemplate\":\"https:\\\/\\\/rapidomotosport.hr\\\/it\\\/?s={search_term_string}\"},\"query-input\":{\"@type\":\"PropertyValueSpecification\",\"valueRequired\":true,\"valueName\":\"search_term_string\"}}],\"inLanguage\":\"it-IT\"}]}<\/script>\n<!-- \/ Yoast SEO plugin. -->","yoast_head_json":{"title":"BMW F 650 GS Akrapovi\u010d Slip-On Line (Titanium) 2008-2012 - Rapido Motosport","robots":{"index":"index","follow":"follow","max-snippet":"max-snippet:-1","max-image-preview":"max-image-preview:large","max-video-preview":"max-video-preview:-1"},"canonical":"https:\/\/rapidomotosport.hr\/it\/proizvod\/bmw-f-650-gs-akrapovic-slip-on-line-titanium-2008-2012\/","og_locale":"it_IT","og_type":"article","og_title":"BMW F 650 GS Akrapovi\u010d Slip-On Line (Titanium) 2008-2012 - Rapido Motosport","og_description":"Slip-Ons predstavljaju prvi korak u procesu pode\u0161avanja ispu\u0161nog sustava i nude odli\u010dan balans izme\u0111u cijene i performansi. Promijenite karakter svog motocikla dodavanjem vi\u0161e snage, pobolj\u0161anih performansi i jedinstvenog Akrapovi\u010d zvuka. Sve to zapakirano u stilski dizajnirane Slip-On ispu\u0161ne sustave. Rezultat ozbiljnog pristupa dizajnu je vrhunski izra\u0111en ispu\u0161ni sustav. Vanjska obloga prigu\u0161iva\u010da izra\u0111ena je od titana, dok je zavr\u0161na kapa izra\u0111ena od karbonskih vlakana. Materijali provjereni u utrkama. Ispu\u0161ni sustav kompatibilan je s BMW bo\u010dnim koferima.","og_url":"https:\/\/rapidomotosport.hr\/it\/proizvod\/bmw-f-650-gs-akrapovic-slip-on-line-titanium-2008-2012\/","og_site_name":"Rapido Motosport","article_modified_time":"2026-01-15T22:07:49+00:00","og_image":[{"width":2362,"height":1772,"url":"https:\/\/rapidomotosport.hr\/wp-content\/uploads\/2025\/01\/d649ff5b88ad464a8dad4e8eb2e01307-min.png","type":"image\/png"}],"twitter_card":"summary_large_image","twitter_misc":{"Tempo di lettura stimato":"1 minuto"},"schema":{"@context":"https:\/\/schema.org","@graph":[{"@type":"WebPage","@id":"https:\/\/rapidomotosport.hr\/it\/proizvod\/bmw-f-650-gs-akrapovic-slip-on-line-titanium-2008-2012\/","url":"https:\/\/rapidomotosport.hr\/it\/proizvod\/bmw-f-650-gs-akrapovic-slip-on-line-titanium-2008-2012\/","name":"BMW F 650 GS Akrapovi\u010d Slip-On Line (Titanium) 2008-2012 - Rapido Motosport","isPartOf":{"@id":"https:\/\/rapidomotosport.hr\/it\/#website"},"primaryImageOfPage":{"@id":"https:\/\/rapidomotosport.hr\/it\/proizvod\/bmw-f-650-gs-akrapovic-slip-on-line-titanium-2008-2012\/#primaryimage"},"image":{"@id":"https:\/\/rapidomotosport.hr\/it\/proizvod\/bmw-f-650-gs-akrapovic-slip-on-line-titanium-2008-2012\/#primaryimage"},"thumbnailUrl":"https:\/\/rapidomotosport.hr\/wp-content\/uploads\/2025\/01\/d649ff5b88ad464a8dad4e8eb2e01307-min.png","datePublished":"2025-01-11T09:27:18+00:00","dateModified":"2026-01-15T22:07:49+00:00","breadcrumb":{"@id":"https:\/\/rapidomotosport.hr\/it\/proizvod\/bmw-f-650-gs-akrapovic-slip-on-line-titanium-2008-2012\/#breadcrumb"},"inLanguage":"it-IT","potentialAction":[{"@type":"ReadAction","target":["https:\/\/rapidomotosport.hr\/it\/proizvod\/bmw-f-650-gs-akrapovic-slip-on-line-titanium-2008-2012\/"]}]},{"@type":"ImageObject","inLanguage":"it-IT","@id":"https:\/\/rapidomotosport.hr\/it\/proizvod\/bmw-f-650-gs-akrapovic-slip-on-line-titanium-2008-2012\/#primaryimage","url":"https:\/\/rapidomotosport.hr\/wp-content\/uploads\/2025\/01\/d649ff5b88ad464a8dad4e8eb2e01307-min.png","contentUrl":"https:\/\/rapidomotosport.hr\/wp-content\/uploads\/2025\/01\/d649ff5b88ad464a8dad4e8eb2e01307-min.png","width":2362,"height":1772},{"@type":"BreadcrumbList","@id":"https:\/\/rapidomotosport.hr\/it\/proizvod\/bmw-f-650-gs-akrapovic-slip-on-line-titanium-2008-2012\/#breadcrumb","itemListElement":[{"@type":"ListItem","position":1,"name":"Po\u010detna stranica","item":"https:\/\/rapidomotosport.hr\/it\/"},{"@type":"ListItem","position":2,"name":"Negozio","item":"https:\/\/rapidomotosport.hr\/it\/negozio\/"},{"@type":"ListItem","position":3,"name":"BMW F 650 GS Akrapovi\u010d Slip-On Line (Titanium) 2008-2012"}]},{"@type":"WebSite","@id":"https:\/\/rapidomotosport.hr\/it\/#website","url":"https:\/\/rapidomotosport.hr\/it\/","name":"Rapido Motosport","description":"","potentialAction":[{"@type":"SearchAction","target":{"@type":"EntryPoint","urlTemplate":"https:\/\/rapidomotosport.hr\/it\/?s={search_term_string}"},"query-input":{"@type":"PropertyValueSpecification","valueRequired":true,"valueName":"search_term_string"}}],"inLanguage":"it-IT"}]}},"_links":{"self":[{"href":"https:\/\/rapidomotosport.hr\/it\/wp-json\/wp\/v2\/product\/3502","targetHints":{"allow":["GET"]}}],"collection":[{"href":"https:\/\/rapidomotosport.hr\/it\/wp-json\/wp\/v2\/product"}],"about":[{"href":"https:\/\/rapidomotosport.hr\/it\/wp-json\/wp\/v2\/types\/product"}],"wp:featuredmedia":[{"embeddable":true,"href":"https:\/\/rapidomotosport.hr\/it\/wp-json\/wp\/v2\/media\/3503"}],"wp:attachment":[{"href":"https:\/\/rapidomotosport.hr\/it\/wp-json\/wp\/v2\/media?parent=3502"}],"wp:term":[{"taxonomy":"product_brand","embeddable":true,"href":"https:\/\/rapidomotosport.hr\/it\/wp-json\/wp\/v2\/product_brand?post=3502"},{"taxonomy":"product_cat","embeddable":true,"href":"https:\/\/rapidomotosport.hr\/it\/wp-json\/wp\/v2\/product_cat?post=3502"},{"taxonomy":"product_tag","embeddable":true,"href":"https:\/\/rapidomotosport.hr\/it\/wp-json\/wp\/v2\/product_tag?post=3502"}],"curies":[{"name":"wp","href":"https:\/\/api.w.org\/{rel}","templated":true}]}}