{"id":3539,"date":"2025-01-11T11:05:00","date_gmt":"2025-01-11T10:05:00","guid":{"rendered":"https:\/\/rapidomotosport.hr\/?post_type=product&#038;p=3539"},"modified":"2026-01-15T23:41:42","modified_gmt":"2026-01-15T22:41:42","slug":"bmw-f-800-gs-f-900-gs-adventure-akrapovic-slip-on-line-titanium-2024-2025","status":"publish","type":"product","link":"https:\/\/rapidomotosport.hr\/it\/proizvod\/bmw-f-800-gs-f-900-gs-adventure-akrapovic-slip-on-line-titanium-2024-2025\/","title":{"rendered":"BMW F 900 GS ADVENTURE Akrapovi\u010d Slip-On Line (Titanium) 2024-2025"},"content":{"rendered":"","protected":false},"excerpt":{"rendered":"<p>Izra\u0111en od visokokvalitetnog nehr\u0111aju\u0107eg \u010delika, ovaj ispu\u0161ni sustav ima laganu vanjsku ovojnicu prigu\u0161iva\u010da izra\u0111enu od titana, a dovr\u0161en je ru\u010dno izra\u0111enim zavr\u0161etkom od karbonskih vlakana. Njegov profinjen i sportski izgled dodatno je nagla\u0161en crnim premazom te ugraviranim logotipom Akrapovi\u010d unutar potpuno novog reljefnog otiska, \u0161to mu daje elegantan i upe\u010datljiv zavr\u0161ni dojam. Sustav smanjuje te\u017einu za vi\u0161e od 38 % u odnosu na serijski ispu\u0161ni sustav, \u010dime pobolj\u0161ava upravljivost u svim uvjetima vo\u017enje. Dublji, sportskiji Akrapovi\u010dev ton savr\u0161eno je uskla\u0111en s dvocilindri\u010dnim motorom bogatim zakretnim momentom. Ugradnja je jednostavna, bez potrebe za dodatnim remapiranjem, a sustav je u skladu s EC i ECE homologacijama te je potpuno kompatibilan s BMW bo\u010dnim kov\u010dezima.<\/p>\n<p>Prikazani podaci o performansama dobiveni su na modelu BMW F900GS Adventure.<\/p>\n","protected":false},"featured_media":3540,"template":"","meta":[],"product_brand":[],"product_cat":[17,19],"product_tag":[],"class_list":{"0":"post-3539","1":"product","2":"type-product","3":"status-publish","4":"has-post-thumbnail","6":"product_cat-ispusni-sustavi","7":"product_cat-bmw","9":"first","10":"instock","11":"sale","12":"shipping-taxable","13":"purchasable","14":"product-type-simple"},"yoast_head":"<!-- This site is optimized with the Yoast SEO plugin v27.5 - https:\/\/yoast.com\/product\/yoast-seo-wordpress\/ -->\n<title>BMW F 900 GS ADVENTURE Akrapovi\u010d Slip-On Line (Titanium) 2024-2025 - Rapido Motosport<\/title>\n<meta name=\"robots\" content=\"index, follow, max-snippet:-1, max-image-preview:large, max-video-preview:-1\" \/>\n<link rel=\"canonical\" href=\"https:\/\/rapidomotosport.hr\/it\/proizvod\/bmw-f-800-gs-f-900-gs-adventure-akrapovic-slip-on-line-titanium-2024-2025\/\" \/>\n<meta property=\"og:locale\" content=\"it_IT\" \/>\n<meta property=\"og:type\" content=\"article\" \/>\n<meta property=\"og:title\" content=\"BMW F 900 GS ADVENTURE Akrapovi\u010d Slip-On Line (Titanium) 2024-2025 - Rapido Motosport\" \/>\n<meta property=\"og:description\" content=\"Izra\u0111en od visokokvalitetnog nehr\u0111aju\u0107eg \u010delika, ovaj ispu\u0161ni sustav ima laganu vanjsku ovojnicu prigu\u0161iva\u010da izra\u0111enu od titana, a dovr\u0161en je ru\u010dno izra\u0111enim zavr\u0161etkom od karbonskih vlakana. Njegov profinjen i sportski izgled dodatno je nagla\u0161en crnim premazom te ugraviranim logotipom Akrapovi\u010d unutar potpuno novog reljefnog otiska, \u0161to mu daje elegantan i upe\u010datljiv zavr\u0161ni dojam. Sustav smanjuje te\u017einu za vi\u0161e od 38 % u odnosu na serijski ispu\u0161ni sustav, \u010dime pobolj\u0161ava upravljivost u svim uvjetima vo\u017enje. Dublji, sportskiji Akrapovi\u010dev ton savr\u0161eno je uskla\u0111en s dvocilindri\u010dnim motorom bogatim zakretnim momentom. Ugradnja je jednostavna, bez potrebe za dodatnim remapiranjem, a sustav je u skladu s EC i ECE homologacijama te je potpuno kompatibilan s BMW bo\u010dnim kov\u010dezima.  Prikazani podaci o performansama dobiveni su na modelu BMW F900GS Adventure.\" \/>\n<meta property=\"og:url\" content=\"https:\/\/rapidomotosport.hr\/it\/proizvod\/bmw-f-800-gs-f-900-gs-adventure-akrapovic-slip-on-line-titanium-2024-2025\/\" \/>\n<meta property=\"og:site_name\" content=\"Rapido Motosport\" \/>\n<meta property=\"article:modified_time\" content=\"2026-01-15T22:41:42+00:00\" \/>\n<meta property=\"og:image\" content=\"https:\/\/rapidomotosport.hr\/wp-content\/uploads\/2025\/01\/6cad4f8f-1f69-4a64-be20-fa35141ed4f5-min-1.png\" \/>\n\t<meta property=\"og:image:width\" content=\"2362\" \/>\n\t<meta property=\"og:image:height\" content=\"1772\" \/>\n\t<meta property=\"og:image:type\" content=\"image\/png\" \/>\n<meta name=\"twitter:card\" content=\"summary_large_image\" \/>\n<meta name=\"twitter:label1\" content=\"Tempo di lettura stimato\" \/>\n\t<meta name=\"twitter:data1\" content=\"1 minuto\" \/>\n<script type=\"application\/ld+json\" class=\"yoast-schema-graph\">{\"@context\":\"https:\\\/\\\/schema.org\",\"@graph\":[{\"@type\":\"WebPage\",\"@id\":\"https:\\\/\\\/rapidomotosport.hr\\\/it\\\/proizvod\\\/bmw-f-800-gs-f-900-gs-adventure-akrapovic-slip-on-line-titanium-2024-2025\\\/\",\"url\":\"https:\\\/\\\/rapidomotosport.hr\\\/it\\\/proizvod\\\/bmw-f-800-gs-f-900-gs-adventure-akrapovic-slip-on-line-titanium-2024-2025\\\/\",\"name\":\"BMW F 900 GS ADVENTURE Akrapovi\u010d Slip-On Line (Titanium) 2024-2025 - Rapido Motosport\",\"isPartOf\":{\"@id\":\"https:\\\/\\\/rapidomotosport.hr\\\/it\\\/#website\"},\"primaryImageOfPage\":{\"@id\":\"https:\\\/\\\/rapidomotosport.hr\\\/it\\\/proizvod\\\/bmw-f-800-gs-f-900-gs-adventure-akrapovic-slip-on-line-titanium-2024-2025\\\/#primaryimage\"},\"image\":{\"@id\":\"https:\\\/\\\/rapidomotosport.hr\\\/it\\\/proizvod\\\/bmw-f-800-gs-f-900-gs-adventure-akrapovic-slip-on-line-titanium-2024-2025\\\/#primaryimage\"},\"thumbnailUrl\":\"https:\\\/\\\/rapidomotosport.hr\\\/wp-content\\\/uploads\\\/2025\\\/01\\\/6cad4f8f-1f69-4a64-be20-fa35141ed4f5-min-1.png\",\"datePublished\":\"2025-01-11T10:05:00+00:00\",\"dateModified\":\"2026-01-15T22:41:42+00:00\",\"breadcrumb\":{\"@id\":\"https:\\\/\\\/rapidomotosport.hr\\\/it\\\/proizvod\\\/bmw-f-800-gs-f-900-gs-adventure-akrapovic-slip-on-line-titanium-2024-2025\\\/#breadcrumb\"},\"inLanguage\":\"it-IT\",\"potentialAction\":[{\"@type\":\"ReadAction\",\"target\":[\"https:\\\/\\\/rapidomotosport.hr\\\/it\\\/proizvod\\\/bmw-f-800-gs-f-900-gs-adventure-akrapovic-slip-on-line-titanium-2024-2025\\\/\"]}]},{\"@type\":\"ImageObject\",\"inLanguage\":\"it-IT\",\"@id\":\"https:\\\/\\\/rapidomotosport.hr\\\/it\\\/proizvod\\\/bmw-f-800-gs-f-900-gs-adventure-akrapovic-slip-on-line-titanium-2024-2025\\\/#primaryimage\",\"url\":\"https:\\\/\\\/rapidomotosport.hr\\\/wp-content\\\/uploads\\\/2025\\\/01\\\/6cad4f8f-1f69-4a64-be20-fa35141ed4f5-min-1.png\",\"contentUrl\":\"https:\\\/\\\/rapidomotosport.hr\\\/wp-content\\\/uploads\\\/2025\\\/01\\\/6cad4f8f-1f69-4a64-be20-fa35141ed4f5-min-1.png\",\"width\":2362,\"height\":1772},{\"@type\":\"BreadcrumbList\",\"@id\":\"https:\\\/\\\/rapidomotosport.hr\\\/it\\\/proizvod\\\/bmw-f-800-gs-f-900-gs-adventure-akrapovic-slip-on-line-titanium-2024-2025\\\/#breadcrumb\",\"itemListElement\":[{\"@type\":\"ListItem\",\"position\":1,\"name\":\"Po\u010detna stranica\",\"item\":\"https:\\\/\\\/rapidomotosport.hr\\\/it\\\/\"},{\"@type\":\"ListItem\",\"position\":2,\"name\":\"Negozio\",\"item\":\"https:\\\/\\\/rapidomotosport.hr\\\/it\\\/negozio\\\/\"},{\"@type\":\"ListItem\",\"position\":3,\"name\":\"BMW F 900 GS ADVENTURE Akrapovi\u010d Slip-On Line (Titanium) 2024-2025\"}]},{\"@type\":\"WebSite\",\"@id\":\"https:\\\/\\\/rapidomotosport.hr\\\/it\\\/#website\",\"url\":\"https:\\\/\\\/rapidomotosport.hr\\\/it\\\/\",\"name\":\"Rapido Motosport\",\"description\":\"\",\"potentialAction\":[{\"@type\":\"SearchAction\",\"target\":{\"@type\":\"EntryPoint\",\"urlTemplate\":\"https:\\\/\\\/rapidomotosport.hr\\\/it\\\/?s={search_term_string}\"},\"query-input\":{\"@type\":\"PropertyValueSpecification\",\"valueRequired\":true,\"valueName\":\"search_term_string\"}}],\"inLanguage\":\"it-IT\"}]}<\/script>\n<!-- \/ Yoast SEO plugin. -->","yoast_head_json":{"title":"BMW F 900 GS ADVENTURE Akrapovi\u010d Slip-On Line (Titanium) 2024-2025 - Rapido Motosport","robots":{"index":"index","follow":"follow","max-snippet":"max-snippet:-1","max-image-preview":"max-image-preview:large","max-video-preview":"max-video-preview:-1"},"canonical":"https:\/\/rapidomotosport.hr\/it\/proizvod\/bmw-f-800-gs-f-900-gs-adventure-akrapovic-slip-on-line-titanium-2024-2025\/","og_locale":"it_IT","og_type":"article","og_title":"BMW F 900 GS ADVENTURE Akrapovi\u010d Slip-On Line (Titanium) 2024-2025 - Rapido Motosport","og_description":"Izra\u0111en od visokokvalitetnog nehr\u0111aju\u0107eg \u010delika, ovaj ispu\u0161ni sustav ima laganu vanjsku ovojnicu prigu\u0161iva\u010da izra\u0111enu od titana, a dovr\u0161en je ru\u010dno izra\u0111enim zavr\u0161etkom od karbonskih vlakana. Njegov profinjen i sportski izgled dodatno je nagla\u0161en crnim premazom te ugraviranim logotipom Akrapovi\u010d unutar potpuno novog reljefnog otiska, \u0161to mu daje elegantan i upe\u010datljiv zavr\u0161ni dojam. Sustav smanjuje te\u017einu za vi\u0161e od 38 % u odnosu na serijski ispu\u0161ni sustav, \u010dime pobolj\u0161ava upravljivost u svim uvjetima vo\u017enje. Dublji, sportskiji Akrapovi\u010dev ton savr\u0161eno je uskla\u0111en s dvocilindri\u010dnim motorom bogatim zakretnim momentom. Ugradnja je jednostavna, bez potrebe za dodatnim remapiranjem, a sustav je u skladu s EC i ECE homologacijama te je potpuno kompatibilan s BMW bo\u010dnim kov\u010dezima.  Prikazani podaci o performansama dobiveni su na modelu BMW F900GS Adventure.","og_url":"https:\/\/rapidomotosport.hr\/it\/proizvod\/bmw-f-800-gs-f-900-gs-adventure-akrapovic-slip-on-line-titanium-2024-2025\/","og_site_name":"Rapido Motosport","article_modified_time":"2026-01-15T22:41:42+00:00","og_image":[{"width":2362,"height":1772,"url":"https:\/\/rapidomotosport.hr\/wp-content\/uploads\/2025\/01\/6cad4f8f-1f69-4a64-be20-fa35141ed4f5-min-1.png","type":"image\/png"}],"twitter_card":"summary_large_image","twitter_misc":{"Tempo di lettura stimato":"1 minuto"},"schema":{"@context":"https:\/\/schema.org","@graph":[{"@type":"WebPage","@id":"https:\/\/rapidomotosport.hr\/it\/proizvod\/bmw-f-800-gs-f-900-gs-adventure-akrapovic-slip-on-line-titanium-2024-2025\/","url":"https:\/\/rapidomotosport.hr\/it\/proizvod\/bmw-f-800-gs-f-900-gs-adventure-akrapovic-slip-on-line-titanium-2024-2025\/","name":"BMW F 900 GS ADVENTURE Akrapovi\u010d Slip-On Line (Titanium) 2024-2025 - Rapido Motosport","isPartOf":{"@id":"https:\/\/rapidomotosport.hr\/it\/#website"},"primaryImageOfPage":{"@id":"https:\/\/rapidomotosport.hr\/it\/proizvod\/bmw-f-800-gs-f-900-gs-adventure-akrapovic-slip-on-line-titanium-2024-2025\/#primaryimage"},"image":{"@id":"https:\/\/rapidomotosport.hr\/it\/proizvod\/bmw-f-800-gs-f-900-gs-adventure-akrapovic-slip-on-line-titanium-2024-2025\/#primaryimage"},"thumbnailUrl":"https:\/\/rapidomotosport.hr\/wp-content\/uploads\/2025\/01\/6cad4f8f-1f69-4a64-be20-fa35141ed4f5-min-1.png","datePublished":"2025-01-11T10:05:00+00:00","dateModified":"2026-01-15T22:41:42+00:00","breadcrumb":{"@id":"https:\/\/rapidomotosport.hr\/it\/proizvod\/bmw-f-800-gs-f-900-gs-adventure-akrapovic-slip-on-line-titanium-2024-2025\/#breadcrumb"},"inLanguage":"it-IT","potentialAction":[{"@type":"ReadAction","target":["https:\/\/rapidomotosport.hr\/it\/proizvod\/bmw-f-800-gs-f-900-gs-adventure-akrapovic-slip-on-line-titanium-2024-2025\/"]}]},{"@type":"ImageObject","inLanguage":"it-IT","@id":"https:\/\/rapidomotosport.hr\/it\/proizvod\/bmw-f-800-gs-f-900-gs-adventure-akrapovic-slip-on-line-titanium-2024-2025\/#primaryimage","url":"https:\/\/rapidomotosport.hr\/wp-content\/uploads\/2025\/01\/6cad4f8f-1f69-4a64-be20-fa35141ed4f5-min-1.png","contentUrl":"https:\/\/rapidomotosport.hr\/wp-content\/uploads\/2025\/01\/6cad4f8f-1f69-4a64-be20-fa35141ed4f5-min-1.png","width":2362,"height":1772},{"@type":"BreadcrumbList","@id":"https:\/\/rapidomotosport.hr\/it\/proizvod\/bmw-f-800-gs-f-900-gs-adventure-akrapovic-slip-on-line-titanium-2024-2025\/#breadcrumb","itemListElement":[{"@type":"ListItem","position":1,"name":"Po\u010detna stranica","item":"https:\/\/rapidomotosport.hr\/it\/"},{"@type":"ListItem","position":2,"name":"Negozio","item":"https:\/\/rapidomotosport.hr\/it\/negozio\/"},{"@type":"ListItem","position":3,"name":"BMW F 900 GS ADVENTURE Akrapovi\u010d Slip-On Line (Titanium) 2024-2025"}]},{"@type":"WebSite","@id":"https:\/\/rapidomotosport.hr\/it\/#website","url":"https:\/\/rapidomotosport.hr\/it\/","name":"Rapido Motosport","description":"","potentialAction":[{"@type":"SearchAction","target":{"@type":"EntryPoint","urlTemplate":"https:\/\/rapidomotosport.hr\/it\/?s={search_term_string}"},"query-input":{"@type":"PropertyValueSpecification","valueRequired":true,"valueName":"search_term_string"}}],"inLanguage":"it-IT"}]}},"_links":{"self":[{"href":"https:\/\/rapidomotosport.hr\/it\/wp-json\/wp\/v2\/product\/3539","targetHints":{"allow":["GET"]}}],"collection":[{"href":"https:\/\/rapidomotosport.hr\/it\/wp-json\/wp\/v2\/product"}],"about":[{"href":"https:\/\/rapidomotosport.hr\/it\/wp-json\/wp\/v2\/types\/product"}],"wp:featuredmedia":[{"embeddable":true,"href":"https:\/\/rapidomotosport.hr\/it\/wp-json\/wp\/v2\/media\/3540"}],"wp:attachment":[{"href":"https:\/\/rapidomotosport.hr\/it\/wp-json\/wp\/v2\/media?parent=3539"}],"wp:term":[{"taxonomy":"product_brand","embeddable":true,"href":"https:\/\/rapidomotosport.hr\/it\/wp-json\/wp\/v2\/product_brand?post=3539"},{"taxonomy":"product_cat","embeddable":true,"href":"https:\/\/rapidomotosport.hr\/it\/wp-json\/wp\/v2\/product_cat?post=3539"},{"taxonomy":"product_tag","embeddable":true,"href":"https:\/\/rapidomotosport.hr\/it\/wp-json\/wp\/v2\/product_tag?post=3539"}],"curies":[{"name":"wp","href":"https:\/\/api.w.org\/{rel}","templated":true}]}}