{"id":37987,"date":"2025-12-08T11:51:05","date_gmt":"2025-12-08T10:51:05","guid":{"rendered":"https:\/\/rapidomotosport.hr\/?post_type=product&#038;p=37987"},"modified":"2026-03-20T12:00:06","modified_gmt":"2026-03-20T11:00:06","slug":"yamaha-xsr-900-mivv-exhaust-switch-off-key-2025","status":"publish","type":"product","link":"https:\/\/rapidomotosport.hr\/it\/proizvod\/yamaha-xsr-900-mivv-exhaust-switch-off-key-2025\/","title":{"rendered":"YAMAHA XSR \/ GP 900 MIVV Exhaust SWITCH-OFF KEY 2025-2026"},"content":{"rendered":"","protected":false},"excerpt":{"rendered":"<p>MIVV SWITCH OFF KEY je elektroni\u010dki plug-and-play OBD ure\u0111aj namijenjen za motocikle Euro5+.<\/p>\n<p>Dizajniran je za onemogu\u0107avanje poruke o pogre\u0161ci koju upravlja\u010dka jedinica prima od stra\u017enje lambda sonde (one smje\u0161tene nizvodno od katalizatora), a koja je povezana s detekcijom vrijednosti ispu\u0161nih emisija koje odstupaju od originalnih tvorni\u010dkih parametara vozila.<br \/>\nTime sprje\u010dava aktiviranje MIL lampice (Malfunction Indicator Lamp) \u2013 *Check Engine*, uz istovremeno o\u010duvanje ispravnog rada sustava samodijagnostike.<\/p>\n<p>Ne mijenja tvorni\u010dko programiranje ECU-a niti utje\u010de na druge elektroni\u010dke parametre vozila.<\/p>\n","protected":false},"featured_media":33597,"template":"","meta":[],"product_brand":[],"product_cat":[17],"product_tag":[],"class_list":{"0":"post-37987","1":"product","2":"type-product","3":"status-publish","4":"has-post-thumbnail","6":"product_cat-ispusni-sustavi","8":"first","9":"instock","10":"sale","11":"shipping-taxable","12":"purchasable","13":"product-type-simple"},"yoast_head":"<!-- This site is optimized with the Yoast SEO plugin v27.5 - https:\/\/yoast.com\/product\/yoast-seo-wordpress\/ -->\n<title>YAMAHA XSR \/ GP 900 MIVV Exhaust SWITCH-OFF KEY 2025-2026 - Rapido Motosport<\/title>\n<meta name=\"robots\" content=\"index, follow, max-snippet:-1, max-image-preview:large, max-video-preview:-1\" \/>\n<link rel=\"canonical\" href=\"https:\/\/rapidomotosport.hr\/it\/proizvod\/yamaha-xsr-900-mivv-exhaust-switch-off-key-2025\/\" \/>\n<meta property=\"og:locale\" content=\"it_IT\" \/>\n<meta property=\"og:type\" content=\"article\" \/>\n<meta property=\"og:title\" content=\"YAMAHA XSR \/ GP 900 MIVV Exhaust SWITCH-OFF KEY 2025-2026 - Rapido Motosport\" \/>\n<meta property=\"og:description\" content=\"MIVV SWITCH OFF KEY je elektroni\u010dki plug-and-play OBD ure\u0111aj namijenjen za motocikle Euro5+.  Dizajniran je za onemogu\u0107avanje poruke o pogre\u0161ci koju upravlja\u010dka jedinica prima od stra\u017enje lambda sonde (one smje\u0161tene nizvodno od katalizatora), a koja je povezana s detekcijom vrijednosti ispu\u0161nih emisija koje odstupaju od originalnih tvorni\u010dkih parametara vozila. Time sprje\u010dava aktiviranje MIL lampice (Malfunction Indicator Lamp) \u2013 *Check Engine*, uz istovremeno o\u010duvanje ispravnog rada sustava samodijagnostike.  Ne mijenja tvorni\u010dko programiranje ECU-a niti utje\u010de na druge elektroni\u010dke parametre vozila.\" \/>\n<meta property=\"og:url\" content=\"https:\/\/rapidomotosport.hr\/it\/proizvod\/yamaha-xsr-900-mivv-exhaust-switch-off-key-2025\/\" \/>\n<meta property=\"og:site_name\" content=\"Rapido Motosport\" \/>\n<meta property=\"article:modified_time\" content=\"2026-03-20T11:00:06+00:00\" \/>\n<meta property=\"og:image\" content=\"https:\/\/rapidomotosport.hr\/wp-content\/uploads\/2025\/11\/Dizajn-bez-naslova-min-123.png\" \/>\n\t<meta property=\"og:image:width\" content=\"2048\" \/>\n\t<meta property=\"og:image:height\" content=\"1536\" \/>\n\t<meta property=\"og:image:type\" content=\"image\/png\" \/>\n<meta name=\"twitter:card\" content=\"summary_large_image\" \/>\n<meta name=\"twitter:label1\" content=\"Tempo di lettura stimato\" \/>\n\t<meta name=\"twitter:data1\" content=\"1 minuto\" \/>\n<script type=\"application\/ld+json\" class=\"yoast-schema-graph\">{\"@context\":\"https:\\\/\\\/schema.org\",\"@graph\":[{\"@type\":\"WebPage\",\"@id\":\"https:\\\/\\\/rapidomotosport.hr\\\/it\\\/proizvod\\\/yamaha-xsr-900-mivv-exhaust-switch-off-key-2025\\\/\",\"url\":\"https:\\\/\\\/rapidomotosport.hr\\\/it\\\/proizvod\\\/yamaha-xsr-900-mivv-exhaust-switch-off-key-2025\\\/\",\"name\":\"YAMAHA XSR \\\/ GP 900 MIVV Exhaust SWITCH-OFF KEY 2025-2026 - Rapido Motosport\",\"isPartOf\":{\"@id\":\"https:\\\/\\\/rapidomotosport.hr\\\/it\\\/#website\"},\"primaryImageOfPage\":{\"@id\":\"https:\\\/\\\/rapidomotosport.hr\\\/it\\\/proizvod\\\/yamaha-xsr-900-mivv-exhaust-switch-off-key-2025\\\/#primaryimage\"},\"image\":{\"@id\":\"https:\\\/\\\/rapidomotosport.hr\\\/it\\\/proizvod\\\/yamaha-xsr-900-mivv-exhaust-switch-off-key-2025\\\/#primaryimage\"},\"thumbnailUrl\":\"https:\\\/\\\/rapidomotosport.hr\\\/wp-content\\\/uploads\\\/2025\\\/11\\\/Dizajn-bez-naslova-min-123.png\",\"datePublished\":\"2025-12-08T10:51:05+00:00\",\"dateModified\":\"2026-03-20T11:00:06+00:00\",\"breadcrumb\":{\"@id\":\"https:\\\/\\\/rapidomotosport.hr\\\/it\\\/proizvod\\\/yamaha-xsr-900-mivv-exhaust-switch-off-key-2025\\\/#breadcrumb\"},\"inLanguage\":\"it-IT\",\"potentialAction\":[{\"@type\":\"ReadAction\",\"target\":[\"https:\\\/\\\/rapidomotosport.hr\\\/it\\\/proizvod\\\/yamaha-xsr-900-mivv-exhaust-switch-off-key-2025\\\/\"]}]},{\"@type\":\"ImageObject\",\"inLanguage\":\"it-IT\",\"@id\":\"https:\\\/\\\/rapidomotosport.hr\\\/it\\\/proizvod\\\/yamaha-xsr-900-mivv-exhaust-switch-off-key-2025\\\/#primaryimage\",\"url\":\"https:\\\/\\\/rapidomotosport.hr\\\/wp-content\\\/uploads\\\/2025\\\/11\\\/Dizajn-bez-naslova-min-123.png\",\"contentUrl\":\"https:\\\/\\\/rapidomotosport.hr\\\/wp-content\\\/uploads\\\/2025\\\/11\\\/Dizajn-bez-naslova-min-123.png\",\"width\":2048,\"height\":1536},{\"@type\":\"BreadcrumbList\",\"@id\":\"https:\\\/\\\/rapidomotosport.hr\\\/it\\\/proizvod\\\/yamaha-xsr-900-mivv-exhaust-switch-off-key-2025\\\/#breadcrumb\",\"itemListElement\":[{\"@type\":\"ListItem\",\"position\":1,\"name\":\"Po\u010detna stranica\",\"item\":\"https:\\\/\\\/rapidomotosport.hr\\\/it\\\/\"},{\"@type\":\"ListItem\",\"position\":2,\"name\":\"Negozio\",\"item\":\"https:\\\/\\\/rapidomotosport.hr\\\/it\\\/negozio\\\/\"},{\"@type\":\"ListItem\",\"position\":3,\"name\":\"YAMAHA XSR \\\/ GP 900 MIVV Exhaust SWITCH-OFF KEY 2025-2026\"}]},{\"@type\":\"WebSite\",\"@id\":\"https:\\\/\\\/rapidomotosport.hr\\\/it\\\/#website\",\"url\":\"https:\\\/\\\/rapidomotosport.hr\\\/it\\\/\",\"name\":\"Rapido Motosport\",\"description\":\"\",\"potentialAction\":[{\"@type\":\"SearchAction\",\"target\":{\"@type\":\"EntryPoint\",\"urlTemplate\":\"https:\\\/\\\/rapidomotosport.hr\\\/it\\\/?s={search_term_string}\"},\"query-input\":{\"@type\":\"PropertyValueSpecification\",\"valueRequired\":true,\"valueName\":\"search_term_string\"}}],\"inLanguage\":\"it-IT\"}]}<\/script>\n<!-- \/ Yoast SEO plugin. -->","yoast_head_json":{"title":"YAMAHA XSR \/ GP 900 MIVV Exhaust SWITCH-OFF KEY 2025-2026 - Rapido Motosport","robots":{"index":"index","follow":"follow","max-snippet":"max-snippet:-1","max-image-preview":"max-image-preview:large","max-video-preview":"max-video-preview:-1"},"canonical":"https:\/\/rapidomotosport.hr\/it\/proizvod\/yamaha-xsr-900-mivv-exhaust-switch-off-key-2025\/","og_locale":"it_IT","og_type":"article","og_title":"YAMAHA XSR \/ GP 900 MIVV Exhaust SWITCH-OFF KEY 2025-2026 - Rapido Motosport","og_description":"MIVV SWITCH OFF KEY je elektroni\u010dki plug-and-play OBD ure\u0111aj namijenjen za motocikle Euro5+.  Dizajniran je za onemogu\u0107avanje poruke o pogre\u0161ci koju upravlja\u010dka jedinica prima od stra\u017enje lambda sonde (one smje\u0161tene nizvodno od katalizatora), a koja je povezana s detekcijom vrijednosti ispu\u0161nih emisija koje odstupaju od originalnih tvorni\u010dkih parametara vozila. Time sprje\u010dava aktiviranje MIL lampice (Malfunction Indicator Lamp) \u2013 *Check Engine*, uz istovremeno o\u010duvanje ispravnog rada sustava samodijagnostike.  Ne mijenja tvorni\u010dko programiranje ECU-a niti utje\u010de na druge elektroni\u010dke parametre vozila.","og_url":"https:\/\/rapidomotosport.hr\/it\/proizvod\/yamaha-xsr-900-mivv-exhaust-switch-off-key-2025\/","og_site_name":"Rapido Motosport","article_modified_time":"2026-03-20T11:00:06+00:00","og_image":[{"width":2048,"height":1536,"url":"https:\/\/rapidomotosport.hr\/wp-content\/uploads\/2025\/11\/Dizajn-bez-naslova-min-123.png","type":"image\/png"}],"twitter_card":"summary_large_image","twitter_misc":{"Tempo di lettura stimato":"1 minuto"},"schema":{"@context":"https:\/\/schema.org","@graph":[{"@type":"WebPage","@id":"https:\/\/rapidomotosport.hr\/it\/proizvod\/yamaha-xsr-900-mivv-exhaust-switch-off-key-2025\/","url":"https:\/\/rapidomotosport.hr\/it\/proizvod\/yamaha-xsr-900-mivv-exhaust-switch-off-key-2025\/","name":"YAMAHA XSR \/ GP 900 MIVV Exhaust SWITCH-OFF KEY 2025-2026 - Rapido Motosport","isPartOf":{"@id":"https:\/\/rapidomotosport.hr\/it\/#website"},"primaryImageOfPage":{"@id":"https:\/\/rapidomotosport.hr\/it\/proizvod\/yamaha-xsr-900-mivv-exhaust-switch-off-key-2025\/#primaryimage"},"image":{"@id":"https:\/\/rapidomotosport.hr\/it\/proizvod\/yamaha-xsr-900-mivv-exhaust-switch-off-key-2025\/#primaryimage"},"thumbnailUrl":"https:\/\/rapidomotosport.hr\/wp-content\/uploads\/2025\/11\/Dizajn-bez-naslova-min-123.png","datePublished":"2025-12-08T10:51:05+00:00","dateModified":"2026-03-20T11:00:06+00:00","breadcrumb":{"@id":"https:\/\/rapidomotosport.hr\/it\/proizvod\/yamaha-xsr-900-mivv-exhaust-switch-off-key-2025\/#breadcrumb"},"inLanguage":"it-IT","potentialAction":[{"@type":"ReadAction","target":["https:\/\/rapidomotosport.hr\/it\/proizvod\/yamaha-xsr-900-mivv-exhaust-switch-off-key-2025\/"]}]},{"@type":"ImageObject","inLanguage":"it-IT","@id":"https:\/\/rapidomotosport.hr\/it\/proizvod\/yamaha-xsr-900-mivv-exhaust-switch-off-key-2025\/#primaryimage","url":"https:\/\/rapidomotosport.hr\/wp-content\/uploads\/2025\/11\/Dizajn-bez-naslova-min-123.png","contentUrl":"https:\/\/rapidomotosport.hr\/wp-content\/uploads\/2025\/11\/Dizajn-bez-naslova-min-123.png","width":2048,"height":1536},{"@type":"BreadcrumbList","@id":"https:\/\/rapidomotosport.hr\/it\/proizvod\/yamaha-xsr-900-mivv-exhaust-switch-off-key-2025\/#breadcrumb","itemListElement":[{"@type":"ListItem","position":1,"name":"Po\u010detna stranica","item":"https:\/\/rapidomotosport.hr\/it\/"},{"@type":"ListItem","position":2,"name":"Negozio","item":"https:\/\/rapidomotosport.hr\/it\/negozio\/"},{"@type":"ListItem","position":3,"name":"YAMAHA XSR \/ GP 900 MIVV Exhaust SWITCH-OFF KEY 2025-2026"}]},{"@type":"WebSite","@id":"https:\/\/rapidomotosport.hr\/it\/#website","url":"https:\/\/rapidomotosport.hr\/it\/","name":"Rapido Motosport","description":"","potentialAction":[{"@type":"SearchAction","target":{"@type":"EntryPoint","urlTemplate":"https:\/\/rapidomotosport.hr\/it\/?s={search_term_string}"},"query-input":{"@type":"PropertyValueSpecification","valueRequired":true,"valueName":"search_term_string"}}],"inLanguage":"it-IT"}]}},"_links":{"self":[{"href":"https:\/\/rapidomotosport.hr\/it\/wp-json\/wp\/v2\/product\/37987","targetHints":{"allow":["GET"]}}],"collection":[{"href":"https:\/\/rapidomotosport.hr\/it\/wp-json\/wp\/v2\/product"}],"about":[{"href":"https:\/\/rapidomotosport.hr\/it\/wp-json\/wp\/v2\/types\/product"}],"wp:featuredmedia":[{"embeddable":true,"href":"https:\/\/rapidomotosport.hr\/it\/wp-json\/wp\/v2\/media\/33597"}],"wp:attachment":[{"href":"https:\/\/rapidomotosport.hr\/it\/wp-json\/wp\/v2\/media?parent=37987"}],"wp:term":[{"taxonomy":"product_brand","embeddable":true,"href":"https:\/\/rapidomotosport.hr\/it\/wp-json\/wp\/v2\/product_brand?post=37987"},{"taxonomy":"product_cat","embeddable":true,"href":"https:\/\/rapidomotosport.hr\/it\/wp-json\/wp\/v2\/product_cat?post=37987"},{"taxonomy":"product_tag","embeddable":true,"href":"https:\/\/rapidomotosport.hr\/it\/wp-json\/wp\/v2\/product_tag?post=37987"}],"curies":[{"name":"wp","href":"https:\/\/api.w.org\/{rel}","templated":true}]}}