{"id":40224,"date":"2025-12-14T15:36:28","date_gmt":"2025-12-14T14:36:28","guid":{"rendered":"https:\/\/rapidomotosport.hr\/?post_type=product&#038;p=40224"},"modified":"2026-04-07T22:51:37","modified_gmt":"2026-04-07T20:51:37","slug":"aprilia-tuareg-660-mivv-exhaust-dakar-black-slip-on-silencer-2025","status":"publish","type":"product","link":"https:\/\/rapidomotosport.hr\/it\/proizvod\/aprilia-tuareg-660-mivv-exhaust-dakar-black-slip-on-silencer-2025\/","title":{"rendered":"APRILIA TUAREG 660 MIVV Exhaust DAKAR Black Slip-On Silencer 2025-2026"},"content":{"rendered":"","protected":false},"excerpt":{"rendered":"<p>Izra\u0111en radi pobolj\u0161anja estetike, zvuka i performansi motocikla, Mivv slip-on ispu\u0161ni sustav nastao je iz maksimalne pa\u017enje posve\u0107ene dizajnu, s ciljem da zadovolji one koji se \u017eele istaknuti, \u010dak i izgledom vlastitog motocikla.<\/p>\n<p>Projekt ispu\u0161nog sustava Dakar rezultat je iskustva na\u0161eg odjela za istra\u017eivanje i razvoj ste\u010denog u rally natjecanjima.<\/p>\n<p>Rezultat je jednostavan i \u010dvrst ispu\u0161ni sustav, prikladan za one koji preferiraju zahtjevniji off-road.<\/p>\n<p>Ispuh je izra\u0111en od prirodnog nehr\u0111aju\u0107eg \u010delika 304, uz dodatak posebne zavr\u0161ne obrade \u201cpearlead\u201d, koja ga \u010dini izuzetno otpornim.<\/p>\n","protected":false},"featured_media":25560,"template":"","meta":[],"product_brand":[],"product_cat":[17,18],"product_tag":[],"class_list":{"0":"post-40224","1":"product","2":"type-product","3":"status-publish","4":"has-post-thumbnail","6":"product_cat-ispusni-sustavi","7":"product_cat-aprilia","9":"first","10":"instock","11":"sale","12":"shipping-taxable","13":"purchasable","14":"product-type-simple"},"yoast_head":"<!-- This site is optimized with the Yoast SEO plugin v27.5 - https:\/\/yoast.com\/product\/yoast-seo-wordpress\/ -->\n<title>APRILIA TUAREG 660 MIVV Exhaust DAKAR Black Slip-On Silencer 2025-2026 - Rapido Motosport<\/title>\n<meta name=\"robots\" content=\"index, follow, max-snippet:-1, max-image-preview:large, max-video-preview:-1\" \/>\n<link rel=\"canonical\" href=\"https:\/\/rapidomotosport.hr\/it\/proizvod\/aprilia-tuareg-660-mivv-exhaust-dakar-black-slip-on-silencer-2025\/\" \/>\n<meta property=\"og:locale\" content=\"it_IT\" \/>\n<meta property=\"og:type\" content=\"article\" \/>\n<meta property=\"og:title\" content=\"APRILIA TUAREG 660 MIVV Exhaust DAKAR Black Slip-On Silencer 2025-2026 - Rapido Motosport\" \/>\n<meta property=\"og:description\" content=\"Izra\u0111en radi pobolj\u0161anja estetike, zvuka i performansi motocikla, Mivv slip-on ispu\u0161ni sustav nastao je iz maksimalne pa\u017enje posve\u0107ene dizajnu, s ciljem da zadovolji one koji se \u017eele istaknuti, \u010dak i izgledom vlastitog motocikla.  Projekt ispu\u0161nog sustava Dakar rezultat je iskustva na\u0161eg odjela za istra\u017eivanje i razvoj ste\u010denog u rally natjecanjima.  Rezultat je jednostavan i \u010dvrst ispu\u0161ni sustav, prikladan za one koji preferiraju zahtjevniji off-road.  Ispuh je izra\u0111en od prirodnog nehr\u0111aju\u0107eg \u010delika 304, uz dodatak posebne zavr\u0161ne obrade \u201cpearlead\u201d, koja ga \u010dini izuzetno otpornim.\" \/>\n<meta property=\"og:url\" content=\"https:\/\/rapidomotosport.hr\/it\/proizvod\/aprilia-tuareg-660-mivv-exhaust-dakar-black-slip-on-silencer-2025\/\" \/>\n<meta property=\"og:site_name\" content=\"Rapido Motosport\" \/>\n<meta property=\"article:modified_time\" content=\"2026-04-07T20:51:37+00:00\" \/>\n<meta property=\"og:image\" content=\"https:\/\/rapidomotosport.hr\/wp-content\/uploads\/2025\/11\/1-min-3.png\" \/>\n\t<meta property=\"og:image:width\" content=\"2048\" \/>\n\t<meta property=\"og:image:height\" content=\"1536\" \/>\n\t<meta property=\"og:image:type\" content=\"image\/png\" \/>\n<meta name=\"twitter:card\" content=\"summary_large_image\" \/>\n<meta name=\"twitter:label1\" content=\"Tempo di lettura stimato\" \/>\n\t<meta name=\"twitter:data1\" content=\"1 minuto\" \/>\n<script type=\"application\/ld+json\" class=\"yoast-schema-graph\">{\"@context\":\"https:\\\/\\\/schema.org\",\"@graph\":[{\"@type\":\"WebPage\",\"@id\":\"https:\\\/\\\/rapidomotosport.hr\\\/it\\\/proizvod\\\/aprilia-tuareg-660-mivv-exhaust-dakar-black-slip-on-silencer-2025\\\/\",\"url\":\"https:\\\/\\\/rapidomotosport.hr\\\/it\\\/proizvod\\\/aprilia-tuareg-660-mivv-exhaust-dakar-black-slip-on-silencer-2025\\\/\",\"name\":\"APRILIA TUAREG 660 MIVV Exhaust DAKAR Black Slip-On Silencer 2025-2026 - Rapido Motosport\",\"isPartOf\":{\"@id\":\"https:\\\/\\\/rapidomotosport.hr\\\/it\\\/#website\"},\"primaryImageOfPage\":{\"@id\":\"https:\\\/\\\/rapidomotosport.hr\\\/it\\\/proizvod\\\/aprilia-tuareg-660-mivv-exhaust-dakar-black-slip-on-silencer-2025\\\/#primaryimage\"},\"image\":{\"@id\":\"https:\\\/\\\/rapidomotosport.hr\\\/it\\\/proizvod\\\/aprilia-tuareg-660-mivv-exhaust-dakar-black-slip-on-silencer-2025\\\/#primaryimage\"},\"thumbnailUrl\":\"https:\\\/\\\/rapidomotosport.hr\\\/wp-content\\\/uploads\\\/2025\\\/11\\\/1-min-3.png\",\"datePublished\":\"2025-12-14T14:36:28+00:00\",\"dateModified\":\"2026-04-07T20:51:37+00:00\",\"breadcrumb\":{\"@id\":\"https:\\\/\\\/rapidomotosport.hr\\\/it\\\/proizvod\\\/aprilia-tuareg-660-mivv-exhaust-dakar-black-slip-on-silencer-2025\\\/#breadcrumb\"},\"inLanguage\":\"it-IT\",\"potentialAction\":[{\"@type\":\"ReadAction\",\"target\":[\"https:\\\/\\\/rapidomotosport.hr\\\/it\\\/proizvod\\\/aprilia-tuareg-660-mivv-exhaust-dakar-black-slip-on-silencer-2025\\\/\"]}]},{\"@type\":\"ImageObject\",\"inLanguage\":\"it-IT\",\"@id\":\"https:\\\/\\\/rapidomotosport.hr\\\/it\\\/proizvod\\\/aprilia-tuareg-660-mivv-exhaust-dakar-black-slip-on-silencer-2025\\\/#primaryimage\",\"url\":\"https:\\\/\\\/rapidomotosport.hr\\\/wp-content\\\/uploads\\\/2025\\\/11\\\/1-min-3.png\",\"contentUrl\":\"https:\\\/\\\/rapidomotosport.hr\\\/wp-content\\\/uploads\\\/2025\\\/11\\\/1-min-3.png\",\"width\":2048,\"height\":1536},{\"@type\":\"BreadcrumbList\",\"@id\":\"https:\\\/\\\/rapidomotosport.hr\\\/it\\\/proizvod\\\/aprilia-tuareg-660-mivv-exhaust-dakar-black-slip-on-silencer-2025\\\/#breadcrumb\",\"itemListElement\":[{\"@type\":\"ListItem\",\"position\":1,\"name\":\"Po\u010detna stranica\",\"item\":\"https:\\\/\\\/rapidomotosport.hr\\\/it\\\/\"},{\"@type\":\"ListItem\",\"position\":2,\"name\":\"Negozio\",\"item\":\"https:\\\/\\\/rapidomotosport.hr\\\/it\\\/negozio\\\/\"},{\"@type\":\"ListItem\",\"position\":3,\"name\":\"APRILIA TUAREG 660 MIVV Exhaust DAKAR Black Slip-On Silencer 2025-2026\"}]},{\"@type\":\"WebSite\",\"@id\":\"https:\\\/\\\/rapidomotosport.hr\\\/it\\\/#website\",\"url\":\"https:\\\/\\\/rapidomotosport.hr\\\/it\\\/\",\"name\":\"Rapido Motosport\",\"description\":\"\",\"potentialAction\":[{\"@type\":\"SearchAction\",\"target\":{\"@type\":\"EntryPoint\",\"urlTemplate\":\"https:\\\/\\\/rapidomotosport.hr\\\/it\\\/?s={search_term_string}\"},\"query-input\":{\"@type\":\"PropertyValueSpecification\",\"valueRequired\":true,\"valueName\":\"search_term_string\"}}],\"inLanguage\":\"it-IT\"}]}<\/script>\n<!-- \/ Yoast SEO plugin. -->","yoast_head_json":{"title":"APRILIA TUAREG 660 MIVV Exhaust DAKAR Black Slip-On Silencer 2025-2026 - Rapido Motosport","robots":{"index":"index","follow":"follow","max-snippet":"max-snippet:-1","max-image-preview":"max-image-preview:large","max-video-preview":"max-video-preview:-1"},"canonical":"https:\/\/rapidomotosport.hr\/it\/proizvod\/aprilia-tuareg-660-mivv-exhaust-dakar-black-slip-on-silencer-2025\/","og_locale":"it_IT","og_type":"article","og_title":"APRILIA TUAREG 660 MIVV Exhaust DAKAR Black Slip-On Silencer 2025-2026 - Rapido Motosport","og_description":"Izra\u0111en radi pobolj\u0161anja estetike, zvuka i performansi motocikla, Mivv slip-on ispu\u0161ni sustav nastao je iz maksimalne pa\u017enje posve\u0107ene dizajnu, s ciljem da zadovolji one koji se \u017eele istaknuti, \u010dak i izgledom vlastitog motocikla.  Projekt ispu\u0161nog sustava Dakar rezultat je iskustva na\u0161eg odjela za istra\u017eivanje i razvoj ste\u010denog u rally natjecanjima.  Rezultat je jednostavan i \u010dvrst ispu\u0161ni sustav, prikladan za one koji preferiraju zahtjevniji off-road.  Ispuh je izra\u0111en od prirodnog nehr\u0111aju\u0107eg \u010delika 304, uz dodatak posebne zavr\u0161ne obrade \u201cpearlead\u201d, koja ga \u010dini izuzetno otpornim.","og_url":"https:\/\/rapidomotosport.hr\/it\/proizvod\/aprilia-tuareg-660-mivv-exhaust-dakar-black-slip-on-silencer-2025\/","og_site_name":"Rapido Motosport","article_modified_time":"2026-04-07T20:51:37+00:00","og_image":[{"width":2048,"height":1536,"url":"https:\/\/rapidomotosport.hr\/wp-content\/uploads\/2025\/11\/1-min-3.png","type":"image\/png"}],"twitter_card":"summary_large_image","twitter_misc":{"Tempo di lettura stimato":"1 minuto"},"schema":{"@context":"https:\/\/schema.org","@graph":[{"@type":"WebPage","@id":"https:\/\/rapidomotosport.hr\/it\/proizvod\/aprilia-tuareg-660-mivv-exhaust-dakar-black-slip-on-silencer-2025\/","url":"https:\/\/rapidomotosport.hr\/it\/proizvod\/aprilia-tuareg-660-mivv-exhaust-dakar-black-slip-on-silencer-2025\/","name":"APRILIA TUAREG 660 MIVV Exhaust DAKAR Black Slip-On Silencer 2025-2026 - Rapido Motosport","isPartOf":{"@id":"https:\/\/rapidomotosport.hr\/it\/#website"},"primaryImageOfPage":{"@id":"https:\/\/rapidomotosport.hr\/it\/proizvod\/aprilia-tuareg-660-mivv-exhaust-dakar-black-slip-on-silencer-2025\/#primaryimage"},"image":{"@id":"https:\/\/rapidomotosport.hr\/it\/proizvod\/aprilia-tuareg-660-mivv-exhaust-dakar-black-slip-on-silencer-2025\/#primaryimage"},"thumbnailUrl":"https:\/\/rapidomotosport.hr\/wp-content\/uploads\/2025\/11\/1-min-3.png","datePublished":"2025-12-14T14:36:28+00:00","dateModified":"2026-04-07T20:51:37+00:00","breadcrumb":{"@id":"https:\/\/rapidomotosport.hr\/it\/proizvod\/aprilia-tuareg-660-mivv-exhaust-dakar-black-slip-on-silencer-2025\/#breadcrumb"},"inLanguage":"it-IT","potentialAction":[{"@type":"ReadAction","target":["https:\/\/rapidomotosport.hr\/it\/proizvod\/aprilia-tuareg-660-mivv-exhaust-dakar-black-slip-on-silencer-2025\/"]}]},{"@type":"ImageObject","inLanguage":"it-IT","@id":"https:\/\/rapidomotosport.hr\/it\/proizvod\/aprilia-tuareg-660-mivv-exhaust-dakar-black-slip-on-silencer-2025\/#primaryimage","url":"https:\/\/rapidomotosport.hr\/wp-content\/uploads\/2025\/11\/1-min-3.png","contentUrl":"https:\/\/rapidomotosport.hr\/wp-content\/uploads\/2025\/11\/1-min-3.png","width":2048,"height":1536},{"@type":"BreadcrumbList","@id":"https:\/\/rapidomotosport.hr\/it\/proizvod\/aprilia-tuareg-660-mivv-exhaust-dakar-black-slip-on-silencer-2025\/#breadcrumb","itemListElement":[{"@type":"ListItem","position":1,"name":"Po\u010detna stranica","item":"https:\/\/rapidomotosport.hr\/it\/"},{"@type":"ListItem","position":2,"name":"Negozio","item":"https:\/\/rapidomotosport.hr\/it\/negozio\/"},{"@type":"ListItem","position":3,"name":"APRILIA TUAREG 660 MIVV Exhaust DAKAR Black Slip-On Silencer 2025-2026"}]},{"@type":"WebSite","@id":"https:\/\/rapidomotosport.hr\/it\/#website","url":"https:\/\/rapidomotosport.hr\/it\/","name":"Rapido Motosport","description":"","potentialAction":[{"@type":"SearchAction","target":{"@type":"EntryPoint","urlTemplate":"https:\/\/rapidomotosport.hr\/it\/?s={search_term_string}"},"query-input":{"@type":"PropertyValueSpecification","valueRequired":true,"valueName":"search_term_string"}}],"inLanguage":"it-IT"}]}},"_links":{"self":[{"href":"https:\/\/rapidomotosport.hr\/it\/wp-json\/wp\/v2\/product\/40224","targetHints":{"allow":["GET"]}}],"collection":[{"href":"https:\/\/rapidomotosport.hr\/it\/wp-json\/wp\/v2\/product"}],"about":[{"href":"https:\/\/rapidomotosport.hr\/it\/wp-json\/wp\/v2\/types\/product"}],"wp:featuredmedia":[{"embeddable":true,"href":"https:\/\/rapidomotosport.hr\/it\/wp-json\/wp\/v2\/media\/25560"}],"wp:attachment":[{"href":"https:\/\/rapidomotosport.hr\/it\/wp-json\/wp\/v2\/media?parent=40224"}],"wp:term":[{"taxonomy":"product_brand","embeddable":true,"href":"https:\/\/rapidomotosport.hr\/it\/wp-json\/wp\/v2\/product_brand?post=40224"},{"taxonomy":"product_cat","embeddable":true,"href":"https:\/\/rapidomotosport.hr\/it\/wp-json\/wp\/v2\/product_cat?post=40224"},{"taxonomy":"product_tag","embeddable":true,"href":"https:\/\/rapidomotosport.hr\/it\/wp-json\/wp\/v2\/product_tag?post=40224"}],"curies":[{"name":"wp","href":"https:\/\/api.w.org\/{rel}","templated":true}]}}