{"id":40491,"date":"2025-12-14T22:04:31","date_gmt":"2025-12-14T21:04:31","guid":{"rendered":"https:\/\/rapidomotosport.hr\/?post_type=product&#038;p=40491"},"modified":"2026-04-06T20:52:49","modified_gmt":"2026-04-06T18:52:49","slug":"aprilia-rsv4-leovince-exhaust-lv-corsa-black-slip-on-silencer-2019-2020","status":"publish","type":"product","link":"https:\/\/rapidomotosport.hr\/it\/proizvod\/aprilia-rsv4-leovince-exhaust-lv-corsa-black-slip-on-silencer-2019-2020\/","title":{"rendered":"APRILIA RSV4 LeoVince Exhaust LV CORSA Black Slip-On Silencer 2019-2020"},"content":{"rendered":"","protected":false},"excerpt":{"rendered":"<p>LV Corsa Black Edition predstavlja maksimalni izraz utrka\u0161ke tehnologije prenesene na cestu: razvili smo ga u suradnji s najboljim timovima na Svjetskim prvenstvima, kako biste u svakoj zavojitoj dionici svakodnevne vo\u017enje do\u017eivjeli istu senzaciju kao na stazi.<\/p>\n<p>Osmislili smo ga bez kompromisa. Njegov oblik inspiriran je onim koje proizvodimo za najbolje timove u svijetu utrka: jednostavan, kompaktan, bitan. LV Corsa Black Edition daje va\u0161em motociklu utrka\u0161ki izgled o kojem sanjate i predstavlja prekrasnu nijansu crne kojom mo\u017eete odjenuti svoj motocikl.<\/p>\n<p>LV Corsa Black Edition izra\u0111en je od nehr\u0111aju\u0107eg \u010delika AISI 304 kako bi vam pru\u017eio neograni\u010dene performanse. Odabrali smo ovaj materijal jer su izdr\u017eljivost i otpornost na koroziju klju\u010dni za dugotrajno o\u010duvanje utrka\u0161kog osje\u0107aja koji tra\u017eite. S Black Edition izdanjem, LeoVince pobolj\u0161ava LV Corsu uvo\u0111enjem duboke mat crne boje: keramika na bazi boje koja nagla\u0161ava oblik ispuha agresivnijim izgledom, pru\u017eaju\u0107i najbolju otpornost na visoke temperature i ogrebotine.<\/p>\n<p>Zvuk LV Corsa Black Edition izvanredno je prepoznatljiv. Razvijaju\u0107i ovaj ispu\u0161ni sustav, koristili smo otvoreni oblik ku\u0107i\u0161ta koji omogu\u0107uje brz i direktan protok ispu\u0161nih plinova, pode\u0161avaju\u0107i zvuk LV Corsa Black Edition do najdubljih i najutrka\u0161kijih tonova koje ste ikada \u010duli: pravi zvuk staze, bez kompromisa, kona\u010dno dostupan za va\u0161 motocikl.<\/p>\n<p>NAPOMENA: NIJE HOMOLOGIRANO<\/p>\n","protected":false},"featured_media":40495,"template":"","meta":[],"product_brand":[],"product_cat":[17,18],"product_tag":[],"class_list":{"0":"post-40491","1":"product","2":"type-product","3":"status-publish","4":"has-post-thumbnail","6":"product_cat-ispusni-sustavi","7":"product_cat-aprilia","9":"first","10":"instock","11":"sale","12":"shipping-taxable","13":"purchasable","14":"product-type-simple"},"yoast_head":"<!-- This site is optimized with the Yoast SEO plugin v27.5 - https:\/\/yoast.com\/product\/yoast-seo-wordpress\/ -->\n<title>APRILIA RSV4 LeoVince Exhaust LV CORSA Black Slip-On Silencer 2019-2020 - Rapido Motosport<\/title>\n<meta name=\"robots\" content=\"index, follow, max-snippet:-1, max-image-preview:large, max-video-preview:-1\" \/>\n<link rel=\"canonical\" href=\"https:\/\/rapidomotosport.hr\/it\/proizvod\/aprilia-rsv4-leovince-exhaust-lv-corsa-black-slip-on-silencer-2019-2020\/\" \/>\n<meta property=\"og:locale\" content=\"it_IT\" \/>\n<meta property=\"og:type\" content=\"article\" \/>\n<meta property=\"og:title\" content=\"APRILIA RSV4 LeoVince Exhaust LV CORSA Black Slip-On Silencer 2019-2020 - Rapido Motosport\" \/>\n<meta property=\"og:description\" content=\"LV Corsa Black Edition predstavlja maksimalni izraz utrka\u0161ke tehnologije prenesene na cestu: razvili smo ga u suradnji s najboljim timovima na Svjetskim prvenstvima, kako biste u svakoj zavojitoj dionici svakodnevne vo\u017enje do\u017eivjeli istu senzaciju kao na stazi.  Osmislili smo ga bez kompromisa. Njegov oblik inspiriran je onim koje proizvodimo za najbolje timove u svijetu utrka: jednostavan, kompaktan, bitan. LV Corsa Black Edition daje va\u0161em motociklu utrka\u0161ki izgled o kojem sanjate i predstavlja prekrasnu nijansu crne kojom mo\u017eete odjenuti svoj motocikl.  LV Corsa Black Edition izra\u0111en je od nehr\u0111aju\u0107eg \u010delika AISI 304 kako bi vam pru\u017eio neograni\u010dene performanse. Odabrali smo ovaj materijal jer su izdr\u017eljivost i otpornost na koroziju klju\u010dni za dugotrajno o\u010duvanje utrka\u0161kog osje\u0107aja koji tra\u017eite. S Black Edition izdanjem, LeoVince pobolj\u0161ava LV Corsu uvo\u0111enjem duboke mat crne boje: keramika na bazi boje koja nagla\u0161ava oblik ispuha agresivnijim izgledom, pru\u017eaju\u0107i najbolju otpornost na visoke temperature i ogrebotine.  Zvuk LV Corsa Black Edition izvanredno je prepoznatljiv. Razvijaju\u0107i ovaj ispu\u0161ni sustav, koristili smo otvoreni oblik ku\u0107i\u0161ta koji omogu\u0107uje brz i direktan protok ispu\u0161nih plinova, pode\u0161avaju\u0107i zvuk LV Corsa Black Edition do najdubljih i najutrka\u0161kijih tonova koje ste ikada \u010duli: pravi zvuk staze, bez kompromisa, kona\u010dno dostupan za va\u0161 motocikl.  NAPOMENA: NIJE HOMOLOGIRANO\" \/>\n<meta property=\"og:url\" content=\"https:\/\/rapidomotosport.hr\/it\/proizvod\/aprilia-rsv4-leovince-exhaust-lv-corsa-black-slip-on-silencer-2019-2020\/\" \/>\n<meta property=\"og:site_name\" content=\"Rapido Motosport\" \/>\n<meta property=\"article:modified_time\" content=\"2026-04-06T18:52:49+00:00\" \/>\n<meta property=\"og:image\" content=\"https:\/\/rapidomotosport.hr\/wp-content\/uploads\/2025\/12\/LV-CORSA-BLACK-EDITION-4.png\" \/>\n\t<meta property=\"og:image:width\" content=\"2048\" \/>\n\t<meta property=\"og:image:height\" content=\"1536\" \/>\n\t<meta property=\"og:image:type\" content=\"image\/png\" \/>\n<meta name=\"twitter:card\" content=\"summary_large_image\" \/>\n<meta name=\"twitter:label1\" content=\"Tempo di lettura stimato\" \/>\n\t<meta name=\"twitter:data1\" content=\"1 minuto\" \/>\n<script type=\"application\/ld+json\" class=\"yoast-schema-graph\">{\"@context\":\"https:\\\/\\\/schema.org\",\"@graph\":[{\"@type\":\"WebPage\",\"@id\":\"https:\\\/\\\/rapidomotosport.hr\\\/it\\\/proizvod\\\/aprilia-rsv4-leovince-exhaust-lv-corsa-black-slip-on-silencer-2019-2020\\\/\",\"url\":\"https:\\\/\\\/rapidomotosport.hr\\\/it\\\/proizvod\\\/aprilia-rsv4-leovince-exhaust-lv-corsa-black-slip-on-silencer-2019-2020\\\/\",\"name\":\"APRILIA RSV4 LeoVince Exhaust LV CORSA Black Slip-On Silencer 2019-2020 - Rapido Motosport\",\"isPartOf\":{\"@id\":\"https:\\\/\\\/rapidomotosport.hr\\\/it\\\/#website\"},\"primaryImageOfPage\":{\"@id\":\"https:\\\/\\\/rapidomotosport.hr\\\/it\\\/proizvod\\\/aprilia-rsv4-leovince-exhaust-lv-corsa-black-slip-on-silencer-2019-2020\\\/#primaryimage\"},\"image\":{\"@id\":\"https:\\\/\\\/rapidomotosport.hr\\\/it\\\/proizvod\\\/aprilia-rsv4-leovince-exhaust-lv-corsa-black-slip-on-silencer-2019-2020\\\/#primaryimage\"},\"thumbnailUrl\":\"https:\\\/\\\/rapidomotosport.hr\\\/wp-content\\\/uploads\\\/2025\\\/12\\\/LV-CORSA-BLACK-EDITION-4.png\",\"datePublished\":\"2025-12-14T21:04:31+00:00\",\"dateModified\":\"2026-04-06T18:52:49+00:00\",\"breadcrumb\":{\"@id\":\"https:\\\/\\\/rapidomotosport.hr\\\/it\\\/proizvod\\\/aprilia-rsv4-leovince-exhaust-lv-corsa-black-slip-on-silencer-2019-2020\\\/#breadcrumb\"},\"inLanguage\":\"it-IT\",\"potentialAction\":[{\"@type\":\"ReadAction\",\"target\":[\"https:\\\/\\\/rapidomotosport.hr\\\/it\\\/proizvod\\\/aprilia-rsv4-leovince-exhaust-lv-corsa-black-slip-on-silencer-2019-2020\\\/\"]}]},{\"@type\":\"ImageObject\",\"inLanguage\":\"it-IT\",\"@id\":\"https:\\\/\\\/rapidomotosport.hr\\\/it\\\/proizvod\\\/aprilia-rsv4-leovince-exhaust-lv-corsa-black-slip-on-silencer-2019-2020\\\/#primaryimage\",\"url\":\"https:\\\/\\\/rapidomotosport.hr\\\/wp-content\\\/uploads\\\/2025\\\/12\\\/LV-CORSA-BLACK-EDITION-4.png\",\"contentUrl\":\"https:\\\/\\\/rapidomotosport.hr\\\/wp-content\\\/uploads\\\/2025\\\/12\\\/LV-CORSA-BLACK-EDITION-4.png\",\"width\":2048,\"height\":1536},{\"@type\":\"BreadcrumbList\",\"@id\":\"https:\\\/\\\/rapidomotosport.hr\\\/it\\\/proizvod\\\/aprilia-rsv4-leovince-exhaust-lv-corsa-black-slip-on-silencer-2019-2020\\\/#breadcrumb\",\"itemListElement\":[{\"@type\":\"ListItem\",\"position\":1,\"name\":\"Po\u010detna stranica\",\"item\":\"https:\\\/\\\/rapidomotosport.hr\\\/it\\\/\"},{\"@type\":\"ListItem\",\"position\":2,\"name\":\"Negozio\",\"item\":\"https:\\\/\\\/rapidomotosport.hr\\\/it\\\/negozio\\\/\"},{\"@type\":\"ListItem\",\"position\":3,\"name\":\"APRILIA RSV4 LeoVince Exhaust LV CORSA Black Slip-On Silencer 2019-2020\"}]},{\"@type\":\"WebSite\",\"@id\":\"https:\\\/\\\/rapidomotosport.hr\\\/it\\\/#website\",\"url\":\"https:\\\/\\\/rapidomotosport.hr\\\/it\\\/\",\"name\":\"Rapido Motosport\",\"description\":\"\",\"potentialAction\":[{\"@type\":\"SearchAction\",\"target\":{\"@type\":\"EntryPoint\",\"urlTemplate\":\"https:\\\/\\\/rapidomotosport.hr\\\/it\\\/?s={search_term_string}\"},\"query-input\":{\"@type\":\"PropertyValueSpecification\",\"valueRequired\":true,\"valueName\":\"search_term_string\"}}],\"inLanguage\":\"it-IT\"}]}<\/script>\n<!-- \/ Yoast SEO plugin. -->","yoast_head_json":{"title":"APRILIA RSV4 LeoVince Exhaust LV CORSA Black Slip-On Silencer 2019-2020 - Rapido Motosport","robots":{"index":"index","follow":"follow","max-snippet":"max-snippet:-1","max-image-preview":"max-image-preview:large","max-video-preview":"max-video-preview:-1"},"canonical":"https:\/\/rapidomotosport.hr\/it\/proizvod\/aprilia-rsv4-leovince-exhaust-lv-corsa-black-slip-on-silencer-2019-2020\/","og_locale":"it_IT","og_type":"article","og_title":"APRILIA RSV4 LeoVince Exhaust LV CORSA Black Slip-On Silencer 2019-2020 - Rapido Motosport","og_description":"LV Corsa Black Edition predstavlja maksimalni izraz utrka\u0161ke tehnologije prenesene na cestu: razvili smo ga u suradnji s najboljim timovima na Svjetskim prvenstvima, kako biste u svakoj zavojitoj dionici svakodnevne vo\u017enje do\u017eivjeli istu senzaciju kao na stazi.  Osmislili smo ga bez kompromisa. Njegov oblik inspiriran je onim koje proizvodimo za najbolje timove u svijetu utrka: jednostavan, kompaktan, bitan. LV Corsa Black Edition daje va\u0161em motociklu utrka\u0161ki izgled o kojem sanjate i predstavlja prekrasnu nijansu crne kojom mo\u017eete odjenuti svoj motocikl.  LV Corsa Black Edition izra\u0111en je od nehr\u0111aju\u0107eg \u010delika AISI 304 kako bi vam pru\u017eio neograni\u010dene performanse. Odabrali smo ovaj materijal jer su izdr\u017eljivost i otpornost na koroziju klju\u010dni za dugotrajno o\u010duvanje utrka\u0161kog osje\u0107aja koji tra\u017eite. S Black Edition izdanjem, LeoVince pobolj\u0161ava LV Corsu uvo\u0111enjem duboke mat crne boje: keramika na bazi boje koja nagla\u0161ava oblik ispuha agresivnijim izgledom, pru\u017eaju\u0107i najbolju otpornost na visoke temperature i ogrebotine.  Zvuk LV Corsa Black Edition izvanredno je prepoznatljiv. Razvijaju\u0107i ovaj ispu\u0161ni sustav, koristili smo otvoreni oblik ku\u0107i\u0161ta koji omogu\u0107uje brz i direktan protok ispu\u0161nih plinova, pode\u0161avaju\u0107i zvuk LV Corsa Black Edition do najdubljih i najutrka\u0161kijih tonova koje ste ikada \u010duli: pravi zvuk staze, bez kompromisa, kona\u010dno dostupan za va\u0161 motocikl.  NAPOMENA: NIJE HOMOLOGIRANO","og_url":"https:\/\/rapidomotosport.hr\/it\/proizvod\/aprilia-rsv4-leovince-exhaust-lv-corsa-black-slip-on-silencer-2019-2020\/","og_site_name":"Rapido Motosport","article_modified_time":"2026-04-06T18:52:49+00:00","og_image":[{"width":2048,"height":1536,"url":"https:\/\/rapidomotosport.hr\/wp-content\/uploads\/2025\/12\/LV-CORSA-BLACK-EDITION-4.png","type":"image\/png"}],"twitter_card":"summary_large_image","twitter_misc":{"Tempo di lettura stimato":"1 minuto"},"schema":{"@context":"https:\/\/schema.org","@graph":[{"@type":"WebPage","@id":"https:\/\/rapidomotosport.hr\/it\/proizvod\/aprilia-rsv4-leovince-exhaust-lv-corsa-black-slip-on-silencer-2019-2020\/","url":"https:\/\/rapidomotosport.hr\/it\/proizvod\/aprilia-rsv4-leovince-exhaust-lv-corsa-black-slip-on-silencer-2019-2020\/","name":"APRILIA RSV4 LeoVince Exhaust LV CORSA Black Slip-On Silencer 2019-2020 - Rapido Motosport","isPartOf":{"@id":"https:\/\/rapidomotosport.hr\/it\/#website"},"primaryImageOfPage":{"@id":"https:\/\/rapidomotosport.hr\/it\/proizvod\/aprilia-rsv4-leovince-exhaust-lv-corsa-black-slip-on-silencer-2019-2020\/#primaryimage"},"image":{"@id":"https:\/\/rapidomotosport.hr\/it\/proizvod\/aprilia-rsv4-leovince-exhaust-lv-corsa-black-slip-on-silencer-2019-2020\/#primaryimage"},"thumbnailUrl":"https:\/\/rapidomotosport.hr\/wp-content\/uploads\/2025\/12\/LV-CORSA-BLACK-EDITION-4.png","datePublished":"2025-12-14T21:04:31+00:00","dateModified":"2026-04-06T18:52:49+00:00","breadcrumb":{"@id":"https:\/\/rapidomotosport.hr\/it\/proizvod\/aprilia-rsv4-leovince-exhaust-lv-corsa-black-slip-on-silencer-2019-2020\/#breadcrumb"},"inLanguage":"it-IT","potentialAction":[{"@type":"ReadAction","target":["https:\/\/rapidomotosport.hr\/it\/proizvod\/aprilia-rsv4-leovince-exhaust-lv-corsa-black-slip-on-silencer-2019-2020\/"]}]},{"@type":"ImageObject","inLanguage":"it-IT","@id":"https:\/\/rapidomotosport.hr\/it\/proizvod\/aprilia-rsv4-leovince-exhaust-lv-corsa-black-slip-on-silencer-2019-2020\/#primaryimage","url":"https:\/\/rapidomotosport.hr\/wp-content\/uploads\/2025\/12\/LV-CORSA-BLACK-EDITION-4.png","contentUrl":"https:\/\/rapidomotosport.hr\/wp-content\/uploads\/2025\/12\/LV-CORSA-BLACK-EDITION-4.png","width":2048,"height":1536},{"@type":"BreadcrumbList","@id":"https:\/\/rapidomotosport.hr\/it\/proizvod\/aprilia-rsv4-leovince-exhaust-lv-corsa-black-slip-on-silencer-2019-2020\/#breadcrumb","itemListElement":[{"@type":"ListItem","position":1,"name":"Po\u010detna stranica","item":"https:\/\/rapidomotosport.hr\/it\/"},{"@type":"ListItem","position":2,"name":"Negozio","item":"https:\/\/rapidomotosport.hr\/it\/negozio\/"},{"@type":"ListItem","position":3,"name":"APRILIA RSV4 LeoVince Exhaust LV CORSA Black Slip-On Silencer 2019-2020"}]},{"@type":"WebSite","@id":"https:\/\/rapidomotosport.hr\/it\/#website","url":"https:\/\/rapidomotosport.hr\/it\/","name":"Rapido Motosport","description":"","potentialAction":[{"@type":"SearchAction","target":{"@type":"EntryPoint","urlTemplate":"https:\/\/rapidomotosport.hr\/it\/?s={search_term_string}"},"query-input":{"@type":"PropertyValueSpecification","valueRequired":true,"valueName":"search_term_string"}}],"inLanguage":"it-IT"}]}},"_links":{"self":[{"href":"https:\/\/rapidomotosport.hr\/it\/wp-json\/wp\/v2\/product\/40491","targetHints":{"allow":["GET"]}}],"collection":[{"href":"https:\/\/rapidomotosport.hr\/it\/wp-json\/wp\/v2\/product"}],"about":[{"href":"https:\/\/rapidomotosport.hr\/it\/wp-json\/wp\/v2\/types\/product"}],"wp:featuredmedia":[{"embeddable":true,"href":"https:\/\/rapidomotosport.hr\/it\/wp-json\/wp\/v2\/media\/40495"}],"wp:attachment":[{"href":"https:\/\/rapidomotosport.hr\/it\/wp-json\/wp\/v2\/media?parent=40491"}],"wp:term":[{"taxonomy":"product_brand","embeddable":true,"href":"https:\/\/rapidomotosport.hr\/it\/wp-json\/wp\/v2\/product_brand?post=40491"},{"taxonomy":"product_cat","embeddable":true,"href":"https:\/\/rapidomotosport.hr\/it\/wp-json\/wp\/v2\/product_cat?post=40491"},{"taxonomy":"product_tag","embeddable":true,"href":"https:\/\/rapidomotosport.hr\/it\/wp-json\/wp\/v2\/product_tag?post=40491"}],"curies":[{"name":"wp","href":"https:\/\/api.w.org\/{rel}","templated":true}]}}