{"id":41145,"date":"2025-12-16T14:12:52","date_gmt":"2025-12-16T13:12:52","guid":{"rendered":"https:\/\/rapidomotosport.hr\/?post_type=product&#038;p=41145"},"modified":"2026-01-16T16:02:13","modified_gmt":"2026-01-16T15:02:13","slug":"bmw-f-900-xr-leovince-exhaust-factory-s-black-slip-on-silencer-2020-2024","status":"publish","type":"product","link":"https:\/\/rapidomotosport.hr\/it\/proizvod\/bmw-f-900-xr-leovince-exhaust-factory-s-black-slip-on-silencer-2020-2024\/","title":{"rendered":"BMW F 900 XR LeoVince Exhaust FACTORY S Black Slip-On Silencer 2020-2024"},"content":{"rendered":"","protected":false},"excerpt":{"rendered":"<p>Talijanski duh i borbena du\u0161a. Sve objedinjeno u tamnom izgledu. Ispu\u0161ni sustav LeoVince Factory S Black Edition predstavlja samu bit istra\u017eivanja tvrtke LeoVince, koja znanje i iskustvo razvijeno u natjecanjima prilago\u0111ava svakom modelu za koji je Factory S Black Edition namijenjen.<\/p>\n<p>Ku\u0107i\u0161te Factory S Black Edition odlikuje se crnom bojom na kerami\u010dkoj osnovi, otpornom na visoke temperature. Ispu\u0161ni sustav opremljen je zavr\u0161nim poklopcem od karbonskih vlakana, oboga\u0107enim mat prozirnim premazom radi maksimalne otpornosti na UV zra\u010denje.<\/p>\n","protected":false},"featured_media":41133,"template":"","meta":[],"product_brand":[],"product_cat":[17,19],"product_tag":[],"class_list":{"0":"post-41145","1":"product","2":"type-product","3":"status-publish","4":"has-post-thumbnail","6":"product_cat-ispusni-sustavi","7":"product_cat-bmw","9":"first","10":"instock","11":"sale","12":"shipping-taxable","13":"purchasable","14":"product-type-simple"},"yoast_head":"<!-- This site is optimized with the Yoast SEO plugin v27.5 - https:\/\/yoast.com\/product\/yoast-seo-wordpress\/ -->\n<title>BMW F 900 XR LeoVince Exhaust FACTORY S Black Slip-On Silencer 2020-2024 - Rapido Motosport<\/title>\n<meta name=\"robots\" content=\"index, follow, max-snippet:-1, max-image-preview:large, max-video-preview:-1\" \/>\n<link rel=\"canonical\" href=\"https:\/\/rapidomotosport.hr\/it\/proizvod\/bmw-f-900-xr-leovince-exhaust-factory-s-black-slip-on-silencer-2020-2024\/\" \/>\n<meta property=\"og:locale\" content=\"it_IT\" \/>\n<meta property=\"og:type\" content=\"article\" \/>\n<meta property=\"og:title\" content=\"BMW F 900 XR LeoVince Exhaust FACTORY S Black Slip-On Silencer 2020-2024 - Rapido Motosport\" \/>\n<meta property=\"og:description\" content=\"Talijanski duh i borbena du\u0161a. Sve objedinjeno u tamnom izgledu. Ispu\u0161ni sustav LeoVince Factory S Black Edition predstavlja samu bit istra\u017eivanja tvrtke LeoVince, koja znanje i iskustvo razvijeno u natjecanjima prilago\u0111ava svakom modelu za koji je Factory S Black Edition namijenjen.  Ku\u0107i\u0161te Factory S Black Edition odlikuje se crnom bojom na kerami\u010dkoj osnovi, otpornom na visoke temperature. Ispu\u0161ni sustav opremljen je zavr\u0161nim poklopcem od karbonskih vlakana, oboga\u0107enim mat prozirnim premazom radi maksimalne otpornosti na UV zra\u010denje.\" \/>\n<meta property=\"og:url\" content=\"https:\/\/rapidomotosport.hr\/it\/proizvod\/bmw-f-900-xr-leovince-exhaust-factory-s-black-slip-on-silencer-2020-2024\/\" \/>\n<meta property=\"og:site_name\" content=\"Rapido Motosport\" \/>\n<meta property=\"article:modified_time\" content=\"2026-01-16T15:02:13+00:00\" \/>\n<meta property=\"og:image\" content=\"https:\/\/rapidomotosport.hr\/wp-content\/uploads\/2025\/12\/FACTORY-S-BLACK-EDITION-2.png\" \/>\n\t<meta property=\"og:image:width\" content=\"2048\" \/>\n\t<meta property=\"og:image:height\" content=\"1536\" \/>\n\t<meta property=\"og:image:type\" content=\"image\/png\" \/>\n<meta name=\"twitter:card\" content=\"summary_large_image\" \/>\n<meta name=\"twitter:label1\" content=\"Tempo di lettura stimato\" \/>\n\t<meta name=\"twitter:data1\" content=\"1 minuto\" \/>\n<script type=\"application\/ld+json\" class=\"yoast-schema-graph\">{\"@context\":\"https:\\\/\\\/schema.org\",\"@graph\":[{\"@type\":\"WebPage\",\"@id\":\"https:\\\/\\\/rapidomotosport.hr\\\/it\\\/proizvod\\\/bmw-f-900-xr-leovince-exhaust-factory-s-black-slip-on-silencer-2020-2024\\\/\",\"url\":\"https:\\\/\\\/rapidomotosport.hr\\\/it\\\/proizvod\\\/bmw-f-900-xr-leovince-exhaust-factory-s-black-slip-on-silencer-2020-2024\\\/\",\"name\":\"BMW F 900 XR LeoVince Exhaust FACTORY S Black Slip-On Silencer 2020-2024 - Rapido Motosport\",\"isPartOf\":{\"@id\":\"https:\\\/\\\/rapidomotosport.hr\\\/it\\\/#website\"},\"primaryImageOfPage\":{\"@id\":\"https:\\\/\\\/rapidomotosport.hr\\\/it\\\/proizvod\\\/bmw-f-900-xr-leovince-exhaust-factory-s-black-slip-on-silencer-2020-2024\\\/#primaryimage\"},\"image\":{\"@id\":\"https:\\\/\\\/rapidomotosport.hr\\\/it\\\/proizvod\\\/bmw-f-900-xr-leovince-exhaust-factory-s-black-slip-on-silencer-2020-2024\\\/#primaryimage\"},\"thumbnailUrl\":\"https:\\\/\\\/rapidomotosport.hr\\\/wp-content\\\/uploads\\\/2025\\\/12\\\/FACTORY-S-BLACK-EDITION-2.png\",\"datePublished\":\"2025-12-16T13:12:52+00:00\",\"dateModified\":\"2026-01-16T15:02:13+00:00\",\"breadcrumb\":{\"@id\":\"https:\\\/\\\/rapidomotosport.hr\\\/it\\\/proizvod\\\/bmw-f-900-xr-leovince-exhaust-factory-s-black-slip-on-silencer-2020-2024\\\/#breadcrumb\"},\"inLanguage\":\"it-IT\",\"potentialAction\":[{\"@type\":\"ReadAction\",\"target\":[\"https:\\\/\\\/rapidomotosport.hr\\\/it\\\/proizvod\\\/bmw-f-900-xr-leovince-exhaust-factory-s-black-slip-on-silencer-2020-2024\\\/\"]}]},{\"@type\":\"ImageObject\",\"inLanguage\":\"it-IT\",\"@id\":\"https:\\\/\\\/rapidomotosport.hr\\\/it\\\/proizvod\\\/bmw-f-900-xr-leovince-exhaust-factory-s-black-slip-on-silencer-2020-2024\\\/#primaryimage\",\"url\":\"https:\\\/\\\/rapidomotosport.hr\\\/wp-content\\\/uploads\\\/2025\\\/12\\\/FACTORY-S-BLACK-EDITION-2.png\",\"contentUrl\":\"https:\\\/\\\/rapidomotosport.hr\\\/wp-content\\\/uploads\\\/2025\\\/12\\\/FACTORY-S-BLACK-EDITION-2.png\",\"width\":2048,\"height\":1536},{\"@type\":\"BreadcrumbList\",\"@id\":\"https:\\\/\\\/rapidomotosport.hr\\\/it\\\/proizvod\\\/bmw-f-900-xr-leovince-exhaust-factory-s-black-slip-on-silencer-2020-2024\\\/#breadcrumb\",\"itemListElement\":[{\"@type\":\"ListItem\",\"position\":1,\"name\":\"Po\u010detna stranica\",\"item\":\"https:\\\/\\\/rapidomotosport.hr\\\/it\\\/\"},{\"@type\":\"ListItem\",\"position\":2,\"name\":\"Negozio\",\"item\":\"https:\\\/\\\/rapidomotosport.hr\\\/it\\\/negozio\\\/\"},{\"@type\":\"ListItem\",\"position\":3,\"name\":\"BMW F 900 XR LeoVince Exhaust FACTORY S Black Slip-On Silencer 2020-2024\"}]},{\"@type\":\"WebSite\",\"@id\":\"https:\\\/\\\/rapidomotosport.hr\\\/it\\\/#website\",\"url\":\"https:\\\/\\\/rapidomotosport.hr\\\/it\\\/\",\"name\":\"Rapido Motosport\",\"description\":\"\",\"potentialAction\":[{\"@type\":\"SearchAction\",\"target\":{\"@type\":\"EntryPoint\",\"urlTemplate\":\"https:\\\/\\\/rapidomotosport.hr\\\/it\\\/?s={search_term_string}\"},\"query-input\":{\"@type\":\"PropertyValueSpecification\",\"valueRequired\":true,\"valueName\":\"search_term_string\"}}],\"inLanguage\":\"it-IT\"}]}<\/script>\n<!-- \/ Yoast SEO plugin. -->","yoast_head_json":{"title":"BMW F 900 XR LeoVince Exhaust FACTORY S Black Slip-On Silencer 2020-2024 - Rapido Motosport","robots":{"index":"index","follow":"follow","max-snippet":"max-snippet:-1","max-image-preview":"max-image-preview:large","max-video-preview":"max-video-preview:-1"},"canonical":"https:\/\/rapidomotosport.hr\/it\/proizvod\/bmw-f-900-xr-leovince-exhaust-factory-s-black-slip-on-silencer-2020-2024\/","og_locale":"it_IT","og_type":"article","og_title":"BMW F 900 XR LeoVince Exhaust FACTORY S Black Slip-On Silencer 2020-2024 - Rapido Motosport","og_description":"Talijanski duh i borbena du\u0161a. Sve objedinjeno u tamnom izgledu. Ispu\u0161ni sustav LeoVince Factory S Black Edition predstavlja samu bit istra\u017eivanja tvrtke LeoVince, koja znanje i iskustvo razvijeno u natjecanjima prilago\u0111ava svakom modelu za koji je Factory S Black Edition namijenjen.  Ku\u0107i\u0161te Factory S Black Edition odlikuje se crnom bojom na kerami\u010dkoj osnovi, otpornom na visoke temperature. Ispu\u0161ni sustav opremljen je zavr\u0161nim poklopcem od karbonskih vlakana, oboga\u0107enim mat prozirnim premazom radi maksimalne otpornosti na UV zra\u010denje.","og_url":"https:\/\/rapidomotosport.hr\/it\/proizvod\/bmw-f-900-xr-leovince-exhaust-factory-s-black-slip-on-silencer-2020-2024\/","og_site_name":"Rapido Motosport","article_modified_time":"2026-01-16T15:02:13+00:00","og_image":[{"width":2048,"height":1536,"url":"https:\/\/rapidomotosport.hr\/wp-content\/uploads\/2025\/12\/FACTORY-S-BLACK-EDITION-2.png","type":"image\/png"}],"twitter_card":"summary_large_image","twitter_misc":{"Tempo di lettura stimato":"1 minuto"},"schema":{"@context":"https:\/\/schema.org","@graph":[{"@type":"WebPage","@id":"https:\/\/rapidomotosport.hr\/it\/proizvod\/bmw-f-900-xr-leovince-exhaust-factory-s-black-slip-on-silencer-2020-2024\/","url":"https:\/\/rapidomotosport.hr\/it\/proizvod\/bmw-f-900-xr-leovince-exhaust-factory-s-black-slip-on-silencer-2020-2024\/","name":"BMW F 900 XR LeoVince Exhaust FACTORY S Black Slip-On Silencer 2020-2024 - Rapido Motosport","isPartOf":{"@id":"https:\/\/rapidomotosport.hr\/it\/#website"},"primaryImageOfPage":{"@id":"https:\/\/rapidomotosport.hr\/it\/proizvod\/bmw-f-900-xr-leovince-exhaust-factory-s-black-slip-on-silencer-2020-2024\/#primaryimage"},"image":{"@id":"https:\/\/rapidomotosport.hr\/it\/proizvod\/bmw-f-900-xr-leovince-exhaust-factory-s-black-slip-on-silencer-2020-2024\/#primaryimage"},"thumbnailUrl":"https:\/\/rapidomotosport.hr\/wp-content\/uploads\/2025\/12\/FACTORY-S-BLACK-EDITION-2.png","datePublished":"2025-12-16T13:12:52+00:00","dateModified":"2026-01-16T15:02:13+00:00","breadcrumb":{"@id":"https:\/\/rapidomotosport.hr\/it\/proizvod\/bmw-f-900-xr-leovince-exhaust-factory-s-black-slip-on-silencer-2020-2024\/#breadcrumb"},"inLanguage":"it-IT","potentialAction":[{"@type":"ReadAction","target":["https:\/\/rapidomotosport.hr\/it\/proizvod\/bmw-f-900-xr-leovince-exhaust-factory-s-black-slip-on-silencer-2020-2024\/"]}]},{"@type":"ImageObject","inLanguage":"it-IT","@id":"https:\/\/rapidomotosport.hr\/it\/proizvod\/bmw-f-900-xr-leovince-exhaust-factory-s-black-slip-on-silencer-2020-2024\/#primaryimage","url":"https:\/\/rapidomotosport.hr\/wp-content\/uploads\/2025\/12\/FACTORY-S-BLACK-EDITION-2.png","contentUrl":"https:\/\/rapidomotosport.hr\/wp-content\/uploads\/2025\/12\/FACTORY-S-BLACK-EDITION-2.png","width":2048,"height":1536},{"@type":"BreadcrumbList","@id":"https:\/\/rapidomotosport.hr\/it\/proizvod\/bmw-f-900-xr-leovince-exhaust-factory-s-black-slip-on-silencer-2020-2024\/#breadcrumb","itemListElement":[{"@type":"ListItem","position":1,"name":"Po\u010detna stranica","item":"https:\/\/rapidomotosport.hr\/it\/"},{"@type":"ListItem","position":2,"name":"Negozio","item":"https:\/\/rapidomotosport.hr\/it\/negozio\/"},{"@type":"ListItem","position":3,"name":"BMW F 900 XR LeoVince Exhaust FACTORY S Black Slip-On Silencer 2020-2024"}]},{"@type":"WebSite","@id":"https:\/\/rapidomotosport.hr\/it\/#website","url":"https:\/\/rapidomotosport.hr\/it\/","name":"Rapido Motosport","description":"","potentialAction":[{"@type":"SearchAction","target":{"@type":"EntryPoint","urlTemplate":"https:\/\/rapidomotosport.hr\/it\/?s={search_term_string}"},"query-input":{"@type":"PropertyValueSpecification","valueRequired":true,"valueName":"search_term_string"}}],"inLanguage":"it-IT"}]}},"_links":{"self":[{"href":"https:\/\/rapidomotosport.hr\/it\/wp-json\/wp\/v2\/product\/41145","targetHints":{"allow":["GET"]}}],"collection":[{"href":"https:\/\/rapidomotosport.hr\/it\/wp-json\/wp\/v2\/product"}],"about":[{"href":"https:\/\/rapidomotosport.hr\/it\/wp-json\/wp\/v2\/types\/product"}],"wp:featuredmedia":[{"embeddable":true,"href":"https:\/\/rapidomotosport.hr\/it\/wp-json\/wp\/v2\/media\/41133"}],"wp:attachment":[{"href":"https:\/\/rapidomotosport.hr\/it\/wp-json\/wp\/v2\/media?parent=41145"}],"wp:term":[{"taxonomy":"product_brand","embeddable":true,"href":"https:\/\/rapidomotosport.hr\/it\/wp-json\/wp\/v2\/product_brand?post=41145"},{"taxonomy":"product_cat","embeddable":true,"href":"https:\/\/rapidomotosport.hr\/it\/wp-json\/wp\/v2\/product_cat?post=41145"},{"taxonomy":"product_tag","embeddable":true,"href":"https:\/\/rapidomotosport.hr\/it\/wp-json\/wp\/v2\/product_tag?post=41145"}],"curies":[{"name":"wp","href":"https:\/\/api.w.org\/{rel}","templated":true}]}}