{"id":41265,"date":"2025-12-16T15:09:43","date_gmt":"2025-12-16T14:09:43","guid":{"rendered":"https:\/\/rapidomotosport.hr\/?post_type=product&#038;p=41265"},"modified":"2026-04-17T23:17:29","modified_gmt":"2026-04-17T21:17:29","slug":"bmw-s-1000-rr-leovince-exhaust-lv-corsa-carbon-slip-on-silencer-2019-2024","status":"publish","type":"product","link":"https:\/\/rapidomotosport.hr\/it\/proizvod\/bmw-s-1000-rr-leovince-exhaust-lv-corsa-carbon-slip-on-silencer-2019-2024\/","title":{"rendered":"BMW S 1000 RR LeoVince Exhaust LV CORSA Carbon Slip-On Silencer 2019-2024"},"content":{"rendered":"","protected":false},"excerpt":{"rendered":"<p>LV Corsa Carbon Fiber predstavlja vrhunac utrka\u0161ke tehnologije prenesene na cestu: razvili smo ga u suradnji s najboljim timovima na Svjetskim prvenstvima kako bismo vam omogu\u0107ili istu senzaciju s piste u svakom zavoju va\u0161e svakodnevne vo\u017enje.<\/p>\n<p>Osmislili smo ga bez kompromisa. Njegov oblik inspiriran je onime \u0161to proizvodimo za najbolje timove u svijetu utrka: jednostavno, kompaktno, su\u0161tinski. LV Corsa Carbon Fiber odijeva va\u0161 motocikl u utrka\u0161ki izgled o kojem sanjate.<\/p>\n<p>Omota\u010d LV Corsa Carbon Fiber izra\u0111ujemo od dvostrukog sloja 2&#215;2 twill pre-preg karbonskih vlakana, posebno razvijenih da izdr\u017ee visoke temperature, pritom \u010dine\u0107i auspuh jo\u0161 lak\u0161im. Za LV Corsa Carbon Fiber odabrali smo mat zavr\u0161nu obradu kako bismo dodatno istaknuli utrka\u0161ki izgled va\u0161eg auspuha.<\/p>\n<p>Zvuk LV Corsa Carbon Fiber je neponovljiv. Razvijaju\u0107i ovaj auspuh, koristili smo otvoreni oblik tijela koji omogu\u0107uje brz i izravan protok ispu\u0161nih plinova, pode\u0161avaju\u0107i zvuk LV Corsa Carbon Fiber na najdublje i najutrka\u0161kije note koje ste ikada \u010duli: pravi zvuk staze, bez kompromisa, kona\u010dno dostupan za va\u0161 motocikl.<\/p>\n<p>NAPOMENA: NIJE HOMOLOGIRANO<\/p>\n","protected":false},"featured_media":41266,"template":"","meta":[],"product_brand":[],"product_cat":[17,19],"product_tag":[],"class_list":{"0":"post-41265","1":"product","2":"type-product","3":"status-publish","4":"has-post-thumbnail","6":"product_cat-ispusni-sustavi","7":"product_cat-bmw","9":"first","10":"instock","11":"sale","12":"shipping-taxable","13":"purchasable","14":"product-type-simple"},"yoast_head":"<!-- This site is optimized with the Yoast SEO plugin v27.5 - https:\/\/yoast.com\/product\/yoast-seo-wordpress\/ -->\n<title>BMW S 1000 RR LeoVince Exhaust LV CORSA Carbon Slip-On Silencer 2019-2024 - Rapido Motosport<\/title>\n<meta name=\"robots\" content=\"index, follow, max-snippet:-1, max-image-preview:large, max-video-preview:-1\" \/>\n<link rel=\"canonical\" href=\"https:\/\/rapidomotosport.hr\/it\/proizvod\/bmw-s-1000-rr-leovince-exhaust-lv-corsa-carbon-slip-on-silencer-2019-2024\/\" \/>\n<meta property=\"og:locale\" content=\"it_IT\" \/>\n<meta property=\"og:type\" content=\"article\" \/>\n<meta property=\"og:title\" content=\"BMW S 1000 RR LeoVince Exhaust LV CORSA Carbon Slip-On Silencer 2019-2024 - Rapido Motosport\" \/>\n<meta property=\"og:description\" content=\"LV Corsa Carbon Fiber predstavlja vrhunac utrka\u0161ke tehnologije prenesene na cestu: razvili smo ga u suradnji s najboljim timovima na Svjetskim prvenstvima kako bismo vam omogu\u0107ili istu senzaciju s piste u svakom zavoju va\u0161e svakodnevne vo\u017enje.  Osmislili smo ga bez kompromisa. Njegov oblik inspiriran je onime \u0161to proizvodimo za najbolje timove u svijetu utrka: jednostavno, kompaktno, su\u0161tinski. LV Corsa Carbon Fiber odijeva va\u0161 motocikl u utrka\u0161ki izgled o kojem sanjate.  Omota\u010d LV Corsa Carbon Fiber izra\u0111ujemo od dvostrukog sloja 2x2 twill pre-preg karbonskih vlakana, posebno razvijenih da izdr\u017ee visoke temperature, pritom \u010dine\u0107i auspuh jo\u0161 lak\u0161im. Za LV Corsa Carbon Fiber odabrali smo mat zavr\u0161nu obradu kako bismo dodatno istaknuli utrka\u0161ki izgled va\u0161eg auspuha.  Zvuk LV Corsa Carbon Fiber je neponovljiv. Razvijaju\u0107i ovaj auspuh, koristili smo otvoreni oblik tijela koji omogu\u0107uje brz i izravan protok ispu\u0161nih plinova, pode\u0161avaju\u0107i zvuk LV Corsa Carbon Fiber na najdublje i najutrka\u0161kije note koje ste ikada \u010duli: pravi zvuk staze, bez kompromisa, kona\u010dno dostupan za va\u0161 motocikl.  NAPOMENA: NIJE HOMOLOGIRANO\" \/>\n<meta property=\"og:url\" content=\"https:\/\/rapidomotosport.hr\/it\/proizvod\/bmw-s-1000-rr-leovince-exhaust-lv-corsa-carbon-slip-on-silencer-2019-2024\/\" \/>\n<meta property=\"og:site_name\" content=\"Rapido Motosport\" \/>\n<meta property=\"article:modified_time\" content=\"2026-04-17T21:17:29+00:00\" \/>\n<meta property=\"og:image\" content=\"https:\/\/rapidomotosport.hr\/wp-content\/uploads\/2025\/12\/LV-CORSA-CARBON-FIBER-5.png\" \/>\n\t<meta property=\"og:image:width\" content=\"2048\" \/>\n\t<meta property=\"og:image:height\" content=\"1536\" \/>\n\t<meta property=\"og:image:type\" content=\"image\/png\" \/>\n<meta name=\"twitter:card\" content=\"summary_large_image\" \/>\n<meta name=\"twitter:label1\" content=\"Tempo di lettura stimato\" \/>\n\t<meta name=\"twitter:data1\" content=\"1 minuto\" \/>\n<script type=\"application\/ld+json\" class=\"yoast-schema-graph\">{\"@context\":\"https:\\\/\\\/schema.org\",\"@graph\":[{\"@type\":\"WebPage\",\"@id\":\"https:\\\/\\\/rapidomotosport.hr\\\/it\\\/proizvod\\\/bmw-s-1000-rr-leovince-exhaust-lv-corsa-carbon-slip-on-silencer-2019-2024\\\/\",\"url\":\"https:\\\/\\\/rapidomotosport.hr\\\/it\\\/proizvod\\\/bmw-s-1000-rr-leovince-exhaust-lv-corsa-carbon-slip-on-silencer-2019-2024\\\/\",\"name\":\"BMW S 1000 RR LeoVince Exhaust LV CORSA Carbon Slip-On Silencer 2019-2024 - Rapido Motosport\",\"isPartOf\":{\"@id\":\"https:\\\/\\\/rapidomotosport.hr\\\/it\\\/#website\"},\"primaryImageOfPage\":{\"@id\":\"https:\\\/\\\/rapidomotosport.hr\\\/it\\\/proizvod\\\/bmw-s-1000-rr-leovince-exhaust-lv-corsa-carbon-slip-on-silencer-2019-2024\\\/#primaryimage\"},\"image\":{\"@id\":\"https:\\\/\\\/rapidomotosport.hr\\\/it\\\/proizvod\\\/bmw-s-1000-rr-leovince-exhaust-lv-corsa-carbon-slip-on-silencer-2019-2024\\\/#primaryimage\"},\"thumbnailUrl\":\"https:\\\/\\\/rapidomotosport.hr\\\/wp-content\\\/uploads\\\/2025\\\/12\\\/LV-CORSA-CARBON-FIBER-5.png\",\"datePublished\":\"2025-12-16T14:09:43+00:00\",\"dateModified\":\"2026-04-17T21:17:29+00:00\",\"breadcrumb\":{\"@id\":\"https:\\\/\\\/rapidomotosport.hr\\\/it\\\/proizvod\\\/bmw-s-1000-rr-leovince-exhaust-lv-corsa-carbon-slip-on-silencer-2019-2024\\\/#breadcrumb\"},\"inLanguage\":\"it-IT\",\"potentialAction\":[{\"@type\":\"ReadAction\",\"target\":[\"https:\\\/\\\/rapidomotosport.hr\\\/it\\\/proizvod\\\/bmw-s-1000-rr-leovince-exhaust-lv-corsa-carbon-slip-on-silencer-2019-2024\\\/\"]}]},{\"@type\":\"ImageObject\",\"inLanguage\":\"it-IT\",\"@id\":\"https:\\\/\\\/rapidomotosport.hr\\\/it\\\/proizvod\\\/bmw-s-1000-rr-leovince-exhaust-lv-corsa-carbon-slip-on-silencer-2019-2024\\\/#primaryimage\",\"url\":\"https:\\\/\\\/rapidomotosport.hr\\\/wp-content\\\/uploads\\\/2025\\\/12\\\/LV-CORSA-CARBON-FIBER-5.png\",\"contentUrl\":\"https:\\\/\\\/rapidomotosport.hr\\\/wp-content\\\/uploads\\\/2025\\\/12\\\/LV-CORSA-CARBON-FIBER-5.png\",\"width\":2048,\"height\":1536},{\"@type\":\"BreadcrumbList\",\"@id\":\"https:\\\/\\\/rapidomotosport.hr\\\/it\\\/proizvod\\\/bmw-s-1000-rr-leovince-exhaust-lv-corsa-carbon-slip-on-silencer-2019-2024\\\/#breadcrumb\",\"itemListElement\":[{\"@type\":\"ListItem\",\"position\":1,\"name\":\"Po\u010detna stranica\",\"item\":\"https:\\\/\\\/rapidomotosport.hr\\\/it\\\/\"},{\"@type\":\"ListItem\",\"position\":2,\"name\":\"Negozio\",\"item\":\"https:\\\/\\\/rapidomotosport.hr\\\/it\\\/negozio\\\/\"},{\"@type\":\"ListItem\",\"position\":3,\"name\":\"BMW S 1000 RR LeoVince Exhaust LV CORSA Carbon Slip-On Silencer 2019-2024\"}]},{\"@type\":\"WebSite\",\"@id\":\"https:\\\/\\\/rapidomotosport.hr\\\/it\\\/#website\",\"url\":\"https:\\\/\\\/rapidomotosport.hr\\\/it\\\/\",\"name\":\"Rapido Motosport\",\"description\":\"\",\"potentialAction\":[{\"@type\":\"SearchAction\",\"target\":{\"@type\":\"EntryPoint\",\"urlTemplate\":\"https:\\\/\\\/rapidomotosport.hr\\\/it\\\/?s={search_term_string}\"},\"query-input\":{\"@type\":\"PropertyValueSpecification\",\"valueRequired\":true,\"valueName\":\"search_term_string\"}}],\"inLanguage\":\"it-IT\"}]}<\/script>\n<!-- \/ Yoast SEO plugin. -->","yoast_head_json":{"title":"BMW S 1000 RR LeoVince Exhaust LV CORSA Carbon Slip-On Silencer 2019-2024 - Rapido Motosport","robots":{"index":"index","follow":"follow","max-snippet":"max-snippet:-1","max-image-preview":"max-image-preview:large","max-video-preview":"max-video-preview:-1"},"canonical":"https:\/\/rapidomotosport.hr\/it\/proizvod\/bmw-s-1000-rr-leovince-exhaust-lv-corsa-carbon-slip-on-silencer-2019-2024\/","og_locale":"it_IT","og_type":"article","og_title":"BMW S 1000 RR LeoVince Exhaust LV CORSA Carbon Slip-On Silencer 2019-2024 - Rapido Motosport","og_description":"LV Corsa Carbon Fiber predstavlja vrhunac utrka\u0161ke tehnologije prenesene na cestu: razvili smo ga u suradnji s najboljim timovima na Svjetskim prvenstvima kako bismo vam omogu\u0107ili istu senzaciju s piste u svakom zavoju va\u0161e svakodnevne vo\u017enje.  Osmislili smo ga bez kompromisa. Njegov oblik inspiriran je onime \u0161to proizvodimo za najbolje timove u svijetu utrka: jednostavno, kompaktno, su\u0161tinski. LV Corsa Carbon Fiber odijeva va\u0161 motocikl u utrka\u0161ki izgled o kojem sanjate.  Omota\u010d LV Corsa Carbon Fiber izra\u0111ujemo od dvostrukog sloja 2x2 twill pre-preg karbonskih vlakana, posebno razvijenih da izdr\u017ee visoke temperature, pritom \u010dine\u0107i auspuh jo\u0161 lak\u0161im. Za LV Corsa Carbon Fiber odabrali smo mat zavr\u0161nu obradu kako bismo dodatno istaknuli utrka\u0161ki izgled va\u0161eg auspuha.  Zvuk LV Corsa Carbon Fiber je neponovljiv. Razvijaju\u0107i ovaj auspuh, koristili smo otvoreni oblik tijela koji omogu\u0107uje brz i izravan protok ispu\u0161nih plinova, pode\u0161avaju\u0107i zvuk LV Corsa Carbon Fiber na najdublje i najutrka\u0161kije note koje ste ikada \u010duli: pravi zvuk staze, bez kompromisa, kona\u010dno dostupan za va\u0161 motocikl.  NAPOMENA: NIJE HOMOLOGIRANO","og_url":"https:\/\/rapidomotosport.hr\/it\/proizvod\/bmw-s-1000-rr-leovince-exhaust-lv-corsa-carbon-slip-on-silencer-2019-2024\/","og_site_name":"Rapido Motosport","article_modified_time":"2026-04-17T21:17:29+00:00","og_image":[{"width":2048,"height":1536,"url":"https:\/\/rapidomotosport.hr\/wp-content\/uploads\/2025\/12\/LV-CORSA-CARBON-FIBER-5.png","type":"image\/png"}],"twitter_card":"summary_large_image","twitter_misc":{"Tempo di lettura stimato":"1 minuto"},"schema":{"@context":"https:\/\/schema.org","@graph":[{"@type":"WebPage","@id":"https:\/\/rapidomotosport.hr\/it\/proizvod\/bmw-s-1000-rr-leovince-exhaust-lv-corsa-carbon-slip-on-silencer-2019-2024\/","url":"https:\/\/rapidomotosport.hr\/it\/proizvod\/bmw-s-1000-rr-leovince-exhaust-lv-corsa-carbon-slip-on-silencer-2019-2024\/","name":"BMW S 1000 RR LeoVince Exhaust LV CORSA Carbon Slip-On Silencer 2019-2024 - Rapido Motosport","isPartOf":{"@id":"https:\/\/rapidomotosport.hr\/it\/#website"},"primaryImageOfPage":{"@id":"https:\/\/rapidomotosport.hr\/it\/proizvod\/bmw-s-1000-rr-leovince-exhaust-lv-corsa-carbon-slip-on-silencer-2019-2024\/#primaryimage"},"image":{"@id":"https:\/\/rapidomotosport.hr\/it\/proizvod\/bmw-s-1000-rr-leovince-exhaust-lv-corsa-carbon-slip-on-silencer-2019-2024\/#primaryimage"},"thumbnailUrl":"https:\/\/rapidomotosport.hr\/wp-content\/uploads\/2025\/12\/LV-CORSA-CARBON-FIBER-5.png","datePublished":"2025-12-16T14:09:43+00:00","dateModified":"2026-04-17T21:17:29+00:00","breadcrumb":{"@id":"https:\/\/rapidomotosport.hr\/it\/proizvod\/bmw-s-1000-rr-leovince-exhaust-lv-corsa-carbon-slip-on-silencer-2019-2024\/#breadcrumb"},"inLanguage":"it-IT","potentialAction":[{"@type":"ReadAction","target":["https:\/\/rapidomotosport.hr\/it\/proizvod\/bmw-s-1000-rr-leovince-exhaust-lv-corsa-carbon-slip-on-silencer-2019-2024\/"]}]},{"@type":"ImageObject","inLanguage":"it-IT","@id":"https:\/\/rapidomotosport.hr\/it\/proizvod\/bmw-s-1000-rr-leovince-exhaust-lv-corsa-carbon-slip-on-silencer-2019-2024\/#primaryimage","url":"https:\/\/rapidomotosport.hr\/wp-content\/uploads\/2025\/12\/LV-CORSA-CARBON-FIBER-5.png","contentUrl":"https:\/\/rapidomotosport.hr\/wp-content\/uploads\/2025\/12\/LV-CORSA-CARBON-FIBER-5.png","width":2048,"height":1536},{"@type":"BreadcrumbList","@id":"https:\/\/rapidomotosport.hr\/it\/proizvod\/bmw-s-1000-rr-leovince-exhaust-lv-corsa-carbon-slip-on-silencer-2019-2024\/#breadcrumb","itemListElement":[{"@type":"ListItem","position":1,"name":"Po\u010detna stranica","item":"https:\/\/rapidomotosport.hr\/it\/"},{"@type":"ListItem","position":2,"name":"Negozio","item":"https:\/\/rapidomotosport.hr\/it\/negozio\/"},{"@type":"ListItem","position":3,"name":"BMW S 1000 RR LeoVince Exhaust LV CORSA Carbon Slip-On Silencer 2019-2024"}]},{"@type":"WebSite","@id":"https:\/\/rapidomotosport.hr\/it\/#website","url":"https:\/\/rapidomotosport.hr\/it\/","name":"Rapido Motosport","description":"","potentialAction":[{"@type":"SearchAction","target":{"@type":"EntryPoint","urlTemplate":"https:\/\/rapidomotosport.hr\/it\/?s={search_term_string}"},"query-input":{"@type":"PropertyValueSpecification","valueRequired":true,"valueName":"search_term_string"}}],"inLanguage":"it-IT"}]}},"_links":{"self":[{"href":"https:\/\/rapidomotosport.hr\/it\/wp-json\/wp\/v2\/product\/41265","targetHints":{"allow":["GET"]}}],"collection":[{"href":"https:\/\/rapidomotosport.hr\/it\/wp-json\/wp\/v2\/product"}],"about":[{"href":"https:\/\/rapidomotosport.hr\/it\/wp-json\/wp\/v2\/types\/product"}],"wp:featuredmedia":[{"embeddable":true,"href":"https:\/\/rapidomotosport.hr\/it\/wp-json\/wp\/v2\/media\/41266"}],"wp:attachment":[{"href":"https:\/\/rapidomotosport.hr\/it\/wp-json\/wp\/v2\/media?parent=41265"}],"wp:term":[{"taxonomy":"product_brand","embeddable":true,"href":"https:\/\/rapidomotosport.hr\/it\/wp-json\/wp\/v2\/product_brand?post=41265"},{"taxonomy":"product_cat","embeddable":true,"href":"https:\/\/rapidomotosport.hr\/it\/wp-json\/wp\/v2\/product_cat?post=41265"},{"taxonomy":"product_tag","embeddable":true,"href":"https:\/\/rapidomotosport.hr\/it\/wp-json\/wp\/v2\/product_tag?post=41265"}],"curies":[{"name":"wp","href":"https:\/\/api.w.org\/{rel}","templated":true}]}}