{"id":45685,"date":"2026-01-16T00:09:37","date_gmt":"2026-01-15T23:09:37","guid":{"rendered":"https:\/\/rapidomotosport.hr\/?post_type=product&#038;p=45685"},"modified":"2026-01-16T00:10:25","modified_gmt":"2026-01-15T23:10:25","slug":"bmw-m-1000-rr-akrapovic-track-day-link-pipe-ss-2019-2026","status":"publish","type":"product","link":"https:\/\/rapidomotosport.hr\/it\/proizvod\/bmw-m-1000-rr-akrapovic-track-day-link-pipe-ss-2019-2026\/","title":{"rendered":"BMW M 1000 RR Akrapovi\u010d Track Day Link Pipe (SS) 2019-2026"},"content":{"rendered":"","protected":false},"excerpt":{"rendered":"<p>Ova spojna cijev od nehr\u0111aju\u0107eg \u010delika s rezonatorom namijenjena je za uporabu na track day doga\u0111anjima. Razvijena je isklju\u010divo za zatvorene trka\u0107e staze i za uporabu u kombinaciji s ispu\u0161nim sustavima Akrapovi\u010d Evolution i Racing Line (Titanium). Smanjuje razinu buke (stati\u010dka razina buke pri 5.500 o\/min, prema mjerenjima Akrapovi\u010da) te pru\u017ea sportski zvuk. Remapiranje ECU-a je obavezno.<\/p>\n<p>Prilikom ugradnje Track Day spojne cijevi (SS) na motocikle opremljene aftermarket trka\u0107im oplatama mo\u017ee biti potrebna manja preinaka donjeg dijela.<\/p>\n<p>NAPOMENA: NIJE HOMOLOGIRANO<\/p>\n","protected":false},"featured_media":45686,"template":"","meta":[],"product_brand":[],"product_cat":[17],"product_tag":[],"class_list":{"0":"post-45685","1":"product","2":"type-product","3":"status-publish","4":"has-post-thumbnail","6":"product_cat-ispusni-sustavi","8":"first","9":"instock","10":"sale","11":"shipping-taxable","12":"purchasable","13":"product-type-simple"},"yoast_head":"<!-- This site is optimized with the Yoast SEO plugin v27.5 - https:\/\/yoast.com\/product\/yoast-seo-wordpress\/ -->\n<title>BMW M 1000 RR Akrapovi\u010d Track Day Link Pipe (SS) 2019-2026 - Rapido Motosport<\/title>\n<meta name=\"robots\" content=\"index, follow, max-snippet:-1, max-image-preview:large, max-video-preview:-1\" \/>\n<link rel=\"canonical\" href=\"https:\/\/rapidomotosport.hr\/it\/proizvod\/bmw-m-1000-rr-akrapovic-track-day-link-pipe-ss-2019-2026\/\" \/>\n<meta property=\"og:locale\" content=\"it_IT\" \/>\n<meta property=\"og:type\" content=\"article\" \/>\n<meta property=\"og:title\" content=\"BMW M 1000 RR Akrapovi\u010d Track Day Link Pipe (SS) 2019-2026 - Rapido Motosport\" \/>\n<meta property=\"og:description\" content=\"Ova spojna cijev od nehr\u0111aju\u0107eg \u010delika s rezonatorom namijenjena je za uporabu na track day doga\u0111anjima. Razvijena je isklju\u010divo za zatvorene trka\u0107e staze i za uporabu u kombinaciji s ispu\u0161nim sustavima Akrapovi\u010d Evolution i Racing Line (Titanium). Smanjuje razinu buke (stati\u010dka razina buke pri 5.500 o\/min, prema mjerenjima Akrapovi\u010da) te pru\u017ea sportski zvuk. Remapiranje ECU-a je obavezno.  Prilikom ugradnje Track Day spojne cijevi (SS) na motocikle opremljene aftermarket trka\u0107im oplatama mo\u017ee biti potrebna manja preinaka donjeg dijela.  NAPOMENA: NIJE HOMOLOGIRANO\" \/>\n<meta property=\"og:url\" content=\"https:\/\/rapidomotosport.hr\/it\/proizvod\/bmw-m-1000-rr-akrapovic-track-day-link-pipe-ss-2019-2026\/\" \/>\n<meta property=\"og:site_name\" content=\"Rapido Motosport\" \/>\n<meta property=\"article:modified_time\" content=\"2026-01-15T23:10:25+00:00\" \/>\n<meta property=\"og:image\" content=\"https:\/\/rapidomotosport.hr\/wp-content\/uploads\/2026\/01\/4cb4ae22-06fd-4023-8c91-e1bb5d7abc1e.png\" \/>\n\t<meta property=\"og:image:width\" content=\"2362\" \/>\n\t<meta property=\"og:image:height\" content=\"1769\" \/>\n\t<meta property=\"og:image:type\" content=\"image\/png\" \/>\n<meta name=\"twitter:card\" content=\"summary_large_image\" \/>\n<meta name=\"twitter:label1\" content=\"Tempo di lettura stimato\" \/>\n\t<meta name=\"twitter:data1\" content=\"1 minuto\" \/>\n<script type=\"application\/ld+json\" class=\"yoast-schema-graph\">{\"@context\":\"https:\\\/\\\/schema.org\",\"@graph\":[{\"@type\":\"WebPage\",\"@id\":\"https:\\\/\\\/rapidomotosport.hr\\\/it\\\/proizvod\\\/bmw-m-1000-rr-akrapovic-track-day-link-pipe-ss-2019-2026\\\/\",\"url\":\"https:\\\/\\\/rapidomotosport.hr\\\/it\\\/proizvod\\\/bmw-m-1000-rr-akrapovic-track-day-link-pipe-ss-2019-2026\\\/\",\"name\":\"BMW M 1000 RR Akrapovi\u010d Track Day Link Pipe (SS) 2019-2026 - Rapido Motosport\",\"isPartOf\":{\"@id\":\"https:\\\/\\\/rapidomotosport.hr\\\/it\\\/#website\"},\"primaryImageOfPage\":{\"@id\":\"https:\\\/\\\/rapidomotosport.hr\\\/it\\\/proizvod\\\/bmw-m-1000-rr-akrapovic-track-day-link-pipe-ss-2019-2026\\\/#primaryimage\"},\"image\":{\"@id\":\"https:\\\/\\\/rapidomotosport.hr\\\/it\\\/proizvod\\\/bmw-m-1000-rr-akrapovic-track-day-link-pipe-ss-2019-2026\\\/#primaryimage\"},\"thumbnailUrl\":\"https:\\\/\\\/rapidomotosport.hr\\\/wp-content\\\/uploads\\\/2026\\\/01\\\/4cb4ae22-06fd-4023-8c91-e1bb5d7abc1e.png\",\"datePublished\":\"2026-01-15T23:09:37+00:00\",\"dateModified\":\"2026-01-15T23:10:25+00:00\",\"breadcrumb\":{\"@id\":\"https:\\\/\\\/rapidomotosport.hr\\\/it\\\/proizvod\\\/bmw-m-1000-rr-akrapovic-track-day-link-pipe-ss-2019-2026\\\/#breadcrumb\"},\"inLanguage\":\"it-IT\",\"potentialAction\":[{\"@type\":\"ReadAction\",\"target\":[\"https:\\\/\\\/rapidomotosport.hr\\\/it\\\/proizvod\\\/bmw-m-1000-rr-akrapovic-track-day-link-pipe-ss-2019-2026\\\/\"]}]},{\"@type\":\"ImageObject\",\"inLanguage\":\"it-IT\",\"@id\":\"https:\\\/\\\/rapidomotosport.hr\\\/it\\\/proizvod\\\/bmw-m-1000-rr-akrapovic-track-day-link-pipe-ss-2019-2026\\\/#primaryimage\",\"url\":\"https:\\\/\\\/rapidomotosport.hr\\\/wp-content\\\/uploads\\\/2026\\\/01\\\/4cb4ae22-06fd-4023-8c91-e1bb5d7abc1e.png\",\"contentUrl\":\"https:\\\/\\\/rapidomotosport.hr\\\/wp-content\\\/uploads\\\/2026\\\/01\\\/4cb4ae22-06fd-4023-8c91-e1bb5d7abc1e.png\",\"width\":2362,\"height\":1769},{\"@type\":\"BreadcrumbList\",\"@id\":\"https:\\\/\\\/rapidomotosport.hr\\\/it\\\/proizvod\\\/bmw-m-1000-rr-akrapovic-track-day-link-pipe-ss-2019-2026\\\/#breadcrumb\",\"itemListElement\":[{\"@type\":\"ListItem\",\"position\":1,\"name\":\"Po\u010detna stranica\",\"item\":\"https:\\\/\\\/rapidomotosport.hr\\\/it\\\/\"},{\"@type\":\"ListItem\",\"position\":2,\"name\":\"Negozio\",\"item\":\"https:\\\/\\\/rapidomotosport.hr\\\/it\\\/negozio\\\/\"},{\"@type\":\"ListItem\",\"position\":3,\"name\":\"BMW M 1000 RR Akrapovi\u010d Track Day Link Pipe (SS) 2019-2026\"}]},{\"@type\":\"WebSite\",\"@id\":\"https:\\\/\\\/rapidomotosport.hr\\\/it\\\/#website\",\"url\":\"https:\\\/\\\/rapidomotosport.hr\\\/it\\\/\",\"name\":\"Rapido Motosport\",\"description\":\"\",\"potentialAction\":[{\"@type\":\"SearchAction\",\"target\":{\"@type\":\"EntryPoint\",\"urlTemplate\":\"https:\\\/\\\/rapidomotosport.hr\\\/it\\\/?s={search_term_string}\"},\"query-input\":{\"@type\":\"PropertyValueSpecification\",\"valueRequired\":true,\"valueName\":\"search_term_string\"}}],\"inLanguage\":\"it-IT\"}]}<\/script>\n<!-- \/ Yoast SEO plugin. -->","yoast_head_json":{"title":"BMW M 1000 RR Akrapovi\u010d Track Day Link Pipe (SS) 2019-2026 - Rapido Motosport","robots":{"index":"index","follow":"follow","max-snippet":"max-snippet:-1","max-image-preview":"max-image-preview:large","max-video-preview":"max-video-preview:-1"},"canonical":"https:\/\/rapidomotosport.hr\/it\/proizvod\/bmw-m-1000-rr-akrapovic-track-day-link-pipe-ss-2019-2026\/","og_locale":"it_IT","og_type":"article","og_title":"BMW M 1000 RR Akrapovi\u010d Track Day Link Pipe (SS) 2019-2026 - Rapido Motosport","og_description":"Ova spojna cijev od nehr\u0111aju\u0107eg \u010delika s rezonatorom namijenjena je za uporabu na track day doga\u0111anjima. Razvijena je isklju\u010divo za zatvorene trka\u0107e staze i za uporabu u kombinaciji s ispu\u0161nim sustavima Akrapovi\u010d Evolution i Racing Line (Titanium). Smanjuje razinu buke (stati\u010dka razina buke pri 5.500 o\/min, prema mjerenjima Akrapovi\u010da) te pru\u017ea sportski zvuk. Remapiranje ECU-a je obavezno.  Prilikom ugradnje Track Day spojne cijevi (SS) na motocikle opremljene aftermarket trka\u0107im oplatama mo\u017ee biti potrebna manja preinaka donjeg dijela.  NAPOMENA: NIJE HOMOLOGIRANO","og_url":"https:\/\/rapidomotosport.hr\/it\/proizvod\/bmw-m-1000-rr-akrapovic-track-day-link-pipe-ss-2019-2026\/","og_site_name":"Rapido Motosport","article_modified_time":"2026-01-15T23:10:25+00:00","og_image":[{"width":2362,"height":1769,"url":"https:\/\/rapidomotosport.hr\/wp-content\/uploads\/2026\/01\/4cb4ae22-06fd-4023-8c91-e1bb5d7abc1e.png","type":"image\/png"}],"twitter_card":"summary_large_image","twitter_misc":{"Tempo di lettura stimato":"1 minuto"},"schema":{"@context":"https:\/\/schema.org","@graph":[{"@type":"WebPage","@id":"https:\/\/rapidomotosport.hr\/it\/proizvod\/bmw-m-1000-rr-akrapovic-track-day-link-pipe-ss-2019-2026\/","url":"https:\/\/rapidomotosport.hr\/it\/proizvod\/bmw-m-1000-rr-akrapovic-track-day-link-pipe-ss-2019-2026\/","name":"BMW M 1000 RR Akrapovi\u010d Track Day Link Pipe (SS) 2019-2026 - Rapido Motosport","isPartOf":{"@id":"https:\/\/rapidomotosport.hr\/it\/#website"},"primaryImageOfPage":{"@id":"https:\/\/rapidomotosport.hr\/it\/proizvod\/bmw-m-1000-rr-akrapovic-track-day-link-pipe-ss-2019-2026\/#primaryimage"},"image":{"@id":"https:\/\/rapidomotosport.hr\/it\/proizvod\/bmw-m-1000-rr-akrapovic-track-day-link-pipe-ss-2019-2026\/#primaryimage"},"thumbnailUrl":"https:\/\/rapidomotosport.hr\/wp-content\/uploads\/2026\/01\/4cb4ae22-06fd-4023-8c91-e1bb5d7abc1e.png","datePublished":"2026-01-15T23:09:37+00:00","dateModified":"2026-01-15T23:10:25+00:00","breadcrumb":{"@id":"https:\/\/rapidomotosport.hr\/it\/proizvod\/bmw-m-1000-rr-akrapovic-track-day-link-pipe-ss-2019-2026\/#breadcrumb"},"inLanguage":"it-IT","potentialAction":[{"@type":"ReadAction","target":["https:\/\/rapidomotosport.hr\/it\/proizvod\/bmw-m-1000-rr-akrapovic-track-day-link-pipe-ss-2019-2026\/"]}]},{"@type":"ImageObject","inLanguage":"it-IT","@id":"https:\/\/rapidomotosport.hr\/it\/proizvod\/bmw-m-1000-rr-akrapovic-track-day-link-pipe-ss-2019-2026\/#primaryimage","url":"https:\/\/rapidomotosport.hr\/wp-content\/uploads\/2026\/01\/4cb4ae22-06fd-4023-8c91-e1bb5d7abc1e.png","contentUrl":"https:\/\/rapidomotosport.hr\/wp-content\/uploads\/2026\/01\/4cb4ae22-06fd-4023-8c91-e1bb5d7abc1e.png","width":2362,"height":1769},{"@type":"BreadcrumbList","@id":"https:\/\/rapidomotosport.hr\/it\/proizvod\/bmw-m-1000-rr-akrapovic-track-day-link-pipe-ss-2019-2026\/#breadcrumb","itemListElement":[{"@type":"ListItem","position":1,"name":"Po\u010detna stranica","item":"https:\/\/rapidomotosport.hr\/it\/"},{"@type":"ListItem","position":2,"name":"Negozio","item":"https:\/\/rapidomotosport.hr\/it\/negozio\/"},{"@type":"ListItem","position":3,"name":"BMW M 1000 RR Akrapovi\u010d Track Day Link Pipe (SS) 2019-2026"}]},{"@type":"WebSite","@id":"https:\/\/rapidomotosport.hr\/it\/#website","url":"https:\/\/rapidomotosport.hr\/it\/","name":"Rapido Motosport","description":"","potentialAction":[{"@type":"SearchAction","target":{"@type":"EntryPoint","urlTemplate":"https:\/\/rapidomotosport.hr\/it\/?s={search_term_string}"},"query-input":{"@type":"PropertyValueSpecification","valueRequired":true,"valueName":"search_term_string"}}],"inLanguage":"it-IT"}]}},"_links":{"self":[{"href":"https:\/\/rapidomotosport.hr\/it\/wp-json\/wp\/v2\/product\/45685","targetHints":{"allow":["GET"]}}],"collection":[{"href":"https:\/\/rapidomotosport.hr\/it\/wp-json\/wp\/v2\/product"}],"about":[{"href":"https:\/\/rapidomotosport.hr\/it\/wp-json\/wp\/v2\/types\/product"}],"wp:featuredmedia":[{"embeddable":true,"href":"https:\/\/rapidomotosport.hr\/it\/wp-json\/wp\/v2\/media\/45686"}],"wp:attachment":[{"href":"https:\/\/rapidomotosport.hr\/it\/wp-json\/wp\/v2\/media?parent=45685"}],"wp:term":[{"taxonomy":"product_brand","embeddable":true,"href":"https:\/\/rapidomotosport.hr\/it\/wp-json\/wp\/v2\/product_brand?post=45685"},{"taxonomy":"product_cat","embeddable":true,"href":"https:\/\/rapidomotosport.hr\/it\/wp-json\/wp\/v2\/product_cat?post=45685"},{"taxonomy":"product_tag","embeddable":true,"href":"https:\/\/rapidomotosport.hr\/it\/wp-json\/wp\/v2\/product_tag?post=45685"}],"curies":[{"name":"wp","href":"https:\/\/api.w.org\/{rel}","templated":true}]}}