{"id":53489,"date":"2026-03-26T22:53:35","date_gmt":"2026-03-26T21:53:35","guid":{"rendered":"https:\/\/rapidomotosport.hr\/?post_type=product&#038;p=53489"},"modified":"2026-04-17T16:29:21","modified_gmt":"2026-04-17T14:29:21","slug":"aprilia-rsv4-1100-factory-ohlins-ttx-25-cartridge-kit-2020-2025","status":"publish","type":"product","link":"https:\/\/rapidomotosport.hr\/it\/proizvod\/aprilia-rsv4-1100-factory-ohlins-ttx-25-cartridge-kit-2020-2025\/","title":{"rendered":"APRILIA RSV4 \u00d6HLINS TTX 25 CARTRIDGE KIT 2020-2025"},"content":{"rendered":"","protected":false},"excerpt":{"rendered":"<p>FKR cartridge kit inspiriran utrkama koristi tehnologiju razvijenu u Moto3, Moto2 i World Superbike prvenstvima te je namijenjen vrhunskom natjecateljskom kori\u0161tenju.<\/p>\n<p>Opremljen je sustavom s opru\u017enim pritiskom koji, u usporedbi s klasi\u010dnim plinskim sustavom, omogu\u0107uje jednostavniji i korisni\u010dki pristupa\u010dniji dizajn te lak\u0161e odr\u017eavanje. Dodatne prednosti uklju\u010duju izostanak rizika od curenja plina, konzistentnije performanse i kompaktniju konstrukciju.<\/p>\n<p>Primjenom \u00d6hlins TTX tehnologije, novog klipa i klipnja\u010de promjera 8 mm smanjuje se stvaranje tlaka i posti\u017ee br\u017ei odziv prigu\u0161enja. Time se dobivaju linearnije karakteristike prigu\u0161enja, \u0161ire mogu\u0107nosti pode\u0161avanja te pobolj\u0161ano prianjanje, apsorpcija neravnina i stabilnost \u0161asije.<\/p>\n<p>\u2022 Pozicija: prednja<br \/>\n\u2022 Serija opruge: 04744-Serija<br \/>\n\u2022 Polo\u017eaj monta\u017ee: prednji<br \/>\n\u2022 Preporu\u010deno ulje: 01309<br \/>\n\u2022 Uklju\u010deno u pakiranju: opruge 9,5, 10,0, 10,5 N\/mm<br \/>\n\u2022 Pakiranje: komplet \/ kit<\/p>\n","protected":false},"featured_media":53486,"template":"","meta":[],"product_brand":[],"product_cat":[1254],"product_tag":[],"class_list":{"0":"post-53489","1":"product","2":"type-product","3":"status-publish","4":"has-post-thumbnail","6":"product_cat-amortizeri-za-motocikle","8":"first","9":"instock","10":"sale","11":"shipping-taxable","12":"purchasable","13":"product-type-simple"},"yoast_head":"<!-- This site is optimized with the Yoast SEO plugin v27.4 - https:\/\/yoast.com\/product\/yoast-seo-wordpress\/ -->\n<title>APRILIA RSV4 \u00d6HLINS TTX 25 CARTRIDGE KIT 2020-2025 - Rapido Motosport<\/title>\n<meta name=\"robots\" content=\"index, follow, max-snippet:-1, max-image-preview:large, max-video-preview:-1\" \/>\n<link rel=\"canonical\" href=\"https:\/\/rapidomotosport.hr\/it\/proizvod\/aprilia-rsv4-1100-factory-ohlins-ttx-25-cartridge-kit-2020-2025\/\" \/>\n<meta property=\"og:locale\" content=\"it_IT\" \/>\n<meta property=\"og:type\" content=\"article\" \/>\n<meta property=\"og:title\" content=\"APRILIA RSV4 \u00d6HLINS TTX 25 CARTRIDGE KIT 2020-2025 - Rapido Motosport\" \/>\n<meta property=\"og:description\" content=\"FKR cartridge kit inspiriran utrkama koristi tehnologiju razvijenu u Moto3, Moto2 i World Superbike prvenstvima te je namijenjen vrhunskom natjecateljskom kori\u0161tenju.  Opremljen je sustavom s opru\u017enim pritiskom koji, u usporedbi s klasi\u010dnim plinskim sustavom, omogu\u0107uje jednostavniji i korisni\u010dki pristupa\u010dniji dizajn te lak\u0161e odr\u017eavanje. Dodatne prednosti uklju\u010duju izostanak rizika od curenja plina, konzistentnije performanse i kompaktniju konstrukciju.  Primjenom \u00d6hlins TTX tehnologije, novog klipa i klipnja\u010de promjera 8 mm smanjuje se stvaranje tlaka i posti\u017ee br\u017ei odziv prigu\u0161enja. Time se dobivaju linearnije karakteristike prigu\u0161enja, \u0161ire mogu\u0107nosti pode\u0161avanja te pobolj\u0161ano prianjanje, apsorpcija neravnina i stabilnost \u0161asije.  \u2022 Pozicija: prednja \u2022 Serija opruge: 04744-Serija \u2022 Polo\u017eaj monta\u017ee: prednji \u2022 Preporu\u010deno ulje: 01309 \u2022 Uklju\u010deno u pakiranju: opruge 9,5, 10,0, 10,5 N\/mm \u2022 Pakiranje: komplet \/ kit\" \/>\n<meta property=\"og:url\" content=\"https:\/\/rapidomotosport.hr\/it\/proizvod\/aprilia-rsv4-1100-factory-ohlins-ttx-25-cartridge-kit-2020-2025\/\" \/>\n<meta property=\"og:site_name\" content=\"Rapido Motosport\" \/>\n<meta property=\"article:modified_time\" content=\"2026-04-17T14:29:21+00:00\" \/>\n<meta property=\"og:image\" content=\"https:\/\/rapidomotosport.hr\/wp-content\/uploads\/2026\/03\/arbo-8.png\" \/>\n\t<meta property=\"og:image:width\" content=\"2048\" \/>\n\t<meta property=\"og:image:height\" content=\"1536\" \/>\n\t<meta property=\"og:image:type\" content=\"image\/png\" \/>\n<meta name=\"twitter:card\" content=\"summary_large_image\" \/>\n<meta name=\"twitter:label1\" content=\"Tempo di lettura stimato\" \/>\n\t<meta name=\"twitter:data1\" content=\"1 minuto\" \/>\n<script type=\"application\/ld+json\" class=\"yoast-schema-graph\">{\"@context\":\"https:\\\/\\\/schema.org\",\"@graph\":[{\"@type\":\"WebPage\",\"@id\":\"https:\\\/\\\/rapidomotosport.hr\\\/it\\\/proizvod\\\/aprilia-rsv4-1100-factory-ohlins-ttx-25-cartridge-kit-2020-2025\\\/\",\"url\":\"https:\\\/\\\/rapidomotosport.hr\\\/it\\\/proizvod\\\/aprilia-rsv4-1100-factory-ohlins-ttx-25-cartridge-kit-2020-2025\\\/\",\"name\":\"APRILIA RSV4 \u00d6HLINS TTX 25 CARTRIDGE KIT 2020-2025 - Rapido Motosport\",\"isPartOf\":{\"@id\":\"https:\\\/\\\/rapidomotosport.hr\\\/it\\\/#website\"},\"primaryImageOfPage\":{\"@id\":\"https:\\\/\\\/rapidomotosport.hr\\\/it\\\/proizvod\\\/aprilia-rsv4-1100-factory-ohlins-ttx-25-cartridge-kit-2020-2025\\\/#primaryimage\"},\"image\":{\"@id\":\"https:\\\/\\\/rapidomotosport.hr\\\/it\\\/proizvod\\\/aprilia-rsv4-1100-factory-ohlins-ttx-25-cartridge-kit-2020-2025\\\/#primaryimage\"},\"thumbnailUrl\":\"https:\\\/\\\/rapidomotosport.hr\\\/wp-content\\\/uploads\\\/2026\\\/03\\\/arbo-8.png\",\"datePublished\":\"2026-03-26T21:53:35+00:00\",\"dateModified\":\"2026-04-17T14:29:21+00:00\",\"breadcrumb\":{\"@id\":\"https:\\\/\\\/rapidomotosport.hr\\\/it\\\/proizvod\\\/aprilia-rsv4-1100-factory-ohlins-ttx-25-cartridge-kit-2020-2025\\\/#breadcrumb\"},\"inLanguage\":\"it-IT\",\"potentialAction\":[{\"@type\":\"ReadAction\",\"target\":[\"https:\\\/\\\/rapidomotosport.hr\\\/it\\\/proizvod\\\/aprilia-rsv4-1100-factory-ohlins-ttx-25-cartridge-kit-2020-2025\\\/\"]}]},{\"@type\":\"ImageObject\",\"inLanguage\":\"it-IT\",\"@id\":\"https:\\\/\\\/rapidomotosport.hr\\\/it\\\/proizvod\\\/aprilia-rsv4-1100-factory-ohlins-ttx-25-cartridge-kit-2020-2025\\\/#primaryimage\",\"url\":\"https:\\\/\\\/rapidomotosport.hr\\\/wp-content\\\/uploads\\\/2026\\\/03\\\/arbo-8.png\",\"contentUrl\":\"https:\\\/\\\/rapidomotosport.hr\\\/wp-content\\\/uploads\\\/2026\\\/03\\\/arbo-8.png\",\"width\":2048,\"height\":1536},{\"@type\":\"BreadcrumbList\",\"@id\":\"https:\\\/\\\/rapidomotosport.hr\\\/it\\\/proizvod\\\/aprilia-rsv4-1100-factory-ohlins-ttx-25-cartridge-kit-2020-2025\\\/#breadcrumb\",\"itemListElement\":[{\"@type\":\"ListItem\",\"position\":1,\"name\":\"Po\u010detna stranica\",\"item\":\"https:\\\/\\\/rapidomotosport.hr\\\/it\\\/\"},{\"@type\":\"ListItem\",\"position\":2,\"name\":\"Negozio\",\"item\":\"https:\\\/\\\/rapidomotosport.hr\\\/it\\\/negozio\\\/\"},{\"@type\":\"ListItem\",\"position\":3,\"name\":\"APRILIA RSV4 \u00d6HLINS TTX 25 CARTRIDGE KIT 2020-2025\"}]},{\"@type\":\"WebSite\",\"@id\":\"https:\\\/\\\/rapidomotosport.hr\\\/it\\\/#website\",\"url\":\"https:\\\/\\\/rapidomotosport.hr\\\/it\\\/\",\"name\":\"Rapido Motosport\",\"description\":\"\",\"potentialAction\":[{\"@type\":\"SearchAction\",\"target\":{\"@type\":\"EntryPoint\",\"urlTemplate\":\"https:\\\/\\\/rapidomotosport.hr\\\/it\\\/?s={search_term_string}\"},\"query-input\":{\"@type\":\"PropertyValueSpecification\",\"valueRequired\":true,\"valueName\":\"search_term_string\"}}],\"inLanguage\":\"it-IT\"}]}<\/script>\n<!-- \/ Yoast SEO plugin. -->","yoast_head_json":{"title":"APRILIA RSV4 \u00d6HLINS TTX 25 CARTRIDGE KIT 2020-2025 - Rapido Motosport","robots":{"index":"index","follow":"follow","max-snippet":"max-snippet:-1","max-image-preview":"max-image-preview:large","max-video-preview":"max-video-preview:-1"},"canonical":"https:\/\/rapidomotosport.hr\/it\/proizvod\/aprilia-rsv4-1100-factory-ohlins-ttx-25-cartridge-kit-2020-2025\/","og_locale":"it_IT","og_type":"article","og_title":"APRILIA RSV4 \u00d6HLINS TTX 25 CARTRIDGE KIT 2020-2025 - Rapido Motosport","og_description":"FKR cartridge kit inspiriran utrkama koristi tehnologiju razvijenu u Moto3, Moto2 i World Superbike prvenstvima te je namijenjen vrhunskom natjecateljskom kori\u0161tenju.  Opremljen je sustavom s opru\u017enim pritiskom koji, u usporedbi s klasi\u010dnim plinskim sustavom, omogu\u0107uje jednostavniji i korisni\u010dki pristupa\u010dniji dizajn te lak\u0161e odr\u017eavanje. Dodatne prednosti uklju\u010duju izostanak rizika od curenja plina, konzistentnije performanse i kompaktniju konstrukciju.  Primjenom \u00d6hlins TTX tehnologije, novog klipa i klipnja\u010de promjera 8 mm smanjuje se stvaranje tlaka i posti\u017ee br\u017ei odziv prigu\u0161enja. Time se dobivaju linearnije karakteristike prigu\u0161enja, \u0161ire mogu\u0107nosti pode\u0161avanja te pobolj\u0161ano prianjanje, apsorpcija neravnina i stabilnost \u0161asije.  \u2022 Pozicija: prednja \u2022 Serija opruge: 04744-Serija \u2022 Polo\u017eaj monta\u017ee: prednji \u2022 Preporu\u010deno ulje: 01309 \u2022 Uklju\u010deno u pakiranju: opruge 9,5, 10,0, 10,5 N\/mm \u2022 Pakiranje: komplet \/ kit","og_url":"https:\/\/rapidomotosport.hr\/it\/proizvod\/aprilia-rsv4-1100-factory-ohlins-ttx-25-cartridge-kit-2020-2025\/","og_site_name":"Rapido Motosport","article_modified_time":"2026-04-17T14:29:21+00:00","og_image":[{"width":2048,"height":1536,"url":"https:\/\/rapidomotosport.hr\/wp-content\/uploads\/2026\/03\/arbo-8.png","type":"image\/png"}],"twitter_card":"summary_large_image","twitter_misc":{"Tempo di lettura stimato":"1 minuto"},"schema":{"@context":"https:\/\/schema.org","@graph":[{"@type":"WebPage","@id":"https:\/\/rapidomotosport.hr\/it\/proizvod\/aprilia-rsv4-1100-factory-ohlins-ttx-25-cartridge-kit-2020-2025\/","url":"https:\/\/rapidomotosport.hr\/it\/proizvod\/aprilia-rsv4-1100-factory-ohlins-ttx-25-cartridge-kit-2020-2025\/","name":"APRILIA RSV4 \u00d6HLINS TTX 25 CARTRIDGE KIT 2020-2025 - Rapido Motosport","isPartOf":{"@id":"https:\/\/rapidomotosport.hr\/it\/#website"},"primaryImageOfPage":{"@id":"https:\/\/rapidomotosport.hr\/it\/proizvod\/aprilia-rsv4-1100-factory-ohlins-ttx-25-cartridge-kit-2020-2025\/#primaryimage"},"image":{"@id":"https:\/\/rapidomotosport.hr\/it\/proizvod\/aprilia-rsv4-1100-factory-ohlins-ttx-25-cartridge-kit-2020-2025\/#primaryimage"},"thumbnailUrl":"https:\/\/rapidomotosport.hr\/wp-content\/uploads\/2026\/03\/arbo-8.png","datePublished":"2026-03-26T21:53:35+00:00","dateModified":"2026-04-17T14:29:21+00:00","breadcrumb":{"@id":"https:\/\/rapidomotosport.hr\/it\/proizvod\/aprilia-rsv4-1100-factory-ohlins-ttx-25-cartridge-kit-2020-2025\/#breadcrumb"},"inLanguage":"it-IT","potentialAction":[{"@type":"ReadAction","target":["https:\/\/rapidomotosport.hr\/it\/proizvod\/aprilia-rsv4-1100-factory-ohlins-ttx-25-cartridge-kit-2020-2025\/"]}]},{"@type":"ImageObject","inLanguage":"it-IT","@id":"https:\/\/rapidomotosport.hr\/it\/proizvod\/aprilia-rsv4-1100-factory-ohlins-ttx-25-cartridge-kit-2020-2025\/#primaryimage","url":"https:\/\/rapidomotosport.hr\/wp-content\/uploads\/2026\/03\/arbo-8.png","contentUrl":"https:\/\/rapidomotosport.hr\/wp-content\/uploads\/2026\/03\/arbo-8.png","width":2048,"height":1536},{"@type":"BreadcrumbList","@id":"https:\/\/rapidomotosport.hr\/it\/proizvod\/aprilia-rsv4-1100-factory-ohlins-ttx-25-cartridge-kit-2020-2025\/#breadcrumb","itemListElement":[{"@type":"ListItem","position":1,"name":"Po\u010detna stranica","item":"https:\/\/rapidomotosport.hr\/it\/"},{"@type":"ListItem","position":2,"name":"Negozio","item":"https:\/\/rapidomotosport.hr\/it\/negozio\/"},{"@type":"ListItem","position":3,"name":"APRILIA RSV4 \u00d6HLINS TTX 25 CARTRIDGE KIT 2020-2025"}]},{"@type":"WebSite","@id":"https:\/\/rapidomotosport.hr\/it\/#website","url":"https:\/\/rapidomotosport.hr\/it\/","name":"Rapido Motosport","description":"","potentialAction":[{"@type":"SearchAction","target":{"@type":"EntryPoint","urlTemplate":"https:\/\/rapidomotosport.hr\/it\/?s={search_term_string}"},"query-input":{"@type":"PropertyValueSpecification","valueRequired":true,"valueName":"search_term_string"}}],"inLanguage":"it-IT"}]}},"_links":{"self":[{"href":"https:\/\/rapidomotosport.hr\/it\/wp-json\/wp\/v2\/product\/53489","targetHints":{"allow":["GET"]}}],"collection":[{"href":"https:\/\/rapidomotosport.hr\/it\/wp-json\/wp\/v2\/product"}],"about":[{"href":"https:\/\/rapidomotosport.hr\/it\/wp-json\/wp\/v2\/types\/product"}],"wp:featuredmedia":[{"embeddable":true,"href":"https:\/\/rapidomotosport.hr\/it\/wp-json\/wp\/v2\/media\/53486"}],"wp:attachment":[{"href":"https:\/\/rapidomotosport.hr\/it\/wp-json\/wp\/v2\/media?parent=53489"}],"wp:term":[{"taxonomy":"product_brand","embeddable":true,"href":"https:\/\/rapidomotosport.hr\/it\/wp-json\/wp\/v2\/product_brand?post=53489"},{"taxonomy":"product_cat","embeddable":true,"href":"https:\/\/rapidomotosport.hr\/it\/wp-json\/wp\/v2\/product_cat?post=53489"},{"taxonomy":"product_tag","embeddable":true,"href":"https:\/\/rapidomotosport.hr\/it\/wp-json\/wp\/v2\/product_tag?post=53489"}],"curies":[{"name":"wp","href":"https:\/\/api.w.org\/{rel}","templated":true}]}}