{"id":53506,"date":"2026-03-26T23:50:19","date_gmt":"2026-03-26T22:50:19","guid":{"rendered":"https:\/\/rapidomotosport.hr\/?post_type=product&#038;p=53506"},"modified":"2026-04-01T17:53:29","modified_gmt":"2026-04-01T15:53:29","slug":"bmw-f-900-gs-ohlins-stx-46-adventure-shock-absorber-2024-2025","status":"publish","type":"product","link":"https:\/\/rapidomotosport.hr\/it\/proizvod\/bmw-f-900-gs-ohlins-stx-46-adventure-shock-absorber-2024-2025\/","title":{"rendered":"BMW F 900 GS \u00d6HLINS STX 46 ADVENTURE SHOCK ABSORBER 2024-2025"},"content":{"rendered":"","protected":false},"excerpt":{"rendered":"<p>\u00d6hlins STX 46 Adventure stra\u017enji amortizer predstavlja zna\u010dajnu nadogradnju performansi za adventure motocikle. Zahvaljuju\u0107i monotube dizajnu i klipu promjera 46 mm, osigurava pouzdan rad i visoke performanse u svim uvjetima vo\u017enje te je dostupan u razli\u010ditim konfiguracijama za jednostavnu ugradnju.<\/p>\n<p>Za BMW F 900 GS razvijen je kao progresivni amortizer s dvostrukim klipom, koji pru\u017ea ve\u0107u otpornost na dno hoda uz bolju osjetljivost na manje neravnine, \u010dime se posti\u017ee vi\u0161a razina udobnosti na zahtjevnom terenu.<\/p>\n<p>Opremljen je vanjskim piggyback spremnikom i hidrauli\u010dkim regulatorom prednaprezanja na crijevu. Ve\u0107i volumen ulja poma\u017ee u odr\u017eavanju optimalne temperature u ekstremnim uvjetima, uz dodatne mogu\u0107nosti pode\u0161avanja.<\/p>\n<p>Podesivo kompresijsko i povratno prigu\u0161enje omogu\u0107uju prilagodbu pona\u0161anja amortizera, dok se prednaprezanje opruge mo\u017ee jednostavno pode\u0161avati bez alata, ovisno o optere\u0107enju.<\/p>\n<p>\u2022 Duljina: 394,5 mm<br \/>\n\u2022 Hod: 81 mm<br \/>\n\u2022 Tvrdo\u0107a N\/mm: 150 N\/mm<br \/>\n\u2022 Pozicija: stra\u017enja<br \/>\n\u2022 Montirana opruga: 01099-59<br \/>\n\u2022 Serija opruge: 01099-xx<br \/>\n\u2022 Polo\u017eaj monta\u017ee: stra\u017enji mono<br \/>\n\u2022 Pakiranje: komad<\/p>\n","protected":false},"featured_media":53507,"template":"","meta":[],"product_brand":[],"product_cat":[1254],"product_tag":[],"class_list":{"0":"post-53506","1":"product","2":"type-product","3":"status-publish","4":"has-post-thumbnail","6":"product_cat-amortizeri-za-motocikle","8":"first","9":"instock","10":"sale","11":"shipping-taxable","12":"purchasable","13":"product-type-simple"},"yoast_head":"<!-- This site is optimized with the Yoast SEO plugin v27.4 - https:\/\/yoast.com\/product\/yoast-seo-wordpress\/ -->\n<title>BMW F 900 GS \u00d6HLINS STX 46 ADVENTURE SHOCK ABSORBER 2024-2025 - Rapido Motosport<\/title>\n<meta name=\"robots\" content=\"index, follow, max-snippet:-1, max-image-preview:large, max-video-preview:-1\" \/>\n<link rel=\"canonical\" href=\"https:\/\/rapidomotosport.hr\/it\/proizvod\/bmw-f-900-gs-ohlins-stx-46-adventure-shock-absorber-2024-2025\/\" \/>\n<meta property=\"og:locale\" content=\"it_IT\" \/>\n<meta property=\"og:type\" content=\"article\" \/>\n<meta property=\"og:title\" content=\"BMW F 900 GS \u00d6HLINS STX 46 ADVENTURE SHOCK ABSORBER 2024-2025 - Rapido Motosport\" \/>\n<meta property=\"og:description\" content=\"\u00d6hlins STX 46 Adventure stra\u017enji amortizer predstavlja zna\u010dajnu nadogradnju performansi za adventure motocikle. Zahvaljuju\u0107i monotube dizajnu i klipu promjera 46 mm, osigurava pouzdan rad i visoke performanse u svim uvjetima vo\u017enje te je dostupan u razli\u010ditim konfiguracijama za jednostavnu ugradnju.  Za BMW F 900 GS razvijen je kao progresivni amortizer s dvostrukim klipom, koji pru\u017ea ve\u0107u otpornost na dno hoda uz bolju osjetljivost na manje neravnine, \u010dime se posti\u017ee vi\u0161a razina udobnosti na zahtjevnom terenu.  Opremljen je vanjskim piggyback spremnikom i hidrauli\u010dkim regulatorom prednaprezanja na crijevu. Ve\u0107i volumen ulja poma\u017ee u odr\u017eavanju optimalne temperature u ekstremnim uvjetima, uz dodatne mogu\u0107nosti pode\u0161avanja.  Podesivo kompresijsko i povratno prigu\u0161enje omogu\u0107uju prilagodbu pona\u0161anja amortizera, dok se prednaprezanje opruge mo\u017ee jednostavno pode\u0161avati bez alata, ovisno o optere\u0107enju.  \u2022 Duljina: 394,5 mm \u2022 Hod: 81 mm \u2022 Tvrdo\u0107a N\/mm: 150 N\/mm \u2022 Pozicija: stra\u017enja \u2022 Montirana opruga: 01099-59 \u2022 Serija opruge: 01099-xx \u2022 Polo\u017eaj monta\u017ee: stra\u017enji mono \u2022 Pakiranje: komad\" \/>\n<meta property=\"og:url\" content=\"https:\/\/rapidomotosport.hr\/it\/proizvod\/bmw-f-900-gs-ohlins-stx-46-adventure-shock-absorber-2024-2025\/\" \/>\n<meta property=\"og:site_name\" content=\"Rapido Motosport\" \/>\n<meta property=\"article:modified_time\" content=\"2026-04-01T15:53:29+00:00\" \/>\n<meta property=\"og:image\" content=\"https:\/\/rapidomotosport.hr\/wp-content\/uploads\/2026\/03\/arbo-13.png\" \/>\n\t<meta property=\"og:image:width\" content=\"2048\" \/>\n\t<meta property=\"og:image:height\" content=\"1536\" \/>\n\t<meta property=\"og:image:type\" content=\"image\/png\" \/>\n<meta name=\"twitter:card\" content=\"summary_large_image\" \/>\n<meta name=\"twitter:label1\" content=\"Tempo di lettura stimato\" \/>\n\t<meta name=\"twitter:data1\" content=\"1 minuto\" \/>\n<script type=\"application\/ld+json\" class=\"yoast-schema-graph\">{\"@context\":\"https:\\\/\\\/schema.org\",\"@graph\":[{\"@type\":\"WebPage\",\"@id\":\"https:\\\/\\\/rapidomotosport.hr\\\/it\\\/proizvod\\\/bmw-f-900-gs-ohlins-stx-46-adventure-shock-absorber-2024-2025\\\/\",\"url\":\"https:\\\/\\\/rapidomotosport.hr\\\/it\\\/proizvod\\\/bmw-f-900-gs-ohlins-stx-46-adventure-shock-absorber-2024-2025\\\/\",\"name\":\"BMW F 900 GS \u00d6HLINS STX 46 ADVENTURE SHOCK ABSORBER 2024-2025 - Rapido Motosport\",\"isPartOf\":{\"@id\":\"https:\\\/\\\/rapidomotosport.hr\\\/it\\\/#website\"},\"primaryImageOfPage\":{\"@id\":\"https:\\\/\\\/rapidomotosport.hr\\\/it\\\/proizvod\\\/bmw-f-900-gs-ohlins-stx-46-adventure-shock-absorber-2024-2025\\\/#primaryimage\"},\"image\":{\"@id\":\"https:\\\/\\\/rapidomotosport.hr\\\/it\\\/proizvod\\\/bmw-f-900-gs-ohlins-stx-46-adventure-shock-absorber-2024-2025\\\/#primaryimage\"},\"thumbnailUrl\":\"https:\\\/\\\/rapidomotosport.hr\\\/wp-content\\\/uploads\\\/2026\\\/03\\\/arbo-13.png\",\"datePublished\":\"2026-03-26T22:50:19+00:00\",\"dateModified\":\"2026-04-01T15:53:29+00:00\",\"breadcrumb\":{\"@id\":\"https:\\\/\\\/rapidomotosport.hr\\\/it\\\/proizvod\\\/bmw-f-900-gs-ohlins-stx-46-adventure-shock-absorber-2024-2025\\\/#breadcrumb\"},\"inLanguage\":\"it-IT\",\"potentialAction\":[{\"@type\":\"ReadAction\",\"target\":[\"https:\\\/\\\/rapidomotosport.hr\\\/it\\\/proizvod\\\/bmw-f-900-gs-ohlins-stx-46-adventure-shock-absorber-2024-2025\\\/\"]}]},{\"@type\":\"ImageObject\",\"inLanguage\":\"it-IT\",\"@id\":\"https:\\\/\\\/rapidomotosport.hr\\\/it\\\/proizvod\\\/bmw-f-900-gs-ohlins-stx-46-adventure-shock-absorber-2024-2025\\\/#primaryimage\",\"url\":\"https:\\\/\\\/rapidomotosport.hr\\\/wp-content\\\/uploads\\\/2026\\\/03\\\/arbo-13.png\",\"contentUrl\":\"https:\\\/\\\/rapidomotosport.hr\\\/wp-content\\\/uploads\\\/2026\\\/03\\\/arbo-13.png\",\"width\":2048,\"height\":1536},{\"@type\":\"BreadcrumbList\",\"@id\":\"https:\\\/\\\/rapidomotosport.hr\\\/it\\\/proizvod\\\/bmw-f-900-gs-ohlins-stx-46-adventure-shock-absorber-2024-2025\\\/#breadcrumb\",\"itemListElement\":[{\"@type\":\"ListItem\",\"position\":1,\"name\":\"Po\u010detna stranica\",\"item\":\"https:\\\/\\\/rapidomotosport.hr\\\/it\\\/\"},{\"@type\":\"ListItem\",\"position\":2,\"name\":\"Negozio\",\"item\":\"https:\\\/\\\/rapidomotosport.hr\\\/it\\\/negozio\\\/\"},{\"@type\":\"ListItem\",\"position\":3,\"name\":\"BMW F 900 GS \u00d6HLINS STX 46 ADVENTURE SHOCK ABSORBER 2024-2025\"}]},{\"@type\":\"WebSite\",\"@id\":\"https:\\\/\\\/rapidomotosport.hr\\\/it\\\/#website\",\"url\":\"https:\\\/\\\/rapidomotosport.hr\\\/it\\\/\",\"name\":\"Rapido Motosport\",\"description\":\"\",\"potentialAction\":[{\"@type\":\"SearchAction\",\"target\":{\"@type\":\"EntryPoint\",\"urlTemplate\":\"https:\\\/\\\/rapidomotosport.hr\\\/it\\\/?s={search_term_string}\"},\"query-input\":{\"@type\":\"PropertyValueSpecification\",\"valueRequired\":true,\"valueName\":\"search_term_string\"}}],\"inLanguage\":\"it-IT\"}]}<\/script>\n<!-- \/ Yoast SEO plugin. -->","yoast_head_json":{"title":"BMW F 900 GS \u00d6HLINS STX 46 ADVENTURE SHOCK ABSORBER 2024-2025 - Rapido Motosport","robots":{"index":"index","follow":"follow","max-snippet":"max-snippet:-1","max-image-preview":"max-image-preview:large","max-video-preview":"max-video-preview:-1"},"canonical":"https:\/\/rapidomotosport.hr\/it\/proizvod\/bmw-f-900-gs-ohlins-stx-46-adventure-shock-absorber-2024-2025\/","og_locale":"it_IT","og_type":"article","og_title":"BMW F 900 GS \u00d6HLINS STX 46 ADVENTURE SHOCK ABSORBER 2024-2025 - Rapido Motosport","og_description":"\u00d6hlins STX 46 Adventure stra\u017enji amortizer predstavlja zna\u010dajnu nadogradnju performansi za adventure motocikle. Zahvaljuju\u0107i monotube dizajnu i klipu promjera 46 mm, osigurava pouzdan rad i visoke performanse u svim uvjetima vo\u017enje te je dostupan u razli\u010ditim konfiguracijama za jednostavnu ugradnju.  Za BMW F 900 GS razvijen je kao progresivni amortizer s dvostrukim klipom, koji pru\u017ea ve\u0107u otpornost na dno hoda uz bolju osjetljivost na manje neravnine, \u010dime se posti\u017ee vi\u0161a razina udobnosti na zahtjevnom terenu.  Opremljen je vanjskim piggyback spremnikom i hidrauli\u010dkim regulatorom prednaprezanja na crijevu. Ve\u0107i volumen ulja poma\u017ee u odr\u017eavanju optimalne temperature u ekstremnim uvjetima, uz dodatne mogu\u0107nosti pode\u0161avanja.  Podesivo kompresijsko i povratno prigu\u0161enje omogu\u0107uju prilagodbu pona\u0161anja amortizera, dok se prednaprezanje opruge mo\u017ee jednostavno pode\u0161avati bez alata, ovisno o optere\u0107enju.  \u2022 Duljina: 394,5 mm \u2022 Hod: 81 mm \u2022 Tvrdo\u0107a N\/mm: 150 N\/mm \u2022 Pozicija: stra\u017enja \u2022 Montirana opruga: 01099-59 \u2022 Serija opruge: 01099-xx \u2022 Polo\u017eaj monta\u017ee: stra\u017enji mono \u2022 Pakiranje: komad","og_url":"https:\/\/rapidomotosport.hr\/it\/proizvod\/bmw-f-900-gs-ohlins-stx-46-adventure-shock-absorber-2024-2025\/","og_site_name":"Rapido Motosport","article_modified_time":"2026-04-01T15:53:29+00:00","og_image":[{"width":2048,"height":1536,"url":"https:\/\/rapidomotosport.hr\/wp-content\/uploads\/2026\/03\/arbo-13.png","type":"image\/png"}],"twitter_card":"summary_large_image","twitter_misc":{"Tempo di lettura stimato":"1 minuto"},"schema":{"@context":"https:\/\/schema.org","@graph":[{"@type":"WebPage","@id":"https:\/\/rapidomotosport.hr\/it\/proizvod\/bmw-f-900-gs-ohlins-stx-46-adventure-shock-absorber-2024-2025\/","url":"https:\/\/rapidomotosport.hr\/it\/proizvod\/bmw-f-900-gs-ohlins-stx-46-adventure-shock-absorber-2024-2025\/","name":"BMW F 900 GS \u00d6HLINS STX 46 ADVENTURE SHOCK ABSORBER 2024-2025 - Rapido Motosport","isPartOf":{"@id":"https:\/\/rapidomotosport.hr\/it\/#website"},"primaryImageOfPage":{"@id":"https:\/\/rapidomotosport.hr\/it\/proizvod\/bmw-f-900-gs-ohlins-stx-46-adventure-shock-absorber-2024-2025\/#primaryimage"},"image":{"@id":"https:\/\/rapidomotosport.hr\/it\/proizvod\/bmw-f-900-gs-ohlins-stx-46-adventure-shock-absorber-2024-2025\/#primaryimage"},"thumbnailUrl":"https:\/\/rapidomotosport.hr\/wp-content\/uploads\/2026\/03\/arbo-13.png","datePublished":"2026-03-26T22:50:19+00:00","dateModified":"2026-04-01T15:53:29+00:00","breadcrumb":{"@id":"https:\/\/rapidomotosport.hr\/it\/proizvod\/bmw-f-900-gs-ohlins-stx-46-adventure-shock-absorber-2024-2025\/#breadcrumb"},"inLanguage":"it-IT","potentialAction":[{"@type":"ReadAction","target":["https:\/\/rapidomotosport.hr\/it\/proizvod\/bmw-f-900-gs-ohlins-stx-46-adventure-shock-absorber-2024-2025\/"]}]},{"@type":"ImageObject","inLanguage":"it-IT","@id":"https:\/\/rapidomotosport.hr\/it\/proizvod\/bmw-f-900-gs-ohlins-stx-46-adventure-shock-absorber-2024-2025\/#primaryimage","url":"https:\/\/rapidomotosport.hr\/wp-content\/uploads\/2026\/03\/arbo-13.png","contentUrl":"https:\/\/rapidomotosport.hr\/wp-content\/uploads\/2026\/03\/arbo-13.png","width":2048,"height":1536},{"@type":"BreadcrumbList","@id":"https:\/\/rapidomotosport.hr\/it\/proizvod\/bmw-f-900-gs-ohlins-stx-46-adventure-shock-absorber-2024-2025\/#breadcrumb","itemListElement":[{"@type":"ListItem","position":1,"name":"Po\u010detna stranica","item":"https:\/\/rapidomotosport.hr\/it\/"},{"@type":"ListItem","position":2,"name":"Negozio","item":"https:\/\/rapidomotosport.hr\/it\/negozio\/"},{"@type":"ListItem","position":3,"name":"BMW F 900 GS \u00d6HLINS STX 46 ADVENTURE SHOCK ABSORBER 2024-2025"}]},{"@type":"WebSite","@id":"https:\/\/rapidomotosport.hr\/it\/#website","url":"https:\/\/rapidomotosport.hr\/it\/","name":"Rapido Motosport","description":"","potentialAction":[{"@type":"SearchAction","target":{"@type":"EntryPoint","urlTemplate":"https:\/\/rapidomotosport.hr\/it\/?s={search_term_string}"},"query-input":{"@type":"PropertyValueSpecification","valueRequired":true,"valueName":"search_term_string"}}],"inLanguage":"it-IT"}]}},"_links":{"self":[{"href":"https:\/\/rapidomotosport.hr\/it\/wp-json\/wp\/v2\/product\/53506","targetHints":{"allow":["GET"]}}],"collection":[{"href":"https:\/\/rapidomotosport.hr\/it\/wp-json\/wp\/v2\/product"}],"about":[{"href":"https:\/\/rapidomotosport.hr\/it\/wp-json\/wp\/v2\/types\/product"}],"wp:featuredmedia":[{"embeddable":true,"href":"https:\/\/rapidomotosport.hr\/it\/wp-json\/wp\/v2\/media\/53507"}],"wp:attachment":[{"href":"https:\/\/rapidomotosport.hr\/it\/wp-json\/wp\/v2\/media?parent=53506"}],"wp:term":[{"taxonomy":"product_brand","embeddable":true,"href":"https:\/\/rapidomotosport.hr\/it\/wp-json\/wp\/v2\/product_brand?post=53506"},{"taxonomy":"product_cat","embeddable":true,"href":"https:\/\/rapidomotosport.hr\/it\/wp-json\/wp\/v2\/product_cat?post=53506"},{"taxonomy":"product_tag","embeddable":true,"href":"https:\/\/rapidomotosport.hr\/it\/wp-json\/wp\/v2\/product_tag?post=53506"}],"curies":[{"name":"wp","href":"https:\/\/api.w.org\/{rel}","templated":true}]}}