{"id":53972,"date":"2026-04-01T13:41:06","date_gmt":"2026-04-01T11:41:06","guid":{"rendered":"https:\/\/rapidomotosport.hr\/?post_type=product&#038;p=53972"},"modified":"2026-04-01T18:27:47","modified_gmt":"2026-04-01T16:27:47","slug":"bmw-r-1200-gs-ohlins-ttx-rt-shock-absorber-2004-2012","status":"publish","type":"product","link":"https:\/\/rapidomotosport.hr\/it\/proizvod\/bmw-r-1200-gs-ohlins-ttx-rt-shock-absorber-2004-2012\/","title":{"rendered":"BMW R 1200 GS \u00d6HLINS TTX RT SHOCK ABSORBER 2004-2012"},"content":{"rendered":"","protected":false},"excerpt":{"rendered":"<p>TTX39 stra\u017enji amortizer razvijen je posebno za adventure segment kako bi podnio razli\u010dita optere\u0107enja u vo\u017enji na cesti i izvan nje.<\/p>\n<p>Za BMW R 1200 GS (2004\u20132012) koristi \u00d6hlins TTX twin-tube tehnologiju koja eliminira kavitaciju i osigurava maksimalne performanse u svim uvjetima. Odvojeno podesivo kompresijsko i povratno prigu\u0161enje omogu\u0107uju precizno prilago\u0111avanje stilu vo\u017enje.<\/p>\n<p>Opremljen je hidrauli\u010dkim regulatorom prednaprezanja na crijevu i piggyback spremnikom koji, zahvaljuju\u0107i ve\u0107em volumenu ulja, osigurava stabilnu temperaturu i konzistentno prigu\u0161enje i u najzahtjevnijim uvjetima.<\/p>\n<p>\u2022 Duljina: 402,5 mm<br \/>\n\u2022 Hod: 75 mm<br \/>\n\u2022 Tvrdo\u0107a N\/mm: 130 N\/mm<br \/>\n\u2022 Pozicija: stra\u017enja<br \/>\n\u2022 Montirana opruga: 01103-49<\/p>\n","protected":false},"featured_media":53973,"template":"","meta":[],"product_brand":[],"product_cat":[1254],"product_tag":[],"class_list":{"0":"post-53972","1":"product","2":"type-product","3":"status-publish","4":"has-post-thumbnail","6":"product_cat-amortizeri-za-motocikle","8":"first","9":"instock","10":"sale","11":"shipping-taxable","12":"purchasable","13":"product-type-simple"},"yoast_head":"<!-- This site is optimized with the Yoast SEO plugin v27.4 - https:\/\/yoast.com\/product\/yoast-seo-wordpress\/ -->\n<title>BMW R 1200 GS \u00d6HLINS TTX RT SHOCK ABSORBER 2004-2012 - Rapido Motosport<\/title>\n<meta name=\"robots\" content=\"index, follow, max-snippet:-1, max-image-preview:large, max-video-preview:-1\" \/>\n<link rel=\"canonical\" href=\"https:\/\/rapidomotosport.hr\/it\/proizvod\/bmw-r-1200-gs-ohlins-ttx-rt-shock-absorber-2004-2012\/\" \/>\n<meta property=\"og:locale\" content=\"it_IT\" \/>\n<meta property=\"og:type\" content=\"article\" \/>\n<meta property=\"og:title\" content=\"BMW R 1200 GS \u00d6HLINS TTX RT SHOCK ABSORBER 2004-2012 - Rapido Motosport\" \/>\n<meta property=\"og:description\" content=\"TTX39 stra\u017enji amortizer razvijen je posebno za adventure segment kako bi podnio razli\u010dita optere\u0107enja u vo\u017enji na cesti i izvan nje.  Za BMW R 1200 GS (2004\u20132012) koristi \u00d6hlins TTX twin-tube tehnologiju koja eliminira kavitaciju i osigurava maksimalne performanse u svim uvjetima. Odvojeno podesivo kompresijsko i povratno prigu\u0161enje omogu\u0107uju precizno prilago\u0111avanje stilu vo\u017enje.  Opremljen je hidrauli\u010dkim regulatorom prednaprezanja na crijevu i piggyback spremnikom koji, zahvaljuju\u0107i ve\u0107em volumenu ulja, osigurava stabilnu temperaturu i konzistentno prigu\u0161enje i u najzahtjevnijim uvjetima.  \u2022 Duljina: 402,5 mm \u2022 Hod: 75 mm \u2022 Tvrdo\u0107a N\/mm: 130 N\/mm \u2022 Pozicija: stra\u017enja \u2022 Montirana opruga: 01103-49\" \/>\n<meta property=\"og:url\" content=\"https:\/\/rapidomotosport.hr\/it\/proizvod\/bmw-r-1200-gs-ohlins-ttx-rt-shock-absorber-2004-2012\/\" \/>\n<meta property=\"og:site_name\" content=\"Rapido Motosport\" \/>\n<meta property=\"article:modified_time\" content=\"2026-04-01T16:27:47+00:00\" \/>\n<meta property=\"og:image\" content=\"https:\/\/rapidomotosport.hr\/wp-content\/uploads\/2026\/04\/arbo-1.png\" \/>\n\t<meta property=\"og:image:width\" content=\"2048\" \/>\n\t<meta property=\"og:image:height\" content=\"1536\" \/>\n\t<meta property=\"og:image:type\" content=\"image\/png\" \/>\n<meta name=\"twitter:card\" content=\"summary_large_image\" \/>\n<meta name=\"twitter:label1\" content=\"Tempo di lettura stimato\" \/>\n\t<meta name=\"twitter:data1\" content=\"1 minuto\" \/>\n<script type=\"application\/ld+json\" class=\"yoast-schema-graph\">{\"@context\":\"https:\\\/\\\/schema.org\",\"@graph\":[{\"@type\":\"WebPage\",\"@id\":\"https:\\\/\\\/rapidomotosport.hr\\\/it\\\/proizvod\\\/bmw-r-1200-gs-ohlins-ttx-rt-shock-absorber-2004-2012\\\/\",\"url\":\"https:\\\/\\\/rapidomotosport.hr\\\/it\\\/proizvod\\\/bmw-r-1200-gs-ohlins-ttx-rt-shock-absorber-2004-2012\\\/\",\"name\":\"BMW R 1200 GS \u00d6HLINS TTX RT SHOCK ABSORBER 2004-2012 - Rapido Motosport\",\"isPartOf\":{\"@id\":\"https:\\\/\\\/rapidomotosport.hr\\\/it\\\/#website\"},\"primaryImageOfPage\":{\"@id\":\"https:\\\/\\\/rapidomotosport.hr\\\/it\\\/proizvod\\\/bmw-r-1200-gs-ohlins-ttx-rt-shock-absorber-2004-2012\\\/#primaryimage\"},\"image\":{\"@id\":\"https:\\\/\\\/rapidomotosport.hr\\\/it\\\/proizvod\\\/bmw-r-1200-gs-ohlins-ttx-rt-shock-absorber-2004-2012\\\/#primaryimage\"},\"thumbnailUrl\":\"https:\\\/\\\/rapidomotosport.hr\\\/wp-content\\\/uploads\\\/2026\\\/04\\\/arbo-1.png\",\"datePublished\":\"2026-04-01T11:41:06+00:00\",\"dateModified\":\"2026-04-01T16:27:47+00:00\",\"breadcrumb\":{\"@id\":\"https:\\\/\\\/rapidomotosport.hr\\\/it\\\/proizvod\\\/bmw-r-1200-gs-ohlins-ttx-rt-shock-absorber-2004-2012\\\/#breadcrumb\"},\"inLanguage\":\"it-IT\",\"potentialAction\":[{\"@type\":\"ReadAction\",\"target\":[\"https:\\\/\\\/rapidomotosport.hr\\\/it\\\/proizvod\\\/bmw-r-1200-gs-ohlins-ttx-rt-shock-absorber-2004-2012\\\/\"]}]},{\"@type\":\"ImageObject\",\"inLanguage\":\"it-IT\",\"@id\":\"https:\\\/\\\/rapidomotosport.hr\\\/it\\\/proizvod\\\/bmw-r-1200-gs-ohlins-ttx-rt-shock-absorber-2004-2012\\\/#primaryimage\",\"url\":\"https:\\\/\\\/rapidomotosport.hr\\\/wp-content\\\/uploads\\\/2026\\\/04\\\/arbo-1.png\",\"contentUrl\":\"https:\\\/\\\/rapidomotosport.hr\\\/wp-content\\\/uploads\\\/2026\\\/04\\\/arbo-1.png\",\"width\":2048,\"height\":1536},{\"@type\":\"BreadcrumbList\",\"@id\":\"https:\\\/\\\/rapidomotosport.hr\\\/it\\\/proizvod\\\/bmw-r-1200-gs-ohlins-ttx-rt-shock-absorber-2004-2012\\\/#breadcrumb\",\"itemListElement\":[{\"@type\":\"ListItem\",\"position\":1,\"name\":\"Po\u010detna stranica\",\"item\":\"https:\\\/\\\/rapidomotosport.hr\\\/it\\\/\"},{\"@type\":\"ListItem\",\"position\":2,\"name\":\"Negozio\",\"item\":\"https:\\\/\\\/rapidomotosport.hr\\\/it\\\/negozio\\\/\"},{\"@type\":\"ListItem\",\"position\":3,\"name\":\"BMW R 1200 GS \u00d6HLINS TTX RT SHOCK ABSORBER 2004-2012\"}]},{\"@type\":\"WebSite\",\"@id\":\"https:\\\/\\\/rapidomotosport.hr\\\/it\\\/#website\",\"url\":\"https:\\\/\\\/rapidomotosport.hr\\\/it\\\/\",\"name\":\"Rapido Motosport\",\"description\":\"\",\"potentialAction\":[{\"@type\":\"SearchAction\",\"target\":{\"@type\":\"EntryPoint\",\"urlTemplate\":\"https:\\\/\\\/rapidomotosport.hr\\\/it\\\/?s={search_term_string}\"},\"query-input\":{\"@type\":\"PropertyValueSpecification\",\"valueRequired\":true,\"valueName\":\"search_term_string\"}}],\"inLanguage\":\"it-IT\"}]}<\/script>\n<!-- \/ Yoast SEO plugin. -->","yoast_head_json":{"title":"BMW R 1200 GS \u00d6HLINS TTX RT SHOCK ABSORBER 2004-2012 - Rapido Motosport","robots":{"index":"index","follow":"follow","max-snippet":"max-snippet:-1","max-image-preview":"max-image-preview:large","max-video-preview":"max-video-preview:-1"},"canonical":"https:\/\/rapidomotosport.hr\/it\/proizvod\/bmw-r-1200-gs-ohlins-ttx-rt-shock-absorber-2004-2012\/","og_locale":"it_IT","og_type":"article","og_title":"BMW R 1200 GS \u00d6HLINS TTX RT SHOCK ABSORBER 2004-2012 - Rapido Motosport","og_description":"TTX39 stra\u017enji amortizer razvijen je posebno za adventure segment kako bi podnio razli\u010dita optere\u0107enja u vo\u017enji na cesti i izvan nje.  Za BMW R 1200 GS (2004\u20132012) koristi \u00d6hlins TTX twin-tube tehnologiju koja eliminira kavitaciju i osigurava maksimalne performanse u svim uvjetima. Odvojeno podesivo kompresijsko i povratno prigu\u0161enje omogu\u0107uju precizno prilago\u0111avanje stilu vo\u017enje.  Opremljen je hidrauli\u010dkim regulatorom prednaprezanja na crijevu i piggyback spremnikom koji, zahvaljuju\u0107i ve\u0107em volumenu ulja, osigurava stabilnu temperaturu i konzistentno prigu\u0161enje i u najzahtjevnijim uvjetima.  \u2022 Duljina: 402,5 mm \u2022 Hod: 75 mm \u2022 Tvrdo\u0107a N\/mm: 130 N\/mm \u2022 Pozicija: stra\u017enja \u2022 Montirana opruga: 01103-49","og_url":"https:\/\/rapidomotosport.hr\/it\/proizvod\/bmw-r-1200-gs-ohlins-ttx-rt-shock-absorber-2004-2012\/","og_site_name":"Rapido Motosport","article_modified_time":"2026-04-01T16:27:47+00:00","og_image":[{"width":2048,"height":1536,"url":"https:\/\/rapidomotosport.hr\/wp-content\/uploads\/2026\/04\/arbo-1.png","type":"image\/png"}],"twitter_card":"summary_large_image","twitter_misc":{"Tempo di lettura stimato":"1 minuto"},"schema":{"@context":"https:\/\/schema.org","@graph":[{"@type":"WebPage","@id":"https:\/\/rapidomotosport.hr\/it\/proizvod\/bmw-r-1200-gs-ohlins-ttx-rt-shock-absorber-2004-2012\/","url":"https:\/\/rapidomotosport.hr\/it\/proizvod\/bmw-r-1200-gs-ohlins-ttx-rt-shock-absorber-2004-2012\/","name":"BMW R 1200 GS \u00d6HLINS TTX RT SHOCK ABSORBER 2004-2012 - Rapido Motosport","isPartOf":{"@id":"https:\/\/rapidomotosport.hr\/it\/#website"},"primaryImageOfPage":{"@id":"https:\/\/rapidomotosport.hr\/it\/proizvod\/bmw-r-1200-gs-ohlins-ttx-rt-shock-absorber-2004-2012\/#primaryimage"},"image":{"@id":"https:\/\/rapidomotosport.hr\/it\/proizvod\/bmw-r-1200-gs-ohlins-ttx-rt-shock-absorber-2004-2012\/#primaryimage"},"thumbnailUrl":"https:\/\/rapidomotosport.hr\/wp-content\/uploads\/2026\/04\/arbo-1.png","datePublished":"2026-04-01T11:41:06+00:00","dateModified":"2026-04-01T16:27:47+00:00","breadcrumb":{"@id":"https:\/\/rapidomotosport.hr\/it\/proizvod\/bmw-r-1200-gs-ohlins-ttx-rt-shock-absorber-2004-2012\/#breadcrumb"},"inLanguage":"it-IT","potentialAction":[{"@type":"ReadAction","target":["https:\/\/rapidomotosport.hr\/it\/proizvod\/bmw-r-1200-gs-ohlins-ttx-rt-shock-absorber-2004-2012\/"]}]},{"@type":"ImageObject","inLanguage":"it-IT","@id":"https:\/\/rapidomotosport.hr\/it\/proizvod\/bmw-r-1200-gs-ohlins-ttx-rt-shock-absorber-2004-2012\/#primaryimage","url":"https:\/\/rapidomotosport.hr\/wp-content\/uploads\/2026\/04\/arbo-1.png","contentUrl":"https:\/\/rapidomotosport.hr\/wp-content\/uploads\/2026\/04\/arbo-1.png","width":2048,"height":1536},{"@type":"BreadcrumbList","@id":"https:\/\/rapidomotosport.hr\/it\/proizvod\/bmw-r-1200-gs-ohlins-ttx-rt-shock-absorber-2004-2012\/#breadcrumb","itemListElement":[{"@type":"ListItem","position":1,"name":"Po\u010detna stranica","item":"https:\/\/rapidomotosport.hr\/it\/"},{"@type":"ListItem","position":2,"name":"Negozio","item":"https:\/\/rapidomotosport.hr\/it\/negozio\/"},{"@type":"ListItem","position":3,"name":"BMW R 1200 GS \u00d6HLINS TTX RT SHOCK ABSORBER 2004-2012"}]},{"@type":"WebSite","@id":"https:\/\/rapidomotosport.hr\/it\/#website","url":"https:\/\/rapidomotosport.hr\/it\/","name":"Rapido Motosport","description":"","potentialAction":[{"@type":"SearchAction","target":{"@type":"EntryPoint","urlTemplate":"https:\/\/rapidomotosport.hr\/it\/?s={search_term_string}"},"query-input":{"@type":"PropertyValueSpecification","valueRequired":true,"valueName":"search_term_string"}}],"inLanguage":"it-IT"}]}},"_links":{"self":[{"href":"https:\/\/rapidomotosport.hr\/it\/wp-json\/wp\/v2\/product\/53972","targetHints":{"allow":["GET"]}}],"collection":[{"href":"https:\/\/rapidomotosport.hr\/it\/wp-json\/wp\/v2\/product"}],"about":[{"href":"https:\/\/rapidomotosport.hr\/it\/wp-json\/wp\/v2\/types\/product"}],"wp:featuredmedia":[{"embeddable":true,"href":"https:\/\/rapidomotosport.hr\/it\/wp-json\/wp\/v2\/media\/53973"}],"wp:attachment":[{"href":"https:\/\/rapidomotosport.hr\/it\/wp-json\/wp\/v2\/media?parent=53972"}],"wp:term":[{"taxonomy":"product_brand","embeddable":true,"href":"https:\/\/rapidomotosport.hr\/it\/wp-json\/wp\/v2\/product_brand?post=53972"},{"taxonomy":"product_cat","embeddable":true,"href":"https:\/\/rapidomotosport.hr\/it\/wp-json\/wp\/v2\/product_cat?post=53972"},{"taxonomy":"product_tag","embeddable":true,"href":"https:\/\/rapidomotosport.hr\/it\/wp-json\/wp\/v2\/product_tag?post=53972"}],"curies":[{"name":"wp","href":"https:\/\/api.w.org\/{rel}","templated":true}]}}