{"id":54792,"date":"2026-04-17T21:15:19","date_gmt":"2026-04-17T19:15:19","guid":{"rendered":"https:\/\/rapidomotosport.hr\/?post_type=product&#038;p=54792"},"modified":"2026-04-17T21:16:25","modified_gmt":"2026-04-17T19:16:25","slug":"bmw-s-1000-rr-ohlins-ttx-gp-shock-absorber-2023-2025","status":"publish","type":"product","link":"https:\/\/rapidomotosport.hr\/it\/proizvod\/bmw-s-1000-rr-ohlins-ttx-gp-shock-absorber-2023-2025\/","title":{"rendered":"BMW S 1000 RR \u00d6HLINS TTX GP SHOCK ABSORBER 2023-2025"},"content":{"rendered":"","protected":false},"excerpt":{"rendered":"<p>Dajte svom motociklu pobjedni\u010dku prednost s \u00d6hlins TTX GP amortizerom. Razvijen izravno iz MotoGP utrka, ovaj amortizer rezultat je na\u0161e bliske suradnje s nekim od najboljih trka\u0107ih timova u motosportu. Iskusite kontrolu, stabilnost i upravljivost na razini utrka dok s povjerenjem osvajate stazu.<\/p>\n<p>TEHNI\u010cKI PODACI<\/p>\n<p>Duljina: 369 +7\/-5 mm<br \/>\nHod: 80 mm<br \/>\nKrutost N\/mm: 58 N\/mm<br \/>\nPozicija: stra\u017enja<br \/>\nUgra\u0111ena opruga: 01096-13<br \/>\nSerija opruga: 01096-xx<\/p>\n","protected":false},"featured_media":54773,"template":"","meta":[],"product_brand":[],"product_cat":[1254],"product_tag":[],"class_list":{"0":"post-54792","1":"product","2":"type-product","3":"status-publish","4":"has-post-thumbnail","6":"product_cat-amortizeri-za-motocikle","8":"first","9":"instock","10":"sale","11":"shipping-taxable","12":"purchasable","13":"product-type-simple"},"yoast_head":"<!-- This site is optimized with the Yoast SEO plugin v27.4 - https:\/\/yoast.com\/product\/yoast-seo-wordpress\/ -->\n<title>BMW S 1000 RR \u00d6HLINS TTX GP SHOCK ABSORBER 2023-2025 - Rapido Motosport<\/title>\n<meta name=\"robots\" content=\"index, follow, max-snippet:-1, max-image-preview:large, max-video-preview:-1\" \/>\n<link rel=\"canonical\" href=\"https:\/\/rapidomotosport.hr\/it\/proizvod\/bmw-s-1000-rr-ohlins-ttx-gp-shock-absorber-2023-2025\/\" \/>\n<meta property=\"og:locale\" content=\"it_IT\" \/>\n<meta property=\"og:type\" content=\"article\" \/>\n<meta property=\"og:title\" content=\"BMW S 1000 RR \u00d6HLINS TTX GP SHOCK ABSORBER 2023-2025 - Rapido Motosport\" \/>\n<meta property=\"og:description\" content=\"Dajte svom motociklu pobjedni\u010dku prednost s \u00d6hlins TTX GP amortizerom. Razvijen izravno iz MotoGP utrka, ovaj amortizer rezultat je na\u0161e bliske suradnje s nekim od najboljih trka\u0107ih timova u motosportu. Iskusite kontrolu, stabilnost i upravljivost na razini utrka dok s povjerenjem osvajate stazu.  TEHNI\u010cKI PODACI  Duljina: 369 +7\/-5 mm Hod: 80 mm Krutost N\/mm: 58 N\/mm Pozicija: stra\u017enja Ugra\u0111ena opruga: 01096-13 Serija opruga: 01096-xx\" \/>\n<meta property=\"og:url\" content=\"https:\/\/rapidomotosport.hr\/it\/proizvod\/bmw-s-1000-rr-ohlins-ttx-gp-shock-absorber-2023-2025\/\" \/>\n<meta property=\"og:site_name\" content=\"Rapido Motosport\" \/>\n<meta property=\"article:modified_time\" content=\"2026-04-17T19:16:25+00:00\" \/>\n<meta property=\"og:image\" content=\"https:\/\/rapidomotosport.hr\/wp-content\/uploads\/2026\/04\/arbo-65.png\" \/>\n\t<meta property=\"og:image:width\" content=\"2048\" \/>\n\t<meta property=\"og:image:height\" content=\"1536\" \/>\n\t<meta property=\"og:image:type\" content=\"image\/png\" \/>\n<meta name=\"twitter:card\" content=\"summary_large_image\" \/>\n<meta name=\"twitter:label1\" content=\"Tempo di lettura stimato\" \/>\n\t<meta name=\"twitter:data1\" content=\"1 minuto\" \/>\n<script type=\"application\/ld+json\" class=\"yoast-schema-graph\">{\"@context\":\"https:\\\/\\\/schema.org\",\"@graph\":[{\"@type\":\"WebPage\",\"@id\":\"https:\\\/\\\/rapidomotosport.hr\\\/it\\\/proizvod\\\/bmw-s-1000-rr-ohlins-ttx-gp-shock-absorber-2023-2025\\\/\",\"url\":\"https:\\\/\\\/rapidomotosport.hr\\\/it\\\/proizvod\\\/bmw-s-1000-rr-ohlins-ttx-gp-shock-absorber-2023-2025\\\/\",\"name\":\"BMW S 1000 RR \u00d6HLINS TTX GP SHOCK ABSORBER 2023-2025 - Rapido Motosport\",\"isPartOf\":{\"@id\":\"https:\\\/\\\/rapidomotosport.hr\\\/it\\\/#website\"},\"primaryImageOfPage\":{\"@id\":\"https:\\\/\\\/rapidomotosport.hr\\\/it\\\/proizvod\\\/bmw-s-1000-rr-ohlins-ttx-gp-shock-absorber-2023-2025\\\/#primaryimage\"},\"image\":{\"@id\":\"https:\\\/\\\/rapidomotosport.hr\\\/it\\\/proizvod\\\/bmw-s-1000-rr-ohlins-ttx-gp-shock-absorber-2023-2025\\\/#primaryimage\"},\"thumbnailUrl\":\"https:\\\/\\\/rapidomotosport.hr\\\/wp-content\\\/uploads\\\/2026\\\/04\\\/arbo-65.png\",\"datePublished\":\"2026-04-17T19:15:19+00:00\",\"dateModified\":\"2026-04-17T19:16:25+00:00\",\"breadcrumb\":{\"@id\":\"https:\\\/\\\/rapidomotosport.hr\\\/it\\\/proizvod\\\/bmw-s-1000-rr-ohlins-ttx-gp-shock-absorber-2023-2025\\\/#breadcrumb\"},\"inLanguage\":\"it-IT\",\"potentialAction\":[{\"@type\":\"ReadAction\",\"target\":[\"https:\\\/\\\/rapidomotosport.hr\\\/it\\\/proizvod\\\/bmw-s-1000-rr-ohlins-ttx-gp-shock-absorber-2023-2025\\\/\"]}]},{\"@type\":\"ImageObject\",\"inLanguage\":\"it-IT\",\"@id\":\"https:\\\/\\\/rapidomotosport.hr\\\/it\\\/proizvod\\\/bmw-s-1000-rr-ohlins-ttx-gp-shock-absorber-2023-2025\\\/#primaryimage\",\"url\":\"https:\\\/\\\/rapidomotosport.hr\\\/wp-content\\\/uploads\\\/2026\\\/04\\\/arbo-65.png\",\"contentUrl\":\"https:\\\/\\\/rapidomotosport.hr\\\/wp-content\\\/uploads\\\/2026\\\/04\\\/arbo-65.png\",\"width\":2048,\"height\":1536},{\"@type\":\"BreadcrumbList\",\"@id\":\"https:\\\/\\\/rapidomotosport.hr\\\/it\\\/proizvod\\\/bmw-s-1000-rr-ohlins-ttx-gp-shock-absorber-2023-2025\\\/#breadcrumb\",\"itemListElement\":[{\"@type\":\"ListItem\",\"position\":1,\"name\":\"Po\u010detna stranica\",\"item\":\"https:\\\/\\\/rapidomotosport.hr\\\/it\\\/\"},{\"@type\":\"ListItem\",\"position\":2,\"name\":\"Negozio\",\"item\":\"https:\\\/\\\/rapidomotosport.hr\\\/it\\\/negozio\\\/\"},{\"@type\":\"ListItem\",\"position\":3,\"name\":\"BMW S 1000 RR \u00d6HLINS TTX GP SHOCK ABSORBER 2023-2025\"}]},{\"@type\":\"WebSite\",\"@id\":\"https:\\\/\\\/rapidomotosport.hr\\\/it\\\/#website\",\"url\":\"https:\\\/\\\/rapidomotosport.hr\\\/it\\\/\",\"name\":\"Rapido Motosport\",\"description\":\"\",\"potentialAction\":[{\"@type\":\"SearchAction\",\"target\":{\"@type\":\"EntryPoint\",\"urlTemplate\":\"https:\\\/\\\/rapidomotosport.hr\\\/it\\\/?s={search_term_string}\"},\"query-input\":{\"@type\":\"PropertyValueSpecification\",\"valueRequired\":true,\"valueName\":\"search_term_string\"}}],\"inLanguage\":\"it-IT\"}]}<\/script>\n<!-- \/ Yoast SEO plugin. -->","yoast_head_json":{"title":"BMW S 1000 RR \u00d6HLINS TTX GP SHOCK ABSORBER 2023-2025 - Rapido Motosport","robots":{"index":"index","follow":"follow","max-snippet":"max-snippet:-1","max-image-preview":"max-image-preview:large","max-video-preview":"max-video-preview:-1"},"canonical":"https:\/\/rapidomotosport.hr\/it\/proizvod\/bmw-s-1000-rr-ohlins-ttx-gp-shock-absorber-2023-2025\/","og_locale":"it_IT","og_type":"article","og_title":"BMW S 1000 RR \u00d6HLINS TTX GP SHOCK ABSORBER 2023-2025 - Rapido Motosport","og_description":"Dajte svom motociklu pobjedni\u010dku prednost s \u00d6hlins TTX GP amortizerom. Razvijen izravno iz MotoGP utrka, ovaj amortizer rezultat je na\u0161e bliske suradnje s nekim od najboljih trka\u0107ih timova u motosportu. Iskusite kontrolu, stabilnost i upravljivost na razini utrka dok s povjerenjem osvajate stazu.  TEHNI\u010cKI PODACI  Duljina: 369 +7\/-5 mm Hod: 80 mm Krutost N\/mm: 58 N\/mm Pozicija: stra\u017enja Ugra\u0111ena opruga: 01096-13 Serija opruga: 01096-xx","og_url":"https:\/\/rapidomotosport.hr\/it\/proizvod\/bmw-s-1000-rr-ohlins-ttx-gp-shock-absorber-2023-2025\/","og_site_name":"Rapido Motosport","article_modified_time":"2026-04-17T19:16:25+00:00","og_image":[{"width":2048,"height":1536,"url":"https:\/\/rapidomotosport.hr\/wp-content\/uploads\/2026\/04\/arbo-65.png","type":"image\/png"}],"twitter_card":"summary_large_image","twitter_misc":{"Tempo di lettura stimato":"1 minuto"},"schema":{"@context":"https:\/\/schema.org","@graph":[{"@type":"WebPage","@id":"https:\/\/rapidomotosport.hr\/it\/proizvod\/bmw-s-1000-rr-ohlins-ttx-gp-shock-absorber-2023-2025\/","url":"https:\/\/rapidomotosport.hr\/it\/proizvod\/bmw-s-1000-rr-ohlins-ttx-gp-shock-absorber-2023-2025\/","name":"BMW S 1000 RR \u00d6HLINS TTX GP SHOCK ABSORBER 2023-2025 - Rapido Motosport","isPartOf":{"@id":"https:\/\/rapidomotosport.hr\/it\/#website"},"primaryImageOfPage":{"@id":"https:\/\/rapidomotosport.hr\/it\/proizvod\/bmw-s-1000-rr-ohlins-ttx-gp-shock-absorber-2023-2025\/#primaryimage"},"image":{"@id":"https:\/\/rapidomotosport.hr\/it\/proizvod\/bmw-s-1000-rr-ohlins-ttx-gp-shock-absorber-2023-2025\/#primaryimage"},"thumbnailUrl":"https:\/\/rapidomotosport.hr\/wp-content\/uploads\/2026\/04\/arbo-65.png","datePublished":"2026-04-17T19:15:19+00:00","dateModified":"2026-04-17T19:16:25+00:00","breadcrumb":{"@id":"https:\/\/rapidomotosport.hr\/it\/proizvod\/bmw-s-1000-rr-ohlins-ttx-gp-shock-absorber-2023-2025\/#breadcrumb"},"inLanguage":"it-IT","potentialAction":[{"@type":"ReadAction","target":["https:\/\/rapidomotosport.hr\/it\/proizvod\/bmw-s-1000-rr-ohlins-ttx-gp-shock-absorber-2023-2025\/"]}]},{"@type":"ImageObject","inLanguage":"it-IT","@id":"https:\/\/rapidomotosport.hr\/it\/proizvod\/bmw-s-1000-rr-ohlins-ttx-gp-shock-absorber-2023-2025\/#primaryimage","url":"https:\/\/rapidomotosport.hr\/wp-content\/uploads\/2026\/04\/arbo-65.png","contentUrl":"https:\/\/rapidomotosport.hr\/wp-content\/uploads\/2026\/04\/arbo-65.png","width":2048,"height":1536},{"@type":"BreadcrumbList","@id":"https:\/\/rapidomotosport.hr\/it\/proizvod\/bmw-s-1000-rr-ohlins-ttx-gp-shock-absorber-2023-2025\/#breadcrumb","itemListElement":[{"@type":"ListItem","position":1,"name":"Po\u010detna stranica","item":"https:\/\/rapidomotosport.hr\/it\/"},{"@type":"ListItem","position":2,"name":"Negozio","item":"https:\/\/rapidomotosport.hr\/it\/negozio\/"},{"@type":"ListItem","position":3,"name":"BMW S 1000 RR \u00d6HLINS TTX GP SHOCK ABSORBER 2023-2025"}]},{"@type":"WebSite","@id":"https:\/\/rapidomotosport.hr\/it\/#website","url":"https:\/\/rapidomotosport.hr\/it\/","name":"Rapido Motosport","description":"","potentialAction":[{"@type":"SearchAction","target":{"@type":"EntryPoint","urlTemplate":"https:\/\/rapidomotosport.hr\/it\/?s={search_term_string}"},"query-input":{"@type":"PropertyValueSpecification","valueRequired":true,"valueName":"search_term_string"}}],"inLanguage":"it-IT"}]}},"_links":{"self":[{"href":"https:\/\/rapidomotosport.hr\/it\/wp-json\/wp\/v2\/product\/54792","targetHints":{"allow":["GET"]}}],"collection":[{"href":"https:\/\/rapidomotosport.hr\/it\/wp-json\/wp\/v2\/product"}],"about":[{"href":"https:\/\/rapidomotosport.hr\/it\/wp-json\/wp\/v2\/types\/product"}],"wp:featuredmedia":[{"embeddable":true,"href":"https:\/\/rapidomotosport.hr\/it\/wp-json\/wp\/v2\/media\/54773"}],"wp:attachment":[{"href":"https:\/\/rapidomotosport.hr\/it\/wp-json\/wp\/v2\/media?parent=54792"}],"wp:term":[{"taxonomy":"product_brand","embeddable":true,"href":"https:\/\/rapidomotosport.hr\/it\/wp-json\/wp\/v2\/product_brand?post=54792"},{"taxonomy":"product_cat","embeddable":true,"href":"https:\/\/rapidomotosport.hr\/it\/wp-json\/wp\/v2\/product_cat?post=54792"},{"taxonomy":"product_tag","embeddable":true,"href":"https:\/\/rapidomotosport.hr\/it\/wp-json\/wp\/v2\/product_tag?post=54792"}],"curies":[{"name":"wp","href":"https:\/\/api.w.org\/{rel}","templated":true}]}}