{"id":54803,"date":"2026-04-18T16:54:30","date_gmt":"2026-04-18T14:54:30","guid":{"rendered":"https:\/\/rapidomotosport.hr\/?post_type=product&#038;p=54803"},"modified":"2026-04-18T16:54:40","modified_gmt":"2026-04-18T14:54:40","slug":"bmw-c-400-x-gt-akrapovic-slip-on-line-titanium-2025-2026","status":"publish","type":"product","link":"https:\/\/rapidomotosport.hr\/it\/proizvod\/bmw-c-400-x-gt-akrapovic-slip-on-line-titanium-2025-2026\/","title":{"rendered":"BMW C 400 X \/ GT Akrapovi\u010d Slip-On Line (Titanium) 2025-2026"},"content":{"rendered":"","protected":false},"excerpt":{"rendered":"<p>Pjeskareno ku\u0107i\u0161te prigu\u0161iva\u010da od visokokvalitetnog laganog titana s unutarnjim dijelom od nehr\u0111aju\u0107eg \u010delika i zavr\u0161nim poklopcem od karbonskih vlakana predstavlja sportski dodatak ovom jednocilindri\u010dnom skuteru. Prigu\u0161iva\u010d ima utisnuti uzorak koji stvara dinami\u010dan izgled i pru\u017ea dodatnu \u010dvrsto\u0107u za jo\u0161 ve\u0107u izdr\u017eljivost. Titanijski nosa\u010di omogu\u0107uju pri\u010dvr\u0161\u0107ivanje standardnog toplinskog \u0161titnika.<\/p>\n<p>Laganih materijala omogu\u0107uju smanjenje mase od 33,2 % (1,7 kg) u usporedbi sa standardnim ispu\u0161nim sustavom. Snaga se pove\u0107ava za 0,9 kW (1,2 KS) pri 7.500 o\/min, uz porast okretnog momenta od 1,1 Nm pri 7.500 o\/min, u usporedbi s modelom BMW C 400 opremljenim standardnim ispu\u0161nim sustavom i testiranim na internom dinamometru. Ovaj proizvod proizvodi dubok i sportski zvuk te je EC\/ECE homologiran i uskla\u0111en s normom Euro 5+. Plug &amp; Play ugradnja zna\u010di da nije potrebno ponovno mapiranje.<\/p>\n","protected":false},"featured_media":54804,"template":"","meta":[],"product_brand":[],"product_cat":[19],"product_tag":[],"class_list":{"0":"post-54803","1":"product","2":"type-product","3":"status-publish","4":"has-post-thumbnail","6":"product_cat-bmw","8":"first","9":"instock","10":"sale","11":"shipping-taxable","12":"purchasable","13":"product-type-simple"},"yoast_head":"<!-- This site is optimized with the Yoast SEO plugin v27.5 - https:\/\/yoast.com\/product\/yoast-seo-wordpress\/ -->\n<title>BMW C 400 X \/ GT Akrapovi\u010d Slip-On Line (Titanium) 2025-2026 - Rapido Motosport<\/title>\n<meta name=\"robots\" content=\"index, follow, max-snippet:-1, max-image-preview:large, max-video-preview:-1\" \/>\n<link rel=\"canonical\" href=\"https:\/\/rapidomotosport.hr\/it\/proizvod\/bmw-c-400-x-gt-akrapovic-slip-on-line-titanium-2025-2026\/\" \/>\n<meta property=\"og:locale\" content=\"it_IT\" \/>\n<meta property=\"og:type\" content=\"article\" \/>\n<meta property=\"og:title\" content=\"BMW C 400 X \/ GT Akrapovi\u010d Slip-On Line (Titanium) 2025-2026 - Rapido Motosport\" \/>\n<meta property=\"og:description\" content=\"Pjeskareno ku\u0107i\u0161te prigu\u0161iva\u010da od visokokvalitetnog laganog titana s unutarnjim dijelom od nehr\u0111aju\u0107eg \u010delika i zavr\u0161nim poklopcem od karbonskih vlakana predstavlja sportski dodatak ovom jednocilindri\u010dnom skuteru. Prigu\u0161iva\u010d ima utisnuti uzorak koji stvara dinami\u010dan izgled i pru\u017ea dodatnu \u010dvrsto\u0107u za jo\u0161 ve\u0107u izdr\u017eljivost. Titanijski nosa\u010di omogu\u0107uju pri\u010dvr\u0161\u0107ivanje standardnog toplinskog \u0161titnika.  Laganih materijala omogu\u0107uju smanjenje mase od 33,2 % (1,7 kg) u usporedbi sa standardnim ispu\u0161nim sustavom. Snaga se pove\u0107ava za 0,9 kW (1,2 KS) pri 7.500 o\/min, uz porast okretnog momenta od 1,1 Nm pri 7.500 o\/min, u usporedbi s modelom BMW C 400 opremljenim standardnim ispu\u0161nim sustavom i testiranim na internom dinamometru. Ovaj proizvod proizvodi dubok i sportski zvuk te je EC\/ECE homologiran i uskla\u0111en s normom Euro 5+. Plug &amp; Play ugradnja zna\u010di da nije potrebno ponovno mapiranje.\" \/>\n<meta property=\"og:url\" content=\"https:\/\/rapidomotosport.hr\/it\/proizvod\/bmw-c-400-x-gt-akrapovic-slip-on-line-titanium-2025-2026\/\" \/>\n<meta property=\"og:site_name\" content=\"Rapido Motosport\" \/>\n<meta property=\"article:modified_time\" content=\"2026-04-18T14:54:40+00:00\" \/>\n<meta property=\"og:image\" content=\"https:\/\/rapidomotosport.hr\/wp-content\/uploads\/2026\/04\/ad16f2de-48f3-4f54-849d-a3fe23c13cb5.png\" \/>\n\t<meta property=\"og:image:width\" content=\"2362\" \/>\n\t<meta property=\"og:image:height\" content=\"1769\" \/>\n\t<meta property=\"og:image:type\" content=\"image\/png\" \/>\n<meta name=\"twitter:card\" content=\"summary_large_image\" \/>\n<meta name=\"twitter:label1\" content=\"Tempo di lettura stimato\" \/>\n\t<meta name=\"twitter:data1\" content=\"1 minuto\" \/>\n<script type=\"application\/ld+json\" class=\"yoast-schema-graph\">{\"@context\":\"https:\\\/\\\/schema.org\",\"@graph\":[{\"@type\":\"WebPage\",\"@id\":\"https:\\\/\\\/rapidomotosport.hr\\\/it\\\/proizvod\\\/bmw-c-400-x-gt-akrapovic-slip-on-line-titanium-2025-2026\\\/\",\"url\":\"https:\\\/\\\/rapidomotosport.hr\\\/it\\\/proizvod\\\/bmw-c-400-x-gt-akrapovic-slip-on-line-titanium-2025-2026\\\/\",\"name\":\"BMW C 400 X \\\/ GT Akrapovi\u010d Slip-On Line (Titanium) 2025-2026 - Rapido Motosport\",\"isPartOf\":{\"@id\":\"https:\\\/\\\/rapidomotosport.hr\\\/it\\\/#website\"},\"primaryImageOfPage\":{\"@id\":\"https:\\\/\\\/rapidomotosport.hr\\\/it\\\/proizvod\\\/bmw-c-400-x-gt-akrapovic-slip-on-line-titanium-2025-2026\\\/#primaryimage\"},\"image\":{\"@id\":\"https:\\\/\\\/rapidomotosport.hr\\\/it\\\/proizvod\\\/bmw-c-400-x-gt-akrapovic-slip-on-line-titanium-2025-2026\\\/#primaryimage\"},\"thumbnailUrl\":\"https:\\\/\\\/rapidomotosport.hr\\\/wp-content\\\/uploads\\\/2026\\\/04\\\/ad16f2de-48f3-4f54-849d-a3fe23c13cb5.png\",\"datePublished\":\"2026-04-18T14:54:30+00:00\",\"dateModified\":\"2026-04-18T14:54:40+00:00\",\"breadcrumb\":{\"@id\":\"https:\\\/\\\/rapidomotosport.hr\\\/it\\\/proizvod\\\/bmw-c-400-x-gt-akrapovic-slip-on-line-titanium-2025-2026\\\/#breadcrumb\"},\"inLanguage\":\"it-IT\",\"potentialAction\":[{\"@type\":\"ReadAction\",\"target\":[\"https:\\\/\\\/rapidomotosport.hr\\\/it\\\/proizvod\\\/bmw-c-400-x-gt-akrapovic-slip-on-line-titanium-2025-2026\\\/\"]}]},{\"@type\":\"ImageObject\",\"inLanguage\":\"it-IT\",\"@id\":\"https:\\\/\\\/rapidomotosport.hr\\\/it\\\/proizvod\\\/bmw-c-400-x-gt-akrapovic-slip-on-line-titanium-2025-2026\\\/#primaryimage\",\"url\":\"https:\\\/\\\/rapidomotosport.hr\\\/wp-content\\\/uploads\\\/2026\\\/04\\\/ad16f2de-48f3-4f54-849d-a3fe23c13cb5.png\",\"contentUrl\":\"https:\\\/\\\/rapidomotosport.hr\\\/wp-content\\\/uploads\\\/2026\\\/04\\\/ad16f2de-48f3-4f54-849d-a3fe23c13cb5.png\",\"width\":2362,\"height\":1769},{\"@type\":\"BreadcrumbList\",\"@id\":\"https:\\\/\\\/rapidomotosport.hr\\\/it\\\/proizvod\\\/bmw-c-400-x-gt-akrapovic-slip-on-line-titanium-2025-2026\\\/#breadcrumb\",\"itemListElement\":[{\"@type\":\"ListItem\",\"position\":1,\"name\":\"Po\u010detna stranica\",\"item\":\"https:\\\/\\\/rapidomotosport.hr\\\/it\\\/\"},{\"@type\":\"ListItem\",\"position\":2,\"name\":\"Negozio\",\"item\":\"https:\\\/\\\/rapidomotosport.hr\\\/it\\\/negozio\\\/\"},{\"@type\":\"ListItem\",\"position\":3,\"name\":\"BMW C 400 X \\\/ GT Akrapovi\u010d Slip-On Line (Titanium) 2025-2026\"}]},{\"@type\":\"WebSite\",\"@id\":\"https:\\\/\\\/rapidomotosport.hr\\\/it\\\/#website\",\"url\":\"https:\\\/\\\/rapidomotosport.hr\\\/it\\\/\",\"name\":\"Rapido Motosport\",\"description\":\"\",\"potentialAction\":[{\"@type\":\"SearchAction\",\"target\":{\"@type\":\"EntryPoint\",\"urlTemplate\":\"https:\\\/\\\/rapidomotosport.hr\\\/it\\\/?s={search_term_string}\"},\"query-input\":{\"@type\":\"PropertyValueSpecification\",\"valueRequired\":true,\"valueName\":\"search_term_string\"}}],\"inLanguage\":\"it-IT\"}]}<\/script>\n<!-- \/ Yoast SEO plugin. -->","yoast_head_json":{"title":"BMW C 400 X \/ GT Akrapovi\u010d Slip-On Line (Titanium) 2025-2026 - Rapido Motosport","robots":{"index":"index","follow":"follow","max-snippet":"max-snippet:-1","max-image-preview":"max-image-preview:large","max-video-preview":"max-video-preview:-1"},"canonical":"https:\/\/rapidomotosport.hr\/it\/proizvod\/bmw-c-400-x-gt-akrapovic-slip-on-line-titanium-2025-2026\/","og_locale":"it_IT","og_type":"article","og_title":"BMW C 400 X \/ GT Akrapovi\u010d Slip-On Line (Titanium) 2025-2026 - Rapido Motosport","og_description":"Pjeskareno ku\u0107i\u0161te prigu\u0161iva\u010da od visokokvalitetnog laganog titana s unutarnjim dijelom od nehr\u0111aju\u0107eg \u010delika i zavr\u0161nim poklopcem od karbonskih vlakana predstavlja sportski dodatak ovom jednocilindri\u010dnom skuteru. Prigu\u0161iva\u010d ima utisnuti uzorak koji stvara dinami\u010dan izgled i pru\u017ea dodatnu \u010dvrsto\u0107u za jo\u0161 ve\u0107u izdr\u017eljivost. Titanijski nosa\u010di omogu\u0107uju pri\u010dvr\u0161\u0107ivanje standardnog toplinskog \u0161titnika.  Laganih materijala omogu\u0107uju smanjenje mase od 33,2 % (1,7 kg) u usporedbi sa standardnim ispu\u0161nim sustavom. Snaga se pove\u0107ava za 0,9 kW (1,2 KS) pri 7.500 o\/min, uz porast okretnog momenta od 1,1 Nm pri 7.500 o\/min, u usporedbi s modelom BMW C 400 opremljenim standardnim ispu\u0161nim sustavom i testiranim na internom dinamometru. Ovaj proizvod proizvodi dubok i sportski zvuk te je EC\/ECE homologiran i uskla\u0111en s normom Euro 5+. Plug &amp; Play ugradnja zna\u010di da nije potrebno ponovno mapiranje.","og_url":"https:\/\/rapidomotosport.hr\/it\/proizvod\/bmw-c-400-x-gt-akrapovic-slip-on-line-titanium-2025-2026\/","og_site_name":"Rapido Motosport","article_modified_time":"2026-04-18T14:54:40+00:00","og_image":[{"width":2362,"height":1769,"url":"https:\/\/rapidomotosport.hr\/wp-content\/uploads\/2026\/04\/ad16f2de-48f3-4f54-849d-a3fe23c13cb5.png","type":"image\/png"}],"twitter_card":"summary_large_image","twitter_misc":{"Tempo di lettura stimato":"1 minuto"},"schema":{"@context":"https:\/\/schema.org","@graph":[{"@type":"WebPage","@id":"https:\/\/rapidomotosport.hr\/it\/proizvod\/bmw-c-400-x-gt-akrapovic-slip-on-line-titanium-2025-2026\/","url":"https:\/\/rapidomotosport.hr\/it\/proizvod\/bmw-c-400-x-gt-akrapovic-slip-on-line-titanium-2025-2026\/","name":"BMW C 400 X \/ GT Akrapovi\u010d Slip-On Line (Titanium) 2025-2026 - Rapido Motosport","isPartOf":{"@id":"https:\/\/rapidomotosport.hr\/it\/#website"},"primaryImageOfPage":{"@id":"https:\/\/rapidomotosport.hr\/it\/proizvod\/bmw-c-400-x-gt-akrapovic-slip-on-line-titanium-2025-2026\/#primaryimage"},"image":{"@id":"https:\/\/rapidomotosport.hr\/it\/proizvod\/bmw-c-400-x-gt-akrapovic-slip-on-line-titanium-2025-2026\/#primaryimage"},"thumbnailUrl":"https:\/\/rapidomotosport.hr\/wp-content\/uploads\/2026\/04\/ad16f2de-48f3-4f54-849d-a3fe23c13cb5.png","datePublished":"2026-04-18T14:54:30+00:00","dateModified":"2026-04-18T14:54:40+00:00","breadcrumb":{"@id":"https:\/\/rapidomotosport.hr\/it\/proizvod\/bmw-c-400-x-gt-akrapovic-slip-on-line-titanium-2025-2026\/#breadcrumb"},"inLanguage":"it-IT","potentialAction":[{"@type":"ReadAction","target":["https:\/\/rapidomotosport.hr\/it\/proizvod\/bmw-c-400-x-gt-akrapovic-slip-on-line-titanium-2025-2026\/"]}]},{"@type":"ImageObject","inLanguage":"it-IT","@id":"https:\/\/rapidomotosport.hr\/it\/proizvod\/bmw-c-400-x-gt-akrapovic-slip-on-line-titanium-2025-2026\/#primaryimage","url":"https:\/\/rapidomotosport.hr\/wp-content\/uploads\/2026\/04\/ad16f2de-48f3-4f54-849d-a3fe23c13cb5.png","contentUrl":"https:\/\/rapidomotosport.hr\/wp-content\/uploads\/2026\/04\/ad16f2de-48f3-4f54-849d-a3fe23c13cb5.png","width":2362,"height":1769},{"@type":"BreadcrumbList","@id":"https:\/\/rapidomotosport.hr\/it\/proizvod\/bmw-c-400-x-gt-akrapovic-slip-on-line-titanium-2025-2026\/#breadcrumb","itemListElement":[{"@type":"ListItem","position":1,"name":"Po\u010detna stranica","item":"https:\/\/rapidomotosport.hr\/it\/"},{"@type":"ListItem","position":2,"name":"Negozio","item":"https:\/\/rapidomotosport.hr\/it\/negozio\/"},{"@type":"ListItem","position":3,"name":"BMW C 400 X \/ GT Akrapovi\u010d Slip-On Line (Titanium) 2025-2026"}]},{"@type":"WebSite","@id":"https:\/\/rapidomotosport.hr\/it\/#website","url":"https:\/\/rapidomotosport.hr\/it\/","name":"Rapido Motosport","description":"","potentialAction":[{"@type":"SearchAction","target":{"@type":"EntryPoint","urlTemplate":"https:\/\/rapidomotosport.hr\/it\/?s={search_term_string}"},"query-input":{"@type":"PropertyValueSpecification","valueRequired":true,"valueName":"search_term_string"}}],"inLanguage":"it-IT"}]}},"_links":{"self":[{"href":"https:\/\/rapidomotosport.hr\/it\/wp-json\/wp\/v2\/product\/54803","targetHints":{"allow":["GET"]}}],"collection":[{"href":"https:\/\/rapidomotosport.hr\/it\/wp-json\/wp\/v2\/product"}],"about":[{"href":"https:\/\/rapidomotosport.hr\/it\/wp-json\/wp\/v2\/types\/product"}],"wp:featuredmedia":[{"embeddable":true,"href":"https:\/\/rapidomotosport.hr\/it\/wp-json\/wp\/v2\/media\/54804"}],"wp:attachment":[{"href":"https:\/\/rapidomotosport.hr\/it\/wp-json\/wp\/v2\/media?parent=54803"}],"wp:term":[{"taxonomy":"product_brand","embeddable":true,"href":"https:\/\/rapidomotosport.hr\/it\/wp-json\/wp\/v2\/product_brand?post=54803"},{"taxonomy":"product_cat","embeddable":true,"href":"https:\/\/rapidomotosport.hr\/it\/wp-json\/wp\/v2\/product_cat?post=54803"},{"taxonomy":"product_tag","embeddable":true,"href":"https:\/\/rapidomotosport.hr\/it\/wp-json\/wp\/v2\/product_tag?post=54803"}],"curies":[{"name":"wp","href":"https:\/\/api.w.org\/{rel}","templated":true}]}}