{"id":54837,"date":"2026-04-18T19:12:54","date_gmt":"2026-04-18T17:12:54","guid":{"rendered":"https:\/\/rapidomotosport.hr\/?post_type=product&#038;p=54837"},"modified":"2026-04-18T19:13:05","modified_gmt":"2026-04-18T17:13:05","slug":"honda-cb-1000-hornet-ohlins-nix-22-cartridge-kit-2024-2025","status":"publish","type":"product","link":"https:\/\/rapidomotosport.hr\/it\/proizvod\/honda-cb-1000-hornet-ohlins-nix-22-cartridge-kit-2024-2025\/","title":{"rendered":"HONDA CB 1000 HORNET \u00d6HLINS NIX 22 CARTRIDGE KIT 2024-2025"},"content":{"rendered":"","protected":false},"excerpt":{"rendered":"<p>Unaprijedite performanse svog laganog sportskog ili street motocikla uz \u00d6hlins NIX30 Street komplet patrona. Razvijen iz tehnologije kori\u0161tene u WSBK i drugim vrhunskim trka\u0107im serijama, NIX30 Street je svestrana nadogradnja performansi optimizirana za cestu i stazu. Postavite patrone u komfortni na\u010din rada za upijanje neravnina i ugodnu vo\u017enju ili prebacite u sportski na\u010din za tvr\u0111u karakteristiku kada \u017eelite agresivnije ulaziti u zavoje i biti agilniji na stazi. S NIX30 Street izbor je na vama.<\/p>\n<p>TEHNI\u010cKI PODACI<\/p>\n<p>Hod: 130 mm<br \/>\nPozicija: prednja<br \/>\nSerija opruga: 08423-xx<br \/>\nPreporu\u010deno ulje: 01309-01<br \/>\nRazina ulja: 140 mm<br \/>\nPakiranje: par<\/p>\n","protected":false},"featured_media":54838,"template":"","meta":[],"product_brand":[],"product_cat":[1254],"product_tag":[],"class_list":{"0":"post-54837","1":"product","2":"type-product","3":"status-publish","4":"has-post-thumbnail","6":"product_cat-amortizeri-za-motocikle","8":"first","9":"instock","10":"sale","11":"shipping-taxable","12":"purchasable","13":"product-type-simple"},"yoast_head":"<!-- This site is optimized with the Yoast SEO plugin v27.4 - https:\/\/yoast.com\/product\/yoast-seo-wordpress\/ -->\n<title>HONDA CB 1000 HORNET \u00d6HLINS NIX 22 CARTRIDGE KIT 2024-2025 - Rapido Motosport<\/title>\n<meta name=\"robots\" content=\"index, follow, max-snippet:-1, max-image-preview:large, max-video-preview:-1\" \/>\n<link rel=\"canonical\" href=\"https:\/\/rapidomotosport.hr\/it\/proizvod\/honda-cb-1000-hornet-ohlins-nix-22-cartridge-kit-2024-2025\/\" \/>\n<meta property=\"og:locale\" content=\"it_IT\" \/>\n<meta property=\"og:type\" content=\"article\" \/>\n<meta property=\"og:title\" content=\"HONDA CB 1000 HORNET \u00d6HLINS NIX 22 CARTRIDGE KIT 2024-2025 - Rapido Motosport\" \/>\n<meta property=\"og:description\" content=\"Unaprijedite performanse svog laganog sportskog ili street motocikla uz \u00d6hlins NIX30 Street komplet patrona. Razvijen iz tehnologije kori\u0161tene u WSBK i drugim vrhunskim trka\u0107im serijama, NIX30 Street je svestrana nadogradnja performansi optimizirana za cestu i stazu. Postavite patrone u komfortni na\u010din rada za upijanje neravnina i ugodnu vo\u017enju ili prebacite u sportski na\u010din za tvr\u0111u karakteristiku kada \u017eelite agresivnije ulaziti u zavoje i biti agilniji na stazi. S NIX30 Street izbor je na vama.  TEHNI\u010cKI PODACI  Hod: 130 mm Pozicija: prednja Serija opruga: 08423-xx Preporu\u010deno ulje: 01309-01 Razina ulja: 140 mm Pakiranje: par\" \/>\n<meta property=\"og:url\" content=\"https:\/\/rapidomotosport.hr\/it\/proizvod\/honda-cb-1000-hornet-ohlins-nix-22-cartridge-kit-2024-2025\/\" \/>\n<meta property=\"og:site_name\" content=\"Rapido Motosport\" \/>\n<meta property=\"article:modified_time\" content=\"2026-04-18T17:13:05+00:00\" \/>\n<meta property=\"og:image\" content=\"https:\/\/rapidomotosport.hr\/wp-content\/uploads\/2026\/04\/arbo-73.png\" \/>\n\t<meta property=\"og:image:width\" content=\"2048\" \/>\n\t<meta property=\"og:image:height\" content=\"1536\" \/>\n\t<meta property=\"og:image:type\" content=\"image\/png\" \/>\n<meta name=\"twitter:card\" content=\"summary_large_image\" \/>\n<meta name=\"twitter:label1\" content=\"Tempo di lettura stimato\" \/>\n\t<meta name=\"twitter:data1\" content=\"1 minuto\" \/>\n<script type=\"application\/ld+json\" class=\"yoast-schema-graph\">{\"@context\":\"https:\\\/\\\/schema.org\",\"@graph\":[{\"@type\":\"WebPage\",\"@id\":\"https:\\\/\\\/rapidomotosport.hr\\\/it\\\/proizvod\\\/honda-cb-1000-hornet-ohlins-nix-22-cartridge-kit-2024-2025\\\/\",\"url\":\"https:\\\/\\\/rapidomotosport.hr\\\/it\\\/proizvod\\\/honda-cb-1000-hornet-ohlins-nix-22-cartridge-kit-2024-2025\\\/\",\"name\":\"HONDA CB 1000 HORNET \u00d6HLINS NIX 22 CARTRIDGE KIT 2024-2025 - Rapido Motosport\",\"isPartOf\":{\"@id\":\"https:\\\/\\\/rapidomotosport.hr\\\/it\\\/#website\"},\"primaryImageOfPage\":{\"@id\":\"https:\\\/\\\/rapidomotosport.hr\\\/it\\\/proizvod\\\/honda-cb-1000-hornet-ohlins-nix-22-cartridge-kit-2024-2025\\\/#primaryimage\"},\"image\":{\"@id\":\"https:\\\/\\\/rapidomotosport.hr\\\/it\\\/proizvod\\\/honda-cb-1000-hornet-ohlins-nix-22-cartridge-kit-2024-2025\\\/#primaryimage\"},\"thumbnailUrl\":\"https:\\\/\\\/rapidomotosport.hr\\\/wp-content\\\/uploads\\\/2026\\\/04\\\/arbo-73.png\",\"datePublished\":\"2026-04-18T17:12:54+00:00\",\"dateModified\":\"2026-04-18T17:13:05+00:00\",\"breadcrumb\":{\"@id\":\"https:\\\/\\\/rapidomotosport.hr\\\/it\\\/proizvod\\\/honda-cb-1000-hornet-ohlins-nix-22-cartridge-kit-2024-2025\\\/#breadcrumb\"},\"inLanguage\":\"it-IT\",\"potentialAction\":[{\"@type\":\"ReadAction\",\"target\":[\"https:\\\/\\\/rapidomotosport.hr\\\/it\\\/proizvod\\\/honda-cb-1000-hornet-ohlins-nix-22-cartridge-kit-2024-2025\\\/\"]}]},{\"@type\":\"ImageObject\",\"inLanguage\":\"it-IT\",\"@id\":\"https:\\\/\\\/rapidomotosport.hr\\\/it\\\/proizvod\\\/honda-cb-1000-hornet-ohlins-nix-22-cartridge-kit-2024-2025\\\/#primaryimage\",\"url\":\"https:\\\/\\\/rapidomotosport.hr\\\/wp-content\\\/uploads\\\/2026\\\/04\\\/arbo-73.png\",\"contentUrl\":\"https:\\\/\\\/rapidomotosport.hr\\\/wp-content\\\/uploads\\\/2026\\\/04\\\/arbo-73.png\",\"width\":2048,\"height\":1536},{\"@type\":\"BreadcrumbList\",\"@id\":\"https:\\\/\\\/rapidomotosport.hr\\\/it\\\/proizvod\\\/honda-cb-1000-hornet-ohlins-nix-22-cartridge-kit-2024-2025\\\/#breadcrumb\",\"itemListElement\":[{\"@type\":\"ListItem\",\"position\":1,\"name\":\"Po\u010detna stranica\",\"item\":\"https:\\\/\\\/rapidomotosport.hr\\\/it\\\/\"},{\"@type\":\"ListItem\",\"position\":2,\"name\":\"Negozio\",\"item\":\"https:\\\/\\\/rapidomotosport.hr\\\/it\\\/negozio\\\/\"},{\"@type\":\"ListItem\",\"position\":3,\"name\":\"HONDA CB 1000 HORNET \u00d6HLINS NIX 22 CARTRIDGE KIT 2024-2025\"}]},{\"@type\":\"WebSite\",\"@id\":\"https:\\\/\\\/rapidomotosport.hr\\\/it\\\/#website\",\"url\":\"https:\\\/\\\/rapidomotosport.hr\\\/it\\\/\",\"name\":\"Rapido Motosport\",\"description\":\"\",\"potentialAction\":[{\"@type\":\"SearchAction\",\"target\":{\"@type\":\"EntryPoint\",\"urlTemplate\":\"https:\\\/\\\/rapidomotosport.hr\\\/it\\\/?s={search_term_string}\"},\"query-input\":{\"@type\":\"PropertyValueSpecification\",\"valueRequired\":true,\"valueName\":\"search_term_string\"}}],\"inLanguage\":\"it-IT\"}]}<\/script>\n<!-- \/ Yoast SEO plugin. -->","yoast_head_json":{"title":"HONDA CB 1000 HORNET \u00d6HLINS NIX 22 CARTRIDGE KIT 2024-2025 - Rapido Motosport","robots":{"index":"index","follow":"follow","max-snippet":"max-snippet:-1","max-image-preview":"max-image-preview:large","max-video-preview":"max-video-preview:-1"},"canonical":"https:\/\/rapidomotosport.hr\/it\/proizvod\/honda-cb-1000-hornet-ohlins-nix-22-cartridge-kit-2024-2025\/","og_locale":"it_IT","og_type":"article","og_title":"HONDA CB 1000 HORNET \u00d6HLINS NIX 22 CARTRIDGE KIT 2024-2025 - Rapido Motosport","og_description":"Unaprijedite performanse svog laganog sportskog ili street motocikla uz \u00d6hlins NIX30 Street komplet patrona. Razvijen iz tehnologije kori\u0161tene u WSBK i drugim vrhunskim trka\u0107im serijama, NIX30 Street je svestrana nadogradnja performansi optimizirana za cestu i stazu. Postavite patrone u komfortni na\u010din rada za upijanje neravnina i ugodnu vo\u017enju ili prebacite u sportski na\u010din za tvr\u0111u karakteristiku kada \u017eelite agresivnije ulaziti u zavoje i biti agilniji na stazi. S NIX30 Street izbor je na vama.  TEHNI\u010cKI PODACI  Hod: 130 mm Pozicija: prednja Serija opruga: 08423-xx Preporu\u010deno ulje: 01309-01 Razina ulja: 140 mm Pakiranje: par","og_url":"https:\/\/rapidomotosport.hr\/it\/proizvod\/honda-cb-1000-hornet-ohlins-nix-22-cartridge-kit-2024-2025\/","og_site_name":"Rapido Motosport","article_modified_time":"2026-04-18T17:13:05+00:00","og_image":[{"width":2048,"height":1536,"url":"https:\/\/rapidomotosport.hr\/wp-content\/uploads\/2026\/04\/arbo-73.png","type":"image\/png"}],"twitter_card":"summary_large_image","twitter_misc":{"Tempo di lettura stimato":"1 minuto"},"schema":{"@context":"https:\/\/schema.org","@graph":[{"@type":"WebPage","@id":"https:\/\/rapidomotosport.hr\/it\/proizvod\/honda-cb-1000-hornet-ohlins-nix-22-cartridge-kit-2024-2025\/","url":"https:\/\/rapidomotosport.hr\/it\/proizvod\/honda-cb-1000-hornet-ohlins-nix-22-cartridge-kit-2024-2025\/","name":"HONDA CB 1000 HORNET \u00d6HLINS NIX 22 CARTRIDGE KIT 2024-2025 - Rapido Motosport","isPartOf":{"@id":"https:\/\/rapidomotosport.hr\/it\/#website"},"primaryImageOfPage":{"@id":"https:\/\/rapidomotosport.hr\/it\/proizvod\/honda-cb-1000-hornet-ohlins-nix-22-cartridge-kit-2024-2025\/#primaryimage"},"image":{"@id":"https:\/\/rapidomotosport.hr\/it\/proizvod\/honda-cb-1000-hornet-ohlins-nix-22-cartridge-kit-2024-2025\/#primaryimage"},"thumbnailUrl":"https:\/\/rapidomotosport.hr\/wp-content\/uploads\/2026\/04\/arbo-73.png","datePublished":"2026-04-18T17:12:54+00:00","dateModified":"2026-04-18T17:13:05+00:00","breadcrumb":{"@id":"https:\/\/rapidomotosport.hr\/it\/proizvod\/honda-cb-1000-hornet-ohlins-nix-22-cartridge-kit-2024-2025\/#breadcrumb"},"inLanguage":"it-IT","potentialAction":[{"@type":"ReadAction","target":["https:\/\/rapidomotosport.hr\/it\/proizvod\/honda-cb-1000-hornet-ohlins-nix-22-cartridge-kit-2024-2025\/"]}]},{"@type":"ImageObject","inLanguage":"it-IT","@id":"https:\/\/rapidomotosport.hr\/it\/proizvod\/honda-cb-1000-hornet-ohlins-nix-22-cartridge-kit-2024-2025\/#primaryimage","url":"https:\/\/rapidomotosport.hr\/wp-content\/uploads\/2026\/04\/arbo-73.png","contentUrl":"https:\/\/rapidomotosport.hr\/wp-content\/uploads\/2026\/04\/arbo-73.png","width":2048,"height":1536},{"@type":"BreadcrumbList","@id":"https:\/\/rapidomotosport.hr\/it\/proizvod\/honda-cb-1000-hornet-ohlins-nix-22-cartridge-kit-2024-2025\/#breadcrumb","itemListElement":[{"@type":"ListItem","position":1,"name":"Po\u010detna stranica","item":"https:\/\/rapidomotosport.hr\/it\/"},{"@type":"ListItem","position":2,"name":"Negozio","item":"https:\/\/rapidomotosport.hr\/it\/negozio\/"},{"@type":"ListItem","position":3,"name":"HONDA CB 1000 HORNET \u00d6HLINS NIX 22 CARTRIDGE KIT 2024-2025"}]},{"@type":"WebSite","@id":"https:\/\/rapidomotosport.hr\/it\/#website","url":"https:\/\/rapidomotosport.hr\/it\/","name":"Rapido Motosport","description":"","potentialAction":[{"@type":"SearchAction","target":{"@type":"EntryPoint","urlTemplate":"https:\/\/rapidomotosport.hr\/it\/?s={search_term_string}"},"query-input":{"@type":"PropertyValueSpecification","valueRequired":true,"valueName":"search_term_string"}}],"inLanguage":"it-IT"}]}},"_links":{"self":[{"href":"https:\/\/rapidomotosport.hr\/it\/wp-json\/wp\/v2\/product\/54837","targetHints":{"allow":["GET"]}}],"collection":[{"href":"https:\/\/rapidomotosport.hr\/it\/wp-json\/wp\/v2\/product"}],"about":[{"href":"https:\/\/rapidomotosport.hr\/it\/wp-json\/wp\/v2\/types\/product"}],"wp:featuredmedia":[{"embeddable":true,"href":"https:\/\/rapidomotosport.hr\/it\/wp-json\/wp\/v2\/media\/54838"}],"wp:attachment":[{"href":"https:\/\/rapidomotosport.hr\/it\/wp-json\/wp\/v2\/media?parent=54837"}],"wp:term":[{"taxonomy":"product_brand","embeddable":true,"href":"https:\/\/rapidomotosport.hr\/it\/wp-json\/wp\/v2\/product_brand?post=54837"},{"taxonomy":"product_cat","embeddable":true,"href":"https:\/\/rapidomotosport.hr\/it\/wp-json\/wp\/v2\/product_cat?post=54837"},{"taxonomy":"product_tag","embeddable":true,"href":"https:\/\/rapidomotosport.hr\/it\/wp-json\/wp\/v2\/product_tag?post=54837"}],"curies":[{"name":"wp","href":"https:\/\/api.w.org\/{rel}","templated":true}]}}