{"id":54897,"date":"2026-04-19T17:32:18","date_gmt":"2026-04-19T15:32:18","guid":{"rendered":"https:\/\/rapidomotosport.hr\/?post_type=product&#038;p=54897"},"modified":"2026-04-19T17:35:05","modified_gmt":"2026-04-19T15:35:05","slug":"honda-cbr-1000-rr-ohlins-fgrt-upside-down-front-fork-road-track-2012-2019","status":"publish","type":"product","link":"https:\/\/rapidomotosport.hr\/it\/proizvod\/honda-cbr-1000-rr-ohlins-fgrt-upside-down-front-fork-road-track-2012-2019\/","title":{"rendered":"HONDA CBR 1000 RR \u00d6HLINS FGRT UPSIDE DOWN FRONT FORK ROAD &#038; TRACK 2012-2019"},"content":{"rendered":"","protected":false},"excerpt":{"rendered":"<p>Bilo da ciljate na nacionalni naslov u cestovnim utrkama ili na mirnu vo\u017enju kroz prirodu, \u00d6hlins FGRT 200 prednja vilica nudi razinu performansi, dosljednosti i elasti\u010dnosti koja nadma\u0161uje o\u010dekivanja. Opremljena na\u0161im trka\u0107ki provjerenim NIX 30 kompletom patrona, ova vilica pru\u017ea vrhunsko dinami\u010dko pona\u0161anje i pobolj\u0161anu mogu\u0107nost pode\u0161avanja, s regulatorima smje\u0161tenima na vrhu svake noge vilice. FGRT 200 pobolj\u0161ava povratne informacije voza\u010du, potporu pri ko\u010denju i op\u0107u upravljivost na cesti i stazi. Svojim profinjenim dizajnom, ova prednja vilica savr\u0161ena je i po performansama i po izgledu.<\/p>\n<p>TEHNI\u010cKI PODACI<\/p>\n<p>Duljina: 710 mm<br \/>\nHod: 120 mm<br \/>\nKrutost N\/mm: 10,0 N\/mm<br \/>\nUgra\u0111ena opruga: 04744-10<\/p>\n","protected":false},"featured_media":54750,"template":"","meta":[],"product_brand":[],"product_cat":[1254],"product_tag":[],"class_list":{"0":"post-54897","1":"product","2":"type-product","3":"status-publish","4":"has-post-thumbnail","6":"product_cat-amortizeri-za-motocikle","8":"first","9":"instock","10":"sale","11":"shipping-taxable","12":"purchasable","13":"product-type-simple"},"yoast_head":"<!-- This site is optimized with the Yoast SEO plugin v27.4 - https:\/\/yoast.com\/product\/yoast-seo-wordpress\/ -->\n<title>HONDA CBR 1000 RR \u00d6HLINS FGRT UPSIDE DOWN FRONT FORK ROAD &amp; TRACK 2012-2019 - Rapido Motosport<\/title>\n<meta name=\"robots\" content=\"index, follow, max-snippet:-1, max-image-preview:large, max-video-preview:-1\" \/>\n<link rel=\"canonical\" href=\"https:\/\/rapidomotosport.hr\/it\/proizvod\/honda-cbr-1000-rr-ohlins-fgrt-upside-down-front-fork-road-track-2012-2019\/\" \/>\n<meta property=\"og:locale\" content=\"it_IT\" \/>\n<meta property=\"og:type\" content=\"article\" \/>\n<meta property=\"og:title\" content=\"HONDA CBR 1000 RR \u00d6HLINS FGRT UPSIDE DOWN FRONT FORK ROAD &amp; TRACK 2012-2019 - Rapido Motosport\" \/>\n<meta property=\"og:description\" content=\"Bilo da ciljate na nacionalni naslov u cestovnim utrkama ili na mirnu vo\u017enju kroz prirodu, \u00d6hlins FGRT 200 prednja vilica nudi razinu performansi, dosljednosti i elasti\u010dnosti koja nadma\u0161uje o\u010dekivanja. Opremljena na\u0161im trka\u0107ki provjerenim NIX 30 kompletom patrona, ova vilica pru\u017ea vrhunsko dinami\u010dko pona\u0161anje i pobolj\u0161anu mogu\u0107nost pode\u0161avanja, s regulatorima smje\u0161tenima na vrhu svake noge vilice. FGRT 200 pobolj\u0161ava povratne informacije voza\u010du, potporu pri ko\u010denju i op\u0107u upravljivost na cesti i stazi. Svojim profinjenim dizajnom, ova prednja vilica savr\u0161ena je i po performansama i po izgledu.  TEHNI\u010cKI PODACI  Duljina: 710 mm Hod: 120 mm Krutost N\/mm: 10,0 N\/mm Ugra\u0111ena opruga: 04744-10\" \/>\n<meta property=\"og:url\" content=\"https:\/\/rapidomotosport.hr\/it\/proizvod\/honda-cbr-1000-rr-ohlins-fgrt-upside-down-front-fork-road-track-2012-2019\/\" \/>\n<meta property=\"og:site_name\" content=\"Rapido Motosport\" \/>\n<meta property=\"article:modified_time\" content=\"2026-04-19T15:35:05+00:00\" \/>\n<meta property=\"og:image\" content=\"https:\/\/rapidomotosport.hr\/wp-content\/uploads\/2026\/04\/arbo-61.png\" \/>\n\t<meta property=\"og:image:width\" content=\"2048\" \/>\n\t<meta property=\"og:image:height\" content=\"1536\" \/>\n\t<meta property=\"og:image:type\" content=\"image\/png\" \/>\n<meta name=\"twitter:card\" content=\"summary_large_image\" \/>\n<script type=\"application\/ld+json\" class=\"yoast-schema-graph\">{\"@context\":\"https:\\\/\\\/schema.org\",\"@graph\":[{\"@type\":\"WebPage\",\"@id\":\"https:\\\/\\\/rapidomotosport.hr\\\/it\\\/proizvod\\\/honda-cbr-1000-rr-ohlins-fgrt-upside-down-front-fork-road-track-2012-2019\\\/\",\"url\":\"https:\\\/\\\/rapidomotosport.hr\\\/it\\\/proizvod\\\/honda-cbr-1000-rr-ohlins-fgrt-upside-down-front-fork-road-track-2012-2019\\\/\",\"name\":\"HONDA CBR 1000 RR \u00d6HLINS FGRT UPSIDE DOWN FRONT FORK ROAD & TRACK 2012-2019 - Rapido Motosport\",\"isPartOf\":{\"@id\":\"https:\\\/\\\/rapidomotosport.hr\\\/it\\\/#website\"},\"primaryImageOfPage\":{\"@id\":\"https:\\\/\\\/rapidomotosport.hr\\\/it\\\/proizvod\\\/honda-cbr-1000-rr-ohlins-fgrt-upside-down-front-fork-road-track-2012-2019\\\/#primaryimage\"},\"image\":{\"@id\":\"https:\\\/\\\/rapidomotosport.hr\\\/it\\\/proizvod\\\/honda-cbr-1000-rr-ohlins-fgrt-upside-down-front-fork-road-track-2012-2019\\\/#primaryimage\"},\"thumbnailUrl\":\"https:\\\/\\\/rapidomotosport.hr\\\/wp-content\\\/uploads\\\/2026\\\/04\\\/arbo-61.png\",\"datePublished\":\"2026-04-19T15:32:18+00:00\",\"dateModified\":\"2026-04-19T15:35:05+00:00\",\"breadcrumb\":{\"@id\":\"https:\\\/\\\/rapidomotosport.hr\\\/it\\\/proizvod\\\/honda-cbr-1000-rr-ohlins-fgrt-upside-down-front-fork-road-track-2012-2019\\\/#breadcrumb\"},\"inLanguage\":\"it-IT\",\"potentialAction\":[{\"@type\":\"ReadAction\",\"target\":[\"https:\\\/\\\/rapidomotosport.hr\\\/it\\\/proizvod\\\/honda-cbr-1000-rr-ohlins-fgrt-upside-down-front-fork-road-track-2012-2019\\\/\"]}]},{\"@type\":\"ImageObject\",\"inLanguage\":\"it-IT\",\"@id\":\"https:\\\/\\\/rapidomotosport.hr\\\/it\\\/proizvod\\\/honda-cbr-1000-rr-ohlins-fgrt-upside-down-front-fork-road-track-2012-2019\\\/#primaryimage\",\"url\":\"https:\\\/\\\/rapidomotosport.hr\\\/wp-content\\\/uploads\\\/2026\\\/04\\\/arbo-61.png\",\"contentUrl\":\"https:\\\/\\\/rapidomotosport.hr\\\/wp-content\\\/uploads\\\/2026\\\/04\\\/arbo-61.png\",\"width\":2048,\"height\":1536},{\"@type\":\"BreadcrumbList\",\"@id\":\"https:\\\/\\\/rapidomotosport.hr\\\/it\\\/proizvod\\\/honda-cbr-1000-rr-ohlins-fgrt-upside-down-front-fork-road-track-2012-2019\\\/#breadcrumb\",\"itemListElement\":[{\"@type\":\"ListItem\",\"position\":1,\"name\":\"Po\u010detna stranica\",\"item\":\"https:\\\/\\\/rapidomotosport.hr\\\/it\\\/\"},{\"@type\":\"ListItem\",\"position\":2,\"name\":\"Negozio\",\"item\":\"https:\\\/\\\/rapidomotosport.hr\\\/it\\\/negozio\\\/\"},{\"@type\":\"ListItem\",\"position\":3,\"name\":\"HONDA CBR 1000 RR \u00d6HLINS FGRT UPSIDE DOWN FRONT FORK ROAD &#038; TRACK 2012-2019\"}]},{\"@type\":\"WebSite\",\"@id\":\"https:\\\/\\\/rapidomotosport.hr\\\/it\\\/#website\",\"url\":\"https:\\\/\\\/rapidomotosport.hr\\\/it\\\/\",\"name\":\"Rapido Motosport\",\"description\":\"\",\"potentialAction\":[{\"@type\":\"SearchAction\",\"target\":{\"@type\":\"EntryPoint\",\"urlTemplate\":\"https:\\\/\\\/rapidomotosport.hr\\\/it\\\/?s={search_term_string}\"},\"query-input\":{\"@type\":\"PropertyValueSpecification\",\"valueRequired\":true,\"valueName\":\"search_term_string\"}}],\"inLanguage\":\"it-IT\"}]}<\/script>\n<!-- \/ Yoast SEO plugin. -->","yoast_head_json":{"title":"HONDA CBR 1000 RR \u00d6HLINS FGRT UPSIDE DOWN FRONT FORK ROAD & TRACK 2012-2019 - Rapido Motosport","robots":{"index":"index","follow":"follow","max-snippet":"max-snippet:-1","max-image-preview":"max-image-preview:large","max-video-preview":"max-video-preview:-1"},"canonical":"https:\/\/rapidomotosport.hr\/it\/proizvod\/honda-cbr-1000-rr-ohlins-fgrt-upside-down-front-fork-road-track-2012-2019\/","og_locale":"it_IT","og_type":"article","og_title":"HONDA CBR 1000 RR \u00d6HLINS FGRT UPSIDE DOWN FRONT FORK ROAD & TRACK 2012-2019 - Rapido Motosport","og_description":"Bilo da ciljate na nacionalni naslov u cestovnim utrkama ili na mirnu vo\u017enju kroz prirodu, \u00d6hlins FGRT 200 prednja vilica nudi razinu performansi, dosljednosti i elasti\u010dnosti koja nadma\u0161uje o\u010dekivanja. Opremljena na\u0161im trka\u0107ki provjerenim NIX 30 kompletom patrona, ova vilica pru\u017ea vrhunsko dinami\u010dko pona\u0161anje i pobolj\u0161anu mogu\u0107nost pode\u0161avanja, s regulatorima smje\u0161tenima na vrhu svake noge vilice. FGRT 200 pobolj\u0161ava povratne informacije voza\u010du, potporu pri ko\u010denju i op\u0107u upravljivost na cesti i stazi. Svojim profinjenim dizajnom, ova prednja vilica savr\u0161ena je i po performansama i po izgledu.  TEHNI\u010cKI PODACI  Duljina: 710 mm Hod: 120 mm Krutost N\/mm: 10,0 N\/mm Ugra\u0111ena opruga: 04744-10","og_url":"https:\/\/rapidomotosport.hr\/it\/proizvod\/honda-cbr-1000-rr-ohlins-fgrt-upside-down-front-fork-road-track-2012-2019\/","og_site_name":"Rapido Motosport","article_modified_time":"2026-04-19T15:35:05+00:00","og_image":[{"width":2048,"height":1536,"url":"https:\/\/rapidomotosport.hr\/wp-content\/uploads\/2026\/04\/arbo-61.png","type":"image\/png"}],"twitter_card":"summary_large_image","schema":{"@context":"https:\/\/schema.org","@graph":[{"@type":"WebPage","@id":"https:\/\/rapidomotosport.hr\/it\/proizvod\/honda-cbr-1000-rr-ohlins-fgrt-upside-down-front-fork-road-track-2012-2019\/","url":"https:\/\/rapidomotosport.hr\/it\/proizvod\/honda-cbr-1000-rr-ohlins-fgrt-upside-down-front-fork-road-track-2012-2019\/","name":"HONDA CBR 1000 RR \u00d6HLINS FGRT UPSIDE DOWN FRONT FORK ROAD & TRACK 2012-2019 - Rapido Motosport","isPartOf":{"@id":"https:\/\/rapidomotosport.hr\/it\/#website"},"primaryImageOfPage":{"@id":"https:\/\/rapidomotosport.hr\/it\/proizvod\/honda-cbr-1000-rr-ohlins-fgrt-upside-down-front-fork-road-track-2012-2019\/#primaryimage"},"image":{"@id":"https:\/\/rapidomotosport.hr\/it\/proizvod\/honda-cbr-1000-rr-ohlins-fgrt-upside-down-front-fork-road-track-2012-2019\/#primaryimage"},"thumbnailUrl":"https:\/\/rapidomotosport.hr\/wp-content\/uploads\/2026\/04\/arbo-61.png","datePublished":"2026-04-19T15:32:18+00:00","dateModified":"2026-04-19T15:35:05+00:00","breadcrumb":{"@id":"https:\/\/rapidomotosport.hr\/it\/proizvod\/honda-cbr-1000-rr-ohlins-fgrt-upside-down-front-fork-road-track-2012-2019\/#breadcrumb"},"inLanguage":"it-IT","potentialAction":[{"@type":"ReadAction","target":["https:\/\/rapidomotosport.hr\/it\/proizvod\/honda-cbr-1000-rr-ohlins-fgrt-upside-down-front-fork-road-track-2012-2019\/"]}]},{"@type":"ImageObject","inLanguage":"it-IT","@id":"https:\/\/rapidomotosport.hr\/it\/proizvod\/honda-cbr-1000-rr-ohlins-fgrt-upside-down-front-fork-road-track-2012-2019\/#primaryimage","url":"https:\/\/rapidomotosport.hr\/wp-content\/uploads\/2026\/04\/arbo-61.png","contentUrl":"https:\/\/rapidomotosport.hr\/wp-content\/uploads\/2026\/04\/arbo-61.png","width":2048,"height":1536},{"@type":"BreadcrumbList","@id":"https:\/\/rapidomotosport.hr\/it\/proizvod\/honda-cbr-1000-rr-ohlins-fgrt-upside-down-front-fork-road-track-2012-2019\/#breadcrumb","itemListElement":[{"@type":"ListItem","position":1,"name":"Po\u010detna stranica","item":"https:\/\/rapidomotosport.hr\/it\/"},{"@type":"ListItem","position":2,"name":"Negozio","item":"https:\/\/rapidomotosport.hr\/it\/negozio\/"},{"@type":"ListItem","position":3,"name":"HONDA CBR 1000 RR \u00d6HLINS FGRT UPSIDE DOWN FRONT FORK ROAD &#038; TRACK 2012-2019"}]},{"@type":"WebSite","@id":"https:\/\/rapidomotosport.hr\/it\/#website","url":"https:\/\/rapidomotosport.hr\/it\/","name":"Rapido Motosport","description":"","potentialAction":[{"@type":"SearchAction","target":{"@type":"EntryPoint","urlTemplate":"https:\/\/rapidomotosport.hr\/it\/?s={search_term_string}"},"query-input":{"@type":"PropertyValueSpecification","valueRequired":true,"valueName":"search_term_string"}}],"inLanguage":"it-IT"}]}},"_links":{"self":[{"href":"https:\/\/rapidomotosport.hr\/it\/wp-json\/wp\/v2\/product\/54897","targetHints":{"allow":["GET"]}}],"collection":[{"href":"https:\/\/rapidomotosport.hr\/it\/wp-json\/wp\/v2\/product"}],"about":[{"href":"https:\/\/rapidomotosport.hr\/it\/wp-json\/wp\/v2\/types\/product"}],"wp:featuredmedia":[{"embeddable":true,"href":"https:\/\/rapidomotosport.hr\/it\/wp-json\/wp\/v2\/media\/54750"}],"wp:attachment":[{"href":"https:\/\/rapidomotosport.hr\/it\/wp-json\/wp\/v2\/media?parent=54897"}],"wp:term":[{"taxonomy":"product_brand","embeddable":true,"href":"https:\/\/rapidomotosport.hr\/it\/wp-json\/wp\/v2\/product_brand?post=54897"},{"taxonomy":"product_cat","embeddable":true,"href":"https:\/\/rapidomotosport.hr\/it\/wp-json\/wp\/v2\/product_cat?post=54897"},{"taxonomy":"product_tag","embeddable":true,"href":"https:\/\/rapidomotosport.hr\/it\/wp-json\/wp\/v2\/product_tag?post=54897"}],"curies":[{"name":"wp","href":"https:\/\/api.w.org\/{rel}","templated":true}]}}