{"id":54923,"date":"2026-04-19T21:19:26","date_gmt":"2026-04-19T19:19:26","guid":{"rendered":"https:\/\/rapidomotosport.hr\/?post_type=product&#038;p=54923"},"modified":"2026-04-19T21:19:55","modified_gmt":"2026-04-19T19:19:55","slug":"honda-cbr-250-rr-ohlins-stx-36-supersport-shock-absorber-2017-2018","status":"publish","type":"product","link":"https:\/\/rapidomotosport.hr\/it\/proizvod\/honda-cbr-250-rr-ohlins-stx-36-supersport-shock-absorber-2017-2018\/","title":{"rendered":"HONDA CBR 250 RR \u00d6HLINS STX 36 SUPERSPORT SHOCK ABSORBER 2017-2018"},"content":{"rendered":"","protected":false},"excerpt":{"rendered":"<p>Neka vam svaki dan bude kao dan na stazi uz \u00d6hlins STX 36 Supersport amortizere. Bilo da ste na stazi ili izvan nje, STX 36 Supersport amortizeri dizajnirani su kako bi podigli va\u0161e performanse i kvalitetu vo\u017enje na vi\u0161u razinu. Dostupni u tri razli\u010dite konfiguracije \u2014 klasi\u010dni inline, piggyback ili s odvojenim spremnikom na crijevu \u2014 STX 36 Supersport omogu\u0107uje postizanje vrhunske voza\u010dke izvrsnosti, bez obzira koji supersport model vozite.<\/p>\n<p>TEHNI\u010cKI PODACI<\/p>\n<p>Pozicija: stra\u017enja<br \/>\nUgra\u0111ena opruga: 60281-42<\/p>\n","protected":false},"featured_media":54924,"template":"","meta":[],"product_brand":[],"product_cat":[1254],"product_tag":[],"class_list":{"0":"post-54923","1":"product","2":"type-product","3":"status-publish","4":"has-post-thumbnail","6":"product_cat-ohlins","8":"first","9":"instock","10":"sale","11":"shipping-taxable","12":"purchasable","13":"product-type-simple"},"yoast_head":"<!-- This site is optimized with the Yoast SEO plugin v27.5 - https:\/\/yoast.com\/product\/yoast-seo-wordpress\/ -->\n<title>HONDA CBR 250 RR \u00d6HLINS STX 36 SUPERSPORT SHOCK ABSORBER 2017-2018 - Rapido Motosport<\/title>\n<meta name=\"robots\" content=\"index, follow, max-snippet:-1, max-image-preview:large, max-video-preview:-1\" \/>\n<link rel=\"canonical\" href=\"https:\/\/rapidomotosport.hr\/it\/proizvod\/honda-cbr-250-rr-ohlins-stx-36-supersport-shock-absorber-2017-2018\/\" \/>\n<meta property=\"og:locale\" content=\"it_IT\" \/>\n<meta property=\"og:type\" content=\"article\" \/>\n<meta property=\"og:title\" content=\"HONDA CBR 250 RR \u00d6HLINS STX 36 SUPERSPORT SHOCK ABSORBER 2017-2018 - Rapido Motosport\" \/>\n<meta property=\"og:description\" content=\"Neka vam svaki dan bude kao dan na stazi uz \u00d6hlins STX 36 Supersport amortizere. Bilo da ste na stazi ili izvan nje, STX 36 Supersport amortizeri dizajnirani su kako bi podigli va\u0161e performanse i kvalitetu vo\u017enje na vi\u0161u razinu. Dostupni u tri razli\u010dite konfiguracije \u2014 klasi\u010dni inline, piggyback ili s odvojenim spremnikom na crijevu \u2014 STX 36 Supersport omogu\u0107uje postizanje vrhunske voza\u010dke izvrsnosti, bez obzira koji supersport model vozite.  TEHNI\u010cKI PODACI  Pozicija: stra\u017enja Ugra\u0111ena opruga: 60281-42\" \/>\n<meta property=\"og:url\" content=\"https:\/\/rapidomotosport.hr\/it\/proizvod\/honda-cbr-250-rr-ohlins-stx-36-supersport-shock-absorber-2017-2018\/\" \/>\n<meta property=\"og:site_name\" content=\"Rapido Motosport\" \/>\n<meta property=\"article:modified_time\" content=\"2026-04-19T19:19:55+00:00\" \/>\n<meta property=\"og:image\" content=\"https:\/\/rapidomotosport.hr\/wp-content\/uploads\/2026\/04\/arbo-83.png\" \/>\n\t<meta property=\"og:image:width\" content=\"2048\" \/>\n\t<meta property=\"og:image:height\" content=\"1536\" \/>\n\t<meta property=\"og:image:type\" content=\"image\/png\" \/>\n<meta name=\"twitter:card\" content=\"summary_large_image\" \/>\n<meta name=\"twitter:label1\" content=\"Tempo di lettura stimato\" \/>\n\t<meta name=\"twitter:data1\" content=\"1 minuto\" \/>\n<script type=\"application\/ld+json\" class=\"yoast-schema-graph\">{\"@context\":\"https:\\\/\\\/schema.org\",\"@graph\":[{\"@type\":\"WebPage\",\"@id\":\"https:\\\/\\\/rapidomotosport.hr\\\/it\\\/proizvod\\\/honda-cbr-250-rr-ohlins-stx-36-supersport-shock-absorber-2017-2018\\\/\",\"url\":\"https:\\\/\\\/rapidomotosport.hr\\\/it\\\/proizvod\\\/honda-cbr-250-rr-ohlins-stx-36-supersport-shock-absorber-2017-2018\\\/\",\"name\":\"HONDA CBR 250 RR \u00d6HLINS STX 36 SUPERSPORT SHOCK ABSORBER 2017-2018 - Rapido Motosport\",\"isPartOf\":{\"@id\":\"https:\\\/\\\/rapidomotosport.hr\\\/it\\\/#website\"},\"primaryImageOfPage\":{\"@id\":\"https:\\\/\\\/rapidomotosport.hr\\\/it\\\/proizvod\\\/honda-cbr-250-rr-ohlins-stx-36-supersport-shock-absorber-2017-2018\\\/#primaryimage\"},\"image\":{\"@id\":\"https:\\\/\\\/rapidomotosport.hr\\\/it\\\/proizvod\\\/honda-cbr-250-rr-ohlins-stx-36-supersport-shock-absorber-2017-2018\\\/#primaryimage\"},\"thumbnailUrl\":\"https:\\\/\\\/rapidomotosport.hr\\\/wp-content\\\/uploads\\\/2026\\\/04\\\/arbo-83.png\",\"datePublished\":\"2026-04-19T19:19:26+00:00\",\"dateModified\":\"2026-04-19T19:19:55+00:00\",\"breadcrumb\":{\"@id\":\"https:\\\/\\\/rapidomotosport.hr\\\/it\\\/proizvod\\\/honda-cbr-250-rr-ohlins-stx-36-supersport-shock-absorber-2017-2018\\\/#breadcrumb\"},\"inLanguage\":\"it-IT\",\"potentialAction\":[{\"@type\":\"ReadAction\",\"target\":[\"https:\\\/\\\/rapidomotosport.hr\\\/it\\\/proizvod\\\/honda-cbr-250-rr-ohlins-stx-36-supersport-shock-absorber-2017-2018\\\/\"]}]},{\"@type\":\"ImageObject\",\"inLanguage\":\"it-IT\",\"@id\":\"https:\\\/\\\/rapidomotosport.hr\\\/it\\\/proizvod\\\/honda-cbr-250-rr-ohlins-stx-36-supersport-shock-absorber-2017-2018\\\/#primaryimage\",\"url\":\"https:\\\/\\\/rapidomotosport.hr\\\/wp-content\\\/uploads\\\/2026\\\/04\\\/arbo-83.png\",\"contentUrl\":\"https:\\\/\\\/rapidomotosport.hr\\\/wp-content\\\/uploads\\\/2026\\\/04\\\/arbo-83.png\",\"width\":2048,\"height\":1536},{\"@type\":\"BreadcrumbList\",\"@id\":\"https:\\\/\\\/rapidomotosport.hr\\\/it\\\/proizvod\\\/honda-cbr-250-rr-ohlins-stx-36-supersport-shock-absorber-2017-2018\\\/#breadcrumb\",\"itemListElement\":[{\"@type\":\"ListItem\",\"position\":1,\"name\":\"Po\u010detna stranica\",\"item\":\"https:\\\/\\\/rapidomotosport.hr\\\/it\\\/\"},{\"@type\":\"ListItem\",\"position\":2,\"name\":\"Negozio\",\"item\":\"https:\\\/\\\/rapidomotosport.hr\\\/it\\\/negozio\\\/\"},{\"@type\":\"ListItem\",\"position\":3,\"name\":\"HONDA CBR 250 RR \u00d6HLINS STX 36 SUPERSPORT SHOCK ABSORBER 2017-2018\"}]},{\"@type\":\"WebSite\",\"@id\":\"https:\\\/\\\/rapidomotosport.hr\\\/it\\\/#website\",\"url\":\"https:\\\/\\\/rapidomotosport.hr\\\/it\\\/\",\"name\":\"Rapido Motosport\",\"description\":\"\",\"potentialAction\":[{\"@type\":\"SearchAction\",\"target\":{\"@type\":\"EntryPoint\",\"urlTemplate\":\"https:\\\/\\\/rapidomotosport.hr\\\/it\\\/?s={search_term_string}\"},\"query-input\":{\"@type\":\"PropertyValueSpecification\",\"valueRequired\":true,\"valueName\":\"search_term_string\"}}],\"inLanguage\":\"it-IT\"}]}<\/script>\n<!-- \/ Yoast SEO plugin. -->","yoast_head_json":{"title":"HONDA CBR 250 RR \u00d6HLINS STX 36 SUPERSPORT SHOCK ABSORBER 2017-2018 - Rapido Motosport","robots":{"index":"index","follow":"follow","max-snippet":"max-snippet:-1","max-image-preview":"max-image-preview:large","max-video-preview":"max-video-preview:-1"},"canonical":"https:\/\/rapidomotosport.hr\/it\/proizvod\/honda-cbr-250-rr-ohlins-stx-36-supersport-shock-absorber-2017-2018\/","og_locale":"it_IT","og_type":"article","og_title":"HONDA CBR 250 RR \u00d6HLINS STX 36 SUPERSPORT SHOCK ABSORBER 2017-2018 - Rapido Motosport","og_description":"Neka vam svaki dan bude kao dan na stazi uz \u00d6hlins STX 36 Supersport amortizere. Bilo da ste na stazi ili izvan nje, STX 36 Supersport amortizeri dizajnirani su kako bi podigli va\u0161e performanse i kvalitetu vo\u017enje na vi\u0161u razinu. Dostupni u tri razli\u010dite konfiguracije \u2014 klasi\u010dni inline, piggyback ili s odvojenim spremnikom na crijevu \u2014 STX 36 Supersport omogu\u0107uje postizanje vrhunske voza\u010dke izvrsnosti, bez obzira koji supersport model vozite.  TEHNI\u010cKI PODACI  Pozicija: stra\u017enja Ugra\u0111ena opruga: 60281-42","og_url":"https:\/\/rapidomotosport.hr\/it\/proizvod\/honda-cbr-250-rr-ohlins-stx-36-supersport-shock-absorber-2017-2018\/","og_site_name":"Rapido Motosport","article_modified_time":"2026-04-19T19:19:55+00:00","og_image":[{"width":2048,"height":1536,"url":"https:\/\/rapidomotosport.hr\/wp-content\/uploads\/2026\/04\/arbo-83.png","type":"image\/png"}],"twitter_card":"summary_large_image","twitter_misc":{"Tempo di lettura stimato":"1 minuto"},"schema":{"@context":"https:\/\/schema.org","@graph":[{"@type":"WebPage","@id":"https:\/\/rapidomotosport.hr\/it\/proizvod\/honda-cbr-250-rr-ohlins-stx-36-supersport-shock-absorber-2017-2018\/","url":"https:\/\/rapidomotosport.hr\/it\/proizvod\/honda-cbr-250-rr-ohlins-stx-36-supersport-shock-absorber-2017-2018\/","name":"HONDA CBR 250 RR \u00d6HLINS STX 36 SUPERSPORT SHOCK ABSORBER 2017-2018 - Rapido Motosport","isPartOf":{"@id":"https:\/\/rapidomotosport.hr\/it\/#website"},"primaryImageOfPage":{"@id":"https:\/\/rapidomotosport.hr\/it\/proizvod\/honda-cbr-250-rr-ohlins-stx-36-supersport-shock-absorber-2017-2018\/#primaryimage"},"image":{"@id":"https:\/\/rapidomotosport.hr\/it\/proizvod\/honda-cbr-250-rr-ohlins-stx-36-supersport-shock-absorber-2017-2018\/#primaryimage"},"thumbnailUrl":"https:\/\/rapidomotosport.hr\/wp-content\/uploads\/2026\/04\/arbo-83.png","datePublished":"2026-04-19T19:19:26+00:00","dateModified":"2026-04-19T19:19:55+00:00","breadcrumb":{"@id":"https:\/\/rapidomotosport.hr\/it\/proizvod\/honda-cbr-250-rr-ohlins-stx-36-supersport-shock-absorber-2017-2018\/#breadcrumb"},"inLanguage":"it-IT","potentialAction":[{"@type":"ReadAction","target":["https:\/\/rapidomotosport.hr\/it\/proizvod\/honda-cbr-250-rr-ohlins-stx-36-supersport-shock-absorber-2017-2018\/"]}]},{"@type":"ImageObject","inLanguage":"it-IT","@id":"https:\/\/rapidomotosport.hr\/it\/proizvod\/honda-cbr-250-rr-ohlins-stx-36-supersport-shock-absorber-2017-2018\/#primaryimage","url":"https:\/\/rapidomotosport.hr\/wp-content\/uploads\/2026\/04\/arbo-83.png","contentUrl":"https:\/\/rapidomotosport.hr\/wp-content\/uploads\/2026\/04\/arbo-83.png","width":2048,"height":1536},{"@type":"BreadcrumbList","@id":"https:\/\/rapidomotosport.hr\/it\/proizvod\/honda-cbr-250-rr-ohlins-stx-36-supersport-shock-absorber-2017-2018\/#breadcrumb","itemListElement":[{"@type":"ListItem","position":1,"name":"Po\u010detna stranica","item":"https:\/\/rapidomotosport.hr\/it\/"},{"@type":"ListItem","position":2,"name":"Negozio","item":"https:\/\/rapidomotosport.hr\/it\/negozio\/"},{"@type":"ListItem","position":3,"name":"HONDA CBR 250 RR \u00d6HLINS STX 36 SUPERSPORT SHOCK ABSORBER 2017-2018"}]},{"@type":"WebSite","@id":"https:\/\/rapidomotosport.hr\/it\/#website","url":"https:\/\/rapidomotosport.hr\/it\/","name":"Rapido Motosport","description":"","potentialAction":[{"@type":"SearchAction","target":{"@type":"EntryPoint","urlTemplate":"https:\/\/rapidomotosport.hr\/it\/?s={search_term_string}"},"query-input":{"@type":"PropertyValueSpecification","valueRequired":true,"valueName":"search_term_string"}}],"inLanguage":"it-IT"}]}},"_links":{"self":[{"href":"https:\/\/rapidomotosport.hr\/it\/wp-json\/wp\/v2\/product\/54923","targetHints":{"allow":["GET"]}}],"collection":[{"href":"https:\/\/rapidomotosport.hr\/it\/wp-json\/wp\/v2\/product"}],"about":[{"href":"https:\/\/rapidomotosport.hr\/it\/wp-json\/wp\/v2\/types\/product"}],"wp:featuredmedia":[{"embeddable":true,"href":"https:\/\/rapidomotosport.hr\/it\/wp-json\/wp\/v2\/media\/54924"}],"wp:attachment":[{"href":"https:\/\/rapidomotosport.hr\/it\/wp-json\/wp\/v2\/media?parent=54923"}],"wp:term":[{"taxonomy":"product_brand","embeddable":true,"href":"https:\/\/rapidomotosport.hr\/it\/wp-json\/wp\/v2\/product_brand?post=54923"},{"taxonomy":"product_cat","embeddable":true,"href":"https:\/\/rapidomotosport.hr\/it\/wp-json\/wp\/v2\/product_cat?post=54923"},{"taxonomy":"product_tag","embeddable":true,"href":"https:\/\/rapidomotosport.hr\/it\/wp-json\/wp\/v2\/product_tag?post=54923"}],"curies":[{"name":"wp","href":"https:\/\/api.w.org\/{rel}","templated":true}]}}