{"id":55138,"date":"2026-04-27T23:32:27","date_gmt":"2026-04-27T21:32:27","guid":{"rendered":"https:\/\/rapidomotosport.hr\/?post_type=product&#038;p=55138"},"modified":"2026-04-27T23:39:02","modified_gmt":"2026-04-27T21:39:02","slug":"kawasaki-ninja-400-ohlins-stx-36-supersport-shock-absorber-2018-2020","status":"publish","type":"product","link":"https:\/\/rapidomotosport.hr\/it\/proizvod\/kawasaki-ninja-400-ohlins-stx-36-supersport-shock-absorber-2018-2020\/","title":{"rendered":"KAWASAKI NINJA 400 \u00d6HLINS STX 36 SUPERSPORT SHOCK ABSORBER 2018-2023"},"content":{"rendered":"","protected":false},"excerpt":{"rendered":"<p data-start=\"0\" data-end=\"440\">U\u010dinite da svaki dan bude kao dan na stazi uz \u00d6hlins STX 36 Supersport amortizere. Bilo na stazi ili izvan nje, STX 36 Supersport amortizeri su dizajnirani da podignu va\u0161e performanse i kvalitetu vo\u017enje na vi\u0161u razinu. Dostupni u tri razli\u010dite konfiguracije\u2014klasi\u010dna in-line, piggyback ili s udaljenim spremnikom povezanim crijevom\u2014STX 36 Supersport omogu\u0107uje postizanje vrhunske voza\u010dke izvrsnosti, bez obzira koji supersport model vozite.<\/p>\n<p data-start=\"442\" data-end=\"838\">Na\u0161 STX 36 Supersport amortizer za Kawasaki Z400 i Ninja 400 ima monotubni dizajn, s plinskim sustavom pod tlakom i piggyback spremnikom kako bi se odr\u017eala optimalna ravnote\u017ea temperature i tlaka u ekstremnim uvjetima. Temelji se na \u00d6hlins STX tehnologiji koja osigurava primjetno gla\u0111e i pouzdanije prigu\u0161enje na cesti i stazi\u2014posebno pri skretanju i ulasku u zavoje.<\/p>\n<p data-start=\"840\" data-end=\"1190\" data-is-last-node=\"\" data-is-only-node=\"\">Ovaj amortizer je u potpunosti podesiv. Podesivo kompresijsko i povratno prigu\u0161enje omogu\u0107uju fino pode\u0161avanje karakteristika amortizera prema uvjetima vo\u017enje, dok se prednaprezanje opruge mo\u017ee prilagoditi razli\u010ditim optere\u0107enjima. Uz mogu\u0107nost pode\u0161avanja duljine, mo\u017eete promijeniti i stav motocikla kako biste dodatno personalizirali svoju vo\u017enju.<\/p>\n<p>TEHNI\u010cKI PODACI<\/p>\n<p>Duljina: 320 mm +6-0 mm<br \/>\nHod: 66 mm<br \/>\nKrutost opruge: 105 N\/mm<br \/>\nPolo\u017eaj: stra\u017enji<br \/>\nUgra\u0111ena opruga: 60293-36<br \/>\nSerija opruge: 60293-xx<\/p>\n","protected":false},"featured_media":55139,"template":"","meta":[],"product_brand":[],"product_cat":[1254],"product_tag":[],"class_list":{"0":"post-55138","1":"product","2":"type-product","3":"status-publish","4":"has-post-thumbnail","6":"product_cat-ohlins","8":"first","9":"instock","10":"sale","11":"shipping-taxable","12":"purchasable","13":"product-type-simple"},"yoast_head":"<!-- This site is optimized with the Yoast SEO plugin v27.5 - https:\/\/yoast.com\/product\/yoast-seo-wordpress\/ -->\n<title>KAWASAKI NINJA 400 \u00d6HLINS STX 36 SUPERSPORT SHOCK ABSORBER 2018-2023 - Rapido Motosport<\/title>\n<meta name=\"robots\" content=\"index, follow, max-snippet:-1, max-image-preview:large, max-video-preview:-1\" \/>\n<link rel=\"canonical\" href=\"https:\/\/rapidomotosport.hr\/it\/proizvod\/kawasaki-ninja-400-ohlins-stx-36-supersport-shock-absorber-2018-2020\/\" \/>\n<meta property=\"og:locale\" content=\"it_IT\" \/>\n<meta property=\"og:type\" content=\"article\" \/>\n<meta property=\"og:title\" content=\"KAWASAKI NINJA 400 \u00d6HLINS STX 36 SUPERSPORT SHOCK ABSORBER 2018-2023 - Rapido Motosport\" \/>\n<meta property=\"og:description\" content=\"U\u010dinite da svaki dan bude kao dan na stazi uz \u00d6hlins STX 36 Supersport amortizere. Bilo na stazi ili izvan nje, STX 36 Supersport amortizeri su dizajnirani da podignu va\u0161e performanse i kvalitetu vo\u017enje na vi\u0161u razinu. Dostupni u tri razli\u010dite konfiguracije\u2014klasi\u010dna in-line, piggyback ili s udaljenim spremnikom povezanim crijevom\u2014STX 36 Supersport omogu\u0107uje postizanje vrhunske voza\u010dke izvrsnosti, bez obzira koji supersport model vozite. Na\u0161 STX 36 Supersport amortizer za Kawasaki Z400 i Ninja 400 ima monotubni dizajn, s plinskim sustavom pod tlakom i piggyback spremnikom kako bi se odr\u017eala optimalna ravnote\u017ea temperature i tlaka u ekstremnim uvjetima. Temelji se na \u00d6hlins STX tehnologiji koja osigurava primjetno gla\u0111e i pouzdanije prigu\u0161enje na cesti i stazi\u2014posebno pri skretanju i ulasku u zavoje. Ovaj amortizer je u potpunosti podesiv. Podesivo kompresijsko i povratno prigu\u0161enje omogu\u0107uju fino pode\u0161avanje karakteristika amortizera prema uvjetima vo\u017enje, dok se prednaprezanje opruge mo\u017ee prilagoditi razli\u010ditim optere\u0107enjima. Uz mogu\u0107nost pode\u0161avanja duljine, mo\u017eete promijeniti i stav motocikla kako biste dodatno personalizirali svoju vo\u017enju. TEHNI\u010cKI PODACI  Duljina: 320 mm +6-0 mm Hod: 66 mm Krutost opruge: 105 N\/mm Polo\u017eaj: stra\u017enji Ugra\u0111ena opruga: 60293-36 Serija opruge: 60293-xx\" \/>\n<meta property=\"og:url\" content=\"https:\/\/rapidomotosport.hr\/it\/proizvod\/kawasaki-ninja-400-ohlins-stx-36-supersport-shock-absorber-2018-2020\/\" \/>\n<meta property=\"og:site_name\" content=\"Rapido Motosport\" \/>\n<meta property=\"article:modified_time\" content=\"2026-04-27T21:39:02+00:00\" \/>\n<meta property=\"og:image\" content=\"https:\/\/rapidomotosport.hr\/wp-content\/uploads\/2026\/04\/arbo-2-3.png\" \/>\n\t<meta property=\"og:image:width\" content=\"2048\" \/>\n\t<meta property=\"og:image:height\" content=\"1536\" \/>\n\t<meta property=\"og:image:type\" content=\"image\/png\" \/>\n<meta name=\"twitter:card\" content=\"summary_large_image\" \/>\n<meta name=\"twitter:label1\" content=\"Tempo di lettura stimato\" \/>\n\t<meta name=\"twitter:data1\" content=\"1 minuto\" \/>\n<script type=\"application\/ld+json\" class=\"yoast-schema-graph\">{\"@context\":\"https:\\\/\\\/schema.org\",\"@graph\":[{\"@type\":\"WebPage\",\"@id\":\"https:\\\/\\\/rapidomotosport.hr\\\/it\\\/proizvod\\\/kawasaki-ninja-400-ohlins-stx-36-supersport-shock-absorber-2018-2020\\\/\",\"url\":\"https:\\\/\\\/rapidomotosport.hr\\\/it\\\/proizvod\\\/kawasaki-ninja-400-ohlins-stx-36-supersport-shock-absorber-2018-2020\\\/\",\"name\":\"KAWASAKI NINJA 400 \u00d6HLINS STX 36 SUPERSPORT SHOCK ABSORBER 2018-2023 - Rapido Motosport\",\"isPartOf\":{\"@id\":\"https:\\\/\\\/rapidomotosport.hr\\\/it\\\/#website\"},\"primaryImageOfPage\":{\"@id\":\"https:\\\/\\\/rapidomotosport.hr\\\/it\\\/proizvod\\\/kawasaki-ninja-400-ohlins-stx-36-supersport-shock-absorber-2018-2020\\\/#primaryimage\"},\"image\":{\"@id\":\"https:\\\/\\\/rapidomotosport.hr\\\/it\\\/proizvod\\\/kawasaki-ninja-400-ohlins-stx-36-supersport-shock-absorber-2018-2020\\\/#primaryimage\"},\"thumbnailUrl\":\"https:\\\/\\\/rapidomotosport.hr\\\/wp-content\\\/uploads\\\/2026\\\/04\\\/arbo-2-3.png\",\"datePublished\":\"2026-04-27T21:32:27+00:00\",\"dateModified\":\"2026-04-27T21:39:02+00:00\",\"breadcrumb\":{\"@id\":\"https:\\\/\\\/rapidomotosport.hr\\\/it\\\/proizvod\\\/kawasaki-ninja-400-ohlins-stx-36-supersport-shock-absorber-2018-2020\\\/#breadcrumb\"},\"inLanguage\":\"it-IT\",\"potentialAction\":[{\"@type\":\"ReadAction\",\"target\":[\"https:\\\/\\\/rapidomotosport.hr\\\/it\\\/proizvod\\\/kawasaki-ninja-400-ohlins-stx-36-supersport-shock-absorber-2018-2020\\\/\"]}]},{\"@type\":\"ImageObject\",\"inLanguage\":\"it-IT\",\"@id\":\"https:\\\/\\\/rapidomotosport.hr\\\/it\\\/proizvod\\\/kawasaki-ninja-400-ohlins-stx-36-supersport-shock-absorber-2018-2020\\\/#primaryimage\",\"url\":\"https:\\\/\\\/rapidomotosport.hr\\\/wp-content\\\/uploads\\\/2026\\\/04\\\/arbo-2-3.png\",\"contentUrl\":\"https:\\\/\\\/rapidomotosport.hr\\\/wp-content\\\/uploads\\\/2026\\\/04\\\/arbo-2-3.png\",\"width\":2048,\"height\":1536},{\"@type\":\"BreadcrumbList\",\"@id\":\"https:\\\/\\\/rapidomotosport.hr\\\/it\\\/proizvod\\\/kawasaki-ninja-400-ohlins-stx-36-supersport-shock-absorber-2018-2020\\\/#breadcrumb\",\"itemListElement\":[{\"@type\":\"ListItem\",\"position\":1,\"name\":\"Po\u010detna stranica\",\"item\":\"https:\\\/\\\/rapidomotosport.hr\\\/it\\\/\"},{\"@type\":\"ListItem\",\"position\":2,\"name\":\"Negozio\",\"item\":\"https:\\\/\\\/rapidomotosport.hr\\\/it\\\/negozio\\\/\"},{\"@type\":\"ListItem\",\"position\":3,\"name\":\"KAWASAKI NINJA 400 \u00d6HLINS STX 36 SUPERSPORT SHOCK ABSORBER 2018-2023\"}]},{\"@type\":\"WebSite\",\"@id\":\"https:\\\/\\\/rapidomotosport.hr\\\/it\\\/#website\",\"url\":\"https:\\\/\\\/rapidomotosport.hr\\\/it\\\/\",\"name\":\"Rapido Motosport\",\"description\":\"\",\"potentialAction\":[{\"@type\":\"SearchAction\",\"target\":{\"@type\":\"EntryPoint\",\"urlTemplate\":\"https:\\\/\\\/rapidomotosport.hr\\\/it\\\/?s={search_term_string}\"},\"query-input\":{\"@type\":\"PropertyValueSpecification\",\"valueRequired\":true,\"valueName\":\"search_term_string\"}}],\"inLanguage\":\"it-IT\"}]}<\/script>\n<!-- \/ Yoast SEO plugin. -->","yoast_head_json":{"title":"KAWASAKI NINJA 400 \u00d6HLINS STX 36 SUPERSPORT SHOCK ABSORBER 2018-2023 - Rapido Motosport","robots":{"index":"index","follow":"follow","max-snippet":"max-snippet:-1","max-image-preview":"max-image-preview:large","max-video-preview":"max-video-preview:-1"},"canonical":"https:\/\/rapidomotosport.hr\/it\/proizvod\/kawasaki-ninja-400-ohlins-stx-36-supersport-shock-absorber-2018-2020\/","og_locale":"it_IT","og_type":"article","og_title":"KAWASAKI NINJA 400 \u00d6HLINS STX 36 SUPERSPORT SHOCK ABSORBER 2018-2023 - Rapido Motosport","og_description":"U\u010dinite da svaki dan bude kao dan na stazi uz \u00d6hlins STX 36 Supersport amortizere. Bilo na stazi ili izvan nje, STX 36 Supersport amortizeri su dizajnirani da podignu va\u0161e performanse i kvalitetu vo\u017enje na vi\u0161u razinu. Dostupni u tri razli\u010dite konfiguracije\u2014klasi\u010dna in-line, piggyback ili s udaljenim spremnikom povezanim crijevom\u2014STX 36 Supersport omogu\u0107uje postizanje vrhunske voza\u010dke izvrsnosti, bez obzira koji supersport model vozite. Na\u0161 STX 36 Supersport amortizer za Kawasaki Z400 i Ninja 400 ima monotubni dizajn, s plinskim sustavom pod tlakom i piggyback spremnikom kako bi se odr\u017eala optimalna ravnote\u017ea temperature i tlaka u ekstremnim uvjetima. Temelji se na \u00d6hlins STX tehnologiji koja osigurava primjetno gla\u0111e i pouzdanije prigu\u0161enje na cesti i stazi\u2014posebno pri skretanju i ulasku u zavoje. Ovaj amortizer je u potpunosti podesiv. Podesivo kompresijsko i povratno prigu\u0161enje omogu\u0107uju fino pode\u0161avanje karakteristika amortizera prema uvjetima vo\u017enje, dok se prednaprezanje opruge mo\u017ee prilagoditi razli\u010ditim optere\u0107enjima. Uz mogu\u0107nost pode\u0161avanja duljine, mo\u017eete promijeniti i stav motocikla kako biste dodatno personalizirali svoju vo\u017enju. TEHNI\u010cKI PODACI  Duljina: 320 mm +6-0 mm Hod: 66 mm Krutost opruge: 105 N\/mm Polo\u017eaj: stra\u017enji Ugra\u0111ena opruga: 60293-36 Serija opruge: 60293-xx","og_url":"https:\/\/rapidomotosport.hr\/it\/proizvod\/kawasaki-ninja-400-ohlins-stx-36-supersport-shock-absorber-2018-2020\/","og_site_name":"Rapido Motosport","article_modified_time":"2026-04-27T21:39:02+00:00","og_image":[{"width":2048,"height":1536,"url":"https:\/\/rapidomotosport.hr\/wp-content\/uploads\/2026\/04\/arbo-2-3.png","type":"image\/png"}],"twitter_card":"summary_large_image","twitter_misc":{"Tempo di lettura stimato":"1 minuto"},"schema":{"@context":"https:\/\/schema.org","@graph":[{"@type":"WebPage","@id":"https:\/\/rapidomotosport.hr\/it\/proizvod\/kawasaki-ninja-400-ohlins-stx-36-supersport-shock-absorber-2018-2020\/","url":"https:\/\/rapidomotosport.hr\/it\/proizvod\/kawasaki-ninja-400-ohlins-stx-36-supersport-shock-absorber-2018-2020\/","name":"KAWASAKI NINJA 400 \u00d6HLINS STX 36 SUPERSPORT SHOCK ABSORBER 2018-2023 - Rapido Motosport","isPartOf":{"@id":"https:\/\/rapidomotosport.hr\/it\/#website"},"primaryImageOfPage":{"@id":"https:\/\/rapidomotosport.hr\/it\/proizvod\/kawasaki-ninja-400-ohlins-stx-36-supersport-shock-absorber-2018-2020\/#primaryimage"},"image":{"@id":"https:\/\/rapidomotosport.hr\/it\/proizvod\/kawasaki-ninja-400-ohlins-stx-36-supersport-shock-absorber-2018-2020\/#primaryimage"},"thumbnailUrl":"https:\/\/rapidomotosport.hr\/wp-content\/uploads\/2026\/04\/arbo-2-3.png","datePublished":"2026-04-27T21:32:27+00:00","dateModified":"2026-04-27T21:39:02+00:00","breadcrumb":{"@id":"https:\/\/rapidomotosport.hr\/it\/proizvod\/kawasaki-ninja-400-ohlins-stx-36-supersport-shock-absorber-2018-2020\/#breadcrumb"},"inLanguage":"it-IT","potentialAction":[{"@type":"ReadAction","target":["https:\/\/rapidomotosport.hr\/it\/proizvod\/kawasaki-ninja-400-ohlins-stx-36-supersport-shock-absorber-2018-2020\/"]}]},{"@type":"ImageObject","inLanguage":"it-IT","@id":"https:\/\/rapidomotosport.hr\/it\/proizvod\/kawasaki-ninja-400-ohlins-stx-36-supersport-shock-absorber-2018-2020\/#primaryimage","url":"https:\/\/rapidomotosport.hr\/wp-content\/uploads\/2026\/04\/arbo-2-3.png","contentUrl":"https:\/\/rapidomotosport.hr\/wp-content\/uploads\/2026\/04\/arbo-2-3.png","width":2048,"height":1536},{"@type":"BreadcrumbList","@id":"https:\/\/rapidomotosport.hr\/it\/proizvod\/kawasaki-ninja-400-ohlins-stx-36-supersport-shock-absorber-2018-2020\/#breadcrumb","itemListElement":[{"@type":"ListItem","position":1,"name":"Po\u010detna stranica","item":"https:\/\/rapidomotosport.hr\/it\/"},{"@type":"ListItem","position":2,"name":"Negozio","item":"https:\/\/rapidomotosport.hr\/it\/negozio\/"},{"@type":"ListItem","position":3,"name":"KAWASAKI NINJA 400 \u00d6HLINS STX 36 SUPERSPORT SHOCK ABSORBER 2018-2023"}]},{"@type":"WebSite","@id":"https:\/\/rapidomotosport.hr\/it\/#website","url":"https:\/\/rapidomotosport.hr\/it\/","name":"Rapido Motosport","description":"","potentialAction":[{"@type":"SearchAction","target":{"@type":"EntryPoint","urlTemplate":"https:\/\/rapidomotosport.hr\/it\/?s={search_term_string}"},"query-input":{"@type":"PropertyValueSpecification","valueRequired":true,"valueName":"search_term_string"}}],"inLanguage":"it-IT"}]}},"_links":{"self":[{"href":"https:\/\/rapidomotosport.hr\/it\/wp-json\/wp\/v2\/product\/55138","targetHints":{"allow":["GET"]}}],"collection":[{"href":"https:\/\/rapidomotosport.hr\/it\/wp-json\/wp\/v2\/product"}],"about":[{"href":"https:\/\/rapidomotosport.hr\/it\/wp-json\/wp\/v2\/types\/product"}],"wp:featuredmedia":[{"embeddable":true,"href":"https:\/\/rapidomotosport.hr\/it\/wp-json\/wp\/v2\/media\/55139"}],"wp:attachment":[{"href":"https:\/\/rapidomotosport.hr\/it\/wp-json\/wp\/v2\/media?parent=55138"}],"wp:term":[{"taxonomy":"product_brand","embeddable":true,"href":"https:\/\/rapidomotosport.hr\/it\/wp-json\/wp\/v2\/product_brand?post=55138"},{"taxonomy":"product_cat","embeddable":true,"href":"https:\/\/rapidomotosport.hr\/it\/wp-json\/wp\/v2\/product_cat?post=55138"},{"taxonomy":"product_tag","embeddable":true,"href":"https:\/\/rapidomotosport.hr\/it\/wp-json\/wp\/v2\/product_tag?post=55138"}],"curies":[{"name":"wp","href":"https:\/\/api.w.org\/{rel}","templated":true}]}}