{"id":55172,"date":"2026-04-29T00:02:08","date_gmt":"2026-04-28T22:02:08","guid":{"rendered":"https:\/\/rapidomotosport.hr\/?post_type=product&#038;p=55172"},"modified":"2026-04-29T00:03:45","modified_gmt":"2026-04-28T22:03:45","slug":"kawasaki-ninja-zx-10r-ohlins-nix-30-cartridge-kit-2012-2015","status":"publish","type":"product","link":"https:\/\/rapidomotosport.hr\/it\/proizvod\/kawasaki-ninja-zx-10r-ohlins-nix-30-cartridge-kit-2012-2015\/","title":{"rendered":"KAWASAKI NINJA ZX-10R \u00d6HLINS NIX 30 CARTRIDGE KIT 2012-2015"},"content":{"rendered":"","protected":false},"excerpt":{"rendered":"<p>\u00d6hlins NIX 30 prednji ulo\u017eni komplet vilice temelji se na iskustvu ste\u010denom u me\u0111unarodnim Supersport i Superstock prvenstvima. Nije va\u017eno ciljate li na nacionalni naslov u cestovnim utrkama ili jednostavno vozite motocikl na lokalnu trka\u0107u stazu. Ovaj ulo\u017eni komplet pru\u017eit \u0107e vam visoku razinu performansi, stabilne karakteristike prigu\u0161enja i izvrsnu udobnost.<\/p>\n<p>\u00d6hlins ulo\u017eni komplet ima jedinstven dizajn s kompresijskim prigu\u0161enjem i pode\u0161avanjem u lijevoj nozi vilice te prigu\u0161enjem povrata i pode\u0161avanjem u desnoj nozi \u2013 tj. sva pode\u0161avanja izvode se na gornjem dijelu zajedno s prednaprezanjem opruge. Sustav ulo\u017enog kompleta u ve\u0107ini standardnih hypersport prednjih vilica ugra\u0111uje se direktno (bolt-on).<\/p>\n<p>PODACI<\/p>\n<p>Hod: 120 mm<br \/>\nPolo\u017eaj: prednji<br \/>\nSerija opruge: 08790-Serie<\/p>\n","protected":false},"featured_media":54909,"template":"","meta":[],"product_brand":[],"product_cat":[1254],"product_tag":[],"class_list":{"0":"post-55172","1":"product","2":"type-product","3":"status-publish","4":"has-post-thumbnail","6":"product_cat-ohlins","8":"first","9":"instock","10":"sale","11":"shipping-taxable","12":"purchasable","13":"product-type-simple"},"yoast_head":"<!-- This site is optimized with the Yoast SEO plugin v27.5 - https:\/\/yoast.com\/product\/yoast-seo-wordpress\/ -->\n<title>KAWASAKI NINJA ZX-10R \u00d6HLINS NIX 30 CARTRIDGE KIT 2012-2015 - Rapido Motosport<\/title>\n<meta name=\"robots\" content=\"index, follow, max-snippet:-1, max-image-preview:large, max-video-preview:-1\" \/>\n<link rel=\"canonical\" href=\"https:\/\/rapidomotosport.hr\/it\/proizvod\/kawasaki-ninja-zx-10r-ohlins-nix-30-cartridge-kit-2012-2015\/\" \/>\n<meta property=\"og:locale\" content=\"it_IT\" \/>\n<meta property=\"og:type\" content=\"article\" \/>\n<meta property=\"og:title\" content=\"KAWASAKI NINJA ZX-10R \u00d6HLINS NIX 30 CARTRIDGE KIT 2012-2015 - Rapido Motosport\" \/>\n<meta property=\"og:description\" content=\"\u00d6hlins NIX 30 prednji ulo\u017eni komplet vilice temelji se na iskustvu ste\u010denom u me\u0111unarodnim Supersport i Superstock prvenstvima. Nije va\u017eno ciljate li na nacionalni naslov u cestovnim utrkama ili jednostavno vozite motocikl na lokalnu trka\u0107u stazu. Ovaj ulo\u017eni komplet pru\u017eit \u0107e vam visoku razinu performansi, stabilne karakteristike prigu\u0161enja i izvrsnu udobnost.  \u00d6hlins ulo\u017eni komplet ima jedinstven dizajn s kompresijskim prigu\u0161enjem i pode\u0161avanjem u lijevoj nozi vilice te prigu\u0161enjem povrata i pode\u0161avanjem u desnoj nozi \u2013 tj. sva pode\u0161avanja izvode se na gornjem dijelu zajedno s prednaprezanjem opruge. Sustav ulo\u017enog kompleta u ve\u0107ini standardnih hypersport prednjih vilica ugra\u0111uje se direktno (bolt-on).  PODACI  Hod: 120 mm Polo\u017eaj: prednji Serija opruge: 08790-Serie\" \/>\n<meta property=\"og:url\" content=\"https:\/\/rapidomotosport.hr\/it\/proizvod\/kawasaki-ninja-zx-10r-ohlins-nix-30-cartridge-kit-2012-2015\/\" \/>\n<meta property=\"og:site_name\" content=\"Rapido Motosport\" \/>\n<meta property=\"article:modified_time\" content=\"2026-04-28T22:03:45+00:00\" \/>\n<meta property=\"og:image\" content=\"https:\/\/rapidomotosport.hr\/wp-content\/uploads\/2026\/04\/arbo-80.png\" \/>\n\t<meta property=\"og:image:width\" content=\"2048\" \/>\n\t<meta property=\"og:image:height\" content=\"1536\" \/>\n\t<meta property=\"og:image:type\" content=\"image\/png\" \/>\n<meta name=\"twitter:card\" content=\"summary_large_image\" \/>\n<script type=\"application\/ld+json\" class=\"yoast-schema-graph\">{\"@context\":\"https:\\\/\\\/schema.org\",\"@graph\":[{\"@type\":\"WebPage\",\"@id\":\"https:\\\/\\\/rapidomotosport.hr\\\/it\\\/proizvod\\\/kawasaki-ninja-zx-10r-ohlins-nix-30-cartridge-kit-2012-2015\\\/\",\"url\":\"https:\\\/\\\/rapidomotosport.hr\\\/it\\\/proizvod\\\/kawasaki-ninja-zx-10r-ohlins-nix-30-cartridge-kit-2012-2015\\\/\",\"name\":\"KAWASAKI NINJA ZX-10R \u00d6HLINS NIX 30 CARTRIDGE KIT 2012-2015 - Rapido Motosport\",\"isPartOf\":{\"@id\":\"https:\\\/\\\/rapidomotosport.hr\\\/it\\\/#website\"},\"primaryImageOfPage\":{\"@id\":\"https:\\\/\\\/rapidomotosport.hr\\\/it\\\/proizvod\\\/kawasaki-ninja-zx-10r-ohlins-nix-30-cartridge-kit-2012-2015\\\/#primaryimage\"},\"image\":{\"@id\":\"https:\\\/\\\/rapidomotosport.hr\\\/it\\\/proizvod\\\/kawasaki-ninja-zx-10r-ohlins-nix-30-cartridge-kit-2012-2015\\\/#primaryimage\"},\"thumbnailUrl\":\"https:\\\/\\\/rapidomotosport.hr\\\/wp-content\\\/uploads\\\/2026\\\/04\\\/arbo-80.png\",\"datePublished\":\"2026-04-28T22:02:08+00:00\",\"dateModified\":\"2026-04-28T22:03:45+00:00\",\"breadcrumb\":{\"@id\":\"https:\\\/\\\/rapidomotosport.hr\\\/it\\\/proizvod\\\/kawasaki-ninja-zx-10r-ohlins-nix-30-cartridge-kit-2012-2015\\\/#breadcrumb\"},\"inLanguage\":\"it-IT\",\"potentialAction\":[{\"@type\":\"ReadAction\",\"target\":[\"https:\\\/\\\/rapidomotosport.hr\\\/it\\\/proizvod\\\/kawasaki-ninja-zx-10r-ohlins-nix-30-cartridge-kit-2012-2015\\\/\"]}]},{\"@type\":\"ImageObject\",\"inLanguage\":\"it-IT\",\"@id\":\"https:\\\/\\\/rapidomotosport.hr\\\/it\\\/proizvod\\\/kawasaki-ninja-zx-10r-ohlins-nix-30-cartridge-kit-2012-2015\\\/#primaryimage\",\"url\":\"https:\\\/\\\/rapidomotosport.hr\\\/wp-content\\\/uploads\\\/2026\\\/04\\\/arbo-80.png\",\"contentUrl\":\"https:\\\/\\\/rapidomotosport.hr\\\/wp-content\\\/uploads\\\/2026\\\/04\\\/arbo-80.png\",\"width\":2048,\"height\":1536},{\"@type\":\"BreadcrumbList\",\"@id\":\"https:\\\/\\\/rapidomotosport.hr\\\/it\\\/proizvod\\\/kawasaki-ninja-zx-10r-ohlins-nix-30-cartridge-kit-2012-2015\\\/#breadcrumb\",\"itemListElement\":[{\"@type\":\"ListItem\",\"position\":1,\"name\":\"Po\u010detna stranica\",\"item\":\"https:\\\/\\\/rapidomotosport.hr\\\/it\\\/\"},{\"@type\":\"ListItem\",\"position\":2,\"name\":\"Negozio\",\"item\":\"https:\\\/\\\/rapidomotosport.hr\\\/it\\\/negozio\\\/\"},{\"@type\":\"ListItem\",\"position\":3,\"name\":\"KAWASAKI NINJA ZX-10R \u00d6HLINS NIX 30 CARTRIDGE KIT 2012-2015\"}]},{\"@type\":\"WebSite\",\"@id\":\"https:\\\/\\\/rapidomotosport.hr\\\/it\\\/#website\",\"url\":\"https:\\\/\\\/rapidomotosport.hr\\\/it\\\/\",\"name\":\"Rapido Motosport\",\"description\":\"\",\"potentialAction\":[{\"@type\":\"SearchAction\",\"target\":{\"@type\":\"EntryPoint\",\"urlTemplate\":\"https:\\\/\\\/rapidomotosport.hr\\\/it\\\/?s={search_term_string}\"},\"query-input\":{\"@type\":\"PropertyValueSpecification\",\"valueRequired\":true,\"valueName\":\"search_term_string\"}}],\"inLanguage\":\"it-IT\"}]}<\/script>\n<!-- \/ Yoast SEO plugin. -->","yoast_head_json":{"title":"KAWASAKI NINJA ZX-10R \u00d6HLINS NIX 30 CARTRIDGE KIT 2012-2015 - Rapido Motosport","robots":{"index":"index","follow":"follow","max-snippet":"max-snippet:-1","max-image-preview":"max-image-preview:large","max-video-preview":"max-video-preview:-1"},"canonical":"https:\/\/rapidomotosport.hr\/it\/proizvod\/kawasaki-ninja-zx-10r-ohlins-nix-30-cartridge-kit-2012-2015\/","og_locale":"it_IT","og_type":"article","og_title":"KAWASAKI NINJA ZX-10R \u00d6HLINS NIX 30 CARTRIDGE KIT 2012-2015 - Rapido Motosport","og_description":"\u00d6hlins NIX 30 prednji ulo\u017eni komplet vilice temelji se na iskustvu ste\u010denom u me\u0111unarodnim Supersport i Superstock prvenstvima. Nije va\u017eno ciljate li na nacionalni naslov u cestovnim utrkama ili jednostavno vozite motocikl na lokalnu trka\u0107u stazu. Ovaj ulo\u017eni komplet pru\u017eit \u0107e vam visoku razinu performansi, stabilne karakteristike prigu\u0161enja i izvrsnu udobnost.  \u00d6hlins ulo\u017eni komplet ima jedinstven dizajn s kompresijskim prigu\u0161enjem i pode\u0161avanjem u lijevoj nozi vilice te prigu\u0161enjem povrata i pode\u0161avanjem u desnoj nozi \u2013 tj. sva pode\u0161avanja izvode se na gornjem dijelu zajedno s prednaprezanjem opruge. Sustav ulo\u017enog kompleta u ve\u0107ini standardnih hypersport prednjih vilica ugra\u0111uje se direktno (bolt-on).  PODACI  Hod: 120 mm Polo\u017eaj: prednji Serija opruge: 08790-Serie","og_url":"https:\/\/rapidomotosport.hr\/it\/proizvod\/kawasaki-ninja-zx-10r-ohlins-nix-30-cartridge-kit-2012-2015\/","og_site_name":"Rapido Motosport","article_modified_time":"2026-04-28T22:03:45+00:00","og_image":[{"width":2048,"height":1536,"url":"https:\/\/rapidomotosport.hr\/wp-content\/uploads\/2026\/04\/arbo-80.png","type":"image\/png"}],"twitter_card":"summary_large_image","schema":{"@context":"https:\/\/schema.org","@graph":[{"@type":"WebPage","@id":"https:\/\/rapidomotosport.hr\/it\/proizvod\/kawasaki-ninja-zx-10r-ohlins-nix-30-cartridge-kit-2012-2015\/","url":"https:\/\/rapidomotosport.hr\/it\/proizvod\/kawasaki-ninja-zx-10r-ohlins-nix-30-cartridge-kit-2012-2015\/","name":"KAWASAKI NINJA ZX-10R \u00d6HLINS NIX 30 CARTRIDGE KIT 2012-2015 - Rapido Motosport","isPartOf":{"@id":"https:\/\/rapidomotosport.hr\/it\/#website"},"primaryImageOfPage":{"@id":"https:\/\/rapidomotosport.hr\/it\/proizvod\/kawasaki-ninja-zx-10r-ohlins-nix-30-cartridge-kit-2012-2015\/#primaryimage"},"image":{"@id":"https:\/\/rapidomotosport.hr\/it\/proizvod\/kawasaki-ninja-zx-10r-ohlins-nix-30-cartridge-kit-2012-2015\/#primaryimage"},"thumbnailUrl":"https:\/\/rapidomotosport.hr\/wp-content\/uploads\/2026\/04\/arbo-80.png","datePublished":"2026-04-28T22:02:08+00:00","dateModified":"2026-04-28T22:03:45+00:00","breadcrumb":{"@id":"https:\/\/rapidomotosport.hr\/it\/proizvod\/kawasaki-ninja-zx-10r-ohlins-nix-30-cartridge-kit-2012-2015\/#breadcrumb"},"inLanguage":"it-IT","potentialAction":[{"@type":"ReadAction","target":["https:\/\/rapidomotosport.hr\/it\/proizvod\/kawasaki-ninja-zx-10r-ohlins-nix-30-cartridge-kit-2012-2015\/"]}]},{"@type":"ImageObject","inLanguage":"it-IT","@id":"https:\/\/rapidomotosport.hr\/it\/proizvod\/kawasaki-ninja-zx-10r-ohlins-nix-30-cartridge-kit-2012-2015\/#primaryimage","url":"https:\/\/rapidomotosport.hr\/wp-content\/uploads\/2026\/04\/arbo-80.png","contentUrl":"https:\/\/rapidomotosport.hr\/wp-content\/uploads\/2026\/04\/arbo-80.png","width":2048,"height":1536},{"@type":"BreadcrumbList","@id":"https:\/\/rapidomotosport.hr\/it\/proizvod\/kawasaki-ninja-zx-10r-ohlins-nix-30-cartridge-kit-2012-2015\/#breadcrumb","itemListElement":[{"@type":"ListItem","position":1,"name":"Po\u010detna stranica","item":"https:\/\/rapidomotosport.hr\/it\/"},{"@type":"ListItem","position":2,"name":"Negozio","item":"https:\/\/rapidomotosport.hr\/it\/negozio\/"},{"@type":"ListItem","position":3,"name":"KAWASAKI NINJA ZX-10R \u00d6HLINS NIX 30 CARTRIDGE KIT 2012-2015"}]},{"@type":"WebSite","@id":"https:\/\/rapidomotosport.hr\/it\/#website","url":"https:\/\/rapidomotosport.hr\/it\/","name":"Rapido Motosport","description":"","potentialAction":[{"@type":"SearchAction","target":{"@type":"EntryPoint","urlTemplate":"https:\/\/rapidomotosport.hr\/it\/?s={search_term_string}"},"query-input":{"@type":"PropertyValueSpecification","valueRequired":true,"valueName":"search_term_string"}}],"inLanguage":"it-IT"}]}},"_links":{"self":[{"href":"https:\/\/rapidomotosport.hr\/it\/wp-json\/wp\/v2\/product\/55172","targetHints":{"allow":["GET"]}}],"collection":[{"href":"https:\/\/rapidomotosport.hr\/it\/wp-json\/wp\/v2\/product"}],"about":[{"href":"https:\/\/rapidomotosport.hr\/it\/wp-json\/wp\/v2\/types\/product"}],"wp:featuredmedia":[{"embeddable":true,"href":"https:\/\/rapidomotosport.hr\/it\/wp-json\/wp\/v2\/media\/54909"}],"wp:attachment":[{"href":"https:\/\/rapidomotosport.hr\/it\/wp-json\/wp\/v2\/media?parent=55172"}],"wp:term":[{"taxonomy":"product_brand","embeddable":true,"href":"https:\/\/rapidomotosport.hr\/it\/wp-json\/wp\/v2\/product_brand?post=55172"},{"taxonomy":"product_cat","embeddable":true,"href":"https:\/\/rapidomotosport.hr\/it\/wp-json\/wp\/v2\/product_cat?post=55172"},{"taxonomy":"product_tag","embeddable":true,"href":"https:\/\/rapidomotosport.hr\/it\/wp-json\/wp\/v2\/product_tag?post=55172"}],"curies":[{"name":"wp","href":"https:\/\/api.w.org\/{rel}","templated":true}]}}