{"id":55175,"date":"2026-04-30T20:21:38","date_gmt":"2026-04-30T18:21:38","guid":{"rendered":"https:\/\/rapidomotosport.hr\/?post_type=product&#038;p=55175"},"modified":"2026-04-30T20:25:00","modified_gmt":"2026-04-30T18:25:00","slug":"kawasaki-ninja-zx-10r-ohlins-ttx-25-cartridge-kit-2016-2025","status":"publish","type":"product","link":"https:\/\/rapidomotosport.hr\/it\/proizvod\/kawasaki-ninja-zx-10r-ohlins-ttx-25-cartridge-kit-2016-2025\/","title":{"rendered":"KAWASAKI NINJA ZX-10R \u00d6HLINS TTX 25 CARTRIDGE KIT 2016-2025"},"content":{"rendered":"","protected":false},"excerpt":{"rendered":"<p>Trka\u010dki inspiriran FKR ulo\u017eni komplet ima tehnologiju razvijenu izravno iz Moto3, Moto2 i World Superbike prvenstava, koju su razvili na\u0161i in\u017eenjeri u \u0160vedskoj, te je namijenjen vrhunskom utrkivanju.<\/p>\n<p>FKR ulo\u017eni komplet koristi sustav s opru\u017enim tla\u010denjem. U usporedbi sa starijim plinski tla\u010denim sustavom, opru\u017eno tla\u010denje nudi jednostavniji i korisniku pristupa\u010dniji dizajn, uz lak\u0161e odr\u017eavanje. No, postoje i dodatne prednosti sustava s opru\u017enim tla\u010denjem. Ne postoji rizik od curenja plina, osigurava ujedna\u010deniju krivulju performansi i omogu\u0107uje kompaktniji dizajn. Uz \u00d6hlins TTX tehnologiju, novo dizajnirani klip i klipnja\u010du promjera 8 mm smanjujemo porast tlaka i ostvarujemo br\u017ei odziv prigu\u0161enja. Time se posti\u017eu \u201clinearne\u201d karakteristike prigu\u0161enja koje omogu\u0107uju vi\u0161e opcija pode\u0161avanja te pove\u0107avaju prianjanje i sposobnost upijanja neravnina, uz istovremeno pobolj\u0161anje stabilnosti \u0161asije.<\/p>\n<p>TEHNI\u010cKI PODACI<\/p>\n<p>Serija opruge: 04744-Serie<br \/>\nUklju\u010deno u pakiranje: opruge 9,5, 10,0 i 10,5 N\/mm<\/p>\n","protected":false},"featured_media":54785,"template":"","meta":[],"product_brand":[],"product_cat":[1254],"product_tag":[],"class_list":{"0":"post-55175","1":"product","2":"type-product","3":"status-publish","4":"has-post-thumbnail","6":"product_cat-ohlins","8":"first","9":"instock","10":"sale","11":"shipping-taxable","12":"purchasable","13":"product-type-simple"},"yoast_head":"<!-- This site is optimized with the Yoast SEO plugin v27.5 - https:\/\/yoast.com\/product\/yoast-seo-wordpress\/ -->\n<title>KAWASAKI NINJA ZX-10R \u00d6HLINS TTX 25 CARTRIDGE KIT 2016-2025 - Rapido Motosport<\/title>\n<meta name=\"robots\" content=\"index, follow, max-snippet:-1, max-image-preview:large, max-video-preview:-1\" \/>\n<link rel=\"canonical\" href=\"https:\/\/rapidomotosport.hr\/it\/proizvod\/kawasaki-ninja-zx-10r-ohlins-ttx-25-cartridge-kit-2016-2025\/\" \/>\n<meta property=\"og:locale\" content=\"it_IT\" \/>\n<meta property=\"og:type\" content=\"article\" \/>\n<meta property=\"og:title\" content=\"KAWASAKI NINJA ZX-10R \u00d6HLINS TTX 25 CARTRIDGE KIT 2016-2025 - Rapido Motosport\" \/>\n<meta property=\"og:description\" content=\"Trka\u010dki inspiriran FKR ulo\u017eni komplet ima tehnologiju razvijenu izravno iz Moto3, Moto2 i World Superbike prvenstava, koju su razvili na\u0161i in\u017eenjeri u \u0160vedskoj, te je namijenjen vrhunskom utrkivanju.  FKR ulo\u017eni komplet koristi sustav s opru\u017enim tla\u010denjem. U usporedbi sa starijim plinski tla\u010denim sustavom, opru\u017eno tla\u010denje nudi jednostavniji i korisniku pristupa\u010dniji dizajn, uz lak\u0161e odr\u017eavanje. No, postoje i dodatne prednosti sustava s opru\u017enim tla\u010denjem. Ne postoji rizik od curenja plina, osigurava ujedna\u010deniju krivulju performansi i omogu\u0107uje kompaktniji dizajn. Uz \u00d6hlins TTX tehnologiju, novo dizajnirani klip i klipnja\u010du promjera 8 mm smanjujemo porast tlaka i ostvarujemo br\u017ei odziv prigu\u0161enja. Time se posti\u017eu \u201clinearne\u201d karakteristike prigu\u0161enja koje omogu\u0107uju vi\u0161e opcija pode\u0161avanja te pove\u0107avaju prianjanje i sposobnost upijanja neravnina, uz istovremeno pobolj\u0161anje stabilnosti \u0161asije.  TEHNI\u010cKI PODACI  Serija opruge: 04744-Serie Uklju\u010deno u pakiranje: opruge 9,5, 10,0 i 10,5 N\/mm\" \/>\n<meta property=\"og:url\" content=\"https:\/\/rapidomotosport.hr\/it\/proizvod\/kawasaki-ninja-zx-10r-ohlins-ttx-25-cartridge-kit-2016-2025\/\" \/>\n<meta property=\"og:site_name\" content=\"Rapido Motosport\" \/>\n<meta property=\"article:modified_time\" content=\"2026-04-30T18:25:00+00:00\" \/>\n<meta property=\"og:image\" content=\"https:\/\/rapidomotosport.hr\/wp-content\/uploads\/2026\/04\/arbo-68.png\" \/>\n\t<meta property=\"og:image:width\" content=\"2048\" \/>\n\t<meta property=\"og:image:height\" content=\"1536\" \/>\n\t<meta property=\"og:image:type\" content=\"image\/png\" \/>\n<meta name=\"twitter:card\" content=\"summary_large_image\" \/>\n<script type=\"application\/ld+json\" class=\"yoast-schema-graph\">{\"@context\":\"https:\\\/\\\/schema.org\",\"@graph\":[{\"@type\":\"WebPage\",\"@id\":\"https:\\\/\\\/rapidomotosport.hr\\\/it\\\/proizvod\\\/kawasaki-ninja-zx-10r-ohlins-ttx-25-cartridge-kit-2016-2025\\\/\",\"url\":\"https:\\\/\\\/rapidomotosport.hr\\\/it\\\/proizvod\\\/kawasaki-ninja-zx-10r-ohlins-ttx-25-cartridge-kit-2016-2025\\\/\",\"name\":\"KAWASAKI NINJA ZX-10R \u00d6HLINS TTX 25 CARTRIDGE KIT 2016-2025 - Rapido Motosport\",\"isPartOf\":{\"@id\":\"https:\\\/\\\/rapidomotosport.hr\\\/it\\\/#website\"},\"primaryImageOfPage\":{\"@id\":\"https:\\\/\\\/rapidomotosport.hr\\\/it\\\/proizvod\\\/kawasaki-ninja-zx-10r-ohlins-ttx-25-cartridge-kit-2016-2025\\\/#primaryimage\"},\"image\":{\"@id\":\"https:\\\/\\\/rapidomotosport.hr\\\/it\\\/proizvod\\\/kawasaki-ninja-zx-10r-ohlins-ttx-25-cartridge-kit-2016-2025\\\/#primaryimage\"},\"thumbnailUrl\":\"https:\\\/\\\/rapidomotosport.hr\\\/wp-content\\\/uploads\\\/2026\\\/04\\\/arbo-68.png\",\"datePublished\":\"2026-04-30T18:21:38+00:00\",\"dateModified\":\"2026-04-30T18:25:00+00:00\",\"breadcrumb\":{\"@id\":\"https:\\\/\\\/rapidomotosport.hr\\\/it\\\/proizvod\\\/kawasaki-ninja-zx-10r-ohlins-ttx-25-cartridge-kit-2016-2025\\\/#breadcrumb\"},\"inLanguage\":\"it-IT\",\"potentialAction\":[{\"@type\":\"ReadAction\",\"target\":[\"https:\\\/\\\/rapidomotosport.hr\\\/it\\\/proizvod\\\/kawasaki-ninja-zx-10r-ohlins-ttx-25-cartridge-kit-2016-2025\\\/\"]}]},{\"@type\":\"ImageObject\",\"inLanguage\":\"it-IT\",\"@id\":\"https:\\\/\\\/rapidomotosport.hr\\\/it\\\/proizvod\\\/kawasaki-ninja-zx-10r-ohlins-ttx-25-cartridge-kit-2016-2025\\\/#primaryimage\",\"url\":\"https:\\\/\\\/rapidomotosport.hr\\\/wp-content\\\/uploads\\\/2026\\\/04\\\/arbo-68.png\",\"contentUrl\":\"https:\\\/\\\/rapidomotosport.hr\\\/wp-content\\\/uploads\\\/2026\\\/04\\\/arbo-68.png\",\"width\":2048,\"height\":1536},{\"@type\":\"BreadcrumbList\",\"@id\":\"https:\\\/\\\/rapidomotosport.hr\\\/it\\\/proizvod\\\/kawasaki-ninja-zx-10r-ohlins-ttx-25-cartridge-kit-2016-2025\\\/#breadcrumb\",\"itemListElement\":[{\"@type\":\"ListItem\",\"position\":1,\"name\":\"Po\u010detna stranica\",\"item\":\"https:\\\/\\\/rapidomotosport.hr\\\/it\\\/\"},{\"@type\":\"ListItem\",\"position\":2,\"name\":\"Negozio\",\"item\":\"https:\\\/\\\/rapidomotosport.hr\\\/it\\\/negozio\\\/\"},{\"@type\":\"ListItem\",\"position\":3,\"name\":\"KAWASAKI NINJA ZX-10R \u00d6HLINS TTX 25 CARTRIDGE KIT 2016-2025\"}]},{\"@type\":\"WebSite\",\"@id\":\"https:\\\/\\\/rapidomotosport.hr\\\/it\\\/#website\",\"url\":\"https:\\\/\\\/rapidomotosport.hr\\\/it\\\/\",\"name\":\"Rapido Motosport\",\"description\":\"\",\"potentialAction\":[{\"@type\":\"SearchAction\",\"target\":{\"@type\":\"EntryPoint\",\"urlTemplate\":\"https:\\\/\\\/rapidomotosport.hr\\\/it\\\/?s={search_term_string}\"},\"query-input\":{\"@type\":\"PropertyValueSpecification\",\"valueRequired\":true,\"valueName\":\"search_term_string\"}}],\"inLanguage\":\"it-IT\"}]}<\/script>\n<!-- \/ Yoast SEO plugin. -->","yoast_head_json":{"title":"KAWASAKI NINJA ZX-10R \u00d6HLINS TTX 25 CARTRIDGE KIT 2016-2025 - Rapido Motosport","robots":{"index":"index","follow":"follow","max-snippet":"max-snippet:-1","max-image-preview":"max-image-preview:large","max-video-preview":"max-video-preview:-1"},"canonical":"https:\/\/rapidomotosport.hr\/it\/proizvod\/kawasaki-ninja-zx-10r-ohlins-ttx-25-cartridge-kit-2016-2025\/","og_locale":"it_IT","og_type":"article","og_title":"KAWASAKI NINJA ZX-10R \u00d6HLINS TTX 25 CARTRIDGE KIT 2016-2025 - Rapido Motosport","og_description":"Trka\u010dki inspiriran FKR ulo\u017eni komplet ima tehnologiju razvijenu izravno iz Moto3, Moto2 i World Superbike prvenstava, koju su razvili na\u0161i in\u017eenjeri u \u0160vedskoj, te je namijenjen vrhunskom utrkivanju.  FKR ulo\u017eni komplet koristi sustav s opru\u017enim tla\u010denjem. U usporedbi sa starijim plinski tla\u010denim sustavom, opru\u017eno tla\u010denje nudi jednostavniji i korisniku pristupa\u010dniji dizajn, uz lak\u0161e odr\u017eavanje. No, postoje i dodatne prednosti sustava s opru\u017enim tla\u010denjem. Ne postoji rizik od curenja plina, osigurava ujedna\u010deniju krivulju performansi i omogu\u0107uje kompaktniji dizajn. Uz \u00d6hlins TTX tehnologiju, novo dizajnirani klip i klipnja\u010du promjera 8 mm smanjujemo porast tlaka i ostvarujemo br\u017ei odziv prigu\u0161enja. Time se posti\u017eu \u201clinearne\u201d karakteristike prigu\u0161enja koje omogu\u0107uju vi\u0161e opcija pode\u0161avanja te pove\u0107avaju prianjanje i sposobnost upijanja neravnina, uz istovremeno pobolj\u0161anje stabilnosti \u0161asije.  TEHNI\u010cKI PODACI  Serija opruge: 04744-Serie Uklju\u010deno u pakiranje: opruge 9,5, 10,0 i 10,5 N\/mm","og_url":"https:\/\/rapidomotosport.hr\/it\/proizvod\/kawasaki-ninja-zx-10r-ohlins-ttx-25-cartridge-kit-2016-2025\/","og_site_name":"Rapido Motosport","article_modified_time":"2026-04-30T18:25:00+00:00","og_image":[{"width":2048,"height":1536,"url":"https:\/\/rapidomotosport.hr\/wp-content\/uploads\/2026\/04\/arbo-68.png","type":"image\/png"}],"twitter_card":"summary_large_image","schema":{"@context":"https:\/\/schema.org","@graph":[{"@type":"WebPage","@id":"https:\/\/rapidomotosport.hr\/it\/proizvod\/kawasaki-ninja-zx-10r-ohlins-ttx-25-cartridge-kit-2016-2025\/","url":"https:\/\/rapidomotosport.hr\/it\/proizvod\/kawasaki-ninja-zx-10r-ohlins-ttx-25-cartridge-kit-2016-2025\/","name":"KAWASAKI NINJA ZX-10R \u00d6HLINS TTX 25 CARTRIDGE KIT 2016-2025 - Rapido Motosport","isPartOf":{"@id":"https:\/\/rapidomotosport.hr\/it\/#website"},"primaryImageOfPage":{"@id":"https:\/\/rapidomotosport.hr\/it\/proizvod\/kawasaki-ninja-zx-10r-ohlins-ttx-25-cartridge-kit-2016-2025\/#primaryimage"},"image":{"@id":"https:\/\/rapidomotosport.hr\/it\/proizvod\/kawasaki-ninja-zx-10r-ohlins-ttx-25-cartridge-kit-2016-2025\/#primaryimage"},"thumbnailUrl":"https:\/\/rapidomotosport.hr\/wp-content\/uploads\/2026\/04\/arbo-68.png","datePublished":"2026-04-30T18:21:38+00:00","dateModified":"2026-04-30T18:25:00+00:00","breadcrumb":{"@id":"https:\/\/rapidomotosport.hr\/it\/proizvod\/kawasaki-ninja-zx-10r-ohlins-ttx-25-cartridge-kit-2016-2025\/#breadcrumb"},"inLanguage":"it-IT","potentialAction":[{"@type":"ReadAction","target":["https:\/\/rapidomotosport.hr\/it\/proizvod\/kawasaki-ninja-zx-10r-ohlins-ttx-25-cartridge-kit-2016-2025\/"]}]},{"@type":"ImageObject","inLanguage":"it-IT","@id":"https:\/\/rapidomotosport.hr\/it\/proizvod\/kawasaki-ninja-zx-10r-ohlins-ttx-25-cartridge-kit-2016-2025\/#primaryimage","url":"https:\/\/rapidomotosport.hr\/wp-content\/uploads\/2026\/04\/arbo-68.png","contentUrl":"https:\/\/rapidomotosport.hr\/wp-content\/uploads\/2026\/04\/arbo-68.png","width":2048,"height":1536},{"@type":"BreadcrumbList","@id":"https:\/\/rapidomotosport.hr\/it\/proizvod\/kawasaki-ninja-zx-10r-ohlins-ttx-25-cartridge-kit-2016-2025\/#breadcrumb","itemListElement":[{"@type":"ListItem","position":1,"name":"Po\u010detna stranica","item":"https:\/\/rapidomotosport.hr\/it\/"},{"@type":"ListItem","position":2,"name":"Negozio","item":"https:\/\/rapidomotosport.hr\/it\/negozio\/"},{"@type":"ListItem","position":3,"name":"KAWASAKI NINJA ZX-10R \u00d6HLINS TTX 25 CARTRIDGE KIT 2016-2025"}]},{"@type":"WebSite","@id":"https:\/\/rapidomotosport.hr\/it\/#website","url":"https:\/\/rapidomotosport.hr\/it\/","name":"Rapido Motosport","description":"","potentialAction":[{"@type":"SearchAction","target":{"@type":"EntryPoint","urlTemplate":"https:\/\/rapidomotosport.hr\/it\/?s={search_term_string}"},"query-input":{"@type":"PropertyValueSpecification","valueRequired":true,"valueName":"search_term_string"}}],"inLanguage":"it-IT"}]}},"_links":{"self":[{"href":"https:\/\/rapidomotosport.hr\/it\/wp-json\/wp\/v2\/product\/55175","targetHints":{"allow":["GET"]}}],"collection":[{"href":"https:\/\/rapidomotosport.hr\/it\/wp-json\/wp\/v2\/product"}],"about":[{"href":"https:\/\/rapidomotosport.hr\/it\/wp-json\/wp\/v2\/types\/product"}],"wp:featuredmedia":[{"embeddable":true,"href":"https:\/\/rapidomotosport.hr\/it\/wp-json\/wp\/v2\/media\/54785"}],"wp:attachment":[{"href":"https:\/\/rapidomotosport.hr\/it\/wp-json\/wp\/v2\/media?parent=55175"}],"wp:term":[{"taxonomy":"product_brand","embeddable":true,"href":"https:\/\/rapidomotosport.hr\/it\/wp-json\/wp\/v2\/product_brand?post=55175"},{"taxonomy":"product_cat","embeddable":true,"href":"https:\/\/rapidomotosport.hr\/it\/wp-json\/wp\/v2\/product_cat?post=55175"},{"taxonomy":"product_tag","embeddable":true,"href":"https:\/\/rapidomotosport.hr\/it\/wp-json\/wp\/v2\/product_tag?post=55175"}],"curies":[{"name":"wp","href":"https:\/\/api.w.org\/{rel}","templated":true}]}}