{"id":55190,"date":"2026-05-01T22:58:38","date_gmt":"2026-05-01T20:58:38","guid":{"rendered":"https:\/\/rapidomotosport.hr\/?post_type=product&#038;p=55190"},"modified":"2026-05-01T22:59:07","modified_gmt":"2026-05-01T20:59:07","slug":"kawasaki-z-h2-ohlins-ttx-gp-shock-absorber-2020-2022","status":"publish","type":"product","link":"https:\/\/rapidomotosport.hr\/it\/proizvod\/kawasaki-z-h2-ohlins-ttx-gp-shock-absorber-2020-2022\/","title":{"rendered":"KAWASAKI Z H2 \u00d6HLINS TTX GP SHOCK ABSORBER 2020-2022"},"content":{"rendered":"","protected":false},"excerpt":{"rendered":"<p>Na temelju performansi va\u0161eg motocikla, njegove cijene i dostupnog prostora za ugradnju, dizajnirali smo amortizer za koji smatramo da mu odgovara, kako u pogledu cijene tako i performansi. Zapo\u010dinjemo odabirom tipa koji zatim izra\u0111ujemo po mjeri za va\u0161 specifi\u010dni motocikl. Osnovne postavke, dizajn shim paketa i kalibracija pode\u0161iva\u010da ispituju se i na cesti i na stazi. To su rezultati stvarnih testova s va\u0161im motociklom, bez ikakvog naga\u0111anja! \u00d6hlins proizvodi vi\u0161e od 300 razli\u010ditih modela amortizera, pri \u010demu je svaki model izra\u0111en po mjeri za jedan konkretan motocikl. Koncept svih \u00d6hlins proizvoda nije tajna \u2013 to je preciznost. Preciznost omogu\u0107uje vrhunsku kontrolu sile prigu\u0161enja i klju\u010d je na\u0161eg uspjeha.<\/p>\n<p>TEHNI\u010cKI PODACI<\/p>\n<p>Duljina: 312 +6\/-0 mm<br \/>\nHod: 57 mm<br \/>\nKrutost N\/mm: 120 N\/mm<br \/>\nPolo\u017eaj: stra\u017enji<br \/>\nUgra\u0111ena opruga: 21040-44<br \/>\nSerija opruge: 21040-xx<\/p>\n","protected":false},"featured_media":54773,"template":"","meta":[],"product_brand":[],"product_cat":[1254],"product_tag":[],"class_list":{"0":"post-55190","1":"product","2":"type-product","3":"status-publish","4":"has-post-thumbnail","6":"product_cat-ohlins","8":"first","9":"instock","10":"sale","11":"shipping-taxable","12":"purchasable","13":"product-type-simple"},"yoast_head":"<!-- This site is optimized with the Yoast SEO plugin v27.5 - https:\/\/yoast.com\/product\/yoast-seo-wordpress\/ -->\n<title>KAWASAKI Z H2 \u00d6HLINS TTX GP SHOCK ABSORBER 2020-2022 - Rapido Motosport<\/title>\n<meta name=\"robots\" content=\"index, follow, max-snippet:-1, max-image-preview:large, max-video-preview:-1\" \/>\n<link rel=\"canonical\" href=\"https:\/\/rapidomotosport.hr\/it\/proizvod\/kawasaki-z-h2-ohlins-ttx-gp-shock-absorber-2020-2022\/\" \/>\n<meta property=\"og:locale\" content=\"it_IT\" \/>\n<meta property=\"og:type\" content=\"article\" \/>\n<meta property=\"og:title\" content=\"KAWASAKI Z H2 \u00d6HLINS TTX GP SHOCK ABSORBER 2020-2022 - Rapido Motosport\" \/>\n<meta property=\"og:description\" content=\"Na temelju performansi va\u0161eg motocikla, njegove cijene i dostupnog prostora za ugradnju, dizajnirali smo amortizer za koji smatramo da mu odgovara, kako u pogledu cijene tako i performansi. Zapo\u010dinjemo odabirom tipa koji zatim izra\u0111ujemo po mjeri za va\u0161 specifi\u010dni motocikl. Osnovne postavke, dizajn shim paketa i kalibracija pode\u0161iva\u010da ispituju se i na cesti i na stazi. To su rezultati stvarnih testova s va\u0161im motociklom, bez ikakvog naga\u0111anja! \u00d6hlins proizvodi vi\u0161e od 300 razli\u010ditih modela amortizera, pri \u010demu je svaki model izra\u0111en po mjeri za jedan konkretan motocikl. Koncept svih \u00d6hlins proizvoda nije tajna \u2013 to je preciznost. Preciznost omogu\u0107uje vrhunsku kontrolu sile prigu\u0161enja i klju\u010d je na\u0161eg uspjeha.  TEHNI\u010cKI PODACI  Duljina: 312 +6\/-0 mm Hod: 57 mm Krutost N\/mm: 120 N\/mm Polo\u017eaj: stra\u017enji Ugra\u0111ena opruga: 21040-44 Serija opruge: 21040-xx\" \/>\n<meta property=\"og:url\" content=\"https:\/\/rapidomotosport.hr\/it\/proizvod\/kawasaki-z-h2-ohlins-ttx-gp-shock-absorber-2020-2022\/\" \/>\n<meta property=\"og:site_name\" content=\"Rapido Motosport\" \/>\n<meta property=\"article:modified_time\" content=\"2026-05-01T20:59:07+00:00\" \/>\n<meta property=\"og:image\" content=\"https:\/\/rapidomotosport.hr\/wp-content\/uploads\/2026\/04\/arbo-65.png\" \/>\n\t<meta property=\"og:image:width\" content=\"2048\" \/>\n\t<meta property=\"og:image:height\" content=\"1536\" \/>\n\t<meta property=\"og:image:type\" content=\"image\/png\" \/>\n<meta name=\"twitter:card\" content=\"summary_large_image\" \/>\n<meta name=\"twitter:label1\" content=\"Tempo di lettura stimato\" \/>\n\t<meta name=\"twitter:data1\" content=\"1 minuto\" \/>\n<script type=\"application\/ld+json\" class=\"yoast-schema-graph\">{\"@context\":\"https:\\\/\\\/schema.org\",\"@graph\":[{\"@type\":\"WebPage\",\"@id\":\"https:\\\/\\\/rapidomotosport.hr\\\/it\\\/proizvod\\\/kawasaki-z-h2-ohlins-ttx-gp-shock-absorber-2020-2022\\\/\",\"url\":\"https:\\\/\\\/rapidomotosport.hr\\\/it\\\/proizvod\\\/kawasaki-z-h2-ohlins-ttx-gp-shock-absorber-2020-2022\\\/\",\"name\":\"KAWASAKI Z H2 \u00d6HLINS TTX GP SHOCK ABSORBER 2020-2022 - Rapido Motosport\",\"isPartOf\":{\"@id\":\"https:\\\/\\\/rapidomotosport.hr\\\/it\\\/#website\"},\"primaryImageOfPage\":{\"@id\":\"https:\\\/\\\/rapidomotosport.hr\\\/it\\\/proizvod\\\/kawasaki-z-h2-ohlins-ttx-gp-shock-absorber-2020-2022\\\/#primaryimage\"},\"image\":{\"@id\":\"https:\\\/\\\/rapidomotosport.hr\\\/it\\\/proizvod\\\/kawasaki-z-h2-ohlins-ttx-gp-shock-absorber-2020-2022\\\/#primaryimage\"},\"thumbnailUrl\":\"https:\\\/\\\/rapidomotosport.hr\\\/wp-content\\\/uploads\\\/2026\\\/04\\\/arbo-65.png\",\"datePublished\":\"2026-05-01T20:58:38+00:00\",\"dateModified\":\"2026-05-01T20:59:07+00:00\",\"breadcrumb\":{\"@id\":\"https:\\\/\\\/rapidomotosport.hr\\\/it\\\/proizvod\\\/kawasaki-z-h2-ohlins-ttx-gp-shock-absorber-2020-2022\\\/#breadcrumb\"},\"inLanguage\":\"it-IT\",\"potentialAction\":[{\"@type\":\"ReadAction\",\"target\":[\"https:\\\/\\\/rapidomotosport.hr\\\/it\\\/proizvod\\\/kawasaki-z-h2-ohlins-ttx-gp-shock-absorber-2020-2022\\\/\"]}]},{\"@type\":\"ImageObject\",\"inLanguage\":\"it-IT\",\"@id\":\"https:\\\/\\\/rapidomotosport.hr\\\/it\\\/proizvod\\\/kawasaki-z-h2-ohlins-ttx-gp-shock-absorber-2020-2022\\\/#primaryimage\",\"url\":\"https:\\\/\\\/rapidomotosport.hr\\\/wp-content\\\/uploads\\\/2026\\\/04\\\/arbo-65.png\",\"contentUrl\":\"https:\\\/\\\/rapidomotosport.hr\\\/wp-content\\\/uploads\\\/2026\\\/04\\\/arbo-65.png\",\"width\":2048,\"height\":1536},{\"@type\":\"BreadcrumbList\",\"@id\":\"https:\\\/\\\/rapidomotosport.hr\\\/it\\\/proizvod\\\/kawasaki-z-h2-ohlins-ttx-gp-shock-absorber-2020-2022\\\/#breadcrumb\",\"itemListElement\":[{\"@type\":\"ListItem\",\"position\":1,\"name\":\"Po\u010detna stranica\",\"item\":\"https:\\\/\\\/rapidomotosport.hr\\\/it\\\/\"},{\"@type\":\"ListItem\",\"position\":2,\"name\":\"Negozio\",\"item\":\"https:\\\/\\\/rapidomotosport.hr\\\/it\\\/negozio\\\/\"},{\"@type\":\"ListItem\",\"position\":3,\"name\":\"KAWASAKI Z H2 \u00d6HLINS TTX GP SHOCK ABSORBER 2020-2022\"}]},{\"@type\":\"WebSite\",\"@id\":\"https:\\\/\\\/rapidomotosport.hr\\\/it\\\/#website\",\"url\":\"https:\\\/\\\/rapidomotosport.hr\\\/it\\\/\",\"name\":\"Rapido Motosport\",\"description\":\"\",\"potentialAction\":[{\"@type\":\"SearchAction\",\"target\":{\"@type\":\"EntryPoint\",\"urlTemplate\":\"https:\\\/\\\/rapidomotosport.hr\\\/it\\\/?s={search_term_string}\"},\"query-input\":{\"@type\":\"PropertyValueSpecification\",\"valueRequired\":true,\"valueName\":\"search_term_string\"}}],\"inLanguage\":\"it-IT\"}]}<\/script>\n<!-- \/ Yoast SEO plugin. -->","yoast_head_json":{"title":"KAWASAKI Z H2 \u00d6HLINS TTX GP SHOCK ABSORBER 2020-2022 - Rapido Motosport","robots":{"index":"index","follow":"follow","max-snippet":"max-snippet:-1","max-image-preview":"max-image-preview:large","max-video-preview":"max-video-preview:-1"},"canonical":"https:\/\/rapidomotosport.hr\/it\/proizvod\/kawasaki-z-h2-ohlins-ttx-gp-shock-absorber-2020-2022\/","og_locale":"it_IT","og_type":"article","og_title":"KAWASAKI Z H2 \u00d6HLINS TTX GP SHOCK ABSORBER 2020-2022 - Rapido Motosport","og_description":"Na temelju performansi va\u0161eg motocikla, njegove cijene i dostupnog prostora za ugradnju, dizajnirali smo amortizer za koji smatramo da mu odgovara, kako u pogledu cijene tako i performansi. Zapo\u010dinjemo odabirom tipa koji zatim izra\u0111ujemo po mjeri za va\u0161 specifi\u010dni motocikl. Osnovne postavke, dizajn shim paketa i kalibracija pode\u0161iva\u010da ispituju se i na cesti i na stazi. To su rezultati stvarnih testova s va\u0161im motociklom, bez ikakvog naga\u0111anja! \u00d6hlins proizvodi vi\u0161e od 300 razli\u010ditih modela amortizera, pri \u010demu je svaki model izra\u0111en po mjeri za jedan konkretan motocikl. Koncept svih \u00d6hlins proizvoda nije tajna \u2013 to je preciznost. Preciznost omogu\u0107uje vrhunsku kontrolu sile prigu\u0161enja i klju\u010d je na\u0161eg uspjeha.  TEHNI\u010cKI PODACI  Duljina: 312 +6\/-0 mm Hod: 57 mm Krutost N\/mm: 120 N\/mm Polo\u017eaj: stra\u017enji Ugra\u0111ena opruga: 21040-44 Serija opruge: 21040-xx","og_url":"https:\/\/rapidomotosport.hr\/it\/proizvod\/kawasaki-z-h2-ohlins-ttx-gp-shock-absorber-2020-2022\/","og_site_name":"Rapido Motosport","article_modified_time":"2026-05-01T20:59:07+00:00","og_image":[{"width":2048,"height":1536,"url":"https:\/\/rapidomotosport.hr\/wp-content\/uploads\/2026\/04\/arbo-65.png","type":"image\/png"}],"twitter_card":"summary_large_image","twitter_misc":{"Tempo di lettura stimato":"1 minuto"},"schema":{"@context":"https:\/\/schema.org","@graph":[{"@type":"WebPage","@id":"https:\/\/rapidomotosport.hr\/it\/proizvod\/kawasaki-z-h2-ohlins-ttx-gp-shock-absorber-2020-2022\/","url":"https:\/\/rapidomotosport.hr\/it\/proizvod\/kawasaki-z-h2-ohlins-ttx-gp-shock-absorber-2020-2022\/","name":"KAWASAKI Z H2 \u00d6HLINS TTX GP SHOCK ABSORBER 2020-2022 - Rapido Motosport","isPartOf":{"@id":"https:\/\/rapidomotosport.hr\/it\/#website"},"primaryImageOfPage":{"@id":"https:\/\/rapidomotosport.hr\/it\/proizvod\/kawasaki-z-h2-ohlins-ttx-gp-shock-absorber-2020-2022\/#primaryimage"},"image":{"@id":"https:\/\/rapidomotosport.hr\/it\/proizvod\/kawasaki-z-h2-ohlins-ttx-gp-shock-absorber-2020-2022\/#primaryimage"},"thumbnailUrl":"https:\/\/rapidomotosport.hr\/wp-content\/uploads\/2026\/04\/arbo-65.png","datePublished":"2026-05-01T20:58:38+00:00","dateModified":"2026-05-01T20:59:07+00:00","breadcrumb":{"@id":"https:\/\/rapidomotosport.hr\/it\/proizvod\/kawasaki-z-h2-ohlins-ttx-gp-shock-absorber-2020-2022\/#breadcrumb"},"inLanguage":"it-IT","potentialAction":[{"@type":"ReadAction","target":["https:\/\/rapidomotosport.hr\/it\/proizvod\/kawasaki-z-h2-ohlins-ttx-gp-shock-absorber-2020-2022\/"]}]},{"@type":"ImageObject","inLanguage":"it-IT","@id":"https:\/\/rapidomotosport.hr\/it\/proizvod\/kawasaki-z-h2-ohlins-ttx-gp-shock-absorber-2020-2022\/#primaryimage","url":"https:\/\/rapidomotosport.hr\/wp-content\/uploads\/2026\/04\/arbo-65.png","contentUrl":"https:\/\/rapidomotosport.hr\/wp-content\/uploads\/2026\/04\/arbo-65.png","width":2048,"height":1536},{"@type":"BreadcrumbList","@id":"https:\/\/rapidomotosport.hr\/it\/proizvod\/kawasaki-z-h2-ohlins-ttx-gp-shock-absorber-2020-2022\/#breadcrumb","itemListElement":[{"@type":"ListItem","position":1,"name":"Po\u010detna stranica","item":"https:\/\/rapidomotosport.hr\/it\/"},{"@type":"ListItem","position":2,"name":"Negozio","item":"https:\/\/rapidomotosport.hr\/it\/negozio\/"},{"@type":"ListItem","position":3,"name":"KAWASAKI Z H2 \u00d6HLINS TTX GP SHOCK ABSORBER 2020-2022"}]},{"@type":"WebSite","@id":"https:\/\/rapidomotosport.hr\/it\/#website","url":"https:\/\/rapidomotosport.hr\/it\/","name":"Rapido Motosport","description":"","potentialAction":[{"@type":"SearchAction","target":{"@type":"EntryPoint","urlTemplate":"https:\/\/rapidomotosport.hr\/it\/?s={search_term_string}"},"query-input":{"@type":"PropertyValueSpecification","valueRequired":true,"valueName":"search_term_string"}}],"inLanguage":"it-IT"}]}},"_links":{"self":[{"href":"https:\/\/rapidomotosport.hr\/it\/wp-json\/wp\/v2\/product\/55190","targetHints":{"allow":["GET"]}}],"collection":[{"href":"https:\/\/rapidomotosport.hr\/it\/wp-json\/wp\/v2\/product"}],"about":[{"href":"https:\/\/rapidomotosport.hr\/it\/wp-json\/wp\/v2\/types\/product"}],"wp:featuredmedia":[{"embeddable":true,"href":"https:\/\/rapidomotosport.hr\/it\/wp-json\/wp\/v2\/media\/54773"}],"wp:attachment":[{"href":"https:\/\/rapidomotosport.hr\/it\/wp-json\/wp\/v2\/media?parent=55190"}],"wp:term":[{"taxonomy":"product_brand","embeddable":true,"href":"https:\/\/rapidomotosport.hr\/it\/wp-json\/wp\/v2\/product_brand?post=55190"},{"taxonomy":"product_cat","embeddable":true,"href":"https:\/\/rapidomotosport.hr\/it\/wp-json\/wp\/v2\/product_cat?post=55190"},{"taxonomy":"product_tag","embeddable":true,"href":"https:\/\/rapidomotosport.hr\/it\/wp-json\/wp\/v2\/product_tag?post=55190"}],"curies":[{"name":"wp","href":"https:\/\/api.w.org\/{rel}","templated":true}]}}