{"id":55191,"date":"2026-05-01T23:07:18","date_gmt":"2026-05-01T21:07:18","guid":{"rendered":"https:\/\/rapidomotosport.hr\/?post_type=product&#038;p=55191"},"modified":"2026-05-01T23:07:32","modified_gmt":"2026-05-01T21:07:32","slug":"kawasaki-z-1000-ohlins-stx-46-street-shock-absorber-2010-2013","status":"publish","type":"product","link":"https:\/\/rapidomotosport.hr\/it\/proizvod\/kawasaki-z-1000-ohlins-stx-46-street-shock-absorber-2010-2013\/","title":{"rendered":"KAWASAKI Z 1000 \u00d6HLINS STX 46 STREET SHOCK ABSORBER 2010-2013"},"content":{"rendered":"","protected":false},"excerpt":{"rendered":"<p>\u00d6hlins provjerena STX 46 Street serija savr\u0161ena je nadogradnja za sportske cestovne motocikle. Ovaj amortizer s visokotla\u010dnim plinom dolazi s unutarnjim spremnikom plina i glavnim klipom promjera 46 mm. Ovisno o primjeni, amortizer ima mehani\u010dko ili hidrauli\u010dko pode\u0161avanje prednapona opruge, kao i podesivo prigu\u0161enje povrata.\u0110<\/p>\n<p>TEHNI\u010cKI PODACI<\/p>\n<p>Duljina: 356,5 mm<br \/>\nHod: 61,5 mm<br \/>\nKrutost N\/mm: 85 N\/mm<br \/>\nUgra\u0111ena opruga: 01092-26<\/p>\n","protected":false},"featured_media":55074,"template":"","meta":[],"product_brand":[],"product_cat":[1254],"product_tag":[],"class_list":{"0":"post-55191","1":"product","2":"type-product","3":"status-publish","4":"has-post-thumbnail","6":"product_cat-ohlins","8":"first","9":"instock","10":"sale","11":"shipping-taxable","12":"purchasable","13":"product-type-simple"},"yoast_head":"<!-- This site is optimized with the Yoast SEO plugin v27.5 - https:\/\/yoast.com\/product\/yoast-seo-wordpress\/ -->\n<title>KAWASAKI Z 1000 \u00d6HLINS STX 46 STREET SHOCK ABSORBER 2010-2013 - Rapido Motosport<\/title>\n<meta name=\"robots\" content=\"index, follow, max-snippet:-1, max-image-preview:large, max-video-preview:-1\" \/>\n<link rel=\"canonical\" href=\"https:\/\/rapidomotosport.hr\/it\/proizvod\/kawasaki-z-1000-ohlins-stx-46-street-shock-absorber-2010-2013\/\" \/>\n<meta property=\"og:locale\" content=\"it_IT\" \/>\n<meta property=\"og:type\" content=\"article\" \/>\n<meta property=\"og:title\" content=\"KAWASAKI Z 1000 \u00d6HLINS STX 46 STREET SHOCK ABSORBER 2010-2013 - Rapido Motosport\" \/>\n<meta property=\"og:description\" content=\"\u00d6hlins provjerena STX 46 Street serija savr\u0161ena je nadogradnja za sportske cestovne motocikle. Ovaj amortizer s visokotla\u010dnim plinom dolazi s unutarnjim spremnikom plina i glavnim klipom promjera 46 mm. Ovisno o primjeni, amortizer ima mehani\u010dko ili hidrauli\u010dko pode\u0161avanje prednapona opruge, kao i podesivo prigu\u0161enje povrata.\u0110  TEHNI\u010cKI PODACI  Duljina: 356,5 mm Hod: 61,5 mm Krutost N\/mm: 85 N\/mm Ugra\u0111ena opruga: 01092-26\" \/>\n<meta property=\"og:url\" content=\"https:\/\/rapidomotosport.hr\/it\/proizvod\/kawasaki-z-1000-ohlins-stx-46-street-shock-absorber-2010-2013\/\" \/>\n<meta property=\"og:site_name\" content=\"Rapido Motosport\" \/>\n<meta property=\"article:modified_time\" content=\"2026-05-01T21:07:32+00:00\" \/>\n<meta property=\"og:image\" content=\"https:\/\/rapidomotosport.hr\/wp-content\/uploads\/2026\/04\/arbo-102.png\" \/>\n\t<meta property=\"og:image:width\" content=\"2048\" \/>\n\t<meta property=\"og:image:height\" content=\"1536\" \/>\n\t<meta property=\"og:image:type\" content=\"image\/png\" \/>\n<meta name=\"twitter:card\" content=\"summary_large_image\" \/>\n<meta name=\"twitter:label1\" content=\"Tempo di lettura stimato\" \/>\n\t<meta name=\"twitter:data1\" content=\"1 minuto\" \/>\n<script type=\"application\/ld+json\" class=\"yoast-schema-graph\">{\"@context\":\"https:\\\/\\\/schema.org\",\"@graph\":[{\"@type\":\"WebPage\",\"@id\":\"https:\\\/\\\/rapidomotosport.hr\\\/it\\\/proizvod\\\/kawasaki-z-1000-ohlins-stx-46-street-shock-absorber-2010-2013\\\/\",\"url\":\"https:\\\/\\\/rapidomotosport.hr\\\/it\\\/proizvod\\\/kawasaki-z-1000-ohlins-stx-46-street-shock-absorber-2010-2013\\\/\",\"name\":\"KAWASAKI Z 1000 \u00d6HLINS STX 46 STREET SHOCK ABSORBER 2010-2013 - Rapido Motosport\",\"isPartOf\":{\"@id\":\"https:\\\/\\\/rapidomotosport.hr\\\/it\\\/#website\"},\"primaryImageOfPage\":{\"@id\":\"https:\\\/\\\/rapidomotosport.hr\\\/it\\\/proizvod\\\/kawasaki-z-1000-ohlins-stx-46-street-shock-absorber-2010-2013\\\/#primaryimage\"},\"image\":{\"@id\":\"https:\\\/\\\/rapidomotosport.hr\\\/it\\\/proizvod\\\/kawasaki-z-1000-ohlins-stx-46-street-shock-absorber-2010-2013\\\/#primaryimage\"},\"thumbnailUrl\":\"https:\\\/\\\/rapidomotosport.hr\\\/wp-content\\\/uploads\\\/2026\\\/04\\\/arbo-102.png\",\"datePublished\":\"2026-05-01T21:07:18+00:00\",\"dateModified\":\"2026-05-01T21:07:32+00:00\",\"breadcrumb\":{\"@id\":\"https:\\\/\\\/rapidomotosport.hr\\\/it\\\/proizvod\\\/kawasaki-z-1000-ohlins-stx-46-street-shock-absorber-2010-2013\\\/#breadcrumb\"},\"inLanguage\":\"it-IT\",\"potentialAction\":[{\"@type\":\"ReadAction\",\"target\":[\"https:\\\/\\\/rapidomotosport.hr\\\/it\\\/proizvod\\\/kawasaki-z-1000-ohlins-stx-46-street-shock-absorber-2010-2013\\\/\"]}]},{\"@type\":\"ImageObject\",\"inLanguage\":\"it-IT\",\"@id\":\"https:\\\/\\\/rapidomotosport.hr\\\/it\\\/proizvod\\\/kawasaki-z-1000-ohlins-stx-46-street-shock-absorber-2010-2013\\\/#primaryimage\",\"url\":\"https:\\\/\\\/rapidomotosport.hr\\\/wp-content\\\/uploads\\\/2026\\\/04\\\/arbo-102.png\",\"contentUrl\":\"https:\\\/\\\/rapidomotosport.hr\\\/wp-content\\\/uploads\\\/2026\\\/04\\\/arbo-102.png\",\"width\":2048,\"height\":1536},{\"@type\":\"BreadcrumbList\",\"@id\":\"https:\\\/\\\/rapidomotosport.hr\\\/it\\\/proizvod\\\/kawasaki-z-1000-ohlins-stx-46-street-shock-absorber-2010-2013\\\/#breadcrumb\",\"itemListElement\":[{\"@type\":\"ListItem\",\"position\":1,\"name\":\"Po\u010detna stranica\",\"item\":\"https:\\\/\\\/rapidomotosport.hr\\\/it\\\/\"},{\"@type\":\"ListItem\",\"position\":2,\"name\":\"Negozio\",\"item\":\"https:\\\/\\\/rapidomotosport.hr\\\/it\\\/negozio\\\/\"},{\"@type\":\"ListItem\",\"position\":3,\"name\":\"KAWASAKI Z 1000 \u00d6HLINS STX 46 STREET SHOCK ABSORBER 2010-2013\"}]},{\"@type\":\"WebSite\",\"@id\":\"https:\\\/\\\/rapidomotosport.hr\\\/it\\\/#website\",\"url\":\"https:\\\/\\\/rapidomotosport.hr\\\/it\\\/\",\"name\":\"Rapido Motosport\",\"description\":\"\",\"potentialAction\":[{\"@type\":\"SearchAction\",\"target\":{\"@type\":\"EntryPoint\",\"urlTemplate\":\"https:\\\/\\\/rapidomotosport.hr\\\/it\\\/?s={search_term_string}\"},\"query-input\":{\"@type\":\"PropertyValueSpecification\",\"valueRequired\":true,\"valueName\":\"search_term_string\"}}],\"inLanguage\":\"it-IT\"}]}<\/script>\n<!-- \/ Yoast SEO plugin. -->","yoast_head_json":{"title":"KAWASAKI Z 1000 \u00d6HLINS STX 46 STREET SHOCK ABSORBER 2010-2013 - Rapido Motosport","robots":{"index":"index","follow":"follow","max-snippet":"max-snippet:-1","max-image-preview":"max-image-preview:large","max-video-preview":"max-video-preview:-1"},"canonical":"https:\/\/rapidomotosport.hr\/it\/proizvod\/kawasaki-z-1000-ohlins-stx-46-street-shock-absorber-2010-2013\/","og_locale":"it_IT","og_type":"article","og_title":"KAWASAKI Z 1000 \u00d6HLINS STX 46 STREET SHOCK ABSORBER 2010-2013 - Rapido Motosport","og_description":"\u00d6hlins provjerena STX 46 Street serija savr\u0161ena je nadogradnja za sportske cestovne motocikle. Ovaj amortizer s visokotla\u010dnim plinom dolazi s unutarnjim spremnikom plina i glavnim klipom promjera 46 mm. Ovisno o primjeni, amortizer ima mehani\u010dko ili hidrauli\u010dko pode\u0161avanje prednapona opruge, kao i podesivo prigu\u0161enje povrata.\u0110  TEHNI\u010cKI PODACI  Duljina: 356,5 mm Hod: 61,5 mm Krutost N\/mm: 85 N\/mm Ugra\u0111ena opruga: 01092-26","og_url":"https:\/\/rapidomotosport.hr\/it\/proizvod\/kawasaki-z-1000-ohlins-stx-46-street-shock-absorber-2010-2013\/","og_site_name":"Rapido Motosport","article_modified_time":"2026-05-01T21:07:32+00:00","og_image":[{"width":2048,"height":1536,"url":"https:\/\/rapidomotosport.hr\/wp-content\/uploads\/2026\/04\/arbo-102.png","type":"image\/png"}],"twitter_card":"summary_large_image","twitter_misc":{"Tempo di lettura stimato":"1 minuto"},"schema":{"@context":"https:\/\/schema.org","@graph":[{"@type":"WebPage","@id":"https:\/\/rapidomotosport.hr\/it\/proizvod\/kawasaki-z-1000-ohlins-stx-46-street-shock-absorber-2010-2013\/","url":"https:\/\/rapidomotosport.hr\/it\/proizvod\/kawasaki-z-1000-ohlins-stx-46-street-shock-absorber-2010-2013\/","name":"KAWASAKI Z 1000 \u00d6HLINS STX 46 STREET SHOCK ABSORBER 2010-2013 - Rapido Motosport","isPartOf":{"@id":"https:\/\/rapidomotosport.hr\/it\/#website"},"primaryImageOfPage":{"@id":"https:\/\/rapidomotosport.hr\/it\/proizvod\/kawasaki-z-1000-ohlins-stx-46-street-shock-absorber-2010-2013\/#primaryimage"},"image":{"@id":"https:\/\/rapidomotosport.hr\/it\/proizvod\/kawasaki-z-1000-ohlins-stx-46-street-shock-absorber-2010-2013\/#primaryimage"},"thumbnailUrl":"https:\/\/rapidomotosport.hr\/wp-content\/uploads\/2026\/04\/arbo-102.png","datePublished":"2026-05-01T21:07:18+00:00","dateModified":"2026-05-01T21:07:32+00:00","breadcrumb":{"@id":"https:\/\/rapidomotosport.hr\/it\/proizvod\/kawasaki-z-1000-ohlins-stx-46-street-shock-absorber-2010-2013\/#breadcrumb"},"inLanguage":"it-IT","potentialAction":[{"@type":"ReadAction","target":["https:\/\/rapidomotosport.hr\/it\/proizvod\/kawasaki-z-1000-ohlins-stx-46-street-shock-absorber-2010-2013\/"]}]},{"@type":"ImageObject","inLanguage":"it-IT","@id":"https:\/\/rapidomotosport.hr\/it\/proizvod\/kawasaki-z-1000-ohlins-stx-46-street-shock-absorber-2010-2013\/#primaryimage","url":"https:\/\/rapidomotosport.hr\/wp-content\/uploads\/2026\/04\/arbo-102.png","contentUrl":"https:\/\/rapidomotosport.hr\/wp-content\/uploads\/2026\/04\/arbo-102.png","width":2048,"height":1536},{"@type":"BreadcrumbList","@id":"https:\/\/rapidomotosport.hr\/it\/proizvod\/kawasaki-z-1000-ohlins-stx-46-street-shock-absorber-2010-2013\/#breadcrumb","itemListElement":[{"@type":"ListItem","position":1,"name":"Po\u010detna stranica","item":"https:\/\/rapidomotosport.hr\/it\/"},{"@type":"ListItem","position":2,"name":"Negozio","item":"https:\/\/rapidomotosport.hr\/it\/negozio\/"},{"@type":"ListItem","position":3,"name":"KAWASAKI Z 1000 \u00d6HLINS STX 46 STREET SHOCK ABSORBER 2010-2013"}]},{"@type":"WebSite","@id":"https:\/\/rapidomotosport.hr\/it\/#website","url":"https:\/\/rapidomotosport.hr\/it\/","name":"Rapido Motosport","description":"","potentialAction":[{"@type":"SearchAction","target":{"@type":"EntryPoint","urlTemplate":"https:\/\/rapidomotosport.hr\/it\/?s={search_term_string}"},"query-input":{"@type":"PropertyValueSpecification","valueRequired":true,"valueName":"search_term_string"}}],"inLanguage":"it-IT"}]}},"_links":{"self":[{"href":"https:\/\/rapidomotosport.hr\/it\/wp-json\/wp\/v2\/product\/55191","targetHints":{"allow":["GET"]}}],"collection":[{"href":"https:\/\/rapidomotosport.hr\/it\/wp-json\/wp\/v2\/product"}],"about":[{"href":"https:\/\/rapidomotosport.hr\/it\/wp-json\/wp\/v2\/types\/product"}],"wp:featuredmedia":[{"embeddable":true,"href":"https:\/\/rapidomotosport.hr\/it\/wp-json\/wp\/v2\/media\/55074"}],"wp:attachment":[{"href":"https:\/\/rapidomotosport.hr\/it\/wp-json\/wp\/v2\/media?parent=55191"}],"wp:term":[{"taxonomy":"product_brand","embeddable":true,"href":"https:\/\/rapidomotosport.hr\/it\/wp-json\/wp\/v2\/product_brand?post=55191"},{"taxonomy":"product_cat","embeddable":true,"href":"https:\/\/rapidomotosport.hr\/it\/wp-json\/wp\/v2\/product_cat?post=55191"},{"taxonomy":"product_tag","embeddable":true,"href":"https:\/\/rapidomotosport.hr\/it\/wp-json\/wp\/v2\/product_tag?post=55191"}],"curies":[{"name":"wp","href":"https:\/\/api.w.org\/{rel}","templated":true}]}}