{"id":55237,"date":"2026-05-04T23:44:34","date_gmt":"2026-05-04T21:44:34","guid":{"rendered":"https:\/\/rapidomotosport.hr\/?post_type=product&#038;p=55237"},"modified":"2026-05-04T23:44:50","modified_gmt":"2026-05-04T21:44:50","slug":"kawasaki-z-900-ohlins-nix-30-street-cartridge-kit-2017-2023","status":"publish","type":"product","link":"https:\/\/rapidomotosport.hr\/it\/proizvod\/kawasaki-z-900-ohlins-nix-30-street-cartridge-kit-2017-2023\/","title":{"rendered":"KAWASAKI Z 900 \u00d6HLINS NIX 30 STREET CARTRIDGE KIT 2017-2023"},"content":{"rendered":"","protected":false},"excerpt":{"rendered":"<p>Komplet ulo\u017eaka \u00d6hlins NIX 30 Street cartridge kit ima novo dizajnirane crne gornje \u010depove kako bi motociklu dao suptilniji izgled. \u201eNIX\u201d tehnologija razvijena je iz vrhunskih utrka poput WSBK kako bi pru\u017eila maksimalne performanse na cesti kao i na stazi. Ugra\u0111uje se izravno u standardne noge vilice i omogu\u0107uje podesivo prigu\u0161enje kompresije i povrata, odvojeno u svakoj nozi, kao i pode\u0161avanje prednaprezanja\u2014sve dostupno putem crnih gornjih \u010depova.<\/p>\n<p>\u00d6hlins sustavi ulo\u017eaka dizajnirani su za ugradnju u standardnu vilicu. Sustavi ulo\u017eaka isporu\u010duju se sa ili bez opruga, ovisno o katalo\u0161kom broju. Molimo pogledajte odgovaraju\u0107e upute za ugradnju. Slijedite na\u0161e preporuke u vezi s krutosti opruga i uljem u odnosu na te\u017einu voza\u010da i njegove preferencije, navedene u uputama za monta\u017eu specifi\u010dnog kompleta ulo\u017eaka.<\/p>\n<p>PODACI<\/p>\n<p>Polo\u017eaj: prednji<br \/>\nSerija opruge: 08790-xx<br \/>\nPreporu\u010deno ulje: 01309<br \/>\nPakirna jedinica: par<\/p>\n","protected":false},"featured_media":54871,"template":"","meta":[],"product_brand":[],"product_cat":[1254],"product_tag":[],"class_list":{"0":"post-55237","1":"product","2":"type-product","3":"status-publish","4":"has-post-thumbnail","6":"product_cat-ohlins","8":"first","9":"instock","10":"sale","11":"shipping-taxable","12":"purchasable","13":"product-type-simple"},"yoast_head":"<!-- This site is optimized with the Yoast SEO plugin v27.5 - https:\/\/yoast.com\/product\/yoast-seo-wordpress\/ -->\n<title>KAWASAKI Z 900 \u00d6HLINS NIX 30 STREET CARTRIDGE KIT 2017-2023 - Rapido Motosport<\/title>\n<meta name=\"robots\" content=\"index, follow, max-snippet:-1, max-image-preview:large, max-video-preview:-1\" \/>\n<link rel=\"canonical\" href=\"https:\/\/rapidomotosport.hr\/it\/proizvod\/kawasaki-z-900-ohlins-nix-30-street-cartridge-kit-2017-2023\/\" \/>\n<meta property=\"og:locale\" content=\"it_IT\" \/>\n<meta property=\"og:type\" content=\"article\" \/>\n<meta property=\"og:title\" content=\"KAWASAKI Z 900 \u00d6HLINS NIX 30 STREET CARTRIDGE KIT 2017-2023 - Rapido Motosport\" \/>\n<meta property=\"og:description\" content=\"Komplet ulo\u017eaka \u00d6hlins NIX 30 Street cartridge kit ima novo dizajnirane crne gornje \u010depove kako bi motociklu dao suptilniji izgled. \u201eNIX\u201d tehnologija razvijena je iz vrhunskih utrka poput WSBK kako bi pru\u017eila maksimalne performanse na cesti kao i na stazi. Ugra\u0111uje se izravno u standardne noge vilice i omogu\u0107uje podesivo prigu\u0161enje kompresije i povrata, odvojeno u svakoj nozi, kao i pode\u0161avanje prednaprezanja\u2014sve dostupno putem crnih gornjih \u010depova.  \u00d6hlins sustavi ulo\u017eaka dizajnirani su za ugradnju u standardnu vilicu. Sustavi ulo\u017eaka isporu\u010duju se sa ili bez opruga, ovisno o katalo\u0161kom broju. Molimo pogledajte odgovaraju\u0107e upute za ugradnju. Slijedite na\u0161e preporuke u vezi s krutosti opruga i uljem u odnosu na te\u017einu voza\u010da i njegove preferencije, navedene u uputama za monta\u017eu specifi\u010dnog kompleta ulo\u017eaka.  PODACI  Polo\u017eaj: prednji Serija opruge: 08790-xx Preporu\u010deno ulje: 01309 Pakirna jedinica: par\" \/>\n<meta property=\"og:url\" content=\"https:\/\/rapidomotosport.hr\/it\/proizvod\/kawasaki-z-900-ohlins-nix-30-street-cartridge-kit-2017-2023\/\" \/>\n<meta property=\"og:site_name\" content=\"Rapido Motosport\" \/>\n<meta property=\"article:modified_time\" content=\"2026-05-04T21:44:50+00:00\" \/>\n<meta property=\"og:image\" content=\"https:\/\/rapidomotosport.hr\/wp-content\/uploads\/2026\/04\/arbo-78.png\" \/>\n\t<meta property=\"og:image:width\" content=\"2048\" \/>\n\t<meta property=\"og:image:height\" content=\"1536\" \/>\n\t<meta property=\"og:image:type\" content=\"image\/png\" \/>\n<meta name=\"twitter:card\" content=\"summary_large_image\" \/>\n<meta name=\"twitter:label1\" content=\"Tempo di lettura stimato\" \/>\n\t<meta name=\"twitter:data1\" content=\"1 minuto\" \/>\n<script type=\"application\/ld+json\" class=\"yoast-schema-graph\">{\"@context\":\"https:\\\/\\\/schema.org\",\"@graph\":[{\"@type\":\"WebPage\",\"@id\":\"https:\\\/\\\/rapidomotosport.hr\\\/it\\\/proizvod\\\/kawasaki-z-900-ohlins-nix-30-street-cartridge-kit-2017-2023\\\/\",\"url\":\"https:\\\/\\\/rapidomotosport.hr\\\/it\\\/proizvod\\\/kawasaki-z-900-ohlins-nix-30-street-cartridge-kit-2017-2023\\\/\",\"name\":\"KAWASAKI Z 900 \u00d6HLINS NIX 30 STREET CARTRIDGE KIT 2017-2023 - Rapido Motosport\",\"isPartOf\":{\"@id\":\"https:\\\/\\\/rapidomotosport.hr\\\/it\\\/#website\"},\"primaryImageOfPage\":{\"@id\":\"https:\\\/\\\/rapidomotosport.hr\\\/it\\\/proizvod\\\/kawasaki-z-900-ohlins-nix-30-street-cartridge-kit-2017-2023\\\/#primaryimage\"},\"image\":{\"@id\":\"https:\\\/\\\/rapidomotosport.hr\\\/it\\\/proizvod\\\/kawasaki-z-900-ohlins-nix-30-street-cartridge-kit-2017-2023\\\/#primaryimage\"},\"thumbnailUrl\":\"https:\\\/\\\/rapidomotosport.hr\\\/wp-content\\\/uploads\\\/2026\\\/04\\\/arbo-78.png\",\"datePublished\":\"2026-05-04T21:44:34+00:00\",\"dateModified\":\"2026-05-04T21:44:50+00:00\",\"breadcrumb\":{\"@id\":\"https:\\\/\\\/rapidomotosport.hr\\\/it\\\/proizvod\\\/kawasaki-z-900-ohlins-nix-30-street-cartridge-kit-2017-2023\\\/#breadcrumb\"},\"inLanguage\":\"it-IT\",\"potentialAction\":[{\"@type\":\"ReadAction\",\"target\":[\"https:\\\/\\\/rapidomotosport.hr\\\/it\\\/proizvod\\\/kawasaki-z-900-ohlins-nix-30-street-cartridge-kit-2017-2023\\\/\"]}]},{\"@type\":\"ImageObject\",\"inLanguage\":\"it-IT\",\"@id\":\"https:\\\/\\\/rapidomotosport.hr\\\/it\\\/proizvod\\\/kawasaki-z-900-ohlins-nix-30-street-cartridge-kit-2017-2023\\\/#primaryimage\",\"url\":\"https:\\\/\\\/rapidomotosport.hr\\\/wp-content\\\/uploads\\\/2026\\\/04\\\/arbo-78.png\",\"contentUrl\":\"https:\\\/\\\/rapidomotosport.hr\\\/wp-content\\\/uploads\\\/2026\\\/04\\\/arbo-78.png\",\"width\":2048,\"height\":1536},{\"@type\":\"BreadcrumbList\",\"@id\":\"https:\\\/\\\/rapidomotosport.hr\\\/it\\\/proizvod\\\/kawasaki-z-900-ohlins-nix-30-street-cartridge-kit-2017-2023\\\/#breadcrumb\",\"itemListElement\":[{\"@type\":\"ListItem\",\"position\":1,\"name\":\"Po\u010detna stranica\",\"item\":\"https:\\\/\\\/rapidomotosport.hr\\\/it\\\/\"},{\"@type\":\"ListItem\",\"position\":2,\"name\":\"Negozio\",\"item\":\"https:\\\/\\\/rapidomotosport.hr\\\/it\\\/negozio\\\/\"},{\"@type\":\"ListItem\",\"position\":3,\"name\":\"KAWASAKI Z 900 \u00d6HLINS NIX 30 STREET CARTRIDGE KIT 2017-2023\"}]},{\"@type\":\"WebSite\",\"@id\":\"https:\\\/\\\/rapidomotosport.hr\\\/it\\\/#website\",\"url\":\"https:\\\/\\\/rapidomotosport.hr\\\/it\\\/\",\"name\":\"Rapido Motosport\",\"description\":\"\",\"potentialAction\":[{\"@type\":\"SearchAction\",\"target\":{\"@type\":\"EntryPoint\",\"urlTemplate\":\"https:\\\/\\\/rapidomotosport.hr\\\/it\\\/?s={search_term_string}\"},\"query-input\":{\"@type\":\"PropertyValueSpecification\",\"valueRequired\":true,\"valueName\":\"search_term_string\"}}],\"inLanguage\":\"it-IT\"}]}<\/script>\n<!-- \/ Yoast SEO plugin. -->","yoast_head_json":{"title":"KAWASAKI Z 900 \u00d6HLINS NIX 30 STREET CARTRIDGE KIT 2017-2023 - Rapido Motosport","robots":{"index":"index","follow":"follow","max-snippet":"max-snippet:-1","max-image-preview":"max-image-preview:large","max-video-preview":"max-video-preview:-1"},"canonical":"https:\/\/rapidomotosport.hr\/it\/proizvod\/kawasaki-z-900-ohlins-nix-30-street-cartridge-kit-2017-2023\/","og_locale":"it_IT","og_type":"article","og_title":"KAWASAKI Z 900 \u00d6HLINS NIX 30 STREET CARTRIDGE KIT 2017-2023 - Rapido Motosport","og_description":"Komplet ulo\u017eaka \u00d6hlins NIX 30 Street cartridge kit ima novo dizajnirane crne gornje \u010depove kako bi motociklu dao suptilniji izgled. \u201eNIX\u201d tehnologija razvijena je iz vrhunskih utrka poput WSBK kako bi pru\u017eila maksimalne performanse na cesti kao i na stazi. Ugra\u0111uje se izravno u standardne noge vilice i omogu\u0107uje podesivo prigu\u0161enje kompresije i povrata, odvojeno u svakoj nozi, kao i pode\u0161avanje prednaprezanja\u2014sve dostupno putem crnih gornjih \u010depova.  \u00d6hlins sustavi ulo\u017eaka dizajnirani su za ugradnju u standardnu vilicu. Sustavi ulo\u017eaka isporu\u010duju se sa ili bez opruga, ovisno o katalo\u0161kom broju. Molimo pogledajte odgovaraju\u0107e upute za ugradnju. Slijedite na\u0161e preporuke u vezi s krutosti opruga i uljem u odnosu na te\u017einu voza\u010da i njegove preferencije, navedene u uputama za monta\u017eu specifi\u010dnog kompleta ulo\u017eaka.  PODACI  Polo\u017eaj: prednji Serija opruge: 08790-xx Preporu\u010deno ulje: 01309 Pakirna jedinica: par","og_url":"https:\/\/rapidomotosport.hr\/it\/proizvod\/kawasaki-z-900-ohlins-nix-30-street-cartridge-kit-2017-2023\/","og_site_name":"Rapido Motosport","article_modified_time":"2026-05-04T21:44:50+00:00","og_image":[{"width":2048,"height":1536,"url":"https:\/\/rapidomotosport.hr\/wp-content\/uploads\/2026\/04\/arbo-78.png","type":"image\/png"}],"twitter_card":"summary_large_image","twitter_misc":{"Tempo di lettura stimato":"1 minuto"},"schema":{"@context":"https:\/\/schema.org","@graph":[{"@type":"WebPage","@id":"https:\/\/rapidomotosport.hr\/it\/proizvod\/kawasaki-z-900-ohlins-nix-30-street-cartridge-kit-2017-2023\/","url":"https:\/\/rapidomotosport.hr\/it\/proizvod\/kawasaki-z-900-ohlins-nix-30-street-cartridge-kit-2017-2023\/","name":"KAWASAKI Z 900 \u00d6HLINS NIX 30 STREET CARTRIDGE KIT 2017-2023 - Rapido Motosport","isPartOf":{"@id":"https:\/\/rapidomotosport.hr\/it\/#website"},"primaryImageOfPage":{"@id":"https:\/\/rapidomotosport.hr\/it\/proizvod\/kawasaki-z-900-ohlins-nix-30-street-cartridge-kit-2017-2023\/#primaryimage"},"image":{"@id":"https:\/\/rapidomotosport.hr\/it\/proizvod\/kawasaki-z-900-ohlins-nix-30-street-cartridge-kit-2017-2023\/#primaryimage"},"thumbnailUrl":"https:\/\/rapidomotosport.hr\/wp-content\/uploads\/2026\/04\/arbo-78.png","datePublished":"2026-05-04T21:44:34+00:00","dateModified":"2026-05-04T21:44:50+00:00","breadcrumb":{"@id":"https:\/\/rapidomotosport.hr\/it\/proizvod\/kawasaki-z-900-ohlins-nix-30-street-cartridge-kit-2017-2023\/#breadcrumb"},"inLanguage":"it-IT","potentialAction":[{"@type":"ReadAction","target":["https:\/\/rapidomotosport.hr\/it\/proizvod\/kawasaki-z-900-ohlins-nix-30-street-cartridge-kit-2017-2023\/"]}]},{"@type":"ImageObject","inLanguage":"it-IT","@id":"https:\/\/rapidomotosport.hr\/it\/proizvod\/kawasaki-z-900-ohlins-nix-30-street-cartridge-kit-2017-2023\/#primaryimage","url":"https:\/\/rapidomotosport.hr\/wp-content\/uploads\/2026\/04\/arbo-78.png","contentUrl":"https:\/\/rapidomotosport.hr\/wp-content\/uploads\/2026\/04\/arbo-78.png","width":2048,"height":1536},{"@type":"BreadcrumbList","@id":"https:\/\/rapidomotosport.hr\/it\/proizvod\/kawasaki-z-900-ohlins-nix-30-street-cartridge-kit-2017-2023\/#breadcrumb","itemListElement":[{"@type":"ListItem","position":1,"name":"Po\u010detna stranica","item":"https:\/\/rapidomotosport.hr\/it\/"},{"@type":"ListItem","position":2,"name":"Negozio","item":"https:\/\/rapidomotosport.hr\/it\/negozio\/"},{"@type":"ListItem","position":3,"name":"KAWASAKI Z 900 \u00d6HLINS NIX 30 STREET CARTRIDGE KIT 2017-2023"}]},{"@type":"WebSite","@id":"https:\/\/rapidomotosport.hr\/it\/#website","url":"https:\/\/rapidomotosport.hr\/it\/","name":"Rapido Motosport","description":"","potentialAction":[{"@type":"SearchAction","target":{"@type":"EntryPoint","urlTemplate":"https:\/\/rapidomotosport.hr\/it\/?s={search_term_string}"},"query-input":{"@type":"PropertyValueSpecification","valueRequired":true,"valueName":"search_term_string"}}],"inLanguage":"it-IT"}]}},"_links":{"self":[{"href":"https:\/\/rapidomotosport.hr\/it\/wp-json\/wp\/v2\/product\/55237","targetHints":{"allow":["GET"]}}],"collection":[{"href":"https:\/\/rapidomotosport.hr\/it\/wp-json\/wp\/v2\/product"}],"about":[{"href":"https:\/\/rapidomotosport.hr\/it\/wp-json\/wp\/v2\/types\/product"}],"wp:featuredmedia":[{"embeddable":true,"href":"https:\/\/rapidomotosport.hr\/it\/wp-json\/wp\/v2\/media\/54871"}],"wp:attachment":[{"href":"https:\/\/rapidomotosport.hr\/it\/wp-json\/wp\/v2\/media?parent=55237"}],"wp:term":[{"taxonomy":"product_brand","embeddable":true,"href":"https:\/\/rapidomotosport.hr\/it\/wp-json\/wp\/v2\/product_brand?post=55237"},{"taxonomy":"product_cat","embeddable":true,"href":"https:\/\/rapidomotosport.hr\/it\/wp-json\/wp\/v2\/product_cat?post=55237"},{"taxonomy":"product_tag","embeddable":true,"href":"https:\/\/rapidomotosport.hr\/it\/wp-json\/wp\/v2\/product_tag?post=55237"}],"curies":[{"name":"wp","href":"https:\/\/api.w.org\/{rel}","templated":true}]}}