{"id":55328,"date":"2026-05-09T13:31:37","date_gmt":"2026-05-09T11:31:37","guid":{"rendered":"https:\/\/rapidomotosport.hr\/?post_type=product&#038;p=55328"},"modified":"2026-05-09T13:33:29","modified_gmt":"2026-05-09T11:33:29","slug":"suzuki-gsx-1300-r-hayabusa-ohlins-fgrt-upside-down-front-fork-road-track-2022-2023","status":"publish","type":"product","link":"https:\/\/rapidomotosport.hr\/it\/proizvod\/suzuki-gsx-1300-r-hayabusa-ohlins-fgrt-upside-down-front-fork-road-track-2022-2023\/","title":{"rendered":"SUZUKI GSX-1300 R HAYABUSA \u00d6HLINS FGRT UPSIDE DOWN FRONT FORK ROAD &#038; TRACK 2022-2023"},"content":{"rendered":"","protected":false},"excerpt":{"rendered":"<p>Nije va\u017eno ide\u0161 li prema naslovu dr\u017eavnog prvenstva u cestovnim utrkama ili vozi\u0161 svoj motocikl omiljenom cestom. Novi Road &amp; Track prednji ovjes pru\u017eit \u0107e ti vrhunske performanse, stabilno prigu\u0161enje i izvanrednu udobnost. Novi Road &amp; Track prednji ovjes sadr\u017ei \u00d6hlins 30 mm Cartridge Kit, pobjedni\u010dki komplet kori\u0161ten u nekoliko nacionalnih superbike prvenstava.<\/p>\n<p>Pode\u0161avanje kompresije i povrata jednostavno se izvodi, pri \u010demu se pode\u0161avanje kompresije nalazi u jednoj nozi vilice, a pode\u0161avanje povrata u drugoj. Novi prednji ovjes donosi veliko pobolj\u0161anje osje\u0107aja prianjanja gume, potpore pri ko\u010denju i ukupne upravljivosti motocikla. Vanjski dizajn je redizajniran kako bi ovaj prednji ovjes bio jo\u0161 atraktivniji.<\/p>\n<p>TEHNI\u010cKI PODACI<\/p>\n<p>Duljina: 725 mm<br \/>\nHod: 120 mm<br \/>\nTvrdo\u0107a opruge N\/mm: 11,0 N\/mm<br \/>\nPozicija: prednja<br \/>\nUgra\u0111ena opruga: 04744-11<br \/>\nSerija opruge: 04744-Serie<br \/>\nPreporu\u010deno ulje: 01309<br \/>\nRazina ulja mm: 180<br \/>\nPakiranje: par<\/p>\n","protected":false},"featured_media":54750,"template":"","meta":[],"product_brand":[],"product_cat":[1254],"product_tag":[],"class_list":{"0":"post-55328","1":"product","2":"type-product","3":"status-publish","4":"has-post-thumbnail","6":"product_cat-ohlins","8":"first","9":"instock","10":"sale","11":"shipping-taxable","12":"purchasable","13":"product-type-simple"},"yoast_head":"<!-- This site is optimized with the Yoast SEO plugin v27.5 - https:\/\/yoast.com\/product\/yoast-seo-wordpress\/ -->\n<title>SUZUKI GSX-1300 R HAYABUSA \u00d6HLINS FGRT UPSIDE DOWN FRONT FORK ROAD &amp; TRACK 2022-2023 - Rapido Motosport<\/title>\n<meta name=\"robots\" content=\"index, follow, max-snippet:-1, max-image-preview:large, max-video-preview:-1\" \/>\n<link rel=\"canonical\" href=\"https:\/\/rapidomotosport.hr\/it\/proizvod\/suzuki-gsx-1300-r-hayabusa-ohlins-fgrt-upside-down-front-fork-road-track-2022-2023\/\" \/>\n<meta property=\"og:locale\" content=\"it_IT\" \/>\n<meta property=\"og:type\" content=\"article\" \/>\n<meta property=\"og:title\" content=\"SUZUKI GSX-1300 R HAYABUSA \u00d6HLINS FGRT UPSIDE DOWN FRONT FORK ROAD &amp; TRACK 2022-2023 - Rapido Motosport\" \/>\n<meta property=\"og:description\" content=\"Nije va\u017eno ide\u0161 li prema naslovu dr\u017eavnog prvenstva u cestovnim utrkama ili vozi\u0161 svoj motocikl omiljenom cestom. Novi Road &amp; Track prednji ovjes pru\u017eit \u0107e ti vrhunske performanse, stabilno prigu\u0161enje i izvanrednu udobnost. Novi Road &amp; Track prednji ovjes sadr\u017ei \u00d6hlins 30 mm Cartridge Kit, pobjedni\u010dki komplet kori\u0161ten u nekoliko nacionalnih superbike prvenstava.  Pode\u0161avanje kompresije i povrata jednostavno se izvodi, pri \u010demu se pode\u0161avanje kompresije nalazi u jednoj nozi vilice, a pode\u0161avanje povrata u drugoj. Novi prednji ovjes donosi veliko pobolj\u0161anje osje\u0107aja prianjanja gume, potpore pri ko\u010denju i ukupne upravljivosti motocikla. Vanjski dizajn je redizajniran kako bi ovaj prednji ovjes bio jo\u0161 atraktivniji.  TEHNI\u010cKI PODACI  Duljina: 725 mm Hod: 120 mm Tvrdo\u0107a opruge N\/mm: 11,0 N\/mm Pozicija: prednja Ugra\u0111ena opruga: 04744-11 Serija opruge: 04744-Serie Preporu\u010deno ulje: 01309 Razina ulja mm: 180 Pakiranje: par\" \/>\n<meta property=\"og:url\" content=\"https:\/\/rapidomotosport.hr\/it\/proizvod\/suzuki-gsx-1300-r-hayabusa-ohlins-fgrt-upside-down-front-fork-road-track-2022-2023\/\" \/>\n<meta property=\"og:site_name\" content=\"Rapido Motosport\" \/>\n<meta property=\"article:modified_time\" content=\"2026-05-09T11:33:29+00:00\" \/>\n<meta property=\"og:image\" content=\"https:\/\/rapidomotosport.hr\/wp-content\/uploads\/2026\/04\/arbo-61.png\" \/>\n\t<meta property=\"og:image:width\" content=\"2048\" \/>\n\t<meta property=\"og:image:height\" content=\"1536\" \/>\n\t<meta property=\"og:image:type\" content=\"image\/png\" \/>\n<meta name=\"twitter:card\" content=\"summary_large_image\" \/>\n<meta name=\"twitter:label1\" content=\"Tempo di lettura stimato\" \/>\n\t<meta name=\"twitter:data1\" content=\"1 minuto\" \/>\n<script type=\"application\/ld+json\" class=\"yoast-schema-graph\">{\"@context\":\"https:\\\/\\\/schema.org\",\"@graph\":[{\"@type\":\"WebPage\",\"@id\":\"https:\\\/\\\/rapidomotosport.hr\\\/it\\\/proizvod\\\/suzuki-gsx-1300-r-hayabusa-ohlins-fgrt-upside-down-front-fork-road-track-2022-2023\\\/\",\"url\":\"https:\\\/\\\/rapidomotosport.hr\\\/it\\\/proizvod\\\/suzuki-gsx-1300-r-hayabusa-ohlins-fgrt-upside-down-front-fork-road-track-2022-2023\\\/\",\"name\":\"SUZUKI GSX-1300 R HAYABUSA \u00d6HLINS FGRT UPSIDE DOWN FRONT FORK ROAD & TRACK 2022-2023 - Rapido Motosport\",\"isPartOf\":{\"@id\":\"https:\\\/\\\/rapidomotosport.hr\\\/it\\\/#website\"},\"primaryImageOfPage\":{\"@id\":\"https:\\\/\\\/rapidomotosport.hr\\\/it\\\/proizvod\\\/suzuki-gsx-1300-r-hayabusa-ohlins-fgrt-upside-down-front-fork-road-track-2022-2023\\\/#primaryimage\"},\"image\":{\"@id\":\"https:\\\/\\\/rapidomotosport.hr\\\/it\\\/proizvod\\\/suzuki-gsx-1300-r-hayabusa-ohlins-fgrt-upside-down-front-fork-road-track-2022-2023\\\/#primaryimage\"},\"thumbnailUrl\":\"https:\\\/\\\/rapidomotosport.hr\\\/wp-content\\\/uploads\\\/2026\\\/04\\\/arbo-61.png\",\"datePublished\":\"2026-05-09T11:31:37+00:00\",\"dateModified\":\"2026-05-09T11:33:29+00:00\",\"breadcrumb\":{\"@id\":\"https:\\\/\\\/rapidomotosport.hr\\\/it\\\/proizvod\\\/suzuki-gsx-1300-r-hayabusa-ohlins-fgrt-upside-down-front-fork-road-track-2022-2023\\\/#breadcrumb\"},\"inLanguage\":\"it-IT\",\"potentialAction\":[{\"@type\":\"ReadAction\",\"target\":[\"https:\\\/\\\/rapidomotosport.hr\\\/it\\\/proizvod\\\/suzuki-gsx-1300-r-hayabusa-ohlins-fgrt-upside-down-front-fork-road-track-2022-2023\\\/\"]}]},{\"@type\":\"ImageObject\",\"inLanguage\":\"it-IT\",\"@id\":\"https:\\\/\\\/rapidomotosport.hr\\\/it\\\/proizvod\\\/suzuki-gsx-1300-r-hayabusa-ohlins-fgrt-upside-down-front-fork-road-track-2022-2023\\\/#primaryimage\",\"url\":\"https:\\\/\\\/rapidomotosport.hr\\\/wp-content\\\/uploads\\\/2026\\\/04\\\/arbo-61.png\",\"contentUrl\":\"https:\\\/\\\/rapidomotosport.hr\\\/wp-content\\\/uploads\\\/2026\\\/04\\\/arbo-61.png\",\"width\":2048,\"height\":1536},{\"@type\":\"BreadcrumbList\",\"@id\":\"https:\\\/\\\/rapidomotosport.hr\\\/it\\\/proizvod\\\/suzuki-gsx-1300-r-hayabusa-ohlins-fgrt-upside-down-front-fork-road-track-2022-2023\\\/#breadcrumb\",\"itemListElement\":[{\"@type\":\"ListItem\",\"position\":1,\"name\":\"Po\u010detna stranica\",\"item\":\"https:\\\/\\\/rapidomotosport.hr\\\/it\\\/\"},{\"@type\":\"ListItem\",\"position\":2,\"name\":\"Negozio\",\"item\":\"https:\\\/\\\/rapidomotosport.hr\\\/it\\\/negozio\\\/\"},{\"@type\":\"ListItem\",\"position\":3,\"name\":\"SUZUKI GSX-1300 R HAYABUSA \u00d6HLINS FGRT UPSIDE DOWN FRONT FORK ROAD &#038; TRACK 2022-2023\"}]},{\"@type\":\"WebSite\",\"@id\":\"https:\\\/\\\/rapidomotosport.hr\\\/it\\\/#website\",\"url\":\"https:\\\/\\\/rapidomotosport.hr\\\/it\\\/\",\"name\":\"Rapido Motosport\",\"description\":\"\",\"potentialAction\":[{\"@type\":\"SearchAction\",\"target\":{\"@type\":\"EntryPoint\",\"urlTemplate\":\"https:\\\/\\\/rapidomotosport.hr\\\/it\\\/?s={search_term_string}\"},\"query-input\":{\"@type\":\"PropertyValueSpecification\",\"valueRequired\":true,\"valueName\":\"search_term_string\"}}],\"inLanguage\":\"it-IT\"}]}<\/script>\n<!-- \/ Yoast SEO plugin. -->","yoast_head_json":{"title":"SUZUKI GSX-1300 R HAYABUSA \u00d6HLINS FGRT UPSIDE DOWN FRONT FORK ROAD & TRACK 2022-2023 - Rapido Motosport","robots":{"index":"index","follow":"follow","max-snippet":"max-snippet:-1","max-image-preview":"max-image-preview:large","max-video-preview":"max-video-preview:-1"},"canonical":"https:\/\/rapidomotosport.hr\/it\/proizvod\/suzuki-gsx-1300-r-hayabusa-ohlins-fgrt-upside-down-front-fork-road-track-2022-2023\/","og_locale":"it_IT","og_type":"article","og_title":"SUZUKI GSX-1300 R HAYABUSA \u00d6HLINS FGRT UPSIDE DOWN FRONT FORK ROAD & TRACK 2022-2023 - Rapido Motosport","og_description":"Nije va\u017eno ide\u0161 li prema naslovu dr\u017eavnog prvenstva u cestovnim utrkama ili vozi\u0161 svoj motocikl omiljenom cestom. Novi Road &amp; Track prednji ovjes pru\u017eit \u0107e ti vrhunske performanse, stabilno prigu\u0161enje i izvanrednu udobnost. Novi Road &amp; Track prednji ovjes sadr\u017ei \u00d6hlins 30 mm Cartridge Kit, pobjedni\u010dki komplet kori\u0161ten u nekoliko nacionalnih superbike prvenstava.  Pode\u0161avanje kompresije i povrata jednostavno se izvodi, pri \u010demu se pode\u0161avanje kompresije nalazi u jednoj nozi vilice, a pode\u0161avanje povrata u drugoj. Novi prednji ovjes donosi veliko pobolj\u0161anje osje\u0107aja prianjanja gume, potpore pri ko\u010denju i ukupne upravljivosti motocikla. Vanjski dizajn je redizajniran kako bi ovaj prednji ovjes bio jo\u0161 atraktivniji.  TEHNI\u010cKI PODACI  Duljina: 725 mm Hod: 120 mm Tvrdo\u0107a opruge N\/mm: 11,0 N\/mm Pozicija: prednja Ugra\u0111ena opruga: 04744-11 Serija opruge: 04744-Serie Preporu\u010deno ulje: 01309 Razina ulja mm: 180 Pakiranje: par","og_url":"https:\/\/rapidomotosport.hr\/it\/proizvod\/suzuki-gsx-1300-r-hayabusa-ohlins-fgrt-upside-down-front-fork-road-track-2022-2023\/","og_site_name":"Rapido Motosport","article_modified_time":"2026-05-09T11:33:29+00:00","og_image":[{"width":2048,"height":1536,"url":"https:\/\/rapidomotosport.hr\/wp-content\/uploads\/2026\/04\/arbo-61.png","type":"image\/png"}],"twitter_card":"summary_large_image","twitter_misc":{"Tempo di lettura stimato":"1 minuto"},"schema":{"@context":"https:\/\/schema.org","@graph":[{"@type":"WebPage","@id":"https:\/\/rapidomotosport.hr\/it\/proizvod\/suzuki-gsx-1300-r-hayabusa-ohlins-fgrt-upside-down-front-fork-road-track-2022-2023\/","url":"https:\/\/rapidomotosport.hr\/it\/proizvod\/suzuki-gsx-1300-r-hayabusa-ohlins-fgrt-upside-down-front-fork-road-track-2022-2023\/","name":"SUZUKI GSX-1300 R HAYABUSA \u00d6HLINS FGRT UPSIDE DOWN FRONT FORK ROAD & TRACK 2022-2023 - Rapido Motosport","isPartOf":{"@id":"https:\/\/rapidomotosport.hr\/it\/#website"},"primaryImageOfPage":{"@id":"https:\/\/rapidomotosport.hr\/it\/proizvod\/suzuki-gsx-1300-r-hayabusa-ohlins-fgrt-upside-down-front-fork-road-track-2022-2023\/#primaryimage"},"image":{"@id":"https:\/\/rapidomotosport.hr\/it\/proizvod\/suzuki-gsx-1300-r-hayabusa-ohlins-fgrt-upside-down-front-fork-road-track-2022-2023\/#primaryimage"},"thumbnailUrl":"https:\/\/rapidomotosport.hr\/wp-content\/uploads\/2026\/04\/arbo-61.png","datePublished":"2026-05-09T11:31:37+00:00","dateModified":"2026-05-09T11:33:29+00:00","breadcrumb":{"@id":"https:\/\/rapidomotosport.hr\/it\/proizvod\/suzuki-gsx-1300-r-hayabusa-ohlins-fgrt-upside-down-front-fork-road-track-2022-2023\/#breadcrumb"},"inLanguage":"it-IT","potentialAction":[{"@type":"ReadAction","target":["https:\/\/rapidomotosport.hr\/it\/proizvod\/suzuki-gsx-1300-r-hayabusa-ohlins-fgrt-upside-down-front-fork-road-track-2022-2023\/"]}]},{"@type":"ImageObject","inLanguage":"it-IT","@id":"https:\/\/rapidomotosport.hr\/it\/proizvod\/suzuki-gsx-1300-r-hayabusa-ohlins-fgrt-upside-down-front-fork-road-track-2022-2023\/#primaryimage","url":"https:\/\/rapidomotosport.hr\/wp-content\/uploads\/2026\/04\/arbo-61.png","contentUrl":"https:\/\/rapidomotosport.hr\/wp-content\/uploads\/2026\/04\/arbo-61.png","width":2048,"height":1536},{"@type":"BreadcrumbList","@id":"https:\/\/rapidomotosport.hr\/it\/proizvod\/suzuki-gsx-1300-r-hayabusa-ohlins-fgrt-upside-down-front-fork-road-track-2022-2023\/#breadcrumb","itemListElement":[{"@type":"ListItem","position":1,"name":"Po\u010detna stranica","item":"https:\/\/rapidomotosport.hr\/it\/"},{"@type":"ListItem","position":2,"name":"Negozio","item":"https:\/\/rapidomotosport.hr\/it\/negozio\/"},{"@type":"ListItem","position":3,"name":"SUZUKI GSX-1300 R HAYABUSA \u00d6HLINS FGRT UPSIDE DOWN FRONT FORK ROAD &#038; TRACK 2022-2023"}]},{"@type":"WebSite","@id":"https:\/\/rapidomotosport.hr\/it\/#website","url":"https:\/\/rapidomotosport.hr\/it\/","name":"Rapido Motosport","description":"","potentialAction":[{"@type":"SearchAction","target":{"@type":"EntryPoint","urlTemplate":"https:\/\/rapidomotosport.hr\/it\/?s={search_term_string}"},"query-input":{"@type":"PropertyValueSpecification","valueRequired":true,"valueName":"search_term_string"}}],"inLanguage":"it-IT"}]}},"_links":{"self":[{"href":"https:\/\/rapidomotosport.hr\/it\/wp-json\/wp\/v2\/product\/55328","targetHints":{"allow":["GET"]}}],"collection":[{"href":"https:\/\/rapidomotosport.hr\/it\/wp-json\/wp\/v2\/product"}],"about":[{"href":"https:\/\/rapidomotosport.hr\/it\/wp-json\/wp\/v2\/types\/product"}],"wp:featuredmedia":[{"embeddable":true,"href":"https:\/\/rapidomotosport.hr\/it\/wp-json\/wp\/v2\/media\/54750"}],"wp:attachment":[{"href":"https:\/\/rapidomotosport.hr\/it\/wp-json\/wp\/v2\/media?parent=55328"}],"wp:term":[{"taxonomy":"product_brand","embeddable":true,"href":"https:\/\/rapidomotosport.hr\/it\/wp-json\/wp\/v2\/product_brand?post=55328"},{"taxonomy":"product_cat","embeddable":true,"href":"https:\/\/rapidomotosport.hr\/it\/wp-json\/wp\/v2\/product_cat?post=55328"},{"taxonomy":"product_tag","embeddable":true,"href":"https:\/\/rapidomotosport.hr\/it\/wp-json\/wp\/v2\/product_tag?post=55328"}],"curies":[{"name":"wp","href":"https:\/\/api.w.org\/{rel}","templated":true}]}}