{"id":55348,"date":"2026-05-09T14:48:26","date_gmt":"2026-05-09T12:48:26","guid":{"rendered":"https:\/\/rapidomotosport.hr\/?post_type=product&#038;p=55348"},"modified":"2026-05-09T14:50:52","modified_gmt":"2026-05-09T12:50:52","slug":"triumph-bonneville-t100-ohlins-stx-36-blackline-shock-absorber-2016-2022","status":"publish","type":"product","link":"https:\/\/rapidomotosport.hr\/it\/proizvod\/triumph-bonneville-t100-ohlins-stx-36-blackline-shock-absorber-2016-2022\/","title":{"rendered":"TRIUMPH BONNEVILLE T100 \u00d6HLINS STX 36 BLACKLINE SHOCK ABSORBER 2016-2022"},"content":{"rendered":"","protected":false},"excerpt":{"rendered":"<p data-start=\"0\" data-end=\"501\">Ne dopustite da vas elegantan vanjski izgled zavara \u2014 na\u0161i STX36 Twin Blackline amortizeri ispunjeni su \u00d6hlinsovom prepoznatljivom kvalitetom i performansama prigu\u0161enja. S velikim izborom tvrdo\u0107a opruga te prilagodljivim postavkama prigu\u0161enja i prednaprezanja, mo\u017eete fino podesiti amortizere prema vlastitom stilu vo\u017enje. Od opu\u0161tene vo\u017enje planinskim cestama do vo\u017enje punim gasom, STX36 Blackline Twin amortizeri namijenjeni su voza\u010dima koji zahtijevaju najbolje u kvaliteti vo\u017enje i performansama.<\/p>\n<p data-start=\"503\" data-end=\"651\">Ova verzija STX36 Blackline twin amortizera posebno je dizajnirana za Triumph Bonneville T100 (2016.\u20132022.) i Triumph Bonneville T120 (2016.\u20132021.).<\/p>\n<p data-start=\"653\" data-end=\"864\">Opremljeni \u00d6hlinsovim provjerenim monotube dizajnom i visokotla\u010dnim sustavom punjenim du\u0161ikom, amortizeri imaju vanjski piggyback spremnik za optimalnu ravnote\u017eu temperature i tlaka u ekstremnim uvjetima vo\u017enje.<\/p>\n<p data-start=\"866\" data-end=\"1273\" data-is-last-node=\"\" data-is-only-node=\"\">Podesivo prigu\u0161enje kompresije i povrata omogu\u0107uje fino pode\u0161avanje amortizera prema va\u0161im voza\u010dkim preferencijama. Prednaprezanje opruge mo\u017ee se pode\u0161avati prilo\u017eenim alatom od aluminijskog bloka kako bi se kompenzirale razlike u te\u017eini, \u010dime se osigurava pravilna geometrija pri svakoj vo\u017enji. Amortizeri su tako\u0111er podesivi po duljini, \u0161to omogu\u0107uje promjenu visine motocikla bez ugro\u017eavanja hoda ovjesa.<\/p>\n<p>TEHNI\u010cKI PODACI<\/p>\n<p>Duljina: 348 +10 mm<br \/>\nHod: 99 mm<br \/>\nTvrdo\u0107a opruge N\/mm: progresivna 15\u201324 N\/mm<br \/>\nPozicija: stra\u017enja<br \/>\nUgra\u0111ena opruga: 60480-51<br \/>\nPakiranje: par<\/p>\n","protected":false},"featured_media":55349,"template":"","meta":[],"product_brand":[],"product_cat":[1254],"product_tag":[],"class_list":{"0":"post-55348","1":"product","2":"type-product","3":"status-publish","4":"has-post-thumbnail","6":"product_cat-ohlins","8":"first","9":"instock","10":"sale","11":"shipping-taxable","12":"purchasable","13":"product-type-simple"},"yoast_head":"<!-- This site is optimized with the Yoast SEO plugin v27.5 - https:\/\/yoast.com\/product\/yoast-seo-wordpress\/ -->\n<title>TRIUMPH BONNEVILLE T100 \u00d6HLINS STX 36 BLACKLINE SHOCK ABSORBER 2016-2022 - Rapido Motosport<\/title>\n<meta name=\"robots\" content=\"index, follow, max-snippet:-1, max-image-preview:large, max-video-preview:-1\" \/>\n<link rel=\"canonical\" href=\"https:\/\/rapidomotosport.hr\/it\/proizvod\/triumph-bonneville-t100-ohlins-stx-36-blackline-shock-absorber-2016-2022\/\" \/>\n<meta property=\"og:locale\" content=\"it_IT\" \/>\n<meta property=\"og:type\" content=\"article\" \/>\n<meta property=\"og:title\" content=\"TRIUMPH BONNEVILLE T100 \u00d6HLINS STX 36 BLACKLINE SHOCK ABSORBER 2016-2022 - Rapido Motosport\" \/>\n<meta property=\"og:description\" content=\"Ne dopustite da vas elegantan vanjski izgled zavara \u2014 na\u0161i STX36 Twin Blackline amortizeri ispunjeni su \u00d6hlinsovom prepoznatljivom kvalitetom i performansama prigu\u0161enja. S velikim izborom tvrdo\u0107a opruga te prilagodljivim postavkama prigu\u0161enja i prednaprezanja, mo\u017eete fino podesiti amortizere prema vlastitom stilu vo\u017enje. Od opu\u0161tene vo\u017enje planinskim cestama do vo\u017enje punim gasom, STX36 Blackline Twin amortizeri namijenjeni su voza\u010dima koji zahtijevaju najbolje u kvaliteti vo\u017enje i performansama. Ova verzija STX36 Blackline twin amortizera posebno je dizajnirana za Triumph Bonneville T100 (2016.\u20132022.) i Triumph Bonneville T120 (2016.\u20132021.). Opremljeni \u00d6hlinsovim provjerenim monotube dizajnom i visokotla\u010dnim sustavom punjenim du\u0161ikom, amortizeri imaju vanjski piggyback spremnik za optimalnu ravnote\u017eu temperature i tlaka u ekstremnim uvjetima vo\u017enje. Podesivo prigu\u0161enje kompresije i povrata omogu\u0107uje fino pode\u0161avanje amortizera prema va\u0161im voza\u010dkim preferencijama. Prednaprezanje opruge mo\u017ee se pode\u0161avati prilo\u017eenim alatom od aluminijskog bloka kako bi se kompenzirale razlike u te\u017eini, \u010dime se osigurava pravilna geometrija pri svakoj vo\u017enji. Amortizeri su tako\u0111er podesivi po duljini, \u0161to omogu\u0107uje promjenu visine motocikla bez ugro\u017eavanja hoda ovjesa. TEHNI\u010cKI PODACI  Duljina: 348 +10 mm Hod: 99 mm Tvrdo\u0107a opruge N\/mm: progresivna 15\u201324 N\/mm Pozicija: stra\u017enja Ugra\u0111ena opruga: 60480-51 Pakiranje: par\" \/>\n<meta property=\"og:url\" content=\"https:\/\/rapidomotosport.hr\/it\/proizvod\/triumph-bonneville-t100-ohlins-stx-36-blackline-shock-absorber-2016-2022\/\" \/>\n<meta property=\"og:site_name\" content=\"Rapido Motosport\" \/>\n<meta property=\"article:modified_time\" content=\"2026-05-09T12:50:52+00:00\" \/>\n<meta property=\"og:image\" content=\"https:\/\/rapidomotosport.hr\/wp-content\/uploads\/2026\/05\/arbo-2-14.png\" \/>\n\t<meta property=\"og:image:width\" content=\"2048\" \/>\n\t<meta property=\"og:image:height\" content=\"1536\" \/>\n\t<meta property=\"og:image:type\" content=\"image\/png\" \/>\n<meta name=\"twitter:card\" content=\"summary_large_image\" \/>\n<script type=\"application\/ld+json\" class=\"yoast-schema-graph\">{\"@context\":\"https:\\\/\\\/schema.org\",\"@graph\":[{\"@type\":\"WebPage\",\"@id\":\"https:\\\/\\\/rapidomotosport.hr\\\/it\\\/proizvod\\\/triumph-bonneville-t100-ohlins-stx-36-blackline-shock-absorber-2016-2022\\\/\",\"url\":\"https:\\\/\\\/rapidomotosport.hr\\\/it\\\/proizvod\\\/triumph-bonneville-t100-ohlins-stx-36-blackline-shock-absorber-2016-2022\\\/\",\"name\":\"TRIUMPH BONNEVILLE T100 \u00d6HLINS STX 36 BLACKLINE SHOCK ABSORBER 2016-2022 - Rapido Motosport\",\"isPartOf\":{\"@id\":\"https:\\\/\\\/rapidomotosport.hr\\\/it\\\/#website\"},\"primaryImageOfPage\":{\"@id\":\"https:\\\/\\\/rapidomotosport.hr\\\/it\\\/proizvod\\\/triumph-bonneville-t100-ohlins-stx-36-blackline-shock-absorber-2016-2022\\\/#primaryimage\"},\"image\":{\"@id\":\"https:\\\/\\\/rapidomotosport.hr\\\/it\\\/proizvod\\\/triumph-bonneville-t100-ohlins-stx-36-blackline-shock-absorber-2016-2022\\\/#primaryimage\"},\"thumbnailUrl\":\"https:\\\/\\\/rapidomotosport.hr\\\/wp-content\\\/uploads\\\/2026\\\/05\\\/arbo-2-14.png\",\"datePublished\":\"2026-05-09T12:48:26+00:00\",\"dateModified\":\"2026-05-09T12:50:52+00:00\",\"breadcrumb\":{\"@id\":\"https:\\\/\\\/rapidomotosport.hr\\\/it\\\/proizvod\\\/triumph-bonneville-t100-ohlins-stx-36-blackline-shock-absorber-2016-2022\\\/#breadcrumb\"},\"inLanguage\":\"it-IT\",\"potentialAction\":[{\"@type\":\"ReadAction\",\"target\":[\"https:\\\/\\\/rapidomotosport.hr\\\/it\\\/proizvod\\\/triumph-bonneville-t100-ohlins-stx-36-blackline-shock-absorber-2016-2022\\\/\"]}]},{\"@type\":\"ImageObject\",\"inLanguage\":\"it-IT\",\"@id\":\"https:\\\/\\\/rapidomotosport.hr\\\/it\\\/proizvod\\\/triumph-bonneville-t100-ohlins-stx-36-blackline-shock-absorber-2016-2022\\\/#primaryimage\",\"url\":\"https:\\\/\\\/rapidomotosport.hr\\\/wp-content\\\/uploads\\\/2026\\\/05\\\/arbo-2-14.png\",\"contentUrl\":\"https:\\\/\\\/rapidomotosport.hr\\\/wp-content\\\/uploads\\\/2026\\\/05\\\/arbo-2-14.png\",\"width\":2048,\"height\":1536},{\"@type\":\"BreadcrumbList\",\"@id\":\"https:\\\/\\\/rapidomotosport.hr\\\/it\\\/proizvod\\\/triumph-bonneville-t100-ohlins-stx-36-blackline-shock-absorber-2016-2022\\\/#breadcrumb\",\"itemListElement\":[{\"@type\":\"ListItem\",\"position\":1,\"name\":\"Po\u010detna stranica\",\"item\":\"https:\\\/\\\/rapidomotosport.hr\\\/it\\\/\"},{\"@type\":\"ListItem\",\"position\":2,\"name\":\"Negozio\",\"item\":\"https:\\\/\\\/rapidomotosport.hr\\\/it\\\/negozio\\\/\"},{\"@type\":\"ListItem\",\"position\":3,\"name\":\"TRIUMPH BONNEVILLE T100 \u00d6HLINS STX 36 BLACKLINE SHOCK ABSORBER 2016-2022\"}]},{\"@type\":\"WebSite\",\"@id\":\"https:\\\/\\\/rapidomotosport.hr\\\/it\\\/#website\",\"url\":\"https:\\\/\\\/rapidomotosport.hr\\\/it\\\/\",\"name\":\"Rapido Motosport\",\"description\":\"\",\"potentialAction\":[{\"@type\":\"SearchAction\",\"target\":{\"@type\":\"EntryPoint\",\"urlTemplate\":\"https:\\\/\\\/rapidomotosport.hr\\\/it\\\/?s={search_term_string}\"},\"query-input\":{\"@type\":\"PropertyValueSpecification\",\"valueRequired\":true,\"valueName\":\"search_term_string\"}}],\"inLanguage\":\"it-IT\"}]}<\/script>\n<!-- \/ Yoast SEO plugin. -->","yoast_head_json":{"title":"TRIUMPH BONNEVILLE T100 \u00d6HLINS STX 36 BLACKLINE SHOCK ABSORBER 2016-2022 - Rapido Motosport","robots":{"index":"index","follow":"follow","max-snippet":"max-snippet:-1","max-image-preview":"max-image-preview:large","max-video-preview":"max-video-preview:-1"},"canonical":"https:\/\/rapidomotosport.hr\/it\/proizvod\/triumph-bonneville-t100-ohlins-stx-36-blackline-shock-absorber-2016-2022\/","og_locale":"it_IT","og_type":"article","og_title":"TRIUMPH BONNEVILLE T100 \u00d6HLINS STX 36 BLACKLINE SHOCK ABSORBER 2016-2022 - Rapido Motosport","og_description":"Ne dopustite da vas elegantan vanjski izgled zavara \u2014 na\u0161i STX36 Twin Blackline amortizeri ispunjeni su \u00d6hlinsovom prepoznatljivom kvalitetom i performansama prigu\u0161enja. S velikim izborom tvrdo\u0107a opruga te prilagodljivim postavkama prigu\u0161enja i prednaprezanja, mo\u017eete fino podesiti amortizere prema vlastitom stilu vo\u017enje. Od opu\u0161tene vo\u017enje planinskim cestama do vo\u017enje punim gasom, STX36 Blackline Twin amortizeri namijenjeni su voza\u010dima koji zahtijevaju najbolje u kvaliteti vo\u017enje i performansama. Ova verzija STX36 Blackline twin amortizera posebno je dizajnirana za Triumph Bonneville T100 (2016.\u20132022.) i Triumph Bonneville T120 (2016.\u20132021.). Opremljeni \u00d6hlinsovim provjerenim monotube dizajnom i visokotla\u010dnim sustavom punjenim du\u0161ikom, amortizeri imaju vanjski piggyback spremnik za optimalnu ravnote\u017eu temperature i tlaka u ekstremnim uvjetima vo\u017enje. Podesivo prigu\u0161enje kompresije i povrata omogu\u0107uje fino pode\u0161avanje amortizera prema va\u0161im voza\u010dkim preferencijama. Prednaprezanje opruge mo\u017ee se pode\u0161avati prilo\u017eenim alatom od aluminijskog bloka kako bi se kompenzirale razlike u te\u017eini, \u010dime se osigurava pravilna geometrija pri svakoj vo\u017enji. Amortizeri su tako\u0111er podesivi po duljini, \u0161to omogu\u0107uje promjenu visine motocikla bez ugro\u017eavanja hoda ovjesa. TEHNI\u010cKI PODACI  Duljina: 348 +10 mm Hod: 99 mm Tvrdo\u0107a opruge N\/mm: progresivna 15\u201324 N\/mm Pozicija: stra\u017enja Ugra\u0111ena opruga: 60480-51 Pakiranje: par","og_url":"https:\/\/rapidomotosport.hr\/it\/proizvod\/triumph-bonneville-t100-ohlins-stx-36-blackline-shock-absorber-2016-2022\/","og_site_name":"Rapido Motosport","article_modified_time":"2026-05-09T12:50:52+00:00","og_image":[{"width":2048,"height":1536,"url":"https:\/\/rapidomotosport.hr\/wp-content\/uploads\/2026\/05\/arbo-2-14.png","type":"image\/png"}],"twitter_card":"summary_large_image","schema":{"@context":"https:\/\/schema.org","@graph":[{"@type":"WebPage","@id":"https:\/\/rapidomotosport.hr\/it\/proizvod\/triumph-bonneville-t100-ohlins-stx-36-blackline-shock-absorber-2016-2022\/","url":"https:\/\/rapidomotosport.hr\/it\/proizvod\/triumph-bonneville-t100-ohlins-stx-36-blackline-shock-absorber-2016-2022\/","name":"TRIUMPH BONNEVILLE T100 \u00d6HLINS STX 36 BLACKLINE SHOCK ABSORBER 2016-2022 - Rapido Motosport","isPartOf":{"@id":"https:\/\/rapidomotosport.hr\/it\/#website"},"primaryImageOfPage":{"@id":"https:\/\/rapidomotosport.hr\/it\/proizvod\/triumph-bonneville-t100-ohlins-stx-36-blackline-shock-absorber-2016-2022\/#primaryimage"},"image":{"@id":"https:\/\/rapidomotosport.hr\/it\/proizvod\/triumph-bonneville-t100-ohlins-stx-36-blackline-shock-absorber-2016-2022\/#primaryimage"},"thumbnailUrl":"https:\/\/rapidomotosport.hr\/wp-content\/uploads\/2026\/05\/arbo-2-14.png","datePublished":"2026-05-09T12:48:26+00:00","dateModified":"2026-05-09T12:50:52+00:00","breadcrumb":{"@id":"https:\/\/rapidomotosport.hr\/it\/proizvod\/triumph-bonneville-t100-ohlins-stx-36-blackline-shock-absorber-2016-2022\/#breadcrumb"},"inLanguage":"it-IT","potentialAction":[{"@type":"ReadAction","target":["https:\/\/rapidomotosport.hr\/it\/proizvod\/triumph-bonneville-t100-ohlins-stx-36-blackline-shock-absorber-2016-2022\/"]}]},{"@type":"ImageObject","inLanguage":"it-IT","@id":"https:\/\/rapidomotosport.hr\/it\/proizvod\/triumph-bonneville-t100-ohlins-stx-36-blackline-shock-absorber-2016-2022\/#primaryimage","url":"https:\/\/rapidomotosport.hr\/wp-content\/uploads\/2026\/05\/arbo-2-14.png","contentUrl":"https:\/\/rapidomotosport.hr\/wp-content\/uploads\/2026\/05\/arbo-2-14.png","width":2048,"height":1536},{"@type":"BreadcrumbList","@id":"https:\/\/rapidomotosport.hr\/it\/proizvod\/triumph-bonneville-t100-ohlins-stx-36-blackline-shock-absorber-2016-2022\/#breadcrumb","itemListElement":[{"@type":"ListItem","position":1,"name":"Po\u010detna stranica","item":"https:\/\/rapidomotosport.hr\/it\/"},{"@type":"ListItem","position":2,"name":"Negozio","item":"https:\/\/rapidomotosport.hr\/it\/negozio\/"},{"@type":"ListItem","position":3,"name":"TRIUMPH BONNEVILLE T100 \u00d6HLINS STX 36 BLACKLINE SHOCK ABSORBER 2016-2022"}]},{"@type":"WebSite","@id":"https:\/\/rapidomotosport.hr\/it\/#website","url":"https:\/\/rapidomotosport.hr\/it\/","name":"Rapido Motosport","description":"","potentialAction":[{"@type":"SearchAction","target":{"@type":"EntryPoint","urlTemplate":"https:\/\/rapidomotosport.hr\/it\/?s={search_term_string}"},"query-input":{"@type":"PropertyValueSpecification","valueRequired":true,"valueName":"search_term_string"}}],"inLanguage":"it-IT"}]}},"_links":{"self":[{"href":"https:\/\/rapidomotosport.hr\/it\/wp-json\/wp\/v2\/product\/55348","targetHints":{"allow":["GET"]}}],"collection":[{"href":"https:\/\/rapidomotosport.hr\/it\/wp-json\/wp\/v2\/product"}],"about":[{"href":"https:\/\/rapidomotosport.hr\/it\/wp-json\/wp\/v2\/types\/product"}],"wp:featuredmedia":[{"embeddable":true,"href":"https:\/\/rapidomotosport.hr\/it\/wp-json\/wp\/v2\/media\/55349"}],"wp:attachment":[{"href":"https:\/\/rapidomotosport.hr\/it\/wp-json\/wp\/v2\/media?parent=55348"}],"wp:term":[{"taxonomy":"product_brand","embeddable":true,"href":"https:\/\/rapidomotosport.hr\/it\/wp-json\/wp\/v2\/product_brand?post=55348"},{"taxonomy":"product_cat","embeddable":true,"href":"https:\/\/rapidomotosport.hr\/it\/wp-json\/wp\/v2\/product_cat?post=55348"},{"taxonomy":"product_tag","embeddable":true,"href":"https:\/\/rapidomotosport.hr\/it\/wp-json\/wp\/v2\/product_tag?post=55348"}],"curies":[{"name":"wp","href":"https:\/\/api.w.org\/{rel}","templated":true}]}}