{"id":55360,"date":"2026-05-09T15:29:06","date_gmt":"2026-05-09T13:29:06","guid":{"rendered":"https:\/\/rapidomotosport.hr\/?post_type=product&#038;p=55360"},"modified":"2026-05-09T15:29:19","modified_gmt":"2026-05-09T13:29:19","slug":"triumph-daytona-660-ohlins-nix-30-cartridge-kit-2024-2025","status":"publish","type":"product","link":"https:\/\/rapidomotosport.hr\/it\/proizvod\/triumph-daytona-660-ohlins-nix-30-cartridge-kit-2024-2025\/","title":{"rendered":"TRIUMPH DAYTONA 660 \u00d6HLINS NIX 30 CARTRIDGE KIT 2024-2025"},"content":{"rendered":"","protected":false},"excerpt":{"rendered":"<p>\u00d6hlins NIX 30 prednji cartridge kit temelji se na iskustvu ste\u010denom u me\u0111unarodnim Supersport i Superstock prvenstvima. Nije va\u017eno ciljate li na naslov nacionalnog cestovnog prvenstva ili svoj motocikl vodite na lokalnu trka\u0107u stazu. Ovaj cartridge kit pru\u017eit \u0107e vam visoku razinu performansi, stabilne karakteristike prigu\u0161enja i izvrsnu udobnost.<\/p>\n<p>\u00d6hlins cartridge kit ima jedinstveni dizajn s kompresijskim prigu\u0161enjem i pode\u0161avanjem u lijevoj nozi vilice te prigu\u0161enjem povrata i pode\u0161avanjem u desnoj nozi vilice \u2013 odnosno sva se pode\u0161avanja, uklju\u010duju\u0107i prednaprezanje opruge, izvode na gornjem dijelu vilice. Sustav cartridge kita u ve\u0107ini slu\u010dajeva se ugra\u0111uje direktno (bolt-on) u standardne prednje vilice superbike motocikala.<\/p>\n<p>TEHNI\u010cKI PODACI<\/p>\n<p>Pozicija: prednja<br \/>\nSerija opruge: 08790-Serie<br \/>\nPreporu\u010deno ulje: 01309<br \/>\nRazina ulja mm: 170<br \/>\nPakiranje: par<\/p>\n","protected":false},"featured_media":54871,"template":"","meta":[],"product_brand":[],"product_cat":[1254],"product_tag":[],"class_list":{"0":"post-55360","1":"product","2":"type-product","3":"status-publish","4":"has-post-thumbnail","6":"product_cat-ohlins","8":"first","9":"instock","10":"sale","11":"shipping-taxable","12":"purchasable","13":"product-type-simple"},"yoast_head":"<!-- This site is optimized with the Yoast SEO plugin v27.5 - https:\/\/yoast.com\/product\/yoast-seo-wordpress\/ -->\n<title>TRIUMPH DAYTONA 660 \u00d6HLINS NIX 30 CARTRIDGE KIT 2024-2025 - Rapido Motosport<\/title>\n<meta name=\"robots\" content=\"index, follow, max-snippet:-1, max-image-preview:large, max-video-preview:-1\" \/>\n<link rel=\"canonical\" href=\"https:\/\/rapidomotosport.hr\/it\/proizvod\/triumph-daytona-660-ohlins-nix-30-cartridge-kit-2024-2025\/\" \/>\n<meta property=\"og:locale\" content=\"it_IT\" \/>\n<meta property=\"og:type\" content=\"article\" \/>\n<meta property=\"og:title\" content=\"TRIUMPH DAYTONA 660 \u00d6HLINS NIX 30 CARTRIDGE KIT 2024-2025 - Rapido Motosport\" \/>\n<meta property=\"og:description\" content=\"\u00d6hlins NIX 30 prednji cartridge kit temelji se na iskustvu ste\u010denom u me\u0111unarodnim Supersport i Superstock prvenstvima. Nije va\u017eno ciljate li na naslov nacionalnog cestovnog prvenstva ili svoj motocikl vodite na lokalnu trka\u0107u stazu. Ovaj cartridge kit pru\u017eit \u0107e vam visoku razinu performansi, stabilne karakteristike prigu\u0161enja i izvrsnu udobnost.  \u00d6hlins cartridge kit ima jedinstveni dizajn s kompresijskim prigu\u0161enjem i pode\u0161avanjem u lijevoj nozi vilice te prigu\u0161enjem povrata i pode\u0161avanjem u desnoj nozi vilice \u2013 odnosno sva se pode\u0161avanja, uklju\u010duju\u0107i prednaprezanje opruge, izvode na gornjem dijelu vilice. Sustav cartridge kita u ve\u0107ini slu\u010dajeva se ugra\u0111uje direktno (bolt-on) u standardne prednje vilice superbike motocikala.  TEHNI\u010cKI PODACI  Pozicija: prednja Serija opruge: 08790-Serie Preporu\u010deno ulje: 01309 Razina ulja mm: 170 Pakiranje: par\" \/>\n<meta property=\"og:url\" content=\"https:\/\/rapidomotosport.hr\/it\/proizvod\/triumph-daytona-660-ohlins-nix-30-cartridge-kit-2024-2025\/\" \/>\n<meta property=\"og:site_name\" content=\"Rapido Motosport\" \/>\n<meta property=\"article:modified_time\" content=\"2026-05-09T13:29:19+00:00\" \/>\n<meta property=\"og:image\" content=\"https:\/\/rapidomotosport.hr\/wp-content\/uploads\/2026\/04\/arbo-78.png\" \/>\n\t<meta property=\"og:image:width\" content=\"2048\" \/>\n\t<meta property=\"og:image:height\" content=\"1536\" \/>\n\t<meta property=\"og:image:type\" content=\"image\/png\" \/>\n<meta name=\"twitter:card\" content=\"summary_large_image\" \/>\n<meta name=\"twitter:label1\" content=\"Tempo di lettura stimato\" \/>\n\t<meta name=\"twitter:data1\" content=\"1 minuto\" \/>\n<script type=\"application\/ld+json\" class=\"yoast-schema-graph\">{\"@context\":\"https:\\\/\\\/schema.org\",\"@graph\":[{\"@type\":\"WebPage\",\"@id\":\"https:\\\/\\\/rapidomotosport.hr\\\/it\\\/proizvod\\\/triumph-daytona-660-ohlins-nix-30-cartridge-kit-2024-2025\\\/\",\"url\":\"https:\\\/\\\/rapidomotosport.hr\\\/it\\\/proizvod\\\/triumph-daytona-660-ohlins-nix-30-cartridge-kit-2024-2025\\\/\",\"name\":\"TRIUMPH DAYTONA 660 \u00d6HLINS NIX 30 CARTRIDGE KIT 2024-2025 - Rapido Motosport\",\"isPartOf\":{\"@id\":\"https:\\\/\\\/rapidomotosport.hr\\\/it\\\/#website\"},\"primaryImageOfPage\":{\"@id\":\"https:\\\/\\\/rapidomotosport.hr\\\/it\\\/proizvod\\\/triumph-daytona-660-ohlins-nix-30-cartridge-kit-2024-2025\\\/#primaryimage\"},\"image\":{\"@id\":\"https:\\\/\\\/rapidomotosport.hr\\\/it\\\/proizvod\\\/triumph-daytona-660-ohlins-nix-30-cartridge-kit-2024-2025\\\/#primaryimage\"},\"thumbnailUrl\":\"https:\\\/\\\/rapidomotosport.hr\\\/wp-content\\\/uploads\\\/2026\\\/04\\\/arbo-78.png\",\"datePublished\":\"2026-05-09T13:29:06+00:00\",\"dateModified\":\"2026-05-09T13:29:19+00:00\",\"breadcrumb\":{\"@id\":\"https:\\\/\\\/rapidomotosport.hr\\\/it\\\/proizvod\\\/triumph-daytona-660-ohlins-nix-30-cartridge-kit-2024-2025\\\/#breadcrumb\"},\"inLanguage\":\"it-IT\",\"potentialAction\":[{\"@type\":\"ReadAction\",\"target\":[\"https:\\\/\\\/rapidomotosport.hr\\\/it\\\/proizvod\\\/triumph-daytona-660-ohlins-nix-30-cartridge-kit-2024-2025\\\/\"]}]},{\"@type\":\"ImageObject\",\"inLanguage\":\"it-IT\",\"@id\":\"https:\\\/\\\/rapidomotosport.hr\\\/it\\\/proizvod\\\/triumph-daytona-660-ohlins-nix-30-cartridge-kit-2024-2025\\\/#primaryimage\",\"url\":\"https:\\\/\\\/rapidomotosport.hr\\\/wp-content\\\/uploads\\\/2026\\\/04\\\/arbo-78.png\",\"contentUrl\":\"https:\\\/\\\/rapidomotosport.hr\\\/wp-content\\\/uploads\\\/2026\\\/04\\\/arbo-78.png\",\"width\":2048,\"height\":1536},{\"@type\":\"BreadcrumbList\",\"@id\":\"https:\\\/\\\/rapidomotosport.hr\\\/it\\\/proizvod\\\/triumph-daytona-660-ohlins-nix-30-cartridge-kit-2024-2025\\\/#breadcrumb\",\"itemListElement\":[{\"@type\":\"ListItem\",\"position\":1,\"name\":\"Po\u010detna stranica\",\"item\":\"https:\\\/\\\/rapidomotosport.hr\\\/it\\\/\"},{\"@type\":\"ListItem\",\"position\":2,\"name\":\"Negozio\",\"item\":\"https:\\\/\\\/rapidomotosport.hr\\\/it\\\/negozio\\\/\"},{\"@type\":\"ListItem\",\"position\":3,\"name\":\"TRIUMPH DAYTONA 660 \u00d6HLINS NIX 30 CARTRIDGE KIT 2024-2025\"}]},{\"@type\":\"WebSite\",\"@id\":\"https:\\\/\\\/rapidomotosport.hr\\\/it\\\/#website\",\"url\":\"https:\\\/\\\/rapidomotosport.hr\\\/it\\\/\",\"name\":\"Rapido Motosport\",\"description\":\"\",\"potentialAction\":[{\"@type\":\"SearchAction\",\"target\":{\"@type\":\"EntryPoint\",\"urlTemplate\":\"https:\\\/\\\/rapidomotosport.hr\\\/it\\\/?s={search_term_string}\"},\"query-input\":{\"@type\":\"PropertyValueSpecification\",\"valueRequired\":true,\"valueName\":\"search_term_string\"}}],\"inLanguage\":\"it-IT\"}]}<\/script>\n<!-- \/ Yoast SEO plugin. -->","yoast_head_json":{"title":"TRIUMPH DAYTONA 660 \u00d6HLINS NIX 30 CARTRIDGE KIT 2024-2025 - Rapido Motosport","robots":{"index":"index","follow":"follow","max-snippet":"max-snippet:-1","max-image-preview":"max-image-preview:large","max-video-preview":"max-video-preview:-1"},"canonical":"https:\/\/rapidomotosport.hr\/it\/proizvod\/triumph-daytona-660-ohlins-nix-30-cartridge-kit-2024-2025\/","og_locale":"it_IT","og_type":"article","og_title":"TRIUMPH DAYTONA 660 \u00d6HLINS NIX 30 CARTRIDGE KIT 2024-2025 - Rapido Motosport","og_description":"\u00d6hlins NIX 30 prednji cartridge kit temelji se na iskustvu ste\u010denom u me\u0111unarodnim Supersport i Superstock prvenstvima. Nije va\u017eno ciljate li na naslov nacionalnog cestovnog prvenstva ili svoj motocikl vodite na lokalnu trka\u0107u stazu. Ovaj cartridge kit pru\u017eit \u0107e vam visoku razinu performansi, stabilne karakteristike prigu\u0161enja i izvrsnu udobnost.  \u00d6hlins cartridge kit ima jedinstveni dizajn s kompresijskim prigu\u0161enjem i pode\u0161avanjem u lijevoj nozi vilice te prigu\u0161enjem povrata i pode\u0161avanjem u desnoj nozi vilice \u2013 odnosno sva se pode\u0161avanja, uklju\u010duju\u0107i prednaprezanje opruge, izvode na gornjem dijelu vilice. Sustav cartridge kita u ve\u0107ini slu\u010dajeva se ugra\u0111uje direktno (bolt-on) u standardne prednje vilice superbike motocikala.  TEHNI\u010cKI PODACI  Pozicija: prednja Serija opruge: 08790-Serie Preporu\u010deno ulje: 01309 Razina ulja mm: 170 Pakiranje: par","og_url":"https:\/\/rapidomotosport.hr\/it\/proizvod\/triumph-daytona-660-ohlins-nix-30-cartridge-kit-2024-2025\/","og_site_name":"Rapido Motosport","article_modified_time":"2026-05-09T13:29:19+00:00","og_image":[{"width":2048,"height":1536,"url":"https:\/\/rapidomotosport.hr\/wp-content\/uploads\/2026\/04\/arbo-78.png","type":"image\/png"}],"twitter_card":"summary_large_image","twitter_misc":{"Tempo di lettura stimato":"1 minuto"},"schema":{"@context":"https:\/\/schema.org","@graph":[{"@type":"WebPage","@id":"https:\/\/rapidomotosport.hr\/it\/proizvod\/triumph-daytona-660-ohlins-nix-30-cartridge-kit-2024-2025\/","url":"https:\/\/rapidomotosport.hr\/it\/proizvod\/triumph-daytona-660-ohlins-nix-30-cartridge-kit-2024-2025\/","name":"TRIUMPH DAYTONA 660 \u00d6HLINS NIX 30 CARTRIDGE KIT 2024-2025 - Rapido Motosport","isPartOf":{"@id":"https:\/\/rapidomotosport.hr\/it\/#website"},"primaryImageOfPage":{"@id":"https:\/\/rapidomotosport.hr\/it\/proizvod\/triumph-daytona-660-ohlins-nix-30-cartridge-kit-2024-2025\/#primaryimage"},"image":{"@id":"https:\/\/rapidomotosport.hr\/it\/proizvod\/triumph-daytona-660-ohlins-nix-30-cartridge-kit-2024-2025\/#primaryimage"},"thumbnailUrl":"https:\/\/rapidomotosport.hr\/wp-content\/uploads\/2026\/04\/arbo-78.png","datePublished":"2026-05-09T13:29:06+00:00","dateModified":"2026-05-09T13:29:19+00:00","breadcrumb":{"@id":"https:\/\/rapidomotosport.hr\/it\/proizvod\/triumph-daytona-660-ohlins-nix-30-cartridge-kit-2024-2025\/#breadcrumb"},"inLanguage":"it-IT","potentialAction":[{"@type":"ReadAction","target":["https:\/\/rapidomotosport.hr\/it\/proizvod\/triumph-daytona-660-ohlins-nix-30-cartridge-kit-2024-2025\/"]}]},{"@type":"ImageObject","inLanguage":"it-IT","@id":"https:\/\/rapidomotosport.hr\/it\/proizvod\/triumph-daytona-660-ohlins-nix-30-cartridge-kit-2024-2025\/#primaryimage","url":"https:\/\/rapidomotosport.hr\/wp-content\/uploads\/2026\/04\/arbo-78.png","contentUrl":"https:\/\/rapidomotosport.hr\/wp-content\/uploads\/2026\/04\/arbo-78.png","width":2048,"height":1536},{"@type":"BreadcrumbList","@id":"https:\/\/rapidomotosport.hr\/it\/proizvod\/triumph-daytona-660-ohlins-nix-30-cartridge-kit-2024-2025\/#breadcrumb","itemListElement":[{"@type":"ListItem","position":1,"name":"Po\u010detna stranica","item":"https:\/\/rapidomotosport.hr\/it\/"},{"@type":"ListItem","position":2,"name":"Negozio","item":"https:\/\/rapidomotosport.hr\/it\/negozio\/"},{"@type":"ListItem","position":3,"name":"TRIUMPH DAYTONA 660 \u00d6HLINS NIX 30 CARTRIDGE KIT 2024-2025"}]},{"@type":"WebSite","@id":"https:\/\/rapidomotosport.hr\/it\/#website","url":"https:\/\/rapidomotosport.hr\/it\/","name":"Rapido Motosport","description":"","potentialAction":[{"@type":"SearchAction","target":{"@type":"EntryPoint","urlTemplate":"https:\/\/rapidomotosport.hr\/it\/?s={search_term_string}"},"query-input":{"@type":"PropertyValueSpecification","valueRequired":true,"valueName":"search_term_string"}}],"inLanguage":"it-IT"}]}},"_links":{"self":[{"href":"https:\/\/rapidomotosport.hr\/it\/wp-json\/wp\/v2\/product\/55360","targetHints":{"allow":["GET"]}}],"collection":[{"href":"https:\/\/rapidomotosport.hr\/it\/wp-json\/wp\/v2\/product"}],"about":[{"href":"https:\/\/rapidomotosport.hr\/it\/wp-json\/wp\/v2\/types\/product"}],"wp:featuredmedia":[{"embeddable":true,"href":"https:\/\/rapidomotosport.hr\/it\/wp-json\/wp\/v2\/media\/54871"}],"wp:attachment":[{"href":"https:\/\/rapidomotosport.hr\/it\/wp-json\/wp\/v2\/media?parent=55360"}],"wp:term":[{"taxonomy":"product_brand","embeddable":true,"href":"https:\/\/rapidomotosport.hr\/it\/wp-json\/wp\/v2\/product_brand?post=55360"},{"taxonomy":"product_cat","embeddable":true,"href":"https:\/\/rapidomotosport.hr\/it\/wp-json\/wp\/v2\/product_cat?post=55360"},{"taxonomy":"product_tag","embeddable":true,"href":"https:\/\/rapidomotosport.hr\/it\/wp-json\/wp\/v2\/product_tag?post=55360"}],"curies":[{"name":"wp","href":"https:\/\/api.w.org\/{rel}","templated":true}]}}