{"id":55361,"date":"2026-05-09T15:37:05","date_gmt":"2026-05-09T13:37:05","guid":{"rendered":"https:\/\/rapidomotosport.hr\/?post_type=product&#038;p=55361"},"modified":"2026-05-09T15:37:18","modified_gmt":"2026-05-09T13:37:18","slug":"triumph-daytona-675-ohlins-ttx-gp-shock-absorber-2013-2018","status":"publish","type":"product","link":"https:\/\/rapidomotosport.hr\/it\/proizvod\/triumph-daytona-675-ohlins-ttx-gp-shock-absorber-2013-2018\/","title":{"rendered":"TRIUMPH DAYTONA 675 \u00d6HLINS TTX GP SHOCK ABSORBER 2013-2018"},"content":{"rendered":"","protected":false},"excerpt":{"rendered":"<p>Na temelju performansi va\u0161eg motocikla, njegove cijene i raspolo\u017eivog prostora za ugradnju, dizajnirali smo amortizer za koji smatramo da mu najbolje odgovara, kako u pogledu cijene tako i performansi. Prvo odabiremo tip koji zatim posebno prilago\u0111avamo va\u0161em konkretnom motociklu. Osnovna postavka, dizajn shim paketa i kalibracija pode\u0161iva\u010da testirani su na cesti i na stazi. To su rezultati stvarnih testiranja s va\u0161im motociklom, bez naga\u0111anja!<\/p>\n<p>\u00d6hlins proizvodi vi\u0161e od 300 razli\u010ditih modela amortizera, a svaki model je izra\u0111en po mjeri za jedan konkretan motocikl. Koncept svih \u00d6hlins proizvoda nije tajna \u2013 to je preciznost. Preciznost omogu\u0107uje vrhunsku kontrolu sile prigu\u0161enja i klju\u010d je na\u0161eg uspjeha.<\/p>\n<p>TEHNI\u010cKI PODACI<\/p>\n<p>Duljina: 295,5 +5,5\/-0,5 mm<br \/>\nHod: 60 mm<br \/>\nTvrdo\u0107a opruge N\/mm: 100 N\/mm<br \/>\nPozicija: stra\u017enja<br \/>\nUgra\u0111ena opruga: 21040-34<br \/>\nPakiranje: komadi<\/p>\n","protected":false},"featured_media":54773,"template":"","meta":[],"product_brand":[],"product_cat":[1254],"product_tag":[],"class_list":{"0":"post-55361","1":"product","2":"type-product","3":"status-publish","4":"has-post-thumbnail","6":"product_cat-ohlins","8":"first","9":"instock","10":"sale","11":"shipping-taxable","12":"purchasable","13":"product-type-simple"},"yoast_head":"<!-- This site is optimized with the Yoast SEO plugin v27.5 - https:\/\/yoast.com\/product\/yoast-seo-wordpress\/ -->\n<title>TRIUMPH DAYTONA 675 \u00d6HLINS TTX GP SHOCK ABSORBER 2013-2018 - Rapido Motosport<\/title>\n<meta name=\"robots\" content=\"index, follow, max-snippet:-1, max-image-preview:large, max-video-preview:-1\" \/>\n<link rel=\"canonical\" href=\"https:\/\/rapidomotosport.hr\/it\/proizvod\/triumph-daytona-675-ohlins-ttx-gp-shock-absorber-2013-2018\/\" \/>\n<meta property=\"og:locale\" content=\"it_IT\" \/>\n<meta property=\"og:type\" content=\"article\" \/>\n<meta property=\"og:title\" content=\"TRIUMPH DAYTONA 675 \u00d6HLINS TTX GP SHOCK ABSORBER 2013-2018 - Rapido Motosport\" \/>\n<meta property=\"og:description\" content=\"Na temelju performansi va\u0161eg motocikla, njegove cijene i raspolo\u017eivog prostora za ugradnju, dizajnirali smo amortizer za koji smatramo da mu najbolje odgovara, kako u pogledu cijene tako i performansi. Prvo odabiremo tip koji zatim posebno prilago\u0111avamo va\u0161em konkretnom motociklu. Osnovna postavka, dizajn shim paketa i kalibracija pode\u0161iva\u010da testirani su na cesti i na stazi. To su rezultati stvarnih testiranja s va\u0161im motociklom, bez naga\u0111anja!  \u00d6hlins proizvodi vi\u0161e od 300 razli\u010ditih modela amortizera, a svaki model je izra\u0111en po mjeri za jedan konkretan motocikl. Koncept svih \u00d6hlins proizvoda nije tajna \u2013 to je preciznost. Preciznost omogu\u0107uje vrhunsku kontrolu sile prigu\u0161enja i klju\u010d je na\u0161eg uspjeha.  TEHNI\u010cKI PODACI  Duljina: 295,5 +5,5\/-0,5 mm Hod: 60 mm Tvrdo\u0107a opruge N\/mm: 100 N\/mm Pozicija: stra\u017enja Ugra\u0111ena opruga: 21040-34 Pakiranje: komadi\" \/>\n<meta property=\"og:url\" content=\"https:\/\/rapidomotosport.hr\/it\/proizvod\/triumph-daytona-675-ohlins-ttx-gp-shock-absorber-2013-2018\/\" \/>\n<meta property=\"og:site_name\" content=\"Rapido Motosport\" \/>\n<meta property=\"article:modified_time\" content=\"2026-05-09T13:37:18+00:00\" \/>\n<meta property=\"og:image\" content=\"https:\/\/rapidomotosport.hr\/wp-content\/uploads\/2026\/04\/arbo-65.png\" \/>\n\t<meta property=\"og:image:width\" content=\"2048\" \/>\n\t<meta property=\"og:image:height\" content=\"1536\" \/>\n\t<meta property=\"og:image:type\" content=\"image\/png\" \/>\n<meta name=\"twitter:card\" content=\"summary_large_image\" \/>\n<meta name=\"twitter:label1\" content=\"Tempo di lettura stimato\" \/>\n\t<meta name=\"twitter:data1\" content=\"1 minuto\" \/>\n<script type=\"application\/ld+json\" class=\"yoast-schema-graph\">{\"@context\":\"https:\\\/\\\/schema.org\",\"@graph\":[{\"@type\":\"WebPage\",\"@id\":\"https:\\\/\\\/rapidomotosport.hr\\\/it\\\/proizvod\\\/triumph-daytona-675-ohlins-ttx-gp-shock-absorber-2013-2018\\\/\",\"url\":\"https:\\\/\\\/rapidomotosport.hr\\\/it\\\/proizvod\\\/triumph-daytona-675-ohlins-ttx-gp-shock-absorber-2013-2018\\\/\",\"name\":\"TRIUMPH DAYTONA 675 \u00d6HLINS TTX GP SHOCK ABSORBER 2013-2018 - Rapido Motosport\",\"isPartOf\":{\"@id\":\"https:\\\/\\\/rapidomotosport.hr\\\/it\\\/#website\"},\"primaryImageOfPage\":{\"@id\":\"https:\\\/\\\/rapidomotosport.hr\\\/it\\\/proizvod\\\/triumph-daytona-675-ohlins-ttx-gp-shock-absorber-2013-2018\\\/#primaryimage\"},\"image\":{\"@id\":\"https:\\\/\\\/rapidomotosport.hr\\\/it\\\/proizvod\\\/triumph-daytona-675-ohlins-ttx-gp-shock-absorber-2013-2018\\\/#primaryimage\"},\"thumbnailUrl\":\"https:\\\/\\\/rapidomotosport.hr\\\/wp-content\\\/uploads\\\/2026\\\/04\\\/arbo-65.png\",\"datePublished\":\"2026-05-09T13:37:05+00:00\",\"dateModified\":\"2026-05-09T13:37:18+00:00\",\"breadcrumb\":{\"@id\":\"https:\\\/\\\/rapidomotosport.hr\\\/it\\\/proizvod\\\/triumph-daytona-675-ohlins-ttx-gp-shock-absorber-2013-2018\\\/#breadcrumb\"},\"inLanguage\":\"it-IT\",\"potentialAction\":[{\"@type\":\"ReadAction\",\"target\":[\"https:\\\/\\\/rapidomotosport.hr\\\/it\\\/proizvod\\\/triumph-daytona-675-ohlins-ttx-gp-shock-absorber-2013-2018\\\/\"]}]},{\"@type\":\"ImageObject\",\"inLanguage\":\"it-IT\",\"@id\":\"https:\\\/\\\/rapidomotosport.hr\\\/it\\\/proizvod\\\/triumph-daytona-675-ohlins-ttx-gp-shock-absorber-2013-2018\\\/#primaryimage\",\"url\":\"https:\\\/\\\/rapidomotosport.hr\\\/wp-content\\\/uploads\\\/2026\\\/04\\\/arbo-65.png\",\"contentUrl\":\"https:\\\/\\\/rapidomotosport.hr\\\/wp-content\\\/uploads\\\/2026\\\/04\\\/arbo-65.png\",\"width\":2048,\"height\":1536},{\"@type\":\"BreadcrumbList\",\"@id\":\"https:\\\/\\\/rapidomotosport.hr\\\/it\\\/proizvod\\\/triumph-daytona-675-ohlins-ttx-gp-shock-absorber-2013-2018\\\/#breadcrumb\",\"itemListElement\":[{\"@type\":\"ListItem\",\"position\":1,\"name\":\"Po\u010detna stranica\",\"item\":\"https:\\\/\\\/rapidomotosport.hr\\\/it\\\/\"},{\"@type\":\"ListItem\",\"position\":2,\"name\":\"Negozio\",\"item\":\"https:\\\/\\\/rapidomotosport.hr\\\/it\\\/negozio\\\/\"},{\"@type\":\"ListItem\",\"position\":3,\"name\":\"TRIUMPH DAYTONA 675 \u00d6HLINS TTX GP SHOCK ABSORBER 2013-2018\"}]},{\"@type\":\"WebSite\",\"@id\":\"https:\\\/\\\/rapidomotosport.hr\\\/it\\\/#website\",\"url\":\"https:\\\/\\\/rapidomotosport.hr\\\/it\\\/\",\"name\":\"Rapido Motosport\",\"description\":\"\",\"potentialAction\":[{\"@type\":\"SearchAction\",\"target\":{\"@type\":\"EntryPoint\",\"urlTemplate\":\"https:\\\/\\\/rapidomotosport.hr\\\/it\\\/?s={search_term_string}\"},\"query-input\":{\"@type\":\"PropertyValueSpecification\",\"valueRequired\":true,\"valueName\":\"search_term_string\"}}],\"inLanguage\":\"it-IT\"}]}<\/script>\n<!-- \/ Yoast SEO plugin. -->","yoast_head_json":{"title":"TRIUMPH DAYTONA 675 \u00d6HLINS TTX GP SHOCK ABSORBER 2013-2018 - Rapido Motosport","robots":{"index":"index","follow":"follow","max-snippet":"max-snippet:-1","max-image-preview":"max-image-preview:large","max-video-preview":"max-video-preview:-1"},"canonical":"https:\/\/rapidomotosport.hr\/it\/proizvod\/triumph-daytona-675-ohlins-ttx-gp-shock-absorber-2013-2018\/","og_locale":"it_IT","og_type":"article","og_title":"TRIUMPH DAYTONA 675 \u00d6HLINS TTX GP SHOCK ABSORBER 2013-2018 - Rapido Motosport","og_description":"Na temelju performansi va\u0161eg motocikla, njegove cijene i raspolo\u017eivog prostora za ugradnju, dizajnirali smo amortizer za koji smatramo da mu najbolje odgovara, kako u pogledu cijene tako i performansi. Prvo odabiremo tip koji zatim posebno prilago\u0111avamo va\u0161em konkretnom motociklu. Osnovna postavka, dizajn shim paketa i kalibracija pode\u0161iva\u010da testirani su na cesti i na stazi. To su rezultati stvarnih testiranja s va\u0161im motociklom, bez naga\u0111anja!  \u00d6hlins proizvodi vi\u0161e od 300 razli\u010ditih modela amortizera, a svaki model je izra\u0111en po mjeri za jedan konkretan motocikl. Koncept svih \u00d6hlins proizvoda nije tajna \u2013 to je preciznost. Preciznost omogu\u0107uje vrhunsku kontrolu sile prigu\u0161enja i klju\u010d je na\u0161eg uspjeha.  TEHNI\u010cKI PODACI  Duljina: 295,5 +5,5\/-0,5 mm Hod: 60 mm Tvrdo\u0107a opruge N\/mm: 100 N\/mm Pozicija: stra\u017enja Ugra\u0111ena opruga: 21040-34 Pakiranje: komadi","og_url":"https:\/\/rapidomotosport.hr\/it\/proizvod\/triumph-daytona-675-ohlins-ttx-gp-shock-absorber-2013-2018\/","og_site_name":"Rapido Motosport","article_modified_time":"2026-05-09T13:37:18+00:00","og_image":[{"width":2048,"height":1536,"url":"https:\/\/rapidomotosport.hr\/wp-content\/uploads\/2026\/04\/arbo-65.png","type":"image\/png"}],"twitter_card":"summary_large_image","twitter_misc":{"Tempo di lettura stimato":"1 minuto"},"schema":{"@context":"https:\/\/schema.org","@graph":[{"@type":"WebPage","@id":"https:\/\/rapidomotosport.hr\/it\/proizvod\/triumph-daytona-675-ohlins-ttx-gp-shock-absorber-2013-2018\/","url":"https:\/\/rapidomotosport.hr\/it\/proizvod\/triumph-daytona-675-ohlins-ttx-gp-shock-absorber-2013-2018\/","name":"TRIUMPH DAYTONA 675 \u00d6HLINS TTX GP SHOCK ABSORBER 2013-2018 - Rapido Motosport","isPartOf":{"@id":"https:\/\/rapidomotosport.hr\/it\/#website"},"primaryImageOfPage":{"@id":"https:\/\/rapidomotosport.hr\/it\/proizvod\/triumph-daytona-675-ohlins-ttx-gp-shock-absorber-2013-2018\/#primaryimage"},"image":{"@id":"https:\/\/rapidomotosport.hr\/it\/proizvod\/triumph-daytona-675-ohlins-ttx-gp-shock-absorber-2013-2018\/#primaryimage"},"thumbnailUrl":"https:\/\/rapidomotosport.hr\/wp-content\/uploads\/2026\/04\/arbo-65.png","datePublished":"2026-05-09T13:37:05+00:00","dateModified":"2026-05-09T13:37:18+00:00","breadcrumb":{"@id":"https:\/\/rapidomotosport.hr\/it\/proizvod\/triumph-daytona-675-ohlins-ttx-gp-shock-absorber-2013-2018\/#breadcrumb"},"inLanguage":"it-IT","potentialAction":[{"@type":"ReadAction","target":["https:\/\/rapidomotosport.hr\/it\/proizvod\/triumph-daytona-675-ohlins-ttx-gp-shock-absorber-2013-2018\/"]}]},{"@type":"ImageObject","inLanguage":"it-IT","@id":"https:\/\/rapidomotosport.hr\/it\/proizvod\/triumph-daytona-675-ohlins-ttx-gp-shock-absorber-2013-2018\/#primaryimage","url":"https:\/\/rapidomotosport.hr\/wp-content\/uploads\/2026\/04\/arbo-65.png","contentUrl":"https:\/\/rapidomotosport.hr\/wp-content\/uploads\/2026\/04\/arbo-65.png","width":2048,"height":1536},{"@type":"BreadcrumbList","@id":"https:\/\/rapidomotosport.hr\/it\/proizvod\/triumph-daytona-675-ohlins-ttx-gp-shock-absorber-2013-2018\/#breadcrumb","itemListElement":[{"@type":"ListItem","position":1,"name":"Po\u010detna stranica","item":"https:\/\/rapidomotosport.hr\/it\/"},{"@type":"ListItem","position":2,"name":"Negozio","item":"https:\/\/rapidomotosport.hr\/it\/negozio\/"},{"@type":"ListItem","position":3,"name":"TRIUMPH DAYTONA 675 \u00d6HLINS TTX GP SHOCK ABSORBER 2013-2018"}]},{"@type":"WebSite","@id":"https:\/\/rapidomotosport.hr\/it\/#website","url":"https:\/\/rapidomotosport.hr\/it\/","name":"Rapido Motosport","description":"","potentialAction":[{"@type":"SearchAction","target":{"@type":"EntryPoint","urlTemplate":"https:\/\/rapidomotosport.hr\/it\/?s={search_term_string}"},"query-input":{"@type":"PropertyValueSpecification","valueRequired":true,"valueName":"search_term_string"}}],"inLanguage":"it-IT"}]}},"_links":{"self":[{"href":"https:\/\/rapidomotosport.hr\/it\/wp-json\/wp\/v2\/product\/55361","targetHints":{"allow":["GET"]}}],"collection":[{"href":"https:\/\/rapidomotosport.hr\/it\/wp-json\/wp\/v2\/product"}],"about":[{"href":"https:\/\/rapidomotosport.hr\/it\/wp-json\/wp\/v2\/types\/product"}],"wp:featuredmedia":[{"embeddable":true,"href":"https:\/\/rapidomotosport.hr\/it\/wp-json\/wp\/v2\/media\/54773"}],"wp:attachment":[{"href":"https:\/\/rapidomotosport.hr\/it\/wp-json\/wp\/v2\/media?parent=55361"}],"wp:term":[{"taxonomy":"product_brand","embeddable":true,"href":"https:\/\/rapidomotosport.hr\/it\/wp-json\/wp\/v2\/product_brand?post=55361"},{"taxonomy":"product_cat","embeddable":true,"href":"https:\/\/rapidomotosport.hr\/it\/wp-json\/wp\/v2\/product_cat?post=55361"},{"taxonomy":"product_tag","embeddable":true,"href":"https:\/\/rapidomotosport.hr\/it\/wp-json\/wp\/v2\/product_tag?post=55361"}],"curies":[{"name":"wp","href":"https:\/\/api.w.org\/{rel}","templated":true}]}}