{"id":55367,"date":"2026-05-09T17:25:33","date_gmt":"2026-05-09T15:25:33","guid":{"rendered":"https:\/\/rapidomotosport.hr\/?post_type=product&#038;p=55367"},"modified":"2026-05-09T17:25:45","modified_gmt":"2026-05-09T15:25:45","slug":"triumph-speed-twin-ohlins-stx-36-twin-shock-absorber-2019-2023","status":"publish","type":"product","link":"https:\/\/rapidomotosport.hr\/it\/proizvod\/triumph-speed-twin-ohlins-stx-36-twin-shock-absorber-2019-2023\/","title":{"rendered":"TRIUMPH SPEED TWIN \u00d6HLINS STX 36 TWIN SHOCK ABSORBER 2019-2023"},"content":{"rendered":"","protected":false},"excerpt":{"rendered":"<p>\u00d6hlins STX36 Street Performance postavlja standard u performansama, udobnosti i izdr\u017eljivosti. Razvijeni za \u0161irok raspon modela cestovnih motocikala, ovi amortizeri osiguravaju dosljedne i pouzdane karakteristike prigu\u0161enja na cesti. Nudimo i mono i twin amortizere, ovisno o primjeni.<\/p>\n<p>Temeljeni na na\u0161em STX monotube dizajnu, STX 36 Street Performance amortizeri za Triumph Speed Twin 1200 opremljeni su sustavom prigu\u0161enja s plinskim tlakom i vanjskim piggyback spremnicima, \u0161to osigurava dosljedne i pouzdane performanse prigu\u0161enja \u2013 \u010dak i u ekstremnim uvjetima.<\/p>\n<p>Podesivo prigu\u0161enje kompresije i povrata omogu\u0107uje fino pode\u0161avanje amortizera prema va\u0161em stilu vo\u017enje. Prednaprezanje opruge tako\u0111er se mo\u017ee prilagoditi promjenama te\u017eine voza\u010da i prtljage, \u010dime se odr\u017eava pravilna geometrija upravljanja pri svakoj vo\u017enji.<\/p>\n<p>Ovi amortizeri su tako\u0111er podesivi po duljini, \u0161to omogu\u0107uje jednostavno pode\u0161avanje visine motocikla i dodatno prilago\u0111avanje postavki ovjesa.<\/p>\n<p>TEHNI\u010cKI PODACI<\/p>\n<p>Duljina: 384 +8\/-2 mm<br \/>\nHod: 102 mm<br \/>\nTvrdo\u0107a opruge N\/mm: progresivna 16\u201326 N\/mm<br \/>\nPozicija: stra\u017enja<br \/>\nUgra\u0111ena opruga: 60480-02<br \/>\nSerija opruge: 60480-<br \/>\nPakiranje: par<\/p>\n","protected":false},"featured_media":55368,"template":"","meta":[],"product_brand":[],"product_cat":[1254],"product_tag":[],"class_list":{"0":"post-55367","1":"product","2":"type-product","3":"status-publish","4":"has-post-thumbnail","6":"product_cat-ohlins","8":"first","9":"instock","10":"sale","11":"shipping-taxable","12":"purchasable","13":"product-type-simple"},"yoast_head":"<!-- This site is optimized with the Yoast SEO plugin v27.5 - https:\/\/yoast.com\/product\/yoast-seo-wordpress\/ -->\n<title>TRIUMPH SPEED TWIN \u00d6HLINS STX 36 TWIN SHOCK ABSORBER 2019-2023 - Rapido Motosport<\/title>\n<meta name=\"robots\" content=\"index, follow, max-snippet:-1, max-image-preview:large, max-video-preview:-1\" \/>\n<link rel=\"canonical\" href=\"https:\/\/rapidomotosport.hr\/it\/proizvod\/triumph-speed-twin-ohlins-stx-36-twin-shock-absorber-2019-2023\/\" \/>\n<meta property=\"og:locale\" content=\"it_IT\" \/>\n<meta property=\"og:type\" content=\"article\" \/>\n<meta property=\"og:title\" content=\"TRIUMPH SPEED TWIN \u00d6HLINS STX 36 TWIN SHOCK ABSORBER 2019-2023 - Rapido Motosport\" \/>\n<meta property=\"og:description\" content=\"\u00d6hlins STX36 Street Performance postavlja standard u performansama, udobnosti i izdr\u017eljivosti. Razvijeni za \u0161irok raspon modela cestovnih motocikala, ovi amortizeri osiguravaju dosljedne i pouzdane karakteristike prigu\u0161enja na cesti. Nudimo i mono i twin amortizere, ovisno o primjeni.  Temeljeni na na\u0161em STX monotube dizajnu, STX 36 Street Performance amortizeri za Triumph Speed Twin 1200 opremljeni su sustavom prigu\u0161enja s plinskim tlakom i vanjskim piggyback spremnicima, \u0161to osigurava dosljedne i pouzdane performanse prigu\u0161enja \u2013 \u010dak i u ekstremnim uvjetima.  Podesivo prigu\u0161enje kompresije i povrata omogu\u0107uje fino pode\u0161avanje amortizera prema va\u0161em stilu vo\u017enje. Prednaprezanje opruge tako\u0111er se mo\u017ee prilagoditi promjenama te\u017eine voza\u010da i prtljage, \u010dime se odr\u017eava pravilna geometrija upravljanja pri svakoj vo\u017enji.  Ovi amortizeri su tako\u0111er podesivi po duljini, \u0161to omogu\u0107uje jednostavno pode\u0161avanje visine motocikla i dodatno prilago\u0111avanje postavki ovjesa.  TEHNI\u010cKI PODACI  Duljina: 384 +8\/-2 mm Hod: 102 mm Tvrdo\u0107a opruge N\/mm: progresivna 16\u201326 N\/mm Pozicija: stra\u017enja Ugra\u0111ena opruga: 60480-02 Serija opruge: 60480- Pakiranje: par\" \/>\n<meta property=\"og:url\" content=\"https:\/\/rapidomotosport.hr\/it\/proizvod\/triumph-speed-twin-ohlins-stx-36-twin-shock-absorber-2019-2023\/\" \/>\n<meta property=\"og:site_name\" content=\"Rapido Motosport\" \/>\n<meta property=\"article:modified_time\" content=\"2026-05-09T15:25:45+00:00\" \/>\n<meta property=\"og:image\" content=\"https:\/\/rapidomotosport.hr\/wp-content\/uploads\/2026\/05\/arbo-2-16.png\" \/>\n\t<meta property=\"og:image:width\" content=\"2048\" \/>\n\t<meta property=\"og:image:height\" content=\"1536\" \/>\n\t<meta property=\"og:image:type\" content=\"image\/png\" \/>\n<meta name=\"twitter:card\" content=\"summary_large_image\" \/>\n<meta name=\"twitter:label1\" content=\"Tempo di lettura stimato\" \/>\n\t<meta name=\"twitter:data1\" content=\"1 minuto\" \/>\n<script type=\"application\/ld+json\" class=\"yoast-schema-graph\">{\"@context\":\"https:\\\/\\\/schema.org\",\"@graph\":[{\"@type\":\"WebPage\",\"@id\":\"https:\\\/\\\/rapidomotosport.hr\\\/it\\\/proizvod\\\/triumph-speed-twin-ohlins-stx-36-twin-shock-absorber-2019-2023\\\/\",\"url\":\"https:\\\/\\\/rapidomotosport.hr\\\/it\\\/proizvod\\\/triumph-speed-twin-ohlins-stx-36-twin-shock-absorber-2019-2023\\\/\",\"name\":\"TRIUMPH SPEED TWIN \u00d6HLINS STX 36 TWIN SHOCK ABSORBER 2019-2023 - Rapido Motosport\",\"isPartOf\":{\"@id\":\"https:\\\/\\\/rapidomotosport.hr\\\/it\\\/#website\"},\"primaryImageOfPage\":{\"@id\":\"https:\\\/\\\/rapidomotosport.hr\\\/it\\\/proizvod\\\/triumph-speed-twin-ohlins-stx-36-twin-shock-absorber-2019-2023\\\/#primaryimage\"},\"image\":{\"@id\":\"https:\\\/\\\/rapidomotosport.hr\\\/it\\\/proizvod\\\/triumph-speed-twin-ohlins-stx-36-twin-shock-absorber-2019-2023\\\/#primaryimage\"},\"thumbnailUrl\":\"https:\\\/\\\/rapidomotosport.hr\\\/wp-content\\\/uploads\\\/2026\\\/05\\\/arbo-2-16.png\",\"datePublished\":\"2026-05-09T15:25:33+00:00\",\"dateModified\":\"2026-05-09T15:25:45+00:00\",\"breadcrumb\":{\"@id\":\"https:\\\/\\\/rapidomotosport.hr\\\/it\\\/proizvod\\\/triumph-speed-twin-ohlins-stx-36-twin-shock-absorber-2019-2023\\\/#breadcrumb\"},\"inLanguage\":\"it-IT\",\"potentialAction\":[{\"@type\":\"ReadAction\",\"target\":[\"https:\\\/\\\/rapidomotosport.hr\\\/it\\\/proizvod\\\/triumph-speed-twin-ohlins-stx-36-twin-shock-absorber-2019-2023\\\/\"]}]},{\"@type\":\"ImageObject\",\"inLanguage\":\"it-IT\",\"@id\":\"https:\\\/\\\/rapidomotosport.hr\\\/it\\\/proizvod\\\/triumph-speed-twin-ohlins-stx-36-twin-shock-absorber-2019-2023\\\/#primaryimage\",\"url\":\"https:\\\/\\\/rapidomotosport.hr\\\/wp-content\\\/uploads\\\/2026\\\/05\\\/arbo-2-16.png\",\"contentUrl\":\"https:\\\/\\\/rapidomotosport.hr\\\/wp-content\\\/uploads\\\/2026\\\/05\\\/arbo-2-16.png\",\"width\":2048,\"height\":1536},{\"@type\":\"BreadcrumbList\",\"@id\":\"https:\\\/\\\/rapidomotosport.hr\\\/it\\\/proizvod\\\/triumph-speed-twin-ohlins-stx-36-twin-shock-absorber-2019-2023\\\/#breadcrumb\",\"itemListElement\":[{\"@type\":\"ListItem\",\"position\":1,\"name\":\"Po\u010detna stranica\",\"item\":\"https:\\\/\\\/rapidomotosport.hr\\\/it\\\/\"},{\"@type\":\"ListItem\",\"position\":2,\"name\":\"Negozio\",\"item\":\"https:\\\/\\\/rapidomotosport.hr\\\/it\\\/negozio\\\/\"},{\"@type\":\"ListItem\",\"position\":3,\"name\":\"TRIUMPH SPEED TWIN \u00d6HLINS STX 36 TWIN SHOCK ABSORBER 2019-2023\"}]},{\"@type\":\"WebSite\",\"@id\":\"https:\\\/\\\/rapidomotosport.hr\\\/it\\\/#website\",\"url\":\"https:\\\/\\\/rapidomotosport.hr\\\/it\\\/\",\"name\":\"Rapido Motosport\",\"description\":\"\",\"potentialAction\":[{\"@type\":\"SearchAction\",\"target\":{\"@type\":\"EntryPoint\",\"urlTemplate\":\"https:\\\/\\\/rapidomotosport.hr\\\/it\\\/?s={search_term_string}\"},\"query-input\":{\"@type\":\"PropertyValueSpecification\",\"valueRequired\":true,\"valueName\":\"search_term_string\"}}],\"inLanguage\":\"it-IT\"}]}<\/script>\n<!-- \/ Yoast SEO plugin. -->","yoast_head_json":{"title":"TRIUMPH SPEED TWIN \u00d6HLINS STX 36 TWIN SHOCK ABSORBER 2019-2023 - Rapido Motosport","robots":{"index":"index","follow":"follow","max-snippet":"max-snippet:-1","max-image-preview":"max-image-preview:large","max-video-preview":"max-video-preview:-1"},"canonical":"https:\/\/rapidomotosport.hr\/it\/proizvod\/triumph-speed-twin-ohlins-stx-36-twin-shock-absorber-2019-2023\/","og_locale":"it_IT","og_type":"article","og_title":"TRIUMPH SPEED TWIN \u00d6HLINS STX 36 TWIN SHOCK ABSORBER 2019-2023 - Rapido Motosport","og_description":"\u00d6hlins STX36 Street Performance postavlja standard u performansama, udobnosti i izdr\u017eljivosti. Razvijeni za \u0161irok raspon modela cestovnih motocikala, ovi amortizeri osiguravaju dosljedne i pouzdane karakteristike prigu\u0161enja na cesti. Nudimo i mono i twin amortizere, ovisno o primjeni.  Temeljeni na na\u0161em STX monotube dizajnu, STX 36 Street Performance amortizeri za Triumph Speed Twin 1200 opremljeni su sustavom prigu\u0161enja s plinskim tlakom i vanjskim piggyback spremnicima, \u0161to osigurava dosljedne i pouzdane performanse prigu\u0161enja \u2013 \u010dak i u ekstremnim uvjetima.  Podesivo prigu\u0161enje kompresije i povrata omogu\u0107uje fino pode\u0161avanje amortizera prema va\u0161em stilu vo\u017enje. Prednaprezanje opruge tako\u0111er se mo\u017ee prilagoditi promjenama te\u017eine voza\u010da i prtljage, \u010dime se odr\u017eava pravilna geometrija upravljanja pri svakoj vo\u017enji.  Ovi amortizeri su tako\u0111er podesivi po duljini, \u0161to omogu\u0107uje jednostavno pode\u0161avanje visine motocikla i dodatno prilago\u0111avanje postavki ovjesa.  TEHNI\u010cKI PODACI  Duljina: 384 +8\/-2 mm Hod: 102 mm Tvrdo\u0107a opruge N\/mm: progresivna 16\u201326 N\/mm Pozicija: stra\u017enja Ugra\u0111ena opruga: 60480-02 Serija opruge: 60480- Pakiranje: par","og_url":"https:\/\/rapidomotosport.hr\/it\/proizvod\/triumph-speed-twin-ohlins-stx-36-twin-shock-absorber-2019-2023\/","og_site_name":"Rapido Motosport","article_modified_time":"2026-05-09T15:25:45+00:00","og_image":[{"width":2048,"height":1536,"url":"https:\/\/rapidomotosport.hr\/wp-content\/uploads\/2026\/05\/arbo-2-16.png","type":"image\/png"}],"twitter_card":"summary_large_image","twitter_misc":{"Tempo di lettura stimato":"1 minuto"},"schema":{"@context":"https:\/\/schema.org","@graph":[{"@type":"WebPage","@id":"https:\/\/rapidomotosport.hr\/it\/proizvod\/triumph-speed-twin-ohlins-stx-36-twin-shock-absorber-2019-2023\/","url":"https:\/\/rapidomotosport.hr\/it\/proizvod\/triumph-speed-twin-ohlins-stx-36-twin-shock-absorber-2019-2023\/","name":"TRIUMPH SPEED TWIN \u00d6HLINS STX 36 TWIN SHOCK ABSORBER 2019-2023 - Rapido Motosport","isPartOf":{"@id":"https:\/\/rapidomotosport.hr\/it\/#website"},"primaryImageOfPage":{"@id":"https:\/\/rapidomotosport.hr\/it\/proizvod\/triumph-speed-twin-ohlins-stx-36-twin-shock-absorber-2019-2023\/#primaryimage"},"image":{"@id":"https:\/\/rapidomotosport.hr\/it\/proizvod\/triumph-speed-twin-ohlins-stx-36-twin-shock-absorber-2019-2023\/#primaryimage"},"thumbnailUrl":"https:\/\/rapidomotosport.hr\/wp-content\/uploads\/2026\/05\/arbo-2-16.png","datePublished":"2026-05-09T15:25:33+00:00","dateModified":"2026-05-09T15:25:45+00:00","breadcrumb":{"@id":"https:\/\/rapidomotosport.hr\/it\/proizvod\/triumph-speed-twin-ohlins-stx-36-twin-shock-absorber-2019-2023\/#breadcrumb"},"inLanguage":"it-IT","potentialAction":[{"@type":"ReadAction","target":["https:\/\/rapidomotosport.hr\/it\/proizvod\/triumph-speed-twin-ohlins-stx-36-twin-shock-absorber-2019-2023\/"]}]},{"@type":"ImageObject","inLanguage":"it-IT","@id":"https:\/\/rapidomotosport.hr\/it\/proizvod\/triumph-speed-twin-ohlins-stx-36-twin-shock-absorber-2019-2023\/#primaryimage","url":"https:\/\/rapidomotosport.hr\/wp-content\/uploads\/2026\/05\/arbo-2-16.png","contentUrl":"https:\/\/rapidomotosport.hr\/wp-content\/uploads\/2026\/05\/arbo-2-16.png","width":2048,"height":1536},{"@type":"BreadcrumbList","@id":"https:\/\/rapidomotosport.hr\/it\/proizvod\/triumph-speed-twin-ohlins-stx-36-twin-shock-absorber-2019-2023\/#breadcrumb","itemListElement":[{"@type":"ListItem","position":1,"name":"Po\u010detna stranica","item":"https:\/\/rapidomotosport.hr\/it\/"},{"@type":"ListItem","position":2,"name":"Negozio","item":"https:\/\/rapidomotosport.hr\/it\/negozio\/"},{"@type":"ListItem","position":3,"name":"TRIUMPH SPEED TWIN \u00d6HLINS STX 36 TWIN SHOCK ABSORBER 2019-2023"}]},{"@type":"WebSite","@id":"https:\/\/rapidomotosport.hr\/it\/#website","url":"https:\/\/rapidomotosport.hr\/it\/","name":"Rapido Motosport","description":"","potentialAction":[{"@type":"SearchAction","target":{"@type":"EntryPoint","urlTemplate":"https:\/\/rapidomotosport.hr\/it\/?s={search_term_string}"},"query-input":{"@type":"PropertyValueSpecification","valueRequired":true,"valueName":"search_term_string"}}],"inLanguage":"it-IT"}]}},"_links":{"self":[{"href":"https:\/\/rapidomotosport.hr\/it\/wp-json\/wp\/v2\/product\/55367","targetHints":{"allow":["GET"]}}],"collection":[{"href":"https:\/\/rapidomotosport.hr\/it\/wp-json\/wp\/v2\/product"}],"about":[{"href":"https:\/\/rapidomotosport.hr\/it\/wp-json\/wp\/v2\/types\/product"}],"wp:featuredmedia":[{"embeddable":true,"href":"https:\/\/rapidomotosport.hr\/it\/wp-json\/wp\/v2\/media\/55368"}],"wp:attachment":[{"href":"https:\/\/rapidomotosport.hr\/it\/wp-json\/wp\/v2\/media?parent=55367"}],"wp:term":[{"taxonomy":"product_brand","embeddable":true,"href":"https:\/\/rapidomotosport.hr\/it\/wp-json\/wp\/v2\/product_brand?post=55367"},{"taxonomy":"product_cat","embeddable":true,"href":"https:\/\/rapidomotosport.hr\/it\/wp-json\/wp\/v2\/product_cat?post=55367"},{"taxonomy":"product_tag","embeddable":true,"href":"https:\/\/rapidomotosport.hr\/it\/wp-json\/wp\/v2\/product_tag?post=55367"}],"curies":[{"name":"wp","href":"https:\/\/api.w.org\/{rel}","templated":true}]}}