{"id":55383,"date":"2026-05-09T18:07:57","date_gmt":"2026-05-09T16:07:57","guid":{"rendered":"https:\/\/rapidomotosport.hr\/?post_type=product&#038;p=55383"},"modified":"2026-05-09T18:10:36","modified_gmt":"2026-05-09T16:10:36","slug":"triumph-thruxton-1200-ohlins-nix-22-cartridge-kit-2016-2019","status":"publish","type":"product","link":"https:\/\/rapidomotosport.hr\/it\/proizvod\/triumph-thruxton-1200-ohlins-nix-22-cartridge-kit-2016-2019\/","title":{"rendered":"TRIUMPH THRUXTON 1200 \u00d6HLINS NIX 22 CARTRIDGE KIT 2016-2019"},"content":{"rendered":"","protected":false},"excerpt":{"rendered":"<p>\u00d6hlins NIX 22 cartridge kitovi temelje se na na\u0161em iskustvu ste\u010denom kroz desetlje\u0107a testiranja i utrkivanja u najvi\u0161im razinama prvenstava. Na\u0161i cartridge kitovi pru\u017eaju visoke performanse uz stabilne karakteristike prigu\u0161enja, istovremeno osiguravaju\u0107i izvrsnu udobnost i doprinose\u0107i povjerenju voza\u010da. S NIX22 cartridge kitovima to je dostupno i za motocikle s konvencionalnim prednjim vilicama.<\/p>\n<p>Svaki \u00d6hlins NIX 22 cartridge kit opse\u017eno je testiran i posebno prilago\u0111en individualnim zahtjevima i karakteristikama svakog pojedinog motocikla. U kombinaciji s provjerenim \u201eNIX\u201d dizajnom, koji ima kompresijsko prigu\u0161enje u lijevoj nozi vilice i povratno prigu\u0161enje u desnoj nozi vilice, omogu\u0107uje precizniji rad i ve\u0107u stabilnost. Sva pode\u0161avanja, uklju\u010duju\u0107i prednaprezanje opruge, izvode se na gornjem \u010depu vilice.<\/p>\n<p>TEHNI\u010cKI PODACI<\/p>\n<p>Pozicija: prednja<br \/>\nSerija opruge: 08429-xx<br \/>\nPreporu\u010deno ulje: 01309<br \/>\nRazina ulja mm: 120 mm<br \/>\nPakiranje: par<\/p>\n","protected":false},"featured_media":55121,"template":"","meta":[],"product_brand":[],"product_cat":[1254],"product_tag":[],"class_list":{"0":"post-55383","1":"product","2":"type-product","3":"status-publish","4":"has-post-thumbnail","6":"product_cat-ohlins","8":"first","9":"instock","10":"sale","11":"shipping-taxable","12":"purchasable","13":"product-type-simple"},"yoast_head":"<!-- This site is optimized with the Yoast SEO plugin v27.5 - https:\/\/yoast.com\/product\/yoast-seo-wordpress\/ -->\n<title>TRIUMPH THRUXTON 1200 \u00d6HLINS NIX 22 CARTRIDGE KIT 2016-2019 - Rapido Motosport<\/title>\n<meta name=\"robots\" content=\"index, follow, max-snippet:-1, max-image-preview:large, max-video-preview:-1\" \/>\n<link rel=\"canonical\" href=\"https:\/\/rapidomotosport.hr\/it\/proizvod\/triumph-thruxton-1200-ohlins-nix-22-cartridge-kit-2016-2019\/\" \/>\n<meta property=\"og:locale\" content=\"it_IT\" \/>\n<meta property=\"og:type\" content=\"article\" \/>\n<meta property=\"og:title\" content=\"TRIUMPH THRUXTON 1200 \u00d6HLINS NIX 22 CARTRIDGE KIT 2016-2019 - Rapido Motosport\" \/>\n<meta property=\"og:description\" content=\"\u00d6hlins NIX 22 cartridge kitovi temelje se na na\u0161em iskustvu ste\u010denom kroz desetlje\u0107a testiranja i utrkivanja u najvi\u0161im razinama prvenstava. Na\u0161i cartridge kitovi pru\u017eaju visoke performanse uz stabilne karakteristike prigu\u0161enja, istovremeno osiguravaju\u0107i izvrsnu udobnost i doprinose\u0107i povjerenju voza\u010da. S NIX22 cartridge kitovima to je dostupno i za motocikle s konvencionalnim prednjim vilicama.  Svaki \u00d6hlins NIX 22 cartridge kit opse\u017eno je testiran i posebno prilago\u0111en individualnim zahtjevima i karakteristikama svakog pojedinog motocikla. U kombinaciji s provjerenim \u201eNIX\u201d dizajnom, koji ima kompresijsko prigu\u0161enje u lijevoj nozi vilice i povratno prigu\u0161enje u desnoj nozi vilice, omogu\u0107uje precizniji rad i ve\u0107u stabilnost. Sva pode\u0161avanja, uklju\u010duju\u0107i prednaprezanje opruge, izvode se na gornjem \u010depu vilice.  TEHNI\u010cKI PODACI  Pozicija: prednja Serija opruge: 08429-xx Preporu\u010deno ulje: 01309 Razina ulja mm: 120 mm Pakiranje: par\" \/>\n<meta property=\"og:url\" content=\"https:\/\/rapidomotosport.hr\/it\/proizvod\/triumph-thruxton-1200-ohlins-nix-22-cartridge-kit-2016-2019\/\" \/>\n<meta property=\"og:site_name\" content=\"Rapido Motosport\" \/>\n<meta property=\"article:modified_time\" content=\"2026-05-09T16:10:36+00:00\" \/>\n<meta property=\"og:image\" content=\"https:\/\/rapidomotosport.hr\/wp-content\/uploads\/2026\/04\/arbo-2-1.png\" \/>\n\t<meta property=\"og:image:width\" content=\"2048\" \/>\n\t<meta property=\"og:image:height\" content=\"1536\" \/>\n\t<meta property=\"og:image:type\" content=\"image\/png\" \/>\n<meta name=\"twitter:card\" content=\"summary_large_image\" \/>\n<script type=\"application\/ld+json\" class=\"yoast-schema-graph\">{\"@context\":\"https:\\\/\\\/schema.org\",\"@graph\":[{\"@type\":\"WebPage\",\"@id\":\"https:\\\/\\\/rapidomotosport.hr\\\/it\\\/proizvod\\\/triumph-thruxton-1200-ohlins-nix-22-cartridge-kit-2016-2019\\\/\",\"url\":\"https:\\\/\\\/rapidomotosport.hr\\\/it\\\/proizvod\\\/triumph-thruxton-1200-ohlins-nix-22-cartridge-kit-2016-2019\\\/\",\"name\":\"TRIUMPH THRUXTON 1200 \u00d6HLINS NIX 22 CARTRIDGE KIT 2016-2019 - Rapido Motosport\",\"isPartOf\":{\"@id\":\"https:\\\/\\\/rapidomotosport.hr\\\/it\\\/#website\"},\"primaryImageOfPage\":{\"@id\":\"https:\\\/\\\/rapidomotosport.hr\\\/it\\\/proizvod\\\/triumph-thruxton-1200-ohlins-nix-22-cartridge-kit-2016-2019\\\/#primaryimage\"},\"image\":{\"@id\":\"https:\\\/\\\/rapidomotosport.hr\\\/it\\\/proizvod\\\/triumph-thruxton-1200-ohlins-nix-22-cartridge-kit-2016-2019\\\/#primaryimage\"},\"thumbnailUrl\":\"https:\\\/\\\/rapidomotosport.hr\\\/wp-content\\\/uploads\\\/2026\\\/04\\\/arbo-2-1.png\",\"datePublished\":\"2026-05-09T16:07:57+00:00\",\"dateModified\":\"2026-05-09T16:10:36+00:00\",\"breadcrumb\":{\"@id\":\"https:\\\/\\\/rapidomotosport.hr\\\/it\\\/proizvod\\\/triumph-thruxton-1200-ohlins-nix-22-cartridge-kit-2016-2019\\\/#breadcrumb\"},\"inLanguage\":\"it-IT\",\"potentialAction\":[{\"@type\":\"ReadAction\",\"target\":[\"https:\\\/\\\/rapidomotosport.hr\\\/it\\\/proizvod\\\/triumph-thruxton-1200-ohlins-nix-22-cartridge-kit-2016-2019\\\/\"]}]},{\"@type\":\"ImageObject\",\"inLanguage\":\"it-IT\",\"@id\":\"https:\\\/\\\/rapidomotosport.hr\\\/it\\\/proizvod\\\/triumph-thruxton-1200-ohlins-nix-22-cartridge-kit-2016-2019\\\/#primaryimage\",\"url\":\"https:\\\/\\\/rapidomotosport.hr\\\/wp-content\\\/uploads\\\/2026\\\/04\\\/arbo-2-1.png\",\"contentUrl\":\"https:\\\/\\\/rapidomotosport.hr\\\/wp-content\\\/uploads\\\/2026\\\/04\\\/arbo-2-1.png\",\"width\":2048,\"height\":1536},{\"@type\":\"BreadcrumbList\",\"@id\":\"https:\\\/\\\/rapidomotosport.hr\\\/it\\\/proizvod\\\/triumph-thruxton-1200-ohlins-nix-22-cartridge-kit-2016-2019\\\/#breadcrumb\",\"itemListElement\":[{\"@type\":\"ListItem\",\"position\":1,\"name\":\"Po\u010detna stranica\",\"item\":\"https:\\\/\\\/rapidomotosport.hr\\\/it\\\/\"},{\"@type\":\"ListItem\",\"position\":2,\"name\":\"Negozio\",\"item\":\"https:\\\/\\\/rapidomotosport.hr\\\/it\\\/negozio\\\/\"},{\"@type\":\"ListItem\",\"position\":3,\"name\":\"TRIUMPH THRUXTON 1200 \u00d6HLINS NIX 22 CARTRIDGE KIT 2016-2019\"}]},{\"@type\":\"WebSite\",\"@id\":\"https:\\\/\\\/rapidomotosport.hr\\\/it\\\/#website\",\"url\":\"https:\\\/\\\/rapidomotosport.hr\\\/it\\\/\",\"name\":\"Rapido Motosport\",\"description\":\"\",\"potentialAction\":[{\"@type\":\"SearchAction\",\"target\":{\"@type\":\"EntryPoint\",\"urlTemplate\":\"https:\\\/\\\/rapidomotosport.hr\\\/it\\\/?s={search_term_string}\"},\"query-input\":{\"@type\":\"PropertyValueSpecification\",\"valueRequired\":true,\"valueName\":\"search_term_string\"}}],\"inLanguage\":\"it-IT\"}]}<\/script>\n<!-- \/ Yoast SEO plugin. -->","yoast_head_json":{"title":"TRIUMPH THRUXTON 1200 \u00d6HLINS NIX 22 CARTRIDGE KIT 2016-2019 - Rapido Motosport","robots":{"index":"index","follow":"follow","max-snippet":"max-snippet:-1","max-image-preview":"max-image-preview:large","max-video-preview":"max-video-preview:-1"},"canonical":"https:\/\/rapidomotosport.hr\/it\/proizvod\/triumph-thruxton-1200-ohlins-nix-22-cartridge-kit-2016-2019\/","og_locale":"it_IT","og_type":"article","og_title":"TRIUMPH THRUXTON 1200 \u00d6HLINS NIX 22 CARTRIDGE KIT 2016-2019 - Rapido Motosport","og_description":"\u00d6hlins NIX 22 cartridge kitovi temelje se na na\u0161em iskustvu ste\u010denom kroz desetlje\u0107a testiranja i utrkivanja u najvi\u0161im razinama prvenstava. Na\u0161i cartridge kitovi pru\u017eaju visoke performanse uz stabilne karakteristike prigu\u0161enja, istovremeno osiguravaju\u0107i izvrsnu udobnost i doprinose\u0107i povjerenju voza\u010da. S NIX22 cartridge kitovima to je dostupno i za motocikle s konvencionalnim prednjim vilicama.  Svaki \u00d6hlins NIX 22 cartridge kit opse\u017eno je testiran i posebno prilago\u0111en individualnim zahtjevima i karakteristikama svakog pojedinog motocikla. U kombinaciji s provjerenim \u201eNIX\u201d dizajnom, koji ima kompresijsko prigu\u0161enje u lijevoj nozi vilice i povratno prigu\u0161enje u desnoj nozi vilice, omogu\u0107uje precizniji rad i ve\u0107u stabilnost. Sva pode\u0161avanja, uklju\u010duju\u0107i prednaprezanje opruge, izvode se na gornjem \u010depu vilice.  TEHNI\u010cKI PODACI  Pozicija: prednja Serija opruge: 08429-xx Preporu\u010deno ulje: 01309 Razina ulja mm: 120 mm Pakiranje: par","og_url":"https:\/\/rapidomotosport.hr\/it\/proizvod\/triumph-thruxton-1200-ohlins-nix-22-cartridge-kit-2016-2019\/","og_site_name":"Rapido Motosport","article_modified_time":"2026-05-09T16:10:36+00:00","og_image":[{"width":2048,"height":1536,"url":"https:\/\/rapidomotosport.hr\/wp-content\/uploads\/2026\/04\/arbo-2-1.png","type":"image\/png"}],"twitter_card":"summary_large_image","schema":{"@context":"https:\/\/schema.org","@graph":[{"@type":"WebPage","@id":"https:\/\/rapidomotosport.hr\/it\/proizvod\/triumph-thruxton-1200-ohlins-nix-22-cartridge-kit-2016-2019\/","url":"https:\/\/rapidomotosport.hr\/it\/proizvod\/triumph-thruxton-1200-ohlins-nix-22-cartridge-kit-2016-2019\/","name":"TRIUMPH THRUXTON 1200 \u00d6HLINS NIX 22 CARTRIDGE KIT 2016-2019 - Rapido Motosport","isPartOf":{"@id":"https:\/\/rapidomotosport.hr\/it\/#website"},"primaryImageOfPage":{"@id":"https:\/\/rapidomotosport.hr\/it\/proizvod\/triumph-thruxton-1200-ohlins-nix-22-cartridge-kit-2016-2019\/#primaryimage"},"image":{"@id":"https:\/\/rapidomotosport.hr\/it\/proizvod\/triumph-thruxton-1200-ohlins-nix-22-cartridge-kit-2016-2019\/#primaryimage"},"thumbnailUrl":"https:\/\/rapidomotosport.hr\/wp-content\/uploads\/2026\/04\/arbo-2-1.png","datePublished":"2026-05-09T16:07:57+00:00","dateModified":"2026-05-09T16:10:36+00:00","breadcrumb":{"@id":"https:\/\/rapidomotosport.hr\/it\/proizvod\/triumph-thruxton-1200-ohlins-nix-22-cartridge-kit-2016-2019\/#breadcrumb"},"inLanguage":"it-IT","potentialAction":[{"@type":"ReadAction","target":["https:\/\/rapidomotosport.hr\/it\/proizvod\/triumph-thruxton-1200-ohlins-nix-22-cartridge-kit-2016-2019\/"]}]},{"@type":"ImageObject","inLanguage":"it-IT","@id":"https:\/\/rapidomotosport.hr\/it\/proizvod\/triumph-thruxton-1200-ohlins-nix-22-cartridge-kit-2016-2019\/#primaryimage","url":"https:\/\/rapidomotosport.hr\/wp-content\/uploads\/2026\/04\/arbo-2-1.png","contentUrl":"https:\/\/rapidomotosport.hr\/wp-content\/uploads\/2026\/04\/arbo-2-1.png","width":2048,"height":1536},{"@type":"BreadcrumbList","@id":"https:\/\/rapidomotosport.hr\/it\/proizvod\/triumph-thruxton-1200-ohlins-nix-22-cartridge-kit-2016-2019\/#breadcrumb","itemListElement":[{"@type":"ListItem","position":1,"name":"Po\u010detna stranica","item":"https:\/\/rapidomotosport.hr\/it\/"},{"@type":"ListItem","position":2,"name":"Negozio","item":"https:\/\/rapidomotosport.hr\/it\/negozio\/"},{"@type":"ListItem","position":3,"name":"TRIUMPH THRUXTON 1200 \u00d6HLINS NIX 22 CARTRIDGE KIT 2016-2019"}]},{"@type":"WebSite","@id":"https:\/\/rapidomotosport.hr\/it\/#website","url":"https:\/\/rapidomotosport.hr\/it\/","name":"Rapido Motosport","description":"","potentialAction":[{"@type":"SearchAction","target":{"@type":"EntryPoint","urlTemplate":"https:\/\/rapidomotosport.hr\/it\/?s={search_term_string}"},"query-input":{"@type":"PropertyValueSpecification","valueRequired":true,"valueName":"search_term_string"}}],"inLanguage":"it-IT"}]}},"_links":{"self":[{"href":"https:\/\/rapidomotosport.hr\/it\/wp-json\/wp\/v2\/product\/55383","targetHints":{"allow":["GET"]}}],"collection":[{"href":"https:\/\/rapidomotosport.hr\/it\/wp-json\/wp\/v2\/product"}],"about":[{"href":"https:\/\/rapidomotosport.hr\/it\/wp-json\/wp\/v2\/types\/product"}],"wp:featuredmedia":[{"embeddable":true,"href":"https:\/\/rapidomotosport.hr\/it\/wp-json\/wp\/v2\/media\/55121"}],"wp:attachment":[{"href":"https:\/\/rapidomotosport.hr\/it\/wp-json\/wp\/v2\/media?parent=55383"}],"wp:term":[{"taxonomy":"product_brand","embeddable":true,"href":"https:\/\/rapidomotosport.hr\/it\/wp-json\/wp\/v2\/product_brand?post=55383"},{"taxonomy":"product_cat","embeddable":true,"href":"https:\/\/rapidomotosport.hr\/it\/wp-json\/wp\/v2\/product_cat?post=55383"},{"taxonomy":"product_tag","embeddable":true,"href":"https:\/\/rapidomotosport.hr\/it\/wp-json\/wp\/v2\/product_tag?post=55383"}],"curies":[{"name":"wp","href":"https:\/\/api.w.org\/{rel}","templated":true}]}}